{"id":71090,"date":"2025-07-03T16:25:16","date_gmt":"2025-07-03T14:25:16","guid":{"rendered":"https:\/\/dodo-inflatables.com\/?post_type=product&#038;p=71090"},"modified":"2025-08-22T16:44:29","modified_gmt":"2025-08-22T14:44:29","slug":"ugralovar-cirkuszi-show-csuszdaval","status":"publish","type":"product","link":"https:\/\/dodo-inflatables.com\/hu\/termek\/ugralovar-cirkuszi-show-csuszdaval\/","title":{"rendered":"Ugr\u00e1l\u00f3v\u00e1r Cirkuszi show cs\u00faszd\u00e1val"},"content":{"rendered":"<h2>V\u00e1s\u00e1rold meg a Ugr\u00e1l\u00f3v\u00e1r Cirkuszi show cs\u00faszd\u00e1val<\/h2>\n<p>Az Ugr\u00e1l\u00f3v\u00e1r Cirkuszi show sz\u00ednes man\u00e9zs-hangulattal ragadja mag\u00e1val a kis l\u00e1togat\u00f3kat! Az ugr\u00e1l\u00f3v\u00e1r kompakt m\u00e9retei lehet\u0151v\u00e9 teszik, hogy kisebb kertekben vagy sz\u0171kebb helysz\u00edneken is t\u00f6k\u00e9letesen elf\u00e9rjen, mik\u00f6zben biztons\u00e1gos j\u00e1t\u00e9kk\u00f6rnyezetet k\u00edn\u00e1l a legkisebbek sz\u00e1m\u00e1ra is.<\/p>\n<p>A Ugr\u00e1l\u00f3v\u00e1r Cirkuszi show cs\u00faszd\u00e1val egy praktikus sz\u00e1ll\u00edt\u00f3t\u00e1sk\u00e1ban \u00e9rkezik, \u00e9s k\u00f6r\u00fclbel\u00fcl 10 perc alatt egyszer\u0171en fel\u00e1ll\u00edthat\u00f3. A csomag tartalmazza az ugr\u00e1l\u00f3v\u00e1rat, egy sz\u00e1ll\u00edt\u00f3t\u00e1sk\u00e1t \u00e9s egy jav\u00edt\u00f3k\u00e9szletet. K\u00e9rj\u00fck, vedd figyelembe, hogy a <a href=\"https:\/\/dodo-inflatables.com\/hu\/termek\/huawei-fuvo-reh-1-5e-1-5ps\/\">f\u00fav\u00f3<\/a> \u00e9s az <a href=\"https:\/\/dodo-inflatables.com\/hu\/termek\/alaplap-5-x-6-meter\/\">al\u00e1t\u00e9tponyva<\/a> nem r\u00e9sze a csomagnak \u2013 ezeket a <a href=\"https:\/\/dodo-inflatables.com\/hu\/termekkategoria\/kiegeszitok\/\">Tartoz\u00e9kok<\/a> kateg\u00f3ri\u00e1nkban tal\u00e1lod. A k\u00edn\u00e1lt Huawei \u00e9s Gibbons f\u00fav\u00f3k egyar\u00e1nt alkalmasak az ugr\u00e1l\u00f3v\u00e1rhoz.<\/p>\n<p>A Candy ugr\u00e1l\u00f3v\u00e1r cs\u00faszd\u00e1val strapab\u00edr\u00f3 PVC ponyv\u00e1b\u00f3l (0,55 mm \/ 621,3 g\/m\u00b2) k\u00e9sz\u00fclt, \u00e9s a DIN EN 14960 szabv\u00e1nynak megfelel\u0151en tan\u00fas\u00edtott. Ez a modell teh\u00e1t magas szint\u0171 biztons\u00e1got ny\u00fajt, \u00e9s professzion\u00e1lis haszn\u00e1latra is t\u00f6k\u00e9letesen megfelel.<\/p>\n<p>K\u00e9rj\u00fck, kiz\u00e1r\u00f3lag megfelel\u0151 al\u00e1t\u00e9tponyv\u00e1val haszn\u00e1ld az ugr\u00e1l\u00f3v\u00e1rat, hogy meg\u00f3vd az \u00e9les t\u00e1rgyakt\u00f3l \u00e9s a kop\u00e1st\u00f3l. Javasoljuk, hogy f\u00fcves ter\u00fcleten \u00e1ll\u00edtsd fel, \u00e9s <a href=\"https:\/\/huepfburg-guenstig-kaufen.de\/produkt\/erdnaegel-zur-huepfburg-befestigung\/\">lesz\u00far\u00f3 sz\u00f6gekkel<\/a> r\u00f6gz\u00edtsd a maxim\u00e1lis biztons\u00e1g \u00e9rdek\u00e9ben. Haszn\u00e1lat ut\u00e1n az ugr\u00e1l\u00f3v\u00e1rat mindig sz\u00e1raz \u00e1llapotban, rendesen \u00f6sszehajtva csomagold el, hogy elker\u00fcld a sz\u00e1ll\u00edt\u00e1s k\u00f6zbeni s\u00e9r\u00fcl\u00e9seket.<\/p>\n<p>\u26a0\ufe0f Az ugr\u00e1l\u00f3v\u00e1r m\u0171k\u00f6d\u00e9s\u00e9hez csak <strong>egy f\u00fav\u00f3<\/strong> sz\u00fcks\u00e9ges. A m\u00e1sodik l\u00e9gcs\u0151 csak alternat\u00edv megold\u00e1sk\u00e9nt szolg\u00e1l \u2013 p\u00e9ld\u00e1ul ha a helysz\u00ednen helysz\u0171ke van, vagy a csatlakoz\u00e1s m\u00e1shol kedvez\u0151bb \u2013, illetve a leereszt\u00e9s felgyors\u00edt\u00e1s\u00e1ra is haszn\u00e1lhat\u00f3.<\/p>\n<div class=\"product-description\">\n<p><!-- Gelbe Info-Box --><\/p>\n<div class=\"yellow-box\">\n<h2>R\u00e9szletek a Ugr\u00e1l\u00f3v\u00e1r Cirkuszi show cs\u00faszd\u00e1val<\/h2>\n<div class=\"info-container\">\n<p><!-- Erste Zeile --><\/p>\n<div class=\"info-group\">\n<div class=\"info-column\">\n<h3>M\u00e9retek &#038; Haszn\u00e1l\u00f3k<\/h3>\n<ul>\n<li><strong>M\u00e9retek<\/strong>: 4,70 m x 3,10 m x 4,20 m *(H x Sz x M)<\/li>\n<li><strong>Ugr\u00e1l\u00f3fel\u00fclet<\/strong>: 1,90 x 2,90 m(H x Sz)<\/li>\n<li><strong>A cs\u00faszda magass\u00e1ga<\/strong>: 0,60 m + 50 cm talajmagass\u00e1g *<\/li>\n<li>K\u00f6r\u00fclbel\u00fcl <strong>7 gyermek<\/strong> sz\u00e1m\u00e1ra alkalmas (\u00e9letkort\u00f3l \u00e9s testm\u00e9rett\u0151l f\u00fcgg\u0151en)<\/li>\n<li><strong>Maxim\u00e1lis testmagass\u00e1g<\/strong>: 1,50 m<\/li>\n<\/ul>\n<\/div>\n<div class=\"info-column\">\n<h3>Fel\u00e1ll\u00edt\u00e1s &#038; Bont\u00e1s<\/h3>\n<ul>\n<li><strong>Csomagol\u00e1si m\u00e9ret<\/strong>: Magass\u00e1g 90 cm, \u00e1tm\u00e9r\u0151 70 cm<\/li>\n<li><strong>S\u00faly<\/strong>: kb. 70 kg kg<\/li>\n<li><strong>Fel\u00e1ll\u00edt\u00e1si id\u0151<\/strong>: 10\u201320 perc<\/li>\n<li><strong>Sz\u00fcks\u00e9ges f\u00fav\u00f3<\/strong>: <span style=\"color: #ffffff\"><a style=\"color: #ffffff\" href=\"https:\/\/dodo-inflatables.com\/hu\/termek\/huawei-fuvo-reh-1-5e-1-5ps\/\">1 x Huawei REH-1.5E \u2013 1,5 PS<\/a> vagy <a style=\"color: #ffffff\" href=\"https:\/\/dodo-inflatables.com\/hu\/termek\/gibbons-fuvo-fp5005-1-5ps\/\">1 x Gibbons F\u00fav\u00f3 FP5005 \u2013 1.5PS<\/a><\/span><\/li>\n<li><strong>Sz\u00fcks\u00e9ges helyig\u00e9ny<\/strong>: 10,00 x 6,70 m (H x Sz) (a DIN EN 14960 szerint) <span class=\"tooltip\"><em><span style=\"color: #ffffff\">Mit jelent ez?<\/span><\/em><span class=\"tooltiptext\">A DIN szabv\u00e1ny szerint az ugr\u00e1l\u00f3v\u00e1r k\u00f6r\u00fcl 1,80 m t\u00e1vols\u00e1got, valamint a nyitott oldal el\u0151tt 3,50 m szabad teret kell biztos\u00edtani. Ez a biztons\u00e1got szolg\u00e1lja, de a kivitelez\u00e9s a saj\u00e1t meg\u00edt\u00e9l\u00e9seden m\u00falik.<\/span><\/span><\/li>\n<\/ul>\n<\/div>\n<div class=\"info-column\">\n<h3>Jellemz\u0151k<\/h3>\n<ul>\n<li><strong>Tan\u00fas\u00edtv\u00e1ny<\/strong> az EN 14960 szerint<\/li>\n<li>Anyag: PVC (0,55 mm \/ 621,3 g\/m\u00b2)<\/li>\n<li>2\u20134-szeres varr\u00e1s<\/li>\n<li>Nehezen gyullad\u00f3<\/li>\n<li>Ugr\u00e1l\u00f3fel\u00fclet v\u00e9d\u0151cs\u00edkkal, cipz\u00e1r t\u00e9p\u0151z\u00e1ras fed\u00e9ssel, meger\u0151s\u00edtett sarkok<\/li>\n<\/ul>\n<\/div>\n<\/div>\n<p><!-- Zweite Zeile (Duplikat direkt darunter) --><\/p>\n<div class=\"info-group\">\n<div class=\"info-column\">\n<h3>A csomag tartalma<\/h3>\n<ul class=\"check-list\">\n<li>R\u00e9szletes \u00fatmutat\u00f3 biztons\u00e1gi tan\u00e1csokkal, fel\u00e1ll\u00edt\u00e1si \u00e9s bont\u00e1si \u00fatmutat\u00f3val, valamint b\u00e9rleti javaslatokkal<\/li>\n<li>Megfelel\u0151 sz\u00e1ll\u00edt\u00f3t\u00e1ska<\/li>\n<li>Jav\u00edt\u00f3k\u00e9szlet<\/li>\n<\/ul>\n<\/div>\n<div class=\"info-column\">\n<h3>Nicht enthalten sind<\/h3>\n<ul class=\"cross-list\">\n<li><span style=\"color: #ffffff\"><a style=\"color: #ffffff\" href=\"https:\/\/dodo-inflatables.com\/hu\/termek\/huawei-fuvo-reh-1-5e-1-5ps\/\">F\u00fav\u00f3<\/a><\/span><\/li>\n<li><span style=\"color: #ffffff\"><a style=\"color: #ffffff\" href=\"https:\/\/dodo-inflatables.com\/hu\/termek\/alaplap-5-x-6-meter\/\">Al\u00e1t\u00e9tponyva<\/a><\/span><\/li>\n<li><span style=\"color: #ffffff\"><a style=\"color: #ffffff\" href=\"https:\/\/dodo-inflatables.com\/hu\/termek\/felfujhato-rogziteshez-szukseges-foldi-csapok\/\">Lesz\u00far\u00f3 sz\u00f6gek<\/a><\/span><\/li>\n<li><span style=\"color: #ffffff\"><a style=\"color: #ffffff\" href=\"https:\/\/dodo-inflatables.com\/hu\/termek\/bukasvedelmi-szonyegek-240-x-120-x-5-cm\/\">\u00dct\u00e9sv\u00e9d\u0151 sz\u0151nyegek<\/a><\/span><\/li>\n<li>Tov\u00e1bbi tartoz\u00e9kok<\/li>\n<\/ul>\n<\/div>\n<div class=\"info-column\"><\/div>\n<\/div>\n<\/div>\n<\/div>\n<\/div>\n<h3>Fontos haszn\u00e1lati inform\u00e1ci\u00f3k<\/h3>\n<p>A Ugr\u00e1l\u00f3v\u00e1r Cirkuszi show cs\u00faszd\u00e1val egy professzion\u00e1lis modell, amely a DIN EN 14960 szabv\u00e1ny szigor\u00fa el\u0151\u00edr\u00e1sai szerint k\u00e9sz\u00fclt \u00e9s ellen\u0151rz\u00f6tt \u2013 teh\u00e1t biztons\u00e1gos \u00e9s megb\u00edzhat\u00f3. Ide\u00e1lis b\u00e9rl\u00e9shez \u00e9s profi haszn\u00e1lathoz. K\u00e9rj\u00fck, \u00fcgyelj arra, hogy csak gyermekek haszn\u00e1lhatj\u00e1k \u2013 feln\u0151ttek nem!<\/p>\n<p>Ne feledd, hogy a f\u00fav\u00f3nak (nem tartoz\u00e9k) folyamatosan m\u0171k\u00f6dnie kell a haszn\u00e1lat sor\u00e1n. Egy kis leveg\u0151sziv\u00e1rg\u00e1s a varratokon term\u00e9szetes, \u00e9s sz\u00fcks\u00e9ges, hogy az ugr\u00e1l\u00f3v\u00e1r ne repedjen sz\u00e9t.<\/p>\n<p>Szerezd be most a Ugr\u00e1l\u00f3v\u00e1r Cirkuszi show cs\u00faszd\u00e1val, \u00e9s teremts felejthetetlen pillanatokat tele vid\u00e1ms\u00e1ggal \u00e9s kalanddal!<\/p>\n<p><em>Ez a modell EU-szint\u0171 formatervez\u00e9si mintaoltalom alatt \u00e1ll.<\/em><\/p>\n<div class=\"green-box\">\n<p><img decoding=\"async\" src=\"https:\/\/dodo-inflatables.com\/wp-content\/uploads\/2025\/04\/HU-1.png\" alt=\"Leitfaden\" \/><\/p>\n<div class=\"text-container\">\n<h3>A v\u00e1s\u00e1rl\u00e1s ut\u00e1n egy 23 oldalas \u00fatmutat\u00f3t kapsz, amely a k\u00f6vetkez\u0151ket tartalmazza:<\/h3>\n<ul>\n<li>Biztons\u00e1gi \u00fatmutat\u00f3k az \u00f6ssze- \u00e9s sz\u00e9tszerel\u00e9shez \u00e9s a haszn\u00e1lathoz<\/li>\n<li>DIN EN 14960 tan\u00fas\u00edtv\u00e1ny \u00e9s egyedi sorozatsz\u00e1m<\/li>\n<li>R\u00e9szletes \u00f6sszeszerel\u00e9si \u00fatmutat\u00f3<\/li>\n<li>Karbantart\u00e1si \u00e9s ellen\u0151rz\u00e9si tan\u00e1csok<\/li>\n<li>Aj\u00e1nl\u00e1sok b\u00e9rbead\u00e1s eset\u00e9n<\/li>\n<\/ul>\n<\/div>\n<\/div>\n","protected":false},"excerpt":{"rendered":"<h4>[gzd_product_delivery_time]<\/h4>\n<div class=\"delivery-info\">\n<p>Ha a rendel\u00e9s \u00e9s a fizet\u00e9s <b>d\u00e9lel\u0151tt 11:00-ig<\/b> be\u00e9rkezik,<br \/>\na term\u00e9ket m\u00e9g aznap feladjuk!<\/p>\n<p><i class=\"fas fa-shipping-fast\"><\/i> &nbsp;&nbsp;Sz\u00e1ll\u00edt\u00e1si id\u0151 kb. 2\u201310 munkanap (Sz\u00e1ll\u00edt\u00e1s N\u00e9metorsz\u00e1gb\u00f3l)<br \/>\n<i class=\"fas fa-expand-arrows-alt\"><\/i> &nbsp;&nbsp;&nbsp;M\u00e9retek: 4,70 m x 3,10 m x 4,20 m * (H \u00d7 Sz \u00d7 M)<br \/>\n<i class=\"fas fa-users\"><\/i> &nbsp;&nbsp;Kb. 7 gyermek sz\u00e1m\u00e1ra alkalmas (\u00e9letkort\u00f3l \u00e9s m\u00e9rett\u0151l f\u00fcgg\u0151en)<br \/>\n<i class=\"fas fa-award\"><\/i> &nbsp;&nbsp;&nbsp;Tan\u00fas\u00edtva a DIN EN 14960 szabv\u00e1ny szerint<br \/>\n<i class=\"fas fa-book\"><\/i> &nbsp;&nbsp;&nbsp;\u00datmutat\u00f3 tan\u00fas\u00edtv\u00e1nnyal \u00e9s sorozatsz\u00e1mmal<\/p>\n<\/div>\n","protected":false},"featured_media":88496,"comment_status":"open","ping_status":"closed","template":"","meta":{"_acf_changed":false,"_uag_custom_page_level_css":"","site-sidebar-layout":"default","site-content-layout":"boxed-container","ast-site-content-layout":"normal-width-container","site-content-style":"boxed","site-sidebar-style":"boxed","ast-global-header-display":"","ast-banner-title-visibility":"","ast-main-header-display":"","ast-hfb-above-header-display":"","ast-hfb-below-header-display":"","ast-hfb-mobile-header-display":"","site-post-title":"disabled","ast-breadcrumbs-content":"","ast-featured-img":"","footer-sml-layout":"","ast-disable-related-posts":"","theme-transparent-header-meta":"default","adv-header-id-meta":"","stick-header-meta":"default","header-above-stick-meta":"","header-main-stick-meta":"","header-below-stick-meta":"","astra-migrate-meta-layouts":"set","ast-page-background-enabled":"default","ast-page-background-meta":{"desktop":{"background-color":"var(--ast-global-color-4)","background-image":"","background-repeat":"repeat","background-position":"center center","background-size":"auto","background-attachment":"scroll","background-type":"","background-media":"","overlay-type":"","overlay-color":"","overlay-opacity":"","overlay-gradient":""},"tablet":{"background-color":"","background-image":"","background-repeat":"repeat","background-position":"center center","background-size":"auto","background-attachment":"scroll","background-type":"","background-media":"","overlay-type":"","overlay-color":"","overlay-opacity":"","overlay-gradient":""},"mobile":{"background-color":"","background-image":"","background-repeat":"repeat","background-position":"center center","background-size":"auto","background-attachment":"scroll","background-type":"","background-media":"","overlay-type":"","overlay-color":"","overlay-opacity":"","overlay-gradient":""}},"ast-content-background-meta":{"desktop":{"background-color":"var(--ast-global-color-5)","background-image":"","background-repeat":"repeat","background-position":"center center","background-size":"auto","background-attachment":"scroll","background-type":"","background-media":"","overlay-type":"","overlay-color":"","overlay-opacity":"","overlay-gradient":""},"tablet":{"background-color":"var(--ast-global-color-5)","background-image":"","background-repeat":"repeat","background-position":"center center","background-size":"auto","background-attachment":"scroll","background-type":"","background-media":"","overlay-type":"","overlay-color":"","overlay-opacity":"","overlay-gradient":""},"mobile":{"background-color":"var(--ast-global-color-5)","background-image":"","background-repeat":"repeat","background-position":"center center","background-size":"auto","background-attachment":"scroll","background-type":"","background-media":"","overlay-type":"","overlay-color":"","overlay-opacity":"","overlay-gradient":""}}},"product_brand":[],"product_cat":[789,790],"product_tag":[793],"class_list":{"0":"post-71090","1":"product","2":"type-product","3":"status-publish","4":"has-post-thumbnail","6":"product_cat-bouncy-varak","7":"product_cat-slides-hu","8":"product_tag-csuszdaval","9":"product_shipping_class-spedition-hupfburg-hu","10":"pa_gtin-5242","11":"pa_height-410-m-450-m-hu-2","12":"pa_height-of-the-slide-under-100-m-hu","13":"pa_length-460-m-500-m-hu-2","14":"pa_price-under-1-500-e-hu-3","15":"pa_type-of-bouncy-castle-bouncy-castle-with-slide-hu-2","16":"pa_width-smaller-than-350-m-hu-3","17":"desktop-align-center","18":"tablet-align-center","19":"mobile-align-center","20":"ast-product-gallery-layout-horizontal","21":"ast-product-tabs-layout-horizontal","23":"first","24":"instock","25":"taxable","26":"shipping-taxable","27":"purchasable","28":"product-type-simple"},"acf":[],"yoast_head":"<!-- This site is optimized with the Yoast SEO plugin v27.3 - https:\/\/yoast.com\/product\/yoast-seo-wordpress\/ -->\n<title>V\u00e1s\u00e1roljon Ugr\u00e1l\u00f3v\u00e1r Cirkuszi show cs\u00faszd\u00e1val at most<\/title>\n<meta name=\"description\" content=\"Ugr\u00e1l\u00f3v\u00e1r Cirkuszi show cs\u00faszd\u00e1val v\u00e1s\u00e1rl\u00e1s: T\u00dcV tan\u00fas\u00edtv\u00e1nnyal, EN 14960 szerint. Azonnal el\u00e9rhet\u0151 mag\u00e1n- \u00e9s \u00fczleti \u00fcgyfeleknek Magyarorsz\u00e1gon.\" \/>\n<meta name=\"robots\" content=\"index, follow, max-snippet:-1, max-image-preview:large, max-video-preview:-1\" \/>\n<link rel=\"canonical\" href=\"https:\/\/dodo-inflatables.com\/hu\/termek\/ugralovar-cirkuszi-show-csuszdaval\/\" \/>\n<meta name=\"twitter:label1\" content=\"Becs\u00fclt olvas\u00e1si id\u0151\" \/>\n\t<meta name=\"twitter:data1\" content=\"4 perc\" \/>\n<script type=\"application\/ld+json\" class=\"yoast-schema-graph\">{\"@context\":\"https:\\\/\\\/schema.org\",\"@graph\":[{\"@type\":\"WebPage\",\"@id\":\"https:\\\/\\\/dodo-inflatables.com\\\/hu\\\/termek\\\/ugralovar-cirkuszi-show-csuszdaval\\\/\",\"url\":\"https:\\\/\\\/dodo-inflatables.com\\\/hu\\\/termek\\\/ugralovar-cirkuszi-show-csuszdaval\\\/\",\"name\":\"V\u00e1s\u00e1roljon Ugr\u00e1l\u00f3v\u00e1r Cirkuszi show cs\u00faszd\u00e1val at most\",\"isPartOf\":{\"@id\":\"https:\\\/\\\/dodo-inflatables.com\\\/hu\\\/#website\"},\"primaryImageOfPage\":{\"@id\":\"https:\\\/\\\/dodo-inflatables.com\\\/hu\\\/termek\\\/ugralovar-cirkuszi-show-csuszdaval\\\/#primaryimage\"},\"image\":{\"@id\":\"https:\\\/\\\/dodo-inflatables.com\\\/hu\\\/termek\\\/ugralovar-cirkuszi-show-csuszdaval\\\/#primaryimage\"},\"thumbnailUrl\":\"https:\\\/\\\/dodo-inflatables.com\\\/wp-content\\\/uploads\\\/2025\\\/07\\\/Bouncy-Castle-Circus-Show-with-Slide6.jpg\",\"datePublished\":\"2025-07-03T14:25:16+00:00\",\"dateModified\":\"2025-08-22T14:44:29+00:00\",\"description\":\"Ugr\u00e1l\u00f3v\u00e1r Cirkuszi show cs\u00faszd\u00e1val v\u00e1s\u00e1rl\u00e1s: T\u00dcV tan\u00fas\u00edtv\u00e1nnyal, EN 14960 szerint. Azonnal el\u00e9rhet\u0151 mag\u00e1n- \u00e9s \u00fczleti \u00fcgyfeleknek Magyarorsz\u00e1gon.\",\"breadcrumb\":{\"@id\":\"https:\\\/\\\/dodo-inflatables.com\\\/hu\\\/termek\\\/ugralovar-cirkuszi-show-csuszdaval\\\/#breadcrumb\"},\"inLanguage\":\"hu\",\"potentialAction\":[{\"@type\":\"ReadAction\",\"target\":[\"https:\\\/\\\/dodo-inflatables.com\\\/hu\\\/termek\\\/ugralovar-cirkuszi-show-csuszdaval\\\/\"]}]},{\"@type\":\"ImageObject\",\"inLanguage\":\"hu\",\"@id\":\"https:\\\/\\\/dodo-inflatables.com\\\/hu\\\/termek\\\/ugralovar-cirkuszi-show-csuszdaval\\\/#primaryimage\",\"url\":\"https:\\\/\\\/dodo-inflatables.com\\\/wp-content\\\/uploads\\\/2025\\\/07\\\/Bouncy-Castle-Circus-Show-with-Slide6.jpg\",\"contentUrl\":\"https:\\\/\\\/dodo-inflatables.com\\\/wp-content\\\/uploads\\\/2025\\\/07\\\/Bouncy-Castle-Circus-Show-with-Slide6.jpg\",\"width\":1000,\"height\":1000},{\"@type\":\"BreadcrumbList\",\"@id\":\"https:\\\/\\\/dodo-inflatables.com\\\/hu\\\/termek\\\/ugralovar-cirkuszi-show-csuszdaval\\\/#breadcrumb\",\"itemListElement\":[{\"@type\":\"ListItem\",\"position\":1,\"name\":\"Kezd\u0151lap\",\"item\":\"https:\\\/\\\/dodo-inflatables.com\\\/hu\\\/\"},{\"@type\":\"ListItem\",\"position\":2,\"name\":\"Shop\",\"item\":\"https:\\\/\\\/dodo-inflatables.com\\\/hu\\\/shop\\\/\"},{\"@type\":\"ListItem\",\"position\":3,\"name\":\"Ugr\u00e1l\u00f3v\u00e1r Cirkuszi show cs\u00faszd\u00e1val\"}]},{\"@type\":\"WebSite\",\"@id\":\"https:\\\/\\\/dodo-inflatables.com\\\/hu\\\/#website\",\"url\":\"https:\\\/\\\/dodo-inflatables.com\\\/hu\\\/\",\"name\":\"dodo-inflatables.com\",\"description\":\"V\u00e1s\u00e1roljon ugr\u00e1l\u00f3v\u00e1rakat \u00e9s l\u00e1tnival\u00f3kat \u00fczlet\u00fcnkben.\",\"publisher\":{\"@id\":\"https:\\\/\\\/dodo-inflatables.com\\\/hu\\\/#organization\"},\"potentialAction\":[{\"@type\":\"SearchAction\",\"target\":{\"@type\":\"EntryPoint\",\"urlTemplate\":\"https:\\\/\\\/dodo-inflatables.com\\\/hu\\\/?s={search_term_string}\"},\"query-input\":{\"@type\":\"PropertyValueSpecification\",\"valueRequired\":true,\"valueName\":\"search_term_string\"}}],\"inLanguage\":\"hu\"},{\"@type\":\"Organization\",\"@id\":\"https:\\\/\\\/dodo-inflatables.com\\\/hu\\\/#organization\",\"name\":\"dodo-inflatables.com\",\"url\":\"https:\\\/\\\/dodo-inflatables.com\\\/hu\\\/\",\"logo\":{\"@type\":\"ImageObject\",\"inLanguage\":\"hu\",\"@id\":\"https:\\\/\\\/dodo-inflatables.com\\\/hu\\\/#\\\/schema\\\/logo\\\/image\\\/\",\"url\":\"https:\\\/\\\/dodo-inflatables.com\\\/wp-content\\\/uploads\\\/2023\\\/04\\\/cropped-cropped-cropped-Dodo-Logo.png\",\"contentUrl\":\"https:\\\/\\\/dodo-inflatables.com\\\/wp-content\\\/uploads\\\/2023\\\/04\\\/cropped-cropped-cropped-Dodo-Logo.png\",\"width\":2996,\"height\":1545,\"caption\":\"dodo-inflatables.com\"},\"image\":{\"@id\":\"https:\\\/\\\/dodo-inflatables.com\\\/hu\\\/#\\\/schema\\\/logo\\\/image\\\/\"}}]}<\/script>\n<!-- \/ Yoast SEO plugin. -->","yoast_head_json":{"title":"V\u00e1s\u00e1roljon Ugr\u00e1l\u00f3v\u00e1r Cirkuszi show cs\u00faszd\u00e1val at most","description":"Ugr\u00e1l\u00f3v\u00e1r Cirkuszi show cs\u00faszd\u00e1val v\u00e1s\u00e1rl\u00e1s: T\u00dcV tan\u00fas\u00edtv\u00e1nnyal, EN 14960 szerint. Azonnal el\u00e9rhet\u0151 mag\u00e1n- \u00e9s \u00fczleti \u00fcgyfeleknek Magyarorsz\u00e1gon.","robots":{"index":"index","follow":"follow","max-snippet":"max-snippet:-1","max-image-preview":"max-image-preview:large","max-video-preview":"max-video-preview:-1"},"canonical":"https:\/\/dodo-inflatables.com\/hu\/termek\/ugralovar-cirkuszi-show-csuszdaval\/","twitter_misc":{"Becs\u00fclt olvas\u00e1si id\u0151":"4 perc"},"schema":{"@context":"https:\/\/schema.org","@graph":[{"@type":"WebPage","@id":"https:\/\/dodo-inflatables.com\/hu\/termek\/ugralovar-cirkuszi-show-csuszdaval\/","url":"https:\/\/dodo-inflatables.com\/hu\/termek\/ugralovar-cirkuszi-show-csuszdaval\/","name":"V\u00e1s\u00e1roljon Ugr\u00e1l\u00f3v\u00e1r Cirkuszi show cs\u00faszd\u00e1val at most","isPartOf":{"@id":"https:\/\/dodo-inflatables.com\/hu\/#website"},"primaryImageOfPage":{"@id":"https:\/\/dodo-inflatables.com\/hu\/termek\/ugralovar-cirkuszi-show-csuszdaval\/#primaryimage"},"image":{"@id":"https:\/\/dodo-inflatables.com\/hu\/termek\/ugralovar-cirkuszi-show-csuszdaval\/#primaryimage"},"thumbnailUrl":"https:\/\/dodo-inflatables.com\/wp-content\/uploads\/2025\/07\/Bouncy-Castle-Circus-Show-with-Slide6.jpg","datePublished":"2025-07-03T14:25:16+00:00","dateModified":"2025-08-22T14:44:29+00:00","description":"Ugr\u00e1l\u00f3v\u00e1r Cirkuszi show cs\u00faszd\u00e1val v\u00e1s\u00e1rl\u00e1s: T\u00dcV tan\u00fas\u00edtv\u00e1nnyal, EN 14960 szerint. Azonnal el\u00e9rhet\u0151 mag\u00e1n- \u00e9s \u00fczleti \u00fcgyfeleknek Magyarorsz\u00e1gon.","breadcrumb":{"@id":"https:\/\/dodo-inflatables.com\/hu\/termek\/ugralovar-cirkuszi-show-csuszdaval\/#breadcrumb"},"inLanguage":"hu","potentialAction":[{"@type":"ReadAction","target":["https:\/\/dodo-inflatables.com\/hu\/termek\/ugralovar-cirkuszi-show-csuszdaval\/"]}]},{"@type":"ImageObject","inLanguage":"hu","@id":"https:\/\/dodo-inflatables.com\/hu\/termek\/ugralovar-cirkuszi-show-csuszdaval\/#primaryimage","url":"https:\/\/dodo-inflatables.com\/wp-content\/uploads\/2025\/07\/Bouncy-Castle-Circus-Show-with-Slide6.jpg","contentUrl":"https:\/\/dodo-inflatables.com\/wp-content\/uploads\/2025\/07\/Bouncy-Castle-Circus-Show-with-Slide6.jpg","width":1000,"height":1000},{"@type":"BreadcrumbList","@id":"https:\/\/dodo-inflatables.com\/hu\/termek\/ugralovar-cirkuszi-show-csuszdaval\/#breadcrumb","itemListElement":[{"@type":"ListItem","position":1,"name":"Kezd\u0151lap","item":"https:\/\/dodo-inflatables.com\/hu\/"},{"@type":"ListItem","position":2,"name":"Shop","item":"https:\/\/dodo-inflatables.com\/hu\/shop\/"},{"@type":"ListItem","position":3,"name":"Ugr\u00e1l\u00f3v\u00e1r Cirkuszi show cs\u00faszd\u00e1val"}]},{"@type":"WebSite","@id":"https:\/\/dodo-inflatables.com\/hu\/#website","url":"https:\/\/dodo-inflatables.com\/hu\/","name":"dodo-inflatables.com","description":"V\u00e1s\u00e1roljon ugr\u00e1l\u00f3v\u00e1rakat \u00e9s l\u00e1tnival\u00f3kat \u00fczlet\u00fcnkben.","publisher":{"@id":"https:\/\/dodo-inflatables.com\/hu\/#organization"},"potentialAction":[{"@type":"SearchAction","target":{"@type":"EntryPoint","urlTemplate":"https:\/\/dodo-inflatables.com\/hu\/?s={search_term_string}"},"query-input":{"@type":"PropertyValueSpecification","valueRequired":true,"valueName":"search_term_string"}}],"inLanguage":"hu"},{"@type":"Organization","@id":"https:\/\/dodo-inflatables.com\/hu\/#organization","name":"dodo-inflatables.com","url":"https:\/\/dodo-inflatables.com\/hu\/","logo":{"@type":"ImageObject","inLanguage":"hu","@id":"https:\/\/dodo-inflatables.com\/hu\/#\/schema\/logo\/image\/","url":"https:\/\/dodo-inflatables.com\/wp-content\/uploads\/2023\/04\/cropped-cropped-cropped-Dodo-Logo.png","contentUrl":"https:\/\/dodo-inflatables.com\/wp-content\/uploads\/2023\/04\/cropped-cropped-cropped-Dodo-Logo.png","width":2996,"height":1545,"caption":"dodo-inflatables.com"},"image":{"@id":"https:\/\/dodo-inflatables.com\/hu\/#\/schema\/logo\/image\/"}}]}},"uagb_featured_image_src":{"full":["https:\/\/dodo-inflatables.com\/wp-content\/uploads\/2025\/07\/Bouncy-Castle-Circus-Show-with-Slide6.jpg",1000,1000,false],"thumbnail":["https:\/\/dodo-inflatables.com\/wp-content\/uploads\/2025\/07\/Bouncy-Castle-Circus-Show-with-Slide6-150x150.jpg",150,150,true],"medium":["https:\/\/dodo-inflatables.com\/wp-content\/uploads\/2025\/07\/Bouncy-Castle-Circus-Show-with-Slide6-300x300.jpg",300,300,true],"medium_large":["https:\/\/dodo-inflatables.com\/wp-content\/uploads\/2025\/07\/Bouncy-Castle-Circus-Show-with-Slide6-768x768.jpg",768,768,true],"large":["https:\/\/dodo-inflatables.com\/wp-content\/uploads\/2025\/07\/Bouncy-Castle-Circus-Show-with-Slide6.jpg",1000,1000,false],"1536x1536":["https:\/\/dodo-inflatables.com\/wp-content\/uploads\/2025\/07\/Bouncy-Castle-Circus-Show-with-Slide6.jpg",1000,1000,false],"2048x2048":["https:\/\/dodo-inflatables.com\/wp-content\/uploads\/2025\/07\/Bouncy-Castle-Circus-Show-with-Slide6.jpg",1000,1000,false],"woocommerce_thumbnail":["https:\/\/dodo-inflatables.com\/wp-content\/uploads\/2025\/07\/Bouncy-Castle-Circus-Show-with-Slide6-900x900.jpg",900,900,true],"woocommerce_single":["https:\/\/dodo-inflatables.com\/wp-content\/uploads\/2025\/07\/Bouncy-Castle-Circus-Show-with-Slide6-900x900.jpg",900,900,true],"woocommerce_gallery_thumbnail":["https:\/\/dodo-inflatables.com\/wp-content\/uploads\/2025\/07\/Bouncy-Castle-Circus-Show-with-Slide6-100x100.jpg",100,100,true]},"uagb_author_info":{"display_name":"Andreas","author_link":"https:\/\/dodo-inflatables.com\/hu\/author\/"},"uagb_comment_info":0,"uagb_excerpt":"[gzd_product_delivery_time] Ha a rendel\u00e9s \u00e9s a fizet\u00e9s d\u00e9lel\u0151tt 11:00-ig be\u00e9rkezik, a term\u00e9ket m\u00e9g aznap feladjuk! &nbsp;&nbsp;Sz\u00e1ll\u00edt\u00e1si id\u0151 kb. 2\u201310 munkanap (Sz\u00e1ll\u00edt\u00e1s N\u00e9metorsz\u00e1gb\u00f3l) &nbsp;&nbsp;&nbsp;M\u00e9retek: 4,70 m x 3,10 m x 4,20 m * (H \u00d7 Sz \u00d7 M) &nbsp;&nbsp;Kb. 7 gyermek sz\u00e1m\u00e1ra alkalmas (\u00e9letkort\u00f3l \u00e9s m\u00e9rett\u0151l f\u00fcgg\u0151en) &nbsp;&nbsp;&nbsp;Tan\u00fas\u00edtva a DIN EN 14960 szabv\u00e1ny szerint &nbsp;&nbsp;&nbsp;\u00datmutat\u00f3 tan\u00fas\u00edtv\u00e1nnyal&hellip;","_links":{"self":[{"href":"https:\/\/dodo-inflatables.com\/hu\/wp-json\/wp\/v2\/product\/71090","targetHints":{"allow":["GET"]}}],"collection":[{"href":"https:\/\/dodo-inflatables.com\/hu\/wp-json\/wp\/v2\/product"}],"about":[{"href":"https:\/\/dodo-inflatables.com\/hu\/wp-json\/wp\/v2\/types\/product"}],"replies":[{"embeddable":true,"href":"https:\/\/dodo-inflatables.com\/hu\/wp-json\/wp\/v2\/comments?post=71090"}],"wp:featuredmedia":[{"embeddable":true,"href":"https:\/\/dodo-inflatables.com\/hu\/wp-json\/wp\/v2\/media\/88496"}],"wp:attachment":[{"href":"https:\/\/dodo-inflatables.com\/hu\/wp-json\/wp\/v2\/media?parent=71090"}],"wp:term":[{"taxonomy":"product_brand","embeddable":true,"href":"https:\/\/dodo-inflatables.com\/hu\/wp-json\/wp\/v2\/product_brand?post=71090"},{"taxonomy":"product_cat","embeddable":true,"href":"https:\/\/dodo-inflatables.com\/hu\/wp-json\/wp\/v2\/product_cat?post=71090"},{"taxonomy":"product_tag","embeddable":true,"href":"https:\/\/dodo-inflatables.com\/hu\/wp-json\/wp\/v2\/product_tag?post=71090"}],"curies":[{"name":"wp","href":"https:\/\/api.w.org\/{rel}","templated":true}]}}