{"id":11869,"date":"2024-03-07T18:26:38","date_gmt":"2024-03-07T17:26:38","guid":{"rendered":"https:\/\/dodo-inflatables.com\/isigykite-scivoli-gonfiabili-ir-castelli-gonfiabili-italijoje\/"},"modified":"2024-07-10T13:55:30","modified_gmt":"2024-07-10T11:55:30","slug":"isigykite-scivoli-gonfiabili-ir-castelli-gonfiabili-italijoje","status":"publish","type":"page","link":"https:\/\/dodo-inflatables.com\/lt\/isigykite-scivoli-gonfiabili-ir-castelli-gonfiabili-italijoje\/","title":{"rendered":"\u012esigykite scivoli gonfiabili ir castelli gonfiabili Italijoje"},"content":{"rendered":"\n<h2 class=\"wp-block-heading has-text-align-center\"><strong>\u012esigykite scivoli gonfiabili ir castelli gonfiabili Italijoje<\/strong><\/h2>\n\n<figure class=\"wp-block-image aligncenter size-large\"><a href=\"https:\/\/dodo-inflatables.com\/wp-content\/uploads\/2022\/01\/seperator-kleiner.png\"><img fetchpriority=\"high\" decoding=\"async\" width=\"1024\" height=\"102\" src=\"https:\/\/dodo-inflatables.com\/wp-content\/uploads\/2022\/01\/seperator-kleiner-1024x102.png\" alt=\"\" class=\"wp-image-4026\" srcset=\"https:\/\/dodo-inflatables.com\/wp-content\/uploads\/2022\/01\/seperator-kleiner-1024x102.png 1024w, https:\/\/dodo-inflatables.com\/wp-content\/uploads\/2022\/01\/seperator-kleiner-900x90.png 900w, https:\/\/dodo-inflatables.com\/wp-content\/uploads\/2022\/01\/seperator-kleiner-300x30.png 300w, https:\/\/dodo-inflatables.com\/wp-content\/uploads\/2022\/01\/seperator-kleiner-768x77.png 768w, https:\/\/dodo-inflatables.com\/wp-content\/uploads\/2022\/01\/seperator-kleiner-1536x154.png 1536w, https:\/\/dodo-inflatables.com\/wp-content\/uploads\/2022\/01\/seperator-kleiner-340x34.png 340w, https:\/\/dodo-inflatables.com\/wp-content\/uploads\/2022\/01\/seperator-kleiner.png 2000w\" sizes=\"(max-width: 1024px) 100vw, 1024px\" \/><\/a><\/figure>\n\n<h3 class=\"wp-block-heading has-text-align-center\">Benvenuti su Dodo-Inflatables.com &#8211; il nostro negozio online di gonfiabili in Europa!<\/h3>\n\n<p style=\"font-size:17px\">Tuffatevi nella nostra vasta selezione di gonfiabili di alta qualit\u00e0, <a href=\"https:\/\/dodo-inflatables.com\/lt\/produkto-kategorija\/bouncy-castles-lt\/\">castelli gonfiabili <\/a>e <a href=\"https:\/\/dodo-inflatables.com\/lt\/produkto-kategorija\/slides-lt\/\">scivoli <\/a>che daranno un tocco in pi\u00f9 a qualsiasi occasione. Che siate alla ricerca di un grande gonfiabile per un evento aziendale, di un piccolo castello gonfiabile per una festa di compleanno per bambini o di un castello gonfiabile con scivolo per una festa estiva, qui troverete sicuramente qualcosa di adatto!<\/p>\n\n<p style=\"font-size:17px\">Il nostro assortimento non comprende una variet\u00e0 una castelli gonfiabili, ma anche una vasta gamma di <a href=\"https:\/\/dodo-inflatables.com\/lt\/produkto-kategorija\/priedai\/\">accessori<\/a>, tra cui <a href=\"https:\/\/dodo-inflatables.com\/lt\/produktas\/gibbons-blower-fp5005-15-ag\/\" data-type=\"product\" data-id=\"81\">Gibbons<\/a> e soffiatori <a href=\"https:\/\/dodo-inflatables.com\/lt\/produktas\/huawei-orapute-reh-1-5e-15ps\/\" data-type=\"product\" data-id=\"2724\">Huawei <\/a>per castelli gonfiabili.<\/p>\n\n<p style=\"font-size:17px\">La spedizione di un castello gonfiabile e degli accessori in <strong>Italia costa 167,99 euro<\/strong>. Una confezione di accessori per gonfiabili kaina yra 18,99 euro. Se il gonfiabile \u00e8 disponibile in magazzino, verr\u00e0 spedito immediatamente dopo il ricevimento del pagamento. La consegna in Italia richiede circa <strong>4-6 giorni lavorativi<\/strong>. \u00c8 possibile ritirare personalmente il gonfiabile presso il nostro magazzino di Monaco, in Germania.<\/p>\n\n<p style=\"font-size:17px\">Tutti i nostri gonfiabili sono conformi alle severe norme di sicurezza della <strong>DIN EN 14960<\/strong> e sono adatti all&#8217;uso privato e commerciale. Una volta spedito il vostro nuovo gonfiabile, riceverete una guida dettagliata e il relativo certificato.<\/p>\n\n<p style=\"font-size:17px\">Esenzione IVA per le aziende! Se acquistate come azienda, inserite il vostro numero di identificazione IVA alla cassa per effettuare acquisti esenti da imposte.<\/p>\n\n<p style=\"font-size:17px\">Sia che siate un privato alla ricerca di un castello gonfiabile per la vostra prossima festa in famiglia, sia che siate un&#8217;azienda di noleggio commerciale che vuole ampliare la propria gamma, i nostri castelli gonfiabili sono adatti a tutti. Infatti, la maggior parte dei nostri clienti in Europa sono societ\u00e0 di noleggio di castelli gonfiabili che apprezzano i nostri prodotti per eventi di tutte le dimensioni.<\/p>\n\n<p style=\"font-size:17px\">Ci auguriamo che vi divertiate a sfogliare il nostro negozio online e saremo lieti di rispondere a tutte le vostre domande su <a href=\"mailto:contact@dodo-inflatables.com\">contact@dodo-inflatables.com<\/a> o di visitare direttamente il nostro negozio online italiano: <a href=\"https:\/\/vendita-castello-gonfiabile.it\/\">vendita-castello-gonfiabile.it<\/a>!<\/p>\n","protected":false},"excerpt":{"rendered":"<p>\u012esigykite scivoli gonfiabili ir castelli gonfiabili Italijoje Benvenuti su Dodo-Inflatables.com &#8211; il nostro negozio online di gonfiabili in Europa! Tuffatevi nella nostra vasta selezione di gonfiabili di alta qualit\u00e0, castelli gonfiabili e scivoli che daranno un tocco in pi\u00f9 a qualsiasi occasione. Che siate alla ricerca di un grande gonfiabile per un evento aziendale, di [&hellip;]<\/p>\n","protected":false},"author":1,"featured_media":0,"parent":0,"menu_order":0,"comment_status":"closed","ping_status":"closed","template":"","meta":{"_acf_changed":false,"_uag_custom_page_level_css":"","site-sidebar-layout":"default","site-content-layout":"","ast-site-content-layout":"normal-width-container","site-content-style":"boxed","site-sidebar-style":"default","ast-global-header-display":"","ast-banner-title-visibility":"","ast-main-header-display":"","ast-hfb-above-header-display":"","ast-hfb-below-header-display":"","ast-hfb-mobile-header-display":"","site-post-title":"","ast-breadcrumbs-content":"","ast-featured-img":"","footer-sml-layout":"","ast-disable-related-posts":"","theme-transparent-header-meta":"","adv-header-id-meta":"4069","stick-header-meta":"","header-above-stick-meta":"","header-main-stick-meta":"","header-below-stick-meta":"","astra-migrate-meta-layouts":"default","ast-page-background-enabled":"default","ast-page-background-meta":{"desktop":{"background-color":"var(--ast-global-color-4)","background-image":"","background-repeat":"repeat","background-position":"center center","background-size":"auto","background-attachment":"scroll","background-type":"","background-media":"","overlay-type":"","overlay-color":"","overlay-opacity":"","overlay-gradient":""},"tablet":{"background-color":"","background-image":"","background-repeat":"repeat","background-position":"center center","background-size":"auto","background-attachment":"scroll","background-type":"","background-media":"","overlay-type":"","overlay-color":"","overlay-opacity":"","overlay-gradient":""},"mobile":{"background-color":"","background-image":"","background-repeat":"repeat","background-position":"center center","background-size":"auto","background-attachment":"scroll","background-type":"","background-media":"","overlay-type":"","overlay-color":"","overlay-opacity":"","overlay-gradient":""}},"ast-content-background-meta":{"desktop":{"background-color":"var(--ast-global-color-5)","background-image":"","background-repeat":"repeat","background-position":"center center","background-size":"auto","background-attachment":"scroll","background-type":"","background-media":"","overlay-type":"","overlay-color":"","overlay-opacity":"","overlay-gradient":""},"tablet":{"background-color":"var(--ast-global-color-5)","background-image":"","background-repeat":"repeat","background-position":"center center","background-size":"auto","background-attachment":"scroll","background-type":"","background-media":"","overlay-type":"","overlay-color":"","overlay-opacity":"","overlay-gradient":""},"mobile":{"background-color":"var(--ast-global-color-5)","background-image":"","background-repeat":"repeat","background-position":"center center","background-size":"auto","background-attachment":"scroll","background-type":"","background-media":"","overlay-type":"","overlay-color":"","overlay-opacity":"","overlay-gradient":""}},"footnotes":""},"class_list":["post-11869","page","type-page","status-publish","hentry"],"acf":[],"yoast_head":"<!-- This site is optimized with the Yoast SEO plugin v27.5 - https:\/\/yoast.com\/product\/yoast-seo-wordpress\/ -->\n<title>\u012esigykite scivoli gonfiabili ir castelli gonfiabili Italijoje - dodo-inflatables.com<\/title>\n<meta name=\"robots\" content=\"index, follow, max-snippet:-1, max-image-preview:large, max-video-preview:-1\" \/>\n<link rel=\"canonical\" href=\"https:\/\/dodo-inflatables.com\/lt\/isigykite-scivoli-gonfiabili-ir-castelli-gonfiabili-italijoje\/\" \/>\n<meta name=\"twitter:label1\" content=\"Est. reading time\" \/>\n\t<meta name=\"twitter:data1\" content=\"2 minut\u0117s\" \/>\n<script type=\"application\/ld+json\" class=\"yoast-schema-graph\">{\"@context\":\"https:\\\/\\\/schema.org\",\"@graph\":[{\"@type\":\"WebPage\",\"@id\":\"https:\\\/\\\/dodo-inflatables.com\\\/lt\\\/isigykite-scivoli-gonfiabili-ir-castelli-gonfiabili-italijoje\\\/\",\"url\":\"https:\\\/\\\/dodo-inflatables.com\\\/lt\\\/isigykite-scivoli-gonfiabili-ir-castelli-gonfiabili-italijoje\\\/\",\"name\":\"\u012esigykite scivoli gonfiabili ir castelli gonfiabili Italijoje - dodo-inflatables.com\",\"isPartOf\":{\"@id\":\"https:\\\/\\\/dodo-inflatables.com\\\/lt\\\/#website\"},\"primaryImageOfPage\":{\"@id\":\"https:\\\/\\\/dodo-inflatables.com\\\/lt\\\/isigykite-scivoli-gonfiabili-ir-castelli-gonfiabili-italijoje\\\/#primaryimage\"},\"image\":{\"@id\":\"https:\\\/\\\/dodo-inflatables.com\\\/lt\\\/isigykite-scivoli-gonfiabili-ir-castelli-gonfiabili-italijoje\\\/#primaryimage\"},\"thumbnailUrl\":\"https:\\\/\\\/dodo-inflatables.com\\\/wp-content\\\/uploads\\\/2022\\\/01\\\/seperator-kleiner-1024x102.png\",\"datePublished\":\"2024-03-07T17:26:38+00:00\",\"dateModified\":\"2024-07-10T11:55:30+00:00\",\"breadcrumb\":{\"@id\":\"https:\\\/\\\/dodo-inflatables.com\\\/lt\\\/isigykite-scivoli-gonfiabili-ir-castelli-gonfiabili-italijoje\\\/#breadcrumb\"},\"inLanguage\":\"lt-LT\",\"potentialAction\":[{\"@type\":\"ReadAction\",\"target\":[\"https:\\\/\\\/dodo-inflatables.com\\\/lt\\\/isigykite-scivoli-gonfiabili-ir-castelli-gonfiabili-italijoje\\\/\"]}]},{\"@type\":\"ImageObject\",\"inLanguage\":\"lt-LT\",\"@id\":\"https:\\\/\\\/dodo-inflatables.com\\\/lt\\\/isigykite-scivoli-gonfiabili-ir-castelli-gonfiabili-italijoje\\\/#primaryimage\",\"url\":\"https:\\\/\\\/dodo-inflatables.com\\\/wp-content\\\/uploads\\\/2022\\\/01\\\/seperator-kleiner-1024x102.png\",\"contentUrl\":\"https:\\\/\\\/dodo-inflatables.com\\\/wp-content\\\/uploads\\\/2022\\\/01\\\/seperator-kleiner-1024x102.png\"},{\"@type\":\"BreadcrumbList\",\"@id\":\"https:\\\/\\\/dodo-inflatables.com\\\/lt\\\/isigykite-scivoli-gonfiabili-ir-castelli-gonfiabili-italijoje\\\/#breadcrumb\",\"itemListElement\":[{\"@type\":\"ListItem\",\"position\":1,\"name\":\"Home\",\"item\":\"https:\\\/\\\/dodo-inflatables.com\\\/lt\\\/\"},{\"@type\":\"ListItem\",\"position\":2,\"name\":\"\u012esigykite scivoli gonfiabili ir castelli gonfiabili Italijoje\"}]},{\"@type\":\"WebSite\",\"@id\":\"https:\\\/\\\/dodo-inflatables.com\\\/lt\\\/#website\",\"url\":\"https:\\\/\\\/dodo-inflatables.com\\\/lt\\\/\",\"name\":\"dodo-inflatables.com\",\"description\":\"\u012esigykite \u0161okin\u0117jan\u010di\u0173 pili\u0173 ir atrakcion\u0173 m\u016bs\u0173 parduotuv\u0117je.\",\"potentialAction\":[{\"@type\":\"SearchAction\",\"target\":{\"@type\":\"EntryPoint\",\"urlTemplate\":\"https:\\\/\\\/dodo-inflatables.com\\\/lt\\\/?s={search_term_string}\"},\"query-input\":{\"@type\":\"PropertyValueSpecification\",\"valueRequired\":true,\"valueName\":\"search_term_string\"}}],\"inLanguage\":\"lt-LT\"}]}<\/script>\n<!-- \/ Yoast SEO plugin. -->","yoast_head_json":{"title":"\u012esigykite scivoli gonfiabili ir castelli gonfiabili Italijoje - dodo-inflatables.com","robots":{"index":"index","follow":"follow","max-snippet":"max-snippet:-1","max-image-preview":"max-image-preview:large","max-video-preview":"max-video-preview:-1"},"canonical":"https:\/\/dodo-inflatables.com\/lt\/isigykite-scivoli-gonfiabili-ir-castelli-gonfiabili-italijoje\/","twitter_misc":{"Est. reading time":"2 minut\u0117s"},"schema":{"@context":"https:\/\/schema.org","@graph":[{"@type":"WebPage","@id":"https:\/\/dodo-inflatables.com\/lt\/isigykite-scivoli-gonfiabili-ir-castelli-gonfiabili-italijoje\/","url":"https:\/\/dodo-inflatables.com\/lt\/isigykite-scivoli-gonfiabili-ir-castelli-gonfiabili-italijoje\/","name":"\u012esigykite scivoli gonfiabili ir castelli gonfiabili Italijoje - dodo-inflatables.com","isPartOf":{"@id":"https:\/\/dodo-inflatables.com\/lt\/#website"},"primaryImageOfPage":{"@id":"https:\/\/dodo-inflatables.com\/lt\/isigykite-scivoli-gonfiabili-ir-castelli-gonfiabili-italijoje\/#primaryimage"},"image":{"@id":"https:\/\/dodo-inflatables.com\/lt\/isigykite-scivoli-gonfiabili-ir-castelli-gonfiabili-italijoje\/#primaryimage"},"thumbnailUrl":"https:\/\/dodo-inflatables.com\/wp-content\/uploads\/2022\/01\/seperator-kleiner-1024x102.png","datePublished":"2024-03-07T17:26:38+00:00","dateModified":"2024-07-10T11:55:30+00:00","breadcrumb":{"@id":"https:\/\/dodo-inflatables.com\/lt\/isigykite-scivoli-gonfiabili-ir-castelli-gonfiabili-italijoje\/#breadcrumb"},"inLanguage":"lt-LT","potentialAction":[{"@type":"ReadAction","target":["https:\/\/dodo-inflatables.com\/lt\/isigykite-scivoli-gonfiabili-ir-castelli-gonfiabili-italijoje\/"]}]},{"@type":"ImageObject","inLanguage":"lt-LT","@id":"https:\/\/dodo-inflatables.com\/lt\/isigykite-scivoli-gonfiabili-ir-castelli-gonfiabili-italijoje\/#primaryimage","url":"https:\/\/dodo-inflatables.com\/wp-content\/uploads\/2022\/01\/seperator-kleiner-1024x102.png","contentUrl":"https:\/\/dodo-inflatables.com\/wp-content\/uploads\/2022\/01\/seperator-kleiner-1024x102.png"},{"@type":"BreadcrumbList","@id":"https:\/\/dodo-inflatables.com\/lt\/isigykite-scivoli-gonfiabili-ir-castelli-gonfiabili-italijoje\/#breadcrumb","itemListElement":[{"@type":"ListItem","position":1,"name":"Home","item":"https:\/\/dodo-inflatables.com\/lt\/"},{"@type":"ListItem","position":2,"name":"\u012esigykite scivoli gonfiabili ir castelli gonfiabili Italijoje"}]},{"@type":"WebSite","@id":"https:\/\/dodo-inflatables.com\/lt\/#website","url":"https:\/\/dodo-inflatables.com\/lt\/","name":"dodo-inflatables.com","description":"\u012esigykite \u0161okin\u0117jan\u010di\u0173 pili\u0173 ir atrakcion\u0173 m\u016bs\u0173 parduotuv\u0117je.","potentialAction":[{"@type":"SearchAction","target":{"@type":"EntryPoint","urlTemplate":"https:\/\/dodo-inflatables.com\/lt\/?s={search_term_string}"},"query-input":{"@type":"PropertyValueSpecification","valueRequired":true,"valueName":"search_term_string"}}],"inLanguage":"lt-LT"}]}},"uagb_featured_image_src":{"full":false,"thumbnail":false,"medium":false,"medium_large":false,"large":false,"1536x1536":false,"2048x2048":false,"woocommerce_thumbnail":false,"woocommerce_single":false,"woocommerce_gallery_thumbnail":false},"uagb_author_info":{"display_name":"Andreas","author_link":"https:\/\/dodo-inflatables.com\/lt\/author\/andreas\/"},"uagb_comment_info":0,"uagb_excerpt":"\u012esigykite scivoli gonfiabili ir castelli gonfiabili Italijoje Benvenuti su Dodo-Inflatables.com &#8211; il nostro negozio online di gonfiabili in Europa! Tuffatevi nella nostra vasta selezione di gonfiabili di alta qualit\u00e0, castelli gonfiabili e scivoli che daranno un tocco in pi\u00f9 a qualsiasi occasione. Che siate alla ricerca di un grande gonfiabile per un evento aziendale, di&hellip;","_links":{"self":[{"href":"https:\/\/dodo-inflatables.com\/lt\/wp-json\/wp\/v2\/pages\/11869","targetHints":{"allow":["GET"]}}],"collection":[{"href":"https:\/\/dodo-inflatables.com\/lt\/wp-json\/wp\/v2\/pages"}],"about":[{"href":"https:\/\/dodo-inflatables.com\/lt\/wp-json\/wp\/v2\/types\/page"}],"author":[{"embeddable":true,"href":"https:\/\/dodo-inflatables.com\/lt\/wp-json\/wp\/v2\/users\/1"}],"replies":[{"embeddable":true,"href":"https:\/\/dodo-inflatables.com\/lt\/wp-json\/wp\/v2\/comments?post=11869"}],"version-history":[{"count":4,"href":"https:\/\/dodo-inflatables.com\/lt\/wp-json\/wp\/v2\/pages\/11869\/revisions"}],"predecessor-version":[{"id":16483,"href":"https:\/\/dodo-inflatables.com\/lt\/wp-json\/wp\/v2\/pages\/11869\/revisions\/16483"}],"wp:attachment":[{"href":"https:\/\/dodo-inflatables.com\/lt\/wp-json\/wp\/v2\/media?parent=11869"}],"curies":[{"name":"wp","href":"https:\/\/api.w.org\/{rel}","templated":true}]}}