{"id":12231,"date":"2024-03-01T20:02:30","date_gmt":"2024-03-01T19:02:30","guid":{"rendered":"https:\/\/dodo-inflatables.com\/pirkite-pripuciamas-ciuozyklas-ir-sokliasias-pilis-jungtineje-karalysteje\/"},"modified":"2024-07-10T13:52:05","modified_gmt":"2024-07-10T11:52:05","slug":"pirkite-pripuciamas-ciuozyklas-ir-sokliasias-pilis-jungtineje-karalysteje","status":"publish","type":"page","link":"https:\/\/dodo-inflatables.com\/lt\/pirkite-pripuciamas-ciuozyklas-ir-sokliasias-pilis-jungtineje-karalysteje\/","title":{"rendered":"Pirkite pripu\u010diamas \u010diuo\u017eyklas ir \u0161okli\u0105sias pilis Jungtin\u0117je Karalyst\u0117je"},"content":{"rendered":"\n<h2 class=\"wp-block-heading has-text-align-center\">Pirkite pripu\u010diamas \u010diuo\u017eyklas ir \u0161okli\u0105sias pilis Jungtin\u0117je Karalyst\u0117je<\/h2>\n\n<figure class=\"wp-block-image aligncenter size-large\"><a href=\"https:\/\/dodo-inflatables.com\/wp-content\/uploads\/2022\/01\/seperator-kleiner.png\"><img fetchpriority=\"high\" decoding=\"async\" width=\"1024\" height=\"102\" src=\"https:\/\/dodo-inflatables.com\/wp-content\/uploads\/2022\/01\/seperator-kleiner-1024x102.png\" alt=\"\" class=\"wp-image-4026\" srcset=\"https:\/\/dodo-inflatables.com\/wp-content\/uploads\/2022\/01\/seperator-kleiner-1024x102.png 1024w, https:\/\/dodo-inflatables.com\/wp-content\/uploads\/2022\/01\/seperator-kleiner-900x90.png 900w, https:\/\/dodo-inflatables.com\/wp-content\/uploads\/2022\/01\/seperator-kleiner-300x30.png 300w, https:\/\/dodo-inflatables.com\/wp-content\/uploads\/2022\/01\/seperator-kleiner-768x77.png 768w, https:\/\/dodo-inflatables.com\/wp-content\/uploads\/2022\/01\/seperator-kleiner-1536x154.png 1536w, https:\/\/dodo-inflatables.com\/wp-content\/uploads\/2022\/01\/seperator-kleiner-340x34.png 340w, https:\/\/dodo-inflatables.com\/wp-content\/uploads\/2022\/01\/seperator-kleiner.png 2000w\" sizes=\"(max-width: 1024px) 100vw, 1024px\" \/><\/a><\/figure>\n\n<h3 class=\"wp-block-heading has-text-align-center\">Sveiki atvyk\u0119 \u012f &#8222;Dodo-Inflatables.com&#8221; &#8211; m\u016bs\u0173 internetin\u0119 pripu\u010diam\u0173 preki\u0173 parduotuv\u0119 Europoje!<\/h3>\n\n<div style=\"height:45px\" aria-hidden=\"true\" class=\"wp-block-spacer\"><\/div>\n\n<p style=\"font-size:17px\">Pasinerkite \u012f plat\u0173 auk\u0161tos kokyb\u0117s pripu\u010diam\u0173 atrakcion\u0173, <a href=\"https:\/\/dodo-inflatables.com\/lt\/produkto-kategorija\/bouncy-castles-lt\/\" data-type=\"link\" data-id=\"https:\/\/dodo-inflatables.com\/product-category\/bouncy-castles\/\">pripu\u010diam\u0173 pili\u0173<\/a> ir <a href=\"https:\/\/dodo-inflatables.com\/lt\/produkto-kategorija\/slides-lt\/\" data-type=\"link\" data-id=\"https:\/\/dodo-inflatables.com\/product-category\/slides\/\">\u010diuo\u017eykl\u0173<\/a> pasirinkim\u0105, kuris bet kokiai progai suteiks \u0161iek tiek daugiau d\u017eiaugsmo. Nesvarbu, ar ie\u0161kote didel\u0117s \u0161okin\u0117jan\u010dios pilies \u012fmon\u0117s renginiui, ma\u017eo \u0161okin\u0117jimo namelio vaik\u0173 gimtadienio vakar\u0117liui, ar \u0161okin\u0117jan\u010dios pilies su \u010diuo\u017eykla vasaros vakar\u0117liui &#8211; \u010dia tikrai rasite k\u0105 nors tinkamo!<\/p>\n\n<p style=\"font-size:17px\">M\u016bs\u0173 asortiment\u0105 sudaro ne tik \u012fvairios \u0161okin\u0117jan\u010dios pilys, bet ir platus <a href=\"https:\/\/dodo-inflatables.com\/lt\/produkto-kategorija\/priedai\/\" data-type=\"link\" data-id=\"https:\/\/dodo-inflatables.com\/product-category\/accessories\/\">pried\u0173<\/a> asortimentas, \u012fskaitant &#8221; <a href=\"https:\/\/dodo-inflatables.com\/lt\/produktas\/gibbons-blower-fp5005-15-ag\/\" data-type=\"product\" data-id=\"81\">Gibbons&#8221;<\/a> ir &#8221; <a href=\"https:\/\/dodo-inflatables.com\/lt\/produktas\/huawei-orapute-reh-1-5e-15ps\/\" data-type=\"product\" data-id=\"2724\">Huawei&#8221;<\/a> p\u016btiklus \u0161okin\u0117jan\u010dioms pilims.<\/p>\n\n<p style=\"font-size:17px\">S\u016bpuokli\u0173 pilies ir pried\u0173 siuntimas <strong>\u012f Anglij\u0105 kainuoja 339,00 \u20ac<\/strong>. Jei jums reikia tik pried\u0173, siuntinio siuntimas kainuoja 29,00 EUR.<\/p>\n\n<p style=\"font-size:17px\">Jei pripu\u010diama lova yra sand\u0117lyje, ji bus i\u0161si\u0173sta jums i\u0161 karto gavus mok\u0117jim\u0105. Pristatymas \u012f Jungtin\u0119 Karalyst\u0119 trunka ma\u017edaug <strong>4-6 darbo dienas<\/strong>. Savaranki\u0161kai atsiimti galima i\u0161 m\u016bs\u0173 sand\u0117lio <strong>Miunchene, Vokietijoje<\/strong>.<\/p>\n\n<p style=\"font-size:17px\">Visos m\u016bs\u0173 pripu\u010diamos l\u0117k\u0161t\u0117s atitinka grie\u017etus <strong>DIN EN 14960 <\/strong>saugos standartus ir yra tinkamos naudoti tiek priva\u010diai, tiek komerciniais tikslais. <strong>I\u0161sam\u0173 vadov\u0105 <\/strong>ir<strong> atitinkam\u0105 sertifikat\u0105 <\/strong>gausite i\u0161siunt\u0119 savo nauj\u0105j\u0105 pripu\u010diam\u0105j\u0105 valt\u012f.<\/p>\n\n<p style=\"font-size:17px\">Pirk\u0117jai i\u0161 ne ES \u0161ali\u0173 gali apsipirkti pas mus <strong>be PVM<\/strong>. \u012e internetin\u0117je parduotuv\u0117je nurodytas kainas i\u0161 prad\u017ei\u0173 \u012fskai\u010diuotas Vokietijos PVM (19 %), kuris v\u0117liau bus i\u0161skai\u010diuotas. Siun\u010diant \u012f JK, j\u016bs esate laikomas &#8222;importuotoju&#8221;. Tod\u0117l i\u0161 j\u016bs\u0173 bus pareikalauta sumok\u0117ti importo pardavimo mokest\u012f ir importo muitus. \u012e m\u016bs\u0173 siuntimo \u012f JK i\u0161laidas \u012feina krovinio kaina, muitin\u0117s formalum\u0173 atlikimas ir ABD parengimas.<\/p>\n\n<p style=\"font-size:17px\">Nesvarbu, ar esate privatus naudotojas, ie\u0161kantis \u0161okin\u0117jan\u010dios pilies kitam \u0161eimos vakar\u0117liui, ar komercin\u0117 nuomos \u012fmon\u0117, norinti i\u0161pl\u0117sti savo asortiment\u0105, m\u016bs\u0173 \u0161okin\u0117jan\u010dios pilys tinka visiems. I\u0161 ties\u0173 dauguma m\u016bs\u0173 klient\u0173 visoje Europoje yra \u0161okin\u0117jan\u010di\u0173 pili\u0173 nuomos \u012fmon\u0117s, kurios vertina m\u016bs\u0173 gaminius \u012fvairaus dyd\u017eio renginiams.<\/p>\n\n<p style=\"font-size:17px\">Tikim\u0117s, kad jums patiks nar\u0161yti m\u016bs\u0173 internetin\u0117je parduotuv\u0117je, o \u012f visus klausimus mielai atsakysime adresu <a href=\"mailto:contact@dodo-inflatables.com\">contact@dodo-inflatables.com!<\/a><\/p>\n\n<div style=\"height:45px\" aria-hidden=\"true\" class=\"wp-block-spacer\"><\/div>\n","protected":false},"excerpt":{"rendered":"<p>Pirkite pripu\u010diamas \u010diuo\u017eyklas ir \u0161okli\u0105sias pilis Jungtin\u0117je Karalyst\u0117je Sveiki atvyk\u0119 \u012f &#8222;Dodo-Inflatables.com&#8221; &#8211; m\u016bs\u0173 internetin\u0119 pripu\u010diam\u0173 preki\u0173 parduotuv\u0119 Europoje! Pasinerkite \u012f plat\u0173 auk\u0161tos kokyb\u0117s pripu\u010diam\u0173 atrakcion\u0173, pripu\u010diam\u0173 pili\u0173 ir \u010diuo\u017eykl\u0173 pasirinkim\u0105, kuris bet kokiai progai suteiks \u0161iek tiek daugiau d\u017eiaugsmo. Nesvarbu, ar ie\u0161kote didel\u0117s \u0161okin\u0117jan\u010dios pilies \u012fmon\u0117s renginiui, ma\u017eo \u0161okin\u0117jimo namelio vaik\u0173 gimtadienio vakar\u0117liui, ar [&hellip;]<\/p>\n","protected":false},"author":1,"featured_media":0,"parent":0,"menu_order":0,"comment_status":"closed","ping_status":"closed","template":"","meta":{"_acf_changed":false,"_uag_custom_page_level_css":"","site-sidebar-layout":"default","site-content-layout":"","ast-site-content-layout":"default","site-content-style":"boxed","site-sidebar-style":"default","ast-global-header-display":"","ast-banner-title-visibility":"","ast-main-header-display":"","ast-hfb-above-header-display":"","ast-hfb-below-header-display":"","ast-hfb-mobile-header-display":"","site-post-title":"","ast-breadcrumbs-content":"","ast-featured-img":"","footer-sml-layout":"","ast-disable-related-posts":"","theme-transparent-header-meta":"","adv-header-id-meta":"4069","stick-header-meta":"","header-above-stick-meta":"","header-main-stick-meta":"","header-below-stick-meta":"","astra-migrate-meta-layouts":"default","ast-page-background-enabled":"default","ast-page-background-meta":{"desktop":{"background-color":"var(--ast-global-color-4)","background-image":"","background-repeat":"repeat","background-position":"center center","background-size":"auto","background-attachment":"scroll","background-type":"","background-media":"","overlay-type":"","overlay-color":"","overlay-opacity":"","overlay-gradient":""},"tablet":{"background-color":"","background-image":"","background-repeat":"repeat","background-position":"center center","background-size":"auto","background-attachment":"scroll","background-type":"","background-media":"","overlay-type":"","overlay-color":"","overlay-opacity":"","overlay-gradient":""},"mobile":{"background-color":"","background-image":"","background-repeat":"repeat","background-position":"center center","background-size":"auto","background-attachment":"scroll","background-type":"","background-media":"","overlay-type":"","overlay-color":"","overlay-opacity":"","overlay-gradient":""}},"ast-content-background-meta":{"desktop":{"background-color":"var(--ast-global-color-5)","background-image":"","background-repeat":"repeat","background-position":"center center","background-size":"auto","background-attachment":"scroll","background-type":"","background-media":"","overlay-type":"","overlay-color":"","overlay-opacity":"","overlay-gradient":""},"tablet":{"background-color":"var(--ast-global-color-5)","background-image":"","background-repeat":"repeat","background-position":"center center","background-size":"auto","background-attachment":"scroll","background-type":"","background-media":"","overlay-type":"","overlay-color":"","overlay-opacity":"","overlay-gradient":""},"mobile":{"background-color":"var(--ast-global-color-5)","background-image":"","background-repeat":"repeat","background-position":"center center","background-size":"auto","background-attachment":"scroll","background-type":"","background-media":"","overlay-type":"","overlay-color":"","overlay-opacity":"","overlay-gradient":""}},"footnotes":""},"class_list":["post-12231","page","type-page","status-publish","hentry"],"acf":[],"yoast_head":"<!-- This site is optimized with the Yoast SEO plugin v27.5 - https:\/\/yoast.com\/product\/yoast-seo-wordpress\/ -->\n<title>Pirkite pripu\u010diamas \u010diuo\u017eyklas ir \u0161okli\u0105sias pilis Jungtin\u0117je Karalyst\u0117je - dodo-inflatables.com<\/title>\n<meta name=\"robots\" content=\"index, follow, max-snippet:-1, max-image-preview:large, max-video-preview:-1\" \/>\n<link rel=\"canonical\" href=\"https:\/\/dodo-inflatables.com\/lt\/pirkite-pripuciamas-ciuozyklas-ir-sokliasias-pilis-jungtineje-karalysteje\/\" \/>\n<meta name=\"twitter:label1\" content=\"Est. reading time\" \/>\n\t<meta name=\"twitter:data1\" content=\"2 minut\u0117s\" \/>\n<script type=\"application\/ld+json\" class=\"yoast-schema-graph\">{\"@context\":\"https:\\\/\\\/schema.org\",\"@graph\":[{\"@type\":\"WebPage\",\"@id\":\"https:\\\/\\\/dodo-inflatables.com\\\/lt\\\/pirkite-pripuciamas-ciuozyklas-ir-sokliasias-pilis-jungtineje-karalysteje\\\/\",\"url\":\"https:\\\/\\\/dodo-inflatables.com\\\/lt\\\/pirkite-pripuciamas-ciuozyklas-ir-sokliasias-pilis-jungtineje-karalysteje\\\/\",\"name\":\"Pirkite pripu\u010diamas \u010diuo\u017eyklas ir \u0161okli\u0105sias pilis Jungtin\u0117je Karalyst\u0117je - dodo-inflatables.com\",\"isPartOf\":{\"@id\":\"https:\\\/\\\/dodo-inflatables.com\\\/lt\\\/#website\"},\"primaryImageOfPage\":{\"@id\":\"https:\\\/\\\/dodo-inflatables.com\\\/lt\\\/pirkite-pripuciamas-ciuozyklas-ir-sokliasias-pilis-jungtineje-karalysteje\\\/#primaryimage\"},\"image\":{\"@id\":\"https:\\\/\\\/dodo-inflatables.com\\\/lt\\\/pirkite-pripuciamas-ciuozyklas-ir-sokliasias-pilis-jungtineje-karalysteje\\\/#primaryimage\"},\"thumbnailUrl\":\"https:\\\/\\\/dodo-inflatables.com\\\/wp-content\\\/uploads\\\/2022\\\/01\\\/seperator-kleiner-1024x102.png\",\"datePublished\":\"2024-03-01T19:02:30+00:00\",\"dateModified\":\"2024-07-10T11:52:05+00:00\",\"breadcrumb\":{\"@id\":\"https:\\\/\\\/dodo-inflatables.com\\\/lt\\\/pirkite-pripuciamas-ciuozyklas-ir-sokliasias-pilis-jungtineje-karalysteje\\\/#breadcrumb\"},\"inLanguage\":\"lt-LT\",\"potentialAction\":[{\"@type\":\"ReadAction\",\"target\":[\"https:\\\/\\\/dodo-inflatables.com\\\/lt\\\/pirkite-pripuciamas-ciuozyklas-ir-sokliasias-pilis-jungtineje-karalysteje\\\/\"]}]},{\"@type\":\"ImageObject\",\"inLanguage\":\"lt-LT\",\"@id\":\"https:\\\/\\\/dodo-inflatables.com\\\/lt\\\/pirkite-pripuciamas-ciuozyklas-ir-sokliasias-pilis-jungtineje-karalysteje\\\/#primaryimage\",\"url\":\"https:\\\/\\\/dodo-inflatables.com\\\/wp-content\\\/uploads\\\/2022\\\/01\\\/seperator-kleiner-1024x102.png\",\"contentUrl\":\"https:\\\/\\\/dodo-inflatables.com\\\/wp-content\\\/uploads\\\/2022\\\/01\\\/seperator-kleiner-1024x102.png\"},{\"@type\":\"BreadcrumbList\",\"@id\":\"https:\\\/\\\/dodo-inflatables.com\\\/lt\\\/pirkite-pripuciamas-ciuozyklas-ir-sokliasias-pilis-jungtineje-karalysteje\\\/#breadcrumb\",\"itemListElement\":[{\"@type\":\"ListItem\",\"position\":1,\"name\":\"Home\",\"item\":\"https:\\\/\\\/dodo-inflatables.com\\\/lt\\\/\"},{\"@type\":\"ListItem\",\"position\":2,\"name\":\"Pirkite pripu\u010diamas \u010diuo\u017eyklas ir \u0161okli\u0105sias pilis Jungtin\u0117je Karalyst\u0117je\"}]},{\"@type\":\"WebSite\",\"@id\":\"https:\\\/\\\/dodo-inflatables.com\\\/lt\\\/#website\",\"url\":\"https:\\\/\\\/dodo-inflatables.com\\\/lt\\\/\",\"name\":\"dodo-inflatables.com\",\"description\":\"\u012esigykite \u0161okin\u0117jan\u010di\u0173 pili\u0173 ir atrakcion\u0173 m\u016bs\u0173 parduotuv\u0117je.\",\"potentialAction\":[{\"@type\":\"SearchAction\",\"target\":{\"@type\":\"EntryPoint\",\"urlTemplate\":\"https:\\\/\\\/dodo-inflatables.com\\\/lt\\\/?s={search_term_string}\"},\"query-input\":{\"@type\":\"PropertyValueSpecification\",\"valueRequired\":true,\"valueName\":\"search_term_string\"}}],\"inLanguage\":\"lt-LT\"}]}<\/script>\n<!-- \/ Yoast SEO plugin. -->","yoast_head_json":{"title":"Pirkite pripu\u010diamas \u010diuo\u017eyklas ir \u0161okli\u0105sias pilis Jungtin\u0117je Karalyst\u0117je - dodo-inflatables.com","robots":{"index":"index","follow":"follow","max-snippet":"max-snippet:-1","max-image-preview":"max-image-preview:large","max-video-preview":"max-video-preview:-1"},"canonical":"https:\/\/dodo-inflatables.com\/lt\/pirkite-pripuciamas-ciuozyklas-ir-sokliasias-pilis-jungtineje-karalysteje\/","twitter_misc":{"Est. reading time":"2 minut\u0117s"},"schema":{"@context":"https:\/\/schema.org","@graph":[{"@type":"WebPage","@id":"https:\/\/dodo-inflatables.com\/lt\/pirkite-pripuciamas-ciuozyklas-ir-sokliasias-pilis-jungtineje-karalysteje\/","url":"https:\/\/dodo-inflatables.com\/lt\/pirkite-pripuciamas-ciuozyklas-ir-sokliasias-pilis-jungtineje-karalysteje\/","name":"Pirkite pripu\u010diamas \u010diuo\u017eyklas ir \u0161okli\u0105sias pilis Jungtin\u0117je Karalyst\u0117je - dodo-inflatables.com","isPartOf":{"@id":"https:\/\/dodo-inflatables.com\/lt\/#website"},"primaryImageOfPage":{"@id":"https:\/\/dodo-inflatables.com\/lt\/pirkite-pripuciamas-ciuozyklas-ir-sokliasias-pilis-jungtineje-karalysteje\/#primaryimage"},"image":{"@id":"https:\/\/dodo-inflatables.com\/lt\/pirkite-pripuciamas-ciuozyklas-ir-sokliasias-pilis-jungtineje-karalysteje\/#primaryimage"},"thumbnailUrl":"https:\/\/dodo-inflatables.com\/wp-content\/uploads\/2022\/01\/seperator-kleiner-1024x102.png","datePublished":"2024-03-01T19:02:30+00:00","dateModified":"2024-07-10T11:52:05+00:00","breadcrumb":{"@id":"https:\/\/dodo-inflatables.com\/lt\/pirkite-pripuciamas-ciuozyklas-ir-sokliasias-pilis-jungtineje-karalysteje\/#breadcrumb"},"inLanguage":"lt-LT","potentialAction":[{"@type":"ReadAction","target":["https:\/\/dodo-inflatables.com\/lt\/pirkite-pripuciamas-ciuozyklas-ir-sokliasias-pilis-jungtineje-karalysteje\/"]}]},{"@type":"ImageObject","inLanguage":"lt-LT","@id":"https:\/\/dodo-inflatables.com\/lt\/pirkite-pripuciamas-ciuozyklas-ir-sokliasias-pilis-jungtineje-karalysteje\/#primaryimage","url":"https:\/\/dodo-inflatables.com\/wp-content\/uploads\/2022\/01\/seperator-kleiner-1024x102.png","contentUrl":"https:\/\/dodo-inflatables.com\/wp-content\/uploads\/2022\/01\/seperator-kleiner-1024x102.png"},{"@type":"BreadcrumbList","@id":"https:\/\/dodo-inflatables.com\/lt\/pirkite-pripuciamas-ciuozyklas-ir-sokliasias-pilis-jungtineje-karalysteje\/#breadcrumb","itemListElement":[{"@type":"ListItem","position":1,"name":"Home","item":"https:\/\/dodo-inflatables.com\/lt\/"},{"@type":"ListItem","position":2,"name":"Pirkite pripu\u010diamas \u010diuo\u017eyklas ir \u0161okli\u0105sias pilis Jungtin\u0117je Karalyst\u0117je"}]},{"@type":"WebSite","@id":"https:\/\/dodo-inflatables.com\/lt\/#website","url":"https:\/\/dodo-inflatables.com\/lt\/","name":"dodo-inflatables.com","description":"\u012esigykite \u0161okin\u0117jan\u010di\u0173 pili\u0173 ir atrakcion\u0173 m\u016bs\u0173 parduotuv\u0117je.","potentialAction":[{"@type":"SearchAction","target":{"@type":"EntryPoint","urlTemplate":"https:\/\/dodo-inflatables.com\/lt\/?s={search_term_string}"},"query-input":{"@type":"PropertyValueSpecification","valueRequired":true,"valueName":"search_term_string"}}],"inLanguage":"lt-LT"}]}},"uagb_featured_image_src":{"full":false,"thumbnail":false,"medium":false,"medium_large":false,"large":false,"1536x1536":false,"2048x2048":false,"woocommerce_thumbnail":false,"woocommerce_single":false,"woocommerce_gallery_thumbnail":false},"uagb_author_info":{"display_name":"Andreas","author_link":"https:\/\/dodo-inflatables.com\/lt\/author\/andreas\/"},"uagb_comment_info":0,"uagb_excerpt":"Pirkite pripu\u010diamas \u010diuo\u017eyklas ir \u0161okli\u0105sias pilis Jungtin\u0117je Karalyst\u0117je Sveiki atvyk\u0119 \u012f &#8222;Dodo-Inflatables.com&#8221; &#8211; m\u016bs\u0173 internetin\u0119 pripu\u010diam\u0173 preki\u0173 parduotuv\u0119 Europoje! Pasinerkite \u012f plat\u0173 auk\u0161tos kokyb\u0117s pripu\u010diam\u0173 atrakcion\u0173, pripu\u010diam\u0173 pili\u0173 ir \u010diuo\u017eykl\u0173 pasirinkim\u0105, kuris bet kokiai progai suteiks \u0161iek tiek daugiau d\u017eiaugsmo. Nesvarbu, ar ie\u0161kote didel\u0117s \u0161okin\u0117jan\u010dios pilies \u012fmon\u0117s renginiui, ma\u017eo \u0161okin\u0117jimo namelio vaik\u0173 gimtadienio vakar\u0117liui, ar&hellip;","_links":{"self":[{"href":"https:\/\/dodo-inflatables.com\/lt\/wp-json\/wp\/v2\/pages\/12231","targetHints":{"allow":["GET"]}}],"collection":[{"href":"https:\/\/dodo-inflatables.com\/lt\/wp-json\/wp\/v2\/pages"}],"about":[{"href":"https:\/\/dodo-inflatables.com\/lt\/wp-json\/wp\/v2\/types\/page"}],"author":[{"embeddable":true,"href":"https:\/\/dodo-inflatables.com\/lt\/wp-json\/wp\/v2\/users\/1"}],"replies":[{"embeddable":true,"href":"https:\/\/dodo-inflatables.com\/lt\/wp-json\/wp\/v2\/comments?post=12231"}],"version-history":[{"count":4,"href":"https:\/\/dodo-inflatables.com\/lt\/wp-json\/wp\/v2\/pages\/12231\/revisions"}],"predecessor-version":[{"id":16281,"href":"https:\/\/dodo-inflatables.com\/lt\/wp-json\/wp\/v2\/pages\/12231\/revisions\/16281"}],"wp:attachment":[{"href":"https:\/\/dodo-inflatables.com\/lt\/wp-json\/wp\/v2\/media?parent=12231"}],"curies":[{"name":"wp","href":"https:\/\/api.w.org\/{rel}","templated":true}]}}