{"id":12342,"date":"2020-04-22T12:15:24","date_gmt":"2020-04-22T10:15:24","guid":{"rendered":"https:\/\/dodo-inflatables.com\/piesiniu-pristatymas-i-latvija\/"},"modified":"2024-06-01T18:23:40","modified_gmt":"2024-06-01T16:23:40","slug":"piesiniu-pristatymas-i-latvija","status":"publish","type":"page","link":"https:\/\/dodo-inflatables.com\/lt\/piesiniu-pristatymas-i-latvija\/","title":{"rendered":"Pie\u0161ini\u0173 pristatymas \u012f Latvij\u0105"},"content":{"rendered":"\n<h2 class=\"wp-block-heading\" id=\"piegade-uz-latviju\">Pie\u0161ini\u0173 pristatymas \u012f Latvij\u0105<\/h2>\n\n<p>M\u0113s ar prieku pieg\u0101d\u0101jam v\u0113lamo pomp\u012bgo pili Latvijai.<\/p>\n\n<p>Kaip privat\u016bs asmenys no jums tiks iekas\u0113ts PVN no Vokietijos. U\u017esakym\u0105 var reguliariai atlikti internete veikal\u0101.<\/p>\n\n<p>U\u017esakiet kaip \u012fmoni\u0173 ir jums ir der\u012bgs prekybos mokes\u010dio numeris (PVN)? Tad mes galime jums preces parduoti be mokes\u010di\u0173. L\u016bdzu, u\u017esisakykite mums pa e-pastu.<\/p>\n","protected":false},"excerpt":{"rendered":"<p>Pie\u0161ini\u0173 pristatymas \u012f Latvij\u0105 M\u0113s ar prieku pieg\u0101d\u0101jam v\u0113lamo pomp\u012bgo pili Latvijai. Kaip privat\u016bs asmenys no jums tiks iekas\u0113ts PVN no Vokietijos. U\u017esakym\u0105 var reguliariai atlikti internete veikal\u0101. U\u017esakiet kaip \u012fmoni\u0173 ir jums ir der\u012bgs prekybos mokes\u010dio numeris (PVN)? Tad mes galime jums preces parduoti be mokes\u010di\u0173. L\u016bdzu, u\u017esisakykite mums pa e-pastu.<\/p>\n","protected":false},"author":1,"featured_media":0,"parent":0,"menu_order":0,"comment_status":"closed","ping_status":"closed","template":"","meta":{"_acf_changed":false,"_uag_custom_page_level_css":"","site-sidebar-layout":"default","site-content-layout":"content-boxed-container","ast-site-content-layout":"default","site-content-style":"default","site-sidebar-style":"default","ast-global-header-display":"","ast-banner-title-visibility":"","ast-main-header-display":"","ast-hfb-above-header-display":"","ast-hfb-below-header-display":"","ast-hfb-mobile-header-display":"","site-post-title":"disabled","ast-breadcrumbs-content":"disabled","ast-featured-img":"disabled","footer-sml-layout":"","ast-disable-related-posts":"","theme-transparent-header-meta":"","adv-header-id-meta":"4069","stick-header-meta":"","header-above-stick-meta":"","header-main-stick-meta":"","header-below-stick-meta":"","astra-migrate-meta-layouts":"default","ast-page-background-enabled":"default","ast-page-background-meta":{"desktop":{"background-color":"var(--ast-global-color-4)","background-image":"","background-repeat":"repeat","background-position":"center center","background-size":"auto","background-attachment":"scroll","background-type":"","background-media":"","overlay-type":"","overlay-color":"","overlay-opacity":"","overlay-gradient":""},"tablet":{"background-color":"","background-image":"","background-repeat":"repeat","background-position":"center center","background-size":"auto","background-attachment":"scroll","background-type":"","background-media":"","overlay-type":"","overlay-color":"","overlay-opacity":"","overlay-gradient":""},"mobile":{"background-color":"","background-image":"","background-repeat":"repeat","background-position":"center center","background-size":"auto","background-attachment":"scroll","background-type":"","background-media":"","overlay-type":"","overlay-color":"","overlay-opacity":"","overlay-gradient":""}},"ast-content-background-meta":{"desktop":{"background-color":"var(--ast-global-color-5)","background-image":"","background-repeat":"repeat","background-position":"center center","background-size":"auto","background-attachment":"scroll","background-type":"","background-media":"","overlay-type":"","overlay-color":"","overlay-opacity":"","overlay-gradient":""},"tablet":{"background-color":"var(--ast-global-color-5)","background-image":"","background-repeat":"repeat","background-position":"center center","background-size":"auto","background-attachment":"scroll","background-type":"","background-media":"","overlay-type":"","overlay-color":"","overlay-opacity":"","overlay-gradient":""},"mobile":{"background-color":"var(--ast-global-color-5)","background-image":"","background-repeat":"repeat","background-position":"center center","background-size":"auto","background-attachment":"scroll","background-type":"","background-media":"","overlay-type":"","overlay-color":"","overlay-opacity":"","overlay-gradient":""}},"footnotes":""},"class_list":["post-12342","page","type-page","status-publish","hentry"],"acf":[],"yoast_head":"<!-- This site is optimized with the Yoast SEO plugin v27.4 - https:\/\/yoast.com\/product\/yoast-seo-wordpress\/ -->\n<title>P\u0113rciet piepe\u0161i pili | Pieg\u0101de uz Latviju<\/title>\n<meta name=\"description\" content=\"Pie mums j\u016bs atrad\u012bsit didel\u0119 auk\u0161tos kokyb\u0117s piep\u016b\u0161amo materialaus kiekio did\u012fj\u012f dizain\u0105! \u2713 Pieg\u0101de iesp\u0113jama visoje Europoje! \u2713 \u0100tra pieg\u0101de!\" \/>\n<meta name=\"robots\" content=\"index, follow, max-snippet:-1, max-image-preview:large, max-video-preview:-1\" \/>\n<link rel=\"canonical\" href=\"https:\/\/dodo-inflatables.com\/lt\/piesiniu-pristatymas-i-latvija\/\" \/>\n<script type=\"application\/ld+json\" class=\"yoast-schema-graph\">{\"@context\":\"https:\\\/\\\/schema.org\",\"@graph\":[{\"@type\":\"WebPage\",\"@id\":\"https:\\\/\\\/dodo-inflatables.com\\\/lt\\\/piesiniu-pristatymas-i-latvija\\\/\",\"url\":\"https:\\\/\\\/dodo-inflatables.com\\\/lt\\\/piesiniu-pristatymas-i-latvija\\\/\",\"name\":\"P\u0113rciet piepe\u0161i pili | Pieg\u0101de uz Latviju\",\"isPartOf\":{\"@id\":\"https:\\\/\\\/dodo-inflatables.com\\\/lt\\\/#website\"},\"datePublished\":\"2020-04-22T10:15:24+00:00\",\"dateModified\":\"2024-06-01T16:23:40+00:00\",\"description\":\"Pie mums j\u016bs atrad\u012bsit didel\u0119 auk\u0161tos kokyb\u0117s piep\u016b\u0161amo materialaus kiekio did\u012fj\u012f dizain\u0105! \u2713 Pieg\u0101de iesp\u0113jama visoje Europoje! \u2713 \u0100tra pieg\u0101de!\",\"breadcrumb\":{\"@id\":\"https:\\\/\\\/dodo-inflatables.com\\\/lt\\\/piesiniu-pristatymas-i-latvija\\\/#breadcrumb\"},\"inLanguage\":\"lt-LT\",\"potentialAction\":[{\"@type\":\"ReadAction\",\"target\":[\"https:\\\/\\\/dodo-inflatables.com\\\/lt\\\/piesiniu-pristatymas-i-latvija\\\/\"]}]},{\"@type\":\"BreadcrumbList\",\"@id\":\"https:\\\/\\\/dodo-inflatables.com\\\/lt\\\/piesiniu-pristatymas-i-latvija\\\/#breadcrumb\",\"itemListElement\":[{\"@type\":\"ListItem\",\"position\":1,\"name\":\"Home\",\"item\":\"https:\\\/\\\/dodo-inflatables.com\\\/lt\\\/\"},{\"@type\":\"ListItem\",\"position\":2,\"name\":\"Pie\u0161ini\u0173 pristatymas \u012f Latvij\u0105\"}]},{\"@type\":\"WebSite\",\"@id\":\"https:\\\/\\\/dodo-inflatables.com\\\/lt\\\/#website\",\"url\":\"https:\\\/\\\/dodo-inflatables.com\\\/lt\\\/\",\"name\":\"dodo-inflatables.com\",\"description\":\"\u012esigykite \u0161okin\u0117jan\u010di\u0173 pili\u0173 ir atrakcion\u0173 m\u016bs\u0173 parduotuv\u0117je.\",\"publisher\":{\"@id\":\"https:\\\/\\\/dodo-inflatables.com\\\/lt\\\/#organization\"},\"potentialAction\":[{\"@type\":\"SearchAction\",\"target\":{\"@type\":\"EntryPoint\",\"urlTemplate\":\"https:\\\/\\\/dodo-inflatables.com\\\/lt\\\/?s={search_term_string}\"},\"query-input\":{\"@type\":\"PropertyValueSpecification\",\"valueRequired\":true,\"valueName\":\"search_term_string\"}}],\"inLanguage\":\"lt-LT\"},{\"@type\":\"Organization\",\"@id\":\"https:\\\/\\\/dodo-inflatables.com\\\/lt\\\/#organization\",\"name\":\"dodo-inflatables.com\",\"url\":\"https:\\\/\\\/dodo-inflatables.com\\\/lt\\\/\",\"logo\":{\"@type\":\"ImageObject\",\"inLanguage\":\"lt-LT\",\"@id\":\"https:\\\/\\\/dodo-inflatables.com\\\/lt\\\/#\\\/schema\\\/logo\\\/image\\\/\",\"url\":\"https:\\\/\\\/dodo-inflatables.com\\\/wp-content\\\/uploads\\\/2023\\\/04\\\/cropped-cropped-cropped-Dodo-Logo.png\",\"contentUrl\":\"https:\\\/\\\/dodo-inflatables.com\\\/wp-content\\\/uploads\\\/2023\\\/04\\\/cropped-cropped-cropped-Dodo-Logo.png\",\"width\":2996,\"height\":1545,\"caption\":\"dodo-inflatables.com\"},\"image\":{\"@id\":\"https:\\\/\\\/dodo-inflatables.com\\\/lt\\\/#\\\/schema\\\/logo\\\/image\\\/\"}}]}<\/script>\n<!-- \/ Yoast SEO plugin. -->","yoast_head_json":{"title":"P\u0113rciet piepe\u0161i pili | Pieg\u0101de uz Latviju","description":"Pie mums j\u016bs atrad\u012bsit didel\u0119 auk\u0161tos kokyb\u0117s piep\u016b\u0161amo materialaus kiekio did\u012fj\u012f dizain\u0105! \u2713 Pieg\u0101de iesp\u0113jama visoje Europoje! \u2713 \u0100tra pieg\u0101de!","robots":{"index":"index","follow":"follow","max-snippet":"max-snippet:-1","max-image-preview":"max-image-preview:large","max-video-preview":"max-video-preview:-1"},"canonical":"https:\/\/dodo-inflatables.com\/lt\/piesiniu-pristatymas-i-latvija\/","schema":{"@context":"https:\/\/schema.org","@graph":[{"@type":"WebPage","@id":"https:\/\/dodo-inflatables.com\/lt\/piesiniu-pristatymas-i-latvija\/","url":"https:\/\/dodo-inflatables.com\/lt\/piesiniu-pristatymas-i-latvija\/","name":"P\u0113rciet piepe\u0161i pili | Pieg\u0101de uz Latviju","isPartOf":{"@id":"https:\/\/dodo-inflatables.com\/lt\/#website"},"datePublished":"2020-04-22T10:15:24+00:00","dateModified":"2024-06-01T16:23:40+00:00","description":"Pie mums j\u016bs atrad\u012bsit didel\u0119 auk\u0161tos kokyb\u0117s piep\u016b\u0161amo materialaus kiekio did\u012fj\u012f dizain\u0105! \u2713 Pieg\u0101de iesp\u0113jama visoje Europoje! \u2713 \u0100tra pieg\u0101de!","breadcrumb":{"@id":"https:\/\/dodo-inflatables.com\/lt\/piesiniu-pristatymas-i-latvija\/#breadcrumb"},"inLanguage":"lt-LT","potentialAction":[{"@type":"ReadAction","target":["https:\/\/dodo-inflatables.com\/lt\/piesiniu-pristatymas-i-latvija\/"]}]},{"@type":"BreadcrumbList","@id":"https:\/\/dodo-inflatables.com\/lt\/piesiniu-pristatymas-i-latvija\/#breadcrumb","itemListElement":[{"@type":"ListItem","position":1,"name":"Home","item":"https:\/\/dodo-inflatables.com\/lt\/"},{"@type":"ListItem","position":2,"name":"Pie\u0161ini\u0173 pristatymas \u012f Latvij\u0105"}]},{"@type":"WebSite","@id":"https:\/\/dodo-inflatables.com\/lt\/#website","url":"https:\/\/dodo-inflatables.com\/lt\/","name":"dodo-inflatables.com","description":"\u012esigykite \u0161okin\u0117jan\u010di\u0173 pili\u0173 ir atrakcion\u0173 m\u016bs\u0173 parduotuv\u0117je.","publisher":{"@id":"https:\/\/dodo-inflatables.com\/lt\/#organization"},"potentialAction":[{"@type":"SearchAction","target":{"@type":"EntryPoint","urlTemplate":"https:\/\/dodo-inflatables.com\/lt\/?s={search_term_string}"},"query-input":{"@type":"PropertyValueSpecification","valueRequired":true,"valueName":"search_term_string"}}],"inLanguage":"lt-LT"},{"@type":"Organization","@id":"https:\/\/dodo-inflatables.com\/lt\/#organization","name":"dodo-inflatables.com","url":"https:\/\/dodo-inflatables.com\/lt\/","logo":{"@type":"ImageObject","inLanguage":"lt-LT","@id":"https:\/\/dodo-inflatables.com\/lt\/#\/schema\/logo\/image\/","url":"https:\/\/dodo-inflatables.com\/wp-content\/uploads\/2023\/04\/cropped-cropped-cropped-Dodo-Logo.png","contentUrl":"https:\/\/dodo-inflatables.com\/wp-content\/uploads\/2023\/04\/cropped-cropped-cropped-Dodo-Logo.png","width":2996,"height":1545,"caption":"dodo-inflatables.com"},"image":{"@id":"https:\/\/dodo-inflatables.com\/lt\/#\/schema\/logo\/image\/"}}]}},"uagb_featured_image_src":{"full":false,"thumbnail":false,"medium":false,"medium_large":false,"large":false,"1536x1536":false,"2048x2048":false,"woocommerce_thumbnail":false,"woocommerce_single":false,"woocommerce_gallery_thumbnail":false},"uagb_author_info":{"display_name":"Andreas","author_link":"https:\/\/dodo-inflatables.com\/lt\/author\/andreas\/"},"uagb_comment_info":0,"uagb_excerpt":"Pie\u0161ini\u0173 pristatymas \u012f Latvij\u0105 M\u0113s ar prieku pieg\u0101d\u0101jam v\u0113lamo pomp\u012bgo pili Latvijai. Kaip privat\u016bs asmenys no jums tiks iekas\u0113ts PVN no Vokietijos. U\u017esakym\u0105 var reguliariai atlikti internete veikal\u0101. U\u017esakiet kaip \u012fmoni\u0173 ir jums ir der\u012bgs prekybos mokes\u010dio numeris (PVN)? Tad mes galime jums preces parduoti be mokes\u010di\u0173. L\u016bdzu, u\u017esisakykite mums pa e-pastu.","_links":{"self":[{"href":"https:\/\/dodo-inflatables.com\/lt\/wp-json\/wp\/v2\/pages\/12342","targetHints":{"allow":["GET"]}}],"collection":[{"href":"https:\/\/dodo-inflatables.com\/lt\/wp-json\/wp\/v2\/pages"}],"about":[{"href":"https:\/\/dodo-inflatables.com\/lt\/wp-json\/wp\/v2\/types\/page"}],"author":[{"embeddable":true,"href":"https:\/\/dodo-inflatables.com\/lt\/wp-json\/wp\/v2\/users\/1"}],"replies":[{"embeddable":true,"href":"https:\/\/dodo-inflatables.com\/lt\/wp-json\/wp\/v2\/comments?post=12342"}],"version-history":[{"count":2,"href":"https:\/\/dodo-inflatables.com\/lt\/wp-json\/wp\/v2\/pages\/12342\/revisions"}],"predecessor-version":[{"id":12346,"href":"https:\/\/dodo-inflatables.com\/lt\/wp-json\/wp\/v2\/pages\/12342\/revisions\/12346"}],"wp:attachment":[{"href":"https:\/\/dodo-inflatables.com\/lt\/wp-json\/wp\/v2\/media?parent=12342"}],"curies":[{"name":"wp","href":"https:\/\/api.w.org\/{rel}","templated":true}]}}