{"id":12384,"date":"2020-04-22T12:11:06","date_gmt":"2020-04-22T10:11:06","guid":{"rendered":"https:\/\/dodo-inflatables.com\/magijos-nacionaline-prokuratura\/"},"modified":"2024-06-01T18:23:46","modified_gmt":"2024-06-01T16:23:46","slug":"magijos-nacionaline-prokuratura","status":"publish","type":"page","link":"https:\/\/dodo-inflatables.com\/lt\/magijos-nacionaline-prokuratura\/","title":{"rendered":"Magijos nacionalin\u0117 prokurat\u016bra"},"content":{"rendered":"\n<h2 class=\"wp-block-heading\" id=\"szallitas-magyarorszagra\">Magijos nacionalin\u0117 prokurat\u016bra<\/h2>\n\n<p>\u00d6r\u00f6mmel sz\u00e1ll\u00edtottuk a k\u00edv\u00e1nt pattog\u00f3 kast\u00e9lyt Magyarorsz\u00e1gra.<\/p>\n\n<p>Mag\u00e1nszem\u00e9lyk\u00e9nt n\u00e9met \u00e1f\u00e1t kell fizetnie. A megrendel\u00e9st rendszeresen elv\u00e9gezheti az online bolton kereszt\u00fcl.<\/p>\n\n<p>Rendeljen t\u00e1rsas\u00e1gk\u00e9nt \u00e9s \u00e9rv\u00e9nyes forgalmi ad\u00f3sz\u00e1mmal (H\u00c9A) rendelkezzen? Akkor ad\u00f3mentesen eladhatjuk az \u00e1rut. Ehhez k\u00e9rj\u00fck, \u00edrjon nek\u00fcnk e-mailben.<\/p>\n","protected":false},"excerpt":{"rendered":"<p>Magijos nacionalin\u0117 prokurat\u016bra \u00d6r\u00f6mmel sz\u00e1ll\u00edtottuk a k\u00edv\u00e1nt pattog\u00f3 kast\u00e9lyt Magyarorsz\u00e1gra. Mag\u00e1nszem\u00e9lyk\u00e9nt n\u00e9met \u00e1f\u00e1t kell fizetnie. A megrendel\u00e9st rendszeresen elv\u00e9gezheti az online bolton kereszt\u00fcl. Rendeljen t\u00e1rsas\u00e1gk\u00e9nt \u00e9s \u00e9rv\u00e9nyes forgalmi ad\u00f3sz\u00e1mmal (H\u00c9A) rendelkezzen? Akkor ad\u00f3mentesen eladhatjuk az \u00e1rut. Ehhez k\u00e9rj\u00fck, \u00edrjon nek\u00fcnk e-mailben.<\/p>\n","protected":false},"author":1,"featured_media":0,"parent":0,"menu_order":0,"comment_status":"closed","ping_status":"closed","template":"","meta":{"_acf_changed":false,"_uag_custom_page_level_css":"","site-sidebar-layout":"default","site-content-layout":"content-boxed-container","ast-site-content-layout":"default","site-content-style":"default","site-sidebar-style":"default","ast-global-header-display":"","ast-banner-title-visibility":"","ast-main-header-display":"","ast-hfb-above-header-display":"","ast-hfb-below-header-display":"","ast-hfb-mobile-header-display":"","site-post-title":"disabled","ast-breadcrumbs-content":"disabled","ast-featured-img":"disabled","footer-sml-layout":"","ast-disable-related-posts":"","theme-transparent-header-meta":"","adv-header-id-meta":"4069","stick-header-meta":"","header-above-stick-meta":"","header-main-stick-meta":"","header-below-stick-meta":"","astra-migrate-meta-layouts":"default","ast-page-background-enabled":"default","ast-page-background-meta":{"desktop":{"background-color":"var(--ast-global-color-4)","background-image":"","background-repeat":"repeat","background-position":"center center","background-size":"auto","background-attachment":"scroll","background-type":"","background-media":"","overlay-type":"","overlay-color":"","overlay-opacity":"","overlay-gradient":""},"tablet":{"background-color":"","background-image":"","background-repeat":"repeat","background-position":"center center","background-size":"auto","background-attachment":"scroll","background-type":"","background-media":"","overlay-type":"","overlay-color":"","overlay-opacity":"","overlay-gradient":""},"mobile":{"background-color":"","background-image":"","background-repeat":"repeat","background-position":"center center","background-size":"auto","background-attachment":"scroll","background-type":"","background-media":"","overlay-type":"","overlay-color":"","overlay-opacity":"","overlay-gradient":""}},"ast-content-background-meta":{"desktop":{"background-color":"var(--ast-global-color-5)","background-image":"","background-repeat":"repeat","background-position":"center center","background-size":"auto","background-attachment":"scroll","background-type":"","background-media":"","overlay-type":"","overlay-color":"","overlay-opacity":"","overlay-gradient":""},"tablet":{"background-color":"var(--ast-global-color-5)","background-image":"","background-repeat":"repeat","background-position":"center center","background-size":"auto","background-attachment":"scroll","background-type":"","background-media":"","overlay-type":"","overlay-color":"","overlay-opacity":"","overlay-gradient":""},"mobile":{"background-color":"var(--ast-global-color-5)","background-image":"","background-repeat":"repeat","background-position":"center center","background-size":"auto","background-attachment":"scroll","background-type":"","background-media":"","overlay-type":"","overlay-color":"","overlay-opacity":"","overlay-gradient":""}},"footnotes":""},"class_list":["post-12384","page","type-page","status-publish","hentry"],"acf":[],"yoast_head":"<!-- This site is optimized with the Yoast SEO plugin v27.4 - https:\/\/yoast.com\/product\/yoast-seo-wordpress\/ -->\n<title>J\u016bs\u0173\u00e1roljon goromba v\u00e1rot Sz\u00e1ll\u00edt\u00e1s Magyarorsz\u00e1gra<\/title>\n<meta name=\"description\" content=\"N\u00e1lunk nagyszer\u0171 kivitel\u0171 kiv\u00e1l\u00f3 min\u0151s\u00e9g\u0171 felf\u00fajhat\u00f3 cs\u00f6vek tal\u00e1lhat\u00f3k! \u2713 Sz\u00e1ll\u00edt\u00e1s lehets\u00e9ges eg\u00e9sz Eur\u00f3p\u00e1ban! \u2713 Gyors sz\u00e1ll\u00edt\u00e1s!\" \/>\n<meta name=\"robots\" content=\"index, follow, max-snippet:-1, max-image-preview:large, max-video-preview:-1\" \/>\n<link rel=\"canonical\" href=\"https:\/\/dodo-inflatables.com\/lt\/magijos-nacionaline-prokuratura\/\" \/>\n<script type=\"application\/ld+json\" class=\"yoast-schema-graph\">{\"@context\":\"https:\\\/\\\/schema.org\",\"@graph\":[{\"@type\":\"WebPage\",\"@id\":\"https:\\\/\\\/dodo-inflatables.com\\\/lt\\\/magijos-nacionaline-prokuratura\\\/\",\"url\":\"https:\\\/\\\/dodo-inflatables.com\\\/lt\\\/magijos-nacionaline-prokuratura\\\/\",\"name\":\"J\u016bs\u0173\u00e1roljon goromba v\u00e1rot Sz\u00e1ll\u00edt\u00e1s Magyarorsz\u00e1gra\",\"isPartOf\":{\"@id\":\"https:\\\/\\\/dodo-inflatables.com\\\/lt\\\/#website\"},\"datePublished\":\"2020-04-22T10:11:06+00:00\",\"dateModified\":\"2024-06-01T16:23:46+00:00\",\"description\":\"N\u00e1lunk nagyszer\u0171 kivitel\u0171 kiv\u00e1l\u00f3 min\u0151s\u00e9g\u0171 felf\u00fajhat\u00f3 cs\u00f6vek tal\u00e1lhat\u00f3k! \u2713 Sz\u00e1ll\u00edt\u00e1s lehets\u00e9ges eg\u00e9sz Eur\u00f3p\u00e1ban! \u2713 Gyors sz\u00e1ll\u00edt\u00e1s!\",\"breadcrumb\":{\"@id\":\"https:\\\/\\\/dodo-inflatables.com\\\/lt\\\/magijos-nacionaline-prokuratura\\\/#breadcrumb\"},\"inLanguage\":\"lt-LT\",\"potentialAction\":[{\"@type\":\"ReadAction\",\"target\":[\"https:\\\/\\\/dodo-inflatables.com\\\/lt\\\/magijos-nacionaline-prokuratura\\\/\"]}]},{\"@type\":\"BreadcrumbList\",\"@id\":\"https:\\\/\\\/dodo-inflatables.com\\\/lt\\\/magijos-nacionaline-prokuratura\\\/#breadcrumb\",\"itemListElement\":[{\"@type\":\"ListItem\",\"position\":1,\"name\":\"Home\",\"item\":\"https:\\\/\\\/dodo-inflatables.com\\\/lt\\\/\"},{\"@type\":\"ListItem\",\"position\":2,\"name\":\"Magijos nacionalin\u0117 prokurat\u016bra\"}]},{\"@type\":\"WebSite\",\"@id\":\"https:\\\/\\\/dodo-inflatables.com\\\/lt\\\/#website\",\"url\":\"https:\\\/\\\/dodo-inflatables.com\\\/lt\\\/\",\"name\":\"dodo-inflatables.com\",\"description\":\"\u012esigykite \u0161okin\u0117jan\u010di\u0173 pili\u0173 ir atrakcion\u0173 m\u016bs\u0173 parduotuv\u0117je.\",\"publisher\":{\"@id\":\"https:\\\/\\\/dodo-inflatables.com\\\/lt\\\/#organization\"},\"potentialAction\":[{\"@type\":\"SearchAction\",\"target\":{\"@type\":\"EntryPoint\",\"urlTemplate\":\"https:\\\/\\\/dodo-inflatables.com\\\/lt\\\/?s={search_term_string}\"},\"query-input\":{\"@type\":\"PropertyValueSpecification\",\"valueRequired\":true,\"valueName\":\"search_term_string\"}}],\"inLanguage\":\"lt-LT\"},{\"@type\":\"Organization\",\"@id\":\"https:\\\/\\\/dodo-inflatables.com\\\/lt\\\/#organization\",\"name\":\"dodo-inflatables.com\",\"url\":\"https:\\\/\\\/dodo-inflatables.com\\\/lt\\\/\",\"logo\":{\"@type\":\"ImageObject\",\"inLanguage\":\"lt-LT\",\"@id\":\"https:\\\/\\\/dodo-inflatables.com\\\/lt\\\/#\\\/schema\\\/logo\\\/image\\\/\",\"url\":\"https:\\\/\\\/dodo-inflatables.com\\\/wp-content\\\/uploads\\\/2023\\\/04\\\/cropped-cropped-cropped-Dodo-Logo.png\",\"contentUrl\":\"https:\\\/\\\/dodo-inflatables.com\\\/wp-content\\\/uploads\\\/2023\\\/04\\\/cropped-cropped-cropped-Dodo-Logo.png\",\"width\":2996,\"height\":1545,\"caption\":\"dodo-inflatables.com\"},\"image\":{\"@id\":\"https:\\\/\\\/dodo-inflatables.com\\\/lt\\\/#\\\/schema\\\/logo\\\/image\\\/\"}}]}<\/script>\n<!-- \/ Yoast SEO plugin. -->","yoast_head_json":{"title":"J\u016bs\u0173\u00e1roljon goromba v\u00e1rot Sz\u00e1ll\u00edt\u00e1s Magyarorsz\u00e1gra","description":"N\u00e1lunk nagyszer\u0171 kivitel\u0171 kiv\u00e1l\u00f3 min\u0151s\u00e9g\u0171 felf\u00fajhat\u00f3 cs\u00f6vek tal\u00e1lhat\u00f3k! \u2713 Sz\u00e1ll\u00edt\u00e1s lehets\u00e9ges eg\u00e9sz Eur\u00f3p\u00e1ban! \u2713 Gyors sz\u00e1ll\u00edt\u00e1s!","robots":{"index":"index","follow":"follow","max-snippet":"max-snippet:-1","max-image-preview":"max-image-preview:large","max-video-preview":"max-video-preview:-1"},"canonical":"https:\/\/dodo-inflatables.com\/lt\/magijos-nacionaline-prokuratura\/","schema":{"@context":"https:\/\/schema.org","@graph":[{"@type":"WebPage","@id":"https:\/\/dodo-inflatables.com\/lt\/magijos-nacionaline-prokuratura\/","url":"https:\/\/dodo-inflatables.com\/lt\/magijos-nacionaline-prokuratura\/","name":"J\u016bs\u0173\u00e1roljon goromba v\u00e1rot Sz\u00e1ll\u00edt\u00e1s Magyarorsz\u00e1gra","isPartOf":{"@id":"https:\/\/dodo-inflatables.com\/lt\/#website"},"datePublished":"2020-04-22T10:11:06+00:00","dateModified":"2024-06-01T16:23:46+00:00","description":"N\u00e1lunk nagyszer\u0171 kivitel\u0171 kiv\u00e1l\u00f3 min\u0151s\u00e9g\u0171 felf\u00fajhat\u00f3 cs\u00f6vek tal\u00e1lhat\u00f3k! \u2713 Sz\u00e1ll\u00edt\u00e1s lehets\u00e9ges eg\u00e9sz Eur\u00f3p\u00e1ban! \u2713 Gyors sz\u00e1ll\u00edt\u00e1s!","breadcrumb":{"@id":"https:\/\/dodo-inflatables.com\/lt\/magijos-nacionaline-prokuratura\/#breadcrumb"},"inLanguage":"lt-LT","potentialAction":[{"@type":"ReadAction","target":["https:\/\/dodo-inflatables.com\/lt\/magijos-nacionaline-prokuratura\/"]}]},{"@type":"BreadcrumbList","@id":"https:\/\/dodo-inflatables.com\/lt\/magijos-nacionaline-prokuratura\/#breadcrumb","itemListElement":[{"@type":"ListItem","position":1,"name":"Home","item":"https:\/\/dodo-inflatables.com\/lt\/"},{"@type":"ListItem","position":2,"name":"Magijos nacionalin\u0117 prokurat\u016bra"}]},{"@type":"WebSite","@id":"https:\/\/dodo-inflatables.com\/lt\/#website","url":"https:\/\/dodo-inflatables.com\/lt\/","name":"dodo-inflatables.com","description":"\u012esigykite \u0161okin\u0117jan\u010di\u0173 pili\u0173 ir atrakcion\u0173 m\u016bs\u0173 parduotuv\u0117je.","publisher":{"@id":"https:\/\/dodo-inflatables.com\/lt\/#organization"},"potentialAction":[{"@type":"SearchAction","target":{"@type":"EntryPoint","urlTemplate":"https:\/\/dodo-inflatables.com\/lt\/?s={search_term_string}"},"query-input":{"@type":"PropertyValueSpecification","valueRequired":true,"valueName":"search_term_string"}}],"inLanguage":"lt-LT"},{"@type":"Organization","@id":"https:\/\/dodo-inflatables.com\/lt\/#organization","name":"dodo-inflatables.com","url":"https:\/\/dodo-inflatables.com\/lt\/","logo":{"@type":"ImageObject","inLanguage":"lt-LT","@id":"https:\/\/dodo-inflatables.com\/lt\/#\/schema\/logo\/image\/","url":"https:\/\/dodo-inflatables.com\/wp-content\/uploads\/2023\/04\/cropped-cropped-cropped-Dodo-Logo.png","contentUrl":"https:\/\/dodo-inflatables.com\/wp-content\/uploads\/2023\/04\/cropped-cropped-cropped-Dodo-Logo.png","width":2996,"height":1545,"caption":"dodo-inflatables.com"},"image":{"@id":"https:\/\/dodo-inflatables.com\/lt\/#\/schema\/logo\/image\/"}}]}},"uagb_featured_image_src":{"full":false,"thumbnail":false,"medium":false,"medium_large":false,"large":false,"1536x1536":false,"2048x2048":false,"woocommerce_thumbnail":false,"woocommerce_single":false,"woocommerce_gallery_thumbnail":false},"uagb_author_info":{"display_name":"Andreas","author_link":"https:\/\/dodo-inflatables.com\/lt\/author\/andreas\/"},"uagb_comment_info":0,"uagb_excerpt":"Magijos nacionalin\u0117 prokurat\u016bra \u00d6r\u00f6mmel sz\u00e1ll\u00edtottuk a k\u00edv\u00e1nt pattog\u00f3 kast\u00e9lyt Magyarorsz\u00e1gra. Mag\u00e1nszem\u00e9lyk\u00e9nt n\u00e9met \u00e1f\u00e1t kell fizetnie. A megrendel\u00e9st rendszeresen elv\u00e9gezheti az online bolton kereszt\u00fcl. Rendeljen t\u00e1rsas\u00e1gk\u00e9nt \u00e9s \u00e9rv\u00e9nyes forgalmi ad\u00f3sz\u00e1mmal (H\u00c9A) rendelkezzen? Akkor ad\u00f3mentesen eladhatjuk az \u00e1rut. Ehhez k\u00e9rj\u00fck, \u00edrjon nek\u00fcnk e-mailben.","_links":{"self":[{"href":"https:\/\/dodo-inflatables.com\/lt\/wp-json\/wp\/v2\/pages\/12384","targetHints":{"allow":["GET"]}}],"collection":[{"href":"https:\/\/dodo-inflatables.com\/lt\/wp-json\/wp\/v2\/pages"}],"about":[{"href":"https:\/\/dodo-inflatables.com\/lt\/wp-json\/wp\/v2\/types\/page"}],"author":[{"embeddable":true,"href":"https:\/\/dodo-inflatables.com\/lt\/wp-json\/wp\/v2\/users\/1"}],"replies":[{"embeddable":true,"href":"https:\/\/dodo-inflatables.com\/lt\/wp-json\/wp\/v2\/comments?post=12384"}],"version-history":[{"count":2,"href":"https:\/\/dodo-inflatables.com\/lt\/wp-json\/wp\/v2\/pages\/12384\/revisions"}],"predecessor-version":[{"id":12386,"href":"https:\/\/dodo-inflatables.com\/lt\/wp-json\/wp\/v2\/pages\/12384\/revisions\/12386"}],"wp:attachment":[{"href":"https:\/\/dodo-inflatables.com\/lt\/wp-json\/wp\/v2\/media?parent=12384"}],"curies":[{"name":"wp","href":"https:\/\/api.w.org\/{rel}","templated":true}]}}