{"id":12399,"date":"2020-03-27T11:12:43","date_gmt":"2020-03-27T10:12:43","guid":{"rendered":"https:\/\/dodo-inflatables.com\/pristatymas-i-es-salis\/"},"modified":"2024-08-19T14:54:17","modified_gmt":"2024-08-19T12:54:17","slug":"pristatymas-i-es-salis","status":"publish","type":"page","link":"https:\/\/dodo-inflatables.com\/lt\/pristatymas-i-es-salis\/","title":{"rendered":"Pristatymas \u012f ES \u0161alis"},"content":{"rendered":"\n<h2 class=\"wp-block-heading has-text-align-center\" id=\"versandarten\"><strong>Siuntimo i\u0161laidos ir informacija apie tarptautin\u012f siuntim\u0105<\/strong><\/h2>\n\n<p class=\"has-text-align-center\"><strong>\u0160okin\u0117jan\u010dios pilys, \u010diuo\u017eyklos<\/strong> ir <strong>rengini\u0173 moduliai<\/strong> supakuojami ant pad\u0117kl\u0173 ir i\u0161siun\u010diami per laivybos \u012fmon\u0119.<\/p>\n\n<p class=\"has-text-align-center\"><strong>Gavus apmok\u0117jim\u0105<\/strong>, prek\u0117s bus i\u0161si\u0173stos t\u0105 pa\u010di\u0105 arba kit\u0105 darbo dien\u0105. ES paprastai pristatoma per 4-6 darbo dienas.<\/p>\n\n<p class=\"has-text-align-center\"><strong>Priedai,<\/strong> pavyzd\u017eiui, p\u016bstuvai, siun\u010diami <strong>DPD<\/strong> arba <strong>UPS<\/strong>.<\/p>\n\n<p>M\u016bs\u0173 sand\u0117lis yra <strong>Miunchene, Vokietijoje<\/strong>. Sumok\u0117j\u0119 ir susitar\u0119 d\u0117l susitikimo, taip pat galite patys atsiimti savo \u0161okli\u0105j\u0105 pil\u012f.<\/p>\n\n<figure class=\"wp-block-image size-large\"><a href=\"https:\/\/dodo-inflatables.com\/wp-content\/uploads\/2022\/01\/seperator-kleiner.png\"><img loading=\"lazy\" decoding=\"async\" width=\"1024\" height=\"102\" src=\"https:\/\/dodo-inflatables.com\/wp-content\/uploads\/2022\/01\/seperator-kleiner-1024x102.png\" alt=\"\" class=\"wp-image-4026\" srcset=\"https:\/\/dodo-inflatables.com\/wp-content\/uploads\/2022\/01\/seperator-kleiner-1024x102.png 1024w, https:\/\/dodo-inflatables.com\/wp-content\/uploads\/2022\/01\/seperator-kleiner-900x90.png 900w, https:\/\/dodo-inflatables.com\/wp-content\/uploads\/2022\/01\/seperator-kleiner-300x30.png 300w, https:\/\/dodo-inflatables.com\/wp-content\/uploads\/2022\/01\/seperator-kleiner-768x77.png 768w, https:\/\/dodo-inflatables.com\/wp-content\/uploads\/2022\/01\/seperator-kleiner-1536x154.png 1536w, https:\/\/dodo-inflatables.com\/wp-content\/uploads\/2022\/01\/seperator-kleiner-340x34.png 340w, https:\/\/dodo-inflatables.com\/wp-content\/uploads\/2022\/01\/seperator-kleiner.png 2000w\" sizes=\"auto, (max-width: 1024px) 100vw, 1024px\" \/><\/a><\/figure>\n\n<h3 class=\"wp-block-heading has-text-align-center\"><strong>Pristatymas \u012f ES \u0161alis ir \u0160veicarij\u0105 + Did\u017ei\u0105j\u0105 Britanij\u0105<\/strong><\/h3>\n\n<p class=\"has-text-align-center\">Siuntimas galimas \u012f visas Europos \u0161alis, taip pat \u0160veicarij\u0105 ir Did\u017ei\u0105j\u0105 Britanij\u0105. Siuntimo i\u0161laidas rasite toliau pateiktoje lentel\u0117je.<\/p>\n\n<p class=\"has-text-align-center\">Jums, kaip priva\u010diam <strong>asmeniui<\/strong>, bus taikomas Vokietijos PVM. U\u017esakym\u0105 galite pateikti kaip \u012fprasta internetin\u0117je parduotuv\u0117je.<\/p>\n\n<p class=\"has-text-align-center\">ES <strong>verslo klientams<\/strong>: Ar u\u017esakote kaip \u012fmon\u0117 ir turite galiojant\u012f PVM mok\u0117tojo kod\u0105? Tuomet galime parduoti prekes be mokes\u010di\u0173. Kasoje \u012fveskite savo PVM mok\u0117tojo kod\u0105.<\/p>\n\n<figure class=\"wp-block-table\"><table><tbody><tr><td><\/td><td class=\"has-text-align-center\" data-align=\"center\"><strong><em>D\u016bzgianti pilis (ve\u017e\u0117jas)<\/em><\/strong><\/td><td class=\"has-text-align-center\" data-align=\"center\"><strong><em>Priedai (paketas)<\/em><\/strong><\/td><\/tr><tr><td><strong>Vokietija<\/strong><\/td><td class=\"has-text-align-center\" data-align=\"center\">128,95 \u20ac<\/td><td class=\"has-text-align-center\" data-align=\"center\">9,95 \u20ac<\/td><\/tr><tr><td><strong>Ispanija (be sal\u0173)<\/strong><\/td><td class=\"has-text-align-center\" data-align=\"center\">299,00 \u20ac<\/td><td class=\"has-text-align-center\" data-align=\"center\">28,00 \u20ac<\/td><\/tr><tr><td><strong>Italija, Pranc\u016bzija, Austrija<\/strong><\/td><td class=\"has-text-align-center\" data-align=\"center\">167,99 \u20ac<\/td><td class=\"has-text-align-center\" data-align=\"center\">18,99 \u20ac<\/td><\/tr><tr><td><strong>Liuksemburgas, Lichten\u0161teinas<\/strong><\/td><td class=\"has-text-align-center\" data-align=\"center\">198,00 \u20ac<\/td><td class=\"has-text-align-center\" data-align=\"center\">19,00 \u20ac<\/td><\/tr><tr><td><strong>Lenkija, \u010cekija, Danija<\/strong><\/td><td class=\"has-text-align-center\" data-align=\"center\">169,00 \u20ac<\/td><td class=\"has-text-align-center\" data-align=\"center\">30,00 \u20ac<\/td><\/tr><tr><td><strong>Rumunija<\/strong><\/td><td class=\"has-text-align-center\" data-align=\"center\">437,00 \u20ac<\/td><td class=\"has-text-align-center\" data-align=\"center\">38,00 \u20ac<\/td><\/tr><tr><td><strong>Suomija<\/strong><\/td><td class=\"has-text-align-center\" data-align=\"center\">307,00 \u20ac<\/td><td class=\"has-text-align-center\" data-align=\"center\">28,00 \u20ac<\/td><\/tr><tr><td><strong>Nyderlandai, Belgija<\/strong><\/td><td class=\"has-text-align-center\" data-align=\"center\">148,00 \u20ac<\/td><td class=\"has-text-align-center\" data-align=\"center\">19,00 \u20ac<\/td><\/tr><tr><td><strong>Slovakija, Slov\u0117nija<\/strong><\/td><td class=\"has-text-align-center\" data-align=\"center\">184,00 \u20ac<\/td><td class=\"has-text-align-center\" data-align=\"center\">35,00 \u20ac<\/td><\/tr><tr><td><strong>Latvija, Kroatija, Vengrija, \u0160vedija, Portugalija<\/strong><\/td><td class=\"has-text-align-center\" data-align=\"center\">239,00 \u20ac<\/td><td class=\"has-text-align-center\" data-align=\"center\">39,00 \u20ac<\/td><\/tr><tr><td><strong>Estija, Norvegija<\/strong><\/td><td class=\"has-text-align-center\" data-align=\"center\">349,00 \u20ac<\/td><td class=\"has-text-align-center\" data-align=\"center\">49,00 \u20ac<\/td><\/tr><tr><td><strong>Graikija, Albanija, Bosnija, Lietuva, Bulgarija<\/strong><\/td><td class=\"has-text-align-center\" data-align=\"center\">287,00 \u20ac<\/td><td class=\"has-text-align-center\" data-align=\"center\">38,00 \u20ac<\/td><\/tr><tr><td><strong>Juodkalnija<\/strong><\/td><td class=\"has-text-align-center\" data-align=\"center\">249,00 \u20ac<\/td><td class=\"has-text-align-center\" data-align=\"center\">38,00 \u20ac<\/td><\/tr><tr><td><strong>Airija<\/strong><\/td><td class=\"has-text-align-center\" data-align=\"center\">329,00 \u20ac<\/td><td class=\"has-text-align-center\" data-align=\"center\">29,00 \u20ac<\/td><\/tr><tr><td><strong>Serbija<\/strong><\/td><td class=\"has-text-align-center\" data-align=\"center\">335,00 \u20ac<\/td><td class=\"has-text-align-center\" data-align=\"center\">85,00 \u20ac<\/td><\/tr><tr><td><strong>Jungtin\u0117 Karalyst\u0117<\/strong><\/td><td class=\"has-text-align-center\" data-align=\"center\">279,00 \u20ac<\/td><td class=\"has-text-align-center\" data-align=\"center\">&#8211;<\/td><\/tr><tr><td><strong>\u0160veicarija<\/strong><\/td><td class=\"has-text-align-center\" data-align=\"center\">464,00 \u20ac<\/td><td class=\"has-text-align-center\" data-align=\"center\">&#8211;<\/td><\/tr><\/tbody><\/table><\/figure>\n\n<figure class=\"wp-block-image size-large\"><a href=\"https:\/\/dodo-inflatables.com\/wp-content\/uploads\/2022\/01\/seperator-kleiner.png\"><img loading=\"lazy\" decoding=\"async\" width=\"1024\" height=\"102\" src=\"https:\/\/dodo-inflatables.com\/wp-content\/uploads\/2022\/01\/seperator-kleiner-1024x102.png\" alt=\"\" class=\"wp-image-4026\" srcset=\"https:\/\/dodo-inflatables.com\/wp-content\/uploads\/2022\/01\/seperator-kleiner-1024x102.png 1024w, https:\/\/dodo-inflatables.com\/wp-content\/uploads\/2022\/01\/seperator-kleiner-900x90.png 900w, https:\/\/dodo-inflatables.com\/wp-content\/uploads\/2022\/01\/seperator-kleiner-300x30.png 300w, https:\/\/dodo-inflatables.com\/wp-content\/uploads\/2022\/01\/seperator-kleiner-768x77.png 768w, https:\/\/dodo-inflatables.com\/wp-content\/uploads\/2022\/01\/seperator-kleiner-1536x154.png 1536w, https:\/\/dodo-inflatables.com\/wp-content\/uploads\/2022\/01\/seperator-kleiner-340x34.png 340w, https:\/\/dodo-inflatables.com\/wp-content\/uploads\/2022\/01\/seperator-kleiner.png 2000w\" sizes=\"auto, (max-width: 1024px) 100vw, 1024px\" \/><\/a><\/figure>\n\n<h4 class=\"wp-block-heading has-text-align-center\"><strong><strong>\u0160veicarijos ir Anglijos klientams:<\/strong><\/strong><\/h4>\n\n<p class=\"has-text-align-center\">Pirk\u0117jai i\u0161 ne ES \u0161ali\u0173 gali apsipirkti pas mus be PVM. \u012e internetin\u0117je parduotuv\u0117je nurodytas kainas i\u0161 prad\u017ei\u0173 \u012fskai\u010diuotas Vokietijos PVM (19 %), kuris bus i\u0161skai\u010diuotas, kai tik krep\u0161elyje \u012fra\u0161ysite pristatymo adres\u0105 (\u0160veicarija + Did\u017eioji Britanija).<\/p>\n\n<p class=\"has-text-align-center\">Siun\u010diant \u012f \u0160veicarij\u0105 ir Jungtin\u0119 Karalyst\u0119, esate laikomas &#8222;importuotoju&#8221;. Tod\u0117l i\u0161 j\u016bs\u0173 bus reikalaujama sumok\u0117ti importo pardavimo mokest\u012f ir importo muitus.<br\/>M\u016bs\u0173 siuntimo i\u0161laidas \u0160veicarijoje ir Jungtin\u0117je Karalyst\u0117je sudaro krovinio kaina, muitin\u0117s formalumai ir ABD parengimas.<\/p>\n","protected":false},"excerpt":{"rendered":"<p>Siuntimo i\u0161laidos ir informacija apie tarptautin\u012f siuntim\u0105 \u0160okin\u0117jan\u010dios pilys, \u010diuo\u017eyklos ir rengini\u0173 moduliai supakuojami ant pad\u0117kl\u0173 ir i\u0161siun\u010diami per laivybos \u012fmon\u0119. Gavus apmok\u0117jim\u0105, prek\u0117s bus i\u0161si\u0173stos t\u0105 pa\u010di\u0105 arba kit\u0105 darbo dien\u0105. ES paprastai pristatoma per 4-6 darbo dienas. Priedai, pavyzd\u017eiui, p\u016bstuvai, siun\u010diami DPD arba UPS. M\u016bs\u0173 sand\u0117lis yra Miunchene, Vokietijoje. Sumok\u0117j\u0119 ir susitar\u0119 d\u0117l [&hellip;]<\/p>\n","protected":false},"author":1,"featured_media":0,"parent":0,"menu_order":0,"comment_status":"closed","ping_status":"closed","template":"","meta":{"_acf_changed":false,"_uag_custom_page_level_css":"","site-sidebar-layout":"default","site-content-layout":"content-boxed-container","ast-site-content-layout":"normal-width-container","site-content-style":"boxed","site-sidebar-style":"unboxed","ast-global-header-display":"","ast-banner-title-visibility":"","ast-main-header-display":"","ast-hfb-above-header-display":"","ast-hfb-below-header-display":"","ast-hfb-mobile-header-display":"","site-post-title":"disabled","ast-breadcrumbs-content":"disabled","ast-featured-img":"disabled","footer-sml-layout":"","ast-disable-related-posts":"","theme-transparent-header-meta":"","adv-header-id-meta":"7189","stick-header-meta":"","header-above-stick-meta":"","header-main-stick-meta":"","header-below-stick-meta":"","astra-migrate-meta-layouts":"default","ast-page-background-enabled":"default","ast-page-background-meta":{"desktop":{"background-color":"var(--ast-global-color-4)","background-image":"","background-repeat":"repeat","background-position":"center center","background-size":"auto","background-attachment":"scroll","background-type":"","background-media":"","overlay-type":"","overlay-color":"","overlay-opacity":"","overlay-gradient":""},"tablet":{"background-color":"","background-image":"","background-repeat":"repeat","background-position":"center center","background-size":"auto","background-attachment":"scroll","background-type":"","background-media":"","overlay-type":"","overlay-color":"","overlay-opacity":"","overlay-gradient":""},"mobile":{"background-color":"","background-image":"","background-repeat":"repeat","background-position":"center center","background-size":"auto","background-attachment":"scroll","background-type":"","background-media":"","overlay-type":"","overlay-color":"","overlay-opacity":"","overlay-gradient":""}},"ast-content-background-meta":{"desktop":{"background-color":"var(--ast-global-color-5)","background-image":"","background-repeat":"repeat","background-position":"center center","background-size":"auto","background-attachment":"scroll","background-type":"","background-media":"","overlay-type":"","overlay-color":"","overlay-opacity":"","overlay-gradient":""},"tablet":{"background-color":"var(--ast-global-color-5)","background-image":"","background-repeat":"repeat","background-position":"center center","background-size":"auto","background-attachment":"scroll","background-type":"","background-media":"","overlay-type":"","overlay-color":"","overlay-opacity":"","overlay-gradient":""},"mobile":{"background-color":"var(--ast-global-color-5)","background-image":"","background-repeat":"repeat","background-position":"center center","background-size":"auto","background-attachment":"scroll","background-type":"","background-media":"","overlay-type":"","overlay-color":"","overlay-opacity":"","overlay-gradient":""}},"footnotes":""},"class_list":["post-12399","page","type-page","status-publish","hentry"],"acf":[],"yoast_head":"<!-- This site is optimized with the Yoast SEO plugin v27.3 - https:\/\/yoast.com\/product\/yoast-seo-wordpress\/ -->\n<title>Greitas ir saugus \u0161okin\u0117jan\u010di\u0173 pili\u0173 pristatymas visoje Europoje | Dodo Inflatables<\/title>\n<meta name=\"description\" content=\"Susipa\u017einkite su m\u016bs\u0173 DIN EN 14960 sertifikuotomis \u0161okdyn\u0117mis. M\u0117gaukit\u0117s greitu ir saugiu pristatymu \u012f ES \u0161alis ir dideliu asortimentu sand\u0117lyje.\" \/>\n<meta name=\"robots\" content=\"index, follow, max-snippet:-1, max-image-preview:large, max-video-preview:-1\" \/>\n<link rel=\"canonical\" href=\"https:\/\/dodo-inflatables.com\/lt\/pristatymas-i-es-salis\/\" \/>\n<meta name=\"twitter:label1\" content=\"Est. reading time\" \/>\n\t<meta name=\"twitter:data1\" content=\"2 minut\u0117s\" \/>\n<script type=\"application\/ld+json\" class=\"yoast-schema-graph\">{\"@context\":\"https:\\\/\\\/schema.org\",\"@graph\":[{\"@type\":\"WebPage\",\"@id\":\"https:\\\/\\\/dodo-inflatables.com\\\/lt\\\/pristatymas-i-es-salis\\\/\",\"url\":\"https:\\\/\\\/dodo-inflatables.com\\\/lt\\\/pristatymas-i-es-salis\\\/\",\"name\":\"Greitas ir saugus \u0161okin\u0117jan\u010di\u0173 pili\u0173 pristatymas visoje Europoje | Dodo Inflatables\",\"isPartOf\":{\"@id\":\"https:\\\/\\\/dodo-inflatables.com\\\/lt\\\/#website\"},\"primaryImageOfPage\":{\"@id\":\"https:\\\/\\\/dodo-inflatables.com\\\/lt\\\/pristatymas-i-es-salis\\\/#primaryimage\"},\"image\":{\"@id\":\"https:\\\/\\\/dodo-inflatables.com\\\/lt\\\/pristatymas-i-es-salis\\\/#primaryimage\"},\"thumbnailUrl\":\"https:\\\/\\\/dodo-inflatables.com\\\/wp-content\\\/uploads\\\/2022\\\/01\\\/seperator-kleiner-1024x102.png\",\"datePublished\":\"2020-03-27T10:12:43+00:00\",\"dateModified\":\"2024-08-19T12:54:17+00:00\",\"description\":\"Susipa\u017einkite su m\u016bs\u0173 DIN EN 14960 sertifikuotomis \u0161okdyn\u0117mis. M\u0117gaukit\u0117s greitu ir saugiu pristatymu \u012f ES \u0161alis ir dideliu asortimentu sand\u0117lyje.\",\"breadcrumb\":{\"@id\":\"https:\\\/\\\/dodo-inflatables.com\\\/lt\\\/pristatymas-i-es-salis\\\/#breadcrumb\"},\"inLanguage\":\"lt-LT\",\"potentialAction\":[{\"@type\":\"ReadAction\",\"target\":[\"https:\\\/\\\/dodo-inflatables.com\\\/lt\\\/pristatymas-i-es-salis\\\/\"]}]},{\"@type\":\"ImageObject\",\"inLanguage\":\"lt-LT\",\"@id\":\"https:\\\/\\\/dodo-inflatables.com\\\/lt\\\/pristatymas-i-es-salis\\\/#primaryimage\",\"url\":\"https:\\\/\\\/dodo-inflatables.com\\\/wp-content\\\/uploads\\\/2022\\\/01\\\/seperator-kleiner-1024x102.png\",\"contentUrl\":\"https:\\\/\\\/dodo-inflatables.com\\\/wp-content\\\/uploads\\\/2022\\\/01\\\/seperator-kleiner-1024x102.png\"},{\"@type\":\"BreadcrumbList\",\"@id\":\"https:\\\/\\\/dodo-inflatables.com\\\/lt\\\/pristatymas-i-es-salis\\\/#breadcrumb\",\"itemListElement\":[{\"@type\":\"ListItem\",\"position\":1,\"name\":\"Home\",\"item\":\"https:\\\/\\\/dodo-inflatables.com\\\/lt\\\/\"},{\"@type\":\"ListItem\",\"position\":2,\"name\":\"Pristatymas \u012f ES \u0161alis\"}]},{\"@type\":\"WebSite\",\"@id\":\"https:\\\/\\\/dodo-inflatables.com\\\/lt\\\/#website\",\"url\":\"https:\\\/\\\/dodo-inflatables.com\\\/lt\\\/\",\"name\":\"dodo-inflatables.com\",\"description\":\"\u012esigykite \u0161okin\u0117jan\u010di\u0173 pili\u0173 ir atrakcion\u0173 m\u016bs\u0173 parduotuv\u0117je.\",\"publisher\":{\"@id\":\"https:\\\/\\\/dodo-inflatables.com\\\/lt\\\/#organization\"},\"potentialAction\":[{\"@type\":\"SearchAction\",\"target\":{\"@type\":\"EntryPoint\",\"urlTemplate\":\"https:\\\/\\\/dodo-inflatables.com\\\/lt\\\/?s={search_term_string}\"},\"query-input\":{\"@type\":\"PropertyValueSpecification\",\"valueRequired\":true,\"valueName\":\"search_term_string\"}}],\"inLanguage\":\"lt-LT\"},{\"@type\":\"Organization\",\"@id\":\"https:\\\/\\\/dodo-inflatables.com\\\/lt\\\/#organization\",\"name\":\"dodo-inflatables.com\",\"url\":\"https:\\\/\\\/dodo-inflatables.com\\\/lt\\\/\",\"logo\":{\"@type\":\"ImageObject\",\"inLanguage\":\"lt-LT\",\"@id\":\"https:\\\/\\\/dodo-inflatables.com\\\/lt\\\/#\\\/schema\\\/logo\\\/image\\\/\",\"url\":\"https:\\\/\\\/dodo-inflatables.com\\\/wp-content\\\/uploads\\\/2023\\\/04\\\/cropped-cropped-cropped-Dodo-Logo.png\",\"contentUrl\":\"https:\\\/\\\/dodo-inflatables.com\\\/wp-content\\\/uploads\\\/2023\\\/04\\\/cropped-cropped-cropped-Dodo-Logo.png\",\"width\":2996,\"height\":1545,\"caption\":\"dodo-inflatables.com\"},\"image\":{\"@id\":\"https:\\\/\\\/dodo-inflatables.com\\\/lt\\\/#\\\/schema\\\/logo\\\/image\\\/\"}}]}<\/script>\n<!-- \/ Yoast SEO plugin. -->","yoast_head_json":{"title":"Greitas ir saugus \u0161okin\u0117jan\u010di\u0173 pili\u0173 pristatymas visoje Europoje | Dodo Inflatables","description":"Susipa\u017einkite su m\u016bs\u0173 DIN EN 14960 sertifikuotomis \u0161okdyn\u0117mis. M\u0117gaukit\u0117s greitu ir saugiu pristatymu \u012f ES \u0161alis ir dideliu asortimentu sand\u0117lyje.","robots":{"index":"index","follow":"follow","max-snippet":"max-snippet:-1","max-image-preview":"max-image-preview:large","max-video-preview":"max-video-preview:-1"},"canonical":"https:\/\/dodo-inflatables.com\/lt\/pristatymas-i-es-salis\/","twitter_misc":{"Est. reading time":"2 minut\u0117s"},"schema":{"@context":"https:\/\/schema.org","@graph":[{"@type":"WebPage","@id":"https:\/\/dodo-inflatables.com\/lt\/pristatymas-i-es-salis\/","url":"https:\/\/dodo-inflatables.com\/lt\/pristatymas-i-es-salis\/","name":"Greitas ir saugus \u0161okin\u0117jan\u010di\u0173 pili\u0173 pristatymas visoje Europoje | Dodo Inflatables","isPartOf":{"@id":"https:\/\/dodo-inflatables.com\/lt\/#website"},"primaryImageOfPage":{"@id":"https:\/\/dodo-inflatables.com\/lt\/pristatymas-i-es-salis\/#primaryimage"},"image":{"@id":"https:\/\/dodo-inflatables.com\/lt\/pristatymas-i-es-salis\/#primaryimage"},"thumbnailUrl":"https:\/\/dodo-inflatables.com\/wp-content\/uploads\/2022\/01\/seperator-kleiner-1024x102.png","datePublished":"2020-03-27T10:12:43+00:00","dateModified":"2024-08-19T12:54:17+00:00","description":"Susipa\u017einkite su m\u016bs\u0173 DIN EN 14960 sertifikuotomis \u0161okdyn\u0117mis. M\u0117gaukit\u0117s greitu ir saugiu pristatymu \u012f ES \u0161alis ir dideliu asortimentu sand\u0117lyje.","breadcrumb":{"@id":"https:\/\/dodo-inflatables.com\/lt\/pristatymas-i-es-salis\/#breadcrumb"},"inLanguage":"lt-LT","potentialAction":[{"@type":"ReadAction","target":["https:\/\/dodo-inflatables.com\/lt\/pristatymas-i-es-salis\/"]}]},{"@type":"ImageObject","inLanguage":"lt-LT","@id":"https:\/\/dodo-inflatables.com\/lt\/pristatymas-i-es-salis\/#primaryimage","url":"https:\/\/dodo-inflatables.com\/wp-content\/uploads\/2022\/01\/seperator-kleiner-1024x102.png","contentUrl":"https:\/\/dodo-inflatables.com\/wp-content\/uploads\/2022\/01\/seperator-kleiner-1024x102.png"},{"@type":"BreadcrumbList","@id":"https:\/\/dodo-inflatables.com\/lt\/pristatymas-i-es-salis\/#breadcrumb","itemListElement":[{"@type":"ListItem","position":1,"name":"Home","item":"https:\/\/dodo-inflatables.com\/lt\/"},{"@type":"ListItem","position":2,"name":"Pristatymas \u012f ES \u0161alis"}]},{"@type":"WebSite","@id":"https:\/\/dodo-inflatables.com\/lt\/#website","url":"https:\/\/dodo-inflatables.com\/lt\/","name":"dodo-inflatables.com","description":"\u012esigykite \u0161okin\u0117jan\u010di\u0173 pili\u0173 ir atrakcion\u0173 m\u016bs\u0173 parduotuv\u0117je.","publisher":{"@id":"https:\/\/dodo-inflatables.com\/lt\/#organization"},"potentialAction":[{"@type":"SearchAction","target":{"@type":"EntryPoint","urlTemplate":"https:\/\/dodo-inflatables.com\/lt\/?s={search_term_string}"},"query-input":{"@type":"PropertyValueSpecification","valueRequired":true,"valueName":"search_term_string"}}],"inLanguage":"lt-LT"},{"@type":"Organization","@id":"https:\/\/dodo-inflatables.com\/lt\/#organization","name":"dodo-inflatables.com","url":"https:\/\/dodo-inflatables.com\/lt\/","logo":{"@type":"ImageObject","inLanguage":"lt-LT","@id":"https:\/\/dodo-inflatables.com\/lt\/#\/schema\/logo\/image\/","url":"https:\/\/dodo-inflatables.com\/wp-content\/uploads\/2023\/04\/cropped-cropped-cropped-Dodo-Logo.png","contentUrl":"https:\/\/dodo-inflatables.com\/wp-content\/uploads\/2023\/04\/cropped-cropped-cropped-Dodo-Logo.png","width":2996,"height":1545,"caption":"dodo-inflatables.com"},"image":{"@id":"https:\/\/dodo-inflatables.com\/lt\/#\/schema\/logo\/image\/"}}]}},"uagb_featured_image_src":{"full":false,"thumbnail":false,"medium":false,"medium_large":false,"large":false,"1536x1536":false,"2048x2048":false,"woocommerce_thumbnail":false,"woocommerce_single":false,"woocommerce_gallery_thumbnail":false},"uagb_author_info":{"display_name":"Andreas","author_link":"https:\/\/dodo-inflatables.com\/lt\/author\/andreas\/"},"uagb_comment_info":0,"uagb_excerpt":"Siuntimo i\u0161laidos ir informacija apie tarptautin\u012f siuntim\u0105 \u0160okin\u0117jan\u010dios pilys, \u010diuo\u017eyklos ir rengini\u0173 moduliai supakuojami ant pad\u0117kl\u0173 ir i\u0161siun\u010diami per laivybos \u012fmon\u0119. Gavus apmok\u0117jim\u0105, prek\u0117s bus i\u0161si\u0173stos t\u0105 pa\u010di\u0105 arba kit\u0105 darbo dien\u0105. ES paprastai pristatoma per 4-6 darbo dienas. Priedai, pavyzd\u017eiui, p\u016bstuvai, siun\u010diami DPD arba UPS. M\u016bs\u0173 sand\u0117lis yra Miunchene, Vokietijoje. Sumok\u0117j\u0119 ir susitar\u0119 d\u0117l&hellip;","_links":{"self":[{"href":"https:\/\/dodo-inflatables.com\/lt\/wp-json\/wp\/v2\/pages\/12399","targetHints":{"allow":["GET"]}}],"collection":[{"href":"https:\/\/dodo-inflatables.com\/lt\/wp-json\/wp\/v2\/pages"}],"about":[{"href":"https:\/\/dodo-inflatables.com\/lt\/wp-json\/wp\/v2\/types\/page"}],"author":[{"embeddable":true,"href":"https:\/\/dodo-inflatables.com\/lt\/wp-json\/wp\/v2\/users\/1"}],"replies":[{"embeddable":true,"href":"https:\/\/dodo-inflatables.com\/lt\/wp-json\/wp\/v2\/comments?post=12399"}],"version-history":[{"count":3,"href":"https:\/\/dodo-inflatables.com\/lt\/wp-json\/wp\/v2\/pages\/12399\/revisions"}],"predecessor-version":[{"id":38943,"href":"https:\/\/dodo-inflatables.com\/lt\/wp-json\/wp\/v2\/pages\/12399\/revisions\/38943"}],"wp:attachment":[{"href":"https:\/\/dodo-inflatables.com\/lt\/wp-json\/wp\/v2\/media?parent=12399"}],"curies":[{"name":"wp","href":"https:\/\/api.w.org\/{rel}","templated":true}]}}