{"id":12432,"date":"2020-03-27T11:11:24","date_gmt":"2020-03-27T10:11:24","guid":{"rendered":"https:\/\/dodo-inflatables.com\/pristatymas-i-sveicarija\/"},"modified":"2024-07-10T13:50:38","modified_gmt":"2024-07-10T11:50:38","slug":"pristatymas-i-sveicarija","status":"publish","type":"page","link":"https:\/\/dodo-inflatables.com\/lt\/pristatymas-i-sveicarija\/","title":{"rendered":"Pristatymas \u012f \u0160veicarij\u0105"},"content":{"rendered":"\n<h3 class=\"wp-block-heading\" id=\"fur-unsere-schweizer-kunden\">\u0160veicarijos klientams<\/h3>\n\n<p>Pirk\u0117jai i\u0161 ne ES \u0161ali\u0173 gali apsipirkti pas mus be PVM. \u012e internetin\u0117je parduotuv\u0117je nurodytas kainas i\u0161 prad\u017ei\u0173 \u012fskai\u010diuotas Vokietijos PVM (19 %), kuris v\u0117liau bus i\u0161skai\u010diuotas.<\/p>\n\n<p><br\/><\/p>\n\n<p>Siun\u010diant \u012f \u0160veicarij\u0105, j\u016bs esate laikomas &#8222;importuotoju&#8221;. Tod\u0117l i\u0161 j\u016bs\u0173 bus pareikalauta sumok\u0117ti \u0160veicarijos importo pardavimo mokest\u012f ir importo muitus.<br\/>\u012e m\u016bs\u0173 siuntimo \u012f \u0160veicarij\u0105 i\u0161laidas \u012feina krovinio kaina, muitin\u0117s formalum\u0173 atlikimas ir ABD parengimas.<\/p>\n","protected":false},"excerpt":{"rendered":"<p>\u0160veicarijos klientams Pirk\u0117jai i\u0161 ne ES \u0161ali\u0173 gali apsipirkti pas mus be PVM. \u012e internetin\u0117je parduotuv\u0117je nurodytas kainas i\u0161 prad\u017ei\u0173 \u012fskai\u010diuotas Vokietijos PVM (19 %), kuris v\u0117liau bus i\u0161skai\u010diuotas. Siun\u010diant \u012f \u0160veicarij\u0105, j\u016bs esate laikomas &#8222;importuotoju&#8221;. Tod\u0117l i\u0161 j\u016bs\u0173 bus pareikalauta sumok\u0117ti \u0160veicarijos importo pardavimo mokest\u012f ir importo muitus.\u012e m\u016bs\u0173 siuntimo \u012f \u0160veicarij\u0105 i\u0161laidas \u012feina [&hellip;]<\/p>\n","protected":false},"author":1,"featured_media":0,"parent":0,"menu_order":0,"comment_status":"closed","ping_status":"closed","template":"","meta":{"_acf_changed":false,"_uag_custom_page_level_css":"","site-sidebar-layout":"default","site-content-layout":"content-boxed-container","ast-site-content-layout":"normal-width-container","site-content-style":"boxed","site-sidebar-style":"unboxed","ast-global-header-display":"","ast-banner-title-visibility":"","ast-main-header-display":"","ast-hfb-above-header-display":"","ast-hfb-below-header-display":"","ast-hfb-mobile-header-display":"","site-post-title":"disabled","ast-breadcrumbs-content":"disabled","ast-featured-img":"disabled","footer-sml-layout":"","ast-disable-related-posts":"","theme-transparent-header-meta":"","adv-header-id-meta":"4069","stick-header-meta":"","header-above-stick-meta":"","header-main-stick-meta":"","header-below-stick-meta":"","astra-migrate-meta-layouts":"default","ast-page-background-enabled":"default","ast-page-background-meta":{"desktop":{"background-color":"var(--ast-global-color-4)","background-image":"","background-repeat":"repeat","background-position":"center center","background-size":"auto","background-attachment":"scroll","background-type":"","background-media":"","overlay-type":"","overlay-color":"","overlay-opacity":"","overlay-gradient":""},"tablet":{"background-color":"","background-image":"","background-repeat":"repeat","background-position":"center center","background-size":"auto","background-attachment":"scroll","background-type":"","background-media":"","overlay-type":"","overlay-color":"","overlay-opacity":"","overlay-gradient":""},"mobile":{"background-color":"","background-image":"","background-repeat":"repeat","background-position":"center center","background-size":"auto","background-attachment":"scroll","background-type":"","background-media":"","overlay-type":"","overlay-color":"","overlay-opacity":"","overlay-gradient":""}},"ast-content-background-meta":{"desktop":{"background-color":"var(--ast-global-color-5)","background-image":"","background-repeat":"repeat","background-position":"center center","background-size":"auto","background-attachment":"scroll","background-type":"","background-media":"","overlay-type":"","overlay-color":"","overlay-opacity":"","overlay-gradient":""},"tablet":{"background-color":"var(--ast-global-color-5)","background-image":"","background-repeat":"repeat","background-position":"center center","background-size":"auto","background-attachment":"scroll","background-type":"","background-media":"","overlay-type":"","overlay-color":"","overlay-opacity":"","overlay-gradient":""},"mobile":{"background-color":"var(--ast-global-color-5)","background-image":"","background-repeat":"repeat","background-position":"center center","background-size":"auto","background-attachment":"scroll","background-type":"","background-media":"","overlay-type":"","overlay-color":"","overlay-opacity":"","overlay-gradient":""}},"footnotes":""},"class_list":["post-12432","page","type-page","status-publish","hentry"],"acf":[],"yoast_head":"<!-- This site is optimized with the Yoast SEO plugin v27.4 - https:\/\/yoast.com\/product\/yoast-seo-wordpress\/ -->\n<title>Greitas ir saugus \u0161okin\u0117jan\u010dios pilies pristatymas \u012f \u0160veicarij\u0105 | Dodo Inflatables<\/title>\n<meta name=\"description\" content=\"Susipa\u017einkite su m\u016bs\u0173 DIN EN 14960 sertifikuotomis \u0161okdyn\u0117mis. M\u0117gaukit\u0117s greitu ir saugiu pristatymu \u012f \u0160veicarij\u0105 bei dideliu asortimentu sand\u0117lyje.\" \/>\n<meta name=\"robots\" content=\"index, follow, max-snippet:-1, max-image-preview:large, max-video-preview:-1\" \/>\n<link rel=\"canonical\" href=\"https:\/\/dodo-inflatables.com\/lt\/pristatymas-i-sveicarija\/\" \/>\n<script type=\"application\/ld+json\" class=\"yoast-schema-graph\">{\"@context\":\"https:\\\/\\\/schema.org\",\"@graph\":[{\"@type\":\"WebPage\",\"@id\":\"https:\\\/\\\/dodo-inflatables.com\\\/lt\\\/pristatymas-i-sveicarija\\\/\",\"url\":\"https:\\\/\\\/dodo-inflatables.com\\\/lt\\\/pristatymas-i-sveicarija\\\/\",\"name\":\"Greitas ir saugus \u0161okin\u0117jan\u010dios pilies pristatymas \u012f \u0160veicarij\u0105 | Dodo Inflatables\",\"isPartOf\":{\"@id\":\"https:\\\/\\\/dodo-inflatables.com\\\/lt\\\/#website\"},\"datePublished\":\"2020-03-27T10:11:24+00:00\",\"dateModified\":\"2024-07-10T11:50:38+00:00\",\"description\":\"Susipa\u017einkite su m\u016bs\u0173 DIN EN 14960 sertifikuotomis \u0161okdyn\u0117mis. M\u0117gaukit\u0117s greitu ir saugiu pristatymu \u012f \u0160veicarij\u0105 bei dideliu asortimentu sand\u0117lyje.\",\"breadcrumb\":{\"@id\":\"https:\\\/\\\/dodo-inflatables.com\\\/lt\\\/pristatymas-i-sveicarija\\\/#breadcrumb\"},\"inLanguage\":\"lt-LT\",\"potentialAction\":[{\"@type\":\"ReadAction\",\"target\":[\"https:\\\/\\\/dodo-inflatables.com\\\/lt\\\/pristatymas-i-sveicarija\\\/\"]}]},{\"@type\":\"BreadcrumbList\",\"@id\":\"https:\\\/\\\/dodo-inflatables.com\\\/lt\\\/pristatymas-i-sveicarija\\\/#breadcrumb\",\"itemListElement\":[{\"@type\":\"ListItem\",\"position\":1,\"name\":\"Home\",\"item\":\"https:\\\/\\\/dodo-inflatables.com\\\/lt\\\/\"},{\"@type\":\"ListItem\",\"position\":2,\"name\":\"Pristatymas \u012f \u0160veicarij\u0105\"}]},{\"@type\":\"WebSite\",\"@id\":\"https:\\\/\\\/dodo-inflatables.com\\\/lt\\\/#website\",\"url\":\"https:\\\/\\\/dodo-inflatables.com\\\/lt\\\/\",\"name\":\"dodo-inflatables.com\",\"description\":\"\u012esigykite \u0161okin\u0117jan\u010di\u0173 pili\u0173 ir atrakcion\u0173 m\u016bs\u0173 parduotuv\u0117je.\",\"publisher\":{\"@id\":\"https:\\\/\\\/dodo-inflatables.com\\\/lt\\\/#organization\"},\"potentialAction\":[{\"@type\":\"SearchAction\",\"target\":{\"@type\":\"EntryPoint\",\"urlTemplate\":\"https:\\\/\\\/dodo-inflatables.com\\\/lt\\\/?s={search_term_string}\"},\"query-input\":{\"@type\":\"PropertyValueSpecification\",\"valueRequired\":true,\"valueName\":\"search_term_string\"}}],\"inLanguage\":\"lt-LT\"},{\"@type\":\"Organization\",\"@id\":\"https:\\\/\\\/dodo-inflatables.com\\\/lt\\\/#organization\",\"name\":\"dodo-inflatables.com\",\"url\":\"https:\\\/\\\/dodo-inflatables.com\\\/lt\\\/\",\"logo\":{\"@type\":\"ImageObject\",\"inLanguage\":\"lt-LT\",\"@id\":\"https:\\\/\\\/dodo-inflatables.com\\\/lt\\\/#\\\/schema\\\/logo\\\/image\\\/\",\"url\":\"https:\\\/\\\/dodo-inflatables.com\\\/wp-content\\\/uploads\\\/2023\\\/04\\\/cropped-cropped-cropped-Dodo-Logo.png\",\"contentUrl\":\"https:\\\/\\\/dodo-inflatables.com\\\/wp-content\\\/uploads\\\/2023\\\/04\\\/cropped-cropped-cropped-Dodo-Logo.png\",\"width\":2996,\"height\":1545,\"caption\":\"dodo-inflatables.com\"},\"image\":{\"@id\":\"https:\\\/\\\/dodo-inflatables.com\\\/lt\\\/#\\\/schema\\\/logo\\\/image\\\/\"}}]}<\/script>\n<!-- \/ Yoast SEO plugin. -->","yoast_head_json":{"title":"Greitas ir saugus \u0161okin\u0117jan\u010dios pilies pristatymas \u012f \u0160veicarij\u0105 | Dodo Inflatables","description":"Susipa\u017einkite su m\u016bs\u0173 DIN EN 14960 sertifikuotomis \u0161okdyn\u0117mis. M\u0117gaukit\u0117s greitu ir saugiu pristatymu \u012f \u0160veicarij\u0105 bei dideliu asortimentu sand\u0117lyje.","robots":{"index":"index","follow":"follow","max-snippet":"max-snippet:-1","max-image-preview":"max-image-preview:large","max-video-preview":"max-video-preview:-1"},"canonical":"https:\/\/dodo-inflatables.com\/lt\/pristatymas-i-sveicarija\/","schema":{"@context":"https:\/\/schema.org","@graph":[{"@type":"WebPage","@id":"https:\/\/dodo-inflatables.com\/lt\/pristatymas-i-sveicarija\/","url":"https:\/\/dodo-inflatables.com\/lt\/pristatymas-i-sveicarija\/","name":"Greitas ir saugus \u0161okin\u0117jan\u010dios pilies pristatymas \u012f \u0160veicarij\u0105 | Dodo Inflatables","isPartOf":{"@id":"https:\/\/dodo-inflatables.com\/lt\/#website"},"datePublished":"2020-03-27T10:11:24+00:00","dateModified":"2024-07-10T11:50:38+00:00","description":"Susipa\u017einkite su m\u016bs\u0173 DIN EN 14960 sertifikuotomis \u0161okdyn\u0117mis. M\u0117gaukit\u0117s greitu ir saugiu pristatymu \u012f \u0160veicarij\u0105 bei dideliu asortimentu sand\u0117lyje.","breadcrumb":{"@id":"https:\/\/dodo-inflatables.com\/lt\/pristatymas-i-sveicarija\/#breadcrumb"},"inLanguage":"lt-LT","potentialAction":[{"@type":"ReadAction","target":["https:\/\/dodo-inflatables.com\/lt\/pristatymas-i-sveicarija\/"]}]},{"@type":"BreadcrumbList","@id":"https:\/\/dodo-inflatables.com\/lt\/pristatymas-i-sveicarija\/#breadcrumb","itemListElement":[{"@type":"ListItem","position":1,"name":"Home","item":"https:\/\/dodo-inflatables.com\/lt\/"},{"@type":"ListItem","position":2,"name":"Pristatymas \u012f \u0160veicarij\u0105"}]},{"@type":"WebSite","@id":"https:\/\/dodo-inflatables.com\/lt\/#website","url":"https:\/\/dodo-inflatables.com\/lt\/","name":"dodo-inflatables.com","description":"\u012esigykite \u0161okin\u0117jan\u010di\u0173 pili\u0173 ir atrakcion\u0173 m\u016bs\u0173 parduotuv\u0117je.","publisher":{"@id":"https:\/\/dodo-inflatables.com\/lt\/#organization"},"potentialAction":[{"@type":"SearchAction","target":{"@type":"EntryPoint","urlTemplate":"https:\/\/dodo-inflatables.com\/lt\/?s={search_term_string}"},"query-input":{"@type":"PropertyValueSpecification","valueRequired":true,"valueName":"search_term_string"}}],"inLanguage":"lt-LT"},{"@type":"Organization","@id":"https:\/\/dodo-inflatables.com\/lt\/#organization","name":"dodo-inflatables.com","url":"https:\/\/dodo-inflatables.com\/lt\/","logo":{"@type":"ImageObject","inLanguage":"lt-LT","@id":"https:\/\/dodo-inflatables.com\/lt\/#\/schema\/logo\/image\/","url":"https:\/\/dodo-inflatables.com\/wp-content\/uploads\/2023\/04\/cropped-cropped-cropped-Dodo-Logo.png","contentUrl":"https:\/\/dodo-inflatables.com\/wp-content\/uploads\/2023\/04\/cropped-cropped-cropped-Dodo-Logo.png","width":2996,"height":1545,"caption":"dodo-inflatables.com"},"image":{"@id":"https:\/\/dodo-inflatables.com\/lt\/#\/schema\/logo\/image\/"}}]}},"uagb_featured_image_src":{"full":false,"thumbnail":false,"medium":false,"medium_large":false,"large":false,"1536x1536":false,"2048x2048":false,"woocommerce_thumbnail":false,"woocommerce_single":false,"woocommerce_gallery_thumbnail":false},"uagb_author_info":{"display_name":"Andreas","author_link":"https:\/\/dodo-inflatables.com\/lt\/author\/andreas\/"},"uagb_comment_info":0,"uagb_excerpt":"\u0160veicarijos klientams Pirk\u0117jai i\u0161 ne ES \u0161ali\u0173 gali apsipirkti pas mus be PVM. \u012e internetin\u0117je parduotuv\u0117je nurodytas kainas i\u0161 prad\u017ei\u0173 \u012fskai\u010diuotas Vokietijos PVM (19 %), kuris v\u0117liau bus i\u0161skai\u010diuotas. Siun\u010diant \u012f \u0160veicarij\u0105, j\u016bs esate laikomas &#8222;importuotoju&#8221;. Tod\u0117l i\u0161 j\u016bs\u0173 bus pareikalauta sumok\u0117ti \u0160veicarijos importo pardavimo mokest\u012f ir importo muitus.\u012e m\u016bs\u0173 siuntimo \u012f \u0160veicarij\u0105 i\u0161laidas \u012feina&hellip;","_links":{"self":[{"href":"https:\/\/dodo-inflatables.com\/lt\/wp-json\/wp\/v2\/pages\/12432","targetHints":{"allow":["GET"]}}],"collection":[{"href":"https:\/\/dodo-inflatables.com\/lt\/wp-json\/wp\/v2\/pages"}],"about":[{"href":"https:\/\/dodo-inflatables.com\/lt\/wp-json\/wp\/v2\/types\/page"}],"author":[{"embeddable":true,"href":"https:\/\/dodo-inflatables.com\/lt\/wp-json\/wp\/v2\/users\/1"}],"replies":[{"embeddable":true,"href":"https:\/\/dodo-inflatables.com\/lt\/wp-json\/wp\/v2\/comments?post=12432"}],"version-history":[{"count":2,"href":"https:\/\/dodo-inflatables.com\/lt\/wp-json\/wp\/v2\/pages\/12432\/revisions"}],"predecessor-version":[{"id":12434,"href":"https:\/\/dodo-inflatables.com\/lt\/wp-json\/wp\/v2\/pages\/12432\/revisions\/12434"}],"wp:attachment":[{"href":"https:\/\/dodo-inflatables.com\/lt\/wp-json\/wp\/v2\/media?parent=12432"}],"curies":[{"name":"wp","href":"https:\/\/api.w.org\/{rel}","templated":true}]}}