{"id":12592,"date":"2025-03-11T17:02:51","date_gmt":"2025-03-11T16:02:51","guid":{"rendered":"https:\/\/dodo-inflatables.com\/teisinis-pranesimas\/"},"modified":"2025-07-20T09:07:42","modified_gmt":"2025-07-20T07:07:42","slug":"teisinis-pranesimas","status":"publish","type":"page","link":"https:\/\/dodo-inflatables.com\/lt\/teisinis-pranesimas\/","title":{"rendered":"Teisinis prane\u0161imas"},"content":{"rendered":"\n<div class=\"wp-block-uagb-advanced-heading uagb-block-144f1230\"><h2 class=\"uagb-heading-text\">Teisinis prane\u0161imas<\/h2><\/div>\n\n\n\n<div style=\"height:43px\" aria-hidden=\"true\" class=\"wp-block-spacer\"><\/div>\n\n\n<p>Miet Event Vertriebs GmbH<br \/>Ferdinand-Porsche-Stra\u00dfe 4<br \/>82205 Gilching<br \/>Vokietija<\/p>\n<p>Tel.: 089 12 50 18 700<br \/>El. pa\u0161tas: contact@dodo-inflatables.com<\/p>\n<p>Registracijos teismas: Amtsgericht Munich<br \/>Registro numeris: HRB 238608<\/p>\n<p>Valdantysis direktorius: Andreas Fr\u00f6schl<\/p>\n<p>PVM mok\u0117tojo kodas: DE31727461<\/p>\n<p>WEEE-Reg.-Nr. DE 82972723<br \/>Informavimo prievol\u0117s pagal \u00a718 paragraf\u0105. 4 sakinys 3 ElektroG:<br \/><a href=\"https:\/\/www.bmuv.de\/themen\/wasser-ressourcen-abfall\/kreislaufwirtschaft\/statistiken\/elektro-und-elektronikaltgeraete\" target=\"_blank\" rel=\"noopener\">https:\/\/www.bmuv.de\/themen\/wasser-ressourcen-abfall\/kreislaufwirtschaft\/statistiken\/elektro-und-elektronikaltgeraete<\/a><\/p>\n<p>Atsakinga \u0161alis, kaip apibr\u0117\u017eta 18 straipsnio 2 dalyje. 2 MStV:<br \/>Miet Event Vertriebs GmbH, Andreas Fr\u00f6schl, Ferdinand-Porsche-Stra\u00dfe 4, 82205 Gilching<\/p>\n<p>Audiovizualin\u0117s \u017einiasklaidos paslaug\u0173 teikimo prie\u017ei\u016bros institucija:<br \/>Bayerische Landeszentrale f\u00fcr neue Medien (BLM), Heinrich-L\u00fcbke-Str. 27, 81737 M\u00fcnchen<\/p>\n<p>Mes neprivalome ir nenorime dalyvauti gin\u010d\u0173 sprendimo proced\u016brose vartotoj\u0173 arbitra\u017ee.<\/p>\n<p><img decoding=\"async\" src=\"https:\/\/www.it-recht-kanzlei.de\/gfx\/Logos\/logo-fairness-160.png\" alt=\"\" \/>Iniciatyvos &#8222;S\u0105\u017eininga prekyba&#8221; narys.<br \/>Daugiau informacijos: <a href=\"https:\/\/www.fairness-im-handel.de\/\" target=\"_blank\" rel=\"noopener\">https:\/\/www.fairness-im-handel.de<\/a><\/p>","protected":false},"excerpt":{"rendered":"<p>Teisinis prane\u0161imas Miet Event Vertriebs GmbHFerdinand-Porsche-Stra\u00dfe 482205 GilchingVokietija Tel.: 089 12 50 18 700El. pa\u0161tas: contact@dodo-inflatables.com Registracijos teismas: Amtsgericht MunichRegistro numeris: HRB 238608 Valdantysis direktorius: Andreas Fr\u00f6schl PVM mok\u0117tojo kodas: DE31727461 WEEE-Reg.-Nr. DE 82972723Informavimo prievol\u0117s pagal \u00a718 paragraf\u0105. 4 sakinys 3 ElektroG:https:\/\/www.bmuv.de\/themen\/wasser-ressourcen-abfall\/kreislaufwirtschaft\/statistiken\/elektro-und-elektronikaltgeraete Atsakinga \u0161alis, kaip apibr\u0117\u017eta 18 straipsnio 2 dalyje. 2 MStV:Miet Event Vertriebs GmbH, [&hellip;]<\/p>\n","protected":false},"author":1,"featured_media":0,"parent":0,"menu_order":0,"comment_status":"closed","ping_status":"closed","template":"","meta":{"_acf_changed":false,"_uag_custom_page_level_css":"","site-sidebar-layout":"default","site-content-layout":"content-boxed-container","ast-site-content-layout":"narrow-width-container","site-content-style":"boxed","site-sidebar-style":"unboxed","ast-global-header-display":"","ast-banner-title-visibility":"","ast-main-header-display":"","ast-hfb-above-header-display":"","ast-hfb-below-header-display":"","ast-hfb-mobile-header-display":"","site-post-title":"disabled","ast-breadcrumbs-content":"disabled","ast-featured-img":"disabled","footer-sml-layout":"","ast-disable-related-posts":"","theme-transparent-header-meta":"","adv-header-id-meta":"7189","stick-header-meta":"","header-above-stick-meta":"","header-main-stick-meta":"","header-below-stick-meta":"","astra-migrate-meta-layouts":"set","ast-page-background-enabled":"default","ast-page-background-meta":{"desktop":{"background-color":"var(--ast-global-color-4)","background-image":"","background-repeat":"repeat","background-position":"center center","background-size":"auto","background-attachment":"scroll","background-type":"","background-media":"","overlay-type":"","overlay-color":"","overlay-opacity":"","overlay-gradient":""},"tablet":{"background-color":"","background-image":"","background-repeat":"repeat","background-position":"center center","background-size":"auto","background-attachment":"scroll","background-type":"","background-media":"","overlay-type":"","overlay-color":"","overlay-opacity":"","overlay-gradient":""},"mobile":{"background-color":"","background-image":"","background-repeat":"repeat","background-position":"center center","background-size":"auto","background-attachment":"scroll","background-type":"","background-media":"","overlay-type":"","overlay-color":"","overlay-opacity":"","overlay-gradient":""}},"ast-content-background-meta":{"desktop":{"background-color":"var(--ast-global-color-5)","background-image":"","background-repeat":"repeat","background-position":"center center","background-size":"auto","background-attachment":"scroll","background-type":"","background-media":"","overlay-type":"","overlay-color":"","overlay-opacity":"","overlay-gradient":""},"tablet":{"background-color":"var(--ast-global-color-5)","background-image":"","background-repeat":"repeat","background-position":"center center","background-size":"auto","background-attachment":"scroll","background-type":"","background-media":"","overlay-type":"","overlay-color":"","overlay-opacity":"","overlay-gradient":""},"mobile":{"background-color":"var(--ast-global-color-5)","background-image":"","background-repeat":"repeat","background-position":"center center","background-size":"auto","background-attachment":"scroll","background-type":"","background-media":"","overlay-type":"","overlay-color":"","overlay-opacity":"","overlay-gradient":""}},"footnotes":""},"class_list":["post-12592","page","type-page","status-publish","hentry"],"acf":[],"yoast_head":"<!-- This site is optimized with the Yoast SEO plugin v27.3 - https:\/\/yoast.com\/product\/yoast-seo-wordpress\/ -->\n<title>\u012esigykite \u0161okin\u0117jan\u010di\u0105 pil\u012f | Imprint | Dodo-Inflatables.com<\/title>\n<meta name=\"description\" content=\"Patirkite meistri\u0161kum\u0105 su &quot;Dodo Inflatables&quot;! M\u016bs\u0173 \u0161okin\u0117jimo pilys yra sertifikuotos pagal DIN EN 14960, tod\u0117l u\u017etikrinami auk\u0161\u010diausi saugumo standartai, kad gal\u0117tum\u0117te m\u0117gautis \u0161okin\u0117jimu.\" \/>\n<meta name=\"robots\" content=\"index, follow, max-snippet:-1, max-image-preview:large, max-video-preview:-1\" \/>\n<link rel=\"canonical\" href=\"https:\/\/dodo-inflatables.com\/lt\/teisinis-pranesimas\/\" \/>\n<meta name=\"twitter:label1\" content=\"Est. reading time\" \/>\n\t<meta name=\"twitter:data1\" content=\"1 minut\u0117\" \/>\n<script type=\"application\/ld+json\" class=\"yoast-schema-graph\">{\"@context\":\"https:\\\/\\\/schema.org\",\"@graph\":[{\"@type\":\"WebPage\",\"@id\":\"https:\\\/\\\/dodo-inflatables.com\\\/lt\\\/teisinis-pranesimas\\\/\",\"url\":\"https:\\\/\\\/dodo-inflatables.com\\\/lt\\\/teisinis-pranesimas\\\/\",\"name\":\"\u012esigykite \u0161okin\u0117jan\u010di\u0105 pil\u012f | Imprint | Dodo-Inflatables.com\",\"isPartOf\":{\"@id\":\"https:\\\/\\\/dodo-inflatables.com\\\/lt\\\/#website\"},\"primaryImageOfPage\":{\"@id\":\"https:\\\/\\\/dodo-inflatables.com\\\/lt\\\/teisinis-pranesimas\\\/#primaryimage\"},\"image\":{\"@id\":\"https:\\\/\\\/dodo-inflatables.com\\\/lt\\\/teisinis-pranesimas\\\/#primaryimage\"},\"thumbnailUrl\":\"https:\\\/\\\/www.it-recht-kanzlei.de\\\/gfx\\\/Logos\\\/logo-fairness-160.png\",\"datePublished\":\"2025-03-11T16:02:51+00:00\",\"dateModified\":\"2025-07-20T07:07:42+00:00\",\"description\":\"Patirkite meistri\u0161kum\u0105 su \\\"Dodo Inflatables\\\"! M\u016bs\u0173 \u0161okin\u0117jimo pilys yra sertifikuotos pagal DIN EN 14960, tod\u0117l u\u017etikrinami auk\u0161\u010diausi saugumo standartai, kad gal\u0117tum\u0117te m\u0117gautis \u0161okin\u0117jimu.\",\"breadcrumb\":{\"@id\":\"https:\\\/\\\/dodo-inflatables.com\\\/lt\\\/teisinis-pranesimas\\\/#breadcrumb\"},\"inLanguage\":\"lt-LT\",\"potentialAction\":[{\"@type\":\"ReadAction\",\"target\":[\"https:\\\/\\\/dodo-inflatables.com\\\/lt\\\/teisinis-pranesimas\\\/\"]}]},{\"@type\":\"ImageObject\",\"inLanguage\":\"lt-LT\",\"@id\":\"https:\\\/\\\/dodo-inflatables.com\\\/lt\\\/teisinis-pranesimas\\\/#primaryimage\",\"url\":\"https:\\\/\\\/www.it-recht-kanzlei.de\\\/gfx\\\/Logos\\\/logo-fairness-160.png\",\"contentUrl\":\"https:\\\/\\\/www.it-recht-kanzlei.de\\\/gfx\\\/Logos\\\/logo-fairness-160.png\"},{\"@type\":\"BreadcrumbList\",\"@id\":\"https:\\\/\\\/dodo-inflatables.com\\\/lt\\\/teisinis-pranesimas\\\/#breadcrumb\",\"itemListElement\":[{\"@type\":\"ListItem\",\"position\":1,\"name\":\"Home\",\"item\":\"https:\\\/\\\/dodo-inflatables.com\\\/lt\\\/\"},{\"@type\":\"ListItem\",\"position\":2,\"name\":\"Teisinis prane\u0161imas\"}]},{\"@type\":\"WebSite\",\"@id\":\"https:\\\/\\\/dodo-inflatables.com\\\/lt\\\/#website\",\"url\":\"https:\\\/\\\/dodo-inflatables.com\\\/lt\\\/\",\"name\":\"dodo-inflatables.com\",\"description\":\"\u012esigykite \u0161okin\u0117jan\u010di\u0173 pili\u0173 ir atrakcion\u0173 m\u016bs\u0173 parduotuv\u0117je.\",\"publisher\":{\"@id\":\"https:\\\/\\\/dodo-inflatables.com\\\/lt\\\/#organization\"},\"potentialAction\":[{\"@type\":\"SearchAction\",\"target\":{\"@type\":\"EntryPoint\",\"urlTemplate\":\"https:\\\/\\\/dodo-inflatables.com\\\/lt\\\/?s={search_term_string}\"},\"query-input\":{\"@type\":\"PropertyValueSpecification\",\"valueRequired\":true,\"valueName\":\"search_term_string\"}}],\"inLanguage\":\"lt-LT\"},{\"@type\":\"Organization\",\"@id\":\"https:\\\/\\\/dodo-inflatables.com\\\/lt\\\/#organization\",\"name\":\"dodo-inflatables.com\",\"url\":\"https:\\\/\\\/dodo-inflatables.com\\\/lt\\\/\",\"logo\":{\"@type\":\"ImageObject\",\"inLanguage\":\"lt-LT\",\"@id\":\"https:\\\/\\\/dodo-inflatables.com\\\/lt\\\/#\\\/schema\\\/logo\\\/image\\\/\",\"url\":\"https:\\\/\\\/dodo-inflatables.com\\\/wp-content\\\/uploads\\\/2023\\\/04\\\/cropped-cropped-cropped-Dodo-Logo.png\",\"contentUrl\":\"https:\\\/\\\/dodo-inflatables.com\\\/wp-content\\\/uploads\\\/2023\\\/04\\\/cropped-cropped-cropped-Dodo-Logo.png\",\"width\":2996,\"height\":1545,\"caption\":\"dodo-inflatables.com\"},\"image\":{\"@id\":\"https:\\\/\\\/dodo-inflatables.com\\\/lt\\\/#\\\/schema\\\/logo\\\/image\\\/\"}}]}<\/script>\n<!-- \/ Yoast SEO plugin. -->","yoast_head_json":{"title":"\u012esigykite \u0161okin\u0117jan\u010di\u0105 pil\u012f | Imprint | Dodo-Inflatables.com","description":"Patirkite meistri\u0161kum\u0105 su \"Dodo Inflatables\"! M\u016bs\u0173 \u0161okin\u0117jimo pilys yra sertifikuotos pagal DIN EN 14960, tod\u0117l u\u017etikrinami auk\u0161\u010diausi saugumo standartai, kad gal\u0117tum\u0117te m\u0117gautis \u0161okin\u0117jimu.","robots":{"index":"index","follow":"follow","max-snippet":"max-snippet:-1","max-image-preview":"max-image-preview:large","max-video-preview":"max-video-preview:-1"},"canonical":"https:\/\/dodo-inflatables.com\/lt\/teisinis-pranesimas\/","twitter_misc":{"Est. reading time":"1 minut\u0117"},"schema":{"@context":"https:\/\/schema.org","@graph":[{"@type":"WebPage","@id":"https:\/\/dodo-inflatables.com\/lt\/teisinis-pranesimas\/","url":"https:\/\/dodo-inflatables.com\/lt\/teisinis-pranesimas\/","name":"\u012esigykite \u0161okin\u0117jan\u010di\u0105 pil\u012f | Imprint | Dodo-Inflatables.com","isPartOf":{"@id":"https:\/\/dodo-inflatables.com\/lt\/#website"},"primaryImageOfPage":{"@id":"https:\/\/dodo-inflatables.com\/lt\/teisinis-pranesimas\/#primaryimage"},"image":{"@id":"https:\/\/dodo-inflatables.com\/lt\/teisinis-pranesimas\/#primaryimage"},"thumbnailUrl":"https:\/\/www.it-recht-kanzlei.de\/gfx\/Logos\/logo-fairness-160.png","datePublished":"2025-03-11T16:02:51+00:00","dateModified":"2025-07-20T07:07:42+00:00","description":"Patirkite meistri\u0161kum\u0105 su \"Dodo Inflatables\"! M\u016bs\u0173 \u0161okin\u0117jimo pilys yra sertifikuotos pagal DIN EN 14960, tod\u0117l u\u017etikrinami auk\u0161\u010diausi saugumo standartai, kad gal\u0117tum\u0117te m\u0117gautis \u0161okin\u0117jimu.","breadcrumb":{"@id":"https:\/\/dodo-inflatables.com\/lt\/teisinis-pranesimas\/#breadcrumb"},"inLanguage":"lt-LT","potentialAction":[{"@type":"ReadAction","target":["https:\/\/dodo-inflatables.com\/lt\/teisinis-pranesimas\/"]}]},{"@type":"ImageObject","inLanguage":"lt-LT","@id":"https:\/\/dodo-inflatables.com\/lt\/teisinis-pranesimas\/#primaryimage","url":"https:\/\/www.it-recht-kanzlei.de\/gfx\/Logos\/logo-fairness-160.png","contentUrl":"https:\/\/www.it-recht-kanzlei.de\/gfx\/Logos\/logo-fairness-160.png"},{"@type":"BreadcrumbList","@id":"https:\/\/dodo-inflatables.com\/lt\/teisinis-pranesimas\/#breadcrumb","itemListElement":[{"@type":"ListItem","position":1,"name":"Home","item":"https:\/\/dodo-inflatables.com\/lt\/"},{"@type":"ListItem","position":2,"name":"Teisinis prane\u0161imas"}]},{"@type":"WebSite","@id":"https:\/\/dodo-inflatables.com\/lt\/#website","url":"https:\/\/dodo-inflatables.com\/lt\/","name":"dodo-inflatables.com","description":"\u012esigykite \u0161okin\u0117jan\u010di\u0173 pili\u0173 ir atrakcion\u0173 m\u016bs\u0173 parduotuv\u0117je.","publisher":{"@id":"https:\/\/dodo-inflatables.com\/lt\/#organization"},"potentialAction":[{"@type":"SearchAction","target":{"@type":"EntryPoint","urlTemplate":"https:\/\/dodo-inflatables.com\/lt\/?s={search_term_string}"},"query-input":{"@type":"PropertyValueSpecification","valueRequired":true,"valueName":"search_term_string"}}],"inLanguage":"lt-LT"},{"@type":"Organization","@id":"https:\/\/dodo-inflatables.com\/lt\/#organization","name":"dodo-inflatables.com","url":"https:\/\/dodo-inflatables.com\/lt\/","logo":{"@type":"ImageObject","inLanguage":"lt-LT","@id":"https:\/\/dodo-inflatables.com\/lt\/#\/schema\/logo\/image\/","url":"https:\/\/dodo-inflatables.com\/wp-content\/uploads\/2023\/04\/cropped-cropped-cropped-Dodo-Logo.png","contentUrl":"https:\/\/dodo-inflatables.com\/wp-content\/uploads\/2023\/04\/cropped-cropped-cropped-Dodo-Logo.png","width":2996,"height":1545,"caption":"dodo-inflatables.com"},"image":{"@id":"https:\/\/dodo-inflatables.com\/lt\/#\/schema\/logo\/image\/"}}]}},"uagb_featured_image_src":{"full":false,"thumbnail":false,"medium":false,"medium_large":false,"large":false,"1536x1536":false,"2048x2048":false,"woocommerce_thumbnail":false,"woocommerce_single":false,"woocommerce_gallery_thumbnail":false},"uagb_author_info":{"display_name":"Andreas","author_link":"https:\/\/dodo-inflatables.com\/lt\/author\/andreas\/"},"uagb_comment_info":0,"uagb_excerpt":"Teisinis prane\u0161imas Miet Event Vertriebs GmbHFerdinand-Porsche-Stra\u00dfe 482205 GilchingVokietija Tel.: 089 12 50 18 700El. pa\u0161tas: contact@dodo-inflatables.com Registracijos teismas: Amtsgericht MunichRegistro numeris: HRB 238608 Valdantysis direktorius: Andreas Fr\u00f6schl PVM mok\u0117tojo kodas: DE31727461 WEEE-Reg.-Nr. DE 82972723Informavimo prievol\u0117s pagal \u00a718 paragraf\u0105. 4 sakinys 3 ElektroG:https:\/\/www.bmuv.de\/themen\/wasser-ressourcen-abfall\/kreislaufwirtschaft\/statistiken\/elektro-und-elektronikaltgeraete Atsakinga \u0161alis, kaip apibr\u0117\u017eta 18 straipsnio 2 dalyje. 2 MStV:Miet Event Vertriebs GmbH,&hellip;","_links":{"self":[{"href":"https:\/\/dodo-inflatables.com\/lt\/wp-json\/wp\/v2\/pages\/12592","targetHints":{"allow":["GET"]}}],"collection":[{"href":"https:\/\/dodo-inflatables.com\/lt\/wp-json\/wp\/v2\/pages"}],"about":[{"href":"https:\/\/dodo-inflatables.com\/lt\/wp-json\/wp\/v2\/types\/page"}],"author":[{"embeddable":true,"href":"https:\/\/dodo-inflatables.com\/lt\/wp-json\/wp\/v2\/users\/1"}],"replies":[{"embeddable":true,"href":"https:\/\/dodo-inflatables.com\/lt\/wp-json\/wp\/v2\/comments?post=12592"}],"version-history":[{"count":4,"href":"https:\/\/dodo-inflatables.com\/lt\/wp-json\/wp\/v2\/pages\/12592\/revisions"}],"predecessor-version":[{"id":89812,"href":"https:\/\/dodo-inflatables.com\/lt\/wp-json\/wp\/v2\/pages\/12592\/revisions\/89812"}],"wp:attachment":[{"href":"https:\/\/dodo-inflatables.com\/lt\/wp-json\/wp\/v2\/media?parent=12592"}],"curies":[{"name":"wp","href":"https:\/\/api.w.org\/{rel}","templated":true}]}}