{"id":13416,"date":"2024-03-07T18:43:40","date_gmt":"2024-03-07T17:43:40","guid":{"rendered":"https:\/\/dodo-inflatables.com\/auksciausios-klases-rutschen-und-hupfburgen-kaufen-nach-deutschland\/"},"modified":"2024-07-10T13:56:40","modified_gmt":"2024-07-10T11:56:40","slug":"auksciausios-klases-rutschen-und-hupfburgen-kaufen-nach-deutschland","status":"publish","type":"page","link":"https:\/\/dodo-inflatables.com\/lt\/auksciausios-klases-rutschen-und-hupfburgen-kaufen-nach-deutschland\/","title":{"rendered":"Auk\u0161\u010diausios klas\u0117s Rutschen und H\u00fcpfburgen kaufen nach Deutschland"},"content":{"rendered":"\n<h2 class=\"wp-block-heading has-text-align-center\"><strong>Auk\u0161\u010diausios klas\u0117s Rutschen und H\u00fcpfburgen kaufen nach Deutschland<\/strong><\/h2>\n\n<figure class=\"wp-block-image aligncenter size-large\"><a href=\"https:\/\/dodo-inflatables.com\/wp-content\/uploads\/2022\/01\/seperator-kleiner.png\"><img loading=\"lazy\" decoding=\"async\" width=\"1024\" height=\"102\" src=\"https:\/\/dodo-inflatables.com\/wp-content\/uploads\/2022\/01\/seperator-kleiner-1024x102.png\" alt=\"\" class=\"wp-image-4026\" srcset=\"https:\/\/dodo-inflatables.com\/wp-content\/uploads\/2022\/01\/seperator-kleiner-1024x102.png 1024w, https:\/\/dodo-inflatables.com\/wp-content\/uploads\/2022\/01\/seperator-kleiner-900x90.png 900w, https:\/\/dodo-inflatables.com\/wp-content\/uploads\/2022\/01\/seperator-kleiner-300x30.png 300w, https:\/\/dodo-inflatables.com\/wp-content\/uploads\/2022\/01\/seperator-kleiner-768x77.png 768w, https:\/\/dodo-inflatables.com\/wp-content\/uploads\/2022\/01\/seperator-kleiner-1536x154.png 1536w, https:\/\/dodo-inflatables.com\/wp-content\/uploads\/2022\/01\/seperator-kleiner-340x34.png 340w, https:\/\/dodo-inflatables.com\/wp-content\/uploads\/2022\/01\/seperator-kleiner.png 2000w\" sizes=\"auto, (max-width: 1024px) 100vw, 1024px\" \/><\/a><\/figure>\n\n<h3 class=\"wp-block-heading has-text-align-center\">Sveiki atvyk\u0119 \u012f Dodo-Inflatables.com &#8211; m\u016bs\u0173 internetin\u0119 parduotuv\u0119 Europoje!<\/h3>\n\n<p style=\"font-size:17px\">Tauchen Sie ein in unsere umfangreiche Auswahl an hochwertigen H\u00fcpfburgen, aufblasbaren Schl\u00f6ssern und Rutschen, die jedem Anlass das gewisse Extra verleihen. Ob Sie eine gro\u00dfe H\u00fcpfburg f\u00fcr ein Firmenevent, ein kleines H\u00fcpfschloss f\u00fcr einen Kindergeburtstag oder eine H\u00fcpfburg mit Rutsche f\u00fcr eine Sommerparty suchen &#8211; bei uns finden Sie garantiert das Passende!<\/p>\n\n<p style=\"font-size:17px\">M\u016bs\u0173 asortimentas apima ne tik daugyb\u0119 H\u00fcpfburgen, bet ir pla\u010di\u0105 Zubeh\u00f6r, darunter Gibbons und Huawei Gebl\u00e4se f\u00fcr H\u00fcpfburgen palet\u0119.<\/p>\n\n<p style=\"font-size:17px\">Der Versand einer H\u00fcpfburg und des entsprechenden Zubeh\u00f6rs nach <strong>Deutschland kostet 128,95\u20ac<\/strong>. Ein Paket mit H\u00fcpfburgen Zubeh\u00f6r kostet 9,95\u20ac. Wenn die H\u00fcpfburg auf Lager ist, wird sie sofort nach Zahlungseingang an dich verschickt. Die Lieferung nach Deutschland dauert ca. <strong>2 &#8211; 4 Werktage<\/strong>. Eine Selbstabholung ist in unserem Lager in M\u00fcnchen, Deutschland m\u00f6glich.<\/p>\n\n<p style=\"font-size:17px\">Visi m\u016bs\u0173 H\u00fcpfburgen atitinka grie\u017etus <strong>DIN EN 14960 <\/strong>saugumo standartus ir yra tinkami naudoti priva\u010dioms ir pramonin\u0117ms reikm\u0117ms. Du erh\u00e4ltst nach dem Versand der H\u00fcpfburg einen detaillierten Leitfaden sowie das entsprechende Zertifikat f\u00fcr deine neue H\u00fcpfburg.<\/p>\n\n<p style=\"font-size:17px\">Mehrwertsteuerbefreiung f\u00fcr Unternehmen! Wenn du als Unternehmen einkaufst, gib an der Kasse deine Umsatzsteuer-Identifikationsnummer an, um steuerfrei einzukaufen.<\/p>\n\n<p style=\"font-size:17px\">Egal ob du als Privatperson eine H\u00fcpfburg f\u00fcr das n\u00e4chste Familienfest suchst, oder du ein gewerblicher Vermieter bist, der sein Angebot erweitern m\u00f6chte &#8211; unsere H\u00fcpfburgen sind f\u00fcr vienas geeignet. Tats\u00e4chlich sind die meisten unserer Kunden in ganz Europa H\u00fcpfburgenvermieter, die unsere Produkte f\u00fcr Veranstaltungen jeder Gr\u00f6\u00dfe sch\u00e4tzen.<\/p>\n\n<p style=\"font-size:17px\">Wir w\u00fcnschen dir viel Spa\u00df beim St\u00f6bern in unserem Online Shop und stehen bei Fragen gerne unter <a href=\"mailto:contact@dodo-inflatables.com\">contact@dodo-inflatables.com<\/a> zur Verf\u00fcgung oder besuche unseren deutschen Online Shop: <a href=\"https:\/\/huepfburg-guenstig-kaufen.de\/\">huepfburg-guenstig-kaufen.de<\/a>!<\/p>\n\n<div style=\"height:100px\" aria-hidden=\"true\" class=\"wp-block-spacer\"><\/div>\n","protected":false},"excerpt":{"rendered":"<p>Auk\u0161\u010diausios klas\u0117s Rutschen und H\u00fcpfburgen kaufen nach Deutschland Sveiki atvyk\u0119 \u012f Dodo-Inflatables.com &#8211; m\u016bs\u0173 internetin\u0119 parduotuv\u0119 Europoje! Tauchen Sie ein in unsere umfangreiche Auswahl an hochwertigen H\u00fcpfburgen, aufblasbaren Schl\u00f6ssern und Rutschen, die jedem Anlass das gewisse Extra verleihen. Ob Sie eine gro\u00dfe H\u00fcpfburg f\u00fcr ein Firmenevent, ein kleines H\u00fcpfschloss f\u00fcr einen Kindergeburtstag oder eine H\u00fcpfburg [&hellip;]<\/p>\n","protected":false},"author":1,"featured_media":0,"parent":0,"menu_order":0,"comment_status":"closed","ping_status":"closed","template":"","meta":{"_acf_changed":false,"_uag_custom_page_level_css":"","site-sidebar-layout":"default","site-content-layout":"","ast-site-content-layout":"normal-width-container","site-content-style":"boxed","site-sidebar-style":"default","ast-global-header-display":"","ast-banner-title-visibility":"","ast-main-header-display":"","ast-hfb-above-header-display":"","ast-hfb-below-header-display":"","ast-hfb-mobile-header-display":"","site-post-title":"","ast-breadcrumbs-content":"","ast-featured-img":"","footer-sml-layout":"","ast-disable-related-posts":"","theme-transparent-header-meta":"","adv-header-id-meta":"4069","stick-header-meta":"","header-above-stick-meta":"","header-main-stick-meta":"","header-below-stick-meta":"","astra-migrate-meta-layouts":"default","ast-page-background-enabled":"default","ast-page-background-meta":{"desktop":{"background-color":"var(--ast-global-color-4)","background-image":"","background-repeat":"repeat","background-position":"center center","background-size":"auto","background-attachment":"scroll","background-type":"","background-media":"","overlay-type":"","overlay-color":"","overlay-opacity":"","overlay-gradient":""},"tablet":{"background-color":"","background-image":"","background-repeat":"repeat","background-position":"center center","background-size":"auto","background-attachment":"scroll","background-type":"","background-media":"","overlay-type":"","overlay-color":"","overlay-opacity":"","overlay-gradient":""},"mobile":{"background-color":"","background-image":"","background-repeat":"repeat","background-position":"center center","background-size":"auto","background-attachment":"scroll","background-type":"","background-media":"","overlay-type":"","overlay-color":"","overlay-opacity":"","overlay-gradient":""}},"ast-content-background-meta":{"desktop":{"background-color":"var(--ast-global-color-5)","background-image":"","background-repeat":"repeat","background-position":"center center","background-size":"auto","background-attachment":"scroll","background-type":"","background-media":"","overlay-type":"","overlay-color":"","overlay-opacity":"","overlay-gradient":""},"tablet":{"background-color":"var(--ast-global-color-5)","background-image":"","background-repeat":"repeat","background-position":"center center","background-size":"auto","background-attachment":"scroll","background-type":"","background-media":"","overlay-type":"","overlay-color":"","overlay-opacity":"","overlay-gradient":""},"mobile":{"background-color":"var(--ast-global-color-5)","background-image":"","background-repeat":"repeat","background-position":"center center","background-size":"auto","background-attachment":"scroll","background-type":"","background-media":"","overlay-type":"","overlay-color":"","overlay-opacity":"","overlay-gradient":""}},"footnotes":""},"class_list":["post-13416","page","type-page","status-publish","hentry"],"acf":[],"yoast_head":"<!-- This site is optimized with the Yoast SEO plugin v27.3 - https:\/\/yoast.com\/product\/yoast-seo-wordpress\/ -->\n<title>Auk\u0161\u010diausios klas\u0117s Rutschen und H\u00fcpfburgen kaufen nach Deutschland - dodo-inflatables.com<\/title>\n<meta name=\"robots\" content=\"index, follow, max-snippet:-1, max-image-preview:large, max-video-preview:-1\" \/>\n<link rel=\"canonical\" href=\"https:\/\/dodo-inflatables.com\/lt\/auksciausios-klases-rutschen-und-hupfburgen-kaufen-nach-deutschland\/\" \/>\n<meta name=\"twitter:label1\" content=\"Est. reading time\" \/>\n\t<meta name=\"twitter:data1\" content=\"2 minut\u0117s\" \/>\n<script type=\"application\/ld+json\" class=\"yoast-schema-graph\">{\"@context\":\"https:\\\/\\\/schema.org\",\"@graph\":[{\"@type\":\"WebPage\",\"@id\":\"https:\\\/\\\/dodo-inflatables.com\\\/lt\\\/auksciausios-klases-rutschen-und-hupfburgen-kaufen-nach-deutschland\\\/\",\"url\":\"https:\\\/\\\/dodo-inflatables.com\\\/lt\\\/auksciausios-klases-rutschen-und-hupfburgen-kaufen-nach-deutschland\\\/\",\"name\":\"Auk\u0161\u010diausios klas\u0117s Rutschen und H\u00fcpfburgen kaufen nach Deutschland - dodo-inflatables.com\",\"isPartOf\":{\"@id\":\"https:\\\/\\\/dodo-inflatables.com\\\/lt\\\/#website\"},\"primaryImageOfPage\":{\"@id\":\"https:\\\/\\\/dodo-inflatables.com\\\/lt\\\/auksciausios-klases-rutschen-und-hupfburgen-kaufen-nach-deutschland\\\/#primaryimage\"},\"image\":{\"@id\":\"https:\\\/\\\/dodo-inflatables.com\\\/lt\\\/auksciausios-klases-rutschen-und-hupfburgen-kaufen-nach-deutschland\\\/#primaryimage\"},\"thumbnailUrl\":\"https:\\\/\\\/dodo-inflatables.com\\\/wp-content\\\/uploads\\\/2022\\\/01\\\/seperator-kleiner-1024x102.png\",\"datePublished\":\"2024-03-07T17:43:40+00:00\",\"dateModified\":\"2024-07-10T11:56:40+00:00\",\"breadcrumb\":{\"@id\":\"https:\\\/\\\/dodo-inflatables.com\\\/lt\\\/auksciausios-klases-rutschen-und-hupfburgen-kaufen-nach-deutschland\\\/#breadcrumb\"},\"inLanguage\":\"lt-LT\",\"potentialAction\":[{\"@type\":\"ReadAction\",\"target\":[\"https:\\\/\\\/dodo-inflatables.com\\\/lt\\\/auksciausios-klases-rutschen-und-hupfburgen-kaufen-nach-deutschland\\\/\"]}]},{\"@type\":\"ImageObject\",\"inLanguage\":\"lt-LT\",\"@id\":\"https:\\\/\\\/dodo-inflatables.com\\\/lt\\\/auksciausios-klases-rutschen-und-hupfburgen-kaufen-nach-deutschland\\\/#primaryimage\",\"url\":\"https:\\\/\\\/dodo-inflatables.com\\\/wp-content\\\/uploads\\\/2022\\\/01\\\/seperator-kleiner-1024x102.png\",\"contentUrl\":\"https:\\\/\\\/dodo-inflatables.com\\\/wp-content\\\/uploads\\\/2022\\\/01\\\/seperator-kleiner-1024x102.png\"},{\"@type\":\"BreadcrumbList\",\"@id\":\"https:\\\/\\\/dodo-inflatables.com\\\/lt\\\/auksciausios-klases-rutschen-und-hupfburgen-kaufen-nach-deutschland\\\/#breadcrumb\",\"itemListElement\":[{\"@type\":\"ListItem\",\"position\":1,\"name\":\"Home\",\"item\":\"https:\\\/\\\/dodo-inflatables.com\\\/lt\\\/\"},{\"@type\":\"ListItem\",\"position\":2,\"name\":\"Auk\u0161\u010diausios klas\u0117s Rutschen und H\u00fcpfburgen kaufen nach Deutschland\"}]},{\"@type\":\"WebSite\",\"@id\":\"https:\\\/\\\/dodo-inflatables.com\\\/lt\\\/#website\",\"url\":\"https:\\\/\\\/dodo-inflatables.com\\\/lt\\\/\",\"name\":\"dodo-inflatables.com\",\"description\":\"\u012esigykite \u0161okin\u0117jan\u010di\u0173 pili\u0173 ir atrakcion\u0173 m\u016bs\u0173 parduotuv\u0117je.\",\"publisher\":{\"@id\":\"https:\\\/\\\/dodo-inflatables.com\\\/lt\\\/#organization\"},\"potentialAction\":[{\"@type\":\"SearchAction\",\"target\":{\"@type\":\"EntryPoint\",\"urlTemplate\":\"https:\\\/\\\/dodo-inflatables.com\\\/lt\\\/?s={search_term_string}\"},\"query-input\":{\"@type\":\"PropertyValueSpecification\",\"valueRequired\":true,\"valueName\":\"search_term_string\"}}],\"inLanguage\":\"lt-LT\"},{\"@type\":\"Organization\",\"@id\":\"https:\\\/\\\/dodo-inflatables.com\\\/lt\\\/#organization\",\"name\":\"dodo-inflatables.com\",\"url\":\"https:\\\/\\\/dodo-inflatables.com\\\/lt\\\/\",\"logo\":{\"@type\":\"ImageObject\",\"inLanguage\":\"lt-LT\",\"@id\":\"https:\\\/\\\/dodo-inflatables.com\\\/lt\\\/#\\\/schema\\\/logo\\\/image\\\/\",\"url\":\"https:\\\/\\\/dodo-inflatables.com\\\/wp-content\\\/uploads\\\/2023\\\/04\\\/cropped-cropped-cropped-Dodo-Logo.png\",\"contentUrl\":\"https:\\\/\\\/dodo-inflatables.com\\\/wp-content\\\/uploads\\\/2023\\\/04\\\/cropped-cropped-cropped-Dodo-Logo.png\",\"width\":2996,\"height\":1545,\"caption\":\"dodo-inflatables.com\"},\"image\":{\"@id\":\"https:\\\/\\\/dodo-inflatables.com\\\/lt\\\/#\\\/schema\\\/logo\\\/image\\\/\"}}]}<\/script>\n<!-- \/ Yoast SEO plugin. -->","yoast_head_json":{"title":"Auk\u0161\u010diausios klas\u0117s Rutschen und H\u00fcpfburgen kaufen nach Deutschland - dodo-inflatables.com","robots":{"index":"index","follow":"follow","max-snippet":"max-snippet:-1","max-image-preview":"max-image-preview:large","max-video-preview":"max-video-preview:-1"},"canonical":"https:\/\/dodo-inflatables.com\/lt\/auksciausios-klases-rutschen-und-hupfburgen-kaufen-nach-deutschland\/","twitter_misc":{"Est. reading time":"2 minut\u0117s"},"schema":{"@context":"https:\/\/schema.org","@graph":[{"@type":"WebPage","@id":"https:\/\/dodo-inflatables.com\/lt\/auksciausios-klases-rutschen-und-hupfburgen-kaufen-nach-deutschland\/","url":"https:\/\/dodo-inflatables.com\/lt\/auksciausios-klases-rutschen-und-hupfburgen-kaufen-nach-deutschland\/","name":"Auk\u0161\u010diausios klas\u0117s Rutschen und H\u00fcpfburgen kaufen nach Deutschland - dodo-inflatables.com","isPartOf":{"@id":"https:\/\/dodo-inflatables.com\/lt\/#website"},"primaryImageOfPage":{"@id":"https:\/\/dodo-inflatables.com\/lt\/auksciausios-klases-rutschen-und-hupfburgen-kaufen-nach-deutschland\/#primaryimage"},"image":{"@id":"https:\/\/dodo-inflatables.com\/lt\/auksciausios-klases-rutschen-und-hupfburgen-kaufen-nach-deutschland\/#primaryimage"},"thumbnailUrl":"https:\/\/dodo-inflatables.com\/wp-content\/uploads\/2022\/01\/seperator-kleiner-1024x102.png","datePublished":"2024-03-07T17:43:40+00:00","dateModified":"2024-07-10T11:56:40+00:00","breadcrumb":{"@id":"https:\/\/dodo-inflatables.com\/lt\/auksciausios-klases-rutschen-und-hupfburgen-kaufen-nach-deutschland\/#breadcrumb"},"inLanguage":"lt-LT","potentialAction":[{"@type":"ReadAction","target":["https:\/\/dodo-inflatables.com\/lt\/auksciausios-klases-rutschen-und-hupfburgen-kaufen-nach-deutschland\/"]}]},{"@type":"ImageObject","inLanguage":"lt-LT","@id":"https:\/\/dodo-inflatables.com\/lt\/auksciausios-klases-rutschen-und-hupfburgen-kaufen-nach-deutschland\/#primaryimage","url":"https:\/\/dodo-inflatables.com\/wp-content\/uploads\/2022\/01\/seperator-kleiner-1024x102.png","contentUrl":"https:\/\/dodo-inflatables.com\/wp-content\/uploads\/2022\/01\/seperator-kleiner-1024x102.png"},{"@type":"BreadcrumbList","@id":"https:\/\/dodo-inflatables.com\/lt\/auksciausios-klases-rutschen-und-hupfburgen-kaufen-nach-deutschland\/#breadcrumb","itemListElement":[{"@type":"ListItem","position":1,"name":"Home","item":"https:\/\/dodo-inflatables.com\/lt\/"},{"@type":"ListItem","position":2,"name":"Auk\u0161\u010diausios klas\u0117s Rutschen und H\u00fcpfburgen kaufen nach Deutschland"}]},{"@type":"WebSite","@id":"https:\/\/dodo-inflatables.com\/lt\/#website","url":"https:\/\/dodo-inflatables.com\/lt\/","name":"dodo-inflatables.com","description":"\u012esigykite \u0161okin\u0117jan\u010di\u0173 pili\u0173 ir atrakcion\u0173 m\u016bs\u0173 parduotuv\u0117je.","publisher":{"@id":"https:\/\/dodo-inflatables.com\/lt\/#organization"},"potentialAction":[{"@type":"SearchAction","target":{"@type":"EntryPoint","urlTemplate":"https:\/\/dodo-inflatables.com\/lt\/?s={search_term_string}"},"query-input":{"@type":"PropertyValueSpecification","valueRequired":true,"valueName":"search_term_string"}}],"inLanguage":"lt-LT"},{"@type":"Organization","@id":"https:\/\/dodo-inflatables.com\/lt\/#organization","name":"dodo-inflatables.com","url":"https:\/\/dodo-inflatables.com\/lt\/","logo":{"@type":"ImageObject","inLanguage":"lt-LT","@id":"https:\/\/dodo-inflatables.com\/lt\/#\/schema\/logo\/image\/","url":"https:\/\/dodo-inflatables.com\/wp-content\/uploads\/2023\/04\/cropped-cropped-cropped-Dodo-Logo.png","contentUrl":"https:\/\/dodo-inflatables.com\/wp-content\/uploads\/2023\/04\/cropped-cropped-cropped-Dodo-Logo.png","width":2996,"height":1545,"caption":"dodo-inflatables.com"},"image":{"@id":"https:\/\/dodo-inflatables.com\/lt\/#\/schema\/logo\/image\/"}}]}},"uagb_featured_image_src":{"full":false,"thumbnail":false,"medium":false,"medium_large":false,"large":false,"1536x1536":false,"2048x2048":false,"woocommerce_thumbnail":false,"woocommerce_single":false,"woocommerce_gallery_thumbnail":false},"uagb_author_info":{"display_name":"Andreas","author_link":"https:\/\/dodo-inflatables.com\/lt\/author\/andreas\/"},"uagb_comment_info":0,"uagb_excerpt":"Auk\u0161\u010diausios klas\u0117s Rutschen und H\u00fcpfburgen kaufen nach Deutschland Sveiki atvyk\u0119 \u012f Dodo-Inflatables.com &#8211; m\u016bs\u0173 internetin\u0119 parduotuv\u0119 Europoje! Tauchen Sie ein in unsere umfangreiche Auswahl an hochwertigen H\u00fcpfburgen, aufblasbaren Schl\u00f6ssern und Rutschen, die jedem Anlass das gewisse Extra verleihen. Ob Sie eine gro\u00dfe H\u00fcpfburg f\u00fcr ein Firmenevent, ein kleines H\u00fcpfschloss f\u00fcr einen Kindergeburtstag oder eine H\u00fcpfburg&hellip;","_links":{"self":[{"href":"https:\/\/dodo-inflatables.com\/lt\/wp-json\/wp\/v2\/pages\/13416","targetHints":{"allow":["GET"]}}],"collection":[{"href":"https:\/\/dodo-inflatables.com\/lt\/wp-json\/wp\/v2\/pages"}],"about":[{"href":"https:\/\/dodo-inflatables.com\/lt\/wp-json\/wp\/v2\/types\/page"}],"author":[{"embeddable":true,"href":"https:\/\/dodo-inflatables.com\/lt\/wp-json\/wp\/v2\/users\/1"}],"replies":[{"embeddable":true,"href":"https:\/\/dodo-inflatables.com\/lt\/wp-json\/wp\/v2\/comments?post=13416"}],"version-history":[{"count":2,"href":"https:\/\/dodo-inflatables.com\/lt\/wp-json\/wp\/v2\/pages\/13416\/revisions"}],"predecessor-version":[{"id":13421,"href":"https:\/\/dodo-inflatables.com\/lt\/wp-json\/wp\/v2\/pages\/13416\/revisions\/13421"}],"wp:attachment":[{"href":"https:\/\/dodo-inflatables.com\/lt\/wp-json\/wp\/v2\/media?parent=13416"}],"curies":[{"name":"wp","href":"https:\/\/api.w.org\/{rel}","templated":true}]}}