{"id":13452,"date":"2024-03-07T18:40:55","date_gmt":"2024-03-07T17:40:55","guid":{"rendered":"https:\/\/dodo-inflatables.com\/kupite-tobogane-na-naduvavanje-i-zamkove-za-skakanje-u-bosnu\/"},"modified":"2024-07-10T13:56:14","modified_gmt":"2024-07-10T11:56:14","slug":"kupite-tobogane-na-naduvavanje-i-zamkove-za-skakanje-u-bosnu","status":"publish","type":"page","link":"https:\/\/dodo-inflatables.com\/lt\/kupite-tobogane-na-naduvavanje-i-zamkove-za-skakanje-u-bosnu\/","title":{"rendered":"Kupite tobogane na naduvavanje i zamkove za skakanje u Bosnu"},"content":{"rendered":"\n<h2 class=\"wp-block-heading has-text-align-center\">Kupite tobogane na naduvavanje i zamkove za skakanje u Bosnu<\/h2>\n\n<figure class=\"wp-block-image aligncenter size-large\"><a href=\"https:\/\/dodo-inflatables.com\/wp-content\/uploads\/2022\/01\/seperator-kleiner.png\"><img fetchpriority=\"high\" decoding=\"async\" width=\"1024\" height=\"102\" src=\"https:\/\/dodo-inflatables.com\/wp-content\/uploads\/2022\/01\/seperator-kleiner-1024x102.png\" alt=\"\" class=\"wp-image-4026\" srcset=\"https:\/\/dodo-inflatables.com\/wp-content\/uploads\/2022\/01\/seperator-kleiner-1024x102.png 1024w, https:\/\/dodo-inflatables.com\/wp-content\/uploads\/2022\/01\/seperator-kleiner-900x90.png 900w, https:\/\/dodo-inflatables.com\/wp-content\/uploads\/2022\/01\/seperator-kleiner-300x30.png 300w, https:\/\/dodo-inflatables.com\/wp-content\/uploads\/2022\/01\/seperator-kleiner-768x77.png 768w, https:\/\/dodo-inflatables.com\/wp-content\/uploads\/2022\/01\/seperator-kleiner-1536x154.png 1536w, https:\/\/dodo-inflatables.com\/wp-content\/uploads\/2022\/01\/seperator-kleiner-340x34.png 340w, https:\/\/dodo-inflatables.com\/wp-content\/uploads\/2022\/01\/seperator-kleiner.png 2000w\" sizes=\"(max-width: 1024px) 100vw, 1024px\" \/><\/a><\/figure>\n\n<h3 class=\"wp-block-heading has-text-align-center\">Dobrodo\u0161li na Dodo-Inflatables.com &#8211; na\u0161u internet prodavnicu za skakanje dvoraca u Europi!<\/h3>\n\n<p style=\"font-size:17px\">Uronite u na\u0161 opse\u017ean izbor visokokvalitetnih dvoraca na napuhavanje, dvoraca na napuhavanje i tobogana koji dodaju ono malo vi\u0161e svakoj prilici. Bilo da tra\u017eite veliki zamak za kompaniju, mali dvorac za dje\u010diji ro\u0111endan ili dvorac sa toboganom za ljetnu zabavu &#8211; kod nas \u0107ete zajam\u010deno prona\u0107i ono \u0161to tra\u017eite!<\/p>\n\n<p style=\"font-size:17px\">Na\u0161 asortiman ne uklju\u010duje samo razne skaka\u010dke zamkove, ve\u0107 i \u0161iroku paletu dodataka, uklju\u010duju\u0107i gibone i Huawei puha\u010de za nasko\u010dne dvorce.<\/p>\n\n<p style=\"font-size:17px\">Dostava zamka i prate\u0107e opreme u <strong>Bosnu ko\u0161ta 287,00 \u20ac<\/strong>. Paket sa bouncy castle priborom ko\u0161ta 38,00 \u20ac. Ako je zamak na lageru, bit \u0107e vam dostavljen odmah nakon primitka uplate. Dostava u Bosnu traje cca <strong>4 &#8211; 6 radnih dana<\/strong>. Preuzimanje je mogu\u0107e iz na\u0161eg skladi\u0161ta u Minhenu, Njema\u010dka.<\/p>\n\n<p style=\"font-size:17px\">Svi na\u0161i zamkovi zadovoljavaju stroge sigurnosne standarde <strong>DIN EN 14960<\/strong> i pogodni su za privatnu i komercijalnu upotrebu. Nakon otpreme dvorca za odskakanje, dobit \u0107ete detaljna uputstva i odgovaraju\u0107i sertifikat za va\u0161 novi zamak.<br\/>Oslobo\u0111enje od PDV-a za kompanije! Ako kupujete kao poslovni subjekt, navedite savo PDV broj na blagajni kako biste kupovali bez poreza.<br\/>Bez obzira na to da li ste privatnik u potrazi za nasko\u010dnim dvorcem za sljede\u0107u porodi\u010dnu proslavu, ili ste komercijalni iznajmljiva\u010d koji \u017eeli pro\u0161iriti svoju pasi\u016bl\u0105 &#8211; na\u0161i nasko\u010dni dvorci su pogodni za svakoga. Zapravo, ve\u0107ina na\u0161ih kupaca \u0161irom Europe su kompanije za iznajmljivanje zamkova koje cijene na\u0161e proizvode za doga\u0111aje svih veli\u010dina.<\/p>\n\n<p style=\"font-size:17px\">Nadamo se da \u0107ete u\u017eivati u pregledavanju na\u0161e online trgovine i dostupni smo ako imate pitanja na <a href=\"mailto:contact@dodo-inflatables.com\">contact@dodo-inflatables.com!<\/a><\/p>\n\n<div style=\"height:100px\" aria-hidden=\"true\" class=\"wp-block-spacer\"><\/div>\n","protected":false},"excerpt":{"rendered":"<p>Kupite tobogane na naduvavanje i zamkove za skakanje u Bosnu Dobrodo\u0161li na Dodo-Inflatables.com &#8211; na\u0161u internet prodavnicu za skakanje dvoraca u Europi! Uronite u na\u0161 opse\u017ean izbor visokokvalitetnih dvoraca na napuhavanje, dvoraca na napuhavanje i tobogana koji dodaju ono malo vi\u0161e svakoj prilici. Bilo da tra\u017eite veliki zamak za kompaniju, mali dvorac za dje\u010diji ro\u0111endan [&hellip;]<\/p>\n","protected":false},"author":1,"featured_media":0,"parent":0,"menu_order":0,"comment_status":"closed","ping_status":"closed","template":"","meta":{"_acf_changed":false,"_uag_custom_page_level_css":"","site-sidebar-layout":"default","site-content-layout":"","ast-site-content-layout":"normal-width-container","site-content-style":"boxed","site-sidebar-style":"default","ast-global-header-display":"","ast-banner-title-visibility":"","ast-main-header-display":"","ast-hfb-above-header-display":"","ast-hfb-below-header-display":"","ast-hfb-mobile-header-display":"","site-post-title":"","ast-breadcrumbs-content":"","ast-featured-img":"","footer-sml-layout":"","ast-disable-related-posts":"","theme-transparent-header-meta":"","adv-header-id-meta":"4069","stick-header-meta":"","header-above-stick-meta":"","header-main-stick-meta":"","header-below-stick-meta":"","astra-migrate-meta-layouts":"default","ast-page-background-enabled":"default","ast-page-background-meta":{"desktop":{"background-color":"var(--ast-global-color-4)","background-image":"","background-repeat":"repeat","background-position":"center center","background-size":"auto","background-attachment":"scroll","background-type":"","background-media":"","overlay-type":"","overlay-color":"","overlay-opacity":"","overlay-gradient":""},"tablet":{"background-color":"","background-image":"","background-repeat":"repeat","background-position":"center center","background-size":"auto","background-attachment":"scroll","background-type":"","background-media":"","overlay-type":"","overlay-color":"","overlay-opacity":"","overlay-gradient":""},"mobile":{"background-color":"","background-image":"","background-repeat":"repeat","background-position":"center center","background-size":"auto","background-attachment":"scroll","background-type":"","background-media":"","overlay-type":"","overlay-color":"","overlay-opacity":"","overlay-gradient":""}},"ast-content-background-meta":{"desktop":{"background-color":"var(--ast-global-color-5)","background-image":"","background-repeat":"repeat","background-position":"center center","background-size":"auto","background-attachment":"scroll","background-type":"","background-media":"","overlay-type":"","overlay-color":"","overlay-opacity":"","overlay-gradient":""},"tablet":{"background-color":"var(--ast-global-color-5)","background-image":"","background-repeat":"repeat","background-position":"center center","background-size":"auto","background-attachment":"scroll","background-type":"","background-media":"","overlay-type":"","overlay-color":"","overlay-opacity":"","overlay-gradient":""},"mobile":{"background-color":"var(--ast-global-color-5)","background-image":"","background-repeat":"repeat","background-position":"center center","background-size":"auto","background-attachment":"scroll","background-type":"","background-media":"","overlay-type":"","overlay-color":"","overlay-opacity":"","overlay-gradient":""}},"footnotes":""},"class_list":["post-13452","page","type-page","status-publish","hentry"],"acf":[],"yoast_head":"<!-- This site is optimized with the Yoast SEO plugin v27.5 - https:\/\/yoast.com\/product\/yoast-seo-wordpress\/ -->\n<title>Kupite tobogane na naduvavanje i zamkove za skakanje u Bosnu - dodo-inflatables.com<\/title>\n<meta name=\"robots\" content=\"index, follow, max-snippet:-1, max-image-preview:large, max-video-preview:-1\" \/>\n<link rel=\"canonical\" href=\"https:\/\/dodo-inflatables.com\/lt\/kupite-tobogane-na-naduvavanje-i-zamkove-za-skakanje-u-bosnu\/\" \/>\n<meta name=\"twitter:label1\" content=\"Est. reading time\" \/>\n\t<meta name=\"twitter:data1\" content=\"2 minut\u0117s\" \/>\n<script type=\"application\/ld+json\" class=\"yoast-schema-graph\">{\"@context\":\"https:\\\/\\\/schema.org\",\"@graph\":[{\"@type\":\"WebPage\",\"@id\":\"https:\\\/\\\/dodo-inflatables.com\\\/lt\\\/kupite-tobogane-na-naduvavanje-i-zamkove-za-skakanje-u-bosnu\\\/\",\"url\":\"https:\\\/\\\/dodo-inflatables.com\\\/lt\\\/kupite-tobogane-na-naduvavanje-i-zamkove-za-skakanje-u-bosnu\\\/\",\"name\":\"Kupite tobogane na naduvavanje i zamkove za skakanje u Bosnu - dodo-inflatables.com\",\"isPartOf\":{\"@id\":\"https:\\\/\\\/dodo-inflatables.com\\\/lt\\\/#website\"},\"primaryImageOfPage\":{\"@id\":\"https:\\\/\\\/dodo-inflatables.com\\\/lt\\\/kupite-tobogane-na-naduvavanje-i-zamkove-za-skakanje-u-bosnu\\\/#primaryimage\"},\"image\":{\"@id\":\"https:\\\/\\\/dodo-inflatables.com\\\/lt\\\/kupite-tobogane-na-naduvavanje-i-zamkove-za-skakanje-u-bosnu\\\/#primaryimage\"},\"thumbnailUrl\":\"https:\\\/\\\/dodo-inflatables.com\\\/wp-content\\\/uploads\\\/2022\\\/01\\\/seperator-kleiner-1024x102.png\",\"datePublished\":\"2024-03-07T17:40:55+00:00\",\"dateModified\":\"2024-07-10T11:56:14+00:00\",\"breadcrumb\":{\"@id\":\"https:\\\/\\\/dodo-inflatables.com\\\/lt\\\/kupite-tobogane-na-naduvavanje-i-zamkove-za-skakanje-u-bosnu\\\/#breadcrumb\"},\"inLanguage\":\"lt-LT\",\"potentialAction\":[{\"@type\":\"ReadAction\",\"target\":[\"https:\\\/\\\/dodo-inflatables.com\\\/lt\\\/kupite-tobogane-na-naduvavanje-i-zamkove-za-skakanje-u-bosnu\\\/\"]}]},{\"@type\":\"ImageObject\",\"inLanguage\":\"lt-LT\",\"@id\":\"https:\\\/\\\/dodo-inflatables.com\\\/lt\\\/kupite-tobogane-na-naduvavanje-i-zamkove-za-skakanje-u-bosnu\\\/#primaryimage\",\"url\":\"https:\\\/\\\/dodo-inflatables.com\\\/wp-content\\\/uploads\\\/2022\\\/01\\\/seperator-kleiner-1024x102.png\",\"contentUrl\":\"https:\\\/\\\/dodo-inflatables.com\\\/wp-content\\\/uploads\\\/2022\\\/01\\\/seperator-kleiner-1024x102.png\"},{\"@type\":\"BreadcrumbList\",\"@id\":\"https:\\\/\\\/dodo-inflatables.com\\\/lt\\\/kupite-tobogane-na-naduvavanje-i-zamkove-za-skakanje-u-bosnu\\\/#breadcrumb\",\"itemListElement\":[{\"@type\":\"ListItem\",\"position\":1,\"name\":\"Home\",\"item\":\"https:\\\/\\\/dodo-inflatables.com\\\/lt\\\/\"},{\"@type\":\"ListItem\",\"position\":2,\"name\":\"Kupite tobogane na naduvavanje i zamkove za skakanje u Bosnu\"}]},{\"@type\":\"WebSite\",\"@id\":\"https:\\\/\\\/dodo-inflatables.com\\\/lt\\\/#website\",\"url\":\"https:\\\/\\\/dodo-inflatables.com\\\/lt\\\/\",\"name\":\"dodo-inflatables.com\",\"description\":\"\u012esigykite \u0161okin\u0117jan\u010di\u0173 pili\u0173 ir atrakcion\u0173 m\u016bs\u0173 parduotuv\u0117je.\",\"potentialAction\":[{\"@type\":\"SearchAction\",\"target\":{\"@type\":\"EntryPoint\",\"urlTemplate\":\"https:\\\/\\\/dodo-inflatables.com\\\/lt\\\/?s={search_term_string}\"},\"query-input\":{\"@type\":\"PropertyValueSpecification\",\"valueRequired\":true,\"valueName\":\"search_term_string\"}}],\"inLanguage\":\"lt-LT\"}]}<\/script>\n<!-- \/ Yoast SEO plugin. -->","yoast_head_json":{"title":"Kupite tobogane na naduvavanje i zamkove za skakanje u Bosnu - dodo-inflatables.com","robots":{"index":"index","follow":"follow","max-snippet":"max-snippet:-1","max-image-preview":"max-image-preview:large","max-video-preview":"max-video-preview:-1"},"canonical":"https:\/\/dodo-inflatables.com\/lt\/kupite-tobogane-na-naduvavanje-i-zamkove-za-skakanje-u-bosnu\/","twitter_misc":{"Est. reading time":"2 minut\u0117s"},"schema":{"@context":"https:\/\/schema.org","@graph":[{"@type":"WebPage","@id":"https:\/\/dodo-inflatables.com\/lt\/kupite-tobogane-na-naduvavanje-i-zamkove-za-skakanje-u-bosnu\/","url":"https:\/\/dodo-inflatables.com\/lt\/kupite-tobogane-na-naduvavanje-i-zamkove-za-skakanje-u-bosnu\/","name":"Kupite tobogane na naduvavanje i zamkove za skakanje u Bosnu - dodo-inflatables.com","isPartOf":{"@id":"https:\/\/dodo-inflatables.com\/lt\/#website"},"primaryImageOfPage":{"@id":"https:\/\/dodo-inflatables.com\/lt\/kupite-tobogane-na-naduvavanje-i-zamkove-za-skakanje-u-bosnu\/#primaryimage"},"image":{"@id":"https:\/\/dodo-inflatables.com\/lt\/kupite-tobogane-na-naduvavanje-i-zamkove-za-skakanje-u-bosnu\/#primaryimage"},"thumbnailUrl":"https:\/\/dodo-inflatables.com\/wp-content\/uploads\/2022\/01\/seperator-kleiner-1024x102.png","datePublished":"2024-03-07T17:40:55+00:00","dateModified":"2024-07-10T11:56:14+00:00","breadcrumb":{"@id":"https:\/\/dodo-inflatables.com\/lt\/kupite-tobogane-na-naduvavanje-i-zamkove-za-skakanje-u-bosnu\/#breadcrumb"},"inLanguage":"lt-LT","potentialAction":[{"@type":"ReadAction","target":["https:\/\/dodo-inflatables.com\/lt\/kupite-tobogane-na-naduvavanje-i-zamkove-za-skakanje-u-bosnu\/"]}]},{"@type":"ImageObject","inLanguage":"lt-LT","@id":"https:\/\/dodo-inflatables.com\/lt\/kupite-tobogane-na-naduvavanje-i-zamkove-za-skakanje-u-bosnu\/#primaryimage","url":"https:\/\/dodo-inflatables.com\/wp-content\/uploads\/2022\/01\/seperator-kleiner-1024x102.png","contentUrl":"https:\/\/dodo-inflatables.com\/wp-content\/uploads\/2022\/01\/seperator-kleiner-1024x102.png"},{"@type":"BreadcrumbList","@id":"https:\/\/dodo-inflatables.com\/lt\/kupite-tobogane-na-naduvavanje-i-zamkove-za-skakanje-u-bosnu\/#breadcrumb","itemListElement":[{"@type":"ListItem","position":1,"name":"Home","item":"https:\/\/dodo-inflatables.com\/lt\/"},{"@type":"ListItem","position":2,"name":"Kupite tobogane na naduvavanje i zamkove za skakanje u Bosnu"}]},{"@type":"WebSite","@id":"https:\/\/dodo-inflatables.com\/lt\/#website","url":"https:\/\/dodo-inflatables.com\/lt\/","name":"dodo-inflatables.com","description":"\u012esigykite \u0161okin\u0117jan\u010di\u0173 pili\u0173 ir atrakcion\u0173 m\u016bs\u0173 parduotuv\u0117je.","potentialAction":[{"@type":"SearchAction","target":{"@type":"EntryPoint","urlTemplate":"https:\/\/dodo-inflatables.com\/lt\/?s={search_term_string}"},"query-input":{"@type":"PropertyValueSpecification","valueRequired":true,"valueName":"search_term_string"}}],"inLanguage":"lt-LT"}]}},"uagb_featured_image_src":{"full":false,"thumbnail":false,"medium":false,"medium_large":false,"large":false,"1536x1536":false,"2048x2048":false,"woocommerce_thumbnail":false,"woocommerce_single":false,"woocommerce_gallery_thumbnail":false},"uagb_author_info":{"display_name":"Andreas","author_link":"https:\/\/dodo-inflatables.com\/lt\/author\/andreas\/"},"uagb_comment_info":0,"uagb_excerpt":"Kupite tobogane na naduvavanje i zamkove za skakanje u Bosnu Dobrodo\u0161li na Dodo-Inflatables.com &#8211; na\u0161u internet prodavnicu za skakanje dvoraca u Europi! Uronite u na\u0161 opse\u017ean izbor visokokvalitetnih dvoraca na napuhavanje, dvoraca na napuhavanje i tobogana koji dodaju ono malo vi\u0161e svakoj prilici. Bilo da tra\u017eite veliki zamak za kompaniju, mali dvorac za dje\u010diji ro\u0111endan&hellip;","_links":{"self":[{"href":"https:\/\/dodo-inflatables.com\/lt\/wp-json\/wp\/v2\/pages\/13452","targetHints":{"allow":["GET"]}}],"collection":[{"href":"https:\/\/dodo-inflatables.com\/lt\/wp-json\/wp\/v2\/pages"}],"about":[{"href":"https:\/\/dodo-inflatables.com\/lt\/wp-json\/wp\/v2\/types\/page"}],"author":[{"embeddable":true,"href":"https:\/\/dodo-inflatables.com\/lt\/wp-json\/wp\/v2\/users\/1"}],"replies":[{"embeddable":true,"href":"https:\/\/dodo-inflatables.com\/lt\/wp-json\/wp\/v2\/comments?post=13452"}],"version-history":[{"count":2,"href":"https:\/\/dodo-inflatables.com\/lt\/wp-json\/wp\/v2\/pages\/13452\/revisions"}],"predecessor-version":[{"id":13456,"href":"https:\/\/dodo-inflatables.com\/lt\/wp-json\/wp\/v2\/pages\/13452\/revisions\/13456"}],"wp:attachment":[{"href":"https:\/\/dodo-inflatables.com\/lt\/wp-json\/wp\/v2\/media?parent=13452"}],"curies":[{"name":"wp","href":"https:\/\/api.w.org\/{rel}","templated":true}]}}