{"id":105565,"date":"2026-04-04T13:54:47","date_gmt":"2026-04-04T11:54:47","guid":{"rendered":"https:\/\/dodo-inflatables.com\/dodo-relaunch?product=mazi-pripuciamu-batuutu-saugos-kilimeliai-120-x-120-x-5-cm"},"modified":"2026-04-04T13:54:47","modified_gmt":"2026-04-04T11:54:47","slug":"mazi-pripuciamu-batuutu-saugos-kilimeliai-120-x-120-x-5-cm","status":"publish","type":"product","link":"https:\/\/dodo-inflatables.com\/lt\/produktas\/mazi-pripuciamu-batuutu-saugos-kilimeliai-120-x-120-x-5-cm\/","title":{"rendered":"Ma\u017ei pripu\u010diam\u0173 batuut\u0173 saugos kilim\u0117liai 120 x 120 x 5 cm"},"content":{"rendered":"<h2>Pirkti ma\u017eus saugos kilim\u0117lius pripu\u010diamiems batuutams<\/h2>\n<p class=\"p1\">M\u016bs\u0173 saugos kilim\u0117liai yra idealus papildymas kiekvienam pripu\u010diamam batuutui ir u\u017etikrina maksimal\u0173 saugum\u0105 \u012f\u0117jimo ir i\u0161\u0117jimo zonoje. Ypa\u010d nuomos \u012fmon\u0117ms ir operatoriams, turintiems auk\u0161tus saugos standartus, \u0161ie ma\u017ei kilim\u0117liai yra patikimas ir ilgaam\u017eis sprendimas.<\/p>\n<p class=\"p1\"><span class=\"s1\"><b>Optimali sm\u016bgi\u0173 absorbcija:<\/b><\/span> Auk\u0161tos kokyb\u0117s lengvas EPE put\u0173 materialas patikimai absorbuoja sm\u016bgius ir \u017eymiai suma\u017eina su\u017eeidim\u0173 rizik\u0105 \u012flipant \u012f pripu\u010diam\u0105 batuut\u0105 ir i\u0161lipant i\u0161 jo.<\/p>\n<p class=\"p1\"><span class=\"s1\"><b>Taupantis viet\u0105 ir lankstus:<\/b><\/span> Sulankstomas saugos kilim\u0117lis gali b\u016bti sulenktas \u012f tris dalis, tod\u0117l jis ypa\u010d kompakti\u0161kas transportavimui ir laikymui \u2013 idealus mobiliam naudojimui nuomos operacijose.<\/p>\n<p class=\"p1\"><span class=\"s1\"><b>Pagerintas apdorojimas:<\/b><\/span> Si\u016bl\u0117s yra i\u0161d\u0117stytos viduje ir nebeguli ant i\u0161orin\u0117s pavir\u0161iaus. Tai padeda i\u0161vengti j\u0173 trinties \u012f \u017eem\u0119 ir ankstyvo susid\u0117v\u0117jimo.<\/p>\n<p class=\"p1\"><span class=\"s1\"><b>Maksimalus saugumas:<\/b><\/span> S\u0105moningai pagamintas be ne\u0161imo ranken\u0117li\u0173, siekiant i\u0161vengti paslydinimo pavoj\u0173 ir padaryti naudojim\u0105 tiesioginiame pripu\u010diamo batuuto plote dar saugesniu.<\/p>\n<p class=\"p1\"><span class=\"s1\"><b>Patvari danga:<\/b><\/span> Atsparus PU brezento audinys yra ilgaam\u017eis, lengvai pri\u017ei\u016brimas ir skirtas reguliariam naudojimui rengini\u0173 ir nuomos sektoriuje.<\/p>\n<p>&nbsp;<br \/>\n<strong>Ma\u017eo saugos kilim\u0117lio informacija<\/strong><\/p>\n<ul>\n<li>Atidaryti matmenys: 120 x 120 x 5 cm<\/li>\n<li>Sulankstyt\u0173 matmenys: 60 x 120 x 10 cm<\/li>\n<li>Put\u0173 med\u017eiaga: EPE RG 18<\/li>\n<li>Dangos med\u017eiaga: PU brezento audinys, storis 0,6 mm<\/li>\n<li>Svoris: 2,8 kg<\/li>\n<\/ul>\n","protected":false},"excerpt":{"rendered":"<ul>\n<li>Atidaryti matmenys: 120 x 120 x 5 cm<\/li>\n<li>Sulankstyt\u0173 matmenys: 60 x 120 x 10 cm<\/li>\n<li>Put\u0173 med\u017eiaga: EPE RG 18<\/li>\n<li>Dangos med\u017eiaga: PU brezento audinys, storis 0,6 mm<\/li>\n<li>Svoris: 2,8 kg<\/li>\n<\/ul>\n","protected":false},"featured_media":105559,"comment_status":"open","ping_status":"closed","template":"","meta":{"_acf_changed":false,"_uag_custom_page_level_css":"","site-sidebar-layout":"default","site-content-layout":"boxed-container","ast-site-content-layout":"normal-width-container","site-content-style":"boxed","site-sidebar-style":"default","ast-global-header-display":"","ast-banner-title-visibility":"","ast-main-header-display":"","ast-hfb-above-header-display":"","ast-hfb-below-header-display":"","ast-hfb-mobile-header-display":"","site-post-title":"disabled","ast-breadcrumbs-content":"","ast-featured-img":"","footer-sml-layout":"","ast-disable-related-posts":"","theme-transparent-header-meta":"default","adv-header-id-meta":"","stick-header-meta":"default","header-above-stick-meta":"","header-main-stick-meta":"","header-below-stick-meta":"","astra-migrate-meta-layouts":"default","ast-page-background-enabled":"default","ast-page-background-meta":{"desktop":{"background-color":"var(--ast-global-color-4)","background-image":"","background-repeat":"repeat","background-position":"center center","background-size":"auto","background-attachment":"scroll","background-type":"","background-media":"","overlay-type":"","overlay-color":"","overlay-opacity":"","overlay-gradient":""},"tablet":{"background-color":"","background-image":"","background-repeat":"repeat","background-position":"center center","background-size":"auto","background-attachment":"scroll","background-type":"","background-media":"","overlay-type":"","overlay-color":"","overlay-opacity":"","overlay-gradient":""},"mobile":{"background-color":"","background-image":"","background-repeat":"repeat","background-position":"center center","background-size":"auto","background-attachment":"scroll","background-type":"","background-media":"","overlay-type":"","overlay-color":"","overlay-opacity":"","overlay-gradient":""}},"ast-content-background-meta":{"desktop":{"background-color":"var(--ast-global-color-5)","background-image":"","background-repeat":"repeat","background-position":"center center","background-size":"auto","background-attachment":"scroll","background-type":"","background-media":"","overlay-type":"","overlay-color":"","overlay-opacity":"","overlay-gradient":""},"tablet":{"background-color":"var(--ast-global-color-5)","background-image":"","background-repeat":"repeat","background-position":"center center","background-size":"auto","background-attachment":"scroll","background-type":"","background-media":"","overlay-type":"","overlay-color":"","overlay-opacity":"","overlay-gradient":""},"mobile":{"background-color":"var(--ast-global-color-5)","background-image":"","background-repeat":"repeat","background-position":"center center","background-size":"auto","background-attachment":"scroll","background-type":"","background-media":"","overlay-type":"","overlay-color":"","overlay-opacity":"","overlay-gradient":""}}},"product_brand":[],"product_cat":[1162],"product_tag":[],"class_list":{"0":"post-105565","1":"product","2":"type-product","3":"status-publish","4":"has-post-thumbnail","6":"product_cat-priedai","7":"product_shipping_class-spedition-hupfburg-lt","8":"desktop-align-center","9":"tablet-align-center","10":"mobile-align-center","11":"ast-product-gallery-layout-horizontal","12":"ast-product-tabs-layout-horizontal","14":"first","15":"instock","16":"taxable","17":"shipping-taxable","18":"purchasable","19":"product-type-simple"},"acf":[],"yoast_head":"<!-- This site is optimized with the Yoast SEO plugin v27.5 - https:\/\/yoast.com\/product\/yoast-seo-wordpress\/ -->\n<title>Ma\u017ei pripu\u010diam\u0173 batuut\u0173 saugos kilim\u0117liai 120 x 120 x 5 cm | Dodo Inflatables<\/title>\n<meta name=\"description\" content=\"Ma\u017ei pripu\u010diam\u0173 batuut\u0173 saugos kilim\u0117liai \u2013 EPE put\u0173, sulankstomas \u012f tris dalis, PU brezento audinio danga. Maksimalus saugumas \u012f\u0117jimo ir i\u0161\u0117jimo zonoje, idealus nuomos \u012fmon\u0117ms.\" \/>\n<meta name=\"robots\" content=\"index, follow, max-snippet:-1, max-image-preview:large, max-video-preview:-1\" \/>\n<link rel=\"canonical\" href=\"https:\/\/dodo-inflatables.com\/lt\/produktas\/mazi-pripuciamu-batuutu-saugos-kilimeliai-120-x-120-x-5-cm\/\" \/>\n<meta name=\"twitter:label1\" content=\"Est. reading time\" \/>\n\t<meta name=\"twitter:data1\" content=\"1 minut\u0117\" \/>\n<script type=\"application\/ld+json\" class=\"yoast-schema-graph\">{\"@context\":\"https:\\\/\\\/schema.org\",\"@graph\":[{\"@type\":\"WebPage\",\"@id\":\"https:\\\/\\\/dodo-inflatables.com\\\/lt\\\/produktas\\\/mazi-pripuciamu-batuutu-saugos-kilimeliai-120-x-120-x-5-cm\\\/\",\"url\":\"https:\\\/\\\/dodo-inflatables.com\\\/lt\\\/produktas\\\/mazi-pripuciamu-batuutu-saugos-kilimeliai-120-x-120-x-5-cm\\\/\",\"name\":\"Ma\u017ei pripu\u010diam\u0173 batuut\u0173 saugos kilim\u0117liai 120 x 120 x 5 cm | Dodo Inflatables\",\"isPartOf\":{\"@id\":\"https:\\\/\\\/dodo-inflatables.com\\\/lt\\\/#website\"},\"primaryImageOfPage\":{\"@id\":\"https:\\\/\\\/dodo-inflatables.com\\\/lt\\\/produktas\\\/mazi-pripuciamu-batuutu-saugos-kilimeliai-120-x-120-x-5-cm\\\/#primaryimage\"},\"image\":{\"@id\":\"https:\\\/\\\/dodo-inflatables.com\\\/lt\\\/produktas\\\/mazi-pripuciamu-batuutu-saugos-kilimeliai-120-x-120-x-5-cm\\\/#primaryimage\"},\"thumbnailUrl\":\"https:\\\/\\\/dodo-inflatables.com\\\/wp-content\\\/uploads\\\/2026\\\/04\\\/Buy-small-fall-protection-mats-for-bouncy-castles-06.jpg\",\"datePublished\":\"2026-04-04T11:54:47+00:00\",\"description\":\"Ma\u017ei pripu\u010diam\u0173 batuut\u0173 saugos kilim\u0117liai \u2013 EPE put\u0173, sulankstomas \u012f tris dalis, PU brezento audinio danga. Maksimalus saugumas \u012f\u0117jimo ir i\u0161\u0117jimo zonoje, idealus nuomos \u012fmon\u0117ms.\",\"breadcrumb\":{\"@id\":\"https:\\\/\\\/dodo-inflatables.com\\\/lt\\\/produktas\\\/mazi-pripuciamu-batuutu-saugos-kilimeliai-120-x-120-x-5-cm\\\/#breadcrumb\"},\"inLanguage\":\"lt-LT\",\"potentialAction\":[{\"@type\":\"ReadAction\",\"target\":[\"https:\\\/\\\/dodo-inflatables.com\\\/lt\\\/produktas\\\/mazi-pripuciamu-batuutu-saugos-kilimeliai-120-x-120-x-5-cm\\\/\"]}]},{\"@type\":\"ImageObject\",\"inLanguage\":\"lt-LT\",\"@id\":\"https:\\\/\\\/dodo-inflatables.com\\\/lt\\\/produktas\\\/mazi-pripuciamu-batuutu-saugos-kilimeliai-120-x-120-x-5-cm\\\/#primaryimage\",\"url\":\"https:\\\/\\\/dodo-inflatables.com\\\/wp-content\\\/uploads\\\/2026\\\/04\\\/Buy-small-fall-protection-mats-for-bouncy-castles-06.jpg\",\"contentUrl\":\"https:\\\/\\\/dodo-inflatables.com\\\/wp-content\\\/uploads\\\/2026\\\/04\\\/Buy-small-fall-protection-mats-for-bouncy-castles-06.jpg\",\"width\":1000,\"height\":1000,\"caption\":\"Ma\u017ei pripu\u010diam\u0173 batuut\u0173 saugos kilim\u0117liai 120 x 120 x 5 cm | Dodo Inflatables\"},{\"@type\":\"BreadcrumbList\",\"@id\":\"https:\\\/\\\/dodo-inflatables.com\\\/lt\\\/produktas\\\/mazi-pripuciamu-batuutu-saugos-kilimeliai-120-x-120-x-5-cm\\\/#breadcrumb\",\"itemListElement\":[{\"@type\":\"ListItem\",\"position\":1,\"name\":\"Home\",\"item\":\"https:\\\/\\\/dodo-inflatables.com\\\/lt\\\/\"},{\"@type\":\"ListItem\",\"position\":2,\"name\":\"Parduotuv\u0117\",\"item\":\"https:\\\/\\\/dodo-inflatables.com\\\/lt\\\/parduotuve\\\/\"},{\"@type\":\"ListItem\",\"position\":3,\"name\":\"Ma\u017ei pripu\u010diam\u0173 batuut\u0173 saugos kilim\u0117liai 120 x 120 x 5 cm\"}]},{\"@type\":\"WebSite\",\"@id\":\"https:\\\/\\\/dodo-inflatables.com\\\/lt\\\/#website\",\"url\":\"https:\\\/\\\/dodo-inflatables.com\\\/lt\\\/\",\"name\":\"dodo-inflatables.com\",\"description\":\"\u012esigykite \u0161okin\u0117jan\u010di\u0173 pili\u0173 ir atrakcion\u0173 m\u016bs\u0173 parduotuv\u0117je.\",\"potentialAction\":[{\"@type\":\"SearchAction\",\"target\":{\"@type\":\"EntryPoint\",\"urlTemplate\":\"https:\\\/\\\/dodo-inflatables.com\\\/lt\\\/?s={search_term_string}\"},\"query-input\":{\"@type\":\"PropertyValueSpecification\",\"valueRequired\":true,\"valueName\":\"search_term_string\"}}],\"inLanguage\":\"lt-LT\"}]}<\/script>\n<!-- \/ Yoast SEO plugin. -->","yoast_head_json":{"title":"Ma\u017ei pripu\u010diam\u0173 batuut\u0173 saugos kilim\u0117liai 120 x 120 x 5 cm | Dodo Inflatables","description":"Ma\u017ei pripu\u010diam\u0173 batuut\u0173 saugos kilim\u0117liai \u2013 EPE put\u0173, sulankstomas \u012f tris dalis, PU brezento audinio danga. Maksimalus saugumas \u012f\u0117jimo ir i\u0161\u0117jimo zonoje, idealus nuomos \u012fmon\u0117ms.","robots":{"index":"index","follow":"follow","max-snippet":"max-snippet:-1","max-image-preview":"max-image-preview:large","max-video-preview":"max-video-preview:-1"},"canonical":"https:\/\/dodo-inflatables.com\/lt\/produktas\/mazi-pripuciamu-batuutu-saugos-kilimeliai-120-x-120-x-5-cm\/","twitter_misc":{"Est. reading time":"1 minut\u0117"},"schema":{"@context":"https:\/\/schema.org","@graph":[{"@type":"WebPage","@id":"https:\/\/dodo-inflatables.com\/lt\/produktas\/mazi-pripuciamu-batuutu-saugos-kilimeliai-120-x-120-x-5-cm\/","url":"https:\/\/dodo-inflatables.com\/lt\/produktas\/mazi-pripuciamu-batuutu-saugos-kilimeliai-120-x-120-x-5-cm\/","name":"Ma\u017ei pripu\u010diam\u0173 batuut\u0173 saugos kilim\u0117liai 120 x 120 x 5 cm | Dodo Inflatables","isPartOf":{"@id":"https:\/\/dodo-inflatables.com\/lt\/#website"},"primaryImageOfPage":{"@id":"https:\/\/dodo-inflatables.com\/lt\/produktas\/mazi-pripuciamu-batuutu-saugos-kilimeliai-120-x-120-x-5-cm\/#primaryimage"},"image":{"@id":"https:\/\/dodo-inflatables.com\/lt\/produktas\/mazi-pripuciamu-batuutu-saugos-kilimeliai-120-x-120-x-5-cm\/#primaryimage"},"thumbnailUrl":"https:\/\/dodo-inflatables.com\/wp-content\/uploads\/2026\/04\/Buy-small-fall-protection-mats-for-bouncy-castles-06.jpg","datePublished":"2026-04-04T11:54:47+00:00","description":"Ma\u017ei pripu\u010diam\u0173 batuut\u0173 saugos kilim\u0117liai \u2013 EPE put\u0173, sulankstomas \u012f tris dalis, PU brezento audinio danga. Maksimalus saugumas \u012f\u0117jimo ir i\u0161\u0117jimo zonoje, idealus nuomos \u012fmon\u0117ms.","breadcrumb":{"@id":"https:\/\/dodo-inflatables.com\/lt\/produktas\/mazi-pripuciamu-batuutu-saugos-kilimeliai-120-x-120-x-5-cm\/#breadcrumb"},"inLanguage":"lt-LT","potentialAction":[{"@type":"ReadAction","target":["https:\/\/dodo-inflatables.com\/lt\/produktas\/mazi-pripuciamu-batuutu-saugos-kilimeliai-120-x-120-x-5-cm\/"]}]},{"@type":"ImageObject","inLanguage":"lt-LT","@id":"https:\/\/dodo-inflatables.com\/lt\/produktas\/mazi-pripuciamu-batuutu-saugos-kilimeliai-120-x-120-x-5-cm\/#primaryimage","url":"https:\/\/dodo-inflatables.com\/wp-content\/uploads\/2026\/04\/Buy-small-fall-protection-mats-for-bouncy-castles-06.jpg","contentUrl":"https:\/\/dodo-inflatables.com\/wp-content\/uploads\/2026\/04\/Buy-small-fall-protection-mats-for-bouncy-castles-06.jpg","width":1000,"height":1000,"caption":"Ma\u017ei pripu\u010diam\u0173 batuut\u0173 saugos kilim\u0117liai 120 x 120 x 5 cm | Dodo Inflatables"},{"@type":"BreadcrumbList","@id":"https:\/\/dodo-inflatables.com\/lt\/produktas\/mazi-pripuciamu-batuutu-saugos-kilimeliai-120-x-120-x-5-cm\/#breadcrumb","itemListElement":[{"@type":"ListItem","position":1,"name":"Home","item":"https:\/\/dodo-inflatables.com\/lt\/"},{"@type":"ListItem","position":2,"name":"Parduotuv\u0117","item":"https:\/\/dodo-inflatables.com\/lt\/parduotuve\/"},{"@type":"ListItem","position":3,"name":"Ma\u017ei pripu\u010diam\u0173 batuut\u0173 saugos kilim\u0117liai 120 x 120 x 5 cm"}]},{"@type":"WebSite","@id":"https:\/\/dodo-inflatables.com\/lt\/#website","url":"https:\/\/dodo-inflatables.com\/lt\/","name":"dodo-inflatables.com","description":"\u012esigykite \u0161okin\u0117jan\u010di\u0173 pili\u0173 ir atrakcion\u0173 m\u016bs\u0173 parduotuv\u0117je.","potentialAction":[{"@type":"SearchAction","target":{"@type":"EntryPoint","urlTemplate":"https:\/\/dodo-inflatables.com\/lt\/?s={search_term_string}"},"query-input":{"@type":"PropertyValueSpecification","valueRequired":true,"valueName":"search_term_string"}}],"inLanguage":"lt-LT"}]}},"uagb_featured_image_src":{"full":["https:\/\/dodo-inflatables.com\/wp-content\/uploads\/2026\/04\/Buy-small-fall-protection-mats-for-bouncy-castles-06.jpg",1000,1000,false],"thumbnail":["https:\/\/dodo-inflatables.com\/wp-content\/uploads\/2026\/04\/Buy-small-fall-protection-mats-for-bouncy-castles-06-150x150.jpg",150,150,true],"medium":["https:\/\/dodo-inflatables.com\/wp-content\/uploads\/2026\/04\/Buy-small-fall-protection-mats-for-bouncy-castles-06-300x300.jpg",300,300,true],"medium_large":["https:\/\/dodo-inflatables.com\/wp-content\/uploads\/2026\/04\/Buy-small-fall-protection-mats-for-bouncy-castles-06-768x768.jpg",768,768,true],"large":["https:\/\/dodo-inflatables.com\/wp-content\/uploads\/2026\/04\/Buy-small-fall-protection-mats-for-bouncy-castles-06.jpg",1000,1000,false],"1536x1536":["https:\/\/dodo-inflatables.com\/wp-content\/uploads\/2026\/04\/Buy-small-fall-protection-mats-for-bouncy-castles-06.jpg",1000,1000,false],"2048x2048":["https:\/\/dodo-inflatables.com\/wp-content\/uploads\/2026\/04\/Buy-small-fall-protection-mats-for-bouncy-castles-06.jpg",1000,1000,false],"woocommerce_thumbnail":["https:\/\/dodo-inflatables.com\/wp-content\/uploads\/2026\/04\/Buy-small-fall-protection-mats-for-bouncy-castles-06-900x900.jpg",900,900,true],"woocommerce_single":["https:\/\/dodo-inflatables.com\/wp-content\/uploads\/2026\/04\/Buy-small-fall-protection-mats-for-bouncy-castles-06-900x900.jpg",900,900,true],"woocommerce_gallery_thumbnail":["https:\/\/dodo-inflatables.com\/wp-content\/uploads\/2026\/04\/Buy-small-fall-protection-mats-for-bouncy-castles-06-100x100.jpg",100,100,true]},"uagb_author_info":{"display_name":"Andreas","author_link":"https:\/\/dodo-inflatables.com\/lt\/author\/"},"uagb_comment_info":0,"uagb_excerpt":"Atidaryti matmenys: 120 x 120 x 5 cm Sulankstyt\u0173 matmenys: 60 x 120 x 10 cm Put\u0173 med\u017eiaga: EPE RG 18 Dangos med\u017eiaga: PU brezento audinys, storis 0,6 mm Svoris: 2,8 kg","_links":{"self":[{"href":"https:\/\/dodo-inflatables.com\/lt\/wp-json\/wp\/v2\/product\/105565","targetHints":{"allow":["GET"]}}],"collection":[{"href":"https:\/\/dodo-inflatables.com\/lt\/wp-json\/wp\/v2\/product"}],"about":[{"href":"https:\/\/dodo-inflatables.com\/lt\/wp-json\/wp\/v2\/types\/product"}],"replies":[{"embeddable":true,"href":"https:\/\/dodo-inflatables.com\/lt\/wp-json\/wp\/v2\/comments?post=105565"}],"wp:featuredmedia":[{"embeddable":true,"href":"https:\/\/dodo-inflatables.com\/lt\/wp-json\/wp\/v2\/media\/105559"}],"wp:attachment":[{"href":"https:\/\/dodo-inflatables.com\/lt\/wp-json\/wp\/v2\/media?parent=105565"}],"wp:term":[{"taxonomy":"product_brand","embeddable":true,"href":"https:\/\/dodo-inflatables.com\/lt\/wp-json\/wp\/v2\/product_brand?post=105565"},{"taxonomy":"product_cat","embeddable":true,"href":"https:\/\/dodo-inflatables.com\/lt\/wp-json\/wp\/v2\/product_cat?post=105565"},{"taxonomy":"product_tag","embeddable":true,"href":"https:\/\/dodo-inflatables.com\/lt\/wp-json\/wp\/v2\/product_tag?post=105565"}],"curies":[{"name":"wp","href":"https:\/\/api.w.org\/{rel}","templated":true}]}}