{"id":105758,"date":"2026-04-04T13:54:46","date_gmt":"2026-04-04T11:54:46","guid":{"rendered":"https:\/\/dodo-inflatables.com\/dodo-relaunch?product=16-pack-huawei-reh-1-5e-pustuvai-pripuciamiems-batuutams"},"modified":"2026-04-04T13:54:46","modified_gmt":"2026-04-04T11:54:46","slug":"16-pack-huawei-reh-1-5e-pustuvai-pripuciamiems-batuutams","status":"publish","type":"product","link":"https:\/\/dodo-inflatables.com\/lt\/produktas\/16-pack-huawei-reh-1-5e-pustuvai-pripuciamiems-batuutams\/","title":{"rendered":"16-Pack Huawei REH-1.5E p\u016bstuvai pripu\u010diamiems batuutams"},"content":{"rendered":"<h2>16-Pack Huawei REH-1.5E p\u016bstuvai pripu\u010diamiems batuutams \u2013 Dabar prieinami kaip vertingas paketas!<\/h2>\n<p>Nuomos \u012fmon\u0117ms, rengini\u0173 organizatoriams ar klientams, turintiems didesn\u012f pripu\u010diam\u0173 batuut\u0173 park\u0105, m\u016bs\u0173 16-Pack Huawei REH-1.5E p\u016bstuvai yra tobulas pasirinkimas. U\u017esitikrinkite piln\u0105 palet\u0119 su 16 p\u016bstuv\u0173 ir efektyviai apr\u016bpinkite savo inventori\u0173 \u0161iuo prakti\u0161ka paketu.<br \/>\n<strong>Kod\u0117l rinktis \u0161\u012f set\u0105?<\/strong><br \/>\n\u2705 <em>Galingas oro srautas<\/em> \u2013 Huawei 1,5 HP p\u016bstuvai u\u017etikrina greit\u0105 prip\u016btim\u0105 ir stabil\u0173 oro sl\u0117g\u012f, tod\u0117l j\u016bs\u0173 pripu\u010diami batuutai visada yra paruo\u0161ti naudoti.<br \/>\n\u2705 <em>Idealus didesniems inventoriams<\/em> \u2013 Prakti\u0161kas sprendimas \u012fmon\u0117ms ir operatoriams, kuriems reikia keli\u0173 p\u016bstuv\u0173 reguliariam naudojimui.<br \/>\n\u2705 <em>Ple\u010diamas dar didesniam efektyvumui<\/em> \u2013 P\u016bstuvai suderinami su:<br \/>\n&#8211; Defliatoriaus ir dvigubo defliatoriaus priedais greitesniam oro pa\u0161alinimui supakavimo metu.<br \/>\n&#8211; \u0160ildytuvo priedais \u0161lapiems pripu\u010diamiems batuutams d\u017eiovinti \u0161iltu oru (abu priedai parduodami atskirai).<br \/>\n<strong>Produkto informacija (vienam p\u016bstuvui):<\/strong><br \/>\n&#8211; Med\u017eiaga: auk\u0161tos kokyb\u0117s plastikinis korpusas<br \/>\n&#8211; Galia: 1,35 kW (i\u0161\u0117jimas), 1,8 kW (\u012f\u0117jimas), 1,5 HP<br \/>\n&#8211; Jungtis: Schuko ki\u0161tukas<br \/>\n&#8211; Piltuv\u0117lio skersmuo: 14,5 cm<br \/>\n&#8211; Matmenys: 49 x 38,5 x 49,5 cm<br \/>\n&#8211; Svoris: 16,8 kg<br \/>\n&#8211; Triuk\u0161mo lygis: 85 dB<br \/>\n&#8211; WEEE registracijos nr.: DE 82972723<br \/>\nPasinaudokite \u0161iuo prakti\u0161ka paketu, kad efektyviai i\u0161pl\u0117stum\u0117te savo inventori\u0173. U\u017esisakykite savo palet\u0119 su 16 Huawei p\u016bstuv\u0173 dabar!<\/p>\n","protected":false},"excerpt":{"rendered":"<p><strong>Produkto informacija (vienam p\u016bstuvui):<\/strong><br \/>\n&#8211; Med\u017eiaga: auk\u0161tos kokyb\u0117s plastikinis korpusas<br \/>\n&#8211; Galia: 1,35 kW (i\u0161\u0117jimas), 1,8 kW (\u012f\u0117jimas), 1,5 HP<br \/>\n&#8211; Jungtis: Schuko ki\u0161tukas<br \/>\n&#8211; Piltuv\u0117lio skersmuo: 14,5 cm<br \/>\n&#8211; Matmenys: 49 x 38,5 x 49,5 cm<br \/>\n&#8211; Svoris: 16,8 kg<br \/>\n&#8211; Triuk\u0161mo lygis: 85 dB<br \/>\n&#8211; WEEE registracijos nr.: DE 82972723<\/p>\n","protected":false},"featured_media":105757,"comment_status":"open","ping_status":"closed","template":"","meta":{"_acf_changed":false,"_uag_custom_page_level_css":"","site-sidebar-layout":"default","site-content-layout":"boxed-container","ast-site-content-layout":"normal-width-container","site-content-style":"boxed","site-sidebar-style":"default","ast-global-header-display":"","ast-banner-title-visibility":"","ast-main-header-display":"","ast-hfb-above-header-display":"","ast-hfb-below-header-display":"","ast-hfb-mobile-header-display":"","site-post-title":"disabled","ast-breadcrumbs-content":"","ast-featured-img":"","footer-sml-layout":"","ast-disable-related-posts":"","theme-transparent-header-meta":"default","adv-header-id-meta":"","stick-header-meta":"default","header-above-stick-meta":"","header-main-stick-meta":"","header-below-stick-meta":"","astra-migrate-meta-layouts":"default","ast-page-background-enabled":"default","ast-page-background-meta":{"desktop":{"background-color":"var(--ast-global-color-4)","background-image":"","background-repeat":"repeat","background-position":"center center","background-size":"auto","background-attachment":"scroll","background-type":"","background-media":"","overlay-type":"","overlay-color":"","overlay-opacity":"","overlay-gradient":""},"tablet":{"background-color":"","background-image":"","background-repeat":"repeat","background-position":"center center","background-size":"auto","background-attachment":"scroll","background-type":"","background-media":"","overlay-type":"","overlay-color":"","overlay-opacity":"","overlay-gradient":""},"mobile":{"background-color":"","background-image":"","background-repeat":"repeat","background-position":"center center","background-size":"auto","background-attachment":"scroll","background-type":"","background-media":"","overlay-type":"","overlay-color":"","overlay-opacity":"","overlay-gradient":""}},"ast-content-background-meta":{"desktop":{"background-color":"var(--ast-global-color-5)","background-image":"","background-repeat":"repeat","background-position":"center center","background-size":"auto","background-attachment":"scroll","background-type":"","background-media":"","overlay-type":"","overlay-color":"","overlay-opacity":"","overlay-gradient":""},"tablet":{"background-color":"var(--ast-global-color-5)","background-image":"","background-repeat":"repeat","background-position":"center center","background-size":"auto","background-attachment":"scroll","background-type":"","background-media":"","overlay-type":"","overlay-color":"","overlay-opacity":"","overlay-gradient":""},"mobile":{"background-color":"var(--ast-global-color-5)","background-image":"","background-repeat":"repeat","background-position":"center center","background-size":"auto","background-attachment":"scroll","background-type":"","background-media":"","overlay-type":"","overlay-color":"","overlay-opacity":"","overlay-gradient":""}}},"product_brand":[],"product_cat":[1162],"product_tag":[],"class_list":{"0":"post-105758","1":"product","2":"type-product","3":"status-publish","4":"has-post-thumbnail","6":"product_cat-priedai","7":"product_shipping_class-spedition-hupfburg-lt","8":"desktop-align-center","9":"tablet-align-center","10":"mobile-align-center","11":"ast-product-gallery-layout-horizontal","12":"ast-product-tabs-layout-horizontal","14":"first","15":"instock","16":"sale","17":"taxable","18":"shipping-taxable","19":"purchasable","20":"product-type-simple"},"acf":[],"yoast_head":"<!-- This site is optimized with the Yoast SEO plugin v27.5 - https:\/\/yoast.com\/product\/yoast-seo-wordpress\/ -->\n<title>16-Pack Huawei REH-1.5E p\u016bstuvai pripu\u010diamiems batuutams | Dodo Inflatables<\/title>\n<meta name=\"description\" content=\"16-Pack Huawei REH-1.5E p\u016bstuvai pripu\u010diamiems batuutams \u2013 1,5 HP, 85 dB, piltuv\u0117lio skersmuo 14,5 cm. Idealus vertingas paketas nuomos \u012fmon\u0117ms su didesniu pripu\u010diam\u0173 batuut\u0173 parku.\" \/>\n<meta name=\"robots\" content=\"index, follow, max-snippet:-1, max-image-preview:large, max-video-preview:-1\" \/>\n<link rel=\"canonical\" href=\"https:\/\/dodo-inflatables.com\/lt\/produktas\/16-pack-huawei-reh-1-5e-pustuvai-pripuciamiems-batuutams\/\" \/>\n<meta name=\"twitter:label1\" content=\"Est. reading time\" \/>\n\t<meta name=\"twitter:data1\" content=\"1 minut\u0117\" \/>\n<script type=\"application\/ld+json\" class=\"yoast-schema-graph\">{\"@context\":\"https:\\\/\\\/schema.org\",\"@graph\":[{\"@type\":\"WebPage\",\"@id\":\"https:\\\/\\\/dodo-inflatables.com\\\/lt\\\/produktas\\\/16-pack-huawei-reh-1-5e-pustuvai-pripuciamiems-batuutams\\\/\",\"url\":\"https:\\\/\\\/dodo-inflatables.com\\\/lt\\\/produktas\\\/16-pack-huawei-reh-1-5e-pustuvai-pripuciamiems-batuutams\\\/\",\"name\":\"16-Pack Huawei REH-1.5E p\u016bstuvai pripu\u010diamiems batuutams | Dodo Inflatables\",\"isPartOf\":{\"@id\":\"https:\\\/\\\/dodo-inflatables.com\\\/lt\\\/#website\"},\"primaryImageOfPage\":{\"@id\":\"https:\\\/\\\/dodo-inflatables.com\\\/lt\\\/produktas\\\/16-pack-huawei-reh-1-5e-pustuvai-pripuciamiems-batuutams\\\/#primaryimage\"},\"image\":{\"@id\":\"https:\\\/\\\/dodo-inflatables.com\\\/lt\\\/produktas\\\/16-pack-huawei-reh-1-5e-pustuvai-pripuciamiems-batuutams\\\/#primaryimage\"},\"thumbnailUrl\":\"https:\\\/\\\/dodo-inflatables.com\\\/wp-content\\\/uploads\\\/2026\\\/04\\\/huawei-huepfburg-geblaese-kaufen.jpg\",\"datePublished\":\"2026-04-04T11:54:46+00:00\",\"description\":\"16-Pack Huawei REH-1.5E p\u016bstuvai pripu\u010diamiems batuutams \u2013 1,5 HP, 85 dB, piltuv\u0117lio skersmuo 14,5 cm. Idealus vertingas paketas nuomos \u012fmon\u0117ms su didesniu pripu\u010diam\u0173 batuut\u0173 parku.\",\"breadcrumb\":{\"@id\":\"https:\\\/\\\/dodo-inflatables.com\\\/lt\\\/produktas\\\/16-pack-huawei-reh-1-5e-pustuvai-pripuciamiems-batuutams\\\/#breadcrumb\"},\"inLanguage\":\"lt-LT\",\"potentialAction\":[{\"@type\":\"ReadAction\",\"target\":[\"https:\\\/\\\/dodo-inflatables.com\\\/lt\\\/produktas\\\/16-pack-huawei-reh-1-5e-pustuvai-pripuciamiems-batuutams\\\/\"]}]},{\"@type\":\"ImageObject\",\"inLanguage\":\"lt-LT\",\"@id\":\"https:\\\/\\\/dodo-inflatables.com\\\/lt\\\/produktas\\\/16-pack-huawei-reh-1-5e-pustuvai-pripuciamiems-batuutams\\\/#primaryimage\",\"url\":\"https:\\\/\\\/dodo-inflatables.com\\\/wp-content\\\/uploads\\\/2026\\\/04\\\/huawei-huepfburg-geblaese-kaufen.jpg\",\"contentUrl\":\"https:\\\/\\\/dodo-inflatables.com\\\/wp-content\\\/uploads\\\/2026\\\/04\\\/huawei-huepfburg-geblaese-kaufen.jpg\",\"width\":1000,\"height\":1000,\"caption\":\"16-Pack Huawei REH-1.5E p\u016bstuvai pripu\u010diamiems batuutams | Dodo Inflatables\"},{\"@type\":\"BreadcrumbList\",\"@id\":\"https:\\\/\\\/dodo-inflatables.com\\\/lt\\\/produktas\\\/16-pack-huawei-reh-1-5e-pustuvai-pripuciamiems-batuutams\\\/#breadcrumb\",\"itemListElement\":[{\"@type\":\"ListItem\",\"position\":1,\"name\":\"Home\",\"item\":\"https:\\\/\\\/dodo-inflatables.com\\\/lt\\\/\"},{\"@type\":\"ListItem\",\"position\":2,\"name\":\"Parduotuv\u0117\",\"item\":\"https:\\\/\\\/dodo-inflatables.com\\\/lt\\\/parduotuve\\\/\"},{\"@type\":\"ListItem\",\"position\":3,\"name\":\"16-Pack Huawei REH-1.5E p\u016bstuvai pripu\u010diamiems batuutams\"}]},{\"@type\":\"WebSite\",\"@id\":\"https:\\\/\\\/dodo-inflatables.com\\\/lt\\\/#website\",\"url\":\"https:\\\/\\\/dodo-inflatables.com\\\/lt\\\/\",\"name\":\"dodo-inflatables.com\",\"description\":\"\u012esigykite \u0161okin\u0117jan\u010di\u0173 pili\u0173 ir atrakcion\u0173 m\u016bs\u0173 parduotuv\u0117je.\",\"potentialAction\":[{\"@type\":\"SearchAction\",\"target\":{\"@type\":\"EntryPoint\",\"urlTemplate\":\"https:\\\/\\\/dodo-inflatables.com\\\/lt\\\/?s={search_term_string}\"},\"query-input\":{\"@type\":\"PropertyValueSpecification\",\"valueRequired\":true,\"valueName\":\"search_term_string\"}}],\"inLanguage\":\"lt-LT\"}]}<\/script>\n<!-- \/ Yoast SEO plugin. -->","yoast_head_json":{"title":"16-Pack Huawei REH-1.5E p\u016bstuvai pripu\u010diamiems batuutams | Dodo Inflatables","description":"16-Pack Huawei REH-1.5E p\u016bstuvai pripu\u010diamiems batuutams \u2013 1,5 HP, 85 dB, piltuv\u0117lio skersmuo 14,5 cm. Idealus vertingas paketas nuomos \u012fmon\u0117ms su didesniu pripu\u010diam\u0173 batuut\u0173 parku.","robots":{"index":"index","follow":"follow","max-snippet":"max-snippet:-1","max-image-preview":"max-image-preview:large","max-video-preview":"max-video-preview:-1"},"canonical":"https:\/\/dodo-inflatables.com\/lt\/produktas\/16-pack-huawei-reh-1-5e-pustuvai-pripuciamiems-batuutams\/","twitter_misc":{"Est. reading time":"1 minut\u0117"},"schema":{"@context":"https:\/\/schema.org","@graph":[{"@type":"WebPage","@id":"https:\/\/dodo-inflatables.com\/lt\/produktas\/16-pack-huawei-reh-1-5e-pustuvai-pripuciamiems-batuutams\/","url":"https:\/\/dodo-inflatables.com\/lt\/produktas\/16-pack-huawei-reh-1-5e-pustuvai-pripuciamiems-batuutams\/","name":"16-Pack Huawei REH-1.5E p\u016bstuvai pripu\u010diamiems batuutams | Dodo Inflatables","isPartOf":{"@id":"https:\/\/dodo-inflatables.com\/lt\/#website"},"primaryImageOfPage":{"@id":"https:\/\/dodo-inflatables.com\/lt\/produktas\/16-pack-huawei-reh-1-5e-pustuvai-pripuciamiems-batuutams\/#primaryimage"},"image":{"@id":"https:\/\/dodo-inflatables.com\/lt\/produktas\/16-pack-huawei-reh-1-5e-pustuvai-pripuciamiems-batuutams\/#primaryimage"},"thumbnailUrl":"https:\/\/dodo-inflatables.com\/wp-content\/uploads\/2026\/04\/huawei-huepfburg-geblaese-kaufen.jpg","datePublished":"2026-04-04T11:54:46+00:00","description":"16-Pack Huawei REH-1.5E p\u016bstuvai pripu\u010diamiems batuutams \u2013 1,5 HP, 85 dB, piltuv\u0117lio skersmuo 14,5 cm. Idealus vertingas paketas nuomos \u012fmon\u0117ms su didesniu pripu\u010diam\u0173 batuut\u0173 parku.","breadcrumb":{"@id":"https:\/\/dodo-inflatables.com\/lt\/produktas\/16-pack-huawei-reh-1-5e-pustuvai-pripuciamiems-batuutams\/#breadcrumb"},"inLanguage":"lt-LT","potentialAction":[{"@type":"ReadAction","target":["https:\/\/dodo-inflatables.com\/lt\/produktas\/16-pack-huawei-reh-1-5e-pustuvai-pripuciamiems-batuutams\/"]}]},{"@type":"ImageObject","inLanguage":"lt-LT","@id":"https:\/\/dodo-inflatables.com\/lt\/produktas\/16-pack-huawei-reh-1-5e-pustuvai-pripuciamiems-batuutams\/#primaryimage","url":"https:\/\/dodo-inflatables.com\/wp-content\/uploads\/2026\/04\/huawei-huepfburg-geblaese-kaufen.jpg","contentUrl":"https:\/\/dodo-inflatables.com\/wp-content\/uploads\/2026\/04\/huawei-huepfburg-geblaese-kaufen.jpg","width":1000,"height":1000,"caption":"16-Pack Huawei REH-1.5E p\u016bstuvai pripu\u010diamiems batuutams | Dodo Inflatables"},{"@type":"BreadcrumbList","@id":"https:\/\/dodo-inflatables.com\/lt\/produktas\/16-pack-huawei-reh-1-5e-pustuvai-pripuciamiems-batuutams\/#breadcrumb","itemListElement":[{"@type":"ListItem","position":1,"name":"Home","item":"https:\/\/dodo-inflatables.com\/lt\/"},{"@type":"ListItem","position":2,"name":"Parduotuv\u0117","item":"https:\/\/dodo-inflatables.com\/lt\/parduotuve\/"},{"@type":"ListItem","position":3,"name":"16-Pack Huawei REH-1.5E p\u016bstuvai pripu\u010diamiems batuutams"}]},{"@type":"WebSite","@id":"https:\/\/dodo-inflatables.com\/lt\/#website","url":"https:\/\/dodo-inflatables.com\/lt\/","name":"dodo-inflatables.com","description":"\u012esigykite \u0161okin\u0117jan\u010di\u0173 pili\u0173 ir atrakcion\u0173 m\u016bs\u0173 parduotuv\u0117je.","potentialAction":[{"@type":"SearchAction","target":{"@type":"EntryPoint","urlTemplate":"https:\/\/dodo-inflatables.com\/lt\/?s={search_term_string}"},"query-input":{"@type":"PropertyValueSpecification","valueRequired":true,"valueName":"search_term_string"}}],"inLanguage":"lt-LT"}]}},"uagb_featured_image_src":{"full":["https:\/\/dodo-inflatables.com\/wp-content\/uploads\/2026\/04\/huawei-huepfburg-geblaese-kaufen.jpg",1000,1000,false],"thumbnail":["https:\/\/dodo-inflatables.com\/wp-content\/uploads\/2026\/04\/huawei-huepfburg-geblaese-kaufen-150x150.jpg",150,150,true],"medium":["https:\/\/dodo-inflatables.com\/wp-content\/uploads\/2026\/04\/huawei-huepfburg-geblaese-kaufen-300x300.jpg",300,300,true],"medium_large":["https:\/\/dodo-inflatables.com\/wp-content\/uploads\/2026\/04\/huawei-huepfburg-geblaese-kaufen-768x768.jpg",768,768,true],"large":["https:\/\/dodo-inflatables.com\/wp-content\/uploads\/2026\/04\/huawei-huepfburg-geblaese-kaufen.jpg",1000,1000,false],"1536x1536":["https:\/\/dodo-inflatables.com\/wp-content\/uploads\/2026\/04\/huawei-huepfburg-geblaese-kaufen.jpg",1000,1000,false],"2048x2048":["https:\/\/dodo-inflatables.com\/wp-content\/uploads\/2026\/04\/huawei-huepfburg-geblaese-kaufen.jpg",1000,1000,false],"woocommerce_thumbnail":["https:\/\/dodo-inflatables.com\/wp-content\/uploads\/2026\/04\/huawei-huepfburg-geblaese-kaufen-900x900.jpg",900,900,true],"woocommerce_single":["https:\/\/dodo-inflatables.com\/wp-content\/uploads\/2026\/04\/huawei-huepfburg-geblaese-kaufen-900x900.jpg",900,900,true],"woocommerce_gallery_thumbnail":["https:\/\/dodo-inflatables.com\/wp-content\/uploads\/2026\/04\/huawei-huepfburg-geblaese-kaufen-100x100.jpg",100,100,true]},"uagb_author_info":{"display_name":"Andreas","author_link":"https:\/\/dodo-inflatables.com\/lt\/author\/"},"uagb_comment_info":0,"uagb_excerpt":"Produkto informacija (vienam p\u016bstuvui): - Med\u017eiaga: auk\u0161tos kokyb\u0117s plastikinis korpusas - Galia: 1,35 kW (i\u0161\u0117jimas), 1,8 kW (\u012f\u0117jimas), 1,5 HP - Jungtis: Schuko ki\u0161tukas - Piltuv\u0117lio skersmuo: 14,5 cm - Matmenys: 49 x 38,5 x 49,5 cm - Svoris: 16,8 kg - Triuk\u0161mo lygis: 85 dB - WEEE registracijos nr.: DE 82972723","_links":{"self":[{"href":"https:\/\/dodo-inflatables.com\/lt\/wp-json\/wp\/v2\/product\/105758","targetHints":{"allow":["GET"]}}],"collection":[{"href":"https:\/\/dodo-inflatables.com\/lt\/wp-json\/wp\/v2\/product"}],"about":[{"href":"https:\/\/dodo-inflatables.com\/lt\/wp-json\/wp\/v2\/types\/product"}],"replies":[{"embeddable":true,"href":"https:\/\/dodo-inflatables.com\/lt\/wp-json\/wp\/v2\/comments?post=105758"}],"wp:featuredmedia":[{"embeddable":true,"href":"https:\/\/dodo-inflatables.com\/lt\/wp-json\/wp\/v2\/media\/105757"}],"wp:attachment":[{"href":"https:\/\/dodo-inflatables.com\/lt\/wp-json\/wp\/v2\/media?parent=105758"}],"wp:term":[{"taxonomy":"product_brand","embeddable":true,"href":"https:\/\/dodo-inflatables.com\/lt\/wp-json\/wp\/v2\/product_brand?post=105758"},{"taxonomy":"product_cat","embeddable":true,"href":"https:\/\/dodo-inflatables.com\/lt\/wp-json\/wp\/v2\/product_cat?post=105758"},{"taxonomy":"product_tag","embeddable":true,"href":"https:\/\/dodo-inflatables.com\/lt\/wp-json\/wp\/v2\/product_tag?post=105758"}],"curies":[{"name":"wp","href":"https:\/\/api.w.org\/{rel}","templated":true}]}}