{"id":105801,"date":"2026-04-04T13:54:46","date_gmt":"2026-04-04T11:54:46","guid":{"rendered":"https:\/\/dodo-inflatables.com\/dodo-relaunch?product=vandens-maisai-pripuciamu-batuutu-balastavimui"},"modified":"2026-04-04T13:54:46","modified_gmt":"2026-04-04T11:54:46","slug":"vandens-maisai-pripuciamu-batuutu-balastavimui","status":"publish","type":"product","link":"https:\/\/dodo-inflatables.com\/lt\/produktas\/vandens-maisai-pripuciamu-batuutu-balastavimui\/","title":{"rendered":"Vandens mai\u0161ai pripu\u010diam\u0173 batuut\u0173 balastavimui"},"content":{"rendered":"<h2 class=\"p1\"><b>Pirkti vandens mai\u0161ai pripu\u010diam\u0173 batuut\u0173 balastavimui<\/b><\/h2>\n<p class=\"p1\">M\u016bs\u0173 vandens mai\u0161ai si\u016blo prakti\u0161k\u0105, mobil\u0173 ir standartams atitinkant\u012f sprendim\u0105 j\u016bs\u0173 pripu\u010diamo batuuto tvirtinimui \u2013 ypa\u010d montuojant ant asfalto, betono ar patalpose. Jie yra idealus b\u016bdas saugiai ir pagal atitinkam\u0105 standart\u0105 ballastuoti pripu\u010diamus batuutus, nereikalaujant transportuoti sunki\u0173 papildom\u0173 svarmen\u0173.<\/p>\n<p><strong>Paprastas naudojimas:<\/strong><br \/>\nBalasto mai\u0161us galima lengvai u\u017epildyti iki 40 litr\u0173 vandens. Du vo\u017etuvai (vienas vir\u0161uje pildymui ir vienas apa\u010dioje i\u0161tu\u0161tinimui) juos daro ypa\u010d prakti\u0161ku naudoti ir leid\u017eia greitai nuleisti vanden\u012f po naudojimo.<br \/>\n<strong>Standartams atitinkantis tvirtinimas pagal DIN EN 14960:<\/strong><br \/>\nJei kiekviename tvirtinimo ta\u0161ke naudojami keturi vandens mai\u0161ai, tai suteikia 160 kg balasto svor\u012f \u2013 tiksliai tiek, kiek reikalauja DIN EN 14960. Tai juos daro idealius \u012frenginiams, kur negalima naudoti \u017eem\u0117s kuoliuk\u0173.<br \/>\n<strong>Lankstus tvirtinimas:<\/strong><br \/>\nD\u0117l keturi\u0173 tvirt\u0173 kilp\u0173 mai\u0161us galima lengvai pritvirtinti prie pripu\u010diamo batuuto dir\u017eais.<br \/>\n<strong>Patogus transportavimas:<\/strong><br \/>\nDvi \u0161onin\u0117s ne\u0161imo rankenos palengvina u\u017epildyt\u0173 vandens mai\u0161\u0173 perk\u0117lim\u0105 ir pozicionavim\u0105. Patvarus PVC med\u017eiaga u\u017etikrina ilg\u0105 tarnavimo laik\u0105, net da\u017enai naudojant.<br \/>\n&nbsp;<\/p>\n<h3><strong>Vandens mai\u0161\u0173 informacija<\/strong><\/h3>\n<ul>\n<li>Talpa: 40 litr\u0173 vandens vienam mai\u0161ui<\/li>\n<li>U\u017epildytas svoris: apie 40 kg<\/li>\n<li>Dydis: apie 40 x 40 cm<\/li>\n<li>2 vo\u017etuvai (vir\u0161uje ir apa\u010dioje)<\/li>\n<li>4 kilpos tvirtinimui<\/li>\n<li>2 ne\u0161imo rankenos<\/li>\n<li>Med\u017eiaga: patvarus PVC<\/li>\n<\/ul>\n<p>&nbsp;<\/p>\n","protected":false},"excerpt":{"rendered":"<ul>\n<li>Talpa: 40 litr\u0173 vandens vienam mai\u0161ui<\/li>\n<li>U\u017epildytas svoris: apie 40 kg<\/li>\n<li>Dydis: apie 40 x 40 cm<\/li>\n<li>2 vo\u017etuvai (vir\u0161uje ir apa\u010dioje)<\/li>\n<li>4 kilpos tvirtinimui<\/li>\n<li>2 ne\u0161imo rankenos<\/li>\n<li>Med\u017eiaga: patvarus PVC<\/li>\n<\/ul>\n","protected":false},"featured_media":105799,"comment_status":"open","ping_status":"closed","template":"","meta":{"_acf_changed":false,"_uag_custom_page_level_css":"","site-sidebar-layout":"default","site-content-layout":"boxed-container","ast-site-content-layout":"normal-width-container","site-content-style":"boxed","site-sidebar-style":"default","ast-global-header-display":"","ast-banner-title-visibility":"","ast-main-header-display":"","ast-hfb-above-header-display":"","ast-hfb-below-header-display":"","ast-hfb-mobile-header-display":"","site-post-title":"disabled","ast-breadcrumbs-content":"","ast-featured-img":"","footer-sml-layout":"","ast-disable-related-posts":"","theme-transparent-header-meta":"default","adv-header-id-meta":"","stick-header-meta":"default","header-above-stick-meta":"","header-main-stick-meta":"","header-below-stick-meta":"","astra-migrate-meta-layouts":"default","ast-page-background-enabled":"default","ast-page-background-meta":{"desktop":{"background-color":"var(--ast-global-color-4)","background-image":"","background-repeat":"repeat","background-position":"center center","background-size":"auto","background-attachment":"scroll","background-type":"","background-media":"","overlay-type":"","overlay-color":"","overlay-opacity":"","overlay-gradient":""},"tablet":{"background-color":"","background-image":"","background-repeat":"repeat","background-position":"center center","background-size":"auto","background-attachment":"scroll","background-type":"","background-media":"","overlay-type":"","overlay-color":"","overlay-opacity":"","overlay-gradient":""},"mobile":{"background-color":"","background-image":"","background-repeat":"repeat","background-position":"center center","background-size":"auto","background-attachment":"scroll","background-type":"","background-media":"","overlay-type":"","overlay-color":"","overlay-opacity":"","overlay-gradient":""}},"ast-content-background-meta":{"desktop":{"background-color":"var(--ast-global-color-5)","background-image":"","background-repeat":"repeat","background-position":"center center","background-size":"auto","background-attachment":"scroll","background-type":"","background-media":"","overlay-type":"","overlay-color":"","overlay-opacity":"","overlay-gradient":""},"tablet":{"background-color":"var(--ast-global-color-5)","background-image":"","background-repeat":"repeat","background-position":"center center","background-size":"auto","background-attachment":"scroll","background-type":"","background-media":"","overlay-type":"","overlay-color":"","overlay-opacity":"","overlay-gradient":""},"mobile":{"background-color":"var(--ast-global-color-5)","background-image":"","background-repeat":"repeat","background-position":"center center","background-size":"auto","background-attachment":"scroll","background-type":"","background-media":"","overlay-type":"","overlay-color":"","overlay-opacity":"","overlay-gradient":""}}},"product_brand":[],"product_cat":[1162],"product_tag":[],"class_list":{"0":"post-105801","1":"product","2":"type-product","3":"status-publish","4":"has-post-thumbnail","6":"product_cat-priedai","7":"product_shipping_class-zubehor-lt","8":"desktop-align-center","9":"tablet-align-center","10":"mobile-align-center","11":"ast-product-gallery-layout-horizontal","12":"ast-product-tabs-layout-horizontal","14":"first","15":"instock","16":"taxable","17":"shipping-taxable","18":"purchasable","19":"product-type-simple"},"acf":[],"yoast_head":"<!-- This site is optimized with the Yoast SEO plugin v27.5 - https:\/\/yoast.com\/product\/yoast-seo-wordpress\/ -->\n<title>Vandens mai\u0161ai pripu\u010diam\u0173 batuut\u0173 balastavimui | Dodo Inflatables<\/title>\n<meta name=\"description\" content=\"Vandens mai\u0161ai pripu\u010diam\u0173 batuut\u0173 balastavimui \u2013 talpa 40 litr\u0173, apie 40 kg u\u017epildytas svoris, atitinka DIN EN 14960. Idealus montavimui ant asfalto, betono ar patalpose.\" \/>\n<meta name=\"robots\" content=\"index, follow, max-snippet:-1, max-image-preview:large, max-video-preview:-1\" \/>\n<link rel=\"canonical\" href=\"https:\/\/dodo-inflatables.com\/lt\/produktas\/vandens-maisai-pripuciamu-batuutu-balastavimui\/\" \/>\n<meta name=\"twitter:label1\" content=\"Est. reading time\" \/>\n\t<meta name=\"twitter:data1\" content=\"1 minut\u0117\" \/>\n<script type=\"application\/ld+json\" class=\"yoast-schema-graph\">{\"@context\":\"https:\\\/\\\/schema.org\",\"@graph\":[{\"@type\":\"WebPage\",\"@id\":\"https:\\\/\\\/dodo-inflatables.com\\\/lt\\\/produktas\\\/vandens-maisai-pripuciamu-batuutu-balastavimui\\\/\",\"url\":\"https:\\\/\\\/dodo-inflatables.com\\\/lt\\\/produktas\\\/vandens-maisai-pripuciamu-batuutu-balastavimui\\\/\",\"name\":\"Vandens mai\u0161ai pripu\u010diam\u0173 batuut\u0173 balastavimui | Dodo Inflatables\",\"isPartOf\":{\"@id\":\"https:\\\/\\\/dodo-inflatables.com\\\/lt\\\/#website\"},\"primaryImageOfPage\":{\"@id\":\"https:\\\/\\\/dodo-inflatables.com\\\/lt\\\/produktas\\\/vandens-maisai-pripuciamu-batuutu-balastavimui\\\/#primaryimage\"},\"image\":{\"@id\":\"https:\\\/\\\/dodo-inflatables.com\\\/lt\\\/produktas\\\/vandens-maisai-pripuciamu-batuutu-balastavimui\\\/#primaryimage\"},\"thumbnailUrl\":\"https:\\\/\\\/dodo-inflatables.com\\\/wp-content\\\/uploads\\\/2026\\\/04\\\/neu-179dodo.jpg\",\"datePublished\":\"2026-04-04T11:54:46+00:00\",\"description\":\"Vandens mai\u0161ai pripu\u010diam\u0173 batuut\u0173 balastavimui \u2013 talpa 40 litr\u0173, apie 40 kg u\u017epildytas svoris, atitinka DIN EN 14960. Idealus montavimui ant asfalto, betono ar patalpose.\",\"breadcrumb\":{\"@id\":\"https:\\\/\\\/dodo-inflatables.com\\\/lt\\\/produktas\\\/vandens-maisai-pripuciamu-batuutu-balastavimui\\\/#breadcrumb\"},\"inLanguage\":\"lt-LT\",\"potentialAction\":[{\"@type\":\"ReadAction\",\"target\":[\"https:\\\/\\\/dodo-inflatables.com\\\/lt\\\/produktas\\\/vandens-maisai-pripuciamu-batuutu-balastavimui\\\/\"]}]},{\"@type\":\"ImageObject\",\"inLanguage\":\"lt-LT\",\"@id\":\"https:\\\/\\\/dodo-inflatables.com\\\/lt\\\/produktas\\\/vandens-maisai-pripuciamu-batuutu-balastavimui\\\/#primaryimage\",\"url\":\"https:\\\/\\\/dodo-inflatables.com\\\/wp-content\\\/uploads\\\/2026\\\/04\\\/neu-179dodo.jpg\",\"contentUrl\":\"https:\\\/\\\/dodo-inflatables.com\\\/wp-content\\\/uploads\\\/2026\\\/04\\\/neu-179dodo.jpg\",\"width\":1000,\"height\":1000,\"caption\":\"Vandens mai\u0161ai pripu\u010diam\u0173 batuut\u0173 balastavimui | Dodo Inflatables\"},{\"@type\":\"BreadcrumbList\",\"@id\":\"https:\\\/\\\/dodo-inflatables.com\\\/lt\\\/produktas\\\/vandens-maisai-pripuciamu-batuutu-balastavimui\\\/#breadcrumb\",\"itemListElement\":[{\"@type\":\"ListItem\",\"position\":1,\"name\":\"Home\",\"item\":\"https:\\\/\\\/dodo-inflatables.com\\\/lt\\\/\"},{\"@type\":\"ListItem\",\"position\":2,\"name\":\"Parduotuv\u0117\",\"item\":\"https:\\\/\\\/dodo-inflatables.com\\\/lt\\\/parduotuve\\\/\"},{\"@type\":\"ListItem\",\"position\":3,\"name\":\"Vandens mai\u0161ai pripu\u010diam\u0173 batuut\u0173 balastavimui\"}]},{\"@type\":\"WebSite\",\"@id\":\"https:\\\/\\\/dodo-inflatables.com\\\/lt\\\/#website\",\"url\":\"https:\\\/\\\/dodo-inflatables.com\\\/lt\\\/\",\"name\":\"dodo-inflatables.com\",\"description\":\"\u012esigykite \u0161okin\u0117jan\u010di\u0173 pili\u0173 ir atrakcion\u0173 m\u016bs\u0173 parduotuv\u0117je.\",\"potentialAction\":[{\"@type\":\"SearchAction\",\"target\":{\"@type\":\"EntryPoint\",\"urlTemplate\":\"https:\\\/\\\/dodo-inflatables.com\\\/lt\\\/?s={search_term_string}\"},\"query-input\":{\"@type\":\"PropertyValueSpecification\",\"valueRequired\":true,\"valueName\":\"search_term_string\"}}],\"inLanguage\":\"lt-LT\"}]}<\/script>\n<!-- \/ Yoast SEO plugin. -->","yoast_head_json":{"title":"Vandens mai\u0161ai pripu\u010diam\u0173 batuut\u0173 balastavimui | Dodo Inflatables","description":"Vandens mai\u0161ai pripu\u010diam\u0173 batuut\u0173 balastavimui \u2013 talpa 40 litr\u0173, apie 40 kg u\u017epildytas svoris, atitinka DIN EN 14960. Idealus montavimui ant asfalto, betono ar patalpose.","robots":{"index":"index","follow":"follow","max-snippet":"max-snippet:-1","max-image-preview":"max-image-preview:large","max-video-preview":"max-video-preview:-1"},"canonical":"https:\/\/dodo-inflatables.com\/lt\/produktas\/vandens-maisai-pripuciamu-batuutu-balastavimui\/","twitter_misc":{"Est. reading time":"1 minut\u0117"},"schema":{"@context":"https:\/\/schema.org","@graph":[{"@type":"WebPage","@id":"https:\/\/dodo-inflatables.com\/lt\/produktas\/vandens-maisai-pripuciamu-batuutu-balastavimui\/","url":"https:\/\/dodo-inflatables.com\/lt\/produktas\/vandens-maisai-pripuciamu-batuutu-balastavimui\/","name":"Vandens mai\u0161ai pripu\u010diam\u0173 batuut\u0173 balastavimui | Dodo Inflatables","isPartOf":{"@id":"https:\/\/dodo-inflatables.com\/lt\/#website"},"primaryImageOfPage":{"@id":"https:\/\/dodo-inflatables.com\/lt\/produktas\/vandens-maisai-pripuciamu-batuutu-balastavimui\/#primaryimage"},"image":{"@id":"https:\/\/dodo-inflatables.com\/lt\/produktas\/vandens-maisai-pripuciamu-batuutu-balastavimui\/#primaryimage"},"thumbnailUrl":"https:\/\/dodo-inflatables.com\/wp-content\/uploads\/2026\/04\/neu-179dodo.jpg","datePublished":"2026-04-04T11:54:46+00:00","description":"Vandens mai\u0161ai pripu\u010diam\u0173 batuut\u0173 balastavimui \u2013 talpa 40 litr\u0173, apie 40 kg u\u017epildytas svoris, atitinka DIN EN 14960. Idealus montavimui ant asfalto, betono ar patalpose.","breadcrumb":{"@id":"https:\/\/dodo-inflatables.com\/lt\/produktas\/vandens-maisai-pripuciamu-batuutu-balastavimui\/#breadcrumb"},"inLanguage":"lt-LT","potentialAction":[{"@type":"ReadAction","target":["https:\/\/dodo-inflatables.com\/lt\/produktas\/vandens-maisai-pripuciamu-batuutu-balastavimui\/"]}]},{"@type":"ImageObject","inLanguage":"lt-LT","@id":"https:\/\/dodo-inflatables.com\/lt\/produktas\/vandens-maisai-pripuciamu-batuutu-balastavimui\/#primaryimage","url":"https:\/\/dodo-inflatables.com\/wp-content\/uploads\/2026\/04\/neu-179dodo.jpg","contentUrl":"https:\/\/dodo-inflatables.com\/wp-content\/uploads\/2026\/04\/neu-179dodo.jpg","width":1000,"height":1000,"caption":"Vandens mai\u0161ai pripu\u010diam\u0173 batuut\u0173 balastavimui | Dodo Inflatables"},{"@type":"BreadcrumbList","@id":"https:\/\/dodo-inflatables.com\/lt\/produktas\/vandens-maisai-pripuciamu-batuutu-balastavimui\/#breadcrumb","itemListElement":[{"@type":"ListItem","position":1,"name":"Home","item":"https:\/\/dodo-inflatables.com\/lt\/"},{"@type":"ListItem","position":2,"name":"Parduotuv\u0117","item":"https:\/\/dodo-inflatables.com\/lt\/parduotuve\/"},{"@type":"ListItem","position":3,"name":"Vandens mai\u0161ai pripu\u010diam\u0173 batuut\u0173 balastavimui"}]},{"@type":"WebSite","@id":"https:\/\/dodo-inflatables.com\/lt\/#website","url":"https:\/\/dodo-inflatables.com\/lt\/","name":"dodo-inflatables.com","description":"\u012esigykite \u0161okin\u0117jan\u010di\u0173 pili\u0173 ir atrakcion\u0173 m\u016bs\u0173 parduotuv\u0117je.","potentialAction":[{"@type":"SearchAction","target":{"@type":"EntryPoint","urlTemplate":"https:\/\/dodo-inflatables.com\/lt\/?s={search_term_string}"},"query-input":{"@type":"PropertyValueSpecification","valueRequired":true,"valueName":"search_term_string"}}],"inLanguage":"lt-LT"}]}},"uagb_featured_image_src":{"full":["https:\/\/dodo-inflatables.com\/wp-content\/uploads\/2026\/04\/neu-179dodo.jpg",1000,1000,false],"thumbnail":["https:\/\/dodo-inflatables.com\/wp-content\/uploads\/2026\/04\/neu-179dodo-150x150.jpg",150,150,true],"medium":["https:\/\/dodo-inflatables.com\/wp-content\/uploads\/2026\/04\/neu-179dodo-300x300.jpg",300,300,true],"medium_large":["https:\/\/dodo-inflatables.com\/wp-content\/uploads\/2026\/04\/neu-179dodo-768x768.jpg",768,768,true],"large":["https:\/\/dodo-inflatables.com\/wp-content\/uploads\/2026\/04\/neu-179dodo.jpg",1000,1000,false],"1536x1536":["https:\/\/dodo-inflatables.com\/wp-content\/uploads\/2026\/04\/neu-179dodo.jpg",1000,1000,false],"2048x2048":["https:\/\/dodo-inflatables.com\/wp-content\/uploads\/2026\/04\/neu-179dodo.jpg",1000,1000,false],"woocommerce_thumbnail":["https:\/\/dodo-inflatables.com\/wp-content\/uploads\/2026\/04\/neu-179dodo-900x900.jpg",900,900,true],"woocommerce_single":["https:\/\/dodo-inflatables.com\/wp-content\/uploads\/2026\/04\/neu-179dodo-900x900.jpg",900,900,true],"woocommerce_gallery_thumbnail":["https:\/\/dodo-inflatables.com\/wp-content\/uploads\/2026\/04\/neu-179dodo-100x100.jpg",100,100,true]},"uagb_author_info":{"display_name":"Andreas","author_link":"https:\/\/dodo-inflatables.com\/lt\/author\/"},"uagb_comment_info":0,"uagb_excerpt":"Talpa: 40 litr\u0173 vandens vienam mai\u0161ui U\u017epildytas svoris: apie 40 kg Dydis: apie 40 x 40 cm 2 vo\u017etuvai (vir\u0161uje ir apa\u010dioje) 4 kilpos tvirtinimui 2 ne\u0161imo rankenos Med\u017eiaga: patvarus PVC","_links":{"self":[{"href":"https:\/\/dodo-inflatables.com\/lt\/wp-json\/wp\/v2\/product\/105801","targetHints":{"allow":["GET"]}}],"collection":[{"href":"https:\/\/dodo-inflatables.com\/lt\/wp-json\/wp\/v2\/product"}],"about":[{"href":"https:\/\/dodo-inflatables.com\/lt\/wp-json\/wp\/v2\/types\/product"}],"replies":[{"embeddable":true,"href":"https:\/\/dodo-inflatables.com\/lt\/wp-json\/wp\/v2\/comments?post=105801"}],"wp:featuredmedia":[{"embeddable":true,"href":"https:\/\/dodo-inflatables.com\/lt\/wp-json\/wp\/v2\/media\/105799"}],"wp:attachment":[{"href":"https:\/\/dodo-inflatables.com\/lt\/wp-json\/wp\/v2\/media?parent=105801"}],"wp:term":[{"taxonomy":"product_brand","embeddable":true,"href":"https:\/\/dodo-inflatables.com\/lt\/wp-json\/wp\/v2\/product_brand?post=105801"},{"taxonomy":"product_cat","embeddable":true,"href":"https:\/\/dodo-inflatables.com\/lt\/wp-json\/wp\/v2\/product_cat?post=105801"},{"taxonomy":"product_tag","embeddable":true,"href":"https:\/\/dodo-inflatables.com\/lt\/wp-json\/wp\/v2\/product_tag?post=105801"}],"curies":[{"name":"wp","href":"https:\/\/api.w.org\/{rel}","templated":true}]}}