{"id":105834,"date":"2026-04-04T13:54:45","date_gmt":"2026-04-04T11:54:45","guid":{"rendered":"https:\/\/dodo-inflatables.com\/dodo-relaunch?product=starter-set-mazas-huawei-2-hp"},"modified":"2026-04-04T13:54:45","modified_gmt":"2026-04-04T11:54:45","slug":"starter-set-mazas-huawei-2-hp","status":"publish","type":"product","link":"https:\/\/dodo-inflatables.com\/lt\/produktas\/starter-set-mazas-huawei-2-hp\/","title":{"rendered":"Starter Set ma\u017eas &#8211; Huawei 2 HP"},"content":{"rendered":"<h2>Starter Set ma\u017eas &#8211; Huawei \u2013 Viskas, ko reikia tobulam prad\u017eiai su j\u016bs\u0173 pripu\u010diamu batuutu!<\/h2>\n<p>&nbsp;<br \/>\nAr \u012fsigijote pripu\u010diam\u0105 batuut\u0105 ir norite prad\u0117ti i\u0161 karto? Tada m\u016bs\u0173 Starter Set ma\u017eas &#8211; Huawei yra b\u016btent tai, ko jums reikia! Jame yra visi b\u016btini priedai, reikalingi saugiam ir skland\u017eiam j\u016bs\u0173 pripu\u010diamo batuuto naudojimui \u2013 o kaip papildomas bonusas defliatorius \u012ftrauktas nemokamai!<br \/>\n<em><strong>\u0160iame rinkinyje yra:<\/strong><\/em><br \/>\n\u2705 <strong>Huawei p\u016bstuvas (2 HP) &#8211; <\/strong><br \/>\nGalingas ir patikimas p\u016bstuvas yra kiekvieno pripu\u010diamo batuuto \u0161irdis. Huawei 2 HP p\u016bstuvas u\u017etikrina greit\u0105 ir tolyg\u0173 prip\u016btim\u0105, tod\u0117l j\u016bs\u0173 pripu\u010diamas batuutas bus paruo\u0161tas naudoti per trump\u0105 laik\u0105. Jis veikia efektyviai, sukurtas ilgaam\u017ei\u0161kumui ir puikiai tinka pripu\u010diam\u0173 batuut\u0173 reikalavimams.<br \/>\n\u2705 <strong>\u017dem\u0117s kuoliukai saugiam tvirtinimui &#8211; <\/strong><br \/>\nKad j\u016bs\u0173 pripu\u010diamas batuutas i\u0161likt\u0173 stabilus ir saugiai savo vietoje, rinkinyje yra auk\u0161tos kokyb\u0117s \u017eem\u0117s kuoliukai. Jie padeda u\u017etikrinti, kad j\u016bs\u0173 pripu\u010diama konstrukcija i\u0161likt\u0173 tvirtai, net intensyvaus naudojimo ir energingo \u0161okin\u0117jimo metu, taip pat suteikia papildom\u0105 saugum\u0105 lengvo v\u0117jo s\u0105lygomis. Paprasta naudoti, maksimalus saugumas!<br \/>\n\u2705 <strong>Pagrindo kilim\u0117lis (5 x 6 m) \u2013 Apsauga j\u016bs\u0173 pripu\u010diamam batuutui &#8211; <\/strong><br \/>\nGeras pagrindo kilim\u0117lis yra b\u016btinas norint apsaugoti j\u016bs\u0173 pripu\u010diam\u0105 batuut\u0105 nuo purvo, ma\u017e\u0173 akmenuk\u0173 ir nelygi\u0173 pavir\u0161i\u0173. Komplekte esantis 5 x 6 m pagrindo kilim\u0117lis suteikia patvar\u0173 apsaugin\u012f sluoksn\u012f ir padeda pailginti j\u016bs\u0173 pripu\u010diamos konstrukcijos tarnavimo laik\u0105.<br \/>\n\ud83d\udca8 <strong>\u012etraukta nemokamai: Defliatorius \u2013 greitesniam supakavimui! &#8211; <\/strong><br \/>\nKai linksmyb\u0117s baigsis, pripu\u010diam\u0105 batuut\u0105 reik\u0117s i\u0161p\u016bsti ir supakuoti \u2013 ir b\u016btent \u010dia padeda defliatorius! \u0160is prakti\u0161kas priedas padeda i\u0161traukti or\u0105 daug grei\u010diau, tod\u0117l supakavimas tampa greitas ir lengvas.<br \/>\n<strong>Kod\u0117l rinktis \u0161\u012f starter set\u0105?<\/strong><br \/>\n\u2714 <em>Puikiai suderinti priedai<\/em> \u2013 Viskas, ko reikia prad\u017eiai viename prakti\u0161kame rinkinyje.<br \/>\n\u2714 <em>Greitas paruo\u0161imas ir saugus naudojimas<\/em> \u2013 D\u0117l galingo p\u016bstuvo ir tvirt\u0173 \u017eem\u0117s kuoliuk\u0173.<br \/>\n\u2714 <em>Ilgesnis j\u016bs\u0173 pripu\u010diamo batuuto tarnavimo laikas<\/em> \u2013 Su apsauginiu pagrindo kilim\u0117liu.<br \/>\n\u2714 <em>Lengvesnis supakavimas<\/em> \u2013 Nemokamas defliatorius taupo j\u016bs\u0173 laik\u0105 ir pastangas!<br \/>\nSu Starter Set ma\u017eas &#8211; Huawei esate visi\u0161kai apr\u016bpinti ir pasiruo\u0161\u0119 prad\u0117ti i\u0161 karto.<\/p>\n","protected":false},"excerpt":{"rendered":"<p>\u2714 <em>Puikiai suderinti priedai<\/em> \u2013 Viskas, ko reikia prad\u017eiai viename prakti\u0161kame rinkinyje.<br \/>\n\u2714 <em>Greitas paruo\u0161imas ir saugus naudojimas<\/em> \u2013 D\u0117l galingo p\u016bstuvo ir tvirt\u0173 \u017eem\u0117s kuoliuk\u0173.<br \/>\n\u2714 <em>Ilgesnis j\u016bs\u0173 pripu\u010diamo batuuto tarnavimo laikas<\/em> \u2013 Su apsauginiu pagrindo kilim\u0117liu.<br \/>\n\u2714 <em>Lengvesnis supakavimas<\/em> \u2013 Nemokamas defliatorius taupo j\u016bs\u0173 laik\u0105 ir pastangas!<\/p>\n","protected":false},"featured_media":105646,"comment_status":"open","ping_status":"closed","template":"","meta":{"_acf_changed":false,"_uag_custom_page_level_css":"","site-sidebar-layout":"default","site-content-layout":"boxed-container","ast-site-content-layout":"normal-width-container","site-content-style":"boxed","site-sidebar-style":"default","ast-global-header-display":"","ast-banner-title-visibility":"","ast-main-header-display":"","ast-hfb-above-header-display":"","ast-hfb-below-header-display":"","ast-hfb-mobile-header-display":"","site-post-title":"disabled","ast-breadcrumbs-content":"","ast-featured-img":"","footer-sml-layout":"","ast-disable-related-posts":"","theme-transparent-header-meta":"default","adv-header-id-meta":"","stick-header-meta":"default","header-above-stick-meta":"","header-main-stick-meta":"","header-below-stick-meta":"","astra-migrate-meta-layouts":"default","ast-page-background-enabled":"default","ast-page-background-meta":{"desktop":{"background-color":"var(--ast-global-color-4)","background-image":"","background-repeat":"repeat","background-position":"center center","background-size":"auto","background-attachment":"scroll","background-type":"","background-media":"","overlay-type":"","overlay-color":"","overlay-opacity":"","overlay-gradient":""},"tablet":{"background-color":"","background-image":"","background-repeat":"repeat","background-position":"center center","background-size":"auto","background-attachment":"scroll","background-type":"","background-media":"","overlay-type":"","overlay-color":"","overlay-opacity":"","overlay-gradient":""},"mobile":{"background-color":"","background-image":"","background-repeat":"repeat","background-position":"center center","background-size":"auto","background-attachment":"scroll","background-type":"","background-media":"","overlay-type":"","overlay-color":"","overlay-opacity":"","overlay-gradient":""}},"ast-content-background-meta":{"desktop":{"background-color":"var(--ast-global-color-5)","background-image":"","background-repeat":"repeat","background-position":"center center","background-size":"auto","background-attachment":"scroll","background-type":"","background-media":"","overlay-type":"","overlay-color":"","overlay-opacity":"","overlay-gradient":""},"tablet":{"background-color":"var(--ast-global-color-5)","background-image":"","background-repeat":"repeat","background-position":"center center","background-size":"auto","background-attachment":"scroll","background-type":"","background-media":"","overlay-type":"","overlay-color":"","overlay-opacity":"","overlay-gradient":""},"mobile":{"background-color":"var(--ast-global-color-5)","background-image":"","background-repeat":"repeat","background-position":"center center","background-size":"auto","background-attachment":"scroll","background-type":"","background-media":"","overlay-type":"","overlay-color":"","overlay-opacity":"","overlay-gradient":""}}},"product_brand":[],"product_cat":[1162],"product_tag":[],"class_list":{"0":"post-105834","1":"product","2":"type-product","3":"status-publish","4":"has-post-thumbnail","6":"product_cat-priedai","7":"product_shipping_class-zubehor-lt","8":"desktop-align-center","9":"tablet-align-center","10":"mobile-align-center","11":"ast-product-gallery-layout-horizontal","12":"ast-product-gallery-with-no-image","13":"ast-product-tabs-layout-horizontal","15":"first","16":"instock","17":"sale","18":"taxable","19":"shipping-taxable","20":"purchasable","21":"product-type-simple"},"acf":[],"yoast_head":"<!-- This site is optimized with the Yoast SEO plugin v27.5 - https:\/\/yoast.com\/product\/yoast-seo-wordpress\/ -->\n<title>Starter Set ma\u017eas - Huawei 2 HP pripu\u010diamiems batuutams | Dodo Inflatables<\/title>\n<meta name=\"description\" content=\"Starter Set ma\u017eas - Huawei 2 HP \u2013 p\u016bstuvas, \u017eem\u0117s kuoliukai, pagrindo kilim\u0117lis 5 x 6 m ir nemokamas defliatorius. Viskas, ko reikia tobulam prad\u017eiai su j\u016bs\u0173 pripu\u010diamu batuutu.\" \/>\n<meta name=\"robots\" content=\"index, follow, max-snippet:-1, max-image-preview:large, max-video-preview:-1\" \/>\n<link rel=\"canonical\" href=\"https:\/\/dodo-inflatables.com\/lt\/produktas\/starter-set-mazas-huawei-2-hp\/\" \/>\n<meta name=\"twitter:label1\" content=\"Est. reading time\" \/>\n\t<meta name=\"twitter:data1\" content=\"2 minut\u0117s\" \/>\n<script type=\"application\/ld+json\" class=\"yoast-schema-graph\">{\"@context\":\"https:\\\/\\\/schema.org\",\"@graph\":[{\"@type\":\"WebPage\",\"@id\":\"https:\\\/\\\/dodo-inflatables.com\\\/lt\\\/produktas\\\/starter-set-mazas-huawei-2-hp\\\/\",\"url\":\"https:\\\/\\\/dodo-inflatables.com\\\/lt\\\/produktas\\\/starter-set-mazas-huawei-2-hp\\\/\",\"name\":\"Starter Set ma\u017eas - Huawei 2 HP pripu\u010diamiems batuutams | Dodo Inflatables\",\"isPartOf\":{\"@id\":\"https:\\\/\\\/dodo-inflatables.com\\\/lt\\\/#website\"},\"primaryImageOfPage\":{\"@id\":\"https:\\\/\\\/dodo-inflatables.com\\\/lt\\\/produktas\\\/starter-set-mazas-huawei-2-hp\\\/#primaryimage\"},\"image\":{\"@id\":\"https:\\\/\\\/dodo-inflatables.com\\\/lt\\\/produktas\\\/starter-set-mazas-huawei-2-hp\\\/#primaryimage\"},\"thumbnailUrl\":\"https:\\\/\\\/dodo-inflatables.com\\\/wp-content\\\/uploads\\\/2026\\\/04\\\/starterset_transparent.png\",\"datePublished\":\"2026-04-04T11:54:45+00:00\",\"description\":\"Starter Set ma\u017eas - Huawei 2 HP \u2013 p\u016bstuvas, \u017eem\u0117s kuoliukai, pagrindo kilim\u0117lis 5 x 6 m ir nemokamas defliatorius. Viskas, ko reikia tobulam prad\u017eiai su j\u016bs\u0173 pripu\u010diamu batuutu.\",\"breadcrumb\":{\"@id\":\"https:\\\/\\\/dodo-inflatables.com\\\/lt\\\/produktas\\\/starter-set-mazas-huawei-2-hp\\\/#breadcrumb\"},\"inLanguage\":\"lt-LT\",\"potentialAction\":[{\"@type\":\"ReadAction\",\"target\":[\"https:\\\/\\\/dodo-inflatables.com\\\/lt\\\/produktas\\\/starter-set-mazas-huawei-2-hp\\\/\"]}]},{\"@type\":\"ImageObject\",\"inLanguage\":\"lt-LT\",\"@id\":\"https:\\\/\\\/dodo-inflatables.com\\\/lt\\\/produktas\\\/starter-set-mazas-huawei-2-hp\\\/#primaryimage\",\"url\":\"https:\\\/\\\/dodo-inflatables.com\\\/wp-content\\\/uploads\\\/2026\\\/04\\\/starterset_transparent.png\",\"contentUrl\":\"https:\\\/\\\/dodo-inflatables.com\\\/wp-content\\\/uploads\\\/2026\\\/04\\\/starterset_transparent.png\",\"width\":1000,\"height\":1000,\"caption\":\"Starter Set ma\u017eas - Huawei 2 HP pripu\u010diamiems batuutams | Dodo Inflatables\"},{\"@type\":\"BreadcrumbList\",\"@id\":\"https:\\\/\\\/dodo-inflatables.com\\\/lt\\\/produktas\\\/starter-set-mazas-huawei-2-hp\\\/#breadcrumb\",\"itemListElement\":[{\"@type\":\"ListItem\",\"position\":1,\"name\":\"Home\",\"item\":\"https:\\\/\\\/dodo-inflatables.com\\\/lt\\\/\"},{\"@type\":\"ListItem\",\"position\":2,\"name\":\"Parduotuv\u0117\",\"item\":\"https:\\\/\\\/dodo-inflatables.com\\\/lt\\\/parduotuve\\\/\"},{\"@type\":\"ListItem\",\"position\":3,\"name\":\"Starter Set ma\u017eas &#8211; Huawei 2 HP\"}]},{\"@type\":\"WebSite\",\"@id\":\"https:\\\/\\\/dodo-inflatables.com\\\/lt\\\/#website\",\"url\":\"https:\\\/\\\/dodo-inflatables.com\\\/lt\\\/\",\"name\":\"dodo-inflatables.com\",\"description\":\"\u012esigykite \u0161okin\u0117jan\u010di\u0173 pili\u0173 ir atrakcion\u0173 m\u016bs\u0173 parduotuv\u0117je.\",\"potentialAction\":[{\"@type\":\"SearchAction\",\"target\":{\"@type\":\"EntryPoint\",\"urlTemplate\":\"https:\\\/\\\/dodo-inflatables.com\\\/lt\\\/?s={search_term_string}\"},\"query-input\":{\"@type\":\"PropertyValueSpecification\",\"valueRequired\":true,\"valueName\":\"search_term_string\"}}],\"inLanguage\":\"lt-LT\"}]}<\/script>\n<!-- \/ Yoast SEO plugin. -->","yoast_head_json":{"title":"Starter Set ma\u017eas - Huawei 2 HP pripu\u010diamiems batuutams | Dodo Inflatables","description":"Starter Set ma\u017eas - Huawei 2 HP \u2013 p\u016bstuvas, \u017eem\u0117s kuoliukai, pagrindo kilim\u0117lis 5 x 6 m ir nemokamas defliatorius. Viskas, ko reikia tobulam prad\u017eiai su j\u016bs\u0173 pripu\u010diamu batuutu.","robots":{"index":"index","follow":"follow","max-snippet":"max-snippet:-1","max-image-preview":"max-image-preview:large","max-video-preview":"max-video-preview:-1"},"canonical":"https:\/\/dodo-inflatables.com\/lt\/produktas\/starter-set-mazas-huawei-2-hp\/","twitter_misc":{"Est. reading time":"2 minut\u0117s"},"schema":{"@context":"https:\/\/schema.org","@graph":[{"@type":"WebPage","@id":"https:\/\/dodo-inflatables.com\/lt\/produktas\/starter-set-mazas-huawei-2-hp\/","url":"https:\/\/dodo-inflatables.com\/lt\/produktas\/starter-set-mazas-huawei-2-hp\/","name":"Starter Set ma\u017eas - Huawei 2 HP pripu\u010diamiems batuutams | Dodo Inflatables","isPartOf":{"@id":"https:\/\/dodo-inflatables.com\/lt\/#website"},"primaryImageOfPage":{"@id":"https:\/\/dodo-inflatables.com\/lt\/produktas\/starter-set-mazas-huawei-2-hp\/#primaryimage"},"image":{"@id":"https:\/\/dodo-inflatables.com\/lt\/produktas\/starter-set-mazas-huawei-2-hp\/#primaryimage"},"thumbnailUrl":"https:\/\/dodo-inflatables.com\/wp-content\/uploads\/2026\/04\/starterset_transparent.png","datePublished":"2026-04-04T11:54:45+00:00","description":"Starter Set ma\u017eas - Huawei 2 HP \u2013 p\u016bstuvas, \u017eem\u0117s kuoliukai, pagrindo kilim\u0117lis 5 x 6 m ir nemokamas defliatorius. Viskas, ko reikia tobulam prad\u017eiai su j\u016bs\u0173 pripu\u010diamu batuutu.","breadcrumb":{"@id":"https:\/\/dodo-inflatables.com\/lt\/produktas\/starter-set-mazas-huawei-2-hp\/#breadcrumb"},"inLanguage":"lt-LT","potentialAction":[{"@type":"ReadAction","target":["https:\/\/dodo-inflatables.com\/lt\/produktas\/starter-set-mazas-huawei-2-hp\/"]}]},{"@type":"ImageObject","inLanguage":"lt-LT","@id":"https:\/\/dodo-inflatables.com\/lt\/produktas\/starter-set-mazas-huawei-2-hp\/#primaryimage","url":"https:\/\/dodo-inflatables.com\/wp-content\/uploads\/2026\/04\/starterset_transparent.png","contentUrl":"https:\/\/dodo-inflatables.com\/wp-content\/uploads\/2026\/04\/starterset_transparent.png","width":1000,"height":1000,"caption":"Starter Set ma\u017eas - Huawei 2 HP pripu\u010diamiems batuutams | Dodo Inflatables"},{"@type":"BreadcrumbList","@id":"https:\/\/dodo-inflatables.com\/lt\/produktas\/starter-set-mazas-huawei-2-hp\/#breadcrumb","itemListElement":[{"@type":"ListItem","position":1,"name":"Home","item":"https:\/\/dodo-inflatables.com\/lt\/"},{"@type":"ListItem","position":2,"name":"Parduotuv\u0117","item":"https:\/\/dodo-inflatables.com\/lt\/parduotuve\/"},{"@type":"ListItem","position":3,"name":"Starter Set ma\u017eas &#8211; Huawei 2 HP"}]},{"@type":"WebSite","@id":"https:\/\/dodo-inflatables.com\/lt\/#website","url":"https:\/\/dodo-inflatables.com\/lt\/","name":"dodo-inflatables.com","description":"\u012esigykite \u0161okin\u0117jan\u010di\u0173 pili\u0173 ir atrakcion\u0173 m\u016bs\u0173 parduotuv\u0117je.","potentialAction":[{"@type":"SearchAction","target":{"@type":"EntryPoint","urlTemplate":"https:\/\/dodo-inflatables.com\/lt\/?s={search_term_string}"},"query-input":{"@type":"PropertyValueSpecification","valueRequired":true,"valueName":"search_term_string"}}],"inLanguage":"lt-LT"}]}},"uagb_featured_image_src":{"full":["https:\/\/dodo-inflatables.com\/wp-content\/uploads\/2026\/04\/starterset_transparent.png",1000,1000,false],"thumbnail":["https:\/\/dodo-inflatables.com\/wp-content\/uploads\/2026\/04\/starterset_transparent-150x150.png",150,150,true],"medium":["https:\/\/dodo-inflatables.com\/wp-content\/uploads\/2026\/04\/starterset_transparent-300x300.png",300,300,true],"medium_large":["https:\/\/dodo-inflatables.com\/wp-content\/uploads\/2026\/04\/starterset_transparent-768x768.png",768,768,true],"large":["https:\/\/dodo-inflatables.com\/wp-content\/uploads\/2026\/04\/starterset_transparent.png",1000,1000,false],"1536x1536":["https:\/\/dodo-inflatables.com\/wp-content\/uploads\/2026\/04\/starterset_transparent.png",1000,1000,false],"2048x2048":["https:\/\/dodo-inflatables.com\/wp-content\/uploads\/2026\/04\/starterset_transparent.png",1000,1000,false],"woocommerce_thumbnail":["https:\/\/dodo-inflatables.com\/wp-content\/uploads\/2026\/04\/starterset_transparent-900x900.png",900,900,true],"woocommerce_single":["https:\/\/dodo-inflatables.com\/wp-content\/uploads\/2026\/04\/starterset_transparent-900x900.png",900,900,true],"woocommerce_gallery_thumbnail":["https:\/\/dodo-inflatables.com\/wp-content\/uploads\/2026\/04\/starterset_transparent-100x100.png",100,100,true]},"uagb_author_info":{"display_name":"Andreas","author_link":"https:\/\/dodo-inflatables.com\/lt\/author\/"},"uagb_comment_info":0,"uagb_excerpt":"\u2714 Puikiai suderinti priedai \u2013 Viskas, ko reikia prad\u017eiai viename prakti\u0161kame rinkinyje. \u2714 Greitas paruo\u0161imas ir saugus naudojimas \u2013 D\u0117l galingo p\u016bstuvo ir tvirt\u0173 \u017eem\u0117s kuoliuk\u0173. \u2714 Ilgesnis j\u016bs\u0173 pripu\u010diamo batuuto tarnavimo laikas \u2013 Su apsauginiu pagrindo kilim\u0117liu. \u2714 Lengvesnis supakavimas \u2013 Nemokamas defliatorius taupo j\u016bs\u0173 laik\u0105 ir pastangas!","_links":{"self":[{"href":"https:\/\/dodo-inflatables.com\/lt\/wp-json\/wp\/v2\/product\/105834","targetHints":{"allow":["GET"]}}],"collection":[{"href":"https:\/\/dodo-inflatables.com\/lt\/wp-json\/wp\/v2\/product"}],"about":[{"href":"https:\/\/dodo-inflatables.com\/lt\/wp-json\/wp\/v2\/types\/product"}],"replies":[{"embeddable":true,"href":"https:\/\/dodo-inflatables.com\/lt\/wp-json\/wp\/v2\/comments?post=105834"}],"wp:featuredmedia":[{"embeddable":true,"href":"https:\/\/dodo-inflatables.com\/lt\/wp-json\/wp\/v2\/media\/105646"}],"wp:attachment":[{"href":"https:\/\/dodo-inflatables.com\/lt\/wp-json\/wp\/v2\/media?parent=105834"}],"wp:term":[{"taxonomy":"product_brand","embeddable":true,"href":"https:\/\/dodo-inflatables.com\/lt\/wp-json\/wp\/v2\/product_brand?post=105834"},{"taxonomy":"product_cat","embeddable":true,"href":"https:\/\/dodo-inflatables.com\/lt\/wp-json\/wp\/v2\/product_cat?post=105834"},{"taxonomy":"product_tag","embeddable":true,"href":"https:\/\/dodo-inflatables.com\/lt\/wp-json\/wp\/v2\/product_tag?post=105834"}],"curies":[{"name":"wp","href":"https:\/\/api.w.org\/{rel}","templated":true}]}}