{"id":105913,"date":"2026-04-04T13:54:45","date_gmt":"2026-04-04T11:54:45","guid":{"rendered":"https:\/\/dodo-inflatables.com\/dodo-relaunch?product=triuksmo-slopintuvas-pustuvo-dangtelis-pripuciamu-batuutu-pustuvams"},"modified":"2026-04-04T13:54:45","modified_gmt":"2026-04-04T11:54:45","slug":"triuksmo-slopintuvas-pustuvo-dangtelis-pripuciamu-batuutu-pustuvams","status":"publish","type":"product","link":"https:\/\/dodo-inflatables.com\/lt\/produktas\/triuksmo-slopintuvas-pustuvo-dangtelis-pripuciamu-batuutu-pustuvams\/","title":{"rendered":"Triuk\u0161mo slopintuvas \/ p\u016bstuvo dangtelis pripu\u010diam\u0173 batuut\u0173 p\u016bstuvams"},"content":{"rendered":"<h1>Pirkti triuk\u0161mo slopintuv\u0105 \/ p\u016bstuvo dangtel\u012f pripu\u010diam\u0173 batuut\u0173 p\u016bstuvams<\/h1>\n<p>\u201eHuawei&#8221; p\u016bstuvo dangtelis yra prakti\u0161kas sprendimas triuk\u0161mui ma\u017einti ir saugiai apsaugoti pripu\u010diam\u0173 batuut\u0173 p\u016bstuvus. Jis buvo specialiai sukurtas profesionaliam naudojimui ir atitinka DIN EN 14960-1:2019 reikalavimus.<br \/>\nBe darbinio triuk\u0161mo ma\u017einimo, p\u016bstuvo dangtelis pirmiausia u\u017etikrina ai\u0161k\u0173 \u017eaidim\u0173 zonos ir technin\u0117s zonos atskyrim\u0105, taip didinant saugum\u0105 vie\u0161oje ir komercin\u0117je aplinkoje naudojamiems \u012frenginiams.<br \/>\n<strong>Didesnis saugumas eksploatacijos metu:<\/strong><br \/>\nP\u016bstuvo dangtelis fizi\u0161kai riboja tiesiogin\u0119 prieig\u0105 prie p\u016bstuvo. Judan\u010dios dalys yra apsaugotos ir nepasiekiamos vaikams, o tai yra svarbus veiksnys atliekant saugos patikrinimus ir atitikties patikras.<br \/>\n<strong>Triuk\u0161mo ma\u017einimas:<\/strong><br \/>\nD\u0117l pamink\u0161tinto, u\u017edaro dizaino p\u016bstuvo darbinis triuk\u0161mas pastebimai suma\u017e\u0117ja. Idealus naudojimui gyvenamuosiuose rajonuose, miest\u0173 centruose ar kitoje triuk\u0161mui jautrioje aplinkoje.<br \/>\n<strong>Atitiktis EN 14960 standartui:<\/strong><br \/>\nP\u016bstuvo dangtelis atitinka pagrindinius Europos standarto EN 14960-1:2019 reikalavimus, \u012fskaitant: p\u016bstuv\u0173 neprieinamumo vaikams u\u017etikrinim\u0105, judan\u010di\u0173 dali\u0173 apsaug\u0105 ir ai\u0161kaus \u017eaidim\u0173 zonos bei technin\u0117s zonos atskyrimo u\u017etikrinim\u0105.<br \/>\n<strong>Tvirtas ir atsparus oro s\u0105lygoms:<\/strong><br \/>\nDangtelis yra ugniai atsparus ir vandeniui atsparus bei skirtas intensyviam profesionaliam naudojimui. Jis taip pat suteikia papildom\u0105 apsaug\u0105 p\u016bstuvui nuo i\u0161orini\u0173 poveiki\u0173.<br \/>\n<strong>Lengvas montavimas:<\/strong><br \/>\nP\u016bstuvo dangtel\u012f galima greitai u\u017ed\u0117ti ir nuimti. Tai palengvina technin\u0119 prie\u017ei\u016br\u0105, vizualines patikras ir inspekcijas.<\/p>\n<h3>Triuk\u0161mo slopintuvo \/ p\u016bstuvo dangtelio informacija<\/h3>\n<ul>\n<li class=\"p1\">Matmenys (I \u00d7 P \u00d7 A): apie 50 \u00d7 63 \u00d7 54 cm<\/li>\n<li class=\"p1\">Svoris: apie 2,4 kg<\/li>\n<li class=\"p1\">Supakuoti matmenys: apie 50 \u00d7 100 \u00d7 15 cm<\/li>\n<\/ul>\n","protected":false},"excerpt":{"rendered":"<ul>\n<li class=\"p1\">Matmenys (I \u00d7 P \u00d7 A): apie 50 \u00d7 63 \u00d7 54 cm<\/li>\n<li class=\"p1\">Svoris: apie 2,4 kg<\/li>\n<li class=\"p1\">Supakuoti matmenys: apie 50 \u00d7 100 \u00d7 15 cm<\/li>\n<\/ul>\n","protected":false},"featured_media":105908,"comment_status":"open","ping_status":"closed","template":"","meta":{"_acf_changed":false,"_uag_custom_page_level_css":"","site-sidebar-layout":"default","site-content-layout":"boxed-container","ast-site-content-layout":"normal-width-container","site-content-style":"boxed","site-sidebar-style":"default","ast-global-header-display":"","ast-banner-title-visibility":"","ast-main-header-display":"","ast-hfb-above-header-display":"","ast-hfb-below-header-display":"","ast-hfb-mobile-header-display":"","site-post-title":"disabled","ast-breadcrumbs-content":"","ast-featured-img":"","footer-sml-layout":"","ast-disable-related-posts":"","theme-transparent-header-meta":"default","adv-header-id-meta":"","stick-header-meta":"default","header-above-stick-meta":"","header-main-stick-meta":"","header-below-stick-meta":"","astra-migrate-meta-layouts":"default","ast-page-background-enabled":"default","ast-page-background-meta":{"desktop":{"background-color":"var(--ast-global-color-4)","background-image":"","background-repeat":"repeat","background-position":"center center","background-size":"auto","background-attachment":"scroll","background-type":"","background-media":"","overlay-type":"","overlay-color":"","overlay-opacity":"","overlay-gradient":""},"tablet":{"background-color":"","background-image":"","background-repeat":"repeat","background-position":"center center","background-size":"auto","background-attachment":"scroll","background-type":"","background-media":"","overlay-type":"","overlay-color":"","overlay-opacity":"","overlay-gradient":""},"mobile":{"background-color":"","background-image":"","background-repeat":"repeat","background-position":"center center","background-size":"auto","background-attachment":"scroll","background-type":"","background-media":"","overlay-type":"","overlay-color":"","overlay-opacity":"","overlay-gradient":""}},"ast-content-background-meta":{"desktop":{"background-color":"var(--ast-global-color-5)","background-image":"","background-repeat":"repeat","background-position":"center center","background-size":"auto","background-attachment":"scroll","background-type":"","background-media":"","overlay-type":"","overlay-color":"","overlay-opacity":"","overlay-gradient":""},"tablet":{"background-color":"var(--ast-global-color-5)","background-image":"","background-repeat":"repeat","background-position":"center center","background-size":"auto","background-attachment":"scroll","background-type":"","background-media":"","overlay-type":"","overlay-color":"","overlay-opacity":"","overlay-gradient":""},"mobile":{"background-color":"var(--ast-global-color-5)","background-image":"","background-repeat":"repeat","background-position":"center center","background-size":"auto","background-attachment":"scroll","background-type":"","background-media":"","overlay-type":"","overlay-color":"","overlay-opacity":"","overlay-gradient":""}}},"product_brand":[],"product_cat":[1162],"product_tag":[],"class_list":{"0":"post-105913","1":"product","2":"type-product","3":"status-publish","4":"has-post-thumbnail","6":"product_cat-priedai","7":"product_shipping_class-zubehor-lt","8":"desktop-align-center","9":"tablet-align-center","10":"mobile-align-center","11":"ast-product-gallery-layout-horizontal","12":"ast-product-tabs-layout-horizontal","14":"first","15":"instock","16":"taxable","17":"shipping-taxable","18":"purchasable","19":"product-type-simple"},"acf":[],"yoast_head":"<!-- This site is optimized with the Yoast SEO plugin v27.5 - https:\/\/yoast.com\/product\/yoast-seo-wordpress\/ -->\n<title>Triuk\u0161mo slopintuvas \/ p\u016bstuvo dangtelis pripu\u010diam\u0173 batuut\u0173 p\u016bstuvams | Dodo Inflatables<\/title>\n<meta name=\"description\" content=\"Triuk\u0161mo slopintuvas \/ p\u016bstuvo dangtelis pripu\u010diam\u0173 batuut\u0173 p\u016bstuvams \u2013 atitinka EN 14960-1:2019, ugniai ir vandeniui atsparus, ma\u017eina triuk\u0161m\u0105. Matmenys apie 50 \u00d7 63 \u00d7 54 cm, svoris apie 2,4 kg.\" \/>\n<meta name=\"robots\" content=\"index, follow, max-snippet:-1, max-image-preview:large, max-video-preview:-1\" \/>\n<link rel=\"canonical\" href=\"https:\/\/dodo-inflatables.com\/lt\/produktas\/triuksmo-slopintuvas-pustuvo-dangtelis-pripuciamu-batuutu-pustuvams\/\" \/>\n<meta name=\"twitter:label1\" content=\"Est. reading time\" \/>\n\t<meta name=\"twitter:data1\" content=\"1 minut\u0117\" \/>\n<script type=\"application\/ld+json\" class=\"yoast-schema-graph\">{\"@context\":\"https:\\\/\\\/schema.org\",\"@graph\":[{\"@type\":\"WebPage\",\"@id\":\"https:\\\/\\\/dodo-inflatables.com\\\/lt\\\/produktas\\\/triuksmo-slopintuvas-pustuvo-dangtelis-pripuciamu-batuutu-pustuvams\\\/\",\"url\":\"https:\\\/\\\/dodo-inflatables.com\\\/lt\\\/produktas\\\/triuksmo-slopintuvas-pustuvo-dangtelis-pripuciamu-batuutu-pustuvams\\\/\",\"name\":\"Triuk\u0161mo slopintuvas \\\/ p\u016bstuvo dangtelis pripu\u010diam\u0173 batuut\u0173 p\u016bstuvams | Dodo Inflatables\",\"isPartOf\":{\"@id\":\"https:\\\/\\\/dodo-inflatables.com\\\/lt\\\/#website\"},\"primaryImageOfPage\":{\"@id\":\"https:\\\/\\\/dodo-inflatables.com\\\/lt\\\/produktas\\\/triuksmo-slopintuvas-pustuvo-dangtelis-pripuciamu-batuutu-pustuvams\\\/#primaryimage\"},\"image\":{\"@id\":\"https:\\\/\\\/dodo-inflatables.com\\\/lt\\\/produktas\\\/triuksmo-slopintuvas-pustuvo-dangtelis-pripuciamu-batuutu-pustuvams\\\/#primaryimage\"},\"thumbnailUrl\":\"https:\\\/\\\/dodo-inflatables.com\\\/wp-content\\\/uploads\\\/2026\\\/04\\\/Huawei-Schalldaemper-Blower-Cover-Huepfburgen-Geblaese-1.jpg\",\"datePublished\":\"2026-04-04T11:54:45+00:00\",\"description\":\"Triuk\u0161mo slopintuvas \\\/ p\u016bstuvo dangtelis pripu\u010diam\u0173 batuut\u0173 p\u016bstuvams \u2013 atitinka EN 14960-1:2019, ugniai ir vandeniui atsparus, ma\u017eina triuk\u0161m\u0105. Matmenys apie 50 \u00d7 63 \u00d7 54 cm, svoris apie 2,4 kg.\",\"breadcrumb\":{\"@id\":\"https:\\\/\\\/dodo-inflatables.com\\\/lt\\\/produktas\\\/triuksmo-slopintuvas-pustuvo-dangtelis-pripuciamu-batuutu-pustuvams\\\/#breadcrumb\"},\"inLanguage\":\"lt-LT\",\"potentialAction\":[{\"@type\":\"ReadAction\",\"target\":[\"https:\\\/\\\/dodo-inflatables.com\\\/lt\\\/produktas\\\/triuksmo-slopintuvas-pustuvo-dangtelis-pripuciamu-batuutu-pustuvams\\\/\"]}]},{\"@type\":\"ImageObject\",\"inLanguage\":\"lt-LT\",\"@id\":\"https:\\\/\\\/dodo-inflatables.com\\\/lt\\\/produktas\\\/triuksmo-slopintuvas-pustuvo-dangtelis-pripuciamu-batuutu-pustuvams\\\/#primaryimage\",\"url\":\"https:\\\/\\\/dodo-inflatables.com\\\/wp-content\\\/uploads\\\/2026\\\/04\\\/Huawei-Schalldaemper-Blower-Cover-Huepfburgen-Geblaese-1.jpg\",\"contentUrl\":\"https:\\\/\\\/dodo-inflatables.com\\\/wp-content\\\/uploads\\\/2026\\\/04\\\/Huawei-Schalldaemper-Blower-Cover-Huepfburgen-Geblaese-1.jpg\",\"width\":700,\"height\":700,\"caption\":\"Triuk\u0161mo slopintuvas \\\/ p\u016bstuvo dangtelis pripu\u010diam\u0173 batuut\u0173 p\u016bstuvams | Dodo Inflatables\"},{\"@type\":\"BreadcrumbList\",\"@id\":\"https:\\\/\\\/dodo-inflatables.com\\\/lt\\\/produktas\\\/triuksmo-slopintuvas-pustuvo-dangtelis-pripuciamu-batuutu-pustuvams\\\/#breadcrumb\",\"itemListElement\":[{\"@type\":\"ListItem\",\"position\":1,\"name\":\"Home\",\"item\":\"https:\\\/\\\/dodo-inflatables.com\\\/lt\\\/\"},{\"@type\":\"ListItem\",\"position\":2,\"name\":\"Parduotuv\u0117\",\"item\":\"https:\\\/\\\/dodo-inflatables.com\\\/lt\\\/parduotuve\\\/\"},{\"@type\":\"ListItem\",\"position\":3,\"name\":\"Triuk\u0161mo slopintuvas \\\/ p\u016bstuvo dangtelis pripu\u010diam\u0173 batuut\u0173 p\u016bstuvams\"}]},{\"@type\":\"WebSite\",\"@id\":\"https:\\\/\\\/dodo-inflatables.com\\\/lt\\\/#website\",\"url\":\"https:\\\/\\\/dodo-inflatables.com\\\/lt\\\/\",\"name\":\"dodo-inflatables.com\",\"description\":\"\u012esigykite \u0161okin\u0117jan\u010di\u0173 pili\u0173 ir atrakcion\u0173 m\u016bs\u0173 parduotuv\u0117je.\",\"potentialAction\":[{\"@type\":\"SearchAction\",\"target\":{\"@type\":\"EntryPoint\",\"urlTemplate\":\"https:\\\/\\\/dodo-inflatables.com\\\/lt\\\/?s={search_term_string}\"},\"query-input\":{\"@type\":\"PropertyValueSpecification\",\"valueRequired\":true,\"valueName\":\"search_term_string\"}}],\"inLanguage\":\"lt-LT\"}]}<\/script>\n<!-- \/ Yoast SEO plugin. -->","yoast_head_json":{"title":"Triuk\u0161mo slopintuvas \/ p\u016bstuvo dangtelis pripu\u010diam\u0173 batuut\u0173 p\u016bstuvams | Dodo Inflatables","description":"Triuk\u0161mo slopintuvas \/ p\u016bstuvo dangtelis pripu\u010diam\u0173 batuut\u0173 p\u016bstuvams \u2013 atitinka EN 14960-1:2019, ugniai ir vandeniui atsparus, ma\u017eina triuk\u0161m\u0105. Matmenys apie 50 \u00d7 63 \u00d7 54 cm, svoris apie 2,4 kg.","robots":{"index":"index","follow":"follow","max-snippet":"max-snippet:-1","max-image-preview":"max-image-preview:large","max-video-preview":"max-video-preview:-1"},"canonical":"https:\/\/dodo-inflatables.com\/lt\/produktas\/triuksmo-slopintuvas-pustuvo-dangtelis-pripuciamu-batuutu-pustuvams\/","twitter_misc":{"Est. reading time":"1 minut\u0117"},"schema":{"@context":"https:\/\/schema.org","@graph":[{"@type":"WebPage","@id":"https:\/\/dodo-inflatables.com\/lt\/produktas\/triuksmo-slopintuvas-pustuvo-dangtelis-pripuciamu-batuutu-pustuvams\/","url":"https:\/\/dodo-inflatables.com\/lt\/produktas\/triuksmo-slopintuvas-pustuvo-dangtelis-pripuciamu-batuutu-pustuvams\/","name":"Triuk\u0161mo slopintuvas \/ p\u016bstuvo dangtelis pripu\u010diam\u0173 batuut\u0173 p\u016bstuvams | Dodo Inflatables","isPartOf":{"@id":"https:\/\/dodo-inflatables.com\/lt\/#website"},"primaryImageOfPage":{"@id":"https:\/\/dodo-inflatables.com\/lt\/produktas\/triuksmo-slopintuvas-pustuvo-dangtelis-pripuciamu-batuutu-pustuvams\/#primaryimage"},"image":{"@id":"https:\/\/dodo-inflatables.com\/lt\/produktas\/triuksmo-slopintuvas-pustuvo-dangtelis-pripuciamu-batuutu-pustuvams\/#primaryimage"},"thumbnailUrl":"https:\/\/dodo-inflatables.com\/wp-content\/uploads\/2026\/04\/Huawei-Schalldaemper-Blower-Cover-Huepfburgen-Geblaese-1.jpg","datePublished":"2026-04-04T11:54:45+00:00","description":"Triuk\u0161mo slopintuvas \/ p\u016bstuvo dangtelis pripu\u010diam\u0173 batuut\u0173 p\u016bstuvams \u2013 atitinka EN 14960-1:2019, ugniai ir vandeniui atsparus, ma\u017eina triuk\u0161m\u0105. Matmenys apie 50 \u00d7 63 \u00d7 54 cm, svoris apie 2,4 kg.","breadcrumb":{"@id":"https:\/\/dodo-inflatables.com\/lt\/produktas\/triuksmo-slopintuvas-pustuvo-dangtelis-pripuciamu-batuutu-pustuvams\/#breadcrumb"},"inLanguage":"lt-LT","potentialAction":[{"@type":"ReadAction","target":["https:\/\/dodo-inflatables.com\/lt\/produktas\/triuksmo-slopintuvas-pustuvo-dangtelis-pripuciamu-batuutu-pustuvams\/"]}]},{"@type":"ImageObject","inLanguage":"lt-LT","@id":"https:\/\/dodo-inflatables.com\/lt\/produktas\/triuksmo-slopintuvas-pustuvo-dangtelis-pripuciamu-batuutu-pustuvams\/#primaryimage","url":"https:\/\/dodo-inflatables.com\/wp-content\/uploads\/2026\/04\/Huawei-Schalldaemper-Blower-Cover-Huepfburgen-Geblaese-1.jpg","contentUrl":"https:\/\/dodo-inflatables.com\/wp-content\/uploads\/2026\/04\/Huawei-Schalldaemper-Blower-Cover-Huepfburgen-Geblaese-1.jpg","width":700,"height":700,"caption":"Triuk\u0161mo slopintuvas \/ p\u016bstuvo dangtelis pripu\u010diam\u0173 batuut\u0173 p\u016bstuvams | Dodo Inflatables"},{"@type":"BreadcrumbList","@id":"https:\/\/dodo-inflatables.com\/lt\/produktas\/triuksmo-slopintuvas-pustuvo-dangtelis-pripuciamu-batuutu-pustuvams\/#breadcrumb","itemListElement":[{"@type":"ListItem","position":1,"name":"Home","item":"https:\/\/dodo-inflatables.com\/lt\/"},{"@type":"ListItem","position":2,"name":"Parduotuv\u0117","item":"https:\/\/dodo-inflatables.com\/lt\/parduotuve\/"},{"@type":"ListItem","position":3,"name":"Triuk\u0161mo slopintuvas \/ p\u016bstuvo dangtelis pripu\u010diam\u0173 batuut\u0173 p\u016bstuvams"}]},{"@type":"WebSite","@id":"https:\/\/dodo-inflatables.com\/lt\/#website","url":"https:\/\/dodo-inflatables.com\/lt\/","name":"dodo-inflatables.com","description":"\u012esigykite \u0161okin\u0117jan\u010di\u0173 pili\u0173 ir atrakcion\u0173 m\u016bs\u0173 parduotuv\u0117je.","potentialAction":[{"@type":"SearchAction","target":{"@type":"EntryPoint","urlTemplate":"https:\/\/dodo-inflatables.com\/lt\/?s={search_term_string}"},"query-input":{"@type":"PropertyValueSpecification","valueRequired":true,"valueName":"search_term_string"}}],"inLanguage":"lt-LT"}]}},"uagb_featured_image_src":{"full":["https:\/\/dodo-inflatables.com\/wp-content\/uploads\/2026\/04\/Huawei-Schalldaemper-Blower-Cover-Huepfburgen-Geblaese-1.jpg",700,700,false],"thumbnail":["https:\/\/dodo-inflatables.com\/wp-content\/uploads\/2026\/04\/Huawei-Schalldaemper-Blower-Cover-Huepfburgen-Geblaese-1-150x150.jpg",150,150,true],"medium":["https:\/\/dodo-inflatables.com\/wp-content\/uploads\/2026\/04\/Huawei-Schalldaemper-Blower-Cover-Huepfburgen-Geblaese-1-300x300.jpg",300,300,true],"medium_large":["https:\/\/dodo-inflatables.com\/wp-content\/uploads\/2026\/04\/Huawei-Schalldaemper-Blower-Cover-Huepfburgen-Geblaese-1.jpg",700,700,false],"large":["https:\/\/dodo-inflatables.com\/wp-content\/uploads\/2026\/04\/Huawei-Schalldaemper-Blower-Cover-Huepfburgen-Geblaese-1.jpg",700,700,false],"1536x1536":["https:\/\/dodo-inflatables.com\/wp-content\/uploads\/2026\/04\/Huawei-Schalldaemper-Blower-Cover-Huepfburgen-Geblaese-1.jpg",700,700,false],"2048x2048":["https:\/\/dodo-inflatables.com\/wp-content\/uploads\/2026\/04\/Huawei-Schalldaemper-Blower-Cover-Huepfburgen-Geblaese-1.jpg",700,700,false],"woocommerce_thumbnail":["https:\/\/dodo-inflatables.com\/wp-content\/uploads\/2026\/04\/Huawei-Schalldaemper-Blower-Cover-Huepfburgen-Geblaese-1.jpg",700,700,false],"woocommerce_single":["https:\/\/dodo-inflatables.com\/wp-content\/uploads\/2026\/04\/Huawei-Schalldaemper-Blower-Cover-Huepfburgen-Geblaese-1.jpg",700,700,false],"woocommerce_gallery_thumbnail":["https:\/\/dodo-inflatables.com\/wp-content\/uploads\/2026\/04\/Huawei-Schalldaemper-Blower-Cover-Huepfburgen-Geblaese-1-100x100.jpg",100,100,true]},"uagb_author_info":{"display_name":"Andreas","author_link":"https:\/\/dodo-inflatables.com\/lt\/author\/"},"uagb_comment_info":0,"uagb_excerpt":"Matmenys (I \u00d7 P \u00d7 A): apie 50 \u00d7 63 \u00d7 54 cm Svoris: apie 2,4 kg Supakuoti matmenys: apie 50 \u00d7 100 \u00d7 15 cm","_links":{"self":[{"href":"https:\/\/dodo-inflatables.com\/lt\/wp-json\/wp\/v2\/product\/105913","targetHints":{"allow":["GET"]}}],"collection":[{"href":"https:\/\/dodo-inflatables.com\/lt\/wp-json\/wp\/v2\/product"}],"about":[{"href":"https:\/\/dodo-inflatables.com\/lt\/wp-json\/wp\/v2\/types\/product"}],"replies":[{"embeddable":true,"href":"https:\/\/dodo-inflatables.com\/lt\/wp-json\/wp\/v2\/comments?post=105913"}],"wp:featuredmedia":[{"embeddable":true,"href":"https:\/\/dodo-inflatables.com\/lt\/wp-json\/wp\/v2\/media\/105908"}],"wp:attachment":[{"href":"https:\/\/dodo-inflatables.com\/lt\/wp-json\/wp\/v2\/media?parent=105913"}],"wp:term":[{"taxonomy":"product_brand","embeddable":true,"href":"https:\/\/dodo-inflatables.com\/lt\/wp-json\/wp\/v2\/product_brand?post=105913"},{"taxonomy":"product_cat","embeddable":true,"href":"https:\/\/dodo-inflatables.com\/lt\/wp-json\/wp\/v2\/product_cat?post=105913"},{"taxonomy":"product_tag","embeddable":true,"href":"https:\/\/dodo-inflatables.com\/lt\/wp-json\/wp\/v2\/product_tag?post=105913"}],"curies":[{"name":"wp","href":"https:\/\/api.w.org\/{rel}","templated":true}]}}