{"id":106013,"date":"2026-04-04T13:54:45","date_gmt":"2026-04-04T11:54:45","guid":{"rendered":"https:\/\/dodo-inflatables.com\/dodo-relaunch?product=itampos-monitorius-itampos-valdiklis-pripuciamiems-batuutams-huawei-se-s02"},"modified":"2026-04-04T13:54:45","modified_gmt":"2026-04-04T11:54:45","slug":"itampos-monitorius-itampos-valdiklis-pripuciamiems-batuutams-huawei-se-s02","status":"publish","type":"product","link":"https:\/\/dodo-inflatables.com\/lt\/produktas\/itampos-monitorius-itampos-valdiklis-pripuciamiems-batuutams-huawei-se-s02\/","title":{"rendered":"\u012etampos monitorius \/ \u012ftampos valdiklis pripu\u010diamiems batuutams \u2013 Huawei SE-S02"},"content":{"rendered":"<h1><b>Pirkti \u012ftampos monitori\u0173 \/ \u012ftampos valdikl\u012f pripu\u010diamiems batuutams \u2013 Huawei SE-S02<\/b><\/h1>\n<p>Huawei SE-S02 Smart Monitoring \u012ftampos valdiklis skirtas steb\u0117ti pripu\u010diam\u0173 batuut\u0173 ir pripu\u010diam\u0173 \u017eaidim\u0173 \u012frengini\u0173 maitinimo \u0161altin\u012f.<br \/>\nJis nuolat tikrina \u012feinan\u010di\u0105 \u012ftamp\u0105 ir pateikia vizualinius ir akustinius \u012fsp\u0117jimus, jei atsiranda \u012ftampos svyravim\u0173, kurie gali paveikti saug\u0173 veikim\u0105.<br \/>\n\u0160is \u012ftampos monitorius padeda u\u017etikrinti stabil\u0173 ir patikim\u0105 p\u016bstuvo veikim\u0105 ir ypa\u010d tinka profesionaliam naudojimui nuomos ir rengini\u0173 sektoriuje.<br \/>\n<strong>Tinklo \u012ftampos steb\u0117jimas:<\/strong><br \/>\nSE-S02 matuoja \u012feinan\u010di\u0105 \u012ftamp\u0105 150\u2013275 V diapazone ir ai\u0161kiai j\u0105 rodo skaitmeniniame ekrane.<br \/>\n<strong>Vizualinis ir akustinis \u012fsp\u0117jimas:<\/strong><br \/>\nJei atsiranda \u012ftampos netaisyklingum\u0173, nedelsiant suaktyvinamas \u012fsp\u0117jimas per LED ekran\u0105 ir garsin\u012f signal\u0105, leid\u017eiantis greitai imtis veiksm\u0173.<br \/>\n<strong>Dvi lizdai p\u016bstuvams:<\/strong><br \/>\n\u012etampos valdiklis turi du i\u0161\u0117jimus ir leid\u017eia prijungti vien\u0105 ar du p\u016bstuvus su bendra galia iki 3200 W.<br \/>\n<strong>Tvirta ir atspari oro s\u0105lygoms konstrukcija:<\/strong><br \/>\nKorpusas yra ugniai atsparus ir vandeniui atsparus bei skirtas naudoti tipin\u0117je pripu\u010diam\u0173 batuut\u0173 aplinkoje, tiek patalpose, tiek lauke.<br \/>\n<strong>Kompakti\u0161kas ir lengvai \u012fdiegiamas:<\/strong><br \/>\nD\u0117l kompakti\u0161k\u0173 matmen\u0173 ir ai\u0161kaus ekrano \u012ftampos monitori\u0173 galima greitai integruoti ir patogiai naudoti.<\/p>\n<h3>\u012etampos monitoriaus informacija<\/h3>\n<ul>\n<li>Matmenys (P \u00d7 G \u00d7 A): apie 155 \u00d7 113 \u00d7 85 mm<\/li>\n<li class=\"p1\">\u012etampos diapazonas: 150\u2013275 V<\/li>\n<li class=\"p1\">Lizdo galia (vienas): 2200 W<\/li>\n<li class=\"p1\">Bendra lizdo galia: 3200 W<\/li>\n<\/ul>\n","protected":false},"excerpt":{"rendered":"<ul>\n<li>Matmenys (P \u00d7 G \u00d7 A): apie 155 \u00d7 113 \u00d7 85 mm<\/li>\n<li class=\"p1\">\u012etampos diapazonas: 150\u2013275 V<\/li>\n<li class=\"p1\">Lizdo galia (vienas): 2200 W<\/li>\n<li class=\"p1\">Bendra lizdo galia: 3200 W<\/li>\n<\/ul>\n","protected":false},"featured_media":106012,"comment_status":"open","ping_status":"closed","template":"","meta":{"_acf_changed":false,"_uag_custom_page_level_css":"","site-sidebar-layout":"default","site-content-layout":"boxed-container","ast-site-content-layout":"normal-width-container","site-content-style":"boxed","site-sidebar-style":"default","ast-global-header-display":"","ast-banner-title-visibility":"","ast-main-header-display":"","ast-hfb-above-header-display":"","ast-hfb-below-header-display":"","ast-hfb-mobile-header-display":"","site-post-title":"disabled","ast-breadcrumbs-content":"","ast-featured-img":"","footer-sml-layout":"","ast-disable-related-posts":"","theme-transparent-header-meta":"default","adv-header-id-meta":"","stick-header-meta":"default","header-above-stick-meta":"","header-main-stick-meta":"","header-below-stick-meta":"","astra-migrate-meta-layouts":"default","ast-page-background-enabled":"default","ast-page-background-meta":{"desktop":{"background-color":"var(--ast-global-color-4)","background-image":"","background-repeat":"repeat","background-position":"center center","background-size":"auto","background-attachment":"scroll","background-type":"","background-media":"","overlay-type":"","overlay-color":"","overlay-opacity":"","overlay-gradient":""},"tablet":{"background-color":"","background-image":"","background-repeat":"repeat","background-position":"center center","background-size":"auto","background-attachment":"scroll","background-type":"","background-media":"","overlay-type":"","overlay-color":"","overlay-opacity":"","overlay-gradient":""},"mobile":{"background-color":"","background-image":"","background-repeat":"repeat","background-position":"center center","background-size":"auto","background-attachment":"scroll","background-type":"","background-media":"","overlay-type":"","overlay-color":"","overlay-opacity":"","overlay-gradient":""}},"ast-content-background-meta":{"desktop":{"background-color":"var(--ast-global-color-5)","background-image":"","background-repeat":"repeat","background-position":"center center","background-size":"auto","background-attachment":"scroll","background-type":"","background-media":"","overlay-type":"","overlay-color":"","overlay-opacity":"","overlay-gradient":""},"tablet":{"background-color":"var(--ast-global-color-5)","background-image":"","background-repeat":"repeat","background-position":"center center","background-size":"auto","background-attachment":"scroll","background-type":"","background-media":"","overlay-type":"","overlay-color":"","overlay-opacity":"","overlay-gradient":""},"mobile":{"background-color":"var(--ast-global-color-5)","background-image":"","background-repeat":"repeat","background-position":"center center","background-size":"auto","background-attachment":"scroll","background-type":"","background-media":"","overlay-type":"","overlay-color":"","overlay-opacity":"","overlay-gradient":""}}},"product_brand":[],"product_cat":[1162],"product_tag":[],"class_list":{"0":"post-106013","1":"product","2":"type-product","3":"status-publish","4":"has-post-thumbnail","6":"product_cat-priedai","7":"product_shipping_class-zubehor-lt","8":"desktop-align-center","9":"tablet-align-center","10":"mobile-align-center","11":"ast-product-gallery-layout-horizontal","12":"ast-product-gallery-with-no-image","13":"ast-product-tabs-layout-horizontal","15":"first","16":"instock","17":"taxable","18":"shipping-taxable","19":"purchasable","20":"product-type-simple"},"acf":[],"yoast_head":"<!-- This site is optimized with the Yoast SEO plugin v27.5 - https:\/\/yoast.com\/product\/yoast-seo-wordpress\/ -->\n<title>\u012etampos monitorius \/ \u012ftampos valdiklis pripu\u010diamiems batuutams \u2013 Huawei SE-S02 | Dodo Inflatables<\/title>\n<meta name=\"description\" content=\"Huawei SE-S02 \u012ftampos monitorius pripu\u010diamiems batuutams \u2013 \u012ftampos diapazonas 150\u2013275 V, du lizdai iki 3200 W bendros galios, vizualiniai ir akustiniai \u012fsp\u0117jimai, ugniai ir vandeniui atsparus.\" \/>\n<meta name=\"robots\" content=\"index, follow, max-snippet:-1, max-image-preview:large, max-video-preview:-1\" \/>\n<link rel=\"canonical\" href=\"https:\/\/dodo-inflatables.com\/lt\/produktas\/itampos-monitorius-itampos-valdiklis-pripuciamiems-batuutams-huawei-se-s02\/\" \/>\n<meta name=\"twitter:label1\" content=\"Est. reading time\" \/>\n\t<meta name=\"twitter:data1\" content=\"1 minut\u0117\" \/>\n<script type=\"application\/ld+json\" class=\"yoast-schema-graph\">{\"@context\":\"https:\\\/\\\/schema.org\",\"@graph\":[{\"@type\":\"WebPage\",\"@id\":\"https:\\\/\\\/dodo-inflatables.com\\\/lt\\\/produktas\\\/itampos-monitorius-itampos-valdiklis-pripuciamiems-batuutams-huawei-se-s02\\\/\",\"url\":\"https:\\\/\\\/dodo-inflatables.com\\\/lt\\\/produktas\\\/itampos-monitorius-itampos-valdiklis-pripuciamiems-batuutams-huawei-se-s02\\\/\",\"name\":\"\u012etampos monitorius \\\/ \u012ftampos valdiklis pripu\u010diamiems batuutams \u2013 Huawei SE-S02 | Dodo Inflatables\",\"isPartOf\":{\"@id\":\"https:\\\/\\\/dodo-inflatables.com\\\/lt\\\/#website\"},\"primaryImageOfPage\":{\"@id\":\"https:\\\/\\\/dodo-inflatables.com\\\/lt\\\/produktas\\\/itampos-monitorius-itampos-valdiklis-pripuciamiems-batuutams-huawei-se-s02\\\/#primaryimage\"},\"image\":{\"@id\":\"https:\\\/\\\/dodo-inflatables.com\\\/lt\\\/produktas\\\/itampos-monitorius-itampos-valdiklis-pripuciamiems-batuutams-huawei-se-s02\\\/#primaryimage\"},\"thumbnailUrl\":\"https:\\\/\\\/dodo-inflatables.com\\\/wp-content\\\/uploads\\\/2026\\\/04\\\/Spannungswaechter-fur-Huepfburgen-Geblaese.jpg\",\"datePublished\":\"2026-04-04T11:54:45+00:00\",\"description\":\"Huawei SE-S02 \u012ftampos monitorius pripu\u010diamiems batuutams \u2013 \u012ftampos diapazonas 150\u2013275 V, du lizdai iki 3200 W bendros galios, vizualiniai ir akustiniai \u012fsp\u0117jimai, ugniai ir vandeniui atsparus.\",\"breadcrumb\":{\"@id\":\"https:\\\/\\\/dodo-inflatables.com\\\/lt\\\/produktas\\\/itampos-monitorius-itampos-valdiklis-pripuciamiems-batuutams-huawei-se-s02\\\/#breadcrumb\"},\"inLanguage\":\"lt-LT\",\"potentialAction\":[{\"@type\":\"ReadAction\",\"target\":[\"https:\\\/\\\/dodo-inflatables.com\\\/lt\\\/produktas\\\/itampos-monitorius-itampos-valdiklis-pripuciamiems-batuutams-huawei-se-s02\\\/\"]}]},{\"@type\":\"ImageObject\",\"inLanguage\":\"lt-LT\",\"@id\":\"https:\\\/\\\/dodo-inflatables.com\\\/lt\\\/produktas\\\/itampos-monitorius-itampos-valdiklis-pripuciamiems-batuutams-huawei-se-s02\\\/#primaryimage\",\"url\":\"https:\\\/\\\/dodo-inflatables.com\\\/wp-content\\\/uploads\\\/2026\\\/04\\\/Spannungswaechter-fur-Huepfburgen-Geblaese.jpg\",\"contentUrl\":\"https:\\\/\\\/dodo-inflatables.com\\\/wp-content\\\/uploads\\\/2026\\\/04\\\/Spannungswaechter-fur-Huepfburgen-Geblaese.jpg\",\"width\":700,\"height\":700,\"caption\":\"\u012etampos monitorius \\\/ \u012ftampos valdiklis pripu\u010diamiems batuutams \u2013 Huawei SE-S02 | Dodo Inflatables\"},{\"@type\":\"BreadcrumbList\",\"@id\":\"https:\\\/\\\/dodo-inflatables.com\\\/lt\\\/produktas\\\/itampos-monitorius-itampos-valdiklis-pripuciamiems-batuutams-huawei-se-s02\\\/#breadcrumb\",\"itemListElement\":[{\"@type\":\"ListItem\",\"position\":1,\"name\":\"Home\",\"item\":\"https:\\\/\\\/dodo-inflatables.com\\\/lt\\\/\"},{\"@type\":\"ListItem\",\"position\":2,\"name\":\"Parduotuv\u0117\",\"item\":\"https:\\\/\\\/dodo-inflatables.com\\\/lt\\\/parduotuve\\\/\"},{\"@type\":\"ListItem\",\"position\":3,\"name\":\"\u012etampos monitorius \\\/ \u012ftampos valdiklis pripu\u010diamiems batuutams \u2013 Huawei SE-S02\"}]},{\"@type\":\"WebSite\",\"@id\":\"https:\\\/\\\/dodo-inflatables.com\\\/lt\\\/#website\",\"url\":\"https:\\\/\\\/dodo-inflatables.com\\\/lt\\\/\",\"name\":\"dodo-inflatables.com\",\"description\":\"\u012esigykite \u0161okin\u0117jan\u010di\u0173 pili\u0173 ir atrakcion\u0173 m\u016bs\u0173 parduotuv\u0117je.\",\"potentialAction\":[{\"@type\":\"SearchAction\",\"target\":{\"@type\":\"EntryPoint\",\"urlTemplate\":\"https:\\\/\\\/dodo-inflatables.com\\\/lt\\\/?s={search_term_string}\"},\"query-input\":{\"@type\":\"PropertyValueSpecification\",\"valueRequired\":true,\"valueName\":\"search_term_string\"}}],\"inLanguage\":\"lt-LT\"}]}<\/script>\n<!-- \/ Yoast SEO plugin. -->","yoast_head_json":{"title":"\u012etampos monitorius \/ \u012ftampos valdiklis pripu\u010diamiems batuutams \u2013 Huawei SE-S02 | Dodo Inflatables","description":"Huawei SE-S02 \u012ftampos monitorius pripu\u010diamiems batuutams \u2013 \u012ftampos diapazonas 150\u2013275 V, du lizdai iki 3200 W bendros galios, vizualiniai ir akustiniai \u012fsp\u0117jimai, ugniai ir vandeniui atsparus.","robots":{"index":"index","follow":"follow","max-snippet":"max-snippet:-1","max-image-preview":"max-image-preview:large","max-video-preview":"max-video-preview:-1"},"canonical":"https:\/\/dodo-inflatables.com\/lt\/produktas\/itampos-monitorius-itampos-valdiklis-pripuciamiems-batuutams-huawei-se-s02\/","twitter_misc":{"Est. reading time":"1 minut\u0117"},"schema":{"@context":"https:\/\/schema.org","@graph":[{"@type":"WebPage","@id":"https:\/\/dodo-inflatables.com\/lt\/produktas\/itampos-monitorius-itampos-valdiklis-pripuciamiems-batuutams-huawei-se-s02\/","url":"https:\/\/dodo-inflatables.com\/lt\/produktas\/itampos-monitorius-itampos-valdiklis-pripuciamiems-batuutams-huawei-se-s02\/","name":"\u012etampos monitorius \/ \u012ftampos valdiklis pripu\u010diamiems batuutams \u2013 Huawei SE-S02 | Dodo Inflatables","isPartOf":{"@id":"https:\/\/dodo-inflatables.com\/lt\/#website"},"primaryImageOfPage":{"@id":"https:\/\/dodo-inflatables.com\/lt\/produktas\/itampos-monitorius-itampos-valdiklis-pripuciamiems-batuutams-huawei-se-s02\/#primaryimage"},"image":{"@id":"https:\/\/dodo-inflatables.com\/lt\/produktas\/itampos-monitorius-itampos-valdiklis-pripuciamiems-batuutams-huawei-se-s02\/#primaryimage"},"thumbnailUrl":"https:\/\/dodo-inflatables.com\/wp-content\/uploads\/2026\/04\/Spannungswaechter-fur-Huepfburgen-Geblaese.jpg","datePublished":"2026-04-04T11:54:45+00:00","description":"Huawei SE-S02 \u012ftampos monitorius pripu\u010diamiems batuutams \u2013 \u012ftampos diapazonas 150\u2013275 V, du lizdai iki 3200 W bendros galios, vizualiniai ir akustiniai \u012fsp\u0117jimai, ugniai ir vandeniui atsparus.","breadcrumb":{"@id":"https:\/\/dodo-inflatables.com\/lt\/produktas\/itampos-monitorius-itampos-valdiklis-pripuciamiems-batuutams-huawei-se-s02\/#breadcrumb"},"inLanguage":"lt-LT","potentialAction":[{"@type":"ReadAction","target":["https:\/\/dodo-inflatables.com\/lt\/produktas\/itampos-monitorius-itampos-valdiklis-pripuciamiems-batuutams-huawei-se-s02\/"]}]},{"@type":"ImageObject","inLanguage":"lt-LT","@id":"https:\/\/dodo-inflatables.com\/lt\/produktas\/itampos-monitorius-itampos-valdiklis-pripuciamiems-batuutams-huawei-se-s02\/#primaryimage","url":"https:\/\/dodo-inflatables.com\/wp-content\/uploads\/2026\/04\/Spannungswaechter-fur-Huepfburgen-Geblaese.jpg","contentUrl":"https:\/\/dodo-inflatables.com\/wp-content\/uploads\/2026\/04\/Spannungswaechter-fur-Huepfburgen-Geblaese.jpg","width":700,"height":700,"caption":"\u012etampos monitorius \/ \u012ftampos valdiklis pripu\u010diamiems batuutams \u2013 Huawei SE-S02 | Dodo Inflatables"},{"@type":"BreadcrumbList","@id":"https:\/\/dodo-inflatables.com\/lt\/produktas\/itampos-monitorius-itampos-valdiklis-pripuciamiems-batuutams-huawei-se-s02\/#breadcrumb","itemListElement":[{"@type":"ListItem","position":1,"name":"Home","item":"https:\/\/dodo-inflatables.com\/lt\/"},{"@type":"ListItem","position":2,"name":"Parduotuv\u0117","item":"https:\/\/dodo-inflatables.com\/lt\/parduotuve\/"},{"@type":"ListItem","position":3,"name":"\u012etampos monitorius \/ \u012ftampos valdiklis pripu\u010diamiems batuutams \u2013 Huawei SE-S02"}]},{"@type":"WebSite","@id":"https:\/\/dodo-inflatables.com\/lt\/#website","url":"https:\/\/dodo-inflatables.com\/lt\/","name":"dodo-inflatables.com","description":"\u012esigykite \u0161okin\u0117jan\u010di\u0173 pili\u0173 ir atrakcion\u0173 m\u016bs\u0173 parduotuv\u0117je.","potentialAction":[{"@type":"SearchAction","target":{"@type":"EntryPoint","urlTemplate":"https:\/\/dodo-inflatables.com\/lt\/?s={search_term_string}"},"query-input":{"@type":"PropertyValueSpecification","valueRequired":true,"valueName":"search_term_string"}}],"inLanguage":"lt-LT"}]}},"uagb_featured_image_src":{"full":["https:\/\/dodo-inflatables.com\/wp-content\/uploads\/2026\/04\/Spannungswaechter-fur-Huepfburgen-Geblaese.jpg",700,700,false],"thumbnail":["https:\/\/dodo-inflatables.com\/wp-content\/uploads\/2026\/04\/Spannungswaechter-fur-Huepfburgen-Geblaese-150x150.jpg",150,150,true],"medium":["https:\/\/dodo-inflatables.com\/wp-content\/uploads\/2026\/04\/Spannungswaechter-fur-Huepfburgen-Geblaese-300x300.jpg",300,300,true],"medium_large":["https:\/\/dodo-inflatables.com\/wp-content\/uploads\/2026\/04\/Spannungswaechter-fur-Huepfburgen-Geblaese.jpg",700,700,false],"large":["https:\/\/dodo-inflatables.com\/wp-content\/uploads\/2026\/04\/Spannungswaechter-fur-Huepfburgen-Geblaese.jpg",700,700,false],"1536x1536":["https:\/\/dodo-inflatables.com\/wp-content\/uploads\/2026\/04\/Spannungswaechter-fur-Huepfburgen-Geblaese.jpg",700,700,false],"2048x2048":["https:\/\/dodo-inflatables.com\/wp-content\/uploads\/2026\/04\/Spannungswaechter-fur-Huepfburgen-Geblaese.jpg",700,700,false],"woocommerce_thumbnail":["https:\/\/dodo-inflatables.com\/wp-content\/uploads\/2026\/04\/Spannungswaechter-fur-Huepfburgen-Geblaese.jpg",700,700,false],"woocommerce_single":["https:\/\/dodo-inflatables.com\/wp-content\/uploads\/2026\/04\/Spannungswaechter-fur-Huepfburgen-Geblaese.jpg",700,700,false],"woocommerce_gallery_thumbnail":["https:\/\/dodo-inflatables.com\/wp-content\/uploads\/2026\/04\/Spannungswaechter-fur-Huepfburgen-Geblaese-100x100.jpg",100,100,true]},"uagb_author_info":{"display_name":"Andreas","author_link":"https:\/\/dodo-inflatables.com\/lt\/author\/"},"uagb_comment_info":0,"uagb_excerpt":"Matmenys (P \u00d7 G \u00d7 A): apie 155 \u00d7 113 \u00d7 85 mm \u012etampos diapazonas: 150\u2013275 V Lizdo galia (vienas): 2200 W Bendra lizdo galia: 3200 W","_links":{"self":[{"href":"https:\/\/dodo-inflatables.com\/lt\/wp-json\/wp\/v2\/product\/106013","targetHints":{"allow":["GET"]}}],"collection":[{"href":"https:\/\/dodo-inflatables.com\/lt\/wp-json\/wp\/v2\/product"}],"about":[{"href":"https:\/\/dodo-inflatables.com\/lt\/wp-json\/wp\/v2\/types\/product"}],"replies":[{"embeddable":true,"href":"https:\/\/dodo-inflatables.com\/lt\/wp-json\/wp\/v2\/comments?post=106013"}],"wp:featuredmedia":[{"embeddable":true,"href":"https:\/\/dodo-inflatables.com\/lt\/wp-json\/wp\/v2\/media\/106012"}],"wp:attachment":[{"href":"https:\/\/dodo-inflatables.com\/lt\/wp-json\/wp\/v2\/media?parent=106013"}],"wp:term":[{"taxonomy":"product_brand","embeddable":true,"href":"https:\/\/dodo-inflatables.com\/lt\/wp-json\/wp\/v2\/product_brand?post=106013"},{"taxonomy":"product_cat","embeddable":true,"href":"https:\/\/dodo-inflatables.com\/lt\/wp-json\/wp\/v2\/product_cat?post=106013"},{"taxonomy":"product_tag","embeddable":true,"href":"https:\/\/dodo-inflatables.com\/lt\/wp-json\/wp\/v2\/product_tag?post=106013"}],"curies":[{"name":"wp","href":"https:\/\/api.w.org\/{rel}","templated":true}]}}