{"id":12791,"date":"2018-03-19T11:16:32","date_gmt":"2018-03-19T10:16:32","guid":{"rendered":"https:\/\/dodo-inflatables.com\/product\/velcro-futbolo-kamuolys-futbolo-smiginio-kamuoliukui\/"},"modified":"2026-04-25T19:09:12","modified_gmt":"2026-04-25T17:09:12","slug":"velcro-futbolo-kamuolys-futbolo-smiginio-kamuoliukui","status":"publish","type":"product","link":"https:\/\/dodo-inflatables.com\/lt\/produktas\/velcro-futbolo-kamuolys-futbolo-smiginio-kamuoliukui\/","title":{"rendered":"Velcro kamuolys Football Darts \u017eaidimui"},"content":{"rendered":"<h2><strong>Velcro kamuolys \u2013 Puikus j\u016bs\u0173 Football Darts \u017eaidimui!<\/strong><\/h2>\n<p>\u017dinote problem\u0105: jau po keli\u0173 \u017eaidim\u0173 standartiniai velcro kamuoliai palieka erzinan\u010dius p\u016bkelius ant velcro taikinio? Ne su m\u016bs\u0173 profesionaliu velcro futbolo kamuoliu! D\u0117l trumpesni\u0173 pluo\u0161t\u0173 velcro taikinys ilgiau i\u0161lieka \u0161varus neprarandant sukibimo.<br \/>\nNepaisant auk\u0161tos kokyb\u0117s, velcro kamuoliai yra <em>eksploatacin\u0117s med\u017eiagos<\/em> ir tur\u0117t\u0173 b\u016bti kei\u010diami po ma\u017edaug 1\u20134 naudojim\u0173, priklausomai nuo naudojimo intensyvumo.<br \/>\n<strong>Produkto detal\u0117s:<\/strong><br \/>\n\u26bd <em>Optimizuotas velcro pavir\u0161ius<\/em> \u2013 Joki\u0173 erzinan\u010di\u0173 p\u016bkeli\u0173, geresnis sukibimas!<br \/>\n\u26bd <em>Skersmuo: 21 cm<\/em><br \/>\n\u26bd <em>Spalvos: juoda, geltona, raudona (spalva parinkta atsitiktinai)<\/em><br \/>\n\u26bd <em>Kaina taikoma vienam kamuoliui<\/em><br \/>\nU\u017esisakykite savo pirm\u0105 velcro kamuol\u012f dabar ir m\u0117gaukit\u0117s auk\u0161\u010diausia \u017eaidimo kokybe su Football Darts!<\/p>\n","protected":false},"excerpt":{"rendered":"<ul>\n<li>Profesionalus velcro kamuolys su trumpesniais pluo\u0161tais ma\u017eiau p\u016bkeli\u0173 ant taikinio<\/li>\n<li>Optimizuotas velcro pavir\u0161ius geresniam sukibimui ir ilgesniam tarnavimo laikui<\/li>\n<li>Skersmuo: 21 cm | Spalvos: juoda, geltona, raudona (atsitiktin\u0117 spalva)<\/li>\n<li>Kaina taikoma vienam kamuoliui<\/li>\n<\/ul>\n","protected":false},"featured_media":12794,"comment_status":"open","ping_status":"closed","template":"","meta":{"_acf_changed":false,"_uag_custom_page_level_css":"","site-sidebar-layout":"default","site-content-layout":"boxed-container","ast-site-content-layout":"normal-width-container","site-content-style":"boxed","site-sidebar-style":"boxed","ast-global-header-display":"","ast-banner-title-visibility":"","ast-main-header-display":"","ast-hfb-above-header-display":"","ast-hfb-below-header-display":"","ast-hfb-mobile-header-display":"","site-post-title":"disabled","ast-breadcrumbs-content":"","ast-featured-img":"","footer-sml-layout":"","ast-disable-related-posts":"","theme-transparent-header-meta":"default","adv-header-id-meta":"","stick-header-meta":"default","header-above-stick-meta":"","header-main-stick-meta":"","header-below-stick-meta":"","astra-migrate-meta-layouts":"default","ast-page-background-enabled":"default","ast-page-background-meta":{"desktop":{"background-color":"var(--ast-global-color-4)","background-image":"","background-repeat":"repeat","background-position":"center center","background-size":"auto","background-attachment":"scroll","background-type":"","background-media":"","overlay-type":"","overlay-color":"","overlay-opacity":"","overlay-gradient":""},"tablet":{"background-color":"","background-image":"","background-repeat":"repeat","background-position":"center center","background-size":"auto","background-attachment":"scroll","background-type":"","background-media":"","overlay-type":"","overlay-color":"","overlay-opacity":"","overlay-gradient":""},"mobile":{"background-color":"","background-image":"","background-repeat":"repeat","background-position":"center center","background-size":"auto","background-attachment":"scroll","background-type":"","background-media":"","overlay-type":"","overlay-color":"","overlay-opacity":"","overlay-gradient":""}},"ast-content-background-meta":{"desktop":{"background-color":"var(--ast-global-color-5)","background-image":"","background-repeat":"repeat","background-position":"center center","background-size":"auto","background-attachment":"scroll","background-type":"","background-media":"","overlay-type":"","overlay-color":"","overlay-opacity":"","overlay-gradient":""},"tablet":{"background-color":"var(--ast-global-color-5)","background-image":"","background-repeat":"repeat","background-position":"center center","background-size":"auto","background-attachment":"scroll","background-type":"","background-media":"","overlay-type":"","overlay-color":"","overlay-opacity":"","overlay-gradient":""},"mobile":{"background-color":"var(--ast-global-color-5)","background-image":"","background-repeat":"repeat","background-position":"center center","background-size":"auto","background-attachment":"scroll","background-type":"","background-media":"","overlay-type":"","overlay-color":"","overlay-opacity":"","overlay-gradient":""}}},"product_brand":[],"product_cat":[1162],"product_tag":[],"class_list":{"0":"post-12791","1":"product","2":"type-product","3":"status-publish","4":"has-post-thumbnail","6":"product_cat-priedai","7":"product_shipping_class-zubehor-lt","8":"pa_gtin-0669145336629-lt","9":"desktop-align-center","10":"tablet-align-center","11":"mobile-align-center","12":"ast-product-gallery-layout-horizontal","13":"ast-product-gallery-with-no-image","14":"ast-product-tabs-layout-horizontal","16":"first","17":"instock","18":"taxable","19":"shipping-taxable","20":"purchasable","21":"product-type-simple"},"acf":[],"yoast_head":"<!-- This site is optimized with the Yoast SEO plugin v27.5 - https:\/\/yoast.com\/product\/yoast-seo-wordpress\/ -->\n<title>Pirkti Velcro futbolo kamuol\u012f futbolo smiginio var\u017eyboms | Dodo-Inflatables.com<\/title>\n<meta name=\"description\" content=\"Auk\u0161tos kokyb\u0117s ir patvar\u016bs futbolo kamuoliai su velcro u\u017etrauktukais, skirti futbolo smiginio kamuoliams, parduodami tiesiogiai internetu Dodo-Inflatables.com | Didelis pasirinkimas sand\u0117lyje | Sertifikuoti pagal EN14960 |\" \/>\n<meta name=\"robots\" content=\"index, follow, max-snippet:-1, max-image-preview:large, max-video-preview:-1\" \/>\n<link rel=\"canonical\" href=\"https:\/\/dodo-inflatables.com\/lt\/produktas\/velcro-futbolo-kamuolys-futbolo-smiginio-kamuoliukui\/\" \/>\n<meta name=\"twitter:label1\" content=\"Est. reading time\" \/>\n\t<meta name=\"twitter:data1\" content=\"1 minut\u0117\" \/>\n<script type=\"application\/ld+json\" class=\"yoast-schema-graph\">{\"@context\":\"https:\\\/\\\/schema.org\",\"@graph\":[{\"@type\":\"WebPage\",\"@id\":\"https:\\\/\\\/dodo-inflatables.com\\\/lt\\\/produktas\\\/velcro-futbolo-kamuolys-futbolo-smiginio-kamuoliukui\\\/\",\"url\":\"https:\\\/\\\/dodo-inflatables.com\\\/lt\\\/produktas\\\/velcro-futbolo-kamuolys-futbolo-smiginio-kamuoliukui\\\/\",\"name\":\"Pirkti Velcro futbolo kamuol\u012f futbolo smiginio var\u017eyboms | Dodo-Inflatables.com\",\"isPartOf\":{\"@id\":\"https:\\\/\\\/dodo-inflatables.com\\\/lt\\\/#website\"},\"primaryImageOfPage\":{\"@id\":\"https:\\\/\\\/dodo-inflatables.com\\\/lt\\\/produktas\\\/velcro-futbolo-kamuolys-futbolo-smiginio-kamuoliukui\\\/#primaryimage\"},\"image\":{\"@id\":\"https:\\\/\\\/dodo-inflatables.com\\\/lt\\\/produktas\\\/velcro-futbolo-kamuolys-futbolo-smiginio-kamuoliukui\\\/#primaryimage\"},\"thumbnailUrl\":\"https:\\\/\\\/dodo-inflatables.com\\\/wp-content\\\/uploads\\\/2018\\\/03\\\/klett-fussbaelle-fuer-fussball-dart-500-1.png\",\"datePublished\":\"2018-03-19T10:16:32+00:00\",\"dateModified\":\"2026-04-25T17:09:12+00:00\",\"description\":\"Auk\u0161tos kokyb\u0117s ir patvar\u016bs futbolo kamuoliai su velcro u\u017etrauktukais, skirti futbolo smiginio kamuoliams, parduodami tiesiogiai internetu Dodo-Inflatables.com | Didelis pasirinkimas sand\u0117lyje | Sertifikuoti pagal EN14960 |\",\"breadcrumb\":{\"@id\":\"https:\\\/\\\/dodo-inflatables.com\\\/lt\\\/produktas\\\/velcro-futbolo-kamuolys-futbolo-smiginio-kamuoliukui\\\/#breadcrumb\"},\"inLanguage\":\"lt-LT\",\"potentialAction\":[{\"@type\":\"ReadAction\",\"target\":[\"https:\\\/\\\/dodo-inflatables.com\\\/lt\\\/produktas\\\/velcro-futbolo-kamuolys-futbolo-smiginio-kamuoliukui\\\/\"]}]},{\"@type\":\"ImageObject\",\"inLanguage\":\"lt-LT\",\"@id\":\"https:\\\/\\\/dodo-inflatables.com\\\/lt\\\/produktas\\\/velcro-futbolo-kamuolys-futbolo-smiginio-kamuoliukui\\\/#primaryimage\",\"url\":\"https:\\\/\\\/dodo-inflatables.com\\\/wp-content\\\/uploads\\\/2018\\\/03\\\/klett-fussbaelle-fuer-fussball-dart-500-1.png\",\"contentUrl\":\"https:\\\/\\\/dodo-inflatables.com\\\/wp-content\\\/uploads\\\/2018\\\/03\\\/klett-fussbaelle-fuer-fussball-dart-500-1.png\",\"width\":500,\"height\":500},{\"@type\":\"BreadcrumbList\",\"@id\":\"https:\\\/\\\/dodo-inflatables.com\\\/lt\\\/produktas\\\/velcro-futbolo-kamuolys-futbolo-smiginio-kamuoliukui\\\/#breadcrumb\",\"itemListElement\":[{\"@type\":\"ListItem\",\"position\":1,\"name\":\"Home\",\"item\":\"https:\\\/\\\/dodo-inflatables.com\\\/lt\\\/\"},{\"@type\":\"ListItem\",\"position\":2,\"name\":\"Parduotuv\u0117\",\"item\":\"https:\\\/\\\/dodo-inflatables.com\\\/lt\\\/parduotuve\\\/\"},{\"@type\":\"ListItem\",\"position\":3,\"name\":\"Velcro futbolo kamuolys futbolo smiginio kamuoliukui\"}]},{\"@type\":\"WebSite\",\"@id\":\"https:\\\/\\\/dodo-inflatables.com\\\/lt\\\/#website\",\"url\":\"https:\\\/\\\/dodo-inflatables.com\\\/lt\\\/\",\"name\":\"dodo-inflatables.com\",\"description\":\"\u012esigykite \u0161okin\u0117jan\u010di\u0173 pili\u0173 ir atrakcion\u0173 m\u016bs\u0173 parduotuv\u0117je.\",\"potentialAction\":[{\"@type\":\"SearchAction\",\"target\":{\"@type\":\"EntryPoint\",\"urlTemplate\":\"https:\\\/\\\/dodo-inflatables.com\\\/lt\\\/?s={search_term_string}\"},\"query-input\":{\"@type\":\"PropertyValueSpecification\",\"valueRequired\":true,\"valueName\":\"search_term_string\"}}],\"inLanguage\":\"lt-LT\"}]}<\/script>\n<!-- \/ Yoast SEO plugin. -->","yoast_head_json":{"title":"Pirkti Velcro futbolo kamuol\u012f futbolo smiginio var\u017eyboms | Dodo-Inflatables.com","description":"Auk\u0161tos kokyb\u0117s ir patvar\u016bs futbolo kamuoliai su velcro u\u017etrauktukais, skirti futbolo smiginio kamuoliams, parduodami tiesiogiai internetu Dodo-Inflatables.com | Didelis pasirinkimas sand\u0117lyje | Sertifikuoti pagal EN14960 |","robots":{"index":"index","follow":"follow","max-snippet":"max-snippet:-1","max-image-preview":"max-image-preview:large","max-video-preview":"max-video-preview:-1"},"canonical":"https:\/\/dodo-inflatables.com\/lt\/produktas\/velcro-futbolo-kamuolys-futbolo-smiginio-kamuoliukui\/","twitter_misc":{"Est. reading time":"1 minut\u0117"},"schema":{"@context":"https:\/\/schema.org","@graph":[{"@type":"WebPage","@id":"https:\/\/dodo-inflatables.com\/lt\/produktas\/velcro-futbolo-kamuolys-futbolo-smiginio-kamuoliukui\/","url":"https:\/\/dodo-inflatables.com\/lt\/produktas\/velcro-futbolo-kamuolys-futbolo-smiginio-kamuoliukui\/","name":"Pirkti Velcro futbolo kamuol\u012f futbolo smiginio var\u017eyboms | Dodo-Inflatables.com","isPartOf":{"@id":"https:\/\/dodo-inflatables.com\/lt\/#website"},"primaryImageOfPage":{"@id":"https:\/\/dodo-inflatables.com\/lt\/produktas\/velcro-futbolo-kamuolys-futbolo-smiginio-kamuoliukui\/#primaryimage"},"image":{"@id":"https:\/\/dodo-inflatables.com\/lt\/produktas\/velcro-futbolo-kamuolys-futbolo-smiginio-kamuoliukui\/#primaryimage"},"thumbnailUrl":"https:\/\/dodo-inflatables.com\/wp-content\/uploads\/2018\/03\/klett-fussbaelle-fuer-fussball-dart-500-1.png","datePublished":"2018-03-19T10:16:32+00:00","dateModified":"2026-04-25T17:09:12+00:00","description":"Auk\u0161tos kokyb\u0117s ir patvar\u016bs futbolo kamuoliai su velcro u\u017etrauktukais, skirti futbolo smiginio kamuoliams, parduodami tiesiogiai internetu Dodo-Inflatables.com | Didelis pasirinkimas sand\u0117lyje | Sertifikuoti pagal EN14960 |","breadcrumb":{"@id":"https:\/\/dodo-inflatables.com\/lt\/produktas\/velcro-futbolo-kamuolys-futbolo-smiginio-kamuoliukui\/#breadcrumb"},"inLanguage":"lt-LT","potentialAction":[{"@type":"ReadAction","target":["https:\/\/dodo-inflatables.com\/lt\/produktas\/velcro-futbolo-kamuolys-futbolo-smiginio-kamuoliukui\/"]}]},{"@type":"ImageObject","inLanguage":"lt-LT","@id":"https:\/\/dodo-inflatables.com\/lt\/produktas\/velcro-futbolo-kamuolys-futbolo-smiginio-kamuoliukui\/#primaryimage","url":"https:\/\/dodo-inflatables.com\/wp-content\/uploads\/2018\/03\/klett-fussbaelle-fuer-fussball-dart-500-1.png","contentUrl":"https:\/\/dodo-inflatables.com\/wp-content\/uploads\/2018\/03\/klett-fussbaelle-fuer-fussball-dart-500-1.png","width":500,"height":500},{"@type":"BreadcrumbList","@id":"https:\/\/dodo-inflatables.com\/lt\/produktas\/velcro-futbolo-kamuolys-futbolo-smiginio-kamuoliukui\/#breadcrumb","itemListElement":[{"@type":"ListItem","position":1,"name":"Home","item":"https:\/\/dodo-inflatables.com\/lt\/"},{"@type":"ListItem","position":2,"name":"Parduotuv\u0117","item":"https:\/\/dodo-inflatables.com\/lt\/parduotuve\/"},{"@type":"ListItem","position":3,"name":"Velcro futbolo kamuolys futbolo smiginio kamuoliukui"}]},{"@type":"WebSite","@id":"https:\/\/dodo-inflatables.com\/lt\/#website","url":"https:\/\/dodo-inflatables.com\/lt\/","name":"dodo-inflatables.com","description":"\u012esigykite \u0161okin\u0117jan\u010di\u0173 pili\u0173 ir atrakcion\u0173 m\u016bs\u0173 parduotuv\u0117je.","potentialAction":[{"@type":"SearchAction","target":{"@type":"EntryPoint","urlTemplate":"https:\/\/dodo-inflatables.com\/lt\/?s={search_term_string}"},"query-input":{"@type":"PropertyValueSpecification","valueRequired":true,"valueName":"search_term_string"}}],"inLanguage":"lt-LT"}]}},"uagb_featured_image_src":{"full":["https:\/\/dodo-inflatables.com\/wp-content\/uploads\/2018\/03\/klett-fussbaelle-fuer-fussball-dart-500-1.png",500,500,false],"thumbnail":["https:\/\/dodo-inflatables.com\/wp-content\/uploads\/2018\/03\/klett-fussbaelle-fuer-fussball-dart-500-1-150x150.png",150,150,true],"medium":["https:\/\/dodo-inflatables.com\/wp-content\/uploads\/2018\/03\/klett-fussbaelle-fuer-fussball-dart-500-1-300x300.png",300,300,true],"medium_large":["https:\/\/dodo-inflatables.com\/wp-content\/uploads\/2018\/03\/klett-fussbaelle-fuer-fussball-dart-500-1.png",500,500,false],"large":["https:\/\/dodo-inflatables.com\/wp-content\/uploads\/2018\/03\/klett-fussbaelle-fuer-fussball-dart-500-1.png",500,500,false],"1536x1536":["https:\/\/dodo-inflatables.com\/wp-content\/uploads\/2018\/03\/klett-fussbaelle-fuer-fussball-dart-500-1.png",500,500,false],"2048x2048":["https:\/\/dodo-inflatables.com\/wp-content\/uploads\/2018\/03\/klett-fussbaelle-fuer-fussball-dart-500-1.png",500,500,false],"woocommerce_thumbnail":["https:\/\/dodo-inflatables.com\/wp-content\/uploads\/2018\/03\/klett-fussbaelle-fuer-fussball-dart-500-1.png",500,500,false],"woocommerce_single":["https:\/\/dodo-inflatables.com\/wp-content\/uploads\/2018\/03\/klett-fussbaelle-fuer-fussball-dart-500-1.png",500,500,false],"woocommerce_gallery_thumbnail":["https:\/\/dodo-inflatables.com\/wp-content\/uploads\/2018\/03\/klett-fussbaelle-fuer-fussball-dart-500-1-100x100.png",100,100,true]},"uagb_author_info":{"display_name":"Andreas","author_link":"https:\/\/dodo-inflatables.com\/lt\/author\/"},"uagb_comment_info":0,"uagb_excerpt":"Profesionalus velcro kamuolys su trumpesniais pluo\u0161tais ma\u017eiau p\u016bkeli\u0173 ant taikinio Optimizuotas velcro pavir\u0161ius geresniam sukibimui ir ilgesniam tarnavimo laikui Skersmuo: 21 cm | Spalvos: juoda, geltona, raudona (atsitiktin\u0117 spalva) Kaina taikoma vienam kamuoliui","_links":{"self":[{"href":"https:\/\/dodo-inflatables.com\/lt\/wp-json\/wp\/v2\/product\/12791","targetHints":{"allow":["GET"]}}],"collection":[{"href":"https:\/\/dodo-inflatables.com\/lt\/wp-json\/wp\/v2\/product"}],"about":[{"href":"https:\/\/dodo-inflatables.com\/lt\/wp-json\/wp\/v2\/types\/product"}],"replies":[{"embeddable":true,"href":"https:\/\/dodo-inflatables.com\/lt\/wp-json\/wp\/v2\/comments?post=12791"}],"wp:featuredmedia":[{"embeddable":true,"href":"https:\/\/dodo-inflatables.com\/lt\/wp-json\/wp\/v2\/media\/12794"}],"wp:attachment":[{"href":"https:\/\/dodo-inflatables.com\/lt\/wp-json\/wp\/v2\/media?parent=12791"}],"wp:term":[{"taxonomy":"product_brand","embeddable":true,"href":"https:\/\/dodo-inflatables.com\/lt\/wp-json\/wp\/v2\/product_brand?post=12791"},{"taxonomy":"product_cat","embeddable":true,"href":"https:\/\/dodo-inflatables.com\/lt\/wp-json\/wp\/v2\/product_cat?post=12791"},{"taxonomy":"product_tag","embeddable":true,"href":"https:\/\/dodo-inflatables.com\/lt\/wp-json\/wp\/v2\/product_tag?post=12791"}],"curies":[{"name":"wp","href":"https:\/\/api.w.org\/{rel}","templated":true}]}}