{"id":12820,"date":"2018-01-19T16:55:29","date_gmt":"2018-01-19T15:55:29","guid":{"rendered":"https:\/\/dodo-inflatables.com\/product\/supuokliu-pilis-zoo-su-ciuozykla\/"},"modified":"2026-04-17T15:43:15","modified_gmt":"2026-04-17T13:43:15","slug":"supuokliu-pilis-zoo-su-ciuozykla","status":"publish","type":"product","link":"https:\/\/dodo-inflatables.com\/lt\/produktas\/supuokliu-pilis-zoo-su-ciuozykla\/","title":{"rendered":"S\u016bpuokli\u0173 pilis &#8222;Zoo&#8221; su \u010diuo\u017eykla"},"content":{"rendered":"<h2>Pirkti Zoologijos sodo \u0161oklioji pilis su \u010diuo\u017eykla<\/h2>\n<p>Zoologijos sodo \u0161okin\u0117janti pilis ypa\u010d tinka visiems ma\u017eiesiems gyv\u016bn\u0173 myl\u0117tojams. Smagus gyv\u016bn\u0173 dizainas, taip pat viduje esanti \u010diuo\u017eykla ir pripu\u010diama \u017eaidim\u0173 \u012franga yra svarbiausi \u0161ios \u0161okin\u0117jan\u010dios pilies akcentai. Be to, d\u0117l visi\u0161kai aptverto perimetro \u0161i \u0161okin\u0117jimo pilis su \u010diuo\u017eykla yra ypa\u010d saugi jaunesniems lankytojams.<\/p>\n<p>&#8222;Zoo Bouncy Castle&#8221; su \u010diuo\u017eykla yra su tinkamu transportavimo krep\u0161iu ir j\u0105 galima lengvai pastatyti per ma\u017edaug 10 minu\u010di\u0173. Pakuot\u0119 sudaro \u0161okin\u0117janti pilis, transportavimo krep\u0161ys ir remonto rinkinys. Atkreipkite d\u0117mes\u012f, kad p\u016bstuvas ir pagrindo paklotas \u012f komplekt\u0105 ne\u012feina. J\u0173 rasite m\u016bs\u0173 <a href=\"https:\/\/dodo-inflatables.com\/product-category\/accessories\/\">pried\u0173 kategorijoje<\/a>. Abu si\u016blomi p\u016bstuvai<a href=\"https:\/\/dodo-inflatables.com\/product\/huawei-blower\/\">(&#8222;Huawei&#8221;<\/a> ir &#8221; <a href=\"https:\/\/dodo-inflatables.com\/product\/gibbons-blower\/\">Gibbons&#8221;<\/a>) tinka \u0161okin\u0117jan\u010diai piliai.<\/p>\n<p>I\u0161 tvirto PVC brezento (0,55 mm \/ 621,3 g\/kv. m) pagaminta ir pagal DIN EN 14960 sertifikuota &#8222;Zoo Bouncy Castle&#8221; su \u010diuo\u017eykla yra kokybi\u0161kas gaminys, atitinkantis auk\u0161\u010diausius saugos standartus.<\/p>\n<p>Naudokite \u0161okdyn\u0119 tik ant tinkamo <a href=\"https:\/\/dodo-inflatables.com\/product\/ground-sheet-5-x-6-m\/\">pagrindo tento,<\/a> kad apsaugotum\u0117te j\u0105 nuo a\u0161tri\u0173 daikt\u0173, esan\u010di\u0173 ant \u017eem\u0117s, ir nuo trinties. Kad u\u017etikrintum\u0117te maksimal\u0173 saugum\u0105, rekomenduojame \u0161okli\u0105j\u0105 pil\u012f pastatyti \u017eol\u0117toje vietoje ir pritvirtinti j\u0105 m\u016bs\u0173 <a href=\"https:\/\/dodo-inflatables.com\/product\/ground-pegs-bouncy-castle\/\">gruntiniais inkarais<\/a>. Po kiekvieno naudojimo \u0161okli\u0105j\u0105 pil\u012f reikia i\u0161d\u017eiovinti ir tinkamai supakuoti, kad ji b\u016bt\u0173 apsaugota nuo i\u0161orinio poveikio ir transportavimo pa\u017eeidim\u0173.<\/p>\n<h3><strong>I\u0161sami informacija apie &#8222;Zoo&#8221; \u0161okli\u0105j\u0105 pil\u012f su \u010diuo\u017eykla<\/strong><\/h3>\n<ul>\n<li>Matmenys (D x \u0160 x V): 4,50 m x 5,00 m x 4,40 m *<\/li>\n<li>\u0160uoli\u0173 plotas (D x \u0160): 2,80 x 3,60 m *<\/li>\n<li>Skaidr\u0117s auk\u0161tis: 1,40 m plius 60 cm grind\u0173 auk\u0161tis *<\/li>\n<li>Svoris: ma\u017edaug. 130 kg *<\/li>\n<li>Pakuot\u0117s dydis: 80 x 80 x 110 cm *<\/li>\n<li>S\u0105rankos laikas: 10 minu\u010di\u0173<\/li>\n<li>Med\u017eiaga: PVC (0,55 mm \/ 621,3 g\/kv. m)<\/li>\n<li>2-4 kartus susi\u016bti (priklausomai nuo naudojimo)<\/li>\n<li>Ugniai atsparus<\/li>\n<li>Atitikties sertifikatas pagal EN 14960<\/li>\n<li>\u0160okin\u0117jantis pavir\u0161ius su apsaugin\u0117mis juostel\u0117mis, u\u017etrauktukas su velcro u\u017etrauktuku, sutvirtinti kampai<\/li>\n<\/ul>\n<p>\u012e pakuot\u0119 \u012feina: \u0161oklioji pilis, transportavimo krep\u0161ys ir remonto rinkinys.<\/p>\n<p>&#8222;Zoo Bouncy Castle&#8221; su \u010diuo\u017eykla yra profesionalus modulis, pagamintas ir i\u0161bandytas pagal grie\u017etas DIN EN 14960 rekomendacijas, tod\u0117l yra saugus ir patikimas. Tod\u0117l &#8222;Zoo Bouncy Castle&#8221; su \u010diuo\u017eykla puikiai tinka profesionaliai nuomai. Atkreipkite d\u0117mes\u012f, kad \u0161okin\u0117jimo pilyje leid\u017eiama lankytis tik vaikams, suaugusiems &#8211; ne!<\/p>\n<p>Atkreipkite d\u0117mes\u012f, kad ventiliatorius (\u012f komplekt\u0105 ne\u012ftrauktas) turi veikti nuolat, o norint, kad \u0161okin\u0117janti pilis nesprogt\u0173, b\u016btina pro skylutes leisti nedidel\u012f oro sraut\u0105.<\/p>\n<p>\u012esigykite zoologijos sodo \u0161okli\u0105j\u0105 pil\u012f su \u010diuo\u017eykla dabar ir patirkite nepamir\u0161tam\u0173 akimirk\u0173, kupin\u0173 linksmybi\u0173 ir nuotyki\u0173!<\/p>\n<p>* Svoris ir matmenys yra apytiksliai ir gali \u0161iek tiek skirtis.<\/p>\n","protected":false},"excerpt":{"rendered":"<p><i class=\"fa fa-arrows-alt\"><\/i>  Matmenys (D x \u0160 x V): 4,50 m x 5,00 m x 4,40 m*<br \/>\n<i class=\"fa fa-child\"><\/i>  Tinka ma\u017edaug. 10 vaik\u0173 (priklausomai nuo am\u017eiaus ir dyd\u017eio)<br \/>\n<i class=\"fa fa-check\"><\/i>  Profesionalus modulis &#8211; tinka komerciniam ir priva\u010diam naudojimui<\/p>\n<p><i class=\"fa fa-square\"><\/i>  PVC (0,55 mm \/ 621,3 g\/kv. m)<br \/>\n<i class=\"fa fa-align-justify\"><\/i>  2 &#8211; 4 kartus susi\u016bti (priklausomai nuo naudojimo)<br \/>\n<i class=\"fa fa-fire\"><\/i>  Apsauga nuo liepsnos<br \/>\n<i class=\"fa fa-certificate\"><\/i>  Patvirtinimo sertifikatas pagal EN 14960<br \/>\n<i class=\"fas fa-edit\"><\/i>  \u012eskaitant individual\u0173 serijos numer\u012f<\/p>\n","protected":false},"featured_media":71421,"comment_status":"open","ping_status":"closed","template":"","meta":{"_acf_changed":false,"_uag_custom_page_level_css":"","site-sidebar-layout":"default","site-content-layout":"boxed-container","ast-site-content-layout":"normal-width-container","site-content-style":"boxed","site-sidebar-style":"boxed","ast-global-header-display":"","ast-banner-title-visibility":"","ast-main-header-display":"","ast-hfb-above-header-display":"","ast-hfb-below-header-display":"","ast-hfb-mobile-header-display":"","site-post-title":"disabled","ast-breadcrumbs-content":"","ast-featured-img":"","footer-sml-layout":"","ast-disable-related-posts":"","theme-transparent-header-meta":"default","adv-header-id-meta":"","stick-header-meta":"default","header-above-stick-meta":"","header-main-stick-meta":"","header-below-stick-meta":"","astra-migrate-meta-layouts":"default","ast-page-background-enabled":"default","ast-page-background-meta":{"desktop":{"background-color":"var(--ast-global-color-4)","background-image":"","background-repeat":"repeat","background-position":"center center","background-size":"auto","background-attachment":"scroll","background-type":"","background-media":"","overlay-type":"","overlay-color":"","overlay-opacity":"","overlay-gradient":""},"tablet":{"background-color":"","background-image":"","background-repeat":"repeat","background-position":"center center","background-size":"auto","background-attachment":"scroll","background-type":"","background-media":"","overlay-type":"","overlay-color":"","overlay-opacity":"","overlay-gradient":""},"mobile":{"background-color":"","background-image":"","background-repeat":"repeat","background-position":"center center","background-size":"auto","background-attachment":"scroll","background-type":"","background-media":"","overlay-type":"","overlay-color":"","overlay-opacity":"","overlay-gradient":""}},"ast-content-background-meta":{"desktop":{"background-color":"var(--ast-global-color-5)","background-image":"","background-repeat":"repeat","background-position":"center center","background-size":"auto","background-attachment":"scroll","background-type":"","background-media":"","overlay-type":"","overlay-color":"","overlay-opacity":"","overlay-gradient":""},"tablet":{"background-color":"var(--ast-global-color-5)","background-image":"","background-repeat":"repeat","background-position":"center center","background-size":"auto","background-attachment":"scroll","background-type":"","background-media":"","overlay-type":"","overlay-color":"","overlay-opacity":"","overlay-gradient":""},"mobile":{"background-color":"var(--ast-global-color-5)","background-image":"","background-repeat":"repeat","background-position":"center center","background-size":"auto","background-attachment":"scroll","background-type":"","background-media":"","overlay-type":"","overlay-color":"","overlay-opacity":"","overlay-gradient":""}}},"product_brand":[],"product_cat":[6878,6929,6963,6980],"product_tag":[7415,7142,7188,7212],"class_list":{"0":"post-12820","1":"product","2":"type-product","3":"status-publish","4":"has-post-thumbnail","6":"product_cat-visi-pripuciami-batutai","7":"product_cat-pripuciami-batutai-berniukams-ir-mergaitems","8":"product_cat-pripuciami-batutai-su-ciuozykla","9":"product_cat-pripuciami-batutai-su-ciuozykla-2","10":"product_tag-typ-k","11":"product_tag-geblase-1-5ps","12":"product_tag-mit-rutsche","13":"product_tag-tuv","14":"product_shipping_class-spedition-hupfburg-lt","15":"pa_gtin-0669145334052-lt","16":"pa_height-410-m-450-m-lt-2","17":"pa_height-of-the-slide-110-m-150-m-lt","18":"pa_length-460-m-500-m-lt","19":"pa_type-of-bouncy-castle-bouncy-castle-with-slide-lt","20":"pa_width-460-m-500-m-lt-2","21":"desktop-align-center","22":"tablet-align-center","23":"mobile-align-center","24":"ast-product-gallery-layout-horizontal","25":"ast-product-tabs-layout-horizontal","27":"first","28":"instock","29":"taxable","30":"shipping-taxable","31":"purchasable","32":"product-type-simple"},"acf":[],"yoast_head":"<!-- This site is optimized with the Yoast SEO plugin v27.5 - https:\/\/yoast.com\/product\/yoast-seo-wordpress\/ -->\n<title>Zoologijos sodo antpu\u010diamoji pilis su \u010diuo\u017eykla | Dodo-Inflatables.com<\/title>\n<meta name=\"description\" content=\"\u012esigykite m\u016bs\u0173 miel\u0105 zoologijos sodo \u0161okli\u0105j\u0105 pil\u012f su \u010diuo\u017eykla internetu dodo-inflatables | Platus pasirinkimas sand\u0117lyje | Sertifikuota pagal EN14960 | S\u0105\u017einingos kainos\" \/>\n<meta name=\"robots\" content=\"index, follow, max-snippet:-1, max-image-preview:large, max-video-preview:-1\" \/>\n<link rel=\"canonical\" href=\"https:\/\/dodo-inflatables.com\/lt\/produktas\/supuokliu-pilis-zoo-su-ciuozykla\/\" \/>\n<meta name=\"twitter:label1\" content=\"Est. reading time\" \/>\n\t<meta name=\"twitter:data1\" content=\"2 minut\u0117s\" \/>\n<script type=\"application\/ld+json\" class=\"yoast-schema-graph\">{\"@context\":\"https:\\\/\\\/schema.org\",\"@graph\":[{\"@type\":\"WebPage\",\"@id\":\"https:\\\/\\\/dodo-inflatables.com\\\/lt\\\/produktas\\\/supuokliu-pilis-zoo-su-ciuozykla\\\/\",\"url\":\"https:\\\/\\\/dodo-inflatables.com\\\/lt\\\/produktas\\\/supuokliu-pilis-zoo-su-ciuozykla\\\/\",\"name\":\"Zoologijos sodo antpu\u010diamoji pilis su \u010diuo\u017eykla | Dodo-Inflatables.com\",\"isPartOf\":{\"@id\":\"https:\\\/\\\/dodo-inflatables.com\\\/lt\\\/#website\"},\"primaryImageOfPage\":{\"@id\":\"https:\\\/\\\/dodo-inflatables.com\\\/lt\\\/produktas\\\/supuokliu-pilis-zoo-su-ciuozykla\\\/#primaryimage\"},\"image\":{\"@id\":\"https:\\\/\\\/dodo-inflatables.com\\\/lt\\\/produktas\\\/supuokliu-pilis-zoo-su-ciuozykla\\\/#primaryimage\"},\"thumbnailUrl\":\"https:\\\/\\\/dodo-inflatables.com\\\/wp-content\\\/uploads\\\/2018\\\/01\\\/Bouncy-Castle-Zoo-with-Slide10.jpg\",\"datePublished\":\"2018-01-19T15:55:29+00:00\",\"dateModified\":\"2026-04-17T13:43:15+00:00\",\"description\":\"\u012esigykite m\u016bs\u0173 miel\u0105 zoologijos sodo \u0161okli\u0105j\u0105 pil\u012f su \u010diuo\u017eykla internetu dodo-inflatables | Platus pasirinkimas sand\u0117lyje | Sertifikuota pagal EN14960 | S\u0105\u017einingos kainos\",\"breadcrumb\":{\"@id\":\"https:\\\/\\\/dodo-inflatables.com\\\/lt\\\/produktas\\\/supuokliu-pilis-zoo-su-ciuozykla\\\/#breadcrumb\"},\"inLanguage\":\"lt-LT\",\"potentialAction\":[{\"@type\":\"ReadAction\",\"target\":[\"https:\\\/\\\/dodo-inflatables.com\\\/lt\\\/produktas\\\/supuokliu-pilis-zoo-su-ciuozykla\\\/\"]}]},{\"@type\":\"ImageObject\",\"inLanguage\":\"lt-LT\",\"@id\":\"https:\\\/\\\/dodo-inflatables.com\\\/lt\\\/produktas\\\/supuokliu-pilis-zoo-su-ciuozykla\\\/#primaryimage\",\"url\":\"https:\\\/\\\/dodo-inflatables.com\\\/wp-content\\\/uploads\\\/2018\\\/01\\\/Bouncy-Castle-Zoo-with-Slide10.jpg\",\"contentUrl\":\"https:\\\/\\\/dodo-inflatables.com\\\/wp-content\\\/uploads\\\/2018\\\/01\\\/Bouncy-Castle-Zoo-with-Slide10.jpg\",\"width\":1000,\"height\":1000},{\"@type\":\"BreadcrumbList\",\"@id\":\"https:\\\/\\\/dodo-inflatables.com\\\/lt\\\/produktas\\\/supuokliu-pilis-zoo-su-ciuozykla\\\/#breadcrumb\",\"itemListElement\":[{\"@type\":\"ListItem\",\"position\":1,\"name\":\"Home\",\"item\":\"https:\\\/\\\/dodo-inflatables.com\\\/lt\\\/\"},{\"@type\":\"ListItem\",\"position\":2,\"name\":\"Parduotuv\u0117\",\"item\":\"https:\\\/\\\/dodo-inflatables.com\\\/lt\\\/parduotuve\\\/\"},{\"@type\":\"ListItem\",\"position\":3,\"name\":\"S\u016bpuokli\u0173 pilis &#8220;Zoo&#8221; su \u010diuo\u017eykla\"}]},{\"@type\":\"WebSite\",\"@id\":\"https:\\\/\\\/dodo-inflatables.com\\\/lt\\\/#website\",\"url\":\"https:\\\/\\\/dodo-inflatables.com\\\/lt\\\/\",\"name\":\"dodo-inflatables.com\",\"description\":\"\u012esigykite \u0161okin\u0117jan\u010di\u0173 pili\u0173 ir atrakcion\u0173 m\u016bs\u0173 parduotuv\u0117je.\",\"potentialAction\":[{\"@type\":\"SearchAction\",\"target\":{\"@type\":\"EntryPoint\",\"urlTemplate\":\"https:\\\/\\\/dodo-inflatables.com\\\/lt\\\/?s={search_term_string}\"},\"query-input\":{\"@type\":\"PropertyValueSpecification\",\"valueRequired\":true,\"valueName\":\"search_term_string\"}}],\"inLanguage\":\"lt-LT\"}]}<\/script>\n<!-- \/ Yoast SEO plugin. -->","yoast_head_json":{"title":"Zoologijos sodo antpu\u010diamoji pilis su \u010diuo\u017eykla | Dodo-Inflatables.com","description":"\u012esigykite m\u016bs\u0173 miel\u0105 zoologijos sodo \u0161okli\u0105j\u0105 pil\u012f su \u010diuo\u017eykla internetu dodo-inflatables | Platus pasirinkimas sand\u0117lyje | Sertifikuota pagal EN14960 | S\u0105\u017einingos kainos","robots":{"index":"index","follow":"follow","max-snippet":"max-snippet:-1","max-image-preview":"max-image-preview:large","max-video-preview":"max-video-preview:-1"},"canonical":"https:\/\/dodo-inflatables.com\/lt\/produktas\/supuokliu-pilis-zoo-su-ciuozykla\/","twitter_misc":{"Est. reading time":"2 minut\u0117s"},"schema":{"@context":"https:\/\/schema.org","@graph":[{"@type":"WebPage","@id":"https:\/\/dodo-inflatables.com\/lt\/produktas\/supuokliu-pilis-zoo-su-ciuozykla\/","url":"https:\/\/dodo-inflatables.com\/lt\/produktas\/supuokliu-pilis-zoo-su-ciuozykla\/","name":"Zoologijos sodo antpu\u010diamoji pilis su \u010diuo\u017eykla | Dodo-Inflatables.com","isPartOf":{"@id":"https:\/\/dodo-inflatables.com\/lt\/#website"},"primaryImageOfPage":{"@id":"https:\/\/dodo-inflatables.com\/lt\/produktas\/supuokliu-pilis-zoo-su-ciuozykla\/#primaryimage"},"image":{"@id":"https:\/\/dodo-inflatables.com\/lt\/produktas\/supuokliu-pilis-zoo-su-ciuozykla\/#primaryimage"},"thumbnailUrl":"https:\/\/dodo-inflatables.com\/wp-content\/uploads\/2018\/01\/Bouncy-Castle-Zoo-with-Slide10.jpg","datePublished":"2018-01-19T15:55:29+00:00","dateModified":"2026-04-17T13:43:15+00:00","description":"\u012esigykite m\u016bs\u0173 miel\u0105 zoologijos sodo \u0161okli\u0105j\u0105 pil\u012f su \u010diuo\u017eykla internetu dodo-inflatables | Platus pasirinkimas sand\u0117lyje | Sertifikuota pagal EN14960 | S\u0105\u017einingos kainos","breadcrumb":{"@id":"https:\/\/dodo-inflatables.com\/lt\/produktas\/supuokliu-pilis-zoo-su-ciuozykla\/#breadcrumb"},"inLanguage":"lt-LT","potentialAction":[{"@type":"ReadAction","target":["https:\/\/dodo-inflatables.com\/lt\/produktas\/supuokliu-pilis-zoo-su-ciuozykla\/"]}]},{"@type":"ImageObject","inLanguage":"lt-LT","@id":"https:\/\/dodo-inflatables.com\/lt\/produktas\/supuokliu-pilis-zoo-su-ciuozykla\/#primaryimage","url":"https:\/\/dodo-inflatables.com\/wp-content\/uploads\/2018\/01\/Bouncy-Castle-Zoo-with-Slide10.jpg","contentUrl":"https:\/\/dodo-inflatables.com\/wp-content\/uploads\/2018\/01\/Bouncy-Castle-Zoo-with-Slide10.jpg","width":1000,"height":1000},{"@type":"BreadcrumbList","@id":"https:\/\/dodo-inflatables.com\/lt\/produktas\/supuokliu-pilis-zoo-su-ciuozykla\/#breadcrumb","itemListElement":[{"@type":"ListItem","position":1,"name":"Home","item":"https:\/\/dodo-inflatables.com\/lt\/"},{"@type":"ListItem","position":2,"name":"Parduotuv\u0117","item":"https:\/\/dodo-inflatables.com\/lt\/parduotuve\/"},{"@type":"ListItem","position":3,"name":"S\u016bpuokli\u0173 pilis &#8220;Zoo&#8221; su \u010diuo\u017eykla"}]},{"@type":"WebSite","@id":"https:\/\/dodo-inflatables.com\/lt\/#website","url":"https:\/\/dodo-inflatables.com\/lt\/","name":"dodo-inflatables.com","description":"\u012esigykite \u0161okin\u0117jan\u010di\u0173 pili\u0173 ir atrakcion\u0173 m\u016bs\u0173 parduotuv\u0117je.","potentialAction":[{"@type":"SearchAction","target":{"@type":"EntryPoint","urlTemplate":"https:\/\/dodo-inflatables.com\/lt\/?s={search_term_string}"},"query-input":{"@type":"PropertyValueSpecification","valueRequired":true,"valueName":"search_term_string"}}],"inLanguage":"lt-LT"}]}},"uagb_featured_image_src":{"full":["https:\/\/dodo-inflatables.com\/wp-content\/uploads\/2018\/01\/Bouncy-Castle-Zoo-with-Slide10.jpg",1000,1000,false],"thumbnail":["https:\/\/dodo-inflatables.com\/wp-content\/uploads\/2018\/01\/Bouncy-Castle-Zoo-with-Slide10-150x150.jpg",150,150,true],"medium":["https:\/\/dodo-inflatables.com\/wp-content\/uploads\/2018\/01\/Bouncy-Castle-Zoo-with-Slide10-300x300.jpg",300,300,true],"medium_large":["https:\/\/dodo-inflatables.com\/wp-content\/uploads\/2018\/01\/Bouncy-Castle-Zoo-with-Slide10-768x768.jpg",768,768,true],"large":["https:\/\/dodo-inflatables.com\/wp-content\/uploads\/2018\/01\/Bouncy-Castle-Zoo-with-Slide10.jpg",1000,1000,false],"1536x1536":["https:\/\/dodo-inflatables.com\/wp-content\/uploads\/2018\/01\/Bouncy-Castle-Zoo-with-Slide10.jpg",1000,1000,false],"2048x2048":["https:\/\/dodo-inflatables.com\/wp-content\/uploads\/2018\/01\/Bouncy-Castle-Zoo-with-Slide10.jpg",1000,1000,false],"woocommerce_thumbnail":["https:\/\/dodo-inflatables.com\/wp-content\/uploads\/2018\/01\/Bouncy-Castle-Zoo-with-Slide10-900x900.jpg",900,900,true],"woocommerce_single":["https:\/\/dodo-inflatables.com\/wp-content\/uploads\/2018\/01\/Bouncy-Castle-Zoo-with-Slide10-900x900.jpg",900,900,true],"woocommerce_gallery_thumbnail":["https:\/\/dodo-inflatables.com\/wp-content\/uploads\/2018\/01\/Bouncy-Castle-Zoo-with-Slide10-100x100.jpg",100,100,true]},"uagb_author_info":{"display_name":"Andreas","author_link":"https:\/\/dodo-inflatables.com\/lt\/author\/"},"uagb_comment_info":0,"uagb_excerpt":"Matmenys (D x \u0160 x V): 4,50 m x 5,00 m x 4,40 m* Tinka ma\u017edaug. 10 vaik\u0173 (priklausomai nuo am\u017eiaus ir dyd\u017eio) Profesionalus modulis - tinka komerciniam ir priva\u010diam naudojimui PVC (0,55 mm \/ 621,3 g\/kv. m) 2 - 4 kartus susi\u016bti (priklausomai nuo naudojimo) Apsauga nuo liepsnos Patvirtinimo sertifikatas pagal EN 14960 \u012eskaitant&hellip;","_links":{"self":[{"href":"https:\/\/dodo-inflatables.com\/lt\/wp-json\/wp\/v2\/product\/12820","targetHints":{"allow":["GET"]}}],"collection":[{"href":"https:\/\/dodo-inflatables.com\/lt\/wp-json\/wp\/v2\/product"}],"about":[{"href":"https:\/\/dodo-inflatables.com\/lt\/wp-json\/wp\/v2\/types\/product"}],"replies":[{"embeddable":true,"href":"https:\/\/dodo-inflatables.com\/lt\/wp-json\/wp\/v2\/comments?post=12820"}],"wp:featuredmedia":[{"embeddable":true,"href":"https:\/\/dodo-inflatables.com\/lt\/wp-json\/wp\/v2\/media\/71421"}],"wp:attachment":[{"href":"https:\/\/dodo-inflatables.com\/lt\/wp-json\/wp\/v2\/media?parent=12820"}],"wp:term":[{"taxonomy":"product_brand","embeddable":true,"href":"https:\/\/dodo-inflatables.com\/lt\/wp-json\/wp\/v2\/product_brand?post=12820"},{"taxonomy":"product_cat","embeddable":true,"href":"https:\/\/dodo-inflatables.com\/lt\/wp-json\/wp\/v2\/product_cat?post=12820"},{"taxonomy":"product_tag","embeddable":true,"href":"https:\/\/dodo-inflatables.com\/lt\/wp-json\/wp\/v2\/product_tag?post=12820"}],"curies":[{"name":"wp","href":"https:\/\/api.w.org\/{rel}","templated":true}]}}