{"id":12931,"date":"2018-01-19T15:47:49","date_gmt":"2018-01-19T14:47:49","guid":{"rendered":"https:\/\/dodo-inflatables.com\/product\/futbolo-strele\/"},"modified":"2026-02-04T15:43:26","modified_gmt":"2026-02-04T14:43:26","slug":"futbolo-strele","status":"publish","type":"product","link":"https:\/\/dodo-inflatables.com\/lt\/produktas\/futbolo-strele\/","title":{"rendered":"Futbolo str\u0117l\u0117"},"content":{"rendered":"<h2>Pirkti pripu\u010diamas futbolo str\u0117l\u0117<\/h2>\n<p>Futbolo smiginis &#8211; naujausia Anglijos rengini\u0173 tendencija. Futbolo smiginis, dar vadinamas futbolo smiginiu arba p\u0117d\u0173 smiginiu, sujungia \u012fprastus futbolo ir smiginio \u012fg\u016bd\u017eius ir apima \u0161audym\u0105 Velcro futbolo kamuoliais \u012f mil\u017eini\u0161k\u0105 pripu\u010diam\u0105 smiginio lent\u0105.<\/p>\n<p>M\u016bs\u0173 didelis pripu\u010diamas futbolo smiginio \u017eaidimas yra 4,5 m auk\u0161\u010dio, tod\u0117l jis puikiai traukia ak\u012f bet kuriame futbolo renginyje. Leiskite draugams, sve\u010diams, klientams, kolegoms ar \u0161eimos nariams var\u017eytis futbolo smiginio var\u017eybose ir su\u017einokite, kas i\u0161 j\u016bs\u0173 \u0161audo geriausiai. \u017daid\u0117jai paprastai turi tris bandymus, per kuriuos turi pad\u0117ti kamuoliuk\u0105 kuo ar\u010diau taikiklio arba &#8222;nu\u0161auti&#8221; tam tikr\u0105 ta\u0161k\u0173 skai\u010di\u0173. Jus palaikys ne tik komandos draugai, bet ir \u017ei\u016brovai.<\/p>\n<p>Futbolo smigin\u012f galima \u017eaisti ant bet kokio pavir\u0161iaus, ant kurio paprastai \u017eaid\u017eiamas futbolas. Prie j\u0173 pridedami reikiami &#8222;Velcro&#8221; futbolo kamuoliai. Jos pagamintos i\u0161 specialaus &#8222;Velcro&#8221;, kuris ypa\u010d gerai prilimpa prie pripu\u010diamos smiginio lentos &#8222;Velcro&#8221;. \u0160iuos specialius <a href=\"https:\/\/dodo-inflatables.com\/product\/velcro-football-for-football-darts\/\">&#8222;Velcro&#8221; futbolo kamuolius<\/a> taip pat galima \u012fsigyti atskirai <a href=\"https:\/\/dodo-inflatables.com\/product-category\/accessories\/\">pried\u0173<\/a> kategorijoje.<\/p>\n<p>&nbsp;<\/p>\n<h4>I\u0161sami informacija apie pripu\u010diam\u0105 futbolo smigin\u012f<\/h4>\n<ul>\n<li>Matmenys (D x \u0160 x V): 4,50 m x 6,20 m x 4,50 m *<\/li>\n<li>Svoris: ma\u017edaug. 95 kg *<\/li>\n<li>Pakuot\u0117s dydis: 100 x 70 x 70 cm *<\/li>\n<li>Surinkimo laikas: 10 minu\u010di\u0173<\/li>\n<li>Med\u017eiaga: 0,55 mm PVC ir &#8222;Velcro<\/li>\n<li>Kei\u010diama &#8222;Velcro&#8221; str\u0117ly\u010di\u0173 lenta<\/li>\n<li>U\u017etrauktukas su &#8222;Velcro&#8221; dangteliu, sutvirtinti kampai, auk\u0161tos kokyb\u0117s &#8222;Velcro<\/li>\n<li>Virv\u0117 kamuoliukams nuimti<\/li>\n<\/ul>\n<p>\u012e pristatymo apimt\u012f \u012feina: Futbolo smiginis ir trys futbolo kamuoliai su auk\u0161tos kokyb\u0117s Velcro dangteliu<\/p>\n<p>P\u016bstuvas ir \u017evyro lak\u0161tas ne\u012ftraukti \u012f komplekt\u0105. J\u0173 rasite pried\u0173 kategorijoje.<\/p>\n<p>Visos m\u016bs\u0173 \u0161okin\u0117jan\u010dios pilys ir pripu\u010diami atrakcionai yra profesional\u016bs moduliai, tinkami profesionaliai nuomai ir naudojimui laisvalaikio parkuose, u\u017edar\u0173 patalp\u0173 \u017eaidim\u0173 aik\u0161tel\u0117se ir pana\u0161iai.<\/p>\n<p><strong>Svarb\u016bs naudojimo nurodymai<\/strong><\/p>\n<p>Naudojimo metu ventiliatorius (\u012f komplekt\u0105 ne\u012ftrauktas) turi veikti nuolat.<br \/>\nNedidelis oro pratek\u0117jimas pro skylutes si\u016bl\u0117se yra normalus rei\u0161kinys.<\/p>\n<p>* Svoris ir matmenys yra apytiksliai ir gali \u0161iek tiek skirtis<\/p>\n","protected":false},"excerpt":{"rendered":"<p><i class=\"fa fa-arrows-alt\"><\/i>  Matmenys (D x \u0160 x V): 4,50 m x 6,20 m x 4,50 m *<br \/>\n<i class=\"fa fa-plus\"><\/i>  \u012e komplekt\u0105 \u012feina trys futbolo kamuoliukai su &#8222;Velcro&#8221; dangteliu, kei\u010diama &#8222;Velcro&#8221; str\u0117lyt\u0117<i class=\"fa fa-check\"><\/i> Profesionalus modulis &#8211; tinka komerciniam ir priva\u010diam naudojimui.<\/p>\n<p><i class=\"fa fa-square\"><\/i>  PVC (0,55 mm \/ 621,3 g\/kv. m) ir &#8222;Velcro<br \/>\n<i class=\"fa fa-align-justify\"><\/i>  2 &#8211; 4 kartus susi\u016bti (priklausomai nuo apkrovos)<br \/>\n<i class=\"fa fa-fire\"><\/i>  Apsauga nuo liepsnos<br \/>\n<i class=\"fas fa-edit\"><\/i>  \u012eskai\u010diuota. individualus serijos numeris<\/p>\n","protected":false},"featured_media":12937,"comment_status":"open","ping_status":"closed","template":"","meta":{"_acf_changed":false,"_uag_custom_page_level_css":"","site-sidebar-layout":"default","site-content-layout":"boxed-container","ast-site-content-layout":"normal-width-container","site-content-style":"boxed","site-sidebar-style":"boxed","ast-global-header-display":"","ast-banner-title-visibility":"","ast-main-header-display":"","ast-hfb-above-header-display":"","ast-hfb-below-header-display":"","ast-hfb-mobile-header-display":"","site-post-title":"disabled","ast-breadcrumbs-content":"","ast-featured-img":"","footer-sml-layout":"","ast-disable-related-posts":"","theme-transparent-header-meta":"default","adv-header-id-meta":"","stick-header-meta":"default","header-above-stick-meta":"","header-main-stick-meta":"","header-below-stick-meta":"","astra-migrate-meta-layouts":"default","ast-page-background-enabled":"default","ast-page-background-meta":{"desktop":{"background-color":"var(--ast-global-color-4)","background-image":"","background-repeat":"repeat","background-position":"center center","background-size":"auto","background-attachment":"scroll","background-type":"","background-media":"","overlay-type":"","overlay-color":"","overlay-opacity":"","overlay-gradient":""},"tablet":{"background-color":"","background-image":"","background-repeat":"repeat","background-position":"center center","background-size":"auto","background-attachment":"scroll","background-type":"","background-media":"","overlay-type":"","overlay-color":"","overlay-opacity":"","overlay-gradient":""},"mobile":{"background-color":"","background-image":"","background-repeat":"repeat","background-position":"center center","background-size":"auto","background-attachment":"scroll","background-type":"","background-media":"","overlay-type":"","overlay-color":"","overlay-opacity":"","overlay-gradient":""}},"ast-content-background-meta":{"desktop":{"background-color":"var(--ast-global-color-5)","background-image":"","background-repeat":"repeat","background-position":"center center","background-size":"auto","background-attachment":"scroll","background-type":"","background-media":"","overlay-type":"","overlay-color":"","overlay-opacity":"","overlay-gradient":""},"tablet":{"background-color":"var(--ast-global-color-5)","background-image":"","background-repeat":"repeat","background-position":"center center","background-size":"auto","background-attachment":"scroll","background-type":"","background-media":"","overlay-type":"","overlay-color":"","overlay-opacity":"","overlay-gradient":""},"mobile":{"background-color":"var(--ast-global-color-5)","background-image":"","background-repeat":"repeat","background-position":"center center","background-size":"auto","background-attachment":"scroll","background-type":"","background-media":"","overlay-type":"","overlay-color":"","overlay-opacity":"","overlay-gradient":""}}},"product_brand":[],"product_cat":[1290],"product_tag":[],"class_list":{"0":"post-12931","1":"product","2":"type-product","3":"status-publish","4":"has-post-thumbnail","6":"product_cat-atrakcijos","7":"product_shipping_class-spedition-hupfburg-lt","8":"pa_gtin-0669145336841-lt","9":"desktop-align-center","10":"tablet-align-center","11":"mobile-align-center","12":"ast-product-gallery-layout-horizontal","13":"ast-product-tabs-layout-horizontal","15":"first","16":"instock","17":"taxable","18":"shipping-taxable","19":"purchasable","20":"product-type-simple"},"acf":[],"yoast_head":"<!-- This site is optimized with the Yoast SEO plugin v27.3 - https:\/\/yoast.com\/product\/yoast-seo-wordpress\/ -->\n<title>Pirkti pripu\u010diam\u0105 futbolo smigin\u012f | Dodo-Inflatables.com<\/title>\n<meta name=\"description\" content=\"Pirkite pripu\u010diam\u0105 futbolo kamuol\u012f Soccerdart adresu dodo-inflatables.com! | S\u0105\u017einingos kainos | Visada sand\u0117lyje | Greitas i\u0161siuntimas!\" \/>\n<meta name=\"robots\" content=\"index, follow, max-snippet:-1, max-image-preview:large, max-video-preview:-1\" \/>\n<link rel=\"canonical\" href=\"https:\/\/dodo-inflatables.com\/lt\/produktas\/futbolo-strele\/\" \/>\n<meta name=\"twitter:label1\" content=\"Est. reading time\" \/>\n\t<meta name=\"twitter:data1\" content=\"2 minut\u0117s\" \/>\n<script type=\"application\/ld+json\" class=\"yoast-schema-graph\">{\"@context\":\"https:\\\/\\\/schema.org\",\"@graph\":[{\"@type\":\"WebPage\",\"@id\":\"https:\\\/\\\/dodo-inflatables.com\\\/lt\\\/produktas\\\/futbolo-strele\\\/\",\"url\":\"https:\\\/\\\/dodo-inflatables.com\\\/lt\\\/produktas\\\/futbolo-strele\\\/\",\"name\":\"Pirkti pripu\u010diam\u0105 futbolo smigin\u012f | Dodo-Inflatables.com\",\"isPartOf\":{\"@id\":\"https:\\\/\\\/dodo-inflatables.com\\\/lt\\\/#website\"},\"primaryImageOfPage\":{\"@id\":\"https:\\\/\\\/dodo-inflatables.com\\\/lt\\\/produktas\\\/futbolo-strele\\\/#primaryimage\"},\"image\":{\"@id\":\"https:\\\/\\\/dodo-inflatables.com\\\/lt\\\/produktas\\\/futbolo-strele\\\/#primaryimage\"},\"thumbnailUrl\":\"https:\\\/\\\/dodo-inflatables.com\\\/wp-content\\\/uploads\\\/2018\\\/01\\\/fussball-dart-neu-kaufen-1.png\",\"datePublished\":\"2018-01-19T14:47:49+00:00\",\"dateModified\":\"2026-02-04T14:43:26+00:00\",\"description\":\"Pirkite pripu\u010diam\u0105 futbolo kamuol\u012f Soccerdart adresu dodo-inflatables.com! | S\u0105\u017einingos kainos | Visada sand\u0117lyje | Greitas i\u0161siuntimas!\",\"breadcrumb\":{\"@id\":\"https:\\\/\\\/dodo-inflatables.com\\\/lt\\\/produktas\\\/futbolo-strele\\\/#breadcrumb\"},\"inLanguage\":\"lt-LT\",\"potentialAction\":[{\"@type\":\"ReadAction\",\"target\":[\"https:\\\/\\\/dodo-inflatables.com\\\/lt\\\/produktas\\\/futbolo-strele\\\/\"]}]},{\"@type\":\"ImageObject\",\"inLanguage\":\"lt-LT\",\"@id\":\"https:\\\/\\\/dodo-inflatables.com\\\/lt\\\/produktas\\\/futbolo-strele\\\/#primaryimage\",\"url\":\"https:\\\/\\\/dodo-inflatables.com\\\/wp-content\\\/uploads\\\/2018\\\/01\\\/fussball-dart-neu-kaufen-1.png\",\"contentUrl\":\"https:\\\/\\\/dodo-inflatables.com\\\/wp-content\\\/uploads\\\/2018\\\/01\\\/fussball-dart-neu-kaufen-1.png\",\"width\":500,\"height\":500},{\"@type\":\"BreadcrumbList\",\"@id\":\"https:\\\/\\\/dodo-inflatables.com\\\/lt\\\/produktas\\\/futbolo-strele\\\/#breadcrumb\",\"itemListElement\":[{\"@type\":\"ListItem\",\"position\":1,\"name\":\"Home\",\"item\":\"https:\\\/\\\/dodo-inflatables.com\\\/lt\\\/\"},{\"@type\":\"ListItem\",\"position\":2,\"name\":\"Parduotuv\u0117\",\"item\":\"https:\\\/\\\/dodo-inflatables.com\\\/lt\\\/parduotuve\\\/\"},{\"@type\":\"ListItem\",\"position\":3,\"name\":\"Futbolo str\u0117l\u0117\"}]},{\"@type\":\"WebSite\",\"@id\":\"https:\\\/\\\/dodo-inflatables.com\\\/lt\\\/#website\",\"url\":\"https:\\\/\\\/dodo-inflatables.com\\\/lt\\\/\",\"name\":\"dodo-inflatables.com\",\"description\":\"\u012esigykite \u0161okin\u0117jan\u010di\u0173 pili\u0173 ir atrakcion\u0173 m\u016bs\u0173 parduotuv\u0117je.\",\"publisher\":{\"@id\":\"https:\\\/\\\/dodo-inflatables.com\\\/lt\\\/#organization\"},\"potentialAction\":[{\"@type\":\"SearchAction\",\"target\":{\"@type\":\"EntryPoint\",\"urlTemplate\":\"https:\\\/\\\/dodo-inflatables.com\\\/lt\\\/?s={search_term_string}\"},\"query-input\":{\"@type\":\"PropertyValueSpecification\",\"valueRequired\":true,\"valueName\":\"search_term_string\"}}],\"inLanguage\":\"lt-LT\"},{\"@type\":\"Organization\",\"@id\":\"https:\\\/\\\/dodo-inflatables.com\\\/lt\\\/#organization\",\"name\":\"dodo-inflatables.com\",\"url\":\"https:\\\/\\\/dodo-inflatables.com\\\/lt\\\/\",\"logo\":{\"@type\":\"ImageObject\",\"inLanguage\":\"lt-LT\",\"@id\":\"https:\\\/\\\/dodo-inflatables.com\\\/lt\\\/#\\\/schema\\\/logo\\\/image\\\/\",\"url\":\"https:\\\/\\\/dodo-inflatables.com\\\/wp-content\\\/uploads\\\/2023\\\/04\\\/cropped-cropped-cropped-Dodo-Logo.png\",\"contentUrl\":\"https:\\\/\\\/dodo-inflatables.com\\\/wp-content\\\/uploads\\\/2023\\\/04\\\/cropped-cropped-cropped-Dodo-Logo.png\",\"width\":2996,\"height\":1545,\"caption\":\"dodo-inflatables.com\"},\"image\":{\"@id\":\"https:\\\/\\\/dodo-inflatables.com\\\/lt\\\/#\\\/schema\\\/logo\\\/image\\\/\"}}]}<\/script>\n<!-- \/ Yoast SEO plugin. -->","yoast_head_json":{"title":"Pirkti pripu\u010diam\u0105 futbolo smigin\u012f | Dodo-Inflatables.com","description":"Pirkite pripu\u010diam\u0105 futbolo kamuol\u012f Soccerdart adresu dodo-inflatables.com! | S\u0105\u017einingos kainos | Visada sand\u0117lyje | Greitas i\u0161siuntimas!","robots":{"index":"index","follow":"follow","max-snippet":"max-snippet:-1","max-image-preview":"max-image-preview:large","max-video-preview":"max-video-preview:-1"},"canonical":"https:\/\/dodo-inflatables.com\/lt\/produktas\/futbolo-strele\/","twitter_misc":{"Est. reading time":"2 minut\u0117s"},"schema":{"@context":"https:\/\/schema.org","@graph":[{"@type":"WebPage","@id":"https:\/\/dodo-inflatables.com\/lt\/produktas\/futbolo-strele\/","url":"https:\/\/dodo-inflatables.com\/lt\/produktas\/futbolo-strele\/","name":"Pirkti pripu\u010diam\u0105 futbolo smigin\u012f | Dodo-Inflatables.com","isPartOf":{"@id":"https:\/\/dodo-inflatables.com\/lt\/#website"},"primaryImageOfPage":{"@id":"https:\/\/dodo-inflatables.com\/lt\/produktas\/futbolo-strele\/#primaryimage"},"image":{"@id":"https:\/\/dodo-inflatables.com\/lt\/produktas\/futbolo-strele\/#primaryimage"},"thumbnailUrl":"https:\/\/dodo-inflatables.com\/wp-content\/uploads\/2018\/01\/fussball-dart-neu-kaufen-1.png","datePublished":"2018-01-19T14:47:49+00:00","dateModified":"2026-02-04T14:43:26+00:00","description":"Pirkite pripu\u010diam\u0105 futbolo kamuol\u012f Soccerdart adresu dodo-inflatables.com! | S\u0105\u017einingos kainos | Visada sand\u0117lyje | Greitas i\u0161siuntimas!","breadcrumb":{"@id":"https:\/\/dodo-inflatables.com\/lt\/produktas\/futbolo-strele\/#breadcrumb"},"inLanguage":"lt-LT","potentialAction":[{"@type":"ReadAction","target":["https:\/\/dodo-inflatables.com\/lt\/produktas\/futbolo-strele\/"]}]},{"@type":"ImageObject","inLanguage":"lt-LT","@id":"https:\/\/dodo-inflatables.com\/lt\/produktas\/futbolo-strele\/#primaryimage","url":"https:\/\/dodo-inflatables.com\/wp-content\/uploads\/2018\/01\/fussball-dart-neu-kaufen-1.png","contentUrl":"https:\/\/dodo-inflatables.com\/wp-content\/uploads\/2018\/01\/fussball-dart-neu-kaufen-1.png","width":500,"height":500},{"@type":"BreadcrumbList","@id":"https:\/\/dodo-inflatables.com\/lt\/produktas\/futbolo-strele\/#breadcrumb","itemListElement":[{"@type":"ListItem","position":1,"name":"Home","item":"https:\/\/dodo-inflatables.com\/lt\/"},{"@type":"ListItem","position":2,"name":"Parduotuv\u0117","item":"https:\/\/dodo-inflatables.com\/lt\/parduotuve\/"},{"@type":"ListItem","position":3,"name":"Futbolo str\u0117l\u0117"}]},{"@type":"WebSite","@id":"https:\/\/dodo-inflatables.com\/lt\/#website","url":"https:\/\/dodo-inflatables.com\/lt\/","name":"dodo-inflatables.com","description":"\u012esigykite \u0161okin\u0117jan\u010di\u0173 pili\u0173 ir atrakcion\u0173 m\u016bs\u0173 parduotuv\u0117je.","publisher":{"@id":"https:\/\/dodo-inflatables.com\/lt\/#organization"},"potentialAction":[{"@type":"SearchAction","target":{"@type":"EntryPoint","urlTemplate":"https:\/\/dodo-inflatables.com\/lt\/?s={search_term_string}"},"query-input":{"@type":"PropertyValueSpecification","valueRequired":true,"valueName":"search_term_string"}}],"inLanguage":"lt-LT"},{"@type":"Organization","@id":"https:\/\/dodo-inflatables.com\/lt\/#organization","name":"dodo-inflatables.com","url":"https:\/\/dodo-inflatables.com\/lt\/","logo":{"@type":"ImageObject","inLanguage":"lt-LT","@id":"https:\/\/dodo-inflatables.com\/lt\/#\/schema\/logo\/image\/","url":"https:\/\/dodo-inflatables.com\/wp-content\/uploads\/2023\/04\/cropped-cropped-cropped-Dodo-Logo.png","contentUrl":"https:\/\/dodo-inflatables.com\/wp-content\/uploads\/2023\/04\/cropped-cropped-cropped-Dodo-Logo.png","width":2996,"height":1545,"caption":"dodo-inflatables.com"},"image":{"@id":"https:\/\/dodo-inflatables.com\/lt\/#\/schema\/logo\/image\/"}}]}},"uagb_featured_image_src":{"full":["https:\/\/dodo-inflatables.com\/wp-content\/uploads\/2018\/01\/fussball-dart-neu-kaufen-1.png",500,500,false],"thumbnail":["https:\/\/dodo-inflatables.com\/wp-content\/uploads\/2018\/01\/fussball-dart-neu-kaufen-1-150x150.png",150,150,true],"medium":["https:\/\/dodo-inflatables.com\/wp-content\/uploads\/2018\/01\/fussball-dart-neu-kaufen-1-300x300.png",300,300,true],"medium_large":["https:\/\/dodo-inflatables.com\/wp-content\/uploads\/2018\/01\/fussball-dart-neu-kaufen-1.png",500,500,false],"large":["https:\/\/dodo-inflatables.com\/wp-content\/uploads\/2018\/01\/fussball-dart-neu-kaufen-1.png",500,500,false],"1536x1536":["https:\/\/dodo-inflatables.com\/wp-content\/uploads\/2018\/01\/fussball-dart-neu-kaufen-1.png",500,500,false],"2048x2048":["https:\/\/dodo-inflatables.com\/wp-content\/uploads\/2018\/01\/fussball-dart-neu-kaufen-1.png",500,500,false],"woocommerce_thumbnail":["https:\/\/dodo-inflatables.com\/wp-content\/uploads\/2018\/01\/fussball-dart-neu-kaufen-1.png",500,500,false],"woocommerce_single":["https:\/\/dodo-inflatables.com\/wp-content\/uploads\/2018\/01\/fussball-dart-neu-kaufen-1.png",500,500,false],"woocommerce_gallery_thumbnail":["https:\/\/dodo-inflatables.com\/wp-content\/uploads\/2018\/01\/fussball-dart-neu-kaufen-1-100x100.png",100,100,true]},"uagb_author_info":{"display_name":"Andreas","author_link":"https:\/\/dodo-inflatables.com\/lt\/author\/"},"uagb_comment_info":0,"uagb_excerpt":"Matmenys (D x \u0160 x V): 4,50 m x 6,20 m x 4,50 m * \u012e komplekt\u0105 \u012feina trys futbolo kamuoliukai su \"Velcro\" dangteliu, kei\u010diama \"Velcro\" str\u0117lyt\u0117 Profesionalus modulis - tinka komerciniam ir priva\u010diam naudojimui. PVC (0,55 mm \/ 621,3 g\/kv. m) ir \"Velcro 2 - 4 kartus susi\u016bti (priklausomai nuo apkrovos) Apsauga nuo liepsnos&hellip;","_links":{"self":[{"href":"https:\/\/dodo-inflatables.com\/lt\/wp-json\/wp\/v2\/product\/12931","targetHints":{"allow":["GET"]}}],"collection":[{"href":"https:\/\/dodo-inflatables.com\/lt\/wp-json\/wp\/v2\/product"}],"about":[{"href":"https:\/\/dodo-inflatables.com\/lt\/wp-json\/wp\/v2\/types\/product"}],"replies":[{"embeddable":true,"href":"https:\/\/dodo-inflatables.com\/lt\/wp-json\/wp\/v2\/comments?post=12931"}],"wp:featuredmedia":[{"embeddable":true,"href":"https:\/\/dodo-inflatables.com\/lt\/wp-json\/wp\/v2\/media\/12937"}],"wp:attachment":[{"href":"https:\/\/dodo-inflatables.com\/lt\/wp-json\/wp\/v2\/media?parent=12931"}],"wp:term":[{"taxonomy":"product_brand","embeddable":true,"href":"https:\/\/dodo-inflatables.com\/lt\/wp-json\/wp\/v2\/product_brand?post=12931"},{"taxonomy":"product_cat","embeddable":true,"href":"https:\/\/dodo-inflatables.com\/lt\/wp-json\/wp\/v2\/product_cat?post=12931"},{"taxonomy":"product_tag","embeddable":true,"href":"https:\/\/dodo-inflatables.com\/lt\/wp-json\/wp\/v2\/product_tag?post=12931"}],"curies":[{"name":"wp","href":"https:\/\/api.w.org\/{rel}","templated":true}]}}