{"id":13640,"date":"2021-08-02T14:58:21","date_gmt":"2021-08-02T12:58:21","guid":{"rendered":"https:\/\/dodo-inflatables.com\/product\/supynes-pilis-vandens-kalnelis-piratu-vakarelis\/"},"modified":"2024-06-01T18:29:38","modified_gmt":"2024-06-01T16:29:38","slug":"supynes-pilis-vandens-kalnelis-piratu-vakarelis","status":"publish","type":"product","link":"https:\/\/dodo-inflatables.com\/lt\/produktas\/supynes-pilis-vandens-kalnelis-piratu-vakarelis\/","title":{"rendered":"S\u016bpyn\u0117s pilis Vandens kalnelis Pirat\u0173 vakar\u0117lis"},"content":{"rendered":"<h2>Pirkti Pripu\u010diama pirat\u0173 \u0161alis Vandens kalnelis Bouncy Castle<\/h2>\n<p>M\u016bs\u0173 pripu\u010diama vandens \u010diuo\u017eykla &#8222;Pirat\u0173 vakar\u0117lis&#8221; yra puikus modulis ma\u017eiesiems piratams. Spalvingas dizainas su pirat\u0173 v\u0117liavomis ir motyvais sukuria nepakartojam\u0105 atmosfer\u0105 ir skatina nuotyki\u0173 poj\u016bt\u012f. Su \u012fmontuotu vandens nusileidimo kalneliu ir basein\u0117liu jis tampa kiekvieno vasaros vakar\u0117lio akcentu, o kar\u0161tomis dienomis suteikia gaivi\u0105 v\u0117s\u0105.<\/p>\n<p>Pirat\u0173 vakar\u0117lio vandens kalneliu \u0161okin\u0117janti pilis yra su tinkamu transportavimo krep\u0161iu ir j\u0105 galima lengvai pastatyti per ma\u017edaug 10 minu\u010di\u0173. Pakuot\u0119 sudaro \u0161okin\u0117janti pilis, transportavimo krep\u0161ys ir remonto rinkinys. Atkreipkite d\u0117mes\u012f, kad p\u016bstuvas ir pagrindo paklotas \u012f komplekt\u0105 ne\u012feina. J\u0173 rasite m\u016bs\u0173 <a href=\"https:\/\/dodo-inflatables.com\/product-category\/accessories\/\">pried\u0173 kategorijoje<\/a>. Abu si\u016blomi p\u016bstuvai<a href=\"https:\/\/dodo-inflatables.com\/lt\/produktas\/huawei-orapute-reh-1-5e-15ps\/\">(&#8222;Huawei&#8221;<\/a> ir &#8221; <a href=\"https:\/\/dodo-inflatables.com\/lt\/produktas\/gibbons-blower-fp5005-15-ag\/\">Gibbons&#8221;<\/a>) tinka \u0161okin\u0117jan\u010diai piliai.<\/p>\n<p>I\u0161 tvirto PVC brezento (0,55 mm \/ 621,3 g\/kv. m) pagaminta ir pagal DIN EN 14960 sertifikuota &#8222;Pirate Party Waterslide Bouncy Castle&#8221; yra kokybi\u0161kas gaminys, atitinkantis auk\u0161\u010diausius saugos standartus.<\/p>\n<p>Naudokite \u0161okdyn\u0119 tik ant tinkamo <a href=\"https:\/\/dodo-inflatables.com\/lt\/produktas\/5-x-6-metru-zemes-lapas\/\">pagrindo tento,<\/a> kad apsaugotum\u0117te j\u0105 nuo a\u0161tri\u0173 daikt\u0173, esan\u010di\u0173 ant \u017eem\u0117s, ir nuo trinties. Kad u\u017etikrintum\u0117te maksimal\u0173 saugum\u0105, rekomenduojame \u0161okli\u0105j\u0105 pil\u012f pastatyti \u017eol\u0117toje vietoje ir pritvirtinti j\u0105 m\u016bs\u0173 <a href=\"https:\/\/dodo-inflatables.com\/lt\/produktas\/pripuciamu-pripuciamu-irenginiu-tvirtinimo-antzeminiai-kaisciai\/\">gruntiniais inkarais<\/a>. Po kiekvieno naudojimo \u0161okli\u0105j\u0105 pil\u012f reikia i\u0161d\u017eiovinti ir tinkamai supakuoti, kad ji b\u016bt\u0173 apsaugota nuo i\u0161orinio poveikio ir transportavimo pa\u017eeidim\u0173.<\/p>\n<h3><strong>I\u0161sami informacija apie &#8222;Pirat\u0173 vakar\u0117lio vandenlen\u010di\u0173 kalnel\u012f<\/strong><\/h3>\n<ul>\n<li>Matmenys (D x \u0160 x V): 4,20 m x 6,00 m x 4,60 m *<\/li>\n<li>Skaidr\u0117s auk\u0161tis: 1,50 m plius 60 cm grind\u0173 auk\u0161tis *<\/li>\n<li>Svoris: ma\u017edaug. 130 kg *<\/li>\n<li>Pakuot\u0117s dydis: 100 x 100 x 120 cm *<\/li>\n<li>S\u0105rankos laikas: 10 minu\u010di\u0173<\/li>\n<li>Med\u017eiaga: PVC (0,55 mm \/ 621,3 g\/kv. m)<\/li>\n<li>2-4 kartus susi\u016bti (priklausomai nuo naudojimo)<\/li>\n<li>Ugniai atsparus<\/li>\n<li>Atitikties sertifikatas pagal EN 14960<\/li>\n<li>\u0160okin\u0117jantis pavir\u0161ius su apsaugin\u0117mis juostel\u0117mis, u\u017etrauktukas su velcro u\u017etrauktuku, sutvirtinti kampai<\/li>\n<\/ul>\n<p>\u012e pakuot\u0119 \u012feina: \u0161oklioji pilis, transportavimo krep\u0161ys ir remonto rinkinys.<\/p>\n<p>&#8222;Pirate Party Waterslide Bouncy Castle&#8221; yra profesionalus modulis, pagamintas ir i\u0161bandytas pagal grie\u017etas DIN EN 14960 rekomendacijas, tod\u0117l yra saugus ir patikimas. Tod\u0117l &#8222;Pirate Party Waterslide Bouncy Castle&#8221; puikiai tinka profesionaliai nuomai. Atkreipkite d\u0117mes\u012f, kad \u0161okin\u0117jimo pilyje leid\u017eiama lankytis tik vaikams, suaugusiems &#8211; ne!<\/p>\n<p>Atkreipkite d\u0117mes\u012f, kad ventiliatorius (\u012f komplekt\u0105 ne\u012ftrauktas) turi veikti nuolat, o norint, kad \u0161okin\u0117janti pilis nesprogt\u0173, b\u016btina pro skylutes leisti nedidel\u012f oro sraut\u0105.<\/p>\n<p>\u012esigykite pirat\u0173 vakar\u0117lio vandens kalnel\u012f ir patirkite nepamir\u0161tam\u0173 akimirk\u0173, kupin\u0173 linksmybi\u0173 ir nuotyki\u0173!<\/p>\n<p>* Svoris ir matmenys yra apytiksliai ir gali \u0161iek tiek skirtis.<\/p>\n","protected":false},"excerpt":{"rendered":"<p><i class=\"fa fa-arrows-alt\"><\/i>  Matmenys (D x \u0160 x V): 4,20 m x 6,00 m x 4,60 m *<br \/>\n<i class=\"fa fa-child\"><\/i>  Tinka ma\u017edaug. 12 vaik\u0173 (priklausomai nuo am\u017eiaus ir dyd\u017eio)<br \/>\n<i class=\"fa fa-check\"><\/i>  Profesionalus modulis &#8211; tinka komerciniam ir priva\u010diam naudojimui<\/p>\n<p><i class=\"fa fa-square\"><\/i>  PVC (0,55 mm \/ 621,3 g\/kv. m)<br \/>\n<i class=\"fa fa-align-justify\"><\/i>  2-4 kartus susi\u016bti (priklausomai nuo apkrovos)<br \/>\n<i class=\"fa fa-fire\"><\/i>  Apsauga nuo liepsnos<br \/>\n<i class=\"fa fa-certificate\"><\/i>  Sertifikavimas pagal EN 14960<br \/>\n<i class=\"fas fa-edit\"><\/i>  \u012eskaitant individual\u0173 serijos numer\u012f<\/p>\n","protected":false},"featured_media":50651,"comment_status":"open","ping_status":"closed","template":"","meta":{"_acf_changed":false,"_uag_custom_page_level_css":"","site-sidebar-layout":"default","site-content-layout":"boxed-container","ast-site-content-layout":"normal-width-container","site-content-style":"boxed","site-sidebar-style":"boxed","ast-global-header-display":"","ast-banner-title-visibility":"","ast-main-header-display":"","ast-hfb-above-header-display":"","ast-hfb-below-header-display":"","ast-hfb-mobile-header-display":"","site-post-title":"disabled","ast-breadcrumbs-content":"","ast-featured-img":"","footer-sml-layout":"","ast-disable-related-posts":"","theme-transparent-header-meta":"default","adv-header-id-meta":"","stick-header-meta":"default","header-above-stick-meta":"","header-main-stick-meta":"","header-below-stick-meta":"","astra-migrate-meta-layouts":"default","ast-page-background-enabled":"default","ast-page-background-meta":{"desktop":{"background-color":"var(--ast-global-color-4)","background-image":"","background-repeat":"repeat","background-position":"center center","background-size":"auto","background-attachment":"scroll","background-type":"","background-media":"","overlay-type":"","overlay-color":"","overlay-opacity":"","overlay-gradient":""},"tablet":{"background-color":"","background-image":"","background-repeat":"repeat","background-position":"center center","background-size":"auto","background-attachment":"scroll","background-type":"","background-media":"","overlay-type":"","overlay-color":"","overlay-opacity":"","overlay-gradient":""},"mobile":{"background-color":"","background-image":"","background-repeat":"repeat","background-position":"center center","background-size":"auto","background-attachment":"scroll","background-type":"","background-media":"","overlay-type":"","overlay-color":"","overlay-opacity":"","overlay-gradient":""}},"ast-content-background-meta":{"desktop":{"background-color":"var(--ast-global-color-5)","background-image":"","background-repeat":"repeat","background-position":"center center","background-size":"auto","background-attachment":"scroll","background-type":"","background-media":"","overlay-type":"","overlay-color":"","overlay-opacity":"","overlay-gradient":""},"tablet":{"background-color":"var(--ast-global-color-5)","background-image":"","background-repeat":"repeat","background-position":"center center","background-size":"auto","background-attachment":"scroll","background-type":"","background-media":"","overlay-type":"","overlay-color":"","overlay-opacity":"","overlay-gradient":""},"mobile":{"background-color":"var(--ast-global-color-5)","background-image":"","background-repeat":"repeat","background-position":"center center","background-size":"auto","background-attachment":"scroll","background-type":"","background-media":"","overlay-type":"","overlay-color":"","overlay-opacity":"","overlay-gradient":""}}},"product_brand":[],"product_cat":[1178,1170],"product_tag":[1392],"class_list":{"0":"post-13640","1":"product","2":"type-product","3":"status-publish","4":"has-post-thumbnail","6":"product_cat-slides-lt","7":"product_cat-bouncy-castles-lt","8":"product_tag-vandens-kalnelis","9":"product_shipping_class-spedition-hupfburg-lt","10":"pa_gtin-0664965405937-lt","11":"pa_height-460-m-500-m-3-lt","12":"pa_height-of-the-slide-110-m-150-m-lt","13":"pa_length-410-m-450-m-lt","14":"pa_width-560-m-600-m-lt","15":"desktop-align-center","16":"tablet-align-center","17":"mobile-align-center","18":"ast-product-gallery-layout-horizontal","19":"ast-product-tabs-layout-horizontal","21":"first","22":"onbackorder","23":"taxable","24":"shipping-taxable","25":"purchasable","26":"product-type-simple"},"acf":[],"yoast_head":"<!-- This site is optimized with the Yoast SEO plugin v27.3 - https:\/\/yoast.com\/product\/yoast-seo-wordpress\/ -->\n<title>Pripu\u010diama pirat\u0173 vakar\u0117lio vandens nusileidimo kalnelis S\u016bpuokli\u0173 pilis | Dodo-Inflatables.com<\/title>\n<meta name=\"description\" content=\"Pirkite m\u016bs\u0173 Pirat\u0173 vakar\u0117lio vandens kalnel\u012f, \u0161okan\u010di\u0105 pil\u012f internetu dodo-inflatables.com | Platus pasirinkimas sand\u0117lyje | Sertifikuota pagal EN14960 | Greitas pristatymas\" \/>\n<meta name=\"robots\" content=\"index, follow, max-snippet:-1, max-image-preview:large, max-video-preview:-1\" \/>\n<link rel=\"canonical\" href=\"https:\/\/dodo-inflatables.com\/lt\/produktas\/supynes-pilis-vandens-kalnelis-piratu-vakarelis\/\" \/>\n<meta name=\"twitter:label1\" content=\"Est. reading time\" \/>\n\t<meta name=\"twitter:data1\" content=\"2 minut\u0117s\" \/>\n<script type=\"application\/ld+json\" class=\"yoast-schema-graph\">{\"@context\":\"https:\\\/\\\/schema.org\",\"@graph\":[{\"@type\":\"WebPage\",\"@id\":\"https:\\\/\\\/dodo-inflatables.com\\\/lt\\\/produktas\\\/supynes-pilis-vandens-kalnelis-piratu-vakarelis\\\/\",\"url\":\"https:\\\/\\\/dodo-inflatables.com\\\/lt\\\/produktas\\\/supynes-pilis-vandens-kalnelis-piratu-vakarelis\\\/\",\"name\":\"Pripu\u010diama pirat\u0173 vakar\u0117lio vandens nusileidimo kalnelis S\u016bpuokli\u0173 pilis | Dodo-Inflatables.com\",\"isPartOf\":{\"@id\":\"https:\\\/\\\/dodo-inflatables.com\\\/lt\\\/#website\"},\"primaryImageOfPage\":{\"@id\":\"https:\\\/\\\/dodo-inflatables.com\\\/lt\\\/produktas\\\/supynes-pilis-vandens-kalnelis-piratu-vakarelis\\\/#primaryimage\"},\"image\":{\"@id\":\"https:\\\/\\\/dodo-inflatables.com\\\/lt\\\/produktas\\\/supynes-pilis-vandens-kalnelis-piratu-vakarelis\\\/#primaryimage\"},\"thumbnailUrl\":\"https:\\\/\\\/dodo-inflatables.com\\\/wp-content\\\/uploads\\\/2021\\\/08\\\/Buy-Inflatable-Bouncy-Castle-Water-Slide-Pirate-Party-1new.jpg\",\"datePublished\":\"2021-08-02T12:58:21+00:00\",\"dateModified\":\"2024-06-01T16:29:38+00:00\",\"description\":\"Pirkite m\u016bs\u0173 Pirat\u0173 vakar\u0117lio vandens kalnel\u012f, \u0161okan\u010di\u0105 pil\u012f internetu dodo-inflatables.com | Platus pasirinkimas sand\u0117lyje | Sertifikuota pagal EN14960 | Greitas pristatymas\",\"breadcrumb\":{\"@id\":\"https:\\\/\\\/dodo-inflatables.com\\\/lt\\\/produktas\\\/supynes-pilis-vandens-kalnelis-piratu-vakarelis\\\/#breadcrumb\"},\"inLanguage\":\"lt-LT\",\"potentialAction\":[{\"@type\":\"ReadAction\",\"target\":[\"https:\\\/\\\/dodo-inflatables.com\\\/lt\\\/produktas\\\/supynes-pilis-vandens-kalnelis-piratu-vakarelis\\\/\"]}]},{\"@type\":\"ImageObject\",\"inLanguage\":\"lt-LT\",\"@id\":\"https:\\\/\\\/dodo-inflatables.com\\\/lt\\\/produktas\\\/supynes-pilis-vandens-kalnelis-piratu-vakarelis\\\/#primaryimage\",\"url\":\"https:\\\/\\\/dodo-inflatables.com\\\/wp-content\\\/uploads\\\/2021\\\/08\\\/Buy-Inflatable-Bouncy-Castle-Water-Slide-Pirate-Party-1new.jpg\",\"contentUrl\":\"https:\\\/\\\/dodo-inflatables.com\\\/wp-content\\\/uploads\\\/2021\\\/08\\\/Buy-Inflatable-Bouncy-Castle-Water-Slide-Pirate-Party-1new.jpg\",\"width\":800,\"height\":800},{\"@type\":\"BreadcrumbList\",\"@id\":\"https:\\\/\\\/dodo-inflatables.com\\\/lt\\\/produktas\\\/supynes-pilis-vandens-kalnelis-piratu-vakarelis\\\/#breadcrumb\",\"itemListElement\":[{\"@type\":\"ListItem\",\"position\":1,\"name\":\"Home\",\"item\":\"https:\\\/\\\/dodo-inflatables.com\\\/lt\\\/\"},{\"@type\":\"ListItem\",\"position\":2,\"name\":\"Parduotuv\u0117\",\"item\":\"https:\\\/\\\/dodo-inflatables.com\\\/lt\\\/parduotuve\\\/\"},{\"@type\":\"ListItem\",\"position\":3,\"name\":\"S\u016bpyn\u0117s pilis Vandens kalnelis Pirat\u0173 vakar\u0117lis\"}]},{\"@type\":\"WebSite\",\"@id\":\"https:\\\/\\\/dodo-inflatables.com\\\/lt\\\/#website\",\"url\":\"https:\\\/\\\/dodo-inflatables.com\\\/lt\\\/\",\"name\":\"dodo-inflatables.com\",\"description\":\"\u012esigykite \u0161okin\u0117jan\u010di\u0173 pili\u0173 ir atrakcion\u0173 m\u016bs\u0173 parduotuv\u0117je.\",\"publisher\":{\"@id\":\"https:\\\/\\\/dodo-inflatables.com\\\/lt\\\/#organization\"},\"potentialAction\":[{\"@type\":\"SearchAction\",\"target\":{\"@type\":\"EntryPoint\",\"urlTemplate\":\"https:\\\/\\\/dodo-inflatables.com\\\/lt\\\/?s={search_term_string}\"},\"query-input\":{\"@type\":\"PropertyValueSpecification\",\"valueRequired\":true,\"valueName\":\"search_term_string\"}}],\"inLanguage\":\"lt-LT\"},{\"@type\":\"Organization\",\"@id\":\"https:\\\/\\\/dodo-inflatables.com\\\/lt\\\/#organization\",\"name\":\"dodo-inflatables.com\",\"url\":\"https:\\\/\\\/dodo-inflatables.com\\\/lt\\\/\",\"logo\":{\"@type\":\"ImageObject\",\"inLanguage\":\"lt-LT\",\"@id\":\"https:\\\/\\\/dodo-inflatables.com\\\/lt\\\/#\\\/schema\\\/logo\\\/image\\\/\",\"url\":\"https:\\\/\\\/dodo-inflatables.com\\\/wp-content\\\/uploads\\\/2023\\\/04\\\/cropped-cropped-cropped-Dodo-Logo.png\",\"contentUrl\":\"https:\\\/\\\/dodo-inflatables.com\\\/wp-content\\\/uploads\\\/2023\\\/04\\\/cropped-cropped-cropped-Dodo-Logo.png\",\"width\":2996,\"height\":1545,\"caption\":\"dodo-inflatables.com\"},\"image\":{\"@id\":\"https:\\\/\\\/dodo-inflatables.com\\\/lt\\\/#\\\/schema\\\/logo\\\/image\\\/\"}}]}<\/script>\n<!-- \/ Yoast SEO plugin. -->","yoast_head_json":{"title":"Pripu\u010diama pirat\u0173 vakar\u0117lio vandens nusileidimo kalnelis S\u016bpuokli\u0173 pilis | Dodo-Inflatables.com","description":"Pirkite m\u016bs\u0173 Pirat\u0173 vakar\u0117lio vandens kalnel\u012f, \u0161okan\u010di\u0105 pil\u012f internetu dodo-inflatables.com | Platus pasirinkimas sand\u0117lyje | Sertifikuota pagal EN14960 | Greitas pristatymas","robots":{"index":"index","follow":"follow","max-snippet":"max-snippet:-1","max-image-preview":"max-image-preview:large","max-video-preview":"max-video-preview:-1"},"canonical":"https:\/\/dodo-inflatables.com\/lt\/produktas\/supynes-pilis-vandens-kalnelis-piratu-vakarelis\/","twitter_misc":{"Est. reading time":"2 minut\u0117s"},"schema":{"@context":"https:\/\/schema.org","@graph":[{"@type":"WebPage","@id":"https:\/\/dodo-inflatables.com\/lt\/produktas\/supynes-pilis-vandens-kalnelis-piratu-vakarelis\/","url":"https:\/\/dodo-inflatables.com\/lt\/produktas\/supynes-pilis-vandens-kalnelis-piratu-vakarelis\/","name":"Pripu\u010diama pirat\u0173 vakar\u0117lio vandens nusileidimo kalnelis S\u016bpuokli\u0173 pilis | Dodo-Inflatables.com","isPartOf":{"@id":"https:\/\/dodo-inflatables.com\/lt\/#website"},"primaryImageOfPage":{"@id":"https:\/\/dodo-inflatables.com\/lt\/produktas\/supynes-pilis-vandens-kalnelis-piratu-vakarelis\/#primaryimage"},"image":{"@id":"https:\/\/dodo-inflatables.com\/lt\/produktas\/supynes-pilis-vandens-kalnelis-piratu-vakarelis\/#primaryimage"},"thumbnailUrl":"https:\/\/dodo-inflatables.com\/wp-content\/uploads\/2021\/08\/Buy-Inflatable-Bouncy-Castle-Water-Slide-Pirate-Party-1new.jpg","datePublished":"2021-08-02T12:58:21+00:00","dateModified":"2024-06-01T16:29:38+00:00","description":"Pirkite m\u016bs\u0173 Pirat\u0173 vakar\u0117lio vandens kalnel\u012f, \u0161okan\u010di\u0105 pil\u012f internetu dodo-inflatables.com | Platus pasirinkimas sand\u0117lyje | Sertifikuota pagal EN14960 | Greitas pristatymas","breadcrumb":{"@id":"https:\/\/dodo-inflatables.com\/lt\/produktas\/supynes-pilis-vandens-kalnelis-piratu-vakarelis\/#breadcrumb"},"inLanguage":"lt-LT","potentialAction":[{"@type":"ReadAction","target":["https:\/\/dodo-inflatables.com\/lt\/produktas\/supynes-pilis-vandens-kalnelis-piratu-vakarelis\/"]}]},{"@type":"ImageObject","inLanguage":"lt-LT","@id":"https:\/\/dodo-inflatables.com\/lt\/produktas\/supynes-pilis-vandens-kalnelis-piratu-vakarelis\/#primaryimage","url":"https:\/\/dodo-inflatables.com\/wp-content\/uploads\/2021\/08\/Buy-Inflatable-Bouncy-Castle-Water-Slide-Pirate-Party-1new.jpg","contentUrl":"https:\/\/dodo-inflatables.com\/wp-content\/uploads\/2021\/08\/Buy-Inflatable-Bouncy-Castle-Water-Slide-Pirate-Party-1new.jpg","width":800,"height":800},{"@type":"BreadcrumbList","@id":"https:\/\/dodo-inflatables.com\/lt\/produktas\/supynes-pilis-vandens-kalnelis-piratu-vakarelis\/#breadcrumb","itemListElement":[{"@type":"ListItem","position":1,"name":"Home","item":"https:\/\/dodo-inflatables.com\/lt\/"},{"@type":"ListItem","position":2,"name":"Parduotuv\u0117","item":"https:\/\/dodo-inflatables.com\/lt\/parduotuve\/"},{"@type":"ListItem","position":3,"name":"S\u016bpyn\u0117s pilis Vandens kalnelis Pirat\u0173 vakar\u0117lis"}]},{"@type":"WebSite","@id":"https:\/\/dodo-inflatables.com\/lt\/#website","url":"https:\/\/dodo-inflatables.com\/lt\/","name":"dodo-inflatables.com","description":"\u012esigykite \u0161okin\u0117jan\u010di\u0173 pili\u0173 ir atrakcion\u0173 m\u016bs\u0173 parduotuv\u0117je.","publisher":{"@id":"https:\/\/dodo-inflatables.com\/lt\/#organization"},"potentialAction":[{"@type":"SearchAction","target":{"@type":"EntryPoint","urlTemplate":"https:\/\/dodo-inflatables.com\/lt\/?s={search_term_string}"},"query-input":{"@type":"PropertyValueSpecification","valueRequired":true,"valueName":"search_term_string"}}],"inLanguage":"lt-LT"},{"@type":"Organization","@id":"https:\/\/dodo-inflatables.com\/lt\/#organization","name":"dodo-inflatables.com","url":"https:\/\/dodo-inflatables.com\/lt\/","logo":{"@type":"ImageObject","inLanguage":"lt-LT","@id":"https:\/\/dodo-inflatables.com\/lt\/#\/schema\/logo\/image\/","url":"https:\/\/dodo-inflatables.com\/wp-content\/uploads\/2023\/04\/cropped-cropped-cropped-Dodo-Logo.png","contentUrl":"https:\/\/dodo-inflatables.com\/wp-content\/uploads\/2023\/04\/cropped-cropped-cropped-Dodo-Logo.png","width":2996,"height":1545,"caption":"dodo-inflatables.com"},"image":{"@id":"https:\/\/dodo-inflatables.com\/lt\/#\/schema\/logo\/image\/"}}]}},"uagb_featured_image_src":{"full":["https:\/\/dodo-inflatables.com\/wp-content\/uploads\/2021\/08\/Buy-Inflatable-Bouncy-Castle-Water-Slide-Pirate-Party-1new.jpg",800,800,false],"thumbnail":["https:\/\/dodo-inflatables.com\/wp-content\/uploads\/2021\/08\/Buy-Inflatable-Bouncy-Castle-Water-Slide-Pirate-Party-1new-150x150.jpg",150,150,true],"medium":["https:\/\/dodo-inflatables.com\/wp-content\/uploads\/2021\/08\/Buy-Inflatable-Bouncy-Castle-Water-Slide-Pirate-Party-1new-300x300.jpg",300,300,true],"medium_large":["https:\/\/dodo-inflatables.com\/wp-content\/uploads\/2021\/08\/Buy-Inflatable-Bouncy-Castle-Water-Slide-Pirate-Party-1new-768x768.jpg",768,768,true],"large":["https:\/\/dodo-inflatables.com\/wp-content\/uploads\/2021\/08\/Buy-Inflatable-Bouncy-Castle-Water-Slide-Pirate-Party-1new.jpg",800,800,false],"1536x1536":["https:\/\/dodo-inflatables.com\/wp-content\/uploads\/2021\/08\/Buy-Inflatable-Bouncy-Castle-Water-Slide-Pirate-Party-1new.jpg",800,800,false],"2048x2048":["https:\/\/dodo-inflatables.com\/wp-content\/uploads\/2021\/08\/Buy-Inflatable-Bouncy-Castle-Water-Slide-Pirate-Party-1new.jpg",800,800,false],"woocommerce_thumbnail":["https:\/\/dodo-inflatables.com\/wp-content\/uploads\/2021\/08\/Buy-Inflatable-Bouncy-Castle-Water-Slide-Pirate-Party-1new.jpg",800,800,false],"woocommerce_single":["https:\/\/dodo-inflatables.com\/wp-content\/uploads\/2021\/08\/Buy-Inflatable-Bouncy-Castle-Water-Slide-Pirate-Party-1new.jpg",800,800,false],"woocommerce_gallery_thumbnail":["https:\/\/dodo-inflatables.com\/wp-content\/uploads\/2021\/08\/Buy-Inflatable-Bouncy-Castle-Water-Slide-Pirate-Party-1new-100x100.jpg",100,100,true]},"uagb_author_info":{"display_name":"Andreas","author_link":"https:\/\/dodo-inflatables.com\/lt\/author\/"},"uagb_comment_info":0,"uagb_excerpt":"Matmenys (D x \u0160 x V): 4,20 m x 6,00 m x 4,60 m * Tinka ma\u017edaug. 12 vaik\u0173 (priklausomai nuo am\u017eiaus ir dyd\u017eio) Profesionalus modulis - tinka komerciniam ir priva\u010diam naudojimui PVC (0,55 mm \/ 621,3 g\/kv. m) 2-4 kartus susi\u016bti (priklausomai nuo apkrovos) Apsauga nuo liepsnos Sertifikavimas pagal EN 14960 \u012eskaitant individual\u0173 serijos&hellip;","_links":{"self":[{"href":"https:\/\/dodo-inflatables.com\/lt\/wp-json\/wp\/v2\/product\/13640","targetHints":{"allow":["GET"]}}],"collection":[{"href":"https:\/\/dodo-inflatables.com\/lt\/wp-json\/wp\/v2\/product"}],"about":[{"href":"https:\/\/dodo-inflatables.com\/lt\/wp-json\/wp\/v2\/types\/product"}],"replies":[{"embeddable":true,"href":"https:\/\/dodo-inflatables.com\/lt\/wp-json\/wp\/v2\/comments?post=13640"}],"wp:featuredmedia":[{"embeddable":true,"href":"https:\/\/dodo-inflatables.com\/lt\/wp-json\/wp\/v2\/media\/50651"}],"wp:attachment":[{"href":"https:\/\/dodo-inflatables.com\/lt\/wp-json\/wp\/v2\/media?parent=13640"}],"wp:term":[{"taxonomy":"product_brand","embeddable":true,"href":"https:\/\/dodo-inflatables.com\/lt\/wp-json\/wp\/v2\/product_brand?post=13640"},{"taxonomy":"product_cat","embeddable":true,"href":"https:\/\/dodo-inflatables.com\/lt\/wp-json\/wp\/v2\/product_cat?post=13640"},{"taxonomy":"product_tag","embeddable":true,"href":"https:\/\/dodo-inflatables.com\/lt\/wp-json\/wp\/v2\/product_tag?post=13640"}],"curies":[{"name":"wp","href":"https:\/\/api.w.org\/{rel}","templated":true}]}}