{"id":13684,"date":"2021-01-18T12:17:14","date_gmt":"2021-01-18T11:17:14","guid":{"rendered":"https:\/\/dodo-inflatables.com\/product\/pripuciamas-alpiu-namelis\/"},"modified":"2024-06-01T18:29:52","modified_gmt":"2024-06-01T16:29:52","slug":"pripuciamas-alpiu-namelis","status":"publish","type":"product","link":"https:\/\/dodo-inflatables.com\/lt\/produktas\/pripuciamas-alpiu-namelis\/","title":{"rendered":"Pripu\u010diamas Alpi\u0173 namelis"},"content":{"rendered":"<h1>Pirkti pripu\u010diam\u0105 kaln\u0173 namel\u012f &#8211; palapin\u0119 ypatingoms progoms<\/h1>\n<p>\u010cia turime ypating\u0105 medinio kaln\u0173 namelio dizaino pripu\u010diam\u0105 palapin\u0119. \u0160is pripu\u010diamas medinis namelis puikiai tinka renginiams ir reklaminei veiklai. \u012e pripu\u010diam\u0105 palapin\u0119 nuolat tiekiamas oras naudojant oro p\u016bstuv\u0105, tod\u0117l ji yra labai stabili. \u017dinoma, pripu\u010diama palapin\u0117 turi kelias kilpas, kad b\u016bt\u0173 kuo geriau apsaugota nuo v\u0117jo. Alpi\u0173 namelio detal\u0117s labai gerai apgalvotos, pavyzd\u017eiui, duris galima atidaryti ir u\u017edaryti u\u017etrauktuku. Stogo \u010derp\u0117s atrodo pasaki\u0161kai tikros, o langai turi nuimamus tinklelius nuo uod\u0173, kad gal\u0117tum\u0117te ramiai leisti vakarus namelyje. Vir\u0161utiniame frontono skyde taip pat yra 2 kilpos, prie kuri\u0173 galima pritvirtinti norim\u0105 u\u017era\u0161\u0105, logotip\u0105 ar dizain\u0105. Tikras daugiafunkcinis namelis, kur\u012f galima naudoti \u012fvairiais tikslais! Nesvarbu, ar tai b\u016bt\u0173 baro palapin\u0117, rengini\u0173 baras, reklamin\u0117 palapin\u0117, ar tiesiog ak\u012f traukianti priemon\u0117, \u0161is pripu\u010diamas kaln\u0173 namelis neabejotinai prikaustys d\u0117mes\u012f.<\/p>\n<p>Ar pageidautum\u0117te kitoki\u0173 matmen\u0173 ar dizaino namelio, pavyzd\u017eiui, airi\u0161ko pub&#8217;o? Joki\u0173 problem\u0173, mielai pasi\u016blysime visas galimybes.<\/p>\n<p>Rekomenduojame pripu\u010diam\u0105 kaln\u0173 namel\u012f naudoti tik ant tinkamo pakloto brezento. J\u0173 taip pat rasite m\u016bs\u0173 pried\u0173 kategorijoje. Paprastai rekomenduojame pripu\u010diam\u0105 \u0161ventin\u012f namel\u012f statyti ant vejos. M\u016bs\u0173 \u012f\u017eeminimo kai\u0161\u010diai taip pat puikiai tinka jam pritvirtinti.<\/p>\n<p>Pripu\u010diamas medinis namelis tiekiamas tinkamame transportavimo krep\u0161yje. Siekiant apsaugoti pripu\u010diam\u0105 namel\u012f nuo i\u0161orinio poveikio ir transportavimo pa\u017eeidim\u0173, po kiekvieno naudojimo namel\u012f reikia tinkamai supakuoti. Nuomos \u012fmon\u0117 taip pat tur\u0117t\u0173 reikalauti, kad klientas tinkamai perpakuot\u0173 pripu\u010diam\u0105 namel\u012f.<\/p>\n<h3>I\u0161sami informacija apie pripu\u010diam\u0105 kaln\u0173 namel\u012f<\/h3>\n<ul>\n<li>Matmenys (D x \u0160 x V): 6,00 m x 4,00 m x 6,20 m *<\/li>\n<li>Svoris: ma\u017edaug. 80 kg *<\/li>\n<li>Pakuot\u0117s dydis: 80 x 80 x 110 cm *<\/li>\n<li>Surinkimo laikas: 10 minu\u010di\u0173<\/li>\n<li>Med\u017eiaga: PVC (0,55 mm \/ 621,3 g\/kv. m)<\/li>\n<li>2 &#8211; 4 si\u016bl\u0117s (priklausomai nuo naudojimo b\u016bdo)<\/li>\n<li>Apsauga nuo liepsnos<\/li>\n<li>Patvirtinimo sertifikatas pagal EN 14960<\/li>\n<li>U\u017etrauktukas su &#8222;Velcro&#8221; dangteliu, sutvirtinti kampai<\/li>\n<\/ul>\n<p>Pristatymo apimt\u012f sudaro: pripu\u010diamas kaln\u0173 namelis, transportavimo krep\u0161ys ir remonto rinkinys.<\/p>\n<p>P\u016bstuvas ir paklotas \u012f komplekt\u0105 ne\u012feina. J\u0173 rasite pried\u0173 kategorijoje.<\/p>\n<p>Pripu\u010diamasis kaln\u0173 namelis yra kokybi\u0161kas produktas, pagamintas pagal grie\u017etus reikalavimus, atitinkan\u010dius standart\u0105 EN 14960. Visos m\u016bs\u0173 \u0161okin\u0117jan\u010dios pilys ir pripu\u010diami atrakcionai yra profesional\u016bs moduliai, tinkami profesionaliai nuomai ir naudojimui pramog\u0173 parkuose, u\u017edar\u0173 patalp\u0173 \u017eaidim\u0173 aik\u0161tel\u0117se ir pana\u0161iai.<\/p>\n<p>Svarb\u016bs naudojimo nurodymai<\/p>\n<p>Naudojimo metu ventiliatorius (ne\u012ftrauktas \u012f komplekt\u0105) turi veikti nuolat.<br \/>\nNedidelis oro nutek\u0117jimas per si\u016bli\u0173 skylutes yra normalus rei\u0161kinys.<\/p>\n<p>* Svoris ir matmenys yra apytiksliai ir gali \u0161iek tiek skirtis<\/p>\n","protected":false},"excerpt":{"rendered":"<p><i class=\"fa fa-arrows-alt\"><\/i>  Matmenys (D x \u0160 x V): 6,00 m x 4,00 m x 6,20 m *<br \/>\n<i class=\"fa fa-check\"><\/i>  Profesionalus modulis &#8211; tinka komerciniam ir priva\u010diam naudojimui<\/p>\n<p><i class=\"fa fa-square\"><\/i>  PVC (0,55 mm \/ 621,3 g\/kv. m)<br \/>\n<i class=\"fa fa-align-justify\"><\/i>  2 &#8211; 4 kartus susi\u016bti (priklausomai nuo apkrovos)<br \/>\n<i class=\"fa fa-fire\"><\/i>  Apsauga nuo liepsnos<\/p>\n","protected":false},"featured_media":13689,"comment_status":"open","ping_status":"closed","template":"","meta":{"_acf_changed":false,"_uag_custom_page_level_css":"","site-sidebar-layout":"default","site-content-layout":"boxed-container","ast-site-content-layout":"normal-width-container","site-content-style":"boxed","site-sidebar-style":"boxed","ast-global-header-display":"","ast-banner-title-visibility":"","ast-main-header-display":"","ast-hfb-above-header-display":"","ast-hfb-below-header-display":"","ast-hfb-mobile-header-display":"","site-post-title":"disabled","ast-breadcrumbs-content":"","ast-featured-img":"","footer-sml-layout":"","ast-disable-related-posts":"","theme-transparent-header-meta":"default","adv-header-id-meta":"","stick-header-meta":"default","header-above-stick-meta":"","header-main-stick-meta":"","header-below-stick-meta":"","astra-migrate-meta-layouts":"default","ast-page-background-enabled":"default","ast-page-background-meta":{"desktop":{"background-color":"var(--ast-global-color-4)","background-image":"","background-repeat":"repeat","background-position":"center center","background-size":"auto","background-attachment":"scroll","background-type":"","background-media":"","overlay-type":"","overlay-color":"","overlay-opacity":"","overlay-gradient":""},"tablet":{"background-color":"","background-image":"","background-repeat":"repeat","background-position":"center center","background-size":"auto","background-attachment":"scroll","background-type":"","background-media":"","overlay-type":"","overlay-color":"","overlay-opacity":"","overlay-gradient":""},"mobile":{"background-color":"","background-image":"","background-repeat":"repeat","background-position":"center center","background-size":"auto","background-attachment":"scroll","background-type":"","background-media":"","overlay-type":"","overlay-color":"","overlay-opacity":"","overlay-gradient":""}},"ast-content-background-meta":{"desktop":{"background-color":"var(--ast-global-color-5)","background-image":"","background-repeat":"repeat","background-position":"center center","background-size":"auto","background-attachment":"scroll","background-type":"","background-media":"","overlay-type":"","overlay-color":"","overlay-opacity":"","overlay-gradient":""},"tablet":{"background-color":"var(--ast-global-color-5)","background-image":"","background-repeat":"repeat","background-position":"center center","background-size":"auto","background-attachment":"scroll","background-type":"","background-media":"","overlay-type":"","overlay-color":"","overlay-opacity":"","overlay-gradient":""},"mobile":{"background-color":"var(--ast-global-color-5)","background-image":"","background-repeat":"repeat","background-position":"center center","background-size":"auto","background-attachment":"scroll","background-type":"","background-media":"","overlay-type":"","overlay-color":"","overlay-opacity":"","overlay-gradient":""}}},"product_brand":[],"product_cat":[1290],"product_tag":[],"class_list":{"0":"post-13684","1":"product","2":"type-product","3":"status-publish","4":"has-post-thumbnail","6":"product_cat-atrakcijos","7":"product_shipping_class-spedition-hupfburg-lt","8":"pa_gtin-0669145336636-lt","9":"desktop-align-center","10":"tablet-align-center","11":"mobile-align-center","12":"ast-product-gallery-layout-horizontal","13":"ast-product-tabs-layout-horizontal","15":"first","16":"onbackorder","17":"taxable","18":"shipping-taxable","19":"purchasable","20":"product-type-simple"},"acf":[],"yoast_head":"<!-- This site is optimized with the Yoast SEO plugin v27.3 - https:\/\/yoast.com\/product\/yoast-seo-wordpress\/ -->\n<title>Pirkite pripu\u010diam\u0105 namel\u012f ir medin\u012f namel\u012f | Dodo-Inflatables.com<\/title>\n<meta name=\"description\" content=\"Pirkite m\u016bs\u0173 pripu\u010diam\u0105 medin\u012f namel\u012f kaip vakar\u0117lio palapin\u0119 tiesiogiai internetu Dodo-Inflatables.com | Daug modeli\u0173 sand\u0117lyje | Greitas pristatymas | Geriausia kokyb\u0117\" \/>\n<meta name=\"robots\" content=\"index, follow, max-snippet:-1, max-image-preview:large, max-video-preview:-1\" \/>\n<link rel=\"canonical\" href=\"https:\/\/dodo-inflatables.com\/lt\/produktas\/pripuciamas-alpiu-namelis\/\" \/>\n<meta name=\"twitter:label1\" content=\"Est. reading time\" \/>\n\t<meta name=\"twitter:data1\" content=\"2 minut\u0117s\" \/>\n<script type=\"application\/ld+json\" class=\"yoast-schema-graph\">{\"@context\":\"https:\\\/\\\/schema.org\",\"@graph\":[{\"@type\":\"WebPage\",\"@id\":\"https:\\\/\\\/dodo-inflatables.com\\\/lt\\\/produktas\\\/pripuciamas-alpiu-namelis\\\/\",\"url\":\"https:\\\/\\\/dodo-inflatables.com\\\/lt\\\/produktas\\\/pripuciamas-alpiu-namelis\\\/\",\"name\":\"Pirkite pripu\u010diam\u0105 namel\u012f ir medin\u012f namel\u012f | Dodo-Inflatables.com\",\"isPartOf\":{\"@id\":\"https:\\\/\\\/dodo-inflatables.com\\\/lt\\\/#website\"},\"primaryImageOfPage\":{\"@id\":\"https:\\\/\\\/dodo-inflatables.com\\\/lt\\\/produktas\\\/pripuciamas-alpiu-namelis\\\/#primaryimage\"},\"image\":{\"@id\":\"https:\\\/\\\/dodo-inflatables.com\\\/lt\\\/produktas\\\/pripuciamas-alpiu-namelis\\\/#primaryimage\"},\"thumbnailUrl\":\"https:\\\/\\\/dodo-inflatables.com\\\/wp-content\\\/uploads\\\/2021\\\/01\\\/Aufblasbare-Almhuette-Partyzelt-kaufen_0006_Ebene-3.jpg\",\"datePublished\":\"2021-01-18T11:17:14+00:00\",\"dateModified\":\"2024-06-01T16:29:52+00:00\",\"description\":\"Pirkite m\u016bs\u0173 pripu\u010diam\u0105 medin\u012f namel\u012f kaip vakar\u0117lio palapin\u0119 tiesiogiai internetu Dodo-Inflatables.com | Daug modeli\u0173 sand\u0117lyje | Greitas pristatymas | Geriausia kokyb\u0117\",\"breadcrumb\":{\"@id\":\"https:\\\/\\\/dodo-inflatables.com\\\/lt\\\/produktas\\\/pripuciamas-alpiu-namelis\\\/#breadcrumb\"},\"inLanguage\":\"lt-LT\",\"potentialAction\":[{\"@type\":\"ReadAction\",\"target\":[\"https:\\\/\\\/dodo-inflatables.com\\\/lt\\\/produktas\\\/pripuciamas-alpiu-namelis\\\/\"]}]},{\"@type\":\"ImageObject\",\"inLanguage\":\"lt-LT\",\"@id\":\"https:\\\/\\\/dodo-inflatables.com\\\/lt\\\/produktas\\\/pripuciamas-alpiu-namelis\\\/#primaryimage\",\"url\":\"https:\\\/\\\/dodo-inflatables.com\\\/wp-content\\\/uploads\\\/2021\\\/01\\\/Aufblasbare-Almhuette-Partyzelt-kaufen_0006_Ebene-3.jpg\",\"contentUrl\":\"https:\\\/\\\/dodo-inflatables.com\\\/wp-content\\\/uploads\\\/2021\\\/01\\\/Aufblasbare-Almhuette-Partyzelt-kaufen_0006_Ebene-3.jpg\",\"width\":500,\"height\":500},{\"@type\":\"BreadcrumbList\",\"@id\":\"https:\\\/\\\/dodo-inflatables.com\\\/lt\\\/produktas\\\/pripuciamas-alpiu-namelis\\\/#breadcrumb\",\"itemListElement\":[{\"@type\":\"ListItem\",\"position\":1,\"name\":\"Home\",\"item\":\"https:\\\/\\\/dodo-inflatables.com\\\/lt\\\/\"},{\"@type\":\"ListItem\",\"position\":2,\"name\":\"Parduotuv\u0117\",\"item\":\"https:\\\/\\\/dodo-inflatables.com\\\/lt\\\/parduotuve\\\/\"},{\"@type\":\"ListItem\",\"position\":3,\"name\":\"Pripu\u010diamas Alpi\u0173 namelis\"}]},{\"@type\":\"WebSite\",\"@id\":\"https:\\\/\\\/dodo-inflatables.com\\\/lt\\\/#website\",\"url\":\"https:\\\/\\\/dodo-inflatables.com\\\/lt\\\/\",\"name\":\"dodo-inflatables.com\",\"description\":\"\u012esigykite \u0161okin\u0117jan\u010di\u0173 pili\u0173 ir atrakcion\u0173 m\u016bs\u0173 parduotuv\u0117je.\",\"publisher\":{\"@id\":\"https:\\\/\\\/dodo-inflatables.com\\\/lt\\\/#organization\"},\"potentialAction\":[{\"@type\":\"SearchAction\",\"target\":{\"@type\":\"EntryPoint\",\"urlTemplate\":\"https:\\\/\\\/dodo-inflatables.com\\\/lt\\\/?s={search_term_string}\"},\"query-input\":{\"@type\":\"PropertyValueSpecification\",\"valueRequired\":true,\"valueName\":\"search_term_string\"}}],\"inLanguage\":\"lt-LT\"},{\"@type\":\"Organization\",\"@id\":\"https:\\\/\\\/dodo-inflatables.com\\\/lt\\\/#organization\",\"name\":\"dodo-inflatables.com\",\"url\":\"https:\\\/\\\/dodo-inflatables.com\\\/lt\\\/\",\"logo\":{\"@type\":\"ImageObject\",\"inLanguage\":\"lt-LT\",\"@id\":\"https:\\\/\\\/dodo-inflatables.com\\\/lt\\\/#\\\/schema\\\/logo\\\/image\\\/\",\"url\":\"https:\\\/\\\/dodo-inflatables.com\\\/wp-content\\\/uploads\\\/2023\\\/04\\\/cropped-cropped-cropped-Dodo-Logo.png\",\"contentUrl\":\"https:\\\/\\\/dodo-inflatables.com\\\/wp-content\\\/uploads\\\/2023\\\/04\\\/cropped-cropped-cropped-Dodo-Logo.png\",\"width\":2996,\"height\":1545,\"caption\":\"dodo-inflatables.com\"},\"image\":{\"@id\":\"https:\\\/\\\/dodo-inflatables.com\\\/lt\\\/#\\\/schema\\\/logo\\\/image\\\/\"}}]}<\/script>\n<!-- \/ Yoast SEO plugin. -->","yoast_head_json":{"title":"Pirkite pripu\u010diam\u0105 namel\u012f ir medin\u012f namel\u012f | Dodo-Inflatables.com","description":"Pirkite m\u016bs\u0173 pripu\u010diam\u0105 medin\u012f namel\u012f kaip vakar\u0117lio palapin\u0119 tiesiogiai internetu Dodo-Inflatables.com | Daug modeli\u0173 sand\u0117lyje | Greitas pristatymas | Geriausia kokyb\u0117","robots":{"index":"index","follow":"follow","max-snippet":"max-snippet:-1","max-image-preview":"max-image-preview:large","max-video-preview":"max-video-preview:-1"},"canonical":"https:\/\/dodo-inflatables.com\/lt\/produktas\/pripuciamas-alpiu-namelis\/","twitter_misc":{"Est. reading time":"2 minut\u0117s"},"schema":{"@context":"https:\/\/schema.org","@graph":[{"@type":"WebPage","@id":"https:\/\/dodo-inflatables.com\/lt\/produktas\/pripuciamas-alpiu-namelis\/","url":"https:\/\/dodo-inflatables.com\/lt\/produktas\/pripuciamas-alpiu-namelis\/","name":"Pirkite pripu\u010diam\u0105 namel\u012f ir medin\u012f namel\u012f | Dodo-Inflatables.com","isPartOf":{"@id":"https:\/\/dodo-inflatables.com\/lt\/#website"},"primaryImageOfPage":{"@id":"https:\/\/dodo-inflatables.com\/lt\/produktas\/pripuciamas-alpiu-namelis\/#primaryimage"},"image":{"@id":"https:\/\/dodo-inflatables.com\/lt\/produktas\/pripuciamas-alpiu-namelis\/#primaryimage"},"thumbnailUrl":"https:\/\/dodo-inflatables.com\/wp-content\/uploads\/2021\/01\/Aufblasbare-Almhuette-Partyzelt-kaufen_0006_Ebene-3.jpg","datePublished":"2021-01-18T11:17:14+00:00","dateModified":"2024-06-01T16:29:52+00:00","description":"Pirkite m\u016bs\u0173 pripu\u010diam\u0105 medin\u012f namel\u012f kaip vakar\u0117lio palapin\u0119 tiesiogiai internetu Dodo-Inflatables.com | Daug modeli\u0173 sand\u0117lyje | Greitas pristatymas | Geriausia kokyb\u0117","breadcrumb":{"@id":"https:\/\/dodo-inflatables.com\/lt\/produktas\/pripuciamas-alpiu-namelis\/#breadcrumb"},"inLanguage":"lt-LT","potentialAction":[{"@type":"ReadAction","target":["https:\/\/dodo-inflatables.com\/lt\/produktas\/pripuciamas-alpiu-namelis\/"]}]},{"@type":"ImageObject","inLanguage":"lt-LT","@id":"https:\/\/dodo-inflatables.com\/lt\/produktas\/pripuciamas-alpiu-namelis\/#primaryimage","url":"https:\/\/dodo-inflatables.com\/wp-content\/uploads\/2021\/01\/Aufblasbare-Almhuette-Partyzelt-kaufen_0006_Ebene-3.jpg","contentUrl":"https:\/\/dodo-inflatables.com\/wp-content\/uploads\/2021\/01\/Aufblasbare-Almhuette-Partyzelt-kaufen_0006_Ebene-3.jpg","width":500,"height":500},{"@type":"BreadcrumbList","@id":"https:\/\/dodo-inflatables.com\/lt\/produktas\/pripuciamas-alpiu-namelis\/#breadcrumb","itemListElement":[{"@type":"ListItem","position":1,"name":"Home","item":"https:\/\/dodo-inflatables.com\/lt\/"},{"@type":"ListItem","position":2,"name":"Parduotuv\u0117","item":"https:\/\/dodo-inflatables.com\/lt\/parduotuve\/"},{"@type":"ListItem","position":3,"name":"Pripu\u010diamas Alpi\u0173 namelis"}]},{"@type":"WebSite","@id":"https:\/\/dodo-inflatables.com\/lt\/#website","url":"https:\/\/dodo-inflatables.com\/lt\/","name":"dodo-inflatables.com","description":"\u012esigykite \u0161okin\u0117jan\u010di\u0173 pili\u0173 ir atrakcion\u0173 m\u016bs\u0173 parduotuv\u0117je.","publisher":{"@id":"https:\/\/dodo-inflatables.com\/lt\/#organization"},"potentialAction":[{"@type":"SearchAction","target":{"@type":"EntryPoint","urlTemplate":"https:\/\/dodo-inflatables.com\/lt\/?s={search_term_string}"},"query-input":{"@type":"PropertyValueSpecification","valueRequired":true,"valueName":"search_term_string"}}],"inLanguage":"lt-LT"},{"@type":"Organization","@id":"https:\/\/dodo-inflatables.com\/lt\/#organization","name":"dodo-inflatables.com","url":"https:\/\/dodo-inflatables.com\/lt\/","logo":{"@type":"ImageObject","inLanguage":"lt-LT","@id":"https:\/\/dodo-inflatables.com\/lt\/#\/schema\/logo\/image\/","url":"https:\/\/dodo-inflatables.com\/wp-content\/uploads\/2023\/04\/cropped-cropped-cropped-Dodo-Logo.png","contentUrl":"https:\/\/dodo-inflatables.com\/wp-content\/uploads\/2023\/04\/cropped-cropped-cropped-Dodo-Logo.png","width":2996,"height":1545,"caption":"dodo-inflatables.com"},"image":{"@id":"https:\/\/dodo-inflatables.com\/lt\/#\/schema\/logo\/image\/"}}]}},"uagb_featured_image_src":{"full":["https:\/\/dodo-inflatables.com\/wp-content\/uploads\/2021\/01\/Aufblasbare-Almhuette-Partyzelt-kaufen_0006_Ebene-3.jpg",500,500,false],"thumbnail":["https:\/\/dodo-inflatables.com\/wp-content\/uploads\/2021\/01\/Aufblasbare-Almhuette-Partyzelt-kaufen_0006_Ebene-3-150x150.jpg",150,150,true],"medium":["https:\/\/dodo-inflatables.com\/wp-content\/uploads\/2021\/01\/Aufblasbare-Almhuette-Partyzelt-kaufen_0006_Ebene-3-300x300.jpg",300,300,true],"medium_large":["https:\/\/dodo-inflatables.com\/wp-content\/uploads\/2021\/01\/Aufblasbare-Almhuette-Partyzelt-kaufen_0006_Ebene-3.jpg",500,500,false],"large":["https:\/\/dodo-inflatables.com\/wp-content\/uploads\/2021\/01\/Aufblasbare-Almhuette-Partyzelt-kaufen_0006_Ebene-3.jpg",500,500,false],"1536x1536":["https:\/\/dodo-inflatables.com\/wp-content\/uploads\/2021\/01\/Aufblasbare-Almhuette-Partyzelt-kaufen_0006_Ebene-3.jpg",500,500,false],"2048x2048":["https:\/\/dodo-inflatables.com\/wp-content\/uploads\/2021\/01\/Aufblasbare-Almhuette-Partyzelt-kaufen_0006_Ebene-3.jpg",500,500,false],"woocommerce_thumbnail":["https:\/\/dodo-inflatables.com\/wp-content\/uploads\/2021\/01\/Aufblasbare-Almhuette-Partyzelt-kaufen_0006_Ebene-3.jpg",500,500,false],"woocommerce_single":["https:\/\/dodo-inflatables.com\/wp-content\/uploads\/2021\/01\/Aufblasbare-Almhuette-Partyzelt-kaufen_0006_Ebene-3.jpg",500,500,false],"woocommerce_gallery_thumbnail":["https:\/\/dodo-inflatables.com\/wp-content\/uploads\/2021\/01\/Aufblasbare-Almhuette-Partyzelt-kaufen_0006_Ebene-3-100x100.jpg",100,100,true]},"uagb_author_info":{"display_name":"Andreas","author_link":"https:\/\/dodo-inflatables.com\/lt\/author\/"},"uagb_comment_info":0,"uagb_excerpt":"Matmenys (D x \u0160 x V): 6,00 m x 4,00 m x 6,20 m * Profesionalus modulis - tinka komerciniam ir priva\u010diam naudojimui PVC (0,55 mm \/ 621,3 g\/kv. m) 2 - 4 kartus susi\u016bti (priklausomai nuo apkrovos) Apsauga nuo liepsnos","_links":{"self":[{"href":"https:\/\/dodo-inflatables.com\/lt\/wp-json\/wp\/v2\/product\/13684","targetHints":{"allow":["GET"]}}],"collection":[{"href":"https:\/\/dodo-inflatables.com\/lt\/wp-json\/wp\/v2\/product"}],"about":[{"href":"https:\/\/dodo-inflatables.com\/lt\/wp-json\/wp\/v2\/types\/product"}],"replies":[{"embeddable":true,"href":"https:\/\/dodo-inflatables.com\/lt\/wp-json\/wp\/v2\/comments?post=13684"}],"wp:featuredmedia":[{"embeddable":true,"href":"https:\/\/dodo-inflatables.com\/lt\/wp-json\/wp\/v2\/media\/13689"}],"wp:attachment":[{"href":"https:\/\/dodo-inflatables.com\/lt\/wp-json\/wp\/v2\/media?parent=13684"}],"wp:term":[{"taxonomy":"product_brand","embeddable":true,"href":"https:\/\/dodo-inflatables.com\/lt\/wp-json\/wp\/v2\/product_brand?post=13684"},{"taxonomy":"product_cat","embeddable":true,"href":"https:\/\/dodo-inflatables.com\/lt\/wp-json\/wp\/v2\/product_cat?post=13684"},{"taxonomy":"product_tag","embeddable":true,"href":"https:\/\/dodo-inflatables.com\/lt\/wp-json\/wp\/v2\/product_tag?post=13684"}],"curies":[{"name":"wp","href":"https:\/\/api.w.org\/{rel}","templated":true}]}}