{"id":14113,"date":"2019-05-03T16:19:17","date_gmt":"2019-05-03T14:19:17","guid":{"rendered":"https:\/\/dodo-inflatables.com\/product\/sokinejanti-pilis-cirkas-su-ciuozykla\/"},"modified":"2024-09-28T21:39:57","modified_gmt":"2024-09-28T19:39:57","slug":"sokinejanti-pilis-cirkas-su-ciuozykla","status":"publish","type":"product","link":"https:\/\/dodo-inflatables.com\/lt\/produktas\/sokinejanti-pilis-cirkas-su-ciuozykla\/","title":{"rendered":"\u0160okin\u0117janti pilis Cirkas su \u010diuo\u017eykla"},"content":{"rendered":"<h2>Pirkti Cirko \u0161oklioji pilis su \u010diuo\u017eykla<\/h2>\n<p>  Spalvinga cirko tematikos pripu\u010diama pilis su \u010diuo\u017eykla nukelia vaikus tiesiai \u012f spindint\u012f cirko pasaul\u012f su juokingais klounais ir gyv\u016bnais. D\u0117l stogelio vir\u0161 nusileidimo kalnelio ir apsaugini\u0173 tinkl\u0173 prie vis\u0173 ang\u0173 pripu\u010diama pilis yra labai saugi. \u0160okin\u0117jimo namelio ir \u010diuo\u017eyklos derinys yra ypa\u010d patrauklus, nes \u010diuo\u017eykla prasideda ir baigiasi \u0161okin\u0117jimo namelyje. Tai rei\u0161kia, kad ma\u017eiesiems sve\u010diams nereikia i\u0161eiti i\u0161 pilies, tod\u0117l \u0161okdyn\u0117 lieka \u0161vari. &#8222;Circus Bouncy Castle&#8221; su \u010diuo\u017eykla yra su tinkamu transportavimo krep\u0161iu ir j\u0105 galima lengvai pastatyti per ma\u017edaug 10 minu\u010di\u0173. Pakuot\u0119 sudaro \u0161okin\u0117janti pilis, transportavimo krep\u0161ys ir remonto rinkinys. Atkreipkite d\u0117mes\u012f, kad p\u016bstuvas ir pagrindo paklotas \u012f komplekt\u0105 ne\u012feina. J\u0173 rasite m\u016bs\u0173 <a href=\"https:\/\/dodo-inflatables.com\/product-category\/accessories\/\">pried\u0173 kategorijoje<\/a>. Abu si\u016blomi p\u016bstuvai<a href=\"https:\/\/dodo-inflatables.com\/product\/huawei-blower\/\">(&#8222;Huawei&#8221;<\/a> ir &#8221; <a href=\"https:\/\/dodo-inflatables.com\/product\/gibbons-blower\/\">Gibbons&#8221;<\/a>) tinka \u0161okin\u0117jan\u010diai piliai. Pagaminta i\u0161 tvirto PVC brezento (0,55 mm \/ 621,3 g\/kv. m) ir sertifikuota pagal DIN EN 14960, &#8222;Circus Bouncy Castle&#8221; su \u010diuo\u017eykla yra kokybi\u0161kas gaminys, atitinkantis auk\u0161\u010diausius saugos standartus. Naudokite \u0161okdyn\u0119 tik ant tinkamo <a href=\"https:\/\/dodo-inflatables.com\/product\/ground-sheet-5-x-6-m\/\">pagrindo tento,<\/a> kad apsaugotum\u0117te j\u0105 nuo a\u0161tri\u0173 daikt\u0173, esan\u010di\u0173 ant \u017eem\u0117s, ir nuo trinties. Kad u\u017etikrintum\u0117te maksimal\u0173 saugum\u0105, rekomenduojame \u0161okli\u0105j\u0105 pil\u012f pastatyti \u017eol\u0117toje vietoje ir pritvirtinti j\u0105 m\u016bs\u0173 <a href=\"https:\/\/dodo-inflatables.com\/product\/ground-pegs-bouncy-castle\/\">gruntiniais inkarais<\/a>. Po kiekvieno naudojimo \u0161okli\u0105j\u0105 pil\u012f reikia i\u0161d\u017eiovinti ir tinkamai supakuoti, kad ji b\u016bt\u0173 apsaugota nuo i\u0161orinio poveikio ir transportavimo pa\u017eeidim\u0173.  <\/p>\n<h3><strong>I\u0161sami informacija apie cirko \u0161okli\u0105j\u0105 pil\u012f su \u010diuo\u017eykla<\/strong><\/h3>\n<ul>\n<li>Matmenys (D x \u0160 x V): 5,20 m x 4,00 m x 3,70 m *<\/li>\n<li>\u0160uoli\u0173 plotas (D x \u0160): \u0160uolio aik\u0161tel\u0117s dydis (plotas (plotas (x plotas)): 3,60 x 2,40 m *<\/li>\n<li>Skaidr\u0117s auk\u0161tis: 1,40 m plius 60 cm grind\u0173 auk\u0161tis *<\/li>\n<li>Svoris: ma\u017edaug. 100 kg *<\/li>\n<li>Pakuot\u0117s dydis: 80 x 80 x 110 cm *<\/li>\n<li>S\u0105rankos laikas: 10 minu\u010di\u0173<\/li>\n<li>Med\u017eiaga: PVC (0,55 mm \/ 621,3 g\/kv. m)<\/li>\n<li>2-4 kartus susi\u016bti (priklausomai nuo naudojimo)<\/li>\n<li>Ugniai atsparus<\/li>\n<li>Atitikties sertifikatas pagal EN 14960<\/li>\n<li>\u0160okin\u0117jantis pavir\u0161ius su apsaugin\u0117mis juostel\u0117mis, u\u017etrauktukas su velcro u\u017etrauktuku, sutvirtinti kampai<\/li>\n<\/ul>\n<p>  \u012e pakuot\u0119 \u012feina: \u0161okin\u0117janti pilis, transportavimo krep\u0161ys ir remonto rinkinys Circus \u0161okin\u0117janti pilis su \u010diuo\u017eykla yra profesionalus modulis, pagamintas ir i\u0161bandytas pagal grie\u017etas DIN EN 14960 rekomendacijas, tod\u0117l yra saugus ir patikimas. Tod\u0117l &#8222;Circus Bouncy Castle&#8221; su \u010diuo\u017eykla puikiai tinka profesionaliai nuomai. Atkreipkite d\u0117mes\u012f, kad \u0161okin\u0117jimo pilyje leid\u017eiama lankytis tik vaikams, suaugusiems &#8211; ne! Atkreipkite d\u0117mes\u012f, kad ventiliatorius (\u012f komplekt\u0105 ne\u012ftrauktas) turi veikti nuolat, o norint, kad \u0161okin\u0117janti pilis nesprogt\u0173, b\u016btina pro skylutes leisti nedidel\u012f oro sraut\u0105. \u012esigykite cirko \u0161okli\u0105j\u0105 pil\u012f su \u010diuo\u017eykla dabar ir patirkite nepamir\u0161tam\u0173 akimirk\u0173, kupin\u0173 linksmybi\u0173 ir nuotyki\u0173! * Svoris ir matmenys yra apytiksliai ir gali \u0161iek tiek skirtis.<\/p>\n","protected":false},"excerpt":{"rendered":"<p><i class=\"fa fa-arrows-alt\"><\/i>  Matmenys (D x \u0160 x V): 5,20 m x 4,00 m x 3,70 m * <i class=\"fa fa-child\"><\/i> Tinka ma\u017edaug.<br \/>\n10 vaik\u0173 (priklausomai nuo am\u017eiaus ir dyd\u017eio) <i class=\"fa fa-check\"><\/i> Profesionalus modulis &#8211; tinka komerciniam ir priva\u010diam naudojimui <i class=\"fa fa-square\"><\/i> PVC (0,55 mm \/ 621,3 g\/kv. m) <i class=\"fa fa-align-justify\"><\/i> Si\u016bti 2-4 kartus (priklausomai nuo naudojimo b\u016bdo) <i class=\"fa fa-fire\"><\/i> Labai atsparus ugniai <i class=\"fa fa-certificate\"><\/i> Patvirtinimo sertifikatas pagal EN 14960 <i class=\"fas fa-edit\"><\/i> Pridedamas individualus serijos numeris <\/p>\n","protected":false},"featured_media":58436,"comment_status":"open","ping_status":"closed","template":"","meta":{"_acf_changed":false,"_uag_custom_page_level_css":"","site-sidebar-layout":"default","site-content-layout":"boxed-container","ast-site-content-layout":"normal-width-container","site-content-style":"boxed","site-sidebar-style":"boxed","ast-global-header-display":"","ast-banner-title-visibility":"","ast-main-header-display":"","ast-hfb-above-header-display":"","ast-hfb-below-header-display":"","ast-hfb-mobile-header-display":"","site-post-title":"disabled","ast-breadcrumbs-content":"","ast-featured-img":"","footer-sml-layout":"","ast-disable-related-posts":"","theme-transparent-header-meta":"default","adv-header-id-meta":"","stick-header-meta":"default","header-above-stick-meta":"","header-main-stick-meta":"","header-below-stick-meta":"","astra-migrate-meta-layouts":"default","ast-page-background-enabled":"default","ast-page-background-meta":{"desktop":{"background-color":"var(--ast-global-color-4)","background-image":"","background-repeat":"repeat","background-position":"center center","background-size":"auto","background-attachment":"scroll","background-type":"","background-media":"","overlay-type":"","overlay-color":"","overlay-opacity":"","overlay-gradient":""},"tablet":{"background-color":"","background-image":"","background-repeat":"repeat","background-position":"center center","background-size":"auto","background-attachment":"scroll","background-type":"","background-media":"","overlay-type":"","overlay-color":"","overlay-opacity":"","overlay-gradient":""},"mobile":{"background-color":"","background-image":"","background-repeat":"repeat","background-position":"center center","background-size":"auto","background-attachment":"scroll","background-type":"","background-media":"","overlay-type":"","overlay-color":"","overlay-opacity":"","overlay-gradient":""}},"ast-content-background-meta":{"desktop":{"background-color":"var(--ast-global-color-5)","background-image":"","background-repeat":"repeat","background-position":"center center","background-size":"auto","background-attachment":"scroll","background-type":"","background-media":"","overlay-type":"","overlay-color":"","overlay-opacity":"","overlay-gradient":""},"tablet":{"background-color":"var(--ast-global-color-5)","background-image":"","background-repeat":"repeat","background-position":"center center","background-size":"auto","background-attachment":"scroll","background-type":"","background-media":"","overlay-type":"","overlay-color":"","overlay-opacity":"","overlay-gradient":""},"mobile":{"background-color":"var(--ast-global-color-5)","background-image":"","background-repeat":"repeat","background-position":"center center","background-size":"auto","background-attachment":"scroll","background-type":"","background-media":"","overlay-type":"","overlay-color":"","overlay-opacity":"","overlay-gradient":""}}},"product_brand":[],"product_cat":[1170,1178],"product_tag":[1184],"class_list":{"0":"post-14113","1":"product","2":"type-product","3":"status-publish","4":"has-post-thumbnail","6":"product_cat-bouncy-castles-lt","7":"product_cat-slides-lt","8":"product_tag-su-skaidriuoju","9":"product_shipping_class-spedition-hupfburg-lt","10":"pa_gtin-0669145336797-lt","11":"pa_height-360-m-400-m-lt-2","12":"pa_height-of-the-slide-110-m-150-m-lt","13":"pa_length-460-m-500-m-lt","14":"pa_type-of-bouncy-castle-bouncy-castle-with-slide-lt","15":"pa_width-410-m-450-m-lt-3","16":"desktop-align-center","17":"tablet-align-center","18":"mobile-align-center","19":"ast-product-gallery-layout-horizontal","20":"ast-product-tabs-layout-horizontal","22":"first","23":"instock","24":"taxable","25":"shipping-taxable","26":"purchasable","27":"product-type-simple"},"acf":[],"yoast_head":"<!-- This site is optimized with the Yoast SEO plugin v27.4 - https:\/\/yoast.com\/product\/yoast-seo-wordpress\/ -->\n<title>Cirko \u0161oklioji pilis su \u010diuo\u017eykla | Dodo-Inflatables.com<\/title>\n<meta name=\"description\" content=\"Pirkite m\u016bs\u0173 miel\u0105 cirko \u0161okdyn\u0119 su \u010diuo\u017eykla internetu dodo-inflatables | Platus pasirinkimas sand\u0117lyje | Sertifikuota pagal EN14960 | S\u0105\u017einingos kainos\" \/>\n<meta name=\"robots\" content=\"index, follow, max-snippet:-1, max-image-preview:large, max-video-preview:-1\" \/>\n<link rel=\"canonical\" href=\"https:\/\/dodo-inflatables.com\/lt\/produktas\/sokinejanti-pilis-cirkas-su-ciuozykla\/\" \/>\n<meta name=\"twitter:label1\" content=\"Est. reading time\" \/>\n\t<meta name=\"twitter:data1\" content=\"2 minut\u0117s\" \/>\n<script type=\"application\/ld+json\" class=\"yoast-schema-graph\">{\"@context\":\"https:\\\/\\\/schema.org\",\"@graph\":[{\"@type\":\"WebPage\",\"@id\":\"https:\\\/\\\/dodo-inflatables.com\\\/lt\\\/produktas\\\/sokinejanti-pilis-cirkas-su-ciuozykla\\\/\",\"url\":\"https:\\\/\\\/dodo-inflatables.com\\\/lt\\\/produktas\\\/sokinejanti-pilis-cirkas-su-ciuozykla\\\/\",\"name\":\"Cirko \u0161oklioji pilis su \u010diuo\u017eykla | Dodo-Inflatables.com\",\"isPartOf\":{\"@id\":\"https:\\\/\\\/dodo-inflatables.com\\\/lt\\\/#website\"},\"primaryImageOfPage\":{\"@id\":\"https:\\\/\\\/dodo-inflatables.com\\\/lt\\\/produktas\\\/sokinejanti-pilis-cirkas-su-ciuozykla\\\/#primaryimage\"},\"image\":{\"@id\":\"https:\\\/\\\/dodo-inflatables.com\\\/lt\\\/produktas\\\/sokinejanti-pilis-cirkas-su-ciuozykla\\\/#primaryimage\"},\"thumbnailUrl\":\"https:\\\/\\\/dodo-inflatables.com\\\/wp-content\\\/uploads\\\/2019\\\/05\\\/Buy-circus-bouncy-castle-7.jpg\",\"datePublished\":\"2019-05-03T14:19:17+00:00\",\"dateModified\":\"2024-09-28T19:39:57+00:00\",\"description\":\"Pirkite m\u016bs\u0173 miel\u0105 cirko \u0161okdyn\u0119 su \u010diuo\u017eykla internetu dodo-inflatables | Platus pasirinkimas sand\u0117lyje | Sertifikuota pagal EN14960 | S\u0105\u017einingos kainos\",\"breadcrumb\":{\"@id\":\"https:\\\/\\\/dodo-inflatables.com\\\/lt\\\/produktas\\\/sokinejanti-pilis-cirkas-su-ciuozykla\\\/#breadcrumb\"},\"inLanguage\":\"lt-LT\",\"potentialAction\":[{\"@type\":\"ReadAction\",\"target\":[\"https:\\\/\\\/dodo-inflatables.com\\\/lt\\\/produktas\\\/sokinejanti-pilis-cirkas-su-ciuozykla\\\/\"]}]},{\"@type\":\"ImageObject\",\"inLanguage\":\"lt-LT\",\"@id\":\"https:\\\/\\\/dodo-inflatables.com\\\/lt\\\/produktas\\\/sokinejanti-pilis-cirkas-su-ciuozykla\\\/#primaryimage\",\"url\":\"https:\\\/\\\/dodo-inflatables.com\\\/wp-content\\\/uploads\\\/2019\\\/05\\\/Buy-circus-bouncy-castle-7.jpg\",\"contentUrl\":\"https:\\\/\\\/dodo-inflatables.com\\\/wp-content\\\/uploads\\\/2019\\\/05\\\/Buy-circus-bouncy-castle-7.jpg\",\"width\":1000,\"height\":1000},{\"@type\":\"BreadcrumbList\",\"@id\":\"https:\\\/\\\/dodo-inflatables.com\\\/lt\\\/produktas\\\/sokinejanti-pilis-cirkas-su-ciuozykla\\\/#breadcrumb\",\"itemListElement\":[{\"@type\":\"ListItem\",\"position\":1,\"name\":\"Home\",\"item\":\"https:\\\/\\\/dodo-inflatables.com\\\/lt\\\/\"},{\"@type\":\"ListItem\",\"position\":2,\"name\":\"Parduotuv\u0117\",\"item\":\"https:\\\/\\\/dodo-inflatables.com\\\/lt\\\/parduotuve\\\/\"},{\"@type\":\"ListItem\",\"position\":3,\"name\":\"\u0160okin\u0117janti pilis Cirkas su \u010diuo\u017eykla\"}]},{\"@type\":\"WebSite\",\"@id\":\"https:\\\/\\\/dodo-inflatables.com\\\/lt\\\/#website\",\"url\":\"https:\\\/\\\/dodo-inflatables.com\\\/lt\\\/\",\"name\":\"dodo-inflatables.com\",\"description\":\"\u012esigykite \u0161okin\u0117jan\u010di\u0173 pili\u0173 ir atrakcion\u0173 m\u016bs\u0173 parduotuv\u0117je.\",\"publisher\":{\"@id\":\"https:\\\/\\\/dodo-inflatables.com\\\/lt\\\/#organization\"},\"potentialAction\":[{\"@type\":\"SearchAction\",\"target\":{\"@type\":\"EntryPoint\",\"urlTemplate\":\"https:\\\/\\\/dodo-inflatables.com\\\/lt\\\/?s={search_term_string}\"},\"query-input\":{\"@type\":\"PropertyValueSpecification\",\"valueRequired\":true,\"valueName\":\"search_term_string\"}}],\"inLanguage\":\"lt-LT\"},{\"@type\":\"Organization\",\"@id\":\"https:\\\/\\\/dodo-inflatables.com\\\/lt\\\/#organization\",\"name\":\"dodo-inflatables.com\",\"url\":\"https:\\\/\\\/dodo-inflatables.com\\\/lt\\\/\",\"logo\":{\"@type\":\"ImageObject\",\"inLanguage\":\"lt-LT\",\"@id\":\"https:\\\/\\\/dodo-inflatables.com\\\/lt\\\/#\\\/schema\\\/logo\\\/image\\\/\",\"url\":\"https:\\\/\\\/dodo-inflatables.com\\\/wp-content\\\/uploads\\\/2023\\\/04\\\/cropped-cropped-cropped-Dodo-Logo.png\",\"contentUrl\":\"https:\\\/\\\/dodo-inflatables.com\\\/wp-content\\\/uploads\\\/2023\\\/04\\\/cropped-cropped-cropped-Dodo-Logo.png\",\"width\":2996,\"height\":1545,\"caption\":\"dodo-inflatables.com\"},\"image\":{\"@id\":\"https:\\\/\\\/dodo-inflatables.com\\\/lt\\\/#\\\/schema\\\/logo\\\/image\\\/\"}}]}<\/script>\n<!-- \/ Yoast SEO plugin. -->","yoast_head_json":{"title":"Cirko \u0161oklioji pilis su \u010diuo\u017eykla | Dodo-Inflatables.com","description":"Pirkite m\u016bs\u0173 miel\u0105 cirko \u0161okdyn\u0119 su \u010diuo\u017eykla internetu dodo-inflatables | Platus pasirinkimas sand\u0117lyje | Sertifikuota pagal EN14960 | S\u0105\u017einingos kainos","robots":{"index":"index","follow":"follow","max-snippet":"max-snippet:-1","max-image-preview":"max-image-preview:large","max-video-preview":"max-video-preview:-1"},"canonical":"https:\/\/dodo-inflatables.com\/lt\/produktas\/sokinejanti-pilis-cirkas-su-ciuozykla\/","twitter_misc":{"Est. reading time":"2 minut\u0117s"},"schema":{"@context":"https:\/\/schema.org","@graph":[{"@type":"WebPage","@id":"https:\/\/dodo-inflatables.com\/lt\/produktas\/sokinejanti-pilis-cirkas-su-ciuozykla\/","url":"https:\/\/dodo-inflatables.com\/lt\/produktas\/sokinejanti-pilis-cirkas-su-ciuozykla\/","name":"Cirko \u0161oklioji pilis su \u010diuo\u017eykla | Dodo-Inflatables.com","isPartOf":{"@id":"https:\/\/dodo-inflatables.com\/lt\/#website"},"primaryImageOfPage":{"@id":"https:\/\/dodo-inflatables.com\/lt\/produktas\/sokinejanti-pilis-cirkas-su-ciuozykla\/#primaryimage"},"image":{"@id":"https:\/\/dodo-inflatables.com\/lt\/produktas\/sokinejanti-pilis-cirkas-su-ciuozykla\/#primaryimage"},"thumbnailUrl":"https:\/\/dodo-inflatables.com\/wp-content\/uploads\/2019\/05\/Buy-circus-bouncy-castle-7.jpg","datePublished":"2019-05-03T14:19:17+00:00","dateModified":"2024-09-28T19:39:57+00:00","description":"Pirkite m\u016bs\u0173 miel\u0105 cirko \u0161okdyn\u0119 su \u010diuo\u017eykla internetu dodo-inflatables | Platus pasirinkimas sand\u0117lyje | Sertifikuota pagal EN14960 | S\u0105\u017einingos kainos","breadcrumb":{"@id":"https:\/\/dodo-inflatables.com\/lt\/produktas\/sokinejanti-pilis-cirkas-su-ciuozykla\/#breadcrumb"},"inLanguage":"lt-LT","potentialAction":[{"@type":"ReadAction","target":["https:\/\/dodo-inflatables.com\/lt\/produktas\/sokinejanti-pilis-cirkas-su-ciuozykla\/"]}]},{"@type":"ImageObject","inLanguage":"lt-LT","@id":"https:\/\/dodo-inflatables.com\/lt\/produktas\/sokinejanti-pilis-cirkas-su-ciuozykla\/#primaryimage","url":"https:\/\/dodo-inflatables.com\/wp-content\/uploads\/2019\/05\/Buy-circus-bouncy-castle-7.jpg","contentUrl":"https:\/\/dodo-inflatables.com\/wp-content\/uploads\/2019\/05\/Buy-circus-bouncy-castle-7.jpg","width":1000,"height":1000},{"@type":"BreadcrumbList","@id":"https:\/\/dodo-inflatables.com\/lt\/produktas\/sokinejanti-pilis-cirkas-su-ciuozykla\/#breadcrumb","itemListElement":[{"@type":"ListItem","position":1,"name":"Home","item":"https:\/\/dodo-inflatables.com\/lt\/"},{"@type":"ListItem","position":2,"name":"Parduotuv\u0117","item":"https:\/\/dodo-inflatables.com\/lt\/parduotuve\/"},{"@type":"ListItem","position":3,"name":"\u0160okin\u0117janti pilis Cirkas su \u010diuo\u017eykla"}]},{"@type":"WebSite","@id":"https:\/\/dodo-inflatables.com\/lt\/#website","url":"https:\/\/dodo-inflatables.com\/lt\/","name":"dodo-inflatables.com","description":"\u012esigykite \u0161okin\u0117jan\u010di\u0173 pili\u0173 ir atrakcion\u0173 m\u016bs\u0173 parduotuv\u0117je.","publisher":{"@id":"https:\/\/dodo-inflatables.com\/lt\/#organization"},"potentialAction":[{"@type":"SearchAction","target":{"@type":"EntryPoint","urlTemplate":"https:\/\/dodo-inflatables.com\/lt\/?s={search_term_string}"},"query-input":{"@type":"PropertyValueSpecification","valueRequired":true,"valueName":"search_term_string"}}],"inLanguage":"lt-LT"},{"@type":"Organization","@id":"https:\/\/dodo-inflatables.com\/lt\/#organization","name":"dodo-inflatables.com","url":"https:\/\/dodo-inflatables.com\/lt\/","logo":{"@type":"ImageObject","inLanguage":"lt-LT","@id":"https:\/\/dodo-inflatables.com\/lt\/#\/schema\/logo\/image\/","url":"https:\/\/dodo-inflatables.com\/wp-content\/uploads\/2023\/04\/cropped-cropped-cropped-Dodo-Logo.png","contentUrl":"https:\/\/dodo-inflatables.com\/wp-content\/uploads\/2023\/04\/cropped-cropped-cropped-Dodo-Logo.png","width":2996,"height":1545,"caption":"dodo-inflatables.com"},"image":{"@id":"https:\/\/dodo-inflatables.com\/lt\/#\/schema\/logo\/image\/"}}]}},"uagb_featured_image_src":{"full":["https:\/\/dodo-inflatables.com\/wp-content\/uploads\/2019\/05\/Buy-circus-bouncy-castle-7.jpg",1000,1000,false],"thumbnail":["https:\/\/dodo-inflatables.com\/wp-content\/uploads\/2019\/05\/Buy-circus-bouncy-castle-7-150x150.jpg",150,150,true],"medium":["https:\/\/dodo-inflatables.com\/wp-content\/uploads\/2019\/05\/Buy-circus-bouncy-castle-7-300x300.jpg",300,300,true],"medium_large":["https:\/\/dodo-inflatables.com\/wp-content\/uploads\/2019\/05\/Buy-circus-bouncy-castle-7-768x768.jpg",768,768,true],"large":["https:\/\/dodo-inflatables.com\/wp-content\/uploads\/2019\/05\/Buy-circus-bouncy-castle-7.jpg",1000,1000,false],"1536x1536":["https:\/\/dodo-inflatables.com\/wp-content\/uploads\/2019\/05\/Buy-circus-bouncy-castle-7.jpg",1000,1000,false],"2048x2048":["https:\/\/dodo-inflatables.com\/wp-content\/uploads\/2019\/05\/Buy-circus-bouncy-castle-7.jpg",1000,1000,false],"woocommerce_thumbnail":["https:\/\/dodo-inflatables.com\/wp-content\/uploads\/2019\/05\/Buy-circus-bouncy-castle-7-900x900.jpg",900,900,true],"woocommerce_single":["https:\/\/dodo-inflatables.com\/wp-content\/uploads\/2019\/05\/Buy-circus-bouncy-castle-7-900x900.jpg",900,900,true],"woocommerce_gallery_thumbnail":["https:\/\/dodo-inflatables.com\/wp-content\/uploads\/2019\/05\/Buy-circus-bouncy-castle-7-100x100.jpg",100,100,true]},"uagb_author_info":{"display_name":"Andreas","author_link":"https:\/\/dodo-inflatables.com\/lt\/author\/"},"uagb_comment_info":0,"uagb_excerpt":"Matmenys (D x \u0160 x V): 5,20 m x 4,00 m x 3,70 m * Tinka ma\u017edaug. 10 vaik\u0173 (priklausomai nuo am\u017eiaus ir dyd\u017eio) Profesionalus modulis - tinka komerciniam ir priva\u010diam naudojimui PVC (0,55 mm \/ 621,3 g\/kv. m) Si\u016bti 2-4 kartus (priklausomai nuo naudojimo b\u016bdo) Labai atsparus ugniai Patvirtinimo sertifikatas pagal EN 14960 Pridedamas&hellip;","_links":{"self":[{"href":"https:\/\/dodo-inflatables.com\/lt\/wp-json\/wp\/v2\/product\/14113","targetHints":{"allow":["GET"]}}],"collection":[{"href":"https:\/\/dodo-inflatables.com\/lt\/wp-json\/wp\/v2\/product"}],"about":[{"href":"https:\/\/dodo-inflatables.com\/lt\/wp-json\/wp\/v2\/types\/product"}],"replies":[{"embeddable":true,"href":"https:\/\/dodo-inflatables.com\/lt\/wp-json\/wp\/v2\/comments?post=14113"}],"wp:featuredmedia":[{"embeddable":true,"href":"https:\/\/dodo-inflatables.com\/lt\/wp-json\/wp\/v2\/media\/58436"}],"wp:attachment":[{"href":"https:\/\/dodo-inflatables.com\/lt\/wp-json\/wp\/v2\/media?parent=14113"}],"wp:term":[{"taxonomy":"product_brand","embeddable":true,"href":"https:\/\/dodo-inflatables.com\/lt\/wp-json\/wp\/v2\/product_brand?post=14113"},{"taxonomy":"product_cat","embeddable":true,"href":"https:\/\/dodo-inflatables.com\/lt\/wp-json\/wp\/v2\/product_cat?post=14113"},{"taxonomy":"product_tag","embeddable":true,"href":"https:\/\/dodo-inflatables.com\/lt\/wp-json\/wp\/v2\/product_tag?post=14113"}],"curies":[{"name":"wp","href":"https:\/\/api.w.org\/{rel}","templated":true}]}}