{"id":14204,"date":"2024-03-26T17:00:35","date_gmt":"2024-03-26T16:00:35","guid":{"rendered":"https:\/\/dodo-inflatables.com\/product\/huawei-pustuvas-reh-2e-2ps\/"},"modified":"2025-04-16T21:35:11","modified_gmt":"2025-04-16T19:35:11","slug":"huawei-pustuvas-reh-2e-2ps","status":"publish","type":"product","link":"https:\/\/dodo-inflatables.com\/lt\/produktas\/huawei-pustuvas-reh-2e-2ps\/","title":{"rendered":"&#8222;Huawei&#8221; p\u016bstuvas REH-2E &#8211; 2PS"},"content":{"rendered":"<h2>Pirkti &#8222;Huawei&#8221; pripu\u010diam\u0173 val\u010di\u0173 p\u016bstuvas REH-2E &#8211; 2PS<\/h2>\n<p>&#8222;Huawei&#8221; pripu\u010diamas p\u016bstuvas yra kaip tik tai, kas tinka nuomos \u012fmon\u0117ms arba klientams, turintiems kelet\u0105 pripu\u010diam\u0173 \u012frengini\u0173.<\/p>\n<p><strong>Galingas oro srautas<\/strong>: Sukurtas optimaliam oro srautui, jis greitai ir efektyviai pripu\u010dia j\u016bs\u0173 pripu\u010diam\u0105 daikt\u0105 ir visada palaiko puik\u0173 oro sl\u0117g\u012f.<br \/>\n<strong>Universalus suderinamumas<\/strong>: Tinka \u012fvairioms pripu\u010diamoms konstrukcijoms: nuo \u0161okin\u0117jan\u010di\u0173 pili\u0173 iki pripu\u010diam\u0173 \u010diuo\u017eykl\u0173 ir kt.<br \/>\n<strong>Pl\u0117tros galimyb\u0117s<\/strong>: Naudojant i\u0161pl\u0117timo galimybes, prie p\u016bstuvo galima pritvirtinti <a href=\"https:\/\/dodo-inflatables.com\/lt\/produktas\/huawei-defliatoriaus-priedas-dvigubas\/\">oro i\u0161p\u016btimo \u012frengin\u012f<\/a>, kuris i\u0161siurbia or\u0105 i\u0161 pripu\u010diamo objekto, kad j\u012f b\u016bt\u0173 galima grei\u010diau i\u0161ardyti. &#8222;Huawei&#8221; ventiliatoriuje taip pat yra<a href=\"https:\/\/dodo-inflatables.com\/lt\/produktas\/huawei-sildytuvo-priedas\/\">&#8222;Heater<\/a>&#8221; i\u0161pl\u0117timo galimyb\u0117. \u0160is \u0161ildytuvas taip pat prijungtas prie p\u016bstuvo patentuota greito paspaudimo sistema ir \u0161ildo \u012fsiurbiam\u0105 or\u0105, kuris pu\u010diamas \u012f pripu\u010diam\u0105j\u012f. Tai rei\u0161kia, kad \u0161lapia pripu\u010diama lova i\u0161d\u017ei\u016bsta daug grei\u010diau ir nebereikia keli\u0173 valand\u0173 pripu\u010diamai lovei i\u0161d\u017eiovinti.<\/p>\n<p>&nbsp;<\/p>\n<h3>I\u0161sami informacija apie &#8222;Huawei&#8221; pripu\u010diam\u0105 p\u016bstuv\u0105 REH-2E &#8211; 2PS<\/h3>\n<ul>\n<li>Med\u017eiaga: auk\u0161tos kokyb\u0117s plastikinis korpusas<\/li>\n<li>Galia: 1,35 kW (i\u0161\u0117jimas), 1,8 kW (\u012f\u0117jimas), 2 AG<\/li>\n<li>Ry\u0161ys: Schuko ki\u0161tukas<\/li>\n<li>Bunkerio skersmuo: 14,5 cm<\/li>\n<li>Matmenys: 49 x 38,5 x 49,5 cm<\/li>\n<li>Svoris: 16,8 kg<\/li>\n<li>Triuk\u0161mo lygis: 85 dB<\/li>\n<li>WEEE reg. ne. DE 82972723<\/li>\n<\/ul>\n<p><strong>\u0160is p\u016bstuvas reikalingas tik labai didel\u0117ms pripu\u010diamoms valtims ir \u0161iek tiek senesn\u0117ms pripu\u010diamoms valtims, kuri\u0173 si\u016bl\u0117s jau yra \u0161iek tiek atsipalaidavusios, tod\u0117l joms reikia didesnio oro i\u0161leidimo.<\/strong><br \/>\n<strong>Visiems m\u016bs\u0173 \u012fprastiems pripu\u010diamiems namams naudokite 1,5 AG &#8222;Huawei&#8221; p\u016bstuv\u0105.<\/strong><\/p>\n<p>&nbsp;<\/p>\n","protected":false},"excerpt":{"rendered":"<ul>\n<li>&#8222;Huawei Bouncy Castle Blower&#8221; REH-2E &#8211; 2PS<\/li>\n<li>Tinka visoms si\u016blomoms \u0161okdyn\u0117ms ir rengini\u0173 moduliams<\/li>\n<li>Profesionalus &#8211; tinka komerciniam ir priva\u010diam naudojimui<\/li>\n<\/ul>\n","protected":false},"featured_media":13762,"comment_status":"open","ping_status":"closed","template":"","meta":{"_acf_changed":false,"_uag_custom_page_level_css":"","site-sidebar-layout":"default","site-content-layout":"boxed-container","ast-site-content-layout":"normal-width-container","site-content-style":"boxed","site-sidebar-style":"boxed","ast-global-header-display":"","ast-banner-title-visibility":"","ast-main-header-display":"","ast-hfb-above-header-display":"","ast-hfb-below-header-display":"","ast-hfb-mobile-header-display":"","site-post-title":"disabled","ast-breadcrumbs-content":"","ast-featured-img":"","footer-sml-layout":"","ast-disable-related-posts":"","theme-transparent-header-meta":"default","adv-header-id-meta":"","stick-header-meta":"default","header-above-stick-meta":"","header-main-stick-meta":"","header-below-stick-meta":"","astra-migrate-meta-layouts":"default","ast-page-background-enabled":"default","ast-page-background-meta":{"desktop":{"background-color":"var(--ast-global-color-4)","background-image":"","background-repeat":"repeat","background-position":"center center","background-size":"auto","background-attachment":"scroll","background-type":"","background-media":"","overlay-type":"","overlay-color":"","overlay-opacity":"","overlay-gradient":""},"tablet":{"background-color":"","background-image":"","background-repeat":"repeat","background-position":"center center","background-size":"auto","background-attachment":"scroll","background-type":"","background-media":"","overlay-type":"","overlay-color":"","overlay-opacity":"","overlay-gradient":""},"mobile":{"background-color":"","background-image":"","background-repeat":"repeat","background-position":"center center","background-size":"auto","background-attachment":"scroll","background-type":"","background-media":"","overlay-type":"","overlay-color":"","overlay-opacity":"","overlay-gradient":""}},"ast-content-background-meta":{"desktop":{"background-color":"var(--ast-global-color-5)","background-image":"","background-repeat":"repeat","background-position":"center center","background-size":"auto","background-attachment":"scroll","background-type":"","background-media":"","overlay-type":"","overlay-color":"","overlay-opacity":"","overlay-gradient":""},"tablet":{"background-color":"var(--ast-global-color-5)","background-image":"","background-repeat":"repeat","background-position":"center center","background-size":"auto","background-attachment":"scroll","background-type":"","background-media":"","overlay-type":"","overlay-color":"","overlay-opacity":"","overlay-gradient":""},"mobile":{"background-color":"var(--ast-global-color-5)","background-image":"","background-repeat":"repeat","background-position":"center center","background-size":"auto","background-attachment":"scroll","background-type":"","background-media":"","overlay-type":"","overlay-color":"","overlay-opacity":"","overlay-gradient":""}}},"product_brand":[],"product_cat":[1162],"product_tag":[],"class_list":{"0":"post-14204","1":"product","2":"type-product","3":"status-publish","4":"has-post-thumbnail","6":"product_cat-priedai","7":"product_shipping_class-zubehor-lt","8":"desktop-align-center","9":"tablet-align-center","10":"mobile-align-center","11":"ast-product-gallery-layout-horizontal","12":"ast-product-gallery-with-no-image","13":"ast-product-tabs-layout-horizontal","15":"first","16":"instock","17":"taxable","18":"shipping-taxable","19":"purchasable","20":"product-type-simple"},"acf":[],"yoast_head":"<!-- This site is optimized with the Yoast SEO plugin v27.3 - https:\/\/yoast.com\/product\/yoast-seo-wordpress\/ -->\n<title>Pirkti &quot;Huawei&quot; p\u016bstuvus, skirtus \u0161okdyn\u0117ms | Dodo-Inflatables.com<\/title>\n<meta name=\"description\" content=\"Pirkti &quot;Huawei&quot; p\u016bstuvas pripu\u010diamiems nameliams REH-1.5E - 1.5HP ne Dodo-Inflatables.com | S\u0105\u017einingos kainos | Visada sand\u0117lyje | Greitas pristatymas!\" \/>\n<meta name=\"robots\" content=\"index, follow, max-snippet:-1, max-image-preview:large, max-video-preview:-1\" \/>\n<link rel=\"canonical\" href=\"https:\/\/dodo-inflatables.com\/lt\/produktas\/huawei-pustuvas-reh-2e-2ps\/\" \/>\n<meta name=\"twitter:label1\" content=\"Est. reading time\" \/>\n\t<meta name=\"twitter:data1\" content=\"1 minut\u0117\" \/>\n<script type=\"application\/ld+json\" class=\"yoast-schema-graph\">{\"@context\":\"https:\\\/\\\/schema.org\",\"@graph\":[{\"@type\":\"WebPage\",\"@id\":\"https:\\\/\\\/dodo-inflatables.com\\\/lt\\\/produktas\\\/huawei-pustuvas-reh-2e-2ps\\\/\",\"url\":\"https:\\\/\\\/dodo-inflatables.com\\\/lt\\\/produktas\\\/huawei-pustuvas-reh-2e-2ps\\\/\",\"name\":\"Pirkti \\\"Huawei\\\" p\u016bstuvus, skirtus \u0161okdyn\u0117ms | Dodo-Inflatables.com\",\"isPartOf\":{\"@id\":\"https:\\\/\\\/dodo-inflatables.com\\\/lt\\\/#website\"},\"primaryImageOfPage\":{\"@id\":\"https:\\\/\\\/dodo-inflatables.com\\\/lt\\\/produktas\\\/huawei-pustuvas-reh-2e-2ps\\\/#primaryimage\"},\"image\":{\"@id\":\"https:\\\/\\\/dodo-inflatables.com\\\/lt\\\/produktas\\\/huawei-pustuvas-reh-2e-2ps\\\/#primaryimage\"},\"thumbnailUrl\":\"https:\\\/\\\/dodo-inflatables.com\\\/wp-content\\\/uploads\\\/2020\\\/12\\\/Hupfburg-Geblase-Huawei-kaufen_0007_Air-Blower-REH-1.5E.jpg\",\"datePublished\":\"2024-03-26T16:00:35+00:00\",\"dateModified\":\"2025-04-16T19:35:11+00:00\",\"description\":\"Pirkti \\\"Huawei\\\" p\u016bstuvas pripu\u010diamiems nameliams REH-1.5E - 1.5HP ne Dodo-Inflatables.com | S\u0105\u017einingos kainos | Visada sand\u0117lyje | Greitas pristatymas!\",\"breadcrumb\":{\"@id\":\"https:\\\/\\\/dodo-inflatables.com\\\/lt\\\/produktas\\\/huawei-pustuvas-reh-2e-2ps\\\/#breadcrumb\"},\"inLanguage\":\"lt-LT\",\"potentialAction\":[{\"@type\":\"ReadAction\",\"target\":[\"https:\\\/\\\/dodo-inflatables.com\\\/lt\\\/produktas\\\/huawei-pustuvas-reh-2e-2ps\\\/\"]}]},{\"@type\":\"ImageObject\",\"inLanguage\":\"lt-LT\",\"@id\":\"https:\\\/\\\/dodo-inflatables.com\\\/lt\\\/produktas\\\/huawei-pustuvas-reh-2e-2ps\\\/#primaryimage\",\"url\":\"https:\\\/\\\/dodo-inflatables.com\\\/wp-content\\\/uploads\\\/2020\\\/12\\\/Hupfburg-Geblase-Huawei-kaufen_0007_Air-Blower-REH-1.5E.jpg\",\"contentUrl\":\"https:\\\/\\\/dodo-inflatables.com\\\/wp-content\\\/uploads\\\/2020\\\/12\\\/Hupfburg-Geblase-Huawei-kaufen_0007_Air-Blower-REH-1.5E.jpg\",\"width\":500,\"height\":500},{\"@type\":\"BreadcrumbList\",\"@id\":\"https:\\\/\\\/dodo-inflatables.com\\\/lt\\\/produktas\\\/huawei-pustuvas-reh-2e-2ps\\\/#breadcrumb\",\"itemListElement\":[{\"@type\":\"ListItem\",\"position\":1,\"name\":\"Home\",\"item\":\"https:\\\/\\\/dodo-inflatables.com\\\/lt\\\/\"},{\"@type\":\"ListItem\",\"position\":2,\"name\":\"Parduotuv\u0117\",\"item\":\"https:\\\/\\\/dodo-inflatables.com\\\/lt\\\/parduotuve\\\/\"},{\"@type\":\"ListItem\",\"position\":3,\"name\":\"&#8222;Huawei&#8221; p\u016bstuvas REH-2E &#8211; 2PS\"}]},{\"@type\":\"WebSite\",\"@id\":\"https:\\\/\\\/dodo-inflatables.com\\\/lt\\\/#website\",\"url\":\"https:\\\/\\\/dodo-inflatables.com\\\/lt\\\/\",\"name\":\"dodo-inflatables.com\",\"description\":\"\u012esigykite \u0161okin\u0117jan\u010di\u0173 pili\u0173 ir atrakcion\u0173 m\u016bs\u0173 parduotuv\u0117je.\",\"publisher\":{\"@id\":\"https:\\\/\\\/dodo-inflatables.com\\\/lt\\\/#organization\"},\"potentialAction\":[{\"@type\":\"SearchAction\",\"target\":{\"@type\":\"EntryPoint\",\"urlTemplate\":\"https:\\\/\\\/dodo-inflatables.com\\\/lt\\\/?s={search_term_string}\"},\"query-input\":{\"@type\":\"PropertyValueSpecification\",\"valueRequired\":true,\"valueName\":\"search_term_string\"}}],\"inLanguage\":\"lt-LT\"},{\"@type\":\"Organization\",\"@id\":\"https:\\\/\\\/dodo-inflatables.com\\\/lt\\\/#organization\",\"name\":\"dodo-inflatables.com\",\"url\":\"https:\\\/\\\/dodo-inflatables.com\\\/lt\\\/\",\"logo\":{\"@type\":\"ImageObject\",\"inLanguage\":\"lt-LT\",\"@id\":\"https:\\\/\\\/dodo-inflatables.com\\\/lt\\\/#\\\/schema\\\/logo\\\/image\\\/\",\"url\":\"https:\\\/\\\/dodo-inflatables.com\\\/wp-content\\\/uploads\\\/2023\\\/04\\\/cropped-cropped-cropped-Dodo-Logo.png\",\"contentUrl\":\"https:\\\/\\\/dodo-inflatables.com\\\/wp-content\\\/uploads\\\/2023\\\/04\\\/cropped-cropped-cropped-Dodo-Logo.png\",\"width\":2996,\"height\":1545,\"caption\":\"dodo-inflatables.com\"},\"image\":{\"@id\":\"https:\\\/\\\/dodo-inflatables.com\\\/lt\\\/#\\\/schema\\\/logo\\\/image\\\/\"}}]}<\/script>\n<!-- \/ Yoast SEO plugin. -->","yoast_head_json":{"title":"Pirkti \"Huawei\" p\u016bstuvus, skirtus \u0161okdyn\u0117ms | Dodo-Inflatables.com","description":"Pirkti \"Huawei\" p\u016bstuvas pripu\u010diamiems nameliams REH-1.5E - 1.5HP ne Dodo-Inflatables.com | S\u0105\u017einingos kainos | Visada sand\u0117lyje | Greitas pristatymas!","robots":{"index":"index","follow":"follow","max-snippet":"max-snippet:-1","max-image-preview":"max-image-preview:large","max-video-preview":"max-video-preview:-1"},"canonical":"https:\/\/dodo-inflatables.com\/lt\/produktas\/huawei-pustuvas-reh-2e-2ps\/","twitter_misc":{"Est. reading time":"1 minut\u0117"},"schema":{"@context":"https:\/\/schema.org","@graph":[{"@type":"WebPage","@id":"https:\/\/dodo-inflatables.com\/lt\/produktas\/huawei-pustuvas-reh-2e-2ps\/","url":"https:\/\/dodo-inflatables.com\/lt\/produktas\/huawei-pustuvas-reh-2e-2ps\/","name":"Pirkti \"Huawei\" p\u016bstuvus, skirtus \u0161okdyn\u0117ms | Dodo-Inflatables.com","isPartOf":{"@id":"https:\/\/dodo-inflatables.com\/lt\/#website"},"primaryImageOfPage":{"@id":"https:\/\/dodo-inflatables.com\/lt\/produktas\/huawei-pustuvas-reh-2e-2ps\/#primaryimage"},"image":{"@id":"https:\/\/dodo-inflatables.com\/lt\/produktas\/huawei-pustuvas-reh-2e-2ps\/#primaryimage"},"thumbnailUrl":"https:\/\/dodo-inflatables.com\/wp-content\/uploads\/2020\/12\/Hupfburg-Geblase-Huawei-kaufen_0007_Air-Blower-REH-1.5E.jpg","datePublished":"2024-03-26T16:00:35+00:00","dateModified":"2025-04-16T19:35:11+00:00","description":"Pirkti \"Huawei\" p\u016bstuvas pripu\u010diamiems nameliams REH-1.5E - 1.5HP ne Dodo-Inflatables.com | S\u0105\u017einingos kainos | Visada sand\u0117lyje | Greitas pristatymas!","breadcrumb":{"@id":"https:\/\/dodo-inflatables.com\/lt\/produktas\/huawei-pustuvas-reh-2e-2ps\/#breadcrumb"},"inLanguage":"lt-LT","potentialAction":[{"@type":"ReadAction","target":["https:\/\/dodo-inflatables.com\/lt\/produktas\/huawei-pustuvas-reh-2e-2ps\/"]}]},{"@type":"ImageObject","inLanguage":"lt-LT","@id":"https:\/\/dodo-inflatables.com\/lt\/produktas\/huawei-pustuvas-reh-2e-2ps\/#primaryimage","url":"https:\/\/dodo-inflatables.com\/wp-content\/uploads\/2020\/12\/Hupfburg-Geblase-Huawei-kaufen_0007_Air-Blower-REH-1.5E.jpg","contentUrl":"https:\/\/dodo-inflatables.com\/wp-content\/uploads\/2020\/12\/Hupfburg-Geblase-Huawei-kaufen_0007_Air-Blower-REH-1.5E.jpg","width":500,"height":500},{"@type":"BreadcrumbList","@id":"https:\/\/dodo-inflatables.com\/lt\/produktas\/huawei-pustuvas-reh-2e-2ps\/#breadcrumb","itemListElement":[{"@type":"ListItem","position":1,"name":"Home","item":"https:\/\/dodo-inflatables.com\/lt\/"},{"@type":"ListItem","position":2,"name":"Parduotuv\u0117","item":"https:\/\/dodo-inflatables.com\/lt\/parduotuve\/"},{"@type":"ListItem","position":3,"name":"&#8222;Huawei&#8221; p\u016bstuvas REH-2E &#8211; 2PS"}]},{"@type":"WebSite","@id":"https:\/\/dodo-inflatables.com\/lt\/#website","url":"https:\/\/dodo-inflatables.com\/lt\/","name":"dodo-inflatables.com","description":"\u012esigykite \u0161okin\u0117jan\u010di\u0173 pili\u0173 ir atrakcion\u0173 m\u016bs\u0173 parduotuv\u0117je.","publisher":{"@id":"https:\/\/dodo-inflatables.com\/lt\/#organization"},"potentialAction":[{"@type":"SearchAction","target":{"@type":"EntryPoint","urlTemplate":"https:\/\/dodo-inflatables.com\/lt\/?s={search_term_string}"},"query-input":{"@type":"PropertyValueSpecification","valueRequired":true,"valueName":"search_term_string"}}],"inLanguage":"lt-LT"},{"@type":"Organization","@id":"https:\/\/dodo-inflatables.com\/lt\/#organization","name":"dodo-inflatables.com","url":"https:\/\/dodo-inflatables.com\/lt\/","logo":{"@type":"ImageObject","inLanguage":"lt-LT","@id":"https:\/\/dodo-inflatables.com\/lt\/#\/schema\/logo\/image\/","url":"https:\/\/dodo-inflatables.com\/wp-content\/uploads\/2023\/04\/cropped-cropped-cropped-Dodo-Logo.png","contentUrl":"https:\/\/dodo-inflatables.com\/wp-content\/uploads\/2023\/04\/cropped-cropped-cropped-Dodo-Logo.png","width":2996,"height":1545,"caption":"dodo-inflatables.com"},"image":{"@id":"https:\/\/dodo-inflatables.com\/lt\/#\/schema\/logo\/image\/"}}]}},"uagb_featured_image_src":{"full":["https:\/\/dodo-inflatables.com\/wp-content\/uploads\/2020\/12\/Hupfburg-Geblase-Huawei-kaufen_0007_Air-Blower-REH-1.5E.jpg",500,500,false],"thumbnail":["https:\/\/dodo-inflatables.com\/wp-content\/uploads\/2020\/12\/Hupfburg-Geblase-Huawei-kaufen_0007_Air-Blower-REH-1.5E-150x150.jpg",150,150,true],"medium":["https:\/\/dodo-inflatables.com\/wp-content\/uploads\/2020\/12\/Hupfburg-Geblase-Huawei-kaufen_0007_Air-Blower-REH-1.5E-300x300.jpg",300,300,true],"medium_large":["https:\/\/dodo-inflatables.com\/wp-content\/uploads\/2020\/12\/Hupfburg-Geblase-Huawei-kaufen_0007_Air-Blower-REH-1.5E.jpg",500,500,false],"large":["https:\/\/dodo-inflatables.com\/wp-content\/uploads\/2020\/12\/Hupfburg-Geblase-Huawei-kaufen_0007_Air-Blower-REH-1.5E.jpg",500,500,false],"1536x1536":["https:\/\/dodo-inflatables.com\/wp-content\/uploads\/2020\/12\/Hupfburg-Geblase-Huawei-kaufen_0007_Air-Blower-REH-1.5E.jpg",500,500,false],"2048x2048":["https:\/\/dodo-inflatables.com\/wp-content\/uploads\/2020\/12\/Hupfburg-Geblase-Huawei-kaufen_0007_Air-Blower-REH-1.5E.jpg",500,500,false],"woocommerce_thumbnail":["https:\/\/dodo-inflatables.com\/wp-content\/uploads\/2020\/12\/Hupfburg-Geblase-Huawei-kaufen_0007_Air-Blower-REH-1.5E.jpg",500,500,false],"woocommerce_single":["https:\/\/dodo-inflatables.com\/wp-content\/uploads\/2020\/12\/Hupfburg-Geblase-Huawei-kaufen_0007_Air-Blower-REH-1.5E.jpg",500,500,false],"woocommerce_gallery_thumbnail":["https:\/\/dodo-inflatables.com\/wp-content\/uploads\/2020\/12\/Hupfburg-Geblase-Huawei-kaufen_0007_Air-Blower-REH-1.5E-100x100.jpg",100,100,true]},"uagb_author_info":{"display_name":"Andreas","author_link":"https:\/\/dodo-inflatables.com\/lt\/author\/"},"uagb_comment_info":0,"uagb_excerpt":"\"Huawei Bouncy Castle Blower\" REH-2E - 2PS Tinka visoms si\u016blomoms \u0161okdyn\u0117ms ir rengini\u0173 moduliams Profesionalus - tinka komerciniam ir priva\u010diam naudojimui","_links":{"self":[{"href":"https:\/\/dodo-inflatables.com\/lt\/wp-json\/wp\/v2\/product\/14204","targetHints":{"allow":["GET"]}}],"collection":[{"href":"https:\/\/dodo-inflatables.com\/lt\/wp-json\/wp\/v2\/product"}],"about":[{"href":"https:\/\/dodo-inflatables.com\/lt\/wp-json\/wp\/v2\/types\/product"}],"replies":[{"embeddable":true,"href":"https:\/\/dodo-inflatables.com\/lt\/wp-json\/wp\/v2\/comments?post=14204"}],"wp:featuredmedia":[{"embeddable":true,"href":"https:\/\/dodo-inflatables.com\/lt\/wp-json\/wp\/v2\/media\/13762"}],"wp:attachment":[{"href":"https:\/\/dodo-inflatables.com\/lt\/wp-json\/wp\/v2\/media?parent=14204"}],"wp:term":[{"taxonomy":"product_brand","embeddable":true,"href":"https:\/\/dodo-inflatables.com\/lt\/wp-json\/wp\/v2\/product_brand?post=14204"},{"taxonomy":"product_cat","embeddable":true,"href":"https:\/\/dodo-inflatables.com\/lt\/wp-json\/wp\/v2\/product_cat?post=14204"},{"taxonomy":"product_tag","embeddable":true,"href":"https:\/\/dodo-inflatables.com\/lt\/wp-json\/wp\/v2\/product_tag?post=14204"}],"curies":[{"name":"wp","href":"https:\/\/api.w.org\/{rel}","templated":true}]}}