{"id":14969,"date":"2023-10-16T13:29:31","date_gmt":"2023-10-16T11:29:31","guid":{"rendered":"https:\/\/dodo-inflatables.com\/product\/supuokliu-pilis-multiplay-volcano-su-nusileidimo-kalneliu\/"},"modified":"2026-04-17T15:45:15","modified_gmt":"2026-04-17T13:45:15","slug":"supuokliu-pilis-multiplay-volcano-su-nusileidimo-kalneliu","status":"publish","type":"product","link":"https:\/\/dodo-inflatables.com\/lt\/produktas\/supuokliu-pilis-multiplay-volcano-su-nusileidimo-kalneliu\/","title":{"rendered":"S\u016bpuokli\u0173 pilis &#8222;Multiplay Volcano&#8221; su nusileidimo kalneliu"},"content":{"rendered":"<h2>Pirkti Pripu\u010diama daugiafunkcin\u0117 vulkan\u0173 pilis su \u010diuo\u017eykla<\/h2>\n<p>  Sveiki atvyk\u0119 \u012f nepamir\u0161tam\u0105 nuotyk\u012f m\u016bs\u0173 daugiafunkcin\u0117je vulkanin\u0117je \u0161okin\u0117jimo pilyje su dinozaurais! \u0160ioje jaudinan\u010dioje \u0161okin\u0117jimo pilyje susijungia ugnikalnio jaudulys ir dinozaur\u0173 \u017eavesys, kad vaikai gal\u0117t\u0173 keliauti \u012f prie\u0161istorin\u012f pasaul\u012f, kupin\u0105 linksmybi\u0173 ir vaizduot\u0117s. M\u016bs\u0173 &#8222;Multiplay Vulkan&#8221; si\u016blo daugyb\u0119 \u012fdomi\u0173 i\u0161\u0161\u016bki\u0173, kurie \u017eaismingai skatina fizin\u012f judrum\u0105 ir koordinacij\u0105. D\u0117l u\u017edar\u0173 \u0161on\u0173 ir apsauginio tinklo vir\u0161 nusileidimo kalnelio \u0161okin\u0117jimo pilis yra labai saugi visiems naudojimo atvejams. &#8222;Multiplay Volcano Bouncy Castle&#8221; su \u010diuo\u017eykla yra su tinkamu transportavimo krep\u0161iu ir j\u0105 galima lengvai pastatyti per ma\u017edaug 10 minu\u010di\u0173. Pakuot\u0119 sudaro \u0161okin\u0117janti pilis, transportavimo krep\u0161ys ir remonto rinkinys. Atkreipkite d\u0117mes\u012f, kad p\u016bstuvas ir pagrindo paklotas \u012f komplekt\u0105 ne\u012feina. J\u0173 rasite m\u016bs\u0173 <a href=\"https:\/\/dodo-inflatables.com\/product-category\/accessories\/\">pried\u0173 kategorijoje<\/a>. Abu si\u016blomi p\u016bstuvai<a href=\"https:\/\/dodo-inflatables.com\/product\/huawei-blower\/\">(&#8222;Huawei&#8221;<\/a> ir &#8221; <a href=\"https:\/\/dodo-inflatables.com\/product\/gibbons-blower\/\">Gibbons&#8221;<\/a>) tinka \u0161okin\u0117jan\u010diai piliai. I\u0161 tvirto PVC brezento (0,55 mm \/ 621,3 g\/kv. m) pagaminta ir pagal DIN EN 14960 sertifikuota &#8222;Multiplay Volcano Bouncy Castle&#8221; su \u010diuo\u017eykla yra kokybi\u0161kas gaminys, atitinkantis auk\u0161\u010diausius saugos standartus. Naudokite \u0161okdyn\u0119 tik ant tinkamo <a href=\"https:\/\/dodo-inflatables.com\/product\/ground-sheet-5-x-6-m\/\">pagrindo tento,<\/a> kad apsaugotum\u0117te j\u0105 nuo a\u0161tri\u0173 daikt\u0173, esan\u010di\u0173 ant \u017eem\u0117s, ir nuo trinties. Kad u\u017etikrintum\u0117te maksimal\u0173 saugum\u0105, rekomenduojame \u0161okli\u0105j\u0105 pil\u012f pastatyti \u017eol\u0117toje vietoje ir pritvirtinti j\u0105 m\u016bs\u0173 <a href=\"https:\/\/dodo-inflatables.com\/product\/ground-pegs-bouncy-castle\/\">gruntiniais inkarais<\/a>. Po kiekvieno naudojimo \u0161okli\u0105j\u0105 pil\u012f reikia i\u0161d\u017eiovinti ir tinkamai supakuoti, kad ji b\u016bt\u0173 apsaugota nuo i\u0161orinio poveikio ir transportavimo pa\u017eeidim\u0173.  <\/p>\n<h3><strong>I\u0161sami informacija apie &#8222;Multiplay Volcano Bouncy Castle&#8221; su \u010diuo\u017eykla<\/strong><\/h3>\n<ul>\n<li>Matmenys (D x \u0160 x V): 7,20 m x 6,90 m x 4,90 m *<\/li>\n<li>Skaidr\u0117s auk\u0161tis: 2,30 m plius 60 cm grind\u0173 auk\u0161tis *<\/li>\n<li>Reikiama erdv\u0117: 12,50 x 10,50 m (ilgis x plotis) (pagal DIN EN14960)*<\/li>\n<li>Svoris: ma\u017edaug. 210 kg *<\/li>\n<li>Pakuot\u0117s matmenys: Auk\u0161tis 130 cm, skersmuo 120 cm **<\/li>\n<li>S\u0105rankos laikas: 10 minu\u010di\u0173<\/li>\n<li>Med\u017eiaga: PVC (0,55 mm \/ 621,3 g\/kv. m)<\/li>\n<li>2-4 kartus susi\u016bti (priklausomai nuo naudojimo)<\/li>\n<li>Ugniai atsparus<\/li>\n<li>Atitikties sertifikatas pagal EN 14960<\/li>\n<li>\u0160okin\u0117jantis pavir\u0161ius su apsaugin\u0117mis juostel\u0117mis, u\u017etrauktukas su velcro u\u017etrauktuku, sutvirtinti kampai<\/li>\n<\/ul>\n<p>  Pakuot\u0117je yra: \u0161okin\u0117janti pilis, transportavimo krep\u0161ys ir remonto komplektas &#8222;Multiplay Volcano&#8221; \u0161okin\u0117janti pilis su \u010diuo\u017eykla yra profesionalus modulis, pagamintas ir i\u0161bandytas pagal grie\u017etas DIN EN 14960 rekomendacijas, tod\u0117l yra saugus ir patikimas. Tod\u0117l &#8222;Multiplay Volcano Bouncy Castle&#8221; su \u010diuo\u017eykla puikiai tinka profesionaliai nuomai. Atkreipkite d\u0117mes\u012f, kad \u0161okin\u0117jimo pilyje leid\u017eiama lankytis tik vaikams, suaugusiems &#8211; ne! Atkreipkite d\u0117mes\u012f, kad ventiliatorius (\u012f komplekt\u0105 ne\u012ftrauktas) turi veikti nuolat, o norint, kad \u0161okin\u0117janti pilis nesprogt\u0173, b\u016btina pro skylutes leisti nedidel\u012f oro sraut\u0105. \u012esigykite &#8222;Multiplay Volcano Bouncy Castle&#8221; su \u010diuo\u017eykla dabar ir patirkite nepamir\u0161tam\u0173 akimirk\u0173, kupin\u0173 linksmybi\u0173 ir nuotyki\u0173! * Svoris ir matmenys yra apytiksliai ir gali \u0161iek tiek skirtis.  <em>\u0160is modelis saugomas pagal ES dizaino teis\u0119.<\/em><\/p>\n","protected":false},"excerpt":{"rendered":"<p><i class=\"fa fa-arrows-alt\"><\/i>  Matmenys (D x \u0160 x V): 7,20 m x 6,90 m x 4,90 m * <i class=\"fa fa-child\"><\/i> Tinka ma\u017edaug 14 vaik\u0173 (priklausomai nuo am\u017eiaus ir dyd\u017eio) <i class=\"fa fa-check\"><\/i> Profesionalus modulis &#8211; tinka komerciniam ir priva\u010diam naudojimui <i class=\"fa fa-square\"><\/i> PVC (0,55 mm \/ 621,3 g\/kv. m) <i class=\"fa fa-align-justify\"><\/i> 2 &#8211; 4 kartus susi\u016bta (priklausomai nuo naudojimo) <i class=\"fa fa-fire\"><\/i> Atsparus ugniai <i class=\"fa fa-certificate\"><\/i> Sertifikavimas pagal EN 14960 <i class=\"fas fa-edit\"><\/i> Pridedamas individualus serijos numeris<\/p>\n","protected":false},"featured_media":14976,"comment_status":"open","ping_status":"closed","template":"","meta":{"_acf_changed":false,"_uag_custom_page_level_css":"","site-sidebar-layout":"default","site-content-layout":"boxed-container","ast-site-content-layout":"normal-width-container","site-content-style":"boxed","site-sidebar-style":"boxed","ast-global-header-display":"","ast-banner-title-visibility":"","ast-main-header-display":"","ast-hfb-above-header-display":"","ast-hfb-below-header-display":"","ast-hfb-mobile-header-display":"","site-post-title":"disabled","ast-breadcrumbs-content":"","ast-featured-img":"","footer-sml-layout":"","ast-disable-related-posts":"","theme-transparent-header-meta":"default","adv-header-id-meta":"","stick-header-meta":"default","header-above-stick-meta":"","header-main-stick-meta":"","header-below-stick-meta":"","astra-migrate-meta-layouts":"default","ast-page-background-enabled":"default","ast-page-background-meta":{"desktop":{"background-color":"var(--ast-global-color-4)","background-image":"","background-repeat":"repeat","background-position":"center center","background-size":"auto","background-attachment":"scroll","background-type":"","background-media":"","overlay-type":"","overlay-color":"","overlay-opacity":"","overlay-gradient":""},"tablet":{"background-color":"","background-image":"","background-repeat":"repeat","background-position":"center center","background-size":"auto","background-attachment":"scroll","background-type":"","background-media":"","overlay-type":"","overlay-color":"","overlay-opacity":"","overlay-gradient":""},"mobile":{"background-color":"","background-image":"","background-repeat":"repeat","background-position":"center center","background-size":"auto","background-attachment":"scroll","background-type":"","background-media":"","overlay-type":"","overlay-color":"","overlay-opacity":"","overlay-gradient":""}},"ast-content-background-meta":{"desktop":{"background-color":"var(--ast-global-color-5)","background-image":"","background-repeat":"repeat","background-position":"center center","background-size":"auto","background-attachment":"scroll","background-type":"","background-media":"","overlay-type":"","overlay-color":"","overlay-opacity":"","overlay-gradient":""},"tablet":{"background-color":"var(--ast-global-color-5)","background-image":"","background-repeat":"repeat","background-position":"center center","background-size":"auto","background-attachment":"scroll","background-type":"","background-media":"","overlay-type":"","overlay-color":"","overlay-opacity":"","overlay-gradient":""},"mobile":{"background-color":"var(--ast-global-color-5)","background-image":"","background-repeat":"repeat","background-position":"center center","background-size":"auto","background-attachment":"scroll","background-type":"","background-media":"","overlay-type":"","overlay-color":"","overlay-opacity":"","overlay-gradient":""}}},"product_brand":[],"product_cat":[6895,6929,6980,7031,6878],"product_tag":[7171,7188,7212,7471],"class_list":{"0":"post-14969","1":"product","2":"type-product","3":"status-publish","4":"has-post-thumbnail","6":"product_cat-dideli-pripuciami-batutai-daugeliui-vaiku","7":"product_cat-pripuciami-batutai-berniukams-ir-mergaitems","8":"product_cat-pripuciami-batutai-su-ciuozykla-2","9":"product_cat-daugiafunkciai-pripuciami-batutai","10":"product_cat-visi-pripuciami-batutai","11":"product_tag-geblase-2ps","12":"product_tag-mit-rutsche","13":"product_tag-tuv","14":"product_tag-typ-o","15":"product_shipping_class-spedition-hupfburg-lt","16":"pa_gtin-0645117542342-lt","17":"pa_height-510-m-550-m-lt-2","18":"pa_height-of-the-slide-210-m-250-m-lt","19":"pa_type-of-bouncy-castle-multiplay-lt-2","20":"pa_width-660-m-700-m-lt-2","21":"desktop-align-center","22":"tablet-align-center","23":"mobile-align-center","24":"ast-product-gallery-layout-horizontal","25":"ast-product-tabs-layout-horizontal","27":"first","28":"instock","29":"taxable","30":"shipping-taxable","31":"purchasable","32":"product-type-simple"},"acf":[],"yoast_head":"<!-- This site is optimized with the Yoast SEO plugin v27.5 - https:\/\/yoast.com\/product\/yoast-seo-wordpress\/ -->\n<title>Pripu\u010diamas daugiafunkcinis ugnikalnis su \u010diuo\u017eykla | Dodo-Inflatables.com<\/title>\n<meta name=\"description\" content=\"Pirkite m\u016bs\u0173 pripu\u010diam\u0105 &quot;Multiplay Volcano&quot; \u0161okli\u0105j\u0105 pil\u012f su \u010diuo\u017eykla internetu dodo-inflatables.com | Palankios kainos | Greitas pristatymas!\" \/>\n<meta name=\"robots\" content=\"index, follow, max-snippet:-1, max-image-preview:large, max-video-preview:-1\" \/>\n<link rel=\"canonical\" href=\"https:\/\/dodo-inflatables.com\/lt\/produktas\/supuokliu-pilis-multiplay-volcano-su-nusileidimo-kalneliu\/\" \/>\n<meta name=\"twitter:label1\" content=\"Est. reading time\" \/>\n\t<meta name=\"twitter:data1\" content=\"2 minut\u0117s\" \/>\n<script type=\"application\/ld+json\" class=\"yoast-schema-graph\">{\"@context\":\"https:\\\/\\\/schema.org\",\"@graph\":[{\"@type\":\"WebPage\",\"@id\":\"https:\\\/\\\/dodo-inflatables.com\\\/lt\\\/produktas\\\/supuokliu-pilis-multiplay-volcano-su-nusileidimo-kalneliu\\\/\",\"url\":\"https:\\\/\\\/dodo-inflatables.com\\\/lt\\\/produktas\\\/supuokliu-pilis-multiplay-volcano-su-nusileidimo-kalneliu\\\/\",\"name\":\"Pripu\u010diamas daugiafunkcinis ugnikalnis su \u010diuo\u017eykla | Dodo-Inflatables.com\",\"isPartOf\":{\"@id\":\"https:\\\/\\\/dodo-inflatables.com\\\/lt\\\/#website\"},\"primaryImageOfPage\":{\"@id\":\"https:\\\/\\\/dodo-inflatables.com\\\/lt\\\/produktas\\\/supuokliu-pilis-multiplay-volcano-su-nusileidimo-kalneliu\\\/#primaryimage\"},\"image\":{\"@id\":\"https:\\\/\\\/dodo-inflatables.com\\\/lt\\\/produktas\\\/supuokliu-pilis-multiplay-volcano-su-nusileidimo-kalneliu\\\/#primaryimage\"},\"thumbnailUrl\":\"https:\\\/\\\/dodo-inflatables.com\\\/wp-content\\\/uploads\\\/2023\\\/10\\\/Buy-Inflatable-Bouncy-Castle-Multiplay-Volcano-3.jpg\",\"datePublished\":\"2023-10-16T11:29:31+00:00\",\"dateModified\":\"2026-04-17T13:45:15+00:00\",\"description\":\"Pirkite m\u016bs\u0173 pripu\u010diam\u0105 \\\"Multiplay Volcano\\\" \u0161okli\u0105j\u0105 pil\u012f su \u010diuo\u017eykla internetu dodo-inflatables.com | Palankios kainos | Greitas pristatymas!\",\"breadcrumb\":{\"@id\":\"https:\\\/\\\/dodo-inflatables.com\\\/lt\\\/produktas\\\/supuokliu-pilis-multiplay-volcano-su-nusileidimo-kalneliu\\\/#breadcrumb\"},\"inLanguage\":\"lt-LT\",\"potentialAction\":[{\"@type\":\"ReadAction\",\"target\":[\"https:\\\/\\\/dodo-inflatables.com\\\/lt\\\/produktas\\\/supuokliu-pilis-multiplay-volcano-su-nusileidimo-kalneliu\\\/\"]}]},{\"@type\":\"ImageObject\",\"inLanguage\":\"lt-LT\",\"@id\":\"https:\\\/\\\/dodo-inflatables.com\\\/lt\\\/produktas\\\/supuokliu-pilis-multiplay-volcano-su-nusileidimo-kalneliu\\\/#primaryimage\",\"url\":\"https:\\\/\\\/dodo-inflatables.com\\\/wp-content\\\/uploads\\\/2023\\\/10\\\/Buy-Inflatable-Bouncy-Castle-Multiplay-Volcano-3.jpg\",\"contentUrl\":\"https:\\\/\\\/dodo-inflatables.com\\\/wp-content\\\/uploads\\\/2023\\\/10\\\/Buy-Inflatable-Bouncy-Castle-Multiplay-Volcano-3.jpg\",\"width\":1000,\"height\":1000},{\"@type\":\"BreadcrumbList\",\"@id\":\"https:\\\/\\\/dodo-inflatables.com\\\/lt\\\/produktas\\\/supuokliu-pilis-multiplay-volcano-su-nusileidimo-kalneliu\\\/#breadcrumb\",\"itemListElement\":[{\"@type\":\"ListItem\",\"position\":1,\"name\":\"Home\",\"item\":\"https:\\\/\\\/dodo-inflatables.com\\\/lt\\\/\"},{\"@type\":\"ListItem\",\"position\":2,\"name\":\"Parduotuv\u0117\",\"item\":\"https:\\\/\\\/dodo-inflatables.com\\\/lt\\\/parduotuve\\\/\"},{\"@type\":\"ListItem\",\"position\":3,\"name\":\"S\u016bpuokli\u0173 pilis &#8220;Multiplay Volcano&#8221; su nusileidimo kalneliu\"}]},{\"@type\":\"WebSite\",\"@id\":\"https:\\\/\\\/dodo-inflatables.com\\\/lt\\\/#website\",\"url\":\"https:\\\/\\\/dodo-inflatables.com\\\/lt\\\/\",\"name\":\"dodo-inflatables.com\",\"description\":\"\u012esigykite \u0161okin\u0117jan\u010di\u0173 pili\u0173 ir atrakcion\u0173 m\u016bs\u0173 parduotuv\u0117je.\",\"potentialAction\":[{\"@type\":\"SearchAction\",\"target\":{\"@type\":\"EntryPoint\",\"urlTemplate\":\"https:\\\/\\\/dodo-inflatables.com\\\/lt\\\/?s={search_term_string}\"},\"query-input\":{\"@type\":\"PropertyValueSpecification\",\"valueRequired\":true,\"valueName\":\"search_term_string\"}}],\"inLanguage\":\"lt-LT\"}]}<\/script>\n<!-- \/ Yoast SEO plugin. -->","yoast_head_json":{"title":"Pripu\u010diamas daugiafunkcinis ugnikalnis su \u010diuo\u017eykla | Dodo-Inflatables.com","description":"Pirkite m\u016bs\u0173 pripu\u010diam\u0105 \"Multiplay Volcano\" \u0161okli\u0105j\u0105 pil\u012f su \u010diuo\u017eykla internetu dodo-inflatables.com | Palankios kainos | Greitas pristatymas!","robots":{"index":"index","follow":"follow","max-snippet":"max-snippet:-1","max-image-preview":"max-image-preview:large","max-video-preview":"max-video-preview:-1"},"canonical":"https:\/\/dodo-inflatables.com\/lt\/produktas\/supuokliu-pilis-multiplay-volcano-su-nusileidimo-kalneliu\/","twitter_misc":{"Est. reading time":"2 minut\u0117s"},"schema":{"@context":"https:\/\/schema.org","@graph":[{"@type":"WebPage","@id":"https:\/\/dodo-inflatables.com\/lt\/produktas\/supuokliu-pilis-multiplay-volcano-su-nusileidimo-kalneliu\/","url":"https:\/\/dodo-inflatables.com\/lt\/produktas\/supuokliu-pilis-multiplay-volcano-su-nusileidimo-kalneliu\/","name":"Pripu\u010diamas daugiafunkcinis ugnikalnis su \u010diuo\u017eykla | Dodo-Inflatables.com","isPartOf":{"@id":"https:\/\/dodo-inflatables.com\/lt\/#website"},"primaryImageOfPage":{"@id":"https:\/\/dodo-inflatables.com\/lt\/produktas\/supuokliu-pilis-multiplay-volcano-su-nusileidimo-kalneliu\/#primaryimage"},"image":{"@id":"https:\/\/dodo-inflatables.com\/lt\/produktas\/supuokliu-pilis-multiplay-volcano-su-nusileidimo-kalneliu\/#primaryimage"},"thumbnailUrl":"https:\/\/dodo-inflatables.com\/wp-content\/uploads\/2023\/10\/Buy-Inflatable-Bouncy-Castle-Multiplay-Volcano-3.jpg","datePublished":"2023-10-16T11:29:31+00:00","dateModified":"2026-04-17T13:45:15+00:00","description":"Pirkite m\u016bs\u0173 pripu\u010diam\u0105 \"Multiplay Volcano\" \u0161okli\u0105j\u0105 pil\u012f su \u010diuo\u017eykla internetu dodo-inflatables.com | Palankios kainos | Greitas pristatymas!","breadcrumb":{"@id":"https:\/\/dodo-inflatables.com\/lt\/produktas\/supuokliu-pilis-multiplay-volcano-su-nusileidimo-kalneliu\/#breadcrumb"},"inLanguage":"lt-LT","potentialAction":[{"@type":"ReadAction","target":["https:\/\/dodo-inflatables.com\/lt\/produktas\/supuokliu-pilis-multiplay-volcano-su-nusileidimo-kalneliu\/"]}]},{"@type":"ImageObject","inLanguage":"lt-LT","@id":"https:\/\/dodo-inflatables.com\/lt\/produktas\/supuokliu-pilis-multiplay-volcano-su-nusileidimo-kalneliu\/#primaryimage","url":"https:\/\/dodo-inflatables.com\/wp-content\/uploads\/2023\/10\/Buy-Inflatable-Bouncy-Castle-Multiplay-Volcano-3.jpg","contentUrl":"https:\/\/dodo-inflatables.com\/wp-content\/uploads\/2023\/10\/Buy-Inflatable-Bouncy-Castle-Multiplay-Volcano-3.jpg","width":1000,"height":1000},{"@type":"BreadcrumbList","@id":"https:\/\/dodo-inflatables.com\/lt\/produktas\/supuokliu-pilis-multiplay-volcano-su-nusileidimo-kalneliu\/#breadcrumb","itemListElement":[{"@type":"ListItem","position":1,"name":"Home","item":"https:\/\/dodo-inflatables.com\/lt\/"},{"@type":"ListItem","position":2,"name":"Parduotuv\u0117","item":"https:\/\/dodo-inflatables.com\/lt\/parduotuve\/"},{"@type":"ListItem","position":3,"name":"S\u016bpuokli\u0173 pilis &#8220;Multiplay Volcano&#8221; su nusileidimo kalneliu"}]},{"@type":"WebSite","@id":"https:\/\/dodo-inflatables.com\/lt\/#website","url":"https:\/\/dodo-inflatables.com\/lt\/","name":"dodo-inflatables.com","description":"\u012esigykite \u0161okin\u0117jan\u010di\u0173 pili\u0173 ir atrakcion\u0173 m\u016bs\u0173 parduotuv\u0117je.","potentialAction":[{"@type":"SearchAction","target":{"@type":"EntryPoint","urlTemplate":"https:\/\/dodo-inflatables.com\/lt\/?s={search_term_string}"},"query-input":{"@type":"PropertyValueSpecification","valueRequired":true,"valueName":"search_term_string"}}],"inLanguage":"lt-LT"}]}},"uagb_featured_image_src":{"full":["https:\/\/dodo-inflatables.com\/wp-content\/uploads\/2023\/10\/Buy-Inflatable-Bouncy-Castle-Multiplay-Volcano-3.jpg",1000,1000,false],"thumbnail":["https:\/\/dodo-inflatables.com\/wp-content\/uploads\/2023\/10\/Buy-Inflatable-Bouncy-Castle-Multiplay-Volcano-3-150x150.jpg",150,150,true],"medium":["https:\/\/dodo-inflatables.com\/wp-content\/uploads\/2023\/10\/Buy-Inflatable-Bouncy-Castle-Multiplay-Volcano-3-300x300.jpg",300,300,true],"medium_large":["https:\/\/dodo-inflatables.com\/wp-content\/uploads\/2023\/10\/Buy-Inflatable-Bouncy-Castle-Multiplay-Volcano-3-768x768.jpg",768,768,true],"large":["https:\/\/dodo-inflatables.com\/wp-content\/uploads\/2023\/10\/Buy-Inflatable-Bouncy-Castle-Multiplay-Volcano-3.jpg",1000,1000,false],"1536x1536":["https:\/\/dodo-inflatables.com\/wp-content\/uploads\/2023\/10\/Buy-Inflatable-Bouncy-Castle-Multiplay-Volcano-3.jpg",1000,1000,false],"2048x2048":["https:\/\/dodo-inflatables.com\/wp-content\/uploads\/2023\/10\/Buy-Inflatable-Bouncy-Castle-Multiplay-Volcano-3.jpg",1000,1000,false],"woocommerce_thumbnail":["https:\/\/dodo-inflatables.com\/wp-content\/uploads\/2023\/10\/Buy-Inflatable-Bouncy-Castle-Multiplay-Volcano-3-900x900.jpg",900,900,true],"woocommerce_single":["https:\/\/dodo-inflatables.com\/wp-content\/uploads\/2023\/10\/Buy-Inflatable-Bouncy-Castle-Multiplay-Volcano-3-900x900.jpg",900,900,true],"woocommerce_gallery_thumbnail":["https:\/\/dodo-inflatables.com\/wp-content\/uploads\/2023\/10\/Buy-Inflatable-Bouncy-Castle-Multiplay-Volcano-3-100x100.jpg",100,100,true]},"uagb_author_info":{"display_name":"Andreas","author_link":"https:\/\/dodo-inflatables.com\/lt\/author\/"},"uagb_comment_info":0,"uagb_excerpt":"Matmenys (D x \u0160 x V): 7,20 m x 6,90 m x 4,90 m * Tinka ma\u017edaug 14 vaik\u0173 (priklausomai nuo am\u017eiaus ir dyd\u017eio) Profesionalus modulis - tinka komerciniam ir priva\u010diam naudojimui PVC (0,55 mm \/ 621,3 g\/kv. m) 2 - 4 kartus susi\u016bta (priklausomai nuo naudojimo) Atsparus ugniai Sertifikavimas pagal EN 14960 Pridedamas individualus&hellip;","_links":{"self":[{"href":"https:\/\/dodo-inflatables.com\/lt\/wp-json\/wp\/v2\/product\/14969","targetHints":{"allow":["GET"]}}],"collection":[{"href":"https:\/\/dodo-inflatables.com\/lt\/wp-json\/wp\/v2\/product"}],"about":[{"href":"https:\/\/dodo-inflatables.com\/lt\/wp-json\/wp\/v2\/types\/product"}],"replies":[{"embeddable":true,"href":"https:\/\/dodo-inflatables.com\/lt\/wp-json\/wp\/v2\/comments?post=14969"}],"wp:featuredmedia":[{"embeddable":true,"href":"https:\/\/dodo-inflatables.com\/lt\/wp-json\/wp\/v2\/media\/14976"}],"wp:attachment":[{"href":"https:\/\/dodo-inflatables.com\/lt\/wp-json\/wp\/v2\/media?parent=14969"}],"wp:term":[{"taxonomy":"product_brand","embeddable":true,"href":"https:\/\/dodo-inflatables.com\/lt\/wp-json\/wp\/v2\/product_brand?post=14969"},{"taxonomy":"product_cat","embeddable":true,"href":"https:\/\/dodo-inflatables.com\/lt\/wp-json\/wp\/v2\/product_cat?post=14969"},{"taxonomy":"product_tag","embeddable":true,"href":"https:\/\/dodo-inflatables.com\/lt\/wp-json\/wp\/v2\/product_tag?post=14969"}],"curies":[{"name":"wp","href":"https:\/\/api.w.org\/{rel}","templated":true}]}}