{"id":15418,"date":"2022-03-01T11:02:01","date_gmt":"2022-03-01T10:02:01","guid":{"rendered":"https:\/\/dodo-inflatables.com\/product\/apsaugos-nuo-kritimo-kilimeliai-240-x-120-x-5-cm\/"},"modified":"2024-06-06T11:48:06","modified_gmt":"2024-06-06T09:48:06","slug":"apsaugos-nuo-kritimo-kilimeliai-240-x-120-x-5-cm","status":"publish","type":"product","link":"https:\/\/dodo-inflatables.com\/lt\/produktas\/apsaugos-nuo-kritimo-kilimeliai-240-x-120-x-5-cm\/","title":{"rendered":"Apsaugos nuo kritimo kilim\u0117liai 240 x 120 x 5 cm"},"content":{"rendered":"<h2>Apsaugos nuo kritimo kilim\u0117liai<\/h2>\n<p>M\u016bs\u0173 apsaugos nuo kritimo kilim\u0117liai yra geriausias sprendimas puikiai apsaugoti \u0161okin\u0117jan\u010dias pilis. Sulankstom\u0105 EPE lengvo putplas\u010dio apsaugos nuo kritimo kilim\u0117l\u012f galima sulankstyti tris kartus, tod\u0117l j\u012f galima ypa\u010d taupiai laikyti. I\u0161skleistas kilim\u0117lis yra 240 x 120 x 5 cm dyd\u017eio, o sulankstytas &#8211; tik 60 x 120 x 20 cm.<\/p>\n<p>Palyginti su ankstesniu modeliu, patobulinome kilim\u0117lius. Dabar si\u016bl\u0117s nukreiptos \u012f vid\u0173 ir nebesiremia \u012f kilim\u0117lio pavir\u0161i\u0173. Tai apsaugo si\u016bles nuo trinties \u012f \u017eem\u0119. Siekdami u\u017etikrinti maksimal\u0173 saugum\u0105, s\u0105moningai atsisakome rank\u0173 kilp\u0173, kad suma\u017eintume suklupimo rizik\u0105.<\/p>\n<p><strong>Informacija apie apsaugos nuo kritimo kilim\u0117l\u012f<\/strong><\/p>\n<ul>\n<li>Atviri matmenys: 240 x 120 x 5 cm<\/li>\n<li>Sulankstyti matmenys: 60 x 120 x 20 cm<\/li>\n<li>Med\u017eiaga: EPE putos RG 18<\/li>\n<li>Vir\u0161elio med\u017eiaga: 0,6 mm storio brezentas, padengtas poliuretanu<\/li>\n<li>Svoris: 5,4 kg<\/li>\n<\/ul>\n","protected":false},"excerpt":{"rendered":"<ul>\n<li>Apsaugos nuo kritimo kilim\u0117lis<\/li>\n<li>Atviri matmenys: 240 x 120 x 5 cm<\/li>\n<li>Sulankstomas tris kartus<\/li>\n<li>&#8222;Velcro&#8221; juostel\u0117s ant vis\u0173 keturi\u0173 kamp\u0173<\/li>\n<\/ul>\n","protected":false},"featured_media":15419,"comment_status":"open","ping_status":"closed","template":"","meta":{"_acf_changed":false,"_uag_custom_page_level_css":"","site-sidebar-layout":"default","site-content-layout":"boxed-container","ast-site-content-layout":"normal-width-container","site-content-style":"boxed","site-sidebar-style":"boxed","ast-global-header-display":"","ast-banner-title-visibility":"","ast-main-header-display":"","ast-hfb-above-header-display":"","ast-hfb-below-header-display":"","ast-hfb-mobile-header-display":"","site-post-title":"disabled","ast-breadcrumbs-content":"","ast-featured-img":"","footer-sml-layout":"","ast-disable-related-posts":"","theme-transparent-header-meta":"default","adv-header-id-meta":"","stick-header-meta":"default","header-above-stick-meta":"","header-main-stick-meta":"","header-below-stick-meta":"","astra-migrate-meta-layouts":"default","ast-page-background-enabled":"default","ast-page-background-meta":{"desktop":{"background-color":"var(--ast-global-color-4)","background-image":"","background-repeat":"repeat","background-position":"center center","background-size":"auto","background-attachment":"scroll","background-type":"","background-media":"","overlay-type":"","overlay-color":"","overlay-opacity":"","overlay-gradient":""},"tablet":{"background-color":"","background-image":"","background-repeat":"repeat","background-position":"center center","background-size":"auto","background-attachment":"scroll","background-type":"","background-media":"","overlay-type":"","overlay-color":"","overlay-opacity":"","overlay-gradient":""},"mobile":{"background-color":"","background-image":"","background-repeat":"repeat","background-position":"center center","background-size":"auto","background-attachment":"scroll","background-type":"","background-media":"","overlay-type":"","overlay-color":"","overlay-opacity":"","overlay-gradient":""}},"ast-content-background-meta":{"desktop":{"background-color":"var(--ast-global-color-5)","background-image":"","background-repeat":"repeat","background-position":"center center","background-size":"auto","background-attachment":"scroll","background-type":"","background-media":"","overlay-type":"","overlay-color":"","overlay-opacity":"","overlay-gradient":""},"tablet":{"background-color":"var(--ast-global-color-5)","background-image":"","background-repeat":"repeat","background-position":"center center","background-size":"auto","background-attachment":"scroll","background-type":"","background-media":"","overlay-type":"","overlay-color":"","overlay-opacity":"","overlay-gradient":""},"mobile":{"background-color":"var(--ast-global-color-5)","background-image":"","background-repeat":"repeat","background-position":"center center","background-size":"auto","background-attachment":"scroll","background-type":"","background-media":"","overlay-type":"","overlay-color":"","overlay-opacity":"","overlay-gradient":""}}},"product_brand":[],"product_cat":[1162],"product_tag":[],"class_list":{"0":"post-15418","1":"product","2":"type-product","3":"status-publish","4":"has-post-thumbnail","6":"product_cat-priedai","7":"product_shipping_class-zubehor-lt","8":"desktop-align-center","9":"tablet-align-center","10":"mobile-align-center","11":"ast-product-gallery-layout-horizontal","12":"ast-product-gallery-with-no-image","13":"ast-product-tabs-layout-horizontal","15":"first","16":"instock","17":"taxable","18":"shipping-taxable","19":"purchasable","20":"product-type-simple"},"acf":[],"yoast_head":"<!-- This site is optimized with the Yoast SEO plugin v27.4 - https:\/\/yoast.com\/product\/yoast-seo-wordpress\/ -->\n<title>Apsaugos nuo kritimo kilim\u0117liai \u0161okin\u0117jan\u010dioms pilims | Dodo-Inflatables.com<\/title>\n<meta name=\"description\" content=\"Pirkite sulankstomus apsauginius kilim\u0117lius nuo kritimo \u0161okin\u0117jan\u010dioms pilims Dodo-Inflatables.com | Sertifikuota pagal EN14960 | Greitas pristatymas!\" \/>\n<meta name=\"robots\" content=\"index, follow, max-snippet:-1, max-image-preview:large, max-video-preview:-1\" \/>\n<link rel=\"canonical\" href=\"https:\/\/dodo-inflatables.com\/lt\/produktas\/apsaugos-nuo-kritimo-kilimeliai-240-x-120-x-5-cm\/\" \/>\n<meta name=\"twitter:label1\" content=\"Est. reading time\" \/>\n\t<meta name=\"twitter:data1\" content=\"1 minut\u0117\" \/>\n<script type=\"application\/ld+json\" class=\"yoast-schema-graph\">{\"@context\":\"https:\\\/\\\/schema.org\",\"@graph\":[{\"@type\":\"WebPage\",\"@id\":\"https:\\\/\\\/dodo-inflatables.com\\\/lt\\\/produktas\\\/apsaugos-nuo-kritimo-kilimeliai-240-x-120-x-5-cm\\\/\",\"url\":\"https:\\\/\\\/dodo-inflatables.com\\\/lt\\\/produktas\\\/apsaugos-nuo-kritimo-kilimeliai-240-x-120-x-5-cm\\\/\",\"name\":\"Apsaugos nuo kritimo kilim\u0117liai \u0161okin\u0117jan\u010dioms pilims | Dodo-Inflatables.com\",\"isPartOf\":{\"@id\":\"https:\\\/\\\/dodo-inflatables.com\\\/lt\\\/#website\"},\"primaryImageOfPage\":{\"@id\":\"https:\\\/\\\/dodo-inflatables.com\\\/lt\\\/produktas\\\/apsaugos-nuo-kritimo-kilimeliai-240-x-120-x-5-cm\\\/#primaryimage\"},\"image\":{\"@id\":\"https:\\\/\\\/dodo-inflatables.com\\\/lt\\\/produktas\\\/apsaugos-nuo-kritimo-kilimeliai-240-x-120-x-5-cm\\\/#primaryimage\"},\"thumbnailUrl\":\"https:\\\/\\\/dodo-inflatables.com\\\/wp-content\\\/uploads\\\/2022\\\/03\\\/Fallschutzmatten-Huepfburg-kaufen-1.jpg\",\"datePublished\":\"2022-03-01T10:02:01+00:00\",\"dateModified\":\"2024-06-06T09:48:06+00:00\",\"description\":\"Pirkite sulankstomus apsauginius kilim\u0117lius nuo kritimo \u0161okin\u0117jan\u010dioms pilims Dodo-Inflatables.com | Sertifikuota pagal EN14960 | Greitas pristatymas!\",\"breadcrumb\":{\"@id\":\"https:\\\/\\\/dodo-inflatables.com\\\/lt\\\/produktas\\\/apsaugos-nuo-kritimo-kilimeliai-240-x-120-x-5-cm\\\/#breadcrumb\"},\"inLanguage\":\"lt-LT\",\"potentialAction\":[{\"@type\":\"ReadAction\",\"target\":[\"https:\\\/\\\/dodo-inflatables.com\\\/lt\\\/produktas\\\/apsaugos-nuo-kritimo-kilimeliai-240-x-120-x-5-cm\\\/\"]}]},{\"@type\":\"ImageObject\",\"inLanguage\":\"lt-LT\",\"@id\":\"https:\\\/\\\/dodo-inflatables.com\\\/lt\\\/produktas\\\/apsaugos-nuo-kritimo-kilimeliai-240-x-120-x-5-cm\\\/#primaryimage\",\"url\":\"https:\\\/\\\/dodo-inflatables.com\\\/wp-content\\\/uploads\\\/2022\\\/03\\\/Fallschutzmatten-Huepfburg-kaufen-1.jpg\",\"contentUrl\":\"https:\\\/\\\/dodo-inflatables.com\\\/wp-content\\\/uploads\\\/2022\\\/03\\\/Fallschutzmatten-Huepfburg-kaufen-1.jpg\",\"width\":1000,\"height\":1000},{\"@type\":\"BreadcrumbList\",\"@id\":\"https:\\\/\\\/dodo-inflatables.com\\\/lt\\\/produktas\\\/apsaugos-nuo-kritimo-kilimeliai-240-x-120-x-5-cm\\\/#breadcrumb\",\"itemListElement\":[{\"@type\":\"ListItem\",\"position\":1,\"name\":\"Home\",\"item\":\"https:\\\/\\\/dodo-inflatables.com\\\/lt\\\/\"},{\"@type\":\"ListItem\",\"position\":2,\"name\":\"Parduotuv\u0117\",\"item\":\"https:\\\/\\\/dodo-inflatables.com\\\/lt\\\/parduotuve\\\/\"},{\"@type\":\"ListItem\",\"position\":3,\"name\":\"Apsaugos nuo kritimo kilim\u0117liai 240 x 120 x 5 cm\"}]},{\"@type\":\"WebSite\",\"@id\":\"https:\\\/\\\/dodo-inflatables.com\\\/lt\\\/#website\",\"url\":\"https:\\\/\\\/dodo-inflatables.com\\\/lt\\\/\",\"name\":\"dodo-inflatables.com\",\"description\":\"\u012esigykite \u0161okin\u0117jan\u010di\u0173 pili\u0173 ir atrakcion\u0173 m\u016bs\u0173 parduotuv\u0117je.\",\"publisher\":{\"@id\":\"https:\\\/\\\/dodo-inflatables.com\\\/lt\\\/#organization\"},\"potentialAction\":[{\"@type\":\"SearchAction\",\"target\":{\"@type\":\"EntryPoint\",\"urlTemplate\":\"https:\\\/\\\/dodo-inflatables.com\\\/lt\\\/?s={search_term_string}\"},\"query-input\":{\"@type\":\"PropertyValueSpecification\",\"valueRequired\":true,\"valueName\":\"search_term_string\"}}],\"inLanguage\":\"lt-LT\"},{\"@type\":\"Organization\",\"@id\":\"https:\\\/\\\/dodo-inflatables.com\\\/lt\\\/#organization\",\"name\":\"dodo-inflatables.com\",\"url\":\"https:\\\/\\\/dodo-inflatables.com\\\/lt\\\/\",\"logo\":{\"@type\":\"ImageObject\",\"inLanguage\":\"lt-LT\",\"@id\":\"https:\\\/\\\/dodo-inflatables.com\\\/lt\\\/#\\\/schema\\\/logo\\\/image\\\/\",\"url\":\"https:\\\/\\\/dodo-inflatables.com\\\/wp-content\\\/uploads\\\/2023\\\/04\\\/cropped-cropped-cropped-Dodo-Logo.png\",\"contentUrl\":\"https:\\\/\\\/dodo-inflatables.com\\\/wp-content\\\/uploads\\\/2023\\\/04\\\/cropped-cropped-cropped-Dodo-Logo.png\",\"width\":2996,\"height\":1545,\"caption\":\"dodo-inflatables.com\"},\"image\":{\"@id\":\"https:\\\/\\\/dodo-inflatables.com\\\/lt\\\/#\\\/schema\\\/logo\\\/image\\\/\"}}]}<\/script>\n<!-- \/ Yoast SEO plugin. -->","yoast_head_json":{"title":"Apsaugos nuo kritimo kilim\u0117liai \u0161okin\u0117jan\u010dioms pilims | Dodo-Inflatables.com","description":"Pirkite sulankstomus apsauginius kilim\u0117lius nuo kritimo \u0161okin\u0117jan\u010dioms pilims Dodo-Inflatables.com | Sertifikuota pagal EN14960 | Greitas pristatymas!","robots":{"index":"index","follow":"follow","max-snippet":"max-snippet:-1","max-image-preview":"max-image-preview:large","max-video-preview":"max-video-preview:-1"},"canonical":"https:\/\/dodo-inflatables.com\/lt\/produktas\/apsaugos-nuo-kritimo-kilimeliai-240-x-120-x-5-cm\/","twitter_misc":{"Est. reading time":"1 minut\u0117"},"schema":{"@context":"https:\/\/schema.org","@graph":[{"@type":"WebPage","@id":"https:\/\/dodo-inflatables.com\/lt\/produktas\/apsaugos-nuo-kritimo-kilimeliai-240-x-120-x-5-cm\/","url":"https:\/\/dodo-inflatables.com\/lt\/produktas\/apsaugos-nuo-kritimo-kilimeliai-240-x-120-x-5-cm\/","name":"Apsaugos nuo kritimo kilim\u0117liai \u0161okin\u0117jan\u010dioms pilims | Dodo-Inflatables.com","isPartOf":{"@id":"https:\/\/dodo-inflatables.com\/lt\/#website"},"primaryImageOfPage":{"@id":"https:\/\/dodo-inflatables.com\/lt\/produktas\/apsaugos-nuo-kritimo-kilimeliai-240-x-120-x-5-cm\/#primaryimage"},"image":{"@id":"https:\/\/dodo-inflatables.com\/lt\/produktas\/apsaugos-nuo-kritimo-kilimeliai-240-x-120-x-5-cm\/#primaryimage"},"thumbnailUrl":"https:\/\/dodo-inflatables.com\/wp-content\/uploads\/2022\/03\/Fallschutzmatten-Huepfburg-kaufen-1.jpg","datePublished":"2022-03-01T10:02:01+00:00","dateModified":"2024-06-06T09:48:06+00:00","description":"Pirkite sulankstomus apsauginius kilim\u0117lius nuo kritimo \u0161okin\u0117jan\u010dioms pilims Dodo-Inflatables.com | Sertifikuota pagal EN14960 | Greitas pristatymas!","breadcrumb":{"@id":"https:\/\/dodo-inflatables.com\/lt\/produktas\/apsaugos-nuo-kritimo-kilimeliai-240-x-120-x-5-cm\/#breadcrumb"},"inLanguage":"lt-LT","potentialAction":[{"@type":"ReadAction","target":["https:\/\/dodo-inflatables.com\/lt\/produktas\/apsaugos-nuo-kritimo-kilimeliai-240-x-120-x-5-cm\/"]}]},{"@type":"ImageObject","inLanguage":"lt-LT","@id":"https:\/\/dodo-inflatables.com\/lt\/produktas\/apsaugos-nuo-kritimo-kilimeliai-240-x-120-x-5-cm\/#primaryimage","url":"https:\/\/dodo-inflatables.com\/wp-content\/uploads\/2022\/03\/Fallschutzmatten-Huepfburg-kaufen-1.jpg","contentUrl":"https:\/\/dodo-inflatables.com\/wp-content\/uploads\/2022\/03\/Fallschutzmatten-Huepfburg-kaufen-1.jpg","width":1000,"height":1000},{"@type":"BreadcrumbList","@id":"https:\/\/dodo-inflatables.com\/lt\/produktas\/apsaugos-nuo-kritimo-kilimeliai-240-x-120-x-5-cm\/#breadcrumb","itemListElement":[{"@type":"ListItem","position":1,"name":"Home","item":"https:\/\/dodo-inflatables.com\/lt\/"},{"@type":"ListItem","position":2,"name":"Parduotuv\u0117","item":"https:\/\/dodo-inflatables.com\/lt\/parduotuve\/"},{"@type":"ListItem","position":3,"name":"Apsaugos nuo kritimo kilim\u0117liai 240 x 120 x 5 cm"}]},{"@type":"WebSite","@id":"https:\/\/dodo-inflatables.com\/lt\/#website","url":"https:\/\/dodo-inflatables.com\/lt\/","name":"dodo-inflatables.com","description":"\u012esigykite \u0161okin\u0117jan\u010di\u0173 pili\u0173 ir atrakcion\u0173 m\u016bs\u0173 parduotuv\u0117je.","publisher":{"@id":"https:\/\/dodo-inflatables.com\/lt\/#organization"},"potentialAction":[{"@type":"SearchAction","target":{"@type":"EntryPoint","urlTemplate":"https:\/\/dodo-inflatables.com\/lt\/?s={search_term_string}"},"query-input":{"@type":"PropertyValueSpecification","valueRequired":true,"valueName":"search_term_string"}}],"inLanguage":"lt-LT"},{"@type":"Organization","@id":"https:\/\/dodo-inflatables.com\/lt\/#organization","name":"dodo-inflatables.com","url":"https:\/\/dodo-inflatables.com\/lt\/","logo":{"@type":"ImageObject","inLanguage":"lt-LT","@id":"https:\/\/dodo-inflatables.com\/lt\/#\/schema\/logo\/image\/","url":"https:\/\/dodo-inflatables.com\/wp-content\/uploads\/2023\/04\/cropped-cropped-cropped-Dodo-Logo.png","contentUrl":"https:\/\/dodo-inflatables.com\/wp-content\/uploads\/2023\/04\/cropped-cropped-cropped-Dodo-Logo.png","width":2996,"height":1545,"caption":"dodo-inflatables.com"},"image":{"@id":"https:\/\/dodo-inflatables.com\/lt\/#\/schema\/logo\/image\/"}}]}},"uagb_featured_image_src":{"full":["https:\/\/dodo-inflatables.com\/wp-content\/uploads\/2022\/03\/Fallschutzmatten-Huepfburg-kaufen-1.jpg",1000,1000,false],"thumbnail":["https:\/\/dodo-inflatables.com\/wp-content\/uploads\/2022\/03\/Fallschutzmatten-Huepfburg-kaufen-1-150x150.jpg",150,150,true],"medium":["https:\/\/dodo-inflatables.com\/wp-content\/uploads\/2022\/03\/Fallschutzmatten-Huepfburg-kaufen-1-300x300.jpg",300,300,true],"medium_large":["https:\/\/dodo-inflatables.com\/wp-content\/uploads\/2022\/03\/Fallschutzmatten-Huepfburg-kaufen-1-768x768.jpg",768,768,true],"large":["https:\/\/dodo-inflatables.com\/wp-content\/uploads\/2022\/03\/Fallschutzmatten-Huepfburg-kaufen-1.jpg",1000,1000,false],"1536x1536":["https:\/\/dodo-inflatables.com\/wp-content\/uploads\/2022\/03\/Fallschutzmatten-Huepfburg-kaufen-1.jpg",1000,1000,false],"2048x2048":["https:\/\/dodo-inflatables.com\/wp-content\/uploads\/2022\/03\/Fallschutzmatten-Huepfburg-kaufen-1.jpg",1000,1000,false],"woocommerce_thumbnail":["https:\/\/dodo-inflatables.com\/wp-content\/uploads\/2022\/03\/Fallschutzmatten-Huepfburg-kaufen-1-900x900.jpg",900,900,true],"woocommerce_single":["https:\/\/dodo-inflatables.com\/wp-content\/uploads\/2022\/03\/Fallschutzmatten-Huepfburg-kaufen-1-900x900.jpg",900,900,true],"woocommerce_gallery_thumbnail":["https:\/\/dodo-inflatables.com\/wp-content\/uploads\/2022\/03\/Fallschutzmatten-Huepfburg-kaufen-1-100x100.jpg",100,100,true]},"uagb_author_info":{"display_name":"Andreas","author_link":"https:\/\/dodo-inflatables.com\/lt\/author\/"},"uagb_comment_info":0,"uagb_excerpt":"Apsaugos nuo kritimo kilim\u0117lis Atviri matmenys: 240 x 120 x 5 cm Sulankstomas tris kartus \"Velcro\" juostel\u0117s ant vis\u0173 keturi\u0173 kamp\u0173","_links":{"self":[{"href":"https:\/\/dodo-inflatables.com\/lt\/wp-json\/wp\/v2\/product\/15418","targetHints":{"allow":["GET"]}}],"collection":[{"href":"https:\/\/dodo-inflatables.com\/lt\/wp-json\/wp\/v2\/product"}],"about":[{"href":"https:\/\/dodo-inflatables.com\/lt\/wp-json\/wp\/v2\/types\/product"}],"replies":[{"embeddable":true,"href":"https:\/\/dodo-inflatables.com\/lt\/wp-json\/wp\/v2\/comments?post=15418"}],"wp:featuredmedia":[{"embeddable":true,"href":"https:\/\/dodo-inflatables.com\/lt\/wp-json\/wp\/v2\/media\/15419"}],"wp:attachment":[{"href":"https:\/\/dodo-inflatables.com\/lt\/wp-json\/wp\/v2\/media?parent=15418"}],"wp:term":[{"taxonomy":"product_brand","embeddable":true,"href":"https:\/\/dodo-inflatables.com\/lt\/wp-json\/wp\/v2\/product_brand?post=15418"},{"taxonomy":"product_cat","embeddable":true,"href":"https:\/\/dodo-inflatables.com\/lt\/wp-json\/wp\/v2\/product_cat?post=15418"},{"taxonomy":"product_tag","embeddable":true,"href":"https:\/\/dodo-inflatables.com\/lt\/wp-json\/wp\/v2\/product_tag?post=15418"}],"curies":[{"name":"wp","href":"https:\/\/api.w.org\/{rel}","templated":true}]}}