{"id":15938,"date":"2024-06-10T15:48:06","date_gmt":"2024-06-10T13:48:06","guid":{"rendered":"https:\/\/dodo-inflatables.com\/?post_type=product&#038;p=15938"},"modified":"2026-04-23T20:19:11","modified_gmt":"2026-04-23T18:19:11","slug":"apsaugos-nuo-kritimo-kilimeliai-240-x-120-x-5-cm-copy","status":"publish","type":"product","link":"https:\/\/dodo-inflatables.com\/lt\/produktas\/apsaugos-nuo-kritimo-kilimeliai-240-x-120-x-5-cm-copy\/","title":{"rendered":"Triuk\u0161mo slopintuvas pripu\u010diam\u0173 batuut\u0173 p\u016bstuvams"},"content":{"rendered":"<h2>Pirkti triuk\u0161mo slopintuv\u0105 pripu\u010diam\u0173 batuut\u0173 p\u016bstuvams<\/h2>\n<p>Triuk\u0161mo slopintuvas pripu\u010diam\u0173 batuut\u0173 p\u016bstuvams yra idealus sprendimas \u017eymiai suma\u017einti p\u016bstuvo triuk\u0161m\u0105 nepaveikiant na\u0161umo.<br \/>\nSukurtas ir pagamintas Vokietijoje, \u0161is priedas ypa\u010d skirtas nuomos \u012fmon\u0117ms, rengini\u0173 organizatoriams ir privatiems klientams, kurie vertina tylesn\u012f darb\u0105.<br \/>\n<strong>Pastebimai suma\u017eintas triuk\u0161mo lygis:<\/strong><br \/>\nTriuk\u0161mo slopintuvas suma\u017eina p\u016bstuvo triuk\u0161mo lyg\u012f ma\u017edaug 5 dB. Nors tai popieriuje gali atrodyti nedaug, skirtumas praktikoje yra ai\u0161kiai pastebimas \u2013 ypa\u010d ilgesnio naudojimo metu arba triuk\u0161mui jautriose aplinkose, tokiose kaip gyvenamieji rajonai, sodai ar patalpose.<br \/>\n<strong>Tobulas tinkamumas \u012fprastiems p\u016bstuvams:<\/strong><br \/>\nTriuk\u0161mo slopintuvas buvo specialiai sukurtas pripu\u010diam\u0173 batuut\u0173 p\u016bstuvams ir yra puikiai suderinamas su Huawei ir Gibbons p\u016bstuvais.<br \/>\n<strong>Greitas ir paprastas montavimas:<\/strong><br \/>\nMontavimas yra labai paprastas: triuk\u0161mo slopintuvas tiesiog laikomas prie p\u016bstuvo ir fiksuojamas siurbimu. Jis taip pat gali b\u016bti tvirtai pritvirtintas prie p\u016bstuvo naudojant pridedam\u0105 gumin\u0119 juost\u0105.<br \/>\n<strong>Na\u0161umo praradimo n\u0117ra:<\/strong><br \/>\nNepaisant triuk\u0161mo suma\u017einimo, i\u0161laikomas visas oro srautas. Triuk\u0161mo slopintuvas neveikia p\u016bstuvo oro srauto ar darbinio sl\u0117gio ir tod\u0117l tinka ir nuolatiniam naudojimui nuomos operacijose.<br \/>\n<strong>Verslo ir priva\u010diam naudojimui:<\/strong><br \/>\nNesvarbu, ar tai profesionalus rengini\u0173 naudojimas, ar savo sode, triuk\u0161mo slopintuvas sukuria tylesn\u0119 aplink\u0105 ir pagerina sve\u010di\u0173, klient\u0173 ir kaimyn\u0173 pri\u0117mim\u0105.<br \/>\nPastaba: P\u016bstuvas n\u0117ra \u012ftrauktas \u012f tiekim\u0105.<\/p>\n","protected":false},"excerpt":{"rendered":"<ul>\n<li>Suma\u017eina p\u016bstuvo triuk\u0161m\u0105 ma\u017edaug 5 dB<\/li>\n<li>Suderinamas su Huawei ir Gibbons p\u016bstuvais<\/li>\n<li>Greitas montavimas \u2013 fiksuojamas siurbimu ir gumin\u0117 juosta<\/li>\n<li>Oro srauto ar na\u0161umo praradimo n\u0117ra<\/li>\n<li>Tinka nuomos \u012fmon\u0117ms ir priva\u010diam naudojimui<\/li>\n<\/ul>\n","protected":false},"featured_media":55249,"comment_status":"open","ping_status":"closed","template":"","meta":{"_acf_changed":false,"_uag_custom_page_level_css":"","site-sidebar-layout":"default","site-content-layout":"boxed-container","ast-site-content-layout":"normal-width-container","site-content-style":"boxed","site-sidebar-style":"boxed","ast-global-header-display":"","ast-banner-title-visibility":"","ast-main-header-display":"","ast-hfb-above-header-display":"","ast-hfb-below-header-display":"","ast-hfb-mobile-header-display":"","site-post-title":"disabled","ast-breadcrumbs-content":"","ast-featured-img":"","footer-sml-layout":"","ast-disable-related-posts":"","theme-transparent-header-meta":"default","adv-header-id-meta":"","stick-header-meta":"default","header-above-stick-meta":"","header-main-stick-meta":"","header-below-stick-meta":"","astra-migrate-meta-layouts":"set","ast-page-background-enabled":"default","ast-page-background-meta":{"desktop":{"background-color":"var(--ast-global-color-4)","background-image":"","background-repeat":"repeat","background-position":"center center","background-size":"auto","background-attachment":"scroll","background-type":"","background-media":"","overlay-type":"","overlay-color":"","overlay-opacity":"","overlay-gradient":""},"tablet":{"background-color":"","background-image":"","background-repeat":"repeat","background-position":"center center","background-size":"auto","background-attachment":"scroll","background-type":"","background-media":"","overlay-type":"","overlay-color":"","overlay-opacity":"","overlay-gradient":""},"mobile":{"background-color":"","background-image":"","background-repeat":"repeat","background-position":"center center","background-size":"auto","background-attachment":"scroll","background-type":"","background-media":"","overlay-type":"","overlay-color":"","overlay-opacity":"","overlay-gradient":""}},"ast-content-background-meta":{"desktop":{"background-color":"var(--ast-global-color-5)","background-image":"","background-repeat":"repeat","background-position":"center center","background-size":"auto","background-attachment":"scroll","background-type":"","background-media":"","overlay-type":"","overlay-color":"","overlay-opacity":"","overlay-gradient":""},"tablet":{"background-color":"var(--ast-global-color-5)","background-image":"","background-repeat":"repeat","background-position":"center center","background-size":"auto","background-attachment":"scroll","background-type":"","background-media":"","overlay-type":"","overlay-color":"","overlay-opacity":"","overlay-gradient":""},"mobile":{"background-color":"var(--ast-global-color-5)","background-image":"","background-repeat":"repeat","background-position":"center center","background-size":"auto","background-attachment":"scroll","background-type":"","background-media":"","overlay-type":"","overlay-color":"","overlay-opacity":"","overlay-gradient":""}}},"product_brand":[],"product_cat":[1162],"product_tag":[],"class_list":{"0":"post-15938","1":"product","2":"type-product","3":"status-publish","4":"has-post-thumbnail","6":"product_cat-priedai","7":"product_shipping_class-zubehor-lt","8":"desktop-align-center","9":"tablet-align-center","10":"mobile-align-center","11":"ast-product-gallery-layout-horizontal","12":"ast-product-tabs-layout-horizontal","14":"first","15":"instock","16":"taxable","17":"shipping-taxable","18":"purchasable","19":"product-type-simple"},"acf":[],"yoast_head":"<!-- This site is optimized with the Yoast SEO plugin v27.5 - https:\/\/yoast.com\/product\/yoast-seo-wordpress\/ -->\n<title>\u012esigykite apsaug\u0105 nuo triuk\u0161mo \u0161okin\u0117jan\u010dioms pilims | Dodo-Inflatables.com<\/title>\n<meta name=\"description\" content=\"\u012esigykite apsaug\u0105 nuo triuk\u0161mo, skirt\u0105 pu\u010diam\u0173j\u0173 pili\u0173 p\u016bstuvams, Dodo-Inflatables.com | Sertifikuota pagal EN14960 | Greitas pristatymas!\" \/>\n<meta name=\"robots\" content=\"index, follow, max-snippet:-1, max-image-preview:large, max-video-preview:-1\" \/>\n<link rel=\"canonical\" href=\"https:\/\/dodo-inflatables.com\/lt\/produktas\/apsaugos-nuo-kritimo-kilimeliai-240-x-120-x-5-cm-copy\/\" \/>\n<meta name=\"twitter:label1\" content=\"Est. reading time\" \/>\n\t<meta name=\"twitter:data1\" content=\"1 minut\u0117\" \/>\n<script type=\"application\/ld+json\" class=\"yoast-schema-graph\">{\"@context\":\"https:\\\/\\\/schema.org\",\"@graph\":[{\"@type\":\"WebPage\",\"@id\":\"https:\\\/\\\/dodo-inflatables.com\\\/lt\\\/produktas\\\/apsaugos-nuo-kritimo-kilimeliai-240-x-120-x-5-cm-copy\\\/\",\"url\":\"https:\\\/\\\/dodo-inflatables.com\\\/lt\\\/produktas\\\/apsaugos-nuo-kritimo-kilimeliai-240-x-120-x-5-cm-copy\\\/\",\"name\":\"\u012esigykite apsaug\u0105 nuo triuk\u0161mo \u0161okin\u0117jan\u010dioms pilims | Dodo-Inflatables.com\",\"isPartOf\":{\"@id\":\"https:\\\/\\\/dodo-inflatables.com\\\/lt\\\/#website\"},\"primaryImageOfPage\":{\"@id\":\"https:\\\/\\\/dodo-inflatables.com\\\/lt\\\/produktas\\\/apsaugos-nuo-kritimo-kilimeliai-240-x-120-x-5-cm-copy\\\/#primaryimage\"},\"image\":{\"@id\":\"https:\\\/\\\/dodo-inflatables.com\\\/lt\\\/produktas\\\/apsaugos-nuo-kritimo-kilimeliai-240-x-120-x-5-cm-copy\\\/#primaryimage\"},\"thumbnailUrl\":\"https:\\\/\\\/dodo-inflatables.com\\\/wp-content\\\/uploads\\\/2024\\\/06\\\/buy-bouncy-castle-blower-noise-protection-silencer-4-Kopie.jpg\",\"datePublished\":\"2024-06-10T13:48:06+00:00\",\"dateModified\":\"2026-04-23T18:19:11+00:00\",\"description\":\"\u012esigykite apsaug\u0105 nuo triuk\u0161mo, skirt\u0105 pu\u010diam\u0173j\u0173 pili\u0173 p\u016bstuvams, Dodo-Inflatables.com | Sertifikuota pagal EN14960 | Greitas pristatymas!\",\"breadcrumb\":{\"@id\":\"https:\\\/\\\/dodo-inflatables.com\\\/lt\\\/produktas\\\/apsaugos-nuo-kritimo-kilimeliai-240-x-120-x-5-cm-copy\\\/#breadcrumb\"},\"inLanguage\":\"lt-LT\",\"potentialAction\":[{\"@type\":\"ReadAction\",\"target\":[\"https:\\\/\\\/dodo-inflatables.com\\\/lt\\\/produktas\\\/apsaugos-nuo-kritimo-kilimeliai-240-x-120-x-5-cm-copy\\\/\"]}]},{\"@type\":\"ImageObject\",\"inLanguage\":\"lt-LT\",\"@id\":\"https:\\\/\\\/dodo-inflatables.com\\\/lt\\\/produktas\\\/apsaugos-nuo-kritimo-kilimeliai-240-x-120-x-5-cm-copy\\\/#primaryimage\",\"url\":\"https:\\\/\\\/dodo-inflatables.com\\\/wp-content\\\/uploads\\\/2024\\\/06\\\/buy-bouncy-castle-blower-noise-protection-silencer-4-Kopie.jpg\",\"contentUrl\":\"https:\\\/\\\/dodo-inflatables.com\\\/wp-content\\\/uploads\\\/2024\\\/06\\\/buy-bouncy-castle-blower-noise-protection-silencer-4-Kopie.jpg\",\"width\":1000,\"height\":1000,\"caption\":\"Triuk\u0161mo slopintuvas pripu\u010diam\u0173 batuut\u0173 p\u016bstuvams | Dodo Inflatables\"},{\"@type\":\"BreadcrumbList\",\"@id\":\"https:\\\/\\\/dodo-inflatables.com\\\/lt\\\/produktas\\\/apsaugos-nuo-kritimo-kilimeliai-240-x-120-x-5-cm-copy\\\/#breadcrumb\",\"itemListElement\":[{\"@type\":\"ListItem\",\"position\":1,\"name\":\"Home\",\"item\":\"https:\\\/\\\/dodo-inflatables.com\\\/lt\\\/\"},{\"@type\":\"ListItem\",\"position\":2,\"name\":\"Parduotuv\u0117\",\"item\":\"https:\\\/\\\/dodo-inflatables.com\\\/lt\\\/parduotuve\\\/\"},{\"@type\":\"ListItem\",\"position\":3,\"name\":\"Pripu\u010diamo p\u016bstuvo duslintuvas\"}]},{\"@type\":\"WebSite\",\"@id\":\"https:\\\/\\\/dodo-inflatables.com\\\/lt\\\/#website\",\"url\":\"https:\\\/\\\/dodo-inflatables.com\\\/lt\\\/\",\"name\":\"dodo-inflatables.com\",\"description\":\"\u012esigykite \u0161okin\u0117jan\u010di\u0173 pili\u0173 ir atrakcion\u0173 m\u016bs\u0173 parduotuv\u0117je.\",\"potentialAction\":[{\"@type\":\"SearchAction\",\"target\":{\"@type\":\"EntryPoint\",\"urlTemplate\":\"https:\\\/\\\/dodo-inflatables.com\\\/lt\\\/?s={search_term_string}\"},\"query-input\":{\"@type\":\"PropertyValueSpecification\",\"valueRequired\":true,\"valueName\":\"search_term_string\"}}],\"inLanguage\":\"lt-LT\"}]}<\/script>\n<!-- \/ Yoast SEO plugin. -->","yoast_head_json":{"title":"\u012esigykite apsaug\u0105 nuo triuk\u0161mo \u0161okin\u0117jan\u010dioms pilims | Dodo-Inflatables.com","description":"\u012esigykite apsaug\u0105 nuo triuk\u0161mo, skirt\u0105 pu\u010diam\u0173j\u0173 pili\u0173 p\u016bstuvams, Dodo-Inflatables.com | Sertifikuota pagal EN14960 | Greitas pristatymas!","robots":{"index":"index","follow":"follow","max-snippet":"max-snippet:-1","max-image-preview":"max-image-preview:large","max-video-preview":"max-video-preview:-1"},"canonical":"https:\/\/dodo-inflatables.com\/lt\/produktas\/apsaugos-nuo-kritimo-kilimeliai-240-x-120-x-5-cm-copy\/","twitter_misc":{"Est. reading time":"1 minut\u0117"},"schema":{"@context":"https:\/\/schema.org","@graph":[{"@type":"WebPage","@id":"https:\/\/dodo-inflatables.com\/lt\/produktas\/apsaugos-nuo-kritimo-kilimeliai-240-x-120-x-5-cm-copy\/","url":"https:\/\/dodo-inflatables.com\/lt\/produktas\/apsaugos-nuo-kritimo-kilimeliai-240-x-120-x-5-cm-copy\/","name":"\u012esigykite apsaug\u0105 nuo triuk\u0161mo \u0161okin\u0117jan\u010dioms pilims | Dodo-Inflatables.com","isPartOf":{"@id":"https:\/\/dodo-inflatables.com\/lt\/#website"},"primaryImageOfPage":{"@id":"https:\/\/dodo-inflatables.com\/lt\/produktas\/apsaugos-nuo-kritimo-kilimeliai-240-x-120-x-5-cm-copy\/#primaryimage"},"image":{"@id":"https:\/\/dodo-inflatables.com\/lt\/produktas\/apsaugos-nuo-kritimo-kilimeliai-240-x-120-x-5-cm-copy\/#primaryimage"},"thumbnailUrl":"https:\/\/dodo-inflatables.com\/wp-content\/uploads\/2024\/06\/buy-bouncy-castle-blower-noise-protection-silencer-4-Kopie.jpg","datePublished":"2024-06-10T13:48:06+00:00","dateModified":"2026-04-23T18:19:11+00:00","description":"\u012esigykite apsaug\u0105 nuo triuk\u0161mo, skirt\u0105 pu\u010diam\u0173j\u0173 pili\u0173 p\u016bstuvams, Dodo-Inflatables.com | Sertifikuota pagal EN14960 | Greitas pristatymas!","breadcrumb":{"@id":"https:\/\/dodo-inflatables.com\/lt\/produktas\/apsaugos-nuo-kritimo-kilimeliai-240-x-120-x-5-cm-copy\/#breadcrumb"},"inLanguage":"lt-LT","potentialAction":[{"@type":"ReadAction","target":["https:\/\/dodo-inflatables.com\/lt\/produktas\/apsaugos-nuo-kritimo-kilimeliai-240-x-120-x-5-cm-copy\/"]}]},{"@type":"ImageObject","inLanguage":"lt-LT","@id":"https:\/\/dodo-inflatables.com\/lt\/produktas\/apsaugos-nuo-kritimo-kilimeliai-240-x-120-x-5-cm-copy\/#primaryimage","url":"https:\/\/dodo-inflatables.com\/wp-content\/uploads\/2024\/06\/buy-bouncy-castle-blower-noise-protection-silencer-4-Kopie.jpg","contentUrl":"https:\/\/dodo-inflatables.com\/wp-content\/uploads\/2024\/06\/buy-bouncy-castle-blower-noise-protection-silencer-4-Kopie.jpg","width":1000,"height":1000,"caption":"Triuk\u0161mo slopintuvas pripu\u010diam\u0173 batuut\u0173 p\u016bstuvams | Dodo Inflatables"},{"@type":"BreadcrumbList","@id":"https:\/\/dodo-inflatables.com\/lt\/produktas\/apsaugos-nuo-kritimo-kilimeliai-240-x-120-x-5-cm-copy\/#breadcrumb","itemListElement":[{"@type":"ListItem","position":1,"name":"Home","item":"https:\/\/dodo-inflatables.com\/lt\/"},{"@type":"ListItem","position":2,"name":"Parduotuv\u0117","item":"https:\/\/dodo-inflatables.com\/lt\/parduotuve\/"},{"@type":"ListItem","position":3,"name":"Pripu\u010diamo p\u016bstuvo duslintuvas"}]},{"@type":"WebSite","@id":"https:\/\/dodo-inflatables.com\/lt\/#website","url":"https:\/\/dodo-inflatables.com\/lt\/","name":"dodo-inflatables.com","description":"\u012esigykite \u0161okin\u0117jan\u010di\u0173 pili\u0173 ir atrakcion\u0173 m\u016bs\u0173 parduotuv\u0117je.","potentialAction":[{"@type":"SearchAction","target":{"@type":"EntryPoint","urlTemplate":"https:\/\/dodo-inflatables.com\/lt\/?s={search_term_string}"},"query-input":{"@type":"PropertyValueSpecification","valueRequired":true,"valueName":"search_term_string"}}],"inLanguage":"lt-LT"}]}},"uagb_featured_image_src":{"full":["https:\/\/dodo-inflatables.com\/wp-content\/uploads\/2024\/06\/buy-bouncy-castle-blower-noise-protection-silencer-4-Kopie.jpg",1000,1000,false],"thumbnail":["https:\/\/dodo-inflatables.com\/wp-content\/uploads\/2024\/06\/buy-bouncy-castle-blower-noise-protection-silencer-4-Kopie-150x150.jpg",150,150,true],"medium":["https:\/\/dodo-inflatables.com\/wp-content\/uploads\/2024\/06\/buy-bouncy-castle-blower-noise-protection-silencer-4-Kopie-300x300.jpg",300,300,true],"medium_large":["https:\/\/dodo-inflatables.com\/wp-content\/uploads\/2024\/06\/buy-bouncy-castle-blower-noise-protection-silencer-4-Kopie-768x768.jpg",768,768,true],"large":["https:\/\/dodo-inflatables.com\/wp-content\/uploads\/2024\/06\/buy-bouncy-castle-blower-noise-protection-silencer-4-Kopie.jpg",1000,1000,false],"1536x1536":["https:\/\/dodo-inflatables.com\/wp-content\/uploads\/2024\/06\/buy-bouncy-castle-blower-noise-protection-silencer-4-Kopie.jpg",1000,1000,false],"2048x2048":["https:\/\/dodo-inflatables.com\/wp-content\/uploads\/2024\/06\/buy-bouncy-castle-blower-noise-protection-silencer-4-Kopie.jpg",1000,1000,false],"woocommerce_thumbnail":["https:\/\/dodo-inflatables.com\/wp-content\/uploads\/2024\/06\/buy-bouncy-castle-blower-noise-protection-silencer-4-Kopie-900x900.jpg",900,900,true],"woocommerce_single":["https:\/\/dodo-inflatables.com\/wp-content\/uploads\/2024\/06\/buy-bouncy-castle-blower-noise-protection-silencer-4-Kopie-900x900.jpg",900,900,true],"woocommerce_gallery_thumbnail":["https:\/\/dodo-inflatables.com\/wp-content\/uploads\/2024\/06\/buy-bouncy-castle-blower-noise-protection-silencer-4-Kopie-100x100.jpg",100,100,true]},"uagb_author_info":{"display_name":"Andreas","author_link":"https:\/\/dodo-inflatables.com\/lt\/author\/"},"uagb_comment_info":0,"uagb_excerpt":"Suma\u017eina p\u016bstuvo triuk\u0161m\u0105 ma\u017edaug 5 dB Suderinamas su Huawei ir Gibbons p\u016bstuvais Greitas montavimas \u2013 fiksuojamas siurbimu ir gumin\u0117 juosta Oro srauto ar na\u0161umo praradimo n\u0117ra Tinka nuomos \u012fmon\u0117ms ir priva\u010diam naudojimui","_links":{"self":[{"href":"https:\/\/dodo-inflatables.com\/lt\/wp-json\/wp\/v2\/product\/15938","targetHints":{"allow":["GET"]}}],"collection":[{"href":"https:\/\/dodo-inflatables.com\/lt\/wp-json\/wp\/v2\/product"}],"about":[{"href":"https:\/\/dodo-inflatables.com\/lt\/wp-json\/wp\/v2\/types\/product"}],"replies":[{"embeddable":true,"href":"https:\/\/dodo-inflatables.com\/lt\/wp-json\/wp\/v2\/comments?post=15938"}],"wp:featuredmedia":[{"embeddable":true,"href":"https:\/\/dodo-inflatables.com\/lt\/wp-json\/wp\/v2\/media\/55249"}],"wp:attachment":[{"href":"https:\/\/dodo-inflatables.com\/lt\/wp-json\/wp\/v2\/media?parent=15938"}],"wp:term":[{"taxonomy":"product_brand","embeddable":true,"href":"https:\/\/dodo-inflatables.com\/lt\/wp-json\/wp\/v2\/product_brand?post=15938"},{"taxonomy":"product_cat","embeddable":true,"href":"https:\/\/dodo-inflatables.com\/lt\/wp-json\/wp\/v2\/product_cat?post=15938"},{"taxonomy":"product_tag","embeddable":true,"href":"https:\/\/dodo-inflatables.com\/lt\/wp-json\/wp\/v2\/product_tag?post=15938"}],"curies":[{"name":"wp","href":"https:\/\/api.w.org\/{rel}","templated":true}]}}