{"id":16132,"date":"2024-07-10T13:01:33","date_gmt":"2024-07-10T11:01:33","guid":{"rendered":"https:\/\/dodo-inflatables.com\/?post_type=product&#038;p=16132"},"modified":"2026-04-25T18:22:38","modified_gmt":"2026-04-25T16:22:38","slug":"pripuciamo-pustuvo-duslintuvas-copy","status":"publish","type":"product","link":"https:\/\/dodo-inflatables.com\/lt\/produktas\/pripuciamo-pustuvo-duslintuvas-copy\/","title":{"rendered":"Pripu\u010diam\u0173 batuut\u0173 transportavimo krep\u0161iai XS"},"content":{"rendered":"<h2>Pirkti pripu\u010diam\u0173 batuut\u0173 transportavimo krep\u0161ius<\/h2>\n<p>M\u016bs\u0173 pripu\u010diam\u0173 batuut\u0173 transportavimo krep\u0161iai yra idealus sprendimas nuomos \u012fmon\u0117ms ar klientams, turintiems kelis pripu\u010diamus batuutus sand\u0117lyje.<br \/>\n<strong>Prakti\u0161kos ranken\u0117l\u0117s<\/strong>: Ranken\u0117l\u0117s leid\u017eia patogiai naudotis krep\u0161iais ir palengvina pripu\u010diam\u0173 konstrukcij\u0173 perk\u0117lim\u0105. Atkreipkite d\u0117mes\u012f, kad priklausomai nuo pripu\u010diamos konstrukcijos svorio, ranken\u0117l\u0117s ne visada gali atlaikyti vis\u0105 svor\u012f, tod\u0117l jas reikia naudoti atsargiai, kad nesupl\u0117\u0161ytum\u0117te.<br \/>\n<strong>Saugios tvirtinimo galimyb\u0117s<\/strong>: Transportavimo krep\u0161iai vir\u0161uje gali b\u016bti saugiai suri\u0161ti kilpomis, kad j\u016bs\u0173 pripu\u010diama konstrukcija transportavimo metu likt\u0173 apsaugota ir gerai supakuota. Tai neleid\u017eia atsitiktinai atsidaryti ir u\u017etikrina, kad pripu\u010diama konstrukcija likt\u0173 \u0161vari ir tvarkinga.<br \/>\n<strong>Apsauga nuo transportavimo pa\u017eeidim\u0173<\/strong>: M\u016bs\u0173 transportavimo krep\u0161iai yra specialiai sukurti apsaugoti j\u016bs\u0173 pripu\u010diamas konstrukcijas nuo transportavimo pa\u017eeidim\u0173. Patvari med\u017eiaga apsaugo pripu\u010diamas konstrukcijas nuo purvo, dulki\u0173 ir mechanini\u0173 poveiki\u0173, kad jos visada atvykt\u0173 \u012f paskirties viet\u0105 tobulos b\u016bkl\u0117s.<br \/>\nM\u016bs\u0173 pripu\u010diam\u0173 konstrukcij\u0173 transportavimo krep\u0161iai suteikia jums tobul\u0105 funkcionalumo ir patogumo derin\u012f. Jie \u017eymiai palengvina j\u016bs\u0173 pripu\u010diam\u0173 konstrukcij\u0173 transportavim\u0105 ir u\u017etikrina, kad j\u016bs\u0173 pripu\u010diamos konstrukcijos visada i\u0161likt\u0173 puikioje b\u016bkl\u0117je.<\/p>\n<h3>XS dyd\u017eio transportavimo krep\u0161io informacija<\/h3>\n<ul>\n<li>Med\u017eiaga: PVC (0,55 mm \/ 621,3 g\/m\u00b2)<\/li>\n<li>Skersmuo 80 cm<\/li>\n<li>Auk\u0161tis 100 cm<\/li>\n<li>Mi\u0161rios spalvos<\/li>\n<\/ul>\n<p><strong>Kiekviena pripu\u010diama konstrukcija tiekiama transportavimo krep\u0161yje, papildomo krep\u0161io u\u017esakyti nereikia.<\/strong><\/p>\n","protected":false},"excerpt":{"rendered":"<ul>\n<li>Transportavimo krep\u0161ys dyd\u017eiu XS (skersmuo 80 cm, auk\u0161tis 100 cm)<\/li>\n<li>Med\u017eiaga: PVC (0,55 mm \/ 621,3 g\/m\u00b2)<\/li>\n<li>Mi\u0161rios spalvos<\/li>\n<\/ul>\n","protected":false},"featured_media":55173,"comment_status":"open","ping_status":"closed","template":"","meta":{"_acf_changed":false,"_uag_custom_page_level_css":"","site-sidebar-layout":"default","site-content-layout":"boxed-container","ast-site-content-layout":"normal-width-container","site-content-style":"boxed","site-sidebar-style":"boxed","ast-global-header-display":"","ast-banner-title-visibility":"","ast-main-header-display":"","ast-hfb-above-header-display":"","ast-hfb-below-header-display":"","ast-hfb-mobile-header-display":"","site-post-title":"disabled","ast-breadcrumbs-content":"","ast-featured-img":"","footer-sml-layout":"","ast-disable-related-posts":"","theme-transparent-header-meta":"default","adv-header-id-meta":"","stick-header-meta":"default","header-above-stick-meta":"","header-main-stick-meta":"","header-below-stick-meta":"","astra-migrate-meta-layouts":"set","ast-page-background-enabled":"default","ast-page-background-meta":{"desktop":{"background-color":"var(--ast-global-color-4)","background-image":"","background-repeat":"repeat","background-position":"center center","background-size":"auto","background-attachment":"scroll","background-type":"","background-media":"","overlay-type":"","overlay-color":"","overlay-opacity":"","overlay-gradient":""},"tablet":{"background-color":"","background-image":"","background-repeat":"repeat","background-position":"center center","background-size":"auto","background-attachment":"scroll","background-type":"","background-media":"","overlay-type":"","overlay-color":"","overlay-opacity":"","overlay-gradient":""},"mobile":{"background-color":"","background-image":"","background-repeat":"repeat","background-position":"center center","background-size":"auto","background-attachment":"scroll","background-type":"","background-media":"","overlay-type":"","overlay-color":"","overlay-opacity":"","overlay-gradient":""}},"ast-content-background-meta":{"desktop":{"background-color":"var(--ast-global-color-5)","background-image":"","background-repeat":"repeat","background-position":"center center","background-size":"auto","background-attachment":"scroll","background-type":"","background-media":"","overlay-type":"","overlay-color":"","overlay-opacity":"","overlay-gradient":""},"tablet":{"background-color":"var(--ast-global-color-5)","background-image":"","background-repeat":"repeat","background-position":"center center","background-size":"auto","background-attachment":"scroll","background-type":"","background-media":"","overlay-type":"","overlay-color":"","overlay-opacity":"","overlay-gradient":""},"mobile":{"background-color":"var(--ast-global-color-5)","background-image":"","background-repeat":"repeat","background-position":"center center","background-size":"auto","background-attachment":"scroll","background-type":"","background-media":"","overlay-type":"","overlay-color":"","overlay-opacity":"","overlay-gradient":""}}},"product_brand":[],"product_cat":[1162],"product_tag":[],"class_list":{"0":"post-16132","1":"product","2":"type-product","3":"status-publish","4":"has-post-thumbnail","6":"product_cat-priedai","7":"product_shipping_class-zubehor-lt","8":"pa_gtin-0654170861734-lt","9":"desktop-align-center","10":"tablet-align-center","11":"mobile-align-center","12":"ast-product-gallery-layout-horizontal","13":"ast-product-gallery-with-no-image","14":"ast-product-tabs-layout-horizontal","16":"first","17":"instock","18":"taxable","19":"shipping-taxable","20":"purchasable","21":"product-type-simple"},"acf":[],"yoast_head":"<!-- This site is optimized with the Yoast SEO plugin v27.5 - https:\/\/yoast.com\/product\/yoast-seo-wordpress\/ -->\n<title>Pirkti pripu\u010diamus transportavimo krep\u0161ius | Dodo-Inflatables.com<\/title>\n<meta name=\"description\" content=\"Pirkite pripu\u010diam\u0173 ir \u0161okin\u0117jan\u010di\u0173 pili\u0173 transportavimo krep\u0161ius Dodo-Inflatables.com | Sertifikuota pagal EN14960 | Greitas pristatymas!\" \/>\n<meta name=\"robots\" content=\"index, follow, max-snippet:-1, max-image-preview:large, max-video-preview:-1\" \/>\n<link rel=\"canonical\" href=\"https:\/\/dodo-inflatables.com\/lt\/produktas\/pripuciamo-pustuvo-duslintuvas-copy\/\" \/>\n<meta name=\"twitter:label1\" content=\"Est. reading time\" \/>\n\t<meta name=\"twitter:data1\" content=\"1 minut\u0117\" \/>\n<script type=\"application\/ld+json\" class=\"yoast-schema-graph\">{\"@context\":\"https:\\\/\\\/schema.org\",\"@graph\":[{\"@type\":\"WebPage\",\"@id\":\"https:\\\/\\\/dodo-inflatables.com\\\/lt\\\/produktas\\\/pripuciamo-pustuvo-duslintuvas-copy\\\/\",\"url\":\"https:\\\/\\\/dodo-inflatables.com\\\/lt\\\/produktas\\\/pripuciamo-pustuvo-duslintuvas-copy\\\/\",\"name\":\"Pirkti pripu\u010diamus transportavimo krep\u0161ius | Dodo-Inflatables.com\",\"isPartOf\":{\"@id\":\"https:\\\/\\\/dodo-inflatables.com\\\/lt\\\/#website\"},\"primaryImageOfPage\":{\"@id\":\"https:\\\/\\\/dodo-inflatables.com\\\/lt\\\/produktas\\\/pripuciamo-pustuvo-duslintuvas-copy\\\/#primaryimage\"},\"image\":{\"@id\":\"https:\\\/\\\/dodo-inflatables.com\\\/lt\\\/produktas\\\/pripuciamo-pustuvo-duslintuvas-copy\\\/#primaryimage\"},\"thumbnailUrl\":\"https:\\\/\\\/dodo-inflatables.com\\\/wp-content\\\/uploads\\\/2024\\\/07\\\/XS-Bouncy-castle-Transport-bag.jpg\",\"datePublished\":\"2024-07-10T11:01:33+00:00\",\"dateModified\":\"2026-04-25T16:22:38+00:00\",\"description\":\"Pirkite pripu\u010diam\u0173 ir \u0161okin\u0117jan\u010di\u0173 pili\u0173 transportavimo krep\u0161ius Dodo-Inflatables.com | Sertifikuota pagal EN14960 | Greitas pristatymas!\",\"breadcrumb\":{\"@id\":\"https:\\\/\\\/dodo-inflatables.com\\\/lt\\\/produktas\\\/pripuciamo-pustuvo-duslintuvas-copy\\\/#breadcrumb\"},\"inLanguage\":\"lt-LT\",\"potentialAction\":[{\"@type\":\"ReadAction\",\"target\":[\"https:\\\/\\\/dodo-inflatables.com\\\/lt\\\/produktas\\\/pripuciamo-pustuvo-duslintuvas-copy\\\/\"]}]},{\"@type\":\"ImageObject\",\"inLanguage\":\"lt-LT\",\"@id\":\"https:\\\/\\\/dodo-inflatables.com\\\/lt\\\/produktas\\\/pripuciamo-pustuvo-duslintuvas-copy\\\/#primaryimage\",\"url\":\"https:\\\/\\\/dodo-inflatables.com\\\/wp-content\\\/uploads\\\/2024\\\/07\\\/XS-Bouncy-castle-Transport-bag.jpg\",\"contentUrl\":\"https:\\\/\\\/dodo-inflatables.com\\\/wp-content\\\/uploads\\\/2024\\\/07\\\/XS-Bouncy-castle-Transport-bag.jpg\",\"width\":1000,\"height\":1000,\"caption\":\"Pripu\u010diam\u0173 batuut\u0173 transportavimo krep\u0161iai XS | Dodo Inflatables\"},{\"@type\":\"BreadcrumbList\",\"@id\":\"https:\\\/\\\/dodo-inflatables.com\\\/lt\\\/produktas\\\/pripuciamo-pustuvo-duslintuvas-copy\\\/#breadcrumb\",\"itemListElement\":[{\"@type\":\"ListItem\",\"position\":1,\"name\":\"Home\",\"item\":\"https:\\\/\\\/dodo-inflatables.com\\\/lt\\\/\"},{\"@type\":\"ListItem\",\"position\":2,\"name\":\"Parduotuv\u0117\",\"item\":\"https:\\\/\\\/dodo-inflatables.com\\\/lt\\\/parduotuve\\\/\"},{\"@type\":\"ListItem\",\"position\":3,\"name\":\"Dvira\u010dio pilies transportavimo krep\u0161ys XS\"}]},{\"@type\":\"WebSite\",\"@id\":\"https:\\\/\\\/dodo-inflatables.com\\\/lt\\\/#website\",\"url\":\"https:\\\/\\\/dodo-inflatables.com\\\/lt\\\/\",\"name\":\"dodo-inflatables.com\",\"description\":\"\u012esigykite \u0161okin\u0117jan\u010di\u0173 pili\u0173 ir atrakcion\u0173 m\u016bs\u0173 parduotuv\u0117je.\",\"potentialAction\":[{\"@type\":\"SearchAction\",\"target\":{\"@type\":\"EntryPoint\",\"urlTemplate\":\"https:\\\/\\\/dodo-inflatables.com\\\/lt\\\/?s={search_term_string}\"},\"query-input\":{\"@type\":\"PropertyValueSpecification\",\"valueRequired\":true,\"valueName\":\"search_term_string\"}}],\"inLanguage\":\"lt-LT\"}]}<\/script>\n<!-- \/ Yoast SEO plugin. -->","yoast_head_json":{"title":"Pirkti pripu\u010diamus transportavimo krep\u0161ius | Dodo-Inflatables.com","description":"Pirkite pripu\u010diam\u0173 ir \u0161okin\u0117jan\u010di\u0173 pili\u0173 transportavimo krep\u0161ius Dodo-Inflatables.com | Sertifikuota pagal EN14960 | Greitas pristatymas!","robots":{"index":"index","follow":"follow","max-snippet":"max-snippet:-1","max-image-preview":"max-image-preview:large","max-video-preview":"max-video-preview:-1"},"canonical":"https:\/\/dodo-inflatables.com\/lt\/produktas\/pripuciamo-pustuvo-duslintuvas-copy\/","twitter_misc":{"Est. reading time":"1 minut\u0117"},"schema":{"@context":"https:\/\/schema.org","@graph":[{"@type":"WebPage","@id":"https:\/\/dodo-inflatables.com\/lt\/produktas\/pripuciamo-pustuvo-duslintuvas-copy\/","url":"https:\/\/dodo-inflatables.com\/lt\/produktas\/pripuciamo-pustuvo-duslintuvas-copy\/","name":"Pirkti pripu\u010diamus transportavimo krep\u0161ius | Dodo-Inflatables.com","isPartOf":{"@id":"https:\/\/dodo-inflatables.com\/lt\/#website"},"primaryImageOfPage":{"@id":"https:\/\/dodo-inflatables.com\/lt\/produktas\/pripuciamo-pustuvo-duslintuvas-copy\/#primaryimage"},"image":{"@id":"https:\/\/dodo-inflatables.com\/lt\/produktas\/pripuciamo-pustuvo-duslintuvas-copy\/#primaryimage"},"thumbnailUrl":"https:\/\/dodo-inflatables.com\/wp-content\/uploads\/2024\/07\/XS-Bouncy-castle-Transport-bag.jpg","datePublished":"2024-07-10T11:01:33+00:00","dateModified":"2026-04-25T16:22:38+00:00","description":"Pirkite pripu\u010diam\u0173 ir \u0161okin\u0117jan\u010di\u0173 pili\u0173 transportavimo krep\u0161ius Dodo-Inflatables.com | Sertifikuota pagal EN14960 | Greitas pristatymas!","breadcrumb":{"@id":"https:\/\/dodo-inflatables.com\/lt\/produktas\/pripuciamo-pustuvo-duslintuvas-copy\/#breadcrumb"},"inLanguage":"lt-LT","potentialAction":[{"@type":"ReadAction","target":["https:\/\/dodo-inflatables.com\/lt\/produktas\/pripuciamo-pustuvo-duslintuvas-copy\/"]}]},{"@type":"ImageObject","inLanguage":"lt-LT","@id":"https:\/\/dodo-inflatables.com\/lt\/produktas\/pripuciamo-pustuvo-duslintuvas-copy\/#primaryimage","url":"https:\/\/dodo-inflatables.com\/wp-content\/uploads\/2024\/07\/XS-Bouncy-castle-Transport-bag.jpg","contentUrl":"https:\/\/dodo-inflatables.com\/wp-content\/uploads\/2024\/07\/XS-Bouncy-castle-Transport-bag.jpg","width":1000,"height":1000,"caption":"Pripu\u010diam\u0173 batuut\u0173 transportavimo krep\u0161iai XS | Dodo Inflatables"},{"@type":"BreadcrumbList","@id":"https:\/\/dodo-inflatables.com\/lt\/produktas\/pripuciamo-pustuvo-duslintuvas-copy\/#breadcrumb","itemListElement":[{"@type":"ListItem","position":1,"name":"Home","item":"https:\/\/dodo-inflatables.com\/lt\/"},{"@type":"ListItem","position":2,"name":"Parduotuv\u0117","item":"https:\/\/dodo-inflatables.com\/lt\/parduotuve\/"},{"@type":"ListItem","position":3,"name":"Dvira\u010dio pilies transportavimo krep\u0161ys XS"}]},{"@type":"WebSite","@id":"https:\/\/dodo-inflatables.com\/lt\/#website","url":"https:\/\/dodo-inflatables.com\/lt\/","name":"dodo-inflatables.com","description":"\u012esigykite \u0161okin\u0117jan\u010di\u0173 pili\u0173 ir atrakcion\u0173 m\u016bs\u0173 parduotuv\u0117je.","potentialAction":[{"@type":"SearchAction","target":{"@type":"EntryPoint","urlTemplate":"https:\/\/dodo-inflatables.com\/lt\/?s={search_term_string}"},"query-input":{"@type":"PropertyValueSpecification","valueRequired":true,"valueName":"search_term_string"}}],"inLanguage":"lt-LT"}]}},"uagb_featured_image_src":{"full":["https:\/\/dodo-inflatables.com\/wp-content\/uploads\/2024\/07\/XS-Bouncy-castle-Transport-bag.jpg",1000,1000,false],"thumbnail":["https:\/\/dodo-inflatables.com\/wp-content\/uploads\/2024\/07\/XS-Bouncy-castle-Transport-bag-150x150.jpg",150,150,true],"medium":["https:\/\/dodo-inflatables.com\/wp-content\/uploads\/2024\/07\/XS-Bouncy-castle-Transport-bag-300x300.jpg",300,300,true],"medium_large":["https:\/\/dodo-inflatables.com\/wp-content\/uploads\/2024\/07\/XS-Bouncy-castle-Transport-bag-768x768.jpg",768,768,true],"large":["https:\/\/dodo-inflatables.com\/wp-content\/uploads\/2024\/07\/XS-Bouncy-castle-Transport-bag.jpg",1000,1000,false],"1536x1536":["https:\/\/dodo-inflatables.com\/wp-content\/uploads\/2024\/07\/XS-Bouncy-castle-Transport-bag.jpg",1000,1000,false],"2048x2048":["https:\/\/dodo-inflatables.com\/wp-content\/uploads\/2024\/07\/XS-Bouncy-castle-Transport-bag.jpg",1000,1000,false],"woocommerce_thumbnail":["https:\/\/dodo-inflatables.com\/wp-content\/uploads\/2024\/07\/XS-Bouncy-castle-Transport-bag-900x900.jpg",900,900,true],"woocommerce_single":["https:\/\/dodo-inflatables.com\/wp-content\/uploads\/2024\/07\/XS-Bouncy-castle-Transport-bag-900x900.jpg",900,900,true],"woocommerce_gallery_thumbnail":["https:\/\/dodo-inflatables.com\/wp-content\/uploads\/2024\/07\/XS-Bouncy-castle-Transport-bag-100x100.jpg",100,100,true]},"uagb_author_info":{"display_name":"Andreas","author_link":"https:\/\/dodo-inflatables.com\/lt\/author\/"},"uagb_comment_info":0,"uagb_excerpt":"Transportavimo krep\u0161ys dyd\u017eiu XS (skersmuo 80 cm, auk\u0161tis 100 cm) Med\u017eiaga: PVC (0,55 mm \/ 621,3 g\/m\u00b2) Mi\u0161rios spalvos","_links":{"self":[{"href":"https:\/\/dodo-inflatables.com\/lt\/wp-json\/wp\/v2\/product\/16132","targetHints":{"allow":["GET"]}}],"collection":[{"href":"https:\/\/dodo-inflatables.com\/lt\/wp-json\/wp\/v2\/product"}],"about":[{"href":"https:\/\/dodo-inflatables.com\/lt\/wp-json\/wp\/v2\/types\/product"}],"replies":[{"embeddable":true,"href":"https:\/\/dodo-inflatables.com\/lt\/wp-json\/wp\/v2\/comments?post=16132"}],"wp:featuredmedia":[{"embeddable":true,"href":"https:\/\/dodo-inflatables.com\/lt\/wp-json\/wp\/v2\/media\/55173"}],"wp:attachment":[{"href":"https:\/\/dodo-inflatables.com\/lt\/wp-json\/wp\/v2\/media?parent=16132"}],"wp:term":[{"taxonomy":"product_brand","embeddable":true,"href":"https:\/\/dodo-inflatables.com\/lt\/wp-json\/wp\/v2\/product_brand?post=16132"},{"taxonomy":"product_cat","embeddable":true,"href":"https:\/\/dodo-inflatables.com\/lt\/wp-json\/wp\/v2\/product_cat?post=16132"},{"taxonomy":"product_tag","embeddable":true,"href":"https:\/\/dodo-inflatables.com\/lt\/wp-json\/wp\/v2\/product_tag?post=16132"}],"curies":[{"name":"wp","href":"https:\/\/api.w.org\/{rel}","templated":true}]}}