{"id":12043,"date":"2024-03-05T15:56:42","date_gmt":"2024-03-05T14:56:42","guid":{"rendered":"https:\/\/dodo-inflatables.com\/opblaasbare-glijbanen-en-springkastelen-kopen-in-nederland\/"},"modified":"2024-07-10T13:54:06","modified_gmt":"2024-07-10T11:54:06","slug":"opblaasbare-glijbanen-en-springkastelen-kopen-in-nederland","status":"publish","type":"page","link":"https:\/\/dodo-inflatables.com\/lv\/opblaasbare-glijbanen-en-springkastelen-kopen-in-nederland\/","title":{"rendered":"Opblaasbare glijbanen en springkastelen kopen in Nederland"},"content":{"rendered":"\n<h2 class=\"wp-block-heading has-text-align-center\">Opblaasbare glijbanen en springkastelen kopen in Nederland<\/h2>\n\n<figure class=\"wp-block-image aligncenter size-large\"><a href=\"https:\/\/dodo-inflatables.com\/wp-content\/uploads\/2022\/01\/seperator-kleiner.png\"><img loading=\"lazy\" decoding=\"async\" width=\"1024\" height=\"102\" src=\"https:\/\/dodo-inflatables.com\/wp-content\/uploads\/2022\/01\/seperator-kleiner-1024x102.png\" alt=\"\" class=\"wp-image-4026\" srcset=\"https:\/\/dodo-inflatables.com\/wp-content\/uploads\/2022\/01\/seperator-kleiner-1024x102.png 1024w, https:\/\/dodo-inflatables.com\/wp-content\/uploads\/2022\/01\/seperator-kleiner-900x90.png 900w, https:\/\/dodo-inflatables.com\/wp-content\/uploads\/2022\/01\/seperator-kleiner-300x30.png 300w, https:\/\/dodo-inflatables.com\/wp-content\/uploads\/2022\/01\/seperator-kleiner-768x77.png 768w, https:\/\/dodo-inflatables.com\/wp-content\/uploads\/2022\/01\/seperator-kleiner-1536x154.png 1536w, https:\/\/dodo-inflatables.com\/wp-content\/uploads\/2022\/01\/seperator-kleiner-340x34.png 340w, https:\/\/dodo-inflatables.com\/wp-content\/uploads\/2022\/01\/seperator-kleiner.png 2000w\" sizes=\"auto, (max-width: 1024px) 100vw, 1024px\" \/><\/a><\/figure>\n\n<h3 class=\"wp-block-heading has-text-align-center\">Welkom bij Dodo-Inflatables.com &#8211; onze online winkel voor opblaasbare glijbanen in Europa!<\/h3>\n\n<p style=\"font-size:17px\">Dompel jezelf onder inze uitgebreide selectie van hoge kwaliteit inflatables, <a href=\"https:\/\/dodo-inflatables.com\/lv\/product-category\/bouncy-castles-lv\/\">opblaasbare kastelen<\/a> en <a href=\"https:\/\/dodo-inflatables.com\/lv\/product-category\/slides-lv\/\">glijbanen<\/a> die net dat beetje extra toevoegen aan elke gelegenheid. Of je nu op zoek bent naar een grote inflatable voor een bedrijfsevenement, een klein springkasteel voor een kinderfeestje of een springkussen met glijbaan voor een zomerfeest &#8211; je vindt hier gegarandeerd iets passends!<\/p>\n\n<p style=\"font-size:17px\">Ons assortiment omvat niet alleen een verscheidenheid aan springkastelen, maar ook een breed scala aan <a href=\"https:\/\/dodo-inflatables.com\/lv\/product-category\/piedavajumi\/\">accessoires<\/a>, waaronder <a href=\"https:\/\/dodo-inflatables.com\/lv\/product\/gibbons-putejs-fp5005-15ps\/\" data-type=\"product\" data-id=\"81\">Gibbons<\/a> en <a href=\"https:\/\/dodo-inflatables.com\/lv\/product\/huawei-putejs-reh-1-5e-15ps\/\" data-type=\"product\" data-id=\"2724\">Huawei<\/a> blowers voor springkastelen.<\/p>\n\n<p style=\"font-size:17px\">Par \u0161o pavasara d\u012bv\u0101nu un piederumu ieg\u0101dei <strong>N\u012bderland\u0113 j\u0101maks\u0101 \u20ac148,00<\/strong>. Een pakket opblaasbare accessoires kost \u20ac19,00. Als het springkussen op voorraad is, wordt het direct na ontvangst van betaling naar u verzonden. Levering in Nederland duurt ongeveer <strong>4 &#8211; 6 werkdagen<\/strong>. Het is mogelijk om het springkussen zelf af te halen bij ons magazijn in M\u00fcnchen, Duitsland.<\/p>\n\n<p style=\"font-size:17px\">Visi atsperu balsti atbilst <strong>DIN EN 14960<\/strong> stingraj\u0101m dro\u0161\u012bbas norm\u0101m un ir paredz\u0113ti izmanto\u0161anai \u012bpa\u0161os un komerci\u0101los nol\u016bkos. U ontvangt een gedetailleerde handleiding en het bijbehorende certificaat voor uw nieuwe springkasteel zodra het is verzonden.<\/p>\n\n<p style=\"font-size:17px\">BTW-vrijstelling voor bedrijven! Als je als bedrijf koopt, voer dan je btw-identificatienummer in bij de kassa om belastingvrij te kopen.<\/p>\n\n<p style=\"font-size:17px\">Of u nu als particulier op zoek bent naar een springkasteel voor uw volgende familiefeest, of als commercieel verhuurbedrijf uw assortiment wilt uitbreiden, onze springkastelen zijn geschikt voor iedereen. In feite zijn de meeste van onze klanten in heel Europa springkasteelverhuurbedrijven die onze producten waarderen voor evenementen van alle groottes.<\/p>\n\n<p style=\"font-size:17px\">We wensen u veel plezier bij het bekijken van onze online winkel en beantwoorden graag al uw vragen op contact@dodo-inflatables.com!<\/p>\n\n<div style=\"height:100px\" aria-hidden=\"true\" class=\"wp-block-spacer\"><\/div>\n","protected":false},"excerpt":{"rendered":"<p>Opblaasbare glijbanen en springkastelen kopen in Nederland Welkom bij Dodo-Inflatables.com &#8211; onze online winkel voor opblaasbare glijbanen in Europa! Dompel jezelf onder inze uitgebreide selectie van hoge kwaliteit inflatables, opblaasbare kastelen en glijbanen die net dat beetje extra toevoegen aan elke gelegenheid. Of je nu op zoek bent naar een grote inflatable voor een bedrijfsevenement, [&hellip;]<\/p>\n","protected":false},"author":1,"featured_media":0,"parent":0,"menu_order":0,"comment_status":"closed","ping_status":"closed","template":"","meta":{"_acf_changed":false,"_uag_custom_page_level_css":"","site-sidebar-layout":"default","site-content-layout":"","ast-site-content-layout":"normal-width-container","site-content-style":"boxed","site-sidebar-style":"default","ast-global-header-display":"","ast-banner-title-visibility":"","ast-main-header-display":"","ast-hfb-above-header-display":"","ast-hfb-below-header-display":"","ast-hfb-mobile-header-display":"","site-post-title":"","ast-breadcrumbs-content":"","ast-featured-img":"","footer-sml-layout":"","ast-disable-related-posts":"","theme-transparent-header-meta":"","adv-header-id-meta":"4069","stick-header-meta":"","header-above-stick-meta":"","header-main-stick-meta":"","header-below-stick-meta":"","astra-migrate-meta-layouts":"default","ast-page-background-enabled":"default","ast-page-background-meta":{"desktop":{"background-color":"var(--ast-global-color-4)","background-image":"","background-repeat":"repeat","background-position":"center center","background-size":"auto","background-attachment":"scroll","background-type":"","background-media":"","overlay-type":"","overlay-color":"","overlay-opacity":"","overlay-gradient":""},"tablet":{"background-color":"","background-image":"","background-repeat":"repeat","background-position":"center center","background-size":"auto","background-attachment":"scroll","background-type":"","background-media":"","overlay-type":"","overlay-color":"","overlay-opacity":"","overlay-gradient":""},"mobile":{"background-color":"","background-image":"","background-repeat":"repeat","background-position":"center center","background-size":"auto","background-attachment":"scroll","background-type":"","background-media":"","overlay-type":"","overlay-color":"","overlay-opacity":"","overlay-gradient":""}},"ast-content-background-meta":{"desktop":{"background-color":"var(--ast-global-color-5)","background-image":"","background-repeat":"repeat","background-position":"center center","background-size":"auto","background-attachment":"scroll","background-type":"","background-media":"","overlay-type":"","overlay-color":"","overlay-opacity":"","overlay-gradient":""},"tablet":{"background-color":"var(--ast-global-color-5)","background-image":"","background-repeat":"repeat","background-position":"center center","background-size":"auto","background-attachment":"scroll","background-type":"","background-media":"","overlay-type":"","overlay-color":"","overlay-opacity":"","overlay-gradient":""},"mobile":{"background-color":"var(--ast-global-color-5)","background-image":"","background-repeat":"repeat","background-position":"center center","background-size":"auto","background-attachment":"scroll","background-type":"","background-media":"","overlay-type":"","overlay-color":"","overlay-opacity":"","overlay-gradient":""}},"footnotes":""},"class_list":["post-12043","page","type-page","status-publish","hentry"],"acf":[],"yoast_head":"<!-- This site is optimized with the Yoast SEO plugin v27.4 - https:\/\/yoast.com\/product\/yoast-seo-wordpress\/ -->\n<title>Opblaasbare glijbanen en springkastelen kopen in Nederland - dodo-inflatables.com<\/title>\n<meta name=\"robots\" content=\"index, follow, max-snippet:-1, max-image-preview:large, max-video-preview:-1\" \/>\n<link rel=\"canonical\" href=\"https:\/\/dodo-inflatables.com\/lv\/opblaasbare-glijbanen-en-springkastelen-kopen-in-nederland\/\" \/>\n<meta name=\"twitter:label1\" content=\"Est. reading time\" \/>\n\t<meta name=\"twitter:data1\" content=\"1 minute\" \/>\n<script type=\"application\/ld+json\" class=\"yoast-schema-graph\">{\"@context\":\"https:\\\/\\\/schema.org\",\"@graph\":[{\"@type\":\"WebPage\",\"@id\":\"https:\\\/\\\/dodo-inflatables.com\\\/lv\\\/opblaasbare-glijbanen-en-springkastelen-kopen-in-nederland\\\/\",\"url\":\"https:\\\/\\\/dodo-inflatables.com\\\/lv\\\/opblaasbare-glijbanen-en-springkastelen-kopen-in-nederland\\\/\",\"name\":\"Opblaasbare glijbanen en springkastelen kopen in Nederland - dodo-inflatables.com\",\"isPartOf\":{\"@id\":\"https:\\\/\\\/dodo-inflatables.com\\\/lv\\\/#website\"},\"primaryImageOfPage\":{\"@id\":\"https:\\\/\\\/dodo-inflatables.com\\\/lv\\\/opblaasbare-glijbanen-en-springkastelen-kopen-in-nederland\\\/#primaryimage\"},\"image\":{\"@id\":\"https:\\\/\\\/dodo-inflatables.com\\\/lv\\\/opblaasbare-glijbanen-en-springkastelen-kopen-in-nederland\\\/#primaryimage\"},\"thumbnailUrl\":\"https:\\\/\\\/dodo-inflatables.com\\\/wp-content\\\/uploads\\\/2022\\\/01\\\/seperator-kleiner-1024x102.png\",\"datePublished\":\"2024-03-05T14:56:42+00:00\",\"dateModified\":\"2024-07-10T11:54:06+00:00\",\"breadcrumb\":{\"@id\":\"https:\\\/\\\/dodo-inflatables.com\\\/lv\\\/opblaasbare-glijbanen-en-springkastelen-kopen-in-nederland\\\/#breadcrumb\"},\"inLanguage\":\"lv-LV\",\"potentialAction\":[{\"@type\":\"ReadAction\",\"target\":[\"https:\\\/\\\/dodo-inflatables.com\\\/lv\\\/opblaasbare-glijbanen-en-springkastelen-kopen-in-nederland\\\/\"]}]},{\"@type\":\"ImageObject\",\"inLanguage\":\"lv-LV\",\"@id\":\"https:\\\/\\\/dodo-inflatables.com\\\/lv\\\/opblaasbare-glijbanen-en-springkastelen-kopen-in-nederland\\\/#primaryimage\",\"url\":\"https:\\\/\\\/dodo-inflatables.com\\\/wp-content\\\/uploads\\\/2022\\\/01\\\/seperator-kleiner-1024x102.png\",\"contentUrl\":\"https:\\\/\\\/dodo-inflatables.com\\\/wp-content\\\/uploads\\\/2022\\\/01\\\/seperator-kleiner-1024x102.png\"},{\"@type\":\"BreadcrumbList\",\"@id\":\"https:\\\/\\\/dodo-inflatables.com\\\/lv\\\/opblaasbare-glijbanen-en-springkastelen-kopen-in-nederland\\\/#breadcrumb\",\"itemListElement\":[{\"@type\":\"ListItem\",\"position\":1,\"name\":\"Home\",\"item\":\"https:\\\/\\\/dodo-inflatables.com\\\/lv\\\/\"},{\"@type\":\"ListItem\",\"position\":2,\"name\":\"Opblaasbare glijbanen en springkastelen kopen in Nederland\"}]},{\"@type\":\"WebSite\",\"@id\":\"https:\\\/\\\/dodo-inflatables.com\\\/lv\\\/#website\",\"url\":\"https:\\\/\\\/dodo-inflatables.com\\\/lv\\\/\",\"name\":\"dodo-inflatables.com\",\"description\":\"Ieg\u0101d\u0101jieties leco\u0161\u0101s pilis un atrakcijas m\u016bsu veikal\u0101.\",\"publisher\":{\"@id\":\"https:\\\/\\\/dodo-inflatables.com\\\/lv\\\/#organization\"},\"potentialAction\":[{\"@type\":\"SearchAction\",\"target\":{\"@type\":\"EntryPoint\",\"urlTemplate\":\"https:\\\/\\\/dodo-inflatables.com\\\/lv\\\/?s={search_term_string}\"},\"query-input\":{\"@type\":\"PropertyValueSpecification\",\"valueRequired\":true,\"valueName\":\"search_term_string\"}}],\"inLanguage\":\"lv-LV\"},{\"@type\":\"Organization\",\"@id\":\"https:\\\/\\\/dodo-inflatables.com\\\/lv\\\/#organization\",\"name\":\"dodo-inflatables.com\",\"url\":\"https:\\\/\\\/dodo-inflatables.com\\\/lv\\\/\",\"logo\":{\"@type\":\"ImageObject\",\"inLanguage\":\"lv-LV\",\"@id\":\"https:\\\/\\\/dodo-inflatables.com\\\/lv\\\/#\\\/schema\\\/logo\\\/image\\\/\",\"url\":\"https:\\\/\\\/dodo-inflatables.com\\\/wp-content\\\/uploads\\\/2023\\\/04\\\/cropped-cropped-cropped-Dodo-Logo.png\",\"contentUrl\":\"https:\\\/\\\/dodo-inflatables.com\\\/wp-content\\\/uploads\\\/2023\\\/04\\\/cropped-cropped-cropped-Dodo-Logo.png\",\"width\":2996,\"height\":1545,\"caption\":\"dodo-inflatables.com\"},\"image\":{\"@id\":\"https:\\\/\\\/dodo-inflatables.com\\\/lv\\\/#\\\/schema\\\/logo\\\/image\\\/\"}}]}<\/script>\n<!-- \/ Yoast SEO plugin. -->","yoast_head_json":{"title":"Opblaasbare glijbanen en springkastelen kopen in Nederland - dodo-inflatables.com","robots":{"index":"index","follow":"follow","max-snippet":"max-snippet:-1","max-image-preview":"max-image-preview:large","max-video-preview":"max-video-preview:-1"},"canonical":"https:\/\/dodo-inflatables.com\/lv\/opblaasbare-glijbanen-en-springkastelen-kopen-in-nederland\/","twitter_misc":{"Est. reading time":"1 minute"},"schema":{"@context":"https:\/\/schema.org","@graph":[{"@type":"WebPage","@id":"https:\/\/dodo-inflatables.com\/lv\/opblaasbare-glijbanen-en-springkastelen-kopen-in-nederland\/","url":"https:\/\/dodo-inflatables.com\/lv\/opblaasbare-glijbanen-en-springkastelen-kopen-in-nederland\/","name":"Opblaasbare glijbanen en springkastelen kopen in Nederland - dodo-inflatables.com","isPartOf":{"@id":"https:\/\/dodo-inflatables.com\/lv\/#website"},"primaryImageOfPage":{"@id":"https:\/\/dodo-inflatables.com\/lv\/opblaasbare-glijbanen-en-springkastelen-kopen-in-nederland\/#primaryimage"},"image":{"@id":"https:\/\/dodo-inflatables.com\/lv\/opblaasbare-glijbanen-en-springkastelen-kopen-in-nederland\/#primaryimage"},"thumbnailUrl":"https:\/\/dodo-inflatables.com\/wp-content\/uploads\/2022\/01\/seperator-kleiner-1024x102.png","datePublished":"2024-03-05T14:56:42+00:00","dateModified":"2024-07-10T11:54:06+00:00","breadcrumb":{"@id":"https:\/\/dodo-inflatables.com\/lv\/opblaasbare-glijbanen-en-springkastelen-kopen-in-nederland\/#breadcrumb"},"inLanguage":"lv-LV","potentialAction":[{"@type":"ReadAction","target":["https:\/\/dodo-inflatables.com\/lv\/opblaasbare-glijbanen-en-springkastelen-kopen-in-nederland\/"]}]},{"@type":"ImageObject","inLanguage":"lv-LV","@id":"https:\/\/dodo-inflatables.com\/lv\/opblaasbare-glijbanen-en-springkastelen-kopen-in-nederland\/#primaryimage","url":"https:\/\/dodo-inflatables.com\/wp-content\/uploads\/2022\/01\/seperator-kleiner-1024x102.png","contentUrl":"https:\/\/dodo-inflatables.com\/wp-content\/uploads\/2022\/01\/seperator-kleiner-1024x102.png"},{"@type":"BreadcrumbList","@id":"https:\/\/dodo-inflatables.com\/lv\/opblaasbare-glijbanen-en-springkastelen-kopen-in-nederland\/#breadcrumb","itemListElement":[{"@type":"ListItem","position":1,"name":"Home","item":"https:\/\/dodo-inflatables.com\/lv\/"},{"@type":"ListItem","position":2,"name":"Opblaasbare glijbanen en springkastelen kopen in Nederland"}]},{"@type":"WebSite","@id":"https:\/\/dodo-inflatables.com\/lv\/#website","url":"https:\/\/dodo-inflatables.com\/lv\/","name":"dodo-inflatables.com","description":"Ieg\u0101d\u0101jieties leco\u0161\u0101s pilis un atrakcijas m\u016bsu veikal\u0101.","publisher":{"@id":"https:\/\/dodo-inflatables.com\/lv\/#organization"},"potentialAction":[{"@type":"SearchAction","target":{"@type":"EntryPoint","urlTemplate":"https:\/\/dodo-inflatables.com\/lv\/?s={search_term_string}"},"query-input":{"@type":"PropertyValueSpecification","valueRequired":true,"valueName":"search_term_string"}}],"inLanguage":"lv-LV"},{"@type":"Organization","@id":"https:\/\/dodo-inflatables.com\/lv\/#organization","name":"dodo-inflatables.com","url":"https:\/\/dodo-inflatables.com\/lv\/","logo":{"@type":"ImageObject","inLanguage":"lv-LV","@id":"https:\/\/dodo-inflatables.com\/lv\/#\/schema\/logo\/image\/","url":"https:\/\/dodo-inflatables.com\/wp-content\/uploads\/2023\/04\/cropped-cropped-cropped-Dodo-Logo.png","contentUrl":"https:\/\/dodo-inflatables.com\/wp-content\/uploads\/2023\/04\/cropped-cropped-cropped-Dodo-Logo.png","width":2996,"height":1545,"caption":"dodo-inflatables.com"},"image":{"@id":"https:\/\/dodo-inflatables.com\/lv\/#\/schema\/logo\/image\/"}}]}},"uagb_featured_image_src":{"full":false,"thumbnail":false,"medium":false,"medium_large":false,"large":false,"1536x1536":false,"2048x2048":false,"woocommerce_thumbnail":false,"woocommerce_single":false,"woocommerce_gallery_thumbnail":false},"uagb_author_info":{"display_name":"Andreas","author_link":"https:\/\/dodo-inflatables.com\/lv\/author\/andreas\/"},"uagb_comment_info":0,"uagb_excerpt":"Opblaasbare glijbanen en springkastelen kopen in Nederland Welkom bij Dodo-Inflatables.com &#8211; onze online winkel voor opblaasbare glijbanen in Europa! Dompel jezelf onder inze uitgebreide selectie van hoge kwaliteit inflatables, opblaasbare kastelen en glijbanen die net dat beetje extra toevoegen aan elke gelegenheid. Of je nu op zoek bent naar een grote inflatable voor een bedrijfsevenement,&hellip;","_links":{"self":[{"href":"https:\/\/dodo-inflatables.com\/lv\/wp-json\/wp\/v2\/pages\/12043","targetHints":{"allow":["GET"]}}],"collection":[{"href":"https:\/\/dodo-inflatables.com\/lv\/wp-json\/wp\/v2\/pages"}],"about":[{"href":"https:\/\/dodo-inflatables.com\/lv\/wp-json\/wp\/v2\/types\/page"}],"author":[{"embeddable":true,"href":"https:\/\/dodo-inflatables.com\/lv\/wp-json\/wp\/v2\/users\/1"}],"replies":[{"embeddable":true,"href":"https:\/\/dodo-inflatables.com\/lv\/wp-json\/wp\/v2\/comments?post=12043"}],"version-history":[{"count":4,"href":"https:\/\/dodo-inflatables.com\/lv\/wp-json\/wp\/v2\/pages\/12043\/revisions"}],"predecessor-version":[{"id":16416,"href":"https:\/\/dodo-inflatables.com\/lv\/wp-json\/wp\/v2\/pages\/12043\/revisions\/16416"}],"wp:attachment":[{"href":"https:\/\/dodo-inflatables.com\/lv\/wp-json\/wp\/v2\/media?parent=12043"}],"curies":[{"name":"wp","href":"https:\/\/api.w.org\/{rel}","templated":true}]}}