{"id":12120,"date":"2024-03-05T15:33:55","date_gmt":"2024-03-05T14:33:55","guid":{"rendered":"https:\/\/dodo-inflatables.com\/predaj-nafukovacich-smykaciek-a-skakacich-hradov-na-slovensku\/"},"modified":"2024-07-10T13:52:59","modified_gmt":"2024-07-10T11:52:59","slug":"predaj-nafukovacich-smykaciek-a-skakacich-hradov-na-slovensku","status":"publish","type":"page","link":"https:\/\/dodo-inflatables.com\/lv\/predaj-nafukovacich-smykaciek-a-skakacich-hradov-na-slovensku\/","title":{"rendered":"Predaj nafukovac\u00edch \u0161m\u00fdka\u010diek a sk\u00e1kac\u00edch hradov na Slovensku"},"content":{"rendered":"\n<h2 class=\"wp-block-heading has-text-align-center\">Predaj nafukovac\u00edch \u0161m\u00fdka\u010diek a sk\u00e1kac\u00edch hradov na Slovensku<\/h2>\n\n<figure class=\"wp-block-image aligncenter size-large\"><a href=\"https:\/\/dodo-inflatables.com\/wp-content\/uploads\/2022\/01\/seperator-kleiner.png\"><img loading=\"lazy\" decoding=\"async\" width=\"1024\" height=\"102\" src=\"https:\/\/dodo-inflatables.com\/wp-content\/uploads\/2022\/01\/seperator-kleiner-1024x102.png\" alt=\"\" class=\"wp-image-4026\" srcset=\"https:\/\/dodo-inflatables.com\/wp-content\/uploads\/2022\/01\/seperator-kleiner-1024x102.png 1024w, https:\/\/dodo-inflatables.com\/wp-content\/uploads\/2022\/01\/seperator-kleiner-900x90.png 900w, https:\/\/dodo-inflatables.com\/wp-content\/uploads\/2022\/01\/seperator-kleiner-300x30.png 300w, https:\/\/dodo-inflatables.com\/wp-content\/uploads\/2022\/01\/seperator-kleiner-768x77.png 768w, https:\/\/dodo-inflatables.com\/wp-content\/uploads\/2022\/01\/seperator-kleiner-1536x154.png 1536w, https:\/\/dodo-inflatables.com\/wp-content\/uploads\/2022\/01\/seperator-kleiner-340x34.png 340w, https:\/\/dodo-inflatables.com\/wp-content\/uploads\/2022\/01\/seperator-kleiner.png 2000w\" sizes=\"auto, (max-width: 1024px) 100vw, 1024px\" \/><\/a><\/figure>\n\n<h3 class=\"wp-block-heading has-text-align-center\">Vitajte uz Dodo-Inflatables.com &#8211; na\u0161om internetovom obchode s nafukovac\u00edmi atrakcij\u0101m v Eur\u00f3pe!<\/h3>\n\n<p style=\"font-size:17px\">Ponorte sa do na\u0161eho rozsiahleho v\u00fdberu kvalitn\u00fdch nafukovac\u00edch atrakci\u00ed, <a href=\"https:\/\/dodo-inflatables.com\/lv\/product-category\/bouncy-castles-lv\/\">nafukovac\u00edch hradov<\/a> a \u0161m\u00fdka\u010diek, ktor\u00e9 dodaj\u00fa ka\u017ed\u00e9 prilo\u017enosti nie\u010do navy\u0161e. \u010ci u\u017e u\u017e h\u013ead\u00e1te ve\u013ek\u00fd nafukovac\u00ed hrad na firemn\u00fa akciu, mal\u00fd nafukovac\u00ed hrad na detsk\u00fa narodeninov\u00fa oslavu alebo sk\u00e1kac\u00ed hrad so \u0161myk\u013eavkou na letn\u00fa p\u00e1rty &#8211; u n\u00e1s zaru\u010dene n\u00e1jdete nie\u010do vhodn\u00e9!<\/p>\n\n<p style=\"font-size:17px\">N\u00e1\u0161 sortiment including nielen r\u00f4zne nafukovacie hrady, ale aj \u0161irok\u00fa \u0161kalu pr\u00edslu\u0161enstva including nafukovac\u00edch hradov <a href=\"https:\/\/dodo-inflatables.com\/lv\/product\/gibbons-putejs-fp5005-15ps\/\" data-type=\"product\" data-id=\"81\">Gibbons<\/a> a <a href=\"https:\/\/dodo-inflatables.com\/lv\/product\/huawei-putejs-reh-1-5e-15ps\/\" data-type=\"product\" data-id=\"2724\">Huawei<\/a>.<\/p>\n\n<p style=\"font-size:17px\">Zaslanie sk\u00e1kacieho hradu a pr\u00edslu\u0161n\u00fd pr\u00edslu\u0161enstva na <strong>Slovensko \u0441\u0442\u043e\u0438\u0442 184,00 \u20ac<\/strong>. Bal\u00edk nafukovac\u00edch doplnkov maks\u0101 35,00 \u20ac. Ak je nafukovacie zariadenie na sklade, b\u016bs jums odoslan\u00e9 ihiately po pie\u0146em\u00ed platby. Dodanie na Slovensko trv\u00e1 aptuveni <strong>4 &#8211; 6 pracovn\u00edch dni.<\/strong> Nafukova\u010dku je iesp\u0113jams vyzdvihnout si personne v na\u0161om sklade v Mn\u00edchove v Nemecku.<\/p>\n\n<p style=\"font-size:17px\">V\u0161etky na\u0161e nafukova\u010dky sp\u013a\u0148aj\u00fa pr\u00edsne bezpe\u010dnostn\u00e9 normas <strong>DIN EN 14960<\/strong> a s\u00fa vhodn\u00e9 na s\u00fakromn\u00e9 aj komer\u010dn\u00e9 pou\u017eitie. Po odoslan\u00ed va\u0161ej nowej nafukova\u010dky dostanete detalizn\u00fd n\u00e1vod a pr\u00edslu\u0161n\u00fd serti\u00e1t.<\/p>\n\n<p style=\"font-size:17px\">Oslobodenie od DPH pre firmas! Ak nakupujete k\u0101 firma, pri pokladni zadajte savas identifik\u010dn\u00e9 \u010d\u00edslo pre DPH, lai ste mohli nakupovat bez dane.<\/p>\n\n<p style=\"font-size:17px\">\u010ci u\u017e ste s\u00fakromn\u00e1 osoba, kura h\u013ead\u00e1 nafukovac\u00ed hrad na \u043d\u0435\u0433\u043e\u0432\u0430\u0442\u0430 \u010fal\u0161iu rodinn\u00fa oslavu, alebo ste komer\u010dn\u00e1 po\u017ei\u010dov\u0148a, kura v\u0113las papla\u0161ri\u0165 savu sortimentu, m\u016bsu nafukovacie hrady s\u00fa vhodn\u00e9 pre ka\u017ed\u00e9ho. V skuto\u010dnosti v\u00e4\u010d\u0161inu na\u0161ich z\u00e1kazn\u00edkov v celej Eirop\u0101 tvoria po\u017ei\u010dovne sk\u00e1kac\u00edch hradov, ktor\u00e9 oce\u0148uj\u00fa m\u016bsu v\u00fdrobky na podujatia v\u0161etk\u00fdch ve\u013ekost\u00ed.<\/p>\n\n<p style=\"font-size:17px\">D\u00fafame, ka sa jums b\u016bs p\u00e1\u010di\u0165 prezeranie \u043d\u0430\u0448 internetov\u00e9ho obchodu a radi jums odpovieme na v\u0161etky ot\u00e1zky na adrese contact@dodo-inflatables.com!<\/p>\n\n<div style=\"height:100px\" aria-hidden=\"true\" class=\"wp-block-spacer\"><\/div>\n","protected":false},"excerpt":{"rendered":"<p>Predaj nafukovac\u00edch \u0161m\u00fdka\u010diek a sk\u00e1kac\u00edch hradov na Slovensku Vitajte uz Dodo-Inflatables.com &#8211; na\u0161om internetovom obchode s nafukovac\u00edmi atrakcij\u0101m v Eur\u00f3pe! Ponorte sa do na\u0161eho rozsiahleho v\u00fdberu kvalitn\u00fdch nafukovac\u00edch atrakci\u00ed, nafukovac\u00edch hradov a \u0161m\u00fdka\u010diek, ktor\u00e9 dodaj\u00fa ka\u017ed\u00e9 prilo\u017enosti nie\u010do navy\u0161e. \u010ci u\u017e u\u017e h\u013ead\u00e1te ve\u013ek\u00fd nafukovac\u00ed hrad na firemn\u00fa akciu, mal\u00fd nafukovac\u00ed hrad na detsk\u00fa narodeninov\u00fa [&hellip;]<\/p>\n","protected":false},"author":1,"featured_media":0,"parent":0,"menu_order":0,"comment_status":"closed","ping_status":"closed","template":"","meta":{"_acf_changed":false,"_uag_custom_page_level_css":"","site-sidebar-layout":"default","site-content-layout":"","ast-site-content-layout":"normal-width-container","site-content-style":"boxed","site-sidebar-style":"default","ast-global-header-display":"","ast-banner-title-visibility":"","ast-main-header-display":"","ast-hfb-above-header-display":"","ast-hfb-below-header-display":"","ast-hfb-mobile-header-display":"","site-post-title":"","ast-breadcrumbs-content":"","ast-featured-img":"","footer-sml-layout":"","ast-disable-related-posts":"","theme-transparent-header-meta":"","adv-header-id-meta":"4069","stick-header-meta":"","header-above-stick-meta":"","header-main-stick-meta":"","header-below-stick-meta":"","astra-migrate-meta-layouts":"default","ast-page-background-enabled":"default","ast-page-background-meta":{"desktop":{"background-color":"var(--ast-global-color-4)","background-image":"","background-repeat":"repeat","background-position":"center center","background-size":"auto","background-attachment":"scroll","background-type":"","background-media":"","overlay-type":"","overlay-color":"","overlay-opacity":"","overlay-gradient":""},"tablet":{"background-color":"","background-image":"","background-repeat":"repeat","background-position":"center center","background-size":"auto","background-attachment":"scroll","background-type":"","background-media":"","overlay-type":"","overlay-color":"","overlay-opacity":"","overlay-gradient":""},"mobile":{"background-color":"","background-image":"","background-repeat":"repeat","background-position":"center center","background-size":"auto","background-attachment":"scroll","background-type":"","background-media":"","overlay-type":"","overlay-color":"","overlay-opacity":"","overlay-gradient":""}},"ast-content-background-meta":{"desktop":{"background-color":"var(--ast-global-color-5)","background-image":"","background-repeat":"repeat","background-position":"center center","background-size":"auto","background-attachment":"scroll","background-type":"","background-media":"","overlay-type":"","overlay-color":"","overlay-opacity":"","overlay-gradient":""},"tablet":{"background-color":"var(--ast-global-color-5)","background-image":"","background-repeat":"repeat","background-position":"center center","background-size":"auto","background-attachment":"scroll","background-type":"","background-media":"","overlay-type":"","overlay-color":"","overlay-opacity":"","overlay-gradient":""},"mobile":{"background-color":"var(--ast-global-color-5)","background-image":"","background-repeat":"repeat","background-position":"center center","background-size":"auto","background-attachment":"scroll","background-type":"","background-media":"","overlay-type":"","overlay-color":"","overlay-opacity":"","overlay-gradient":""}},"footnotes":""},"class_list":["post-12120","page","type-page","status-publish","hentry"],"acf":[],"yoast_head":"<!-- This site is optimized with the Yoast SEO plugin v27.3 - https:\/\/yoast.com\/product\/yoast-seo-wordpress\/ -->\n<title>Predaj nafukovac\u00edch \u0161m\u00fdka\u010diek a sk\u00e1kac\u00edch hradov na Slovensku - dodo-inflatables.com<\/title>\n<meta name=\"robots\" content=\"index, follow, max-snippet:-1, max-image-preview:large, max-video-preview:-1\" \/>\n<link rel=\"canonical\" href=\"https:\/\/dodo-inflatables.com\/lv\/predaj-nafukovacich-smykaciek-a-skakacich-hradov-na-slovensku\/\" \/>\n<meta name=\"twitter:label1\" content=\"Est. reading time\" \/>\n\t<meta name=\"twitter:data1\" content=\"2 minutes\" \/>\n<script type=\"application\/ld+json\" class=\"yoast-schema-graph\">{\"@context\":\"https:\\\/\\\/schema.org\",\"@graph\":[{\"@type\":\"WebPage\",\"@id\":\"https:\\\/\\\/dodo-inflatables.com\\\/lv\\\/predaj-nafukovacich-smykaciek-a-skakacich-hradov-na-slovensku\\\/\",\"url\":\"https:\\\/\\\/dodo-inflatables.com\\\/lv\\\/predaj-nafukovacich-smykaciek-a-skakacich-hradov-na-slovensku\\\/\",\"name\":\"Predaj nafukovac\u00edch \u0161m\u00fdka\u010diek a sk\u00e1kac\u00edch hradov na Slovensku - dodo-inflatables.com\",\"isPartOf\":{\"@id\":\"https:\\\/\\\/dodo-inflatables.com\\\/lv\\\/#website\"},\"primaryImageOfPage\":{\"@id\":\"https:\\\/\\\/dodo-inflatables.com\\\/lv\\\/predaj-nafukovacich-smykaciek-a-skakacich-hradov-na-slovensku\\\/#primaryimage\"},\"image\":{\"@id\":\"https:\\\/\\\/dodo-inflatables.com\\\/lv\\\/predaj-nafukovacich-smykaciek-a-skakacich-hradov-na-slovensku\\\/#primaryimage\"},\"thumbnailUrl\":\"https:\\\/\\\/dodo-inflatables.com\\\/wp-content\\\/uploads\\\/2022\\\/01\\\/seperator-kleiner-1024x102.png\",\"datePublished\":\"2024-03-05T14:33:55+00:00\",\"dateModified\":\"2024-07-10T11:52:59+00:00\",\"breadcrumb\":{\"@id\":\"https:\\\/\\\/dodo-inflatables.com\\\/lv\\\/predaj-nafukovacich-smykaciek-a-skakacich-hradov-na-slovensku\\\/#breadcrumb\"},\"inLanguage\":\"lv-LV\",\"potentialAction\":[{\"@type\":\"ReadAction\",\"target\":[\"https:\\\/\\\/dodo-inflatables.com\\\/lv\\\/predaj-nafukovacich-smykaciek-a-skakacich-hradov-na-slovensku\\\/\"]}]},{\"@type\":\"ImageObject\",\"inLanguage\":\"lv-LV\",\"@id\":\"https:\\\/\\\/dodo-inflatables.com\\\/lv\\\/predaj-nafukovacich-smykaciek-a-skakacich-hradov-na-slovensku\\\/#primaryimage\",\"url\":\"https:\\\/\\\/dodo-inflatables.com\\\/wp-content\\\/uploads\\\/2022\\\/01\\\/seperator-kleiner-1024x102.png\",\"contentUrl\":\"https:\\\/\\\/dodo-inflatables.com\\\/wp-content\\\/uploads\\\/2022\\\/01\\\/seperator-kleiner-1024x102.png\"},{\"@type\":\"BreadcrumbList\",\"@id\":\"https:\\\/\\\/dodo-inflatables.com\\\/lv\\\/predaj-nafukovacich-smykaciek-a-skakacich-hradov-na-slovensku\\\/#breadcrumb\",\"itemListElement\":[{\"@type\":\"ListItem\",\"position\":1,\"name\":\"Home\",\"item\":\"https:\\\/\\\/dodo-inflatables.com\\\/lv\\\/\"},{\"@type\":\"ListItem\",\"position\":2,\"name\":\"Predaj nafukovac\u00edch \u0161m\u00fdka\u010diek a sk\u00e1kac\u00edch hradov na Slovensku\"}]},{\"@type\":\"WebSite\",\"@id\":\"https:\\\/\\\/dodo-inflatables.com\\\/lv\\\/#website\",\"url\":\"https:\\\/\\\/dodo-inflatables.com\\\/lv\\\/\",\"name\":\"dodo-inflatables.com\",\"description\":\"Ieg\u0101d\u0101jieties leco\u0161\u0101s pilis un atrakcijas m\u016bsu veikal\u0101.\",\"publisher\":{\"@id\":\"https:\\\/\\\/dodo-inflatables.com\\\/lv\\\/#organization\"},\"potentialAction\":[{\"@type\":\"SearchAction\",\"target\":{\"@type\":\"EntryPoint\",\"urlTemplate\":\"https:\\\/\\\/dodo-inflatables.com\\\/lv\\\/?s={search_term_string}\"},\"query-input\":{\"@type\":\"PropertyValueSpecification\",\"valueRequired\":true,\"valueName\":\"search_term_string\"}}],\"inLanguage\":\"lv-LV\"},{\"@type\":\"Organization\",\"@id\":\"https:\\\/\\\/dodo-inflatables.com\\\/lv\\\/#organization\",\"name\":\"dodo-inflatables.com\",\"url\":\"https:\\\/\\\/dodo-inflatables.com\\\/lv\\\/\",\"logo\":{\"@type\":\"ImageObject\",\"inLanguage\":\"lv-LV\",\"@id\":\"https:\\\/\\\/dodo-inflatables.com\\\/lv\\\/#\\\/schema\\\/logo\\\/image\\\/\",\"url\":\"https:\\\/\\\/dodo-inflatables.com\\\/wp-content\\\/uploads\\\/2023\\\/04\\\/cropped-cropped-cropped-Dodo-Logo.png\",\"contentUrl\":\"https:\\\/\\\/dodo-inflatables.com\\\/wp-content\\\/uploads\\\/2023\\\/04\\\/cropped-cropped-cropped-Dodo-Logo.png\",\"width\":2996,\"height\":1545,\"caption\":\"dodo-inflatables.com\"},\"image\":{\"@id\":\"https:\\\/\\\/dodo-inflatables.com\\\/lv\\\/#\\\/schema\\\/logo\\\/image\\\/\"}}]}<\/script>\n<!-- \/ Yoast SEO plugin. -->","yoast_head_json":{"title":"Predaj nafukovac\u00edch \u0161m\u00fdka\u010diek a sk\u00e1kac\u00edch hradov na Slovensku - dodo-inflatables.com","robots":{"index":"index","follow":"follow","max-snippet":"max-snippet:-1","max-image-preview":"max-image-preview:large","max-video-preview":"max-video-preview:-1"},"canonical":"https:\/\/dodo-inflatables.com\/lv\/predaj-nafukovacich-smykaciek-a-skakacich-hradov-na-slovensku\/","twitter_misc":{"Est. reading time":"2 minutes"},"schema":{"@context":"https:\/\/schema.org","@graph":[{"@type":"WebPage","@id":"https:\/\/dodo-inflatables.com\/lv\/predaj-nafukovacich-smykaciek-a-skakacich-hradov-na-slovensku\/","url":"https:\/\/dodo-inflatables.com\/lv\/predaj-nafukovacich-smykaciek-a-skakacich-hradov-na-slovensku\/","name":"Predaj nafukovac\u00edch \u0161m\u00fdka\u010diek a sk\u00e1kac\u00edch hradov na Slovensku - dodo-inflatables.com","isPartOf":{"@id":"https:\/\/dodo-inflatables.com\/lv\/#website"},"primaryImageOfPage":{"@id":"https:\/\/dodo-inflatables.com\/lv\/predaj-nafukovacich-smykaciek-a-skakacich-hradov-na-slovensku\/#primaryimage"},"image":{"@id":"https:\/\/dodo-inflatables.com\/lv\/predaj-nafukovacich-smykaciek-a-skakacich-hradov-na-slovensku\/#primaryimage"},"thumbnailUrl":"https:\/\/dodo-inflatables.com\/wp-content\/uploads\/2022\/01\/seperator-kleiner-1024x102.png","datePublished":"2024-03-05T14:33:55+00:00","dateModified":"2024-07-10T11:52:59+00:00","breadcrumb":{"@id":"https:\/\/dodo-inflatables.com\/lv\/predaj-nafukovacich-smykaciek-a-skakacich-hradov-na-slovensku\/#breadcrumb"},"inLanguage":"lv-LV","potentialAction":[{"@type":"ReadAction","target":["https:\/\/dodo-inflatables.com\/lv\/predaj-nafukovacich-smykaciek-a-skakacich-hradov-na-slovensku\/"]}]},{"@type":"ImageObject","inLanguage":"lv-LV","@id":"https:\/\/dodo-inflatables.com\/lv\/predaj-nafukovacich-smykaciek-a-skakacich-hradov-na-slovensku\/#primaryimage","url":"https:\/\/dodo-inflatables.com\/wp-content\/uploads\/2022\/01\/seperator-kleiner-1024x102.png","contentUrl":"https:\/\/dodo-inflatables.com\/wp-content\/uploads\/2022\/01\/seperator-kleiner-1024x102.png"},{"@type":"BreadcrumbList","@id":"https:\/\/dodo-inflatables.com\/lv\/predaj-nafukovacich-smykaciek-a-skakacich-hradov-na-slovensku\/#breadcrumb","itemListElement":[{"@type":"ListItem","position":1,"name":"Home","item":"https:\/\/dodo-inflatables.com\/lv\/"},{"@type":"ListItem","position":2,"name":"Predaj nafukovac\u00edch \u0161m\u00fdka\u010diek a sk\u00e1kac\u00edch hradov na Slovensku"}]},{"@type":"WebSite","@id":"https:\/\/dodo-inflatables.com\/lv\/#website","url":"https:\/\/dodo-inflatables.com\/lv\/","name":"dodo-inflatables.com","description":"Ieg\u0101d\u0101jieties leco\u0161\u0101s pilis un atrakcijas m\u016bsu veikal\u0101.","publisher":{"@id":"https:\/\/dodo-inflatables.com\/lv\/#organization"},"potentialAction":[{"@type":"SearchAction","target":{"@type":"EntryPoint","urlTemplate":"https:\/\/dodo-inflatables.com\/lv\/?s={search_term_string}"},"query-input":{"@type":"PropertyValueSpecification","valueRequired":true,"valueName":"search_term_string"}}],"inLanguage":"lv-LV"},{"@type":"Organization","@id":"https:\/\/dodo-inflatables.com\/lv\/#organization","name":"dodo-inflatables.com","url":"https:\/\/dodo-inflatables.com\/lv\/","logo":{"@type":"ImageObject","inLanguage":"lv-LV","@id":"https:\/\/dodo-inflatables.com\/lv\/#\/schema\/logo\/image\/","url":"https:\/\/dodo-inflatables.com\/wp-content\/uploads\/2023\/04\/cropped-cropped-cropped-Dodo-Logo.png","contentUrl":"https:\/\/dodo-inflatables.com\/wp-content\/uploads\/2023\/04\/cropped-cropped-cropped-Dodo-Logo.png","width":2996,"height":1545,"caption":"dodo-inflatables.com"},"image":{"@id":"https:\/\/dodo-inflatables.com\/lv\/#\/schema\/logo\/image\/"}}]}},"uagb_featured_image_src":{"full":false,"thumbnail":false,"medium":false,"medium_large":false,"large":false,"1536x1536":false,"2048x2048":false,"woocommerce_thumbnail":false,"woocommerce_single":false,"woocommerce_gallery_thumbnail":false},"uagb_author_info":{"display_name":"Andreas","author_link":"https:\/\/dodo-inflatables.com\/lv\/author\/andreas\/"},"uagb_comment_info":0,"uagb_excerpt":"Predaj nafukovac\u00edch \u0161m\u00fdka\u010diek a sk\u00e1kac\u00edch hradov na Slovensku Vitajte uz Dodo-Inflatables.com &#8211; na\u0161om internetovom obchode s nafukovac\u00edmi atrakcij\u0101m v Eur\u00f3pe! Ponorte sa do na\u0161eho rozsiahleho v\u00fdberu kvalitn\u00fdch nafukovac\u00edch atrakci\u00ed, nafukovac\u00edch hradov a \u0161m\u00fdka\u010diek, ktor\u00e9 dodaj\u00fa ka\u017ed\u00e9 prilo\u017enosti nie\u010do navy\u0161e. \u010ci u\u017e u\u017e h\u013ead\u00e1te ve\u013ek\u00fd nafukovac\u00ed hrad na firemn\u00fa akciu, mal\u00fd nafukovac\u00ed hrad na detsk\u00fa narodeninov\u00fa&hellip;","_links":{"self":[{"href":"https:\/\/dodo-inflatables.com\/lv\/wp-json\/wp\/v2\/pages\/12120","targetHints":{"allow":["GET"]}}],"collection":[{"href":"https:\/\/dodo-inflatables.com\/lv\/wp-json\/wp\/v2\/pages"}],"about":[{"href":"https:\/\/dodo-inflatables.com\/lv\/wp-json\/wp\/v2\/types\/page"}],"author":[{"embeddable":true,"href":"https:\/\/dodo-inflatables.com\/lv\/wp-json\/wp\/v2\/users\/1"}],"replies":[{"embeddable":true,"href":"https:\/\/dodo-inflatables.com\/lv\/wp-json\/wp\/v2\/comments?post=12120"}],"version-history":[{"count":3,"href":"https:\/\/dodo-inflatables.com\/lv\/wp-json\/wp\/v2\/pages\/12120\/revisions"}],"predecessor-version":[{"id":16312,"href":"https:\/\/dodo-inflatables.com\/lv\/wp-json\/wp\/v2\/pages\/12120\/revisions\/16312"}],"wp:attachment":[{"href":"https:\/\/dodo-inflatables.com\/lv\/wp-json\/wp\/v2\/media?parent=12120"}],"curies":[{"name":"wp","href":"https:\/\/api.w.org\/{rel}","templated":true}]}}