{"id":12133,"date":"2024-03-05T07:52:40","date_gmt":"2024-03-05T06:52:40","guid":{"rendered":"https:\/\/dodo-inflatables.com\/nakup-napihljivih-toboganov-in-nabitih-gradov-v-sloveniji\/"},"modified":"2024-07-10T13:53:17","modified_gmt":"2024-07-10T11:53:17","slug":"nakup-napihljivih-toboganov-in-nabitih-gradov-v-sloveniji","status":"publish","type":"page","link":"https:\/\/dodo-inflatables.com\/lv\/nakup-napihljivih-toboganov-in-nabitih-gradov-v-sloveniji\/","title":{"rendered":"Nakup napihljivih toboganov in nabitih gradov v Sloveniji"},"content":{"rendered":"\n<h2 class=\"wp-block-heading has-text-align-center\"><strong>Nakup napihljivih toboganov in nabitih gradov v Sloveniji<\/strong><\/h2>\n\n<figure class=\"wp-block-image aligncenter size-large\"><a href=\"https:\/\/dodo-inflatables.com\/wp-content\/uploads\/2022\/01\/seperator-kleiner.png\"><img fetchpriority=\"high\" decoding=\"async\" width=\"1024\" height=\"102\" src=\"https:\/\/dodo-inflatables.com\/wp-content\/uploads\/2022\/01\/seperator-kleiner-1024x102.png\" alt=\"\" class=\"wp-image-4026\" srcset=\"https:\/\/dodo-inflatables.com\/wp-content\/uploads\/2022\/01\/seperator-kleiner-1024x102.png 1024w, https:\/\/dodo-inflatables.com\/wp-content\/uploads\/2022\/01\/seperator-kleiner-900x90.png 900w, https:\/\/dodo-inflatables.com\/wp-content\/uploads\/2022\/01\/seperator-kleiner-300x30.png 300w, https:\/\/dodo-inflatables.com\/wp-content\/uploads\/2022\/01\/seperator-kleiner-768x77.png 768w, https:\/\/dodo-inflatables.com\/wp-content\/uploads\/2022\/01\/seperator-kleiner-1536x154.png 1536w, https:\/\/dodo-inflatables.com\/wp-content\/uploads\/2022\/01\/seperator-kleiner-340x34.png 340w, https:\/\/dodo-inflatables.com\/wp-content\/uploads\/2022\/01\/seperator-kleiner.png 2000w\" sizes=\"(max-width: 1024px) 100vw, 1024px\" \/><\/a><\/figure>\n\n<h3 class=\"wp-block-heading has-text-align-center\">Dobrodo\u0161li uz Dodo-Inflatables.com &#8211; m\u016bsu interneta tirdzniec\u012bbas vietas no napihljiviem objektiem Eirop\u0101!<\/h3>\n\n<p>Potopite se v m\u016bsu bogato izv\u0113li visokokakovostnih napihljivih izstr\u0101d\u0101jumu, <a href=\"https:\/\/dodo-inflatables.com\/lv\/product-category\/bouncy-castles-lv\/\">napihljivih gradov<\/a> in <a href=\"https:\/\/dodo-inflatables.com\/lv\/product-category\/slides-lv\/\">toboganov<\/a>, ki bodo vsaki prilo\u017enosti dodali nekaj ve\u010d. Ne glede uz to, ali i\u0161\u010dete velik napihljiv grad za poslovni notikumu, majhen napihljiv grad za otro\u0161ko rojstnodnevno zabavo ali skakalni grad s toboganom za poletno zabavo &#8211; tu j\u016bs noteikti atrad\u012bsiet kaut ko primer\u012bgu!<\/p>\n\n<p>Na\u0161a ponudba ne iek\u013cauj le da\u017e\u0101du nabitih gradov, temve\u010d ar\u012b \u0161iroko paleto papildu opreme, tostarp z napihljivimi gradovi <a href=\"https:\/\/dodo-inflatables.com\/lv\/product\/gibbons-putejs-fp5005-15ps\/\" data-type=\"product\" data-id=\"81\">Gibbons<\/a> in <a href=\"https:\/\/dodo-inflatables.com\/lv\/product\/huawei-putejs-reh-1-5e-15ps\/\" data-type=\"product\" data-id=\"2724\">pihalniki Huawei<\/a> za napihljive gradove.<\/p>\n\n<p>Po\u0161iljka navija\u0161ka gradu in dodatkov v <strong>Slovenijo stane 194,00 EUR<\/strong>. Paket napihljivih papildin\u0101jumu k\u013c\u016bs 35,00 EUR. \u010ce je napihljivi balon na zalogi, vam ga bomo poslali takoj p\u0113c prejemu pla\u010dila. Dostava v Slovenijo traja aptuveni <strong>4 l\u012bdz 6 darba dienas.<\/strong> Napihljivko var pa\u0161i prevzamete v na\u0161em skladi\u0161\u010du v M\u00fcnchnu v Nem\u010diji.<\/p>\n\n<p>Visi na\u0161i napihljivci izpolnjujejo stroge dro\u0161\u012bbas standarde standarda <strong>DIN EN 14960 <\/strong>in so primerni za zasebno in komercialno izmanto\u0161anu. Ko bo va\u0161 novi napihljivec poslan, j\u016bs sa\u0146emsiet detaliz\u0113tu instrukciju un atbilsto\u0161u sertifik\u0101tu.<\/p>\n\n<p>Oprostitev DDV par uz\u0146\u0113mumu! \u010ce kupujete kot uz\u0146\u0113mums, na blagajni vpi\u0161ite savu identifik\u0101cijas numuru za DDV, da bo nakup opro\u0161\u010den davka.<\/p>\n\n<p>Ne glede uz to, ali ste zasebnik, ki i\u0161\u010de napihljiv grad za naslednjo dru\u017einsko zabavo, ali ste uz\u0146\u0113mums za komercialni najem, ki \u017eeli raz\u0161iriti savu pied\u0101v\u0101jumu, so na\u0161i napihljivi gradovi primerni za vse. Pravzaprav ir liel\u0101k\u0101 da\u013ca m\u016bsu strank p\u0113c vsej Evropi uz\u0146\u0113mumu par najem nabitih gradov, ki cenijo m\u016bsu izdelke par dogodke vis\u0173 izm\u0113riem.<\/p>\n\n<p>Upamo, da j\u016bs u\u017eivali v brskanju po na\u0161i spletni trgovini, na morebitna vpra\u0161anja pa vam bomo z veseljem odgovorili na spletni strani contact@dodo-inflatables.com!<\/p>\n\n<div style=\"height:100px\" aria-hidden=\"true\" class=\"wp-block-spacer\"><\/div>\n","protected":false},"excerpt":{"rendered":"<p>Nakup napihljivih toboganov in nabitih gradov v Sloveniji Dobrodo\u0161li uz Dodo-Inflatables.com &#8211; m\u016bsu interneta tirdzniec\u012bbas vietas no napihljiviem objektiem Eirop\u0101! Potopite se v m\u016bsu bogato izv\u0113li visokokakovostnih napihljivih izstr\u0101d\u0101jumu, napihljivih gradov in toboganov, ki bodo vsaki prilo\u017enosti dodali nekaj ve\u010d. Ne glede uz to, ali i\u0161\u010dete velik napihljiv grad za poslovni notikumu, majhen napihljiv grad [&hellip;]<\/p>\n","protected":false},"author":1,"featured_media":0,"parent":0,"menu_order":0,"comment_status":"closed","ping_status":"closed","template":"","meta":{"_acf_changed":false,"_uag_custom_page_level_css":"","site-sidebar-layout":"default","site-content-layout":"","ast-site-content-layout":"normal-width-container","site-content-style":"boxed","site-sidebar-style":"default","ast-global-header-display":"","ast-banner-title-visibility":"","ast-main-header-display":"","ast-hfb-above-header-display":"","ast-hfb-below-header-display":"","ast-hfb-mobile-header-display":"","site-post-title":"","ast-breadcrumbs-content":"","ast-featured-img":"","footer-sml-layout":"","ast-disable-related-posts":"","theme-transparent-header-meta":"","adv-header-id-meta":"4069","stick-header-meta":"","header-above-stick-meta":"","header-main-stick-meta":"","header-below-stick-meta":"","astra-migrate-meta-layouts":"default","ast-page-background-enabled":"default","ast-page-background-meta":{"desktop":{"background-color":"var(--ast-global-color-4)","background-image":"","background-repeat":"repeat","background-position":"center center","background-size":"auto","background-attachment":"scroll","background-type":"","background-media":"","overlay-type":"","overlay-color":"","overlay-opacity":"","overlay-gradient":""},"tablet":{"background-color":"","background-image":"","background-repeat":"repeat","background-position":"center center","background-size":"auto","background-attachment":"scroll","background-type":"","background-media":"","overlay-type":"","overlay-color":"","overlay-opacity":"","overlay-gradient":""},"mobile":{"background-color":"","background-image":"","background-repeat":"repeat","background-position":"center center","background-size":"auto","background-attachment":"scroll","background-type":"","background-media":"","overlay-type":"","overlay-color":"","overlay-opacity":"","overlay-gradient":""}},"ast-content-background-meta":{"desktop":{"background-color":"var(--ast-global-color-5)","background-image":"","background-repeat":"repeat","background-position":"center center","background-size":"auto","background-attachment":"scroll","background-type":"","background-media":"","overlay-type":"","overlay-color":"","overlay-opacity":"","overlay-gradient":""},"tablet":{"background-color":"var(--ast-global-color-5)","background-image":"","background-repeat":"repeat","background-position":"center center","background-size":"auto","background-attachment":"scroll","background-type":"","background-media":"","overlay-type":"","overlay-color":"","overlay-opacity":"","overlay-gradient":""},"mobile":{"background-color":"var(--ast-global-color-5)","background-image":"","background-repeat":"repeat","background-position":"center center","background-size":"auto","background-attachment":"scroll","background-type":"","background-media":"","overlay-type":"","overlay-color":"","overlay-opacity":"","overlay-gradient":""}},"footnotes":""},"class_list":["post-12133","page","type-page","status-publish","hentry"],"acf":[],"yoast_head":"<!-- This site is optimized with the Yoast SEO plugin v27.5 - https:\/\/yoast.com\/product\/yoast-seo-wordpress\/ -->\n<title>Nakup napihljivih toboganov in nabitih gradov v Sloveniji - dodo-inflatables.com<\/title>\n<meta name=\"robots\" content=\"index, follow, max-snippet:-1, max-image-preview:large, max-video-preview:-1\" \/>\n<link rel=\"canonical\" href=\"https:\/\/dodo-inflatables.com\/lv\/nakup-napihljivih-toboganov-in-nabitih-gradov-v-sloveniji\/\" \/>\n<meta name=\"twitter:label1\" content=\"Est. reading time\" \/>\n\t<meta name=\"twitter:data1\" content=\"2 minutes\" \/>\n<script type=\"application\/ld+json\" class=\"yoast-schema-graph\">{\"@context\":\"https:\\\/\\\/schema.org\",\"@graph\":[{\"@type\":\"WebPage\",\"@id\":\"https:\\\/\\\/dodo-inflatables.com\\\/lv\\\/nakup-napihljivih-toboganov-in-nabitih-gradov-v-sloveniji\\\/\",\"url\":\"https:\\\/\\\/dodo-inflatables.com\\\/lv\\\/nakup-napihljivih-toboganov-in-nabitih-gradov-v-sloveniji\\\/\",\"name\":\"Nakup napihljivih toboganov in nabitih gradov v Sloveniji - dodo-inflatables.com\",\"isPartOf\":{\"@id\":\"https:\\\/\\\/dodo-inflatables.com\\\/lv\\\/#website\"},\"primaryImageOfPage\":{\"@id\":\"https:\\\/\\\/dodo-inflatables.com\\\/lv\\\/nakup-napihljivih-toboganov-in-nabitih-gradov-v-sloveniji\\\/#primaryimage\"},\"image\":{\"@id\":\"https:\\\/\\\/dodo-inflatables.com\\\/lv\\\/nakup-napihljivih-toboganov-in-nabitih-gradov-v-sloveniji\\\/#primaryimage\"},\"thumbnailUrl\":\"https:\\\/\\\/dodo-inflatables.com\\\/wp-content\\\/uploads\\\/2022\\\/01\\\/seperator-kleiner-1024x102.png\",\"datePublished\":\"2024-03-05T06:52:40+00:00\",\"dateModified\":\"2024-07-10T11:53:17+00:00\",\"breadcrumb\":{\"@id\":\"https:\\\/\\\/dodo-inflatables.com\\\/lv\\\/nakup-napihljivih-toboganov-in-nabitih-gradov-v-sloveniji\\\/#breadcrumb\"},\"inLanguage\":\"lv-LV\",\"potentialAction\":[{\"@type\":\"ReadAction\",\"target\":[\"https:\\\/\\\/dodo-inflatables.com\\\/lv\\\/nakup-napihljivih-toboganov-in-nabitih-gradov-v-sloveniji\\\/\"]}]},{\"@type\":\"ImageObject\",\"inLanguage\":\"lv-LV\",\"@id\":\"https:\\\/\\\/dodo-inflatables.com\\\/lv\\\/nakup-napihljivih-toboganov-in-nabitih-gradov-v-sloveniji\\\/#primaryimage\",\"url\":\"https:\\\/\\\/dodo-inflatables.com\\\/wp-content\\\/uploads\\\/2022\\\/01\\\/seperator-kleiner-1024x102.png\",\"contentUrl\":\"https:\\\/\\\/dodo-inflatables.com\\\/wp-content\\\/uploads\\\/2022\\\/01\\\/seperator-kleiner-1024x102.png\"},{\"@type\":\"BreadcrumbList\",\"@id\":\"https:\\\/\\\/dodo-inflatables.com\\\/lv\\\/nakup-napihljivih-toboganov-in-nabitih-gradov-v-sloveniji\\\/#breadcrumb\",\"itemListElement\":[{\"@type\":\"ListItem\",\"position\":1,\"name\":\"Home\",\"item\":\"https:\\\/\\\/dodo-inflatables.com\\\/lv\\\/\"},{\"@type\":\"ListItem\",\"position\":2,\"name\":\"Nakup napihljivih toboganov in nabitih gradov v Sloveniji\"}]},{\"@type\":\"WebSite\",\"@id\":\"https:\\\/\\\/dodo-inflatables.com\\\/lv\\\/#website\",\"url\":\"https:\\\/\\\/dodo-inflatables.com\\\/lv\\\/\",\"name\":\"dodo-inflatables.com\",\"description\":\"Ieg\u0101d\u0101jieties leco\u0161\u0101s pilis un atrakcijas m\u016bsu veikal\u0101.\",\"potentialAction\":[{\"@type\":\"SearchAction\",\"target\":{\"@type\":\"EntryPoint\",\"urlTemplate\":\"https:\\\/\\\/dodo-inflatables.com\\\/lv\\\/?s={search_term_string}\"},\"query-input\":{\"@type\":\"PropertyValueSpecification\",\"valueRequired\":true,\"valueName\":\"search_term_string\"}}],\"inLanguage\":\"lv-LV\"}]}<\/script>\n<!-- \/ Yoast SEO plugin. -->","yoast_head_json":{"title":"Nakup napihljivih toboganov in nabitih gradov v Sloveniji - dodo-inflatables.com","robots":{"index":"index","follow":"follow","max-snippet":"max-snippet:-1","max-image-preview":"max-image-preview:large","max-video-preview":"max-video-preview:-1"},"canonical":"https:\/\/dodo-inflatables.com\/lv\/nakup-napihljivih-toboganov-in-nabitih-gradov-v-sloveniji\/","twitter_misc":{"Est. reading time":"2 minutes"},"schema":{"@context":"https:\/\/schema.org","@graph":[{"@type":"WebPage","@id":"https:\/\/dodo-inflatables.com\/lv\/nakup-napihljivih-toboganov-in-nabitih-gradov-v-sloveniji\/","url":"https:\/\/dodo-inflatables.com\/lv\/nakup-napihljivih-toboganov-in-nabitih-gradov-v-sloveniji\/","name":"Nakup napihljivih toboganov in nabitih gradov v Sloveniji - dodo-inflatables.com","isPartOf":{"@id":"https:\/\/dodo-inflatables.com\/lv\/#website"},"primaryImageOfPage":{"@id":"https:\/\/dodo-inflatables.com\/lv\/nakup-napihljivih-toboganov-in-nabitih-gradov-v-sloveniji\/#primaryimage"},"image":{"@id":"https:\/\/dodo-inflatables.com\/lv\/nakup-napihljivih-toboganov-in-nabitih-gradov-v-sloveniji\/#primaryimage"},"thumbnailUrl":"https:\/\/dodo-inflatables.com\/wp-content\/uploads\/2022\/01\/seperator-kleiner-1024x102.png","datePublished":"2024-03-05T06:52:40+00:00","dateModified":"2024-07-10T11:53:17+00:00","breadcrumb":{"@id":"https:\/\/dodo-inflatables.com\/lv\/nakup-napihljivih-toboganov-in-nabitih-gradov-v-sloveniji\/#breadcrumb"},"inLanguage":"lv-LV","potentialAction":[{"@type":"ReadAction","target":["https:\/\/dodo-inflatables.com\/lv\/nakup-napihljivih-toboganov-in-nabitih-gradov-v-sloveniji\/"]}]},{"@type":"ImageObject","inLanguage":"lv-LV","@id":"https:\/\/dodo-inflatables.com\/lv\/nakup-napihljivih-toboganov-in-nabitih-gradov-v-sloveniji\/#primaryimage","url":"https:\/\/dodo-inflatables.com\/wp-content\/uploads\/2022\/01\/seperator-kleiner-1024x102.png","contentUrl":"https:\/\/dodo-inflatables.com\/wp-content\/uploads\/2022\/01\/seperator-kleiner-1024x102.png"},{"@type":"BreadcrumbList","@id":"https:\/\/dodo-inflatables.com\/lv\/nakup-napihljivih-toboganov-in-nabitih-gradov-v-sloveniji\/#breadcrumb","itemListElement":[{"@type":"ListItem","position":1,"name":"Home","item":"https:\/\/dodo-inflatables.com\/lv\/"},{"@type":"ListItem","position":2,"name":"Nakup napihljivih toboganov in nabitih gradov v Sloveniji"}]},{"@type":"WebSite","@id":"https:\/\/dodo-inflatables.com\/lv\/#website","url":"https:\/\/dodo-inflatables.com\/lv\/","name":"dodo-inflatables.com","description":"Ieg\u0101d\u0101jieties leco\u0161\u0101s pilis un atrakcijas m\u016bsu veikal\u0101.","potentialAction":[{"@type":"SearchAction","target":{"@type":"EntryPoint","urlTemplate":"https:\/\/dodo-inflatables.com\/lv\/?s={search_term_string}"},"query-input":{"@type":"PropertyValueSpecification","valueRequired":true,"valueName":"search_term_string"}}],"inLanguage":"lv-LV"}]}},"uagb_featured_image_src":{"full":false,"thumbnail":false,"medium":false,"medium_large":false,"large":false,"1536x1536":false,"2048x2048":false,"woocommerce_thumbnail":false,"woocommerce_single":false,"woocommerce_gallery_thumbnail":false},"uagb_author_info":{"display_name":"Andreas","author_link":"https:\/\/dodo-inflatables.com\/lv\/author\/andreas\/"},"uagb_comment_info":0,"uagb_excerpt":"Nakup napihljivih toboganov in nabitih gradov v Sloveniji Dobrodo\u0161li uz Dodo-Inflatables.com &#8211; m\u016bsu interneta tirdzniec\u012bbas vietas no napihljiviem objektiem Eirop\u0101! Potopite se v m\u016bsu bogato izv\u0113li visokokakovostnih napihljivih izstr\u0101d\u0101jumu, napihljivih gradov in toboganov, ki bodo vsaki prilo\u017enosti dodali nekaj ve\u010d. Ne glede uz to, ali i\u0161\u010dete velik napihljiv grad za poslovni notikumu, majhen napihljiv grad&hellip;","_links":{"self":[{"href":"https:\/\/dodo-inflatables.com\/lv\/wp-json\/wp\/v2\/pages\/12133","targetHints":{"allow":["GET"]}}],"collection":[{"href":"https:\/\/dodo-inflatables.com\/lv\/wp-json\/wp\/v2\/pages"}],"about":[{"href":"https:\/\/dodo-inflatables.com\/lv\/wp-json\/wp\/v2\/types\/page"}],"author":[{"embeddable":true,"href":"https:\/\/dodo-inflatables.com\/lv\/wp-json\/wp\/v2\/users\/1"}],"replies":[{"embeddable":true,"href":"https:\/\/dodo-inflatables.com\/lv\/wp-json\/wp\/v2\/comments?post=12133"}],"version-history":[{"count":3,"href":"https:\/\/dodo-inflatables.com\/lv\/wp-json\/wp\/v2\/pages\/12133\/revisions"}],"predecessor-version":[{"id":16359,"href":"https:\/\/dodo-inflatables.com\/lv\/wp-json\/wp\/v2\/pages\/12133\/revisions\/16359"}],"wp:attachment":[{"href":"https:\/\/dodo-inflatables.com\/lv\/wp-json\/wp\/v2\/media?parent=12133"}],"curies":[{"name":"wp","href":"https:\/\/api.w.org\/{rel}","templated":true}]}}