{"id":12222,"date":"2024-03-01T20:02:30","date_gmt":"2024-03-01T19:02:30","guid":{"rendered":"https:\/\/dodo-inflatables.com\/perciet-piepusamos-slidkalninus-un-lecamauklas-apvienotaja-karaliste\/"},"modified":"2024-07-10T13:52:05","modified_gmt":"2024-07-10T11:52:05","slug":"perciet-piepusamos-slidkalninus-un-lecamauklas-apvienotaja-karaliste","status":"publish","type":"page","link":"https:\/\/dodo-inflatables.com\/lv\/perciet-piepusamos-slidkalninus-un-lecamauklas-apvienotaja-karaliste\/","title":{"rendered":"P\u0113rciet piep\u016b\u0161amos slidkalni\u0146us un lecamauklas Apvienotaj\u0101 Karalist\u0113"},"content":{"rendered":"\n<h2 class=\"wp-block-heading has-text-align-center\">P\u0113rciet piep\u016b\u0161amos slidkalni\u0146us un lecamauklas Apvienotaj\u0101 Karalist\u0113<\/h2>\n\n<figure class=\"wp-block-image aligncenter size-large\"><a href=\"https:\/\/dodo-inflatables.com\/wp-content\/uploads\/2022\/01\/seperator-kleiner.png\"><img loading=\"lazy\" decoding=\"async\" width=\"1024\" height=\"102\" src=\"https:\/\/dodo-inflatables.com\/wp-content\/uploads\/2022\/01\/seperator-kleiner-1024x102.png\" alt=\"\" class=\"wp-image-4026\" srcset=\"https:\/\/dodo-inflatables.com\/wp-content\/uploads\/2022\/01\/seperator-kleiner-1024x102.png 1024w, https:\/\/dodo-inflatables.com\/wp-content\/uploads\/2022\/01\/seperator-kleiner-900x90.png 900w, https:\/\/dodo-inflatables.com\/wp-content\/uploads\/2022\/01\/seperator-kleiner-300x30.png 300w, https:\/\/dodo-inflatables.com\/wp-content\/uploads\/2022\/01\/seperator-kleiner-768x77.png 768w, https:\/\/dodo-inflatables.com\/wp-content\/uploads\/2022\/01\/seperator-kleiner-1536x154.png 1536w, https:\/\/dodo-inflatables.com\/wp-content\/uploads\/2022\/01\/seperator-kleiner-340x34.png 340w, https:\/\/dodo-inflatables.com\/wp-content\/uploads\/2022\/01\/seperator-kleiner.png 2000w\" sizes=\"auto, (max-width: 1024px) 100vw, 1024px\" \/><\/a><\/figure>\n\n<h3 class=\"wp-block-heading has-text-align-center\">Laipni l\u016bgti Dodo-Inflatables.com &#8211; m\u016bsu piep\u016b\u0161amo konstrukciju tie\u0161saistes veikal\u0101 Eirop\u0101!<\/h3>\n\n<div style=\"height:45px\" aria-hidden=\"true\" class=\"wp-block-spacer\"><\/div>\n\n<p style=\"font-size:17px\">Iegremd\u0113jiet sevi m\u016bsu pla\u0161aj\u0101 augstas kvalit\u0101tes piep\u016b\u0161amo atrakciju, <a href=\"https:\/\/dodo-inflatables.com\/lv\/product-category\/bouncy-castles-lv\/\" data-type=\"link\" data-id=\"https:\/\/dodo-inflatables.com\/product-category\/bouncy-castles\/\">piep\u016b\u0161amo pi\u013cu<\/a> un <a href=\"https:\/\/dodo-inflatables.com\/lv\/product-category\/slides-lv\/\" data-type=\"link\" data-id=\"https:\/\/dodo-inflatables.com\/product-category\/slides\/\">sl\u012bdkalni\u0146u<\/a> kl\u0101st\u0101, kas jebkuram pas\u0101kumam pie\u0161\u0137irs v\u0113l mazliet vair\u0101k. Neatkar\u012bgi no t\u0101, vai mekl\u0113jat lielu lecamauklu korporat\u012bvam pas\u0101kumam, nelielu lecamauklu b\u0113rnu dzim\u0161anas dienas svin\u012bb\u0101m vai lecamauklu ar slidkalni\u0146u vasaras ball\u012btei &#8211; \u0161eit noteikti atrad\u012bsiet kaut ko piem\u0113rotu!<\/p>\n\n<p style=\"font-size:17px\">M\u016bsu sortiment\u0101 ir ne tikai da\u017e\u0101das lecamauklas, bet ar\u012b pla\u0161s <a href=\"https:\/\/dodo-inflatables.com\/lv\/product-category\/piedavajumi\/\" data-type=\"link\" data-id=\"https:\/\/dodo-inflatables.com\/product-category\/accessories\/\">piederumu<\/a> kl\u0101sts, tostarp <a href=\"https:\/\/dodo-inflatables.com\/lv\/product\/gibbons-putejs-fp5005-15ps\/\" data-type=\"product\" data-id=\"81\">Gibbons<\/a> un <a href=\"https:\/\/dodo-inflatables.com\/lv\/product\/huawei-putejs-reh-1-5e-15ps\/\" data-type=\"product\" data-id=\"2724\">Huawei<\/a> p\u016bt\u0113ji lecamaukl\u0101m.<\/p>\n\n<p style=\"font-size:17px\">S\u016bpo\u013cu pils un piederumu pieg\u0101de uz <strong>Angliju maks\u0101 339,00 \u20ac<\/strong>. Ja jums ir nepiecie\u0161ami tikai aksesu\u0101ri, pakas nos\u016bt\u012b\u0161ana maks\u0101 29,00 \u20ac.<\/p>\n\n<p style=\"font-size:17px\">Ja piep\u016b\u0161amais objekts ir noliktav\u0101, tas tiks jums nos\u016bt\u012bts uzreiz p\u0113c maks\u0101juma sa\u0146em\u0161anas. Pieg\u0101de uz Apvienoto Karalisti ilgst aptuveni <strong>4 &#8211; 6 darba dienas<\/strong>. Pa\u0161izve\u0161ana ir iesp\u0113jama no m\u016bsu noliktavas <strong>Minhen\u0113, V\u0101cij\u0101<\/strong>.<\/p>\n\n<p style=\"font-size:17px\">Visas m\u016bsu piep\u016b\u0161am\u0101s laivas atbilst stingrajiem <strong>DIN EN 14960 <\/strong>dro\u0161\u012bbas standartiem un ir piem\u0113rotas gan priv\u0101tai, gan komerci\u0101lai lieto\u0161anai. P\u0113c tam, kad j\u016bsu jaun\u0101 piep\u016b\u0161am\u0101 piep\u016b\u0161am\u0101 piep\u016b\u0161am\u0101 piep\u016b\u0161am\u0101 piep\u016b\u0161am\u0101 piep\u016b\u0161am\u0101 piekabe tiks nos\u016bt\u012bta, j\u016bs sa\u0146emsiet <strong>detaliz\u0113tu ce\u013cvedi <\/strong>un<strong> atbilsto\u0161u sertifik\u0101tu <\/strong>.<\/p>\n\n<p style=\"font-size:17px\">Ja esat klients no valsts, kas nav ES dal\u012bbvalsts, varat pie mums iepirkties <strong>bez PVN<\/strong>. S\u0101kotn\u0113ji tie\u0161saistes veikal\u0101 nor\u0101d\u012btaj\u0101s cen\u0101s ir iek\u013cauts V\u0101cijas PVN (19%), kas p\u0113c tam tiks atskait\u012bts. Nos\u016btot preces uz Apvienoto Karalisti, j\u016bs uzskat\u0101ms par &#8220;import\u0113t\u0101ju&#8221;. T\u0101p\u0113c jums tiks iekas\u0113ts importa tirdzniec\u012bbas nodoklis un ievedmuitas nodoklis. M\u016bsu pieg\u0101des izmaksas uz Apvienoto Karalisti ietver kravas p\u0101rvad\u0101\u0161anas cenu, muito\u0161anu un ABD sagatavo\u0161anu.<\/p>\n\n<p style=\"font-size:17px\">Neatkar\u012bgi no t\u0101, vai esat priv\u0101ts lietot\u0101js, kas mekl\u0113 lecamauklu savai n\u0101kamajai \u0123imenes ball\u012btei, vai komerci\u0101ls nomas uz\u0146\u0113mums, kas v\u0113las papla\u0161in\u0101t savu pied\u0101v\u0101jumu, m\u016bsu lecamauklas ir piem\u0113rotas ikvienam. Paties\u012bb\u0101 liel\u0101k\u0101 da\u013ca m\u016bsu klientu vis\u0101 Eirop\u0101 ir uz\u0146\u0113mumi, kas nodarbojas ar lecamauklu nomu un nov\u0113rt\u0113 m\u016bsu produktus da\u017e\u0101da lieluma pas\u0101kumiem.<\/p>\n\n<p style=\"font-size:17px\">M\u0113s ceram, ka jums patiks p\u0101rl\u016bkot m\u016bsu interneta veikalu, un m\u0113s ar prieku atbild\u0113sim uz visiem j\u016bsu jaut\u0101jumiem <a href=\"mailto:contact@dodo-inflatables.com\">contact@dodo-inflatables.com<\/a>!<\/p>\n\n<div style=\"height:45px\" aria-hidden=\"true\" class=\"wp-block-spacer\"><\/div>\n","protected":false},"excerpt":{"rendered":"<p>P\u0113rciet piep\u016b\u0161amos slidkalni\u0146us un lecamauklas Apvienotaj\u0101 Karalist\u0113 Laipni l\u016bgti Dodo-Inflatables.com &#8211; m\u016bsu piep\u016b\u0161amo konstrukciju tie\u0161saistes veikal\u0101 Eirop\u0101! Iegremd\u0113jiet sevi m\u016bsu pla\u0161aj\u0101 augstas kvalit\u0101tes piep\u016b\u0161amo atrakciju, piep\u016b\u0161amo pi\u013cu un sl\u012bdkalni\u0146u kl\u0101st\u0101, kas jebkuram pas\u0101kumam pie\u0161\u0137irs v\u0113l mazliet vair\u0101k. Neatkar\u012bgi no t\u0101, vai mekl\u0113jat lielu lecamauklu korporat\u012bvam pas\u0101kumam, nelielu lecamauklu b\u0113rnu dzim\u0161anas dienas svin\u012bb\u0101m vai lecamauklu ar [&hellip;]<\/p>\n","protected":false},"author":1,"featured_media":0,"parent":0,"menu_order":0,"comment_status":"closed","ping_status":"closed","template":"","meta":{"_acf_changed":false,"_uag_custom_page_level_css":"","site-sidebar-layout":"default","site-content-layout":"","ast-site-content-layout":"default","site-content-style":"boxed","site-sidebar-style":"default","ast-global-header-display":"","ast-banner-title-visibility":"","ast-main-header-display":"","ast-hfb-above-header-display":"","ast-hfb-below-header-display":"","ast-hfb-mobile-header-display":"","site-post-title":"","ast-breadcrumbs-content":"","ast-featured-img":"","footer-sml-layout":"","ast-disable-related-posts":"","theme-transparent-header-meta":"","adv-header-id-meta":"4069","stick-header-meta":"","header-above-stick-meta":"","header-main-stick-meta":"","header-below-stick-meta":"","astra-migrate-meta-layouts":"default","ast-page-background-enabled":"default","ast-page-background-meta":{"desktop":{"background-color":"var(--ast-global-color-4)","background-image":"","background-repeat":"repeat","background-position":"center center","background-size":"auto","background-attachment":"scroll","background-type":"","background-media":"","overlay-type":"","overlay-color":"","overlay-opacity":"","overlay-gradient":""},"tablet":{"background-color":"","background-image":"","background-repeat":"repeat","background-position":"center center","background-size":"auto","background-attachment":"scroll","background-type":"","background-media":"","overlay-type":"","overlay-color":"","overlay-opacity":"","overlay-gradient":""},"mobile":{"background-color":"","background-image":"","background-repeat":"repeat","background-position":"center center","background-size":"auto","background-attachment":"scroll","background-type":"","background-media":"","overlay-type":"","overlay-color":"","overlay-opacity":"","overlay-gradient":""}},"ast-content-background-meta":{"desktop":{"background-color":"var(--ast-global-color-5)","background-image":"","background-repeat":"repeat","background-position":"center center","background-size":"auto","background-attachment":"scroll","background-type":"","background-media":"","overlay-type":"","overlay-color":"","overlay-opacity":"","overlay-gradient":""},"tablet":{"background-color":"var(--ast-global-color-5)","background-image":"","background-repeat":"repeat","background-position":"center center","background-size":"auto","background-attachment":"scroll","background-type":"","background-media":"","overlay-type":"","overlay-color":"","overlay-opacity":"","overlay-gradient":""},"mobile":{"background-color":"var(--ast-global-color-5)","background-image":"","background-repeat":"repeat","background-position":"center center","background-size":"auto","background-attachment":"scroll","background-type":"","background-media":"","overlay-type":"","overlay-color":"","overlay-opacity":"","overlay-gradient":""}},"footnotes":""},"class_list":["post-12222","page","type-page","status-publish","hentry"],"acf":[],"yoast_head":"<!-- This site is optimized with the Yoast SEO plugin v27.4 - https:\/\/yoast.com\/product\/yoast-seo-wordpress\/ -->\n<title>P\u0113rciet piep\u016b\u0161amos slidkalni\u0146us un lecamauklas Apvienotaj\u0101 Karalist\u0113 - dodo-inflatables.com<\/title>\n<meta name=\"robots\" content=\"index, follow, max-snippet:-1, max-image-preview:large, max-video-preview:-1\" \/>\n<link rel=\"canonical\" href=\"https:\/\/dodo-inflatables.com\/lv\/perciet-piepusamos-slidkalninus-un-lecamauklas-apvienotaja-karaliste\/\" \/>\n<meta name=\"twitter:label1\" content=\"Est. reading time\" \/>\n\t<meta name=\"twitter:data1\" content=\"2 minutes\" \/>\n<script type=\"application\/ld+json\" class=\"yoast-schema-graph\">{\"@context\":\"https:\\\/\\\/schema.org\",\"@graph\":[{\"@type\":\"WebPage\",\"@id\":\"https:\\\/\\\/dodo-inflatables.com\\\/lv\\\/perciet-piepusamos-slidkalninus-un-lecamauklas-apvienotaja-karaliste\\\/\",\"url\":\"https:\\\/\\\/dodo-inflatables.com\\\/lv\\\/perciet-piepusamos-slidkalninus-un-lecamauklas-apvienotaja-karaliste\\\/\",\"name\":\"P\u0113rciet piep\u016b\u0161amos slidkalni\u0146us un lecamauklas Apvienotaj\u0101 Karalist\u0113 - dodo-inflatables.com\",\"isPartOf\":{\"@id\":\"https:\\\/\\\/dodo-inflatables.com\\\/lv\\\/#website\"},\"primaryImageOfPage\":{\"@id\":\"https:\\\/\\\/dodo-inflatables.com\\\/lv\\\/perciet-piepusamos-slidkalninus-un-lecamauklas-apvienotaja-karaliste\\\/#primaryimage\"},\"image\":{\"@id\":\"https:\\\/\\\/dodo-inflatables.com\\\/lv\\\/perciet-piepusamos-slidkalninus-un-lecamauklas-apvienotaja-karaliste\\\/#primaryimage\"},\"thumbnailUrl\":\"https:\\\/\\\/dodo-inflatables.com\\\/wp-content\\\/uploads\\\/2022\\\/01\\\/seperator-kleiner-1024x102.png\",\"datePublished\":\"2024-03-01T19:02:30+00:00\",\"dateModified\":\"2024-07-10T11:52:05+00:00\",\"breadcrumb\":{\"@id\":\"https:\\\/\\\/dodo-inflatables.com\\\/lv\\\/perciet-piepusamos-slidkalninus-un-lecamauklas-apvienotaja-karaliste\\\/#breadcrumb\"},\"inLanguage\":\"lv-LV\",\"potentialAction\":[{\"@type\":\"ReadAction\",\"target\":[\"https:\\\/\\\/dodo-inflatables.com\\\/lv\\\/perciet-piepusamos-slidkalninus-un-lecamauklas-apvienotaja-karaliste\\\/\"]}]},{\"@type\":\"ImageObject\",\"inLanguage\":\"lv-LV\",\"@id\":\"https:\\\/\\\/dodo-inflatables.com\\\/lv\\\/perciet-piepusamos-slidkalninus-un-lecamauklas-apvienotaja-karaliste\\\/#primaryimage\",\"url\":\"https:\\\/\\\/dodo-inflatables.com\\\/wp-content\\\/uploads\\\/2022\\\/01\\\/seperator-kleiner-1024x102.png\",\"contentUrl\":\"https:\\\/\\\/dodo-inflatables.com\\\/wp-content\\\/uploads\\\/2022\\\/01\\\/seperator-kleiner-1024x102.png\"},{\"@type\":\"BreadcrumbList\",\"@id\":\"https:\\\/\\\/dodo-inflatables.com\\\/lv\\\/perciet-piepusamos-slidkalninus-un-lecamauklas-apvienotaja-karaliste\\\/#breadcrumb\",\"itemListElement\":[{\"@type\":\"ListItem\",\"position\":1,\"name\":\"Home\",\"item\":\"https:\\\/\\\/dodo-inflatables.com\\\/lv\\\/\"},{\"@type\":\"ListItem\",\"position\":2,\"name\":\"P\u0113rciet piep\u016b\u0161amos slidkalni\u0146us un lecamauklas Apvienotaj\u0101 Karalist\u0113\"}]},{\"@type\":\"WebSite\",\"@id\":\"https:\\\/\\\/dodo-inflatables.com\\\/lv\\\/#website\",\"url\":\"https:\\\/\\\/dodo-inflatables.com\\\/lv\\\/\",\"name\":\"dodo-inflatables.com\",\"description\":\"Ieg\u0101d\u0101jieties leco\u0161\u0101s pilis un atrakcijas m\u016bsu veikal\u0101.\",\"publisher\":{\"@id\":\"https:\\\/\\\/dodo-inflatables.com\\\/lv\\\/#organization\"},\"potentialAction\":[{\"@type\":\"SearchAction\",\"target\":{\"@type\":\"EntryPoint\",\"urlTemplate\":\"https:\\\/\\\/dodo-inflatables.com\\\/lv\\\/?s={search_term_string}\"},\"query-input\":{\"@type\":\"PropertyValueSpecification\",\"valueRequired\":true,\"valueName\":\"search_term_string\"}}],\"inLanguage\":\"lv-LV\"},{\"@type\":\"Organization\",\"@id\":\"https:\\\/\\\/dodo-inflatables.com\\\/lv\\\/#organization\",\"name\":\"dodo-inflatables.com\",\"url\":\"https:\\\/\\\/dodo-inflatables.com\\\/lv\\\/\",\"logo\":{\"@type\":\"ImageObject\",\"inLanguage\":\"lv-LV\",\"@id\":\"https:\\\/\\\/dodo-inflatables.com\\\/lv\\\/#\\\/schema\\\/logo\\\/image\\\/\",\"url\":\"https:\\\/\\\/dodo-inflatables.com\\\/wp-content\\\/uploads\\\/2023\\\/04\\\/cropped-cropped-cropped-Dodo-Logo.png\",\"contentUrl\":\"https:\\\/\\\/dodo-inflatables.com\\\/wp-content\\\/uploads\\\/2023\\\/04\\\/cropped-cropped-cropped-Dodo-Logo.png\",\"width\":2996,\"height\":1545,\"caption\":\"dodo-inflatables.com\"},\"image\":{\"@id\":\"https:\\\/\\\/dodo-inflatables.com\\\/lv\\\/#\\\/schema\\\/logo\\\/image\\\/\"}}]}<\/script>\n<!-- \/ Yoast SEO plugin. -->","yoast_head_json":{"title":"P\u0113rciet piep\u016b\u0161amos slidkalni\u0146us un lecamauklas Apvienotaj\u0101 Karalist\u0113 - dodo-inflatables.com","robots":{"index":"index","follow":"follow","max-snippet":"max-snippet:-1","max-image-preview":"max-image-preview:large","max-video-preview":"max-video-preview:-1"},"canonical":"https:\/\/dodo-inflatables.com\/lv\/perciet-piepusamos-slidkalninus-un-lecamauklas-apvienotaja-karaliste\/","twitter_misc":{"Est. reading time":"2 minutes"},"schema":{"@context":"https:\/\/schema.org","@graph":[{"@type":"WebPage","@id":"https:\/\/dodo-inflatables.com\/lv\/perciet-piepusamos-slidkalninus-un-lecamauklas-apvienotaja-karaliste\/","url":"https:\/\/dodo-inflatables.com\/lv\/perciet-piepusamos-slidkalninus-un-lecamauklas-apvienotaja-karaliste\/","name":"P\u0113rciet piep\u016b\u0161amos slidkalni\u0146us un lecamauklas Apvienotaj\u0101 Karalist\u0113 - dodo-inflatables.com","isPartOf":{"@id":"https:\/\/dodo-inflatables.com\/lv\/#website"},"primaryImageOfPage":{"@id":"https:\/\/dodo-inflatables.com\/lv\/perciet-piepusamos-slidkalninus-un-lecamauklas-apvienotaja-karaliste\/#primaryimage"},"image":{"@id":"https:\/\/dodo-inflatables.com\/lv\/perciet-piepusamos-slidkalninus-un-lecamauklas-apvienotaja-karaliste\/#primaryimage"},"thumbnailUrl":"https:\/\/dodo-inflatables.com\/wp-content\/uploads\/2022\/01\/seperator-kleiner-1024x102.png","datePublished":"2024-03-01T19:02:30+00:00","dateModified":"2024-07-10T11:52:05+00:00","breadcrumb":{"@id":"https:\/\/dodo-inflatables.com\/lv\/perciet-piepusamos-slidkalninus-un-lecamauklas-apvienotaja-karaliste\/#breadcrumb"},"inLanguage":"lv-LV","potentialAction":[{"@type":"ReadAction","target":["https:\/\/dodo-inflatables.com\/lv\/perciet-piepusamos-slidkalninus-un-lecamauklas-apvienotaja-karaliste\/"]}]},{"@type":"ImageObject","inLanguage":"lv-LV","@id":"https:\/\/dodo-inflatables.com\/lv\/perciet-piepusamos-slidkalninus-un-lecamauklas-apvienotaja-karaliste\/#primaryimage","url":"https:\/\/dodo-inflatables.com\/wp-content\/uploads\/2022\/01\/seperator-kleiner-1024x102.png","contentUrl":"https:\/\/dodo-inflatables.com\/wp-content\/uploads\/2022\/01\/seperator-kleiner-1024x102.png"},{"@type":"BreadcrumbList","@id":"https:\/\/dodo-inflatables.com\/lv\/perciet-piepusamos-slidkalninus-un-lecamauklas-apvienotaja-karaliste\/#breadcrumb","itemListElement":[{"@type":"ListItem","position":1,"name":"Home","item":"https:\/\/dodo-inflatables.com\/lv\/"},{"@type":"ListItem","position":2,"name":"P\u0113rciet piep\u016b\u0161amos slidkalni\u0146us un lecamauklas Apvienotaj\u0101 Karalist\u0113"}]},{"@type":"WebSite","@id":"https:\/\/dodo-inflatables.com\/lv\/#website","url":"https:\/\/dodo-inflatables.com\/lv\/","name":"dodo-inflatables.com","description":"Ieg\u0101d\u0101jieties leco\u0161\u0101s pilis un atrakcijas m\u016bsu veikal\u0101.","publisher":{"@id":"https:\/\/dodo-inflatables.com\/lv\/#organization"},"potentialAction":[{"@type":"SearchAction","target":{"@type":"EntryPoint","urlTemplate":"https:\/\/dodo-inflatables.com\/lv\/?s={search_term_string}"},"query-input":{"@type":"PropertyValueSpecification","valueRequired":true,"valueName":"search_term_string"}}],"inLanguage":"lv-LV"},{"@type":"Organization","@id":"https:\/\/dodo-inflatables.com\/lv\/#organization","name":"dodo-inflatables.com","url":"https:\/\/dodo-inflatables.com\/lv\/","logo":{"@type":"ImageObject","inLanguage":"lv-LV","@id":"https:\/\/dodo-inflatables.com\/lv\/#\/schema\/logo\/image\/","url":"https:\/\/dodo-inflatables.com\/wp-content\/uploads\/2023\/04\/cropped-cropped-cropped-Dodo-Logo.png","contentUrl":"https:\/\/dodo-inflatables.com\/wp-content\/uploads\/2023\/04\/cropped-cropped-cropped-Dodo-Logo.png","width":2996,"height":1545,"caption":"dodo-inflatables.com"},"image":{"@id":"https:\/\/dodo-inflatables.com\/lv\/#\/schema\/logo\/image\/"}}]}},"uagb_featured_image_src":{"full":false,"thumbnail":false,"medium":false,"medium_large":false,"large":false,"1536x1536":false,"2048x2048":false,"woocommerce_thumbnail":false,"woocommerce_single":false,"woocommerce_gallery_thumbnail":false},"uagb_author_info":{"display_name":"Andreas","author_link":"https:\/\/dodo-inflatables.com\/lv\/author\/andreas\/"},"uagb_comment_info":0,"uagb_excerpt":"P\u0113rciet piep\u016b\u0161amos slidkalni\u0146us un lecamauklas Apvienotaj\u0101 Karalist\u0113 Laipni l\u016bgti Dodo-Inflatables.com &#8211; m\u016bsu piep\u016b\u0161amo konstrukciju tie\u0161saistes veikal\u0101 Eirop\u0101! Iegremd\u0113jiet sevi m\u016bsu pla\u0161aj\u0101 augstas kvalit\u0101tes piep\u016b\u0161amo atrakciju, piep\u016b\u0161amo pi\u013cu un sl\u012bdkalni\u0146u kl\u0101st\u0101, kas jebkuram pas\u0101kumam pie\u0161\u0137irs v\u0113l mazliet vair\u0101k. Neatkar\u012bgi no t\u0101, vai mekl\u0113jat lielu lecamauklu korporat\u012bvam pas\u0101kumam, nelielu lecamauklu b\u0113rnu dzim\u0161anas dienas svin\u012bb\u0101m vai lecamauklu ar&hellip;","_links":{"self":[{"href":"https:\/\/dodo-inflatables.com\/lv\/wp-json\/wp\/v2\/pages\/12222","targetHints":{"allow":["GET"]}}],"collection":[{"href":"https:\/\/dodo-inflatables.com\/lv\/wp-json\/wp\/v2\/pages"}],"about":[{"href":"https:\/\/dodo-inflatables.com\/lv\/wp-json\/wp\/v2\/types\/page"}],"author":[{"embeddable":true,"href":"https:\/\/dodo-inflatables.com\/lv\/wp-json\/wp\/v2\/users\/1"}],"replies":[{"embeddable":true,"href":"https:\/\/dodo-inflatables.com\/lv\/wp-json\/wp\/v2\/comments?post=12222"}],"version-history":[{"count":3,"href":"https:\/\/dodo-inflatables.com\/lv\/wp-json\/wp\/v2\/pages\/12222\/revisions"}],"predecessor-version":[{"id":16283,"href":"https:\/\/dodo-inflatables.com\/lv\/wp-json\/wp\/v2\/pages\/12222\/revisions\/16283"}],"wp:attachment":[{"href":"https:\/\/dodo-inflatables.com\/lv\/wp-json\/wp\/v2\/media?parent=12222"}],"curies":[{"name":"wp","href":"https:\/\/api.w.org\/{rel}","templated":true}]}}