{"id":12343,"date":"2020-04-22T12:14:18","date_gmt":"2020-04-22T10:14:18","guid":{"rendered":"https:\/\/dodo-inflatables.com\/liktendarzs-leceburga-liwwerung-zu-letzebuerg\/"},"modified":"2024-06-01T18:23:40","modified_gmt":"2024-06-01T16:23:40","slug":"liktendarzs-leceburga-liwwerung-zu-letzebuerg","status":"publish","type":"page","link":"https:\/\/dodo-inflatables.com\/lv\/liktendarzs-leceburga-liwwerung-zu-letzebuerg\/","title":{"rendered":"Likte\u0146d\u0101rzs L\u0113ceburg\u0101 (Liwwerung zu L\u00ebtzebuerg)"},"content":{"rendered":"\n<h2 class=\"wp-block-heading\" id=\"liwwerung-zu-letzebuerg\">Likte\u0146d\u0101rzs L\u0113ceburg\u0101 (Liwwerung zu L\u00ebtzebuerg)<\/h2>\n\n<p>Mir si frou, dat gew\u00ebnschte Bounebuerg zu L\u00ebtzebuerg ze liwweren.<\/p>\n\n<p>Als Privatpersoun w\u00e4ert Dir d\u00e4itsch TVA reproch\u00e9iert ginn. Dir k\u00ebnnt d&#8217;Bestellung regelm\u00e9isseg iwwer den Online Shop ausf\u00e9ieren.<\/p>\n\n<p>Bestellt Dir als Firma an hutt eng valabel Steiernummer (TVA)? Da k\u00ebnne mir Iech d&#8217;Wuer steierfr\u00e4i verkafen. Fir d\u00ebst, mellt \u00c4r Bestellung mat eis per E-Mail.<\/p>\n","protected":false},"excerpt":{"rendered":"<p>Likte\u0146d\u0101rzs L\u0113ceburg\u0101 (Liwwerung zu L\u00ebtzebuerg) Mir si frou, dat gew\u00ebnschte Bounebuerg zu L\u00ebtzebuerg ze liwweren. Als Privatpersoun w\u00e4ert Dir d\u00e4itsch TVA reproch\u00e9iert ginn. Dir k\u00ebnnt d&#8217;Bestellung regelm\u00e9isseg iwwer den Online Shop ausf\u00e9ieren. Bestellt Dir als Firma an hutt eng valabel Steiernummer (TVA)? Da k\u00ebnne mir Iech d&#8217;Wuer steierfr\u00e4i verkafen. Fir d\u00ebst, mellt \u00c4r Bestellung mat [&hellip;]<\/p>\n","protected":false},"author":1,"featured_media":0,"parent":0,"menu_order":0,"comment_status":"closed","ping_status":"closed","template":"","meta":{"_acf_changed":false,"_uag_custom_page_level_css":"","site-sidebar-layout":"default","site-content-layout":"content-boxed-container","ast-site-content-layout":"default","site-content-style":"default","site-sidebar-style":"default","ast-global-header-display":"","ast-banner-title-visibility":"","ast-main-header-display":"","ast-hfb-above-header-display":"","ast-hfb-below-header-display":"","ast-hfb-mobile-header-display":"","site-post-title":"disabled","ast-breadcrumbs-content":"disabled","ast-featured-img":"disabled","footer-sml-layout":"","ast-disable-related-posts":"","theme-transparent-header-meta":"","adv-header-id-meta":"4069","stick-header-meta":"","header-above-stick-meta":"","header-main-stick-meta":"","header-below-stick-meta":"","astra-migrate-meta-layouts":"default","ast-page-background-enabled":"default","ast-page-background-meta":{"desktop":{"background-color":"var(--ast-global-color-4)","background-image":"","background-repeat":"repeat","background-position":"center center","background-size":"auto","background-attachment":"scroll","background-type":"","background-media":"","overlay-type":"","overlay-color":"","overlay-opacity":"","overlay-gradient":""},"tablet":{"background-color":"","background-image":"","background-repeat":"repeat","background-position":"center center","background-size":"auto","background-attachment":"scroll","background-type":"","background-media":"","overlay-type":"","overlay-color":"","overlay-opacity":"","overlay-gradient":""},"mobile":{"background-color":"","background-image":"","background-repeat":"repeat","background-position":"center center","background-size":"auto","background-attachment":"scroll","background-type":"","background-media":"","overlay-type":"","overlay-color":"","overlay-opacity":"","overlay-gradient":""}},"ast-content-background-meta":{"desktop":{"background-color":"var(--ast-global-color-5)","background-image":"","background-repeat":"repeat","background-position":"center center","background-size":"auto","background-attachment":"scroll","background-type":"","background-media":"","overlay-type":"","overlay-color":"","overlay-opacity":"","overlay-gradient":""},"tablet":{"background-color":"var(--ast-global-color-5)","background-image":"","background-repeat":"repeat","background-position":"center center","background-size":"auto","background-attachment":"scroll","background-type":"","background-media":"","overlay-type":"","overlay-color":"","overlay-opacity":"","overlay-gradient":""},"mobile":{"background-color":"var(--ast-global-color-5)","background-image":"","background-repeat":"repeat","background-position":"center center","background-size":"auto","background-attachment":"scroll","background-type":"","background-media":"","overlay-type":"","overlay-color":"","overlay-opacity":"","overlay-gradient":""}},"footnotes":""},"class_list":["post-12343","page","type-page","status-publish","hentry"],"acf":[],"yoast_head":"<!-- This site is optimized with the Yoast SEO plugin v27.4 - https:\/\/yoast.com\/product\/yoast-seo-wordpress\/ -->\n<title>Kaaft Bouneschlass | Liwwerung zu L\u00ebtzebuerg<\/title>\n<meta name=\"description\" content=\"Mat eis fannt Dir eng grouss Auswiel u Qualit\u00e9itsblues a super Designen! \u2713 Liwwerung m\u00e9iglech duerch ganz Europa! \u2713 \u0100tr\u0101 pieg\u0101de!\" \/>\n<meta name=\"robots\" content=\"index, follow, max-snippet:-1, max-image-preview:large, max-video-preview:-1\" \/>\n<link rel=\"canonical\" href=\"https:\/\/dodo-inflatables.com\/lv\/liktendarzs-leceburga-liwwerung-zu-letzebuerg\/\" \/>\n<script type=\"application\/ld+json\" class=\"yoast-schema-graph\">{\"@context\":\"https:\\\/\\\/schema.org\",\"@graph\":[{\"@type\":\"WebPage\",\"@id\":\"https:\\\/\\\/dodo-inflatables.com\\\/lv\\\/liktendarzs-leceburga-liwwerung-zu-letzebuerg\\\/\",\"url\":\"https:\\\/\\\/dodo-inflatables.com\\\/lv\\\/liktendarzs-leceburga-liwwerung-zu-letzebuerg\\\/\",\"name\":\"Kaaft Bouneschlass | Liwwerung zu L\u00ebtzebuerg\",\"isPartOf\":{\"@id\":\"https:\\\/\\\/dodo-inflatables.com\\\/lv\\\/#website\"},\"datePublished\":\"2020-04-22T10:14:18+00:00\",\"dateModified\":\"2024-06-01T16:23:40+00:00\",\"description\":\"Mat eis fannt Dir eng grouss Auswiel u Qualit\u00e9itsblues a super Designen! \u2713 Liwwerung m\u00e9iglech duerch ganz Europa! \u2713 \u0100tr\u0101 pieg\u0101de!\",\"breadcrumb\":{\"@id\":\"https:\\\/\\\/dodo-inflatables.com\\\/lv\\\/liktendarzs-leceburga-liwwerung-zu-letzebuerg\\\/#breadcrumb\"},\"inLanguage\":\"lv-LV\",\"potentialAction\":[{\"@type\":\"ReadAction\",\"target\":[\"https:\\\/\\\/dodo-inflatables.com\\\/lv\\\/liktendarzs-leceburga-liwwerung-zu-letzebuerg\\\/\"]}]},{\"@type\":\"BreadcrumbList\",\"@id\":\"https:\\\/\\\/dodo-inflatables.com\\\/lv\\\/liktendarzs-leceburga-liwwerung-zu-letzebuerg\\\/#breadcrumb\",\"itemListElement\":[{\"@type\":\"ListItem\",\"position\":1,\"name\":\"Home\",\"item\":\"https:\\\/\\\/dodo-inflatables.com\\\/lv\\\/\"},{\"@type\":\"ListItem\",\"position\":2,\"name\":\"Likte\u0146d\u0101rzs L\u0113ceburg\u0101 (Liwwerung zu L\u00ebtzebuerg)\"}]},{\"@type\":\"WebSite\",\"@id\":\"https:\\\/\\\/dodo-inflatables.com\\\/lv\\\/#website\",\"url\":\"https:\\\/\\\/dodo-inflatables.com\\\/lv\\\/\",\"name\":\"dodo-inflatables.com\",\"description\":\"Ieg\u0101d\u0101jieties leco\u0161\u0101s pilis un atrakcijas m\u016bsu veikal\u0101.\",\"publisher\":{\"@id\":\"https:\\\/\\\/dodo-inflatables.com\\\/lv\\\/#organization\"},\"potentialAction\":[{\"@type\":\"SearchAction\",\"target\":{\"@type\":\"EntryPoint\",\"urlTemplate\":\"https:\\\/\\\/dodo-inflatables.com\\\/lv\\\/?s={search_term_string}\"},\"query-input\":{\"@type\":\"PropertyValueSpecification\",\"valueRequired\":true,\"valueName\":\"search_term_string\"}}],\"inLanguage\":\"lv-LV\"},{\"@type\":\"Organization\",\"@id\":\"https:\\\/\\\/dodo-inflatables.com\\\/lv\\\/#organization\",\"name\":\"dodo-inflatables.com\",\"url\":\"https:\\\/\\\/dodo-inflatables.com\\\/lv\\\/\",\"logo\":{\"@type\":\"ImageObject\",\"inLanguage\":\"lv-LV\",\"@id\":\"https:\\\/\\\/dodo-inflatables.com\\\/lv\\\/#\\\/schema\\\/logo\\\/image\\\/\",\"url\":\"https:\\\/\\\/dodo-inflatables.com\\\/wp-content\\\/uploads\\\/2023\\\/04\\\/cropped-cropped-cropped-Dodo-Logo.png\",\"contentUrl\":\"https:\\\/\\\/dodo-inflatables.com\\\/wp-content\\\/uploads\\\/2023\\\/04\\\/cropped-cropped-cropped-Dodo-Logo.png\",\"width\":2996,\"height\":1545,\"caption\":\"dodo-inflatables.com\"},\"image\":{\"@id\":\"https:\\\/\\\/dodo-inflatables.com\\\/lv\\\/#\\\/schema\\\/logo\\\/image\\\/\"}}]}<\/script>\n<!-- \/ Yoast SEO plugin. -->","yoast_head_json":{"title":"Kaaft Bouneschlass | Liwwerung zu L\u00ebtzebuerg","description":"Mat eis fannt Dir eng grouss Auswiel u Qualit\u00e9itsblues a super Designen! \u2713 Liwwerung m\u00e9iglech duerch ganz Europa! \u2713 \u0100tr\u0101 pieg\u0101de!","robots":{"index":"index","follow":"follow","max-snippet":"max-snippet:-1","max-image-preview":"max-image-preview:large","max-video-preview":"max-video-preview:-1"},"canonical":"https:\/\/dodo-inflatables.com\/lv\/liktendarzs-leceburga-liwwerung-zu-letzebuerg\/","schema":{"@context":"https:\/\/schema.org","@graph":[{"@type":"WebPage","@id":"https:\/\/dodo-inflatables.com\/lv\/liktendarzs-leceburga-liwwerung-zu-letzebuerg\/","url":"https:\/\/dodo-inflatables.com\/lv\/liktendarzs-leceburga-liwwerung-zu-letzebuerg\/","name":"Kaaft Bouneschlass | Liwwerung zu L\u00ebtzebuerg","isPartOf":{"@id":"https:\/\/dodo-inflatables.com\/lv\/#website"},"datePublished":"2020-04-22T10:14:18+00:00","dateModified":"2024-06-01T16:23:40+00:00","description":"Mat eis fannt Dir eng grouss Auswiel u Qualit\u00e9itsblues a super Designen! \u2713 Liwwerung m\u00e9iglech duerch ganz Europa! \u2713 \u0100tr\u0101 pieg\u0101de!","breadcrumb":{"@id":"https:\/\/dodo-inflatables.com\/lv\/liktendarzs-leceburga-liwwerung-zu-letzebuerg\/#breadcrumb"},"inLanguage":"lv-LV","potentialAction":[{"@type":"ReadAction","target":["https:\/\/dodo-inflatables.com\/lv\/liktendarzs-leceburga-liwwerung-zu-letzebuerg\/"]}]},{"@type":"BreadcrumbList","@id":"https:\/\/dodo-inflatables.com\/lv\/liktendarzs-leceburga-liwwerung-zu-letzebuerg\/#breadcrumb","itemListElement":[{"@type":"ListItem","position":1,"name":"Home","item":"https:\/\/dodo-inflatables.com\/lv\/"},{"@type":"ListItem","position":2,"name":"Likte\u0146d\u0101rzs L\u0113ceburg\u0101 (Liwwerung zu L\u00ebtzebuerg)"}]},{"@type":"WebSite","@id":"https:\/\/dodo-inflatables.com\/lv\/#website","url":"https:\/\/dodo-inflatables.com\/lv\/","name":"dodo-inflatables.com","description":"Ieg\u0101d\u0101jieties leco\u0161\u0101s pilis un atrakcijas m\u016bsu veikal\u0101.","publisher":{"@id":"https:\/\/dodo-inflatables.com\/lv\/#organization"},"potentialAction":[{"@type":"SearchAction","target":{"@type":"EntryPoint","urlTemplate":"https:\/\/dodo-inflatables.com\/lv\/?s={search_term_string}"},"query-input":{"@type":"PropertyValueSpecification","valueRequired":true,"valueName":"search_term_string"}}],"inLanguage":"lv-LV"},{"@type":"Organization","@id":"https:\/\/dodo-inflatables.com\/lv\/#organization","name":"dodo-inflatables.com","url":"https:\/\/dodo-inflatables.com\/lv\/","logo":{"@type":"ImageObject","inLanguage":"lv-LV","@id":"https:\/\/dodo-inflatables.com\/lv\/#\/schema\/logo\/image\/","url":"https:\/\/dodo-inflatables.com\/wp-content\/uploads\/2023\/04\/cropped-cropped-cropped-Dodo-Logo.png","contentUrl":"https:\/\/dodo-inflatables.com\/wp-content\/uploads\/2023\/04\/cropped-cropped-cropped-Dodo-Logo.png","width":2996,"height":1545,"caption":"dodo-inflatables.com"},"image":{"@id":"https:\/\/dodo-inflatables.com\/lv\/#\/schema\/logo\/image\/"}}]}},"uagb_featured_image_src":{"full":false,"thumbnail":false,"medium":false,"medium_large":false,"large":false,"1536x1536":false,"2048x2048":false,"woocommerce_thumbnail":false,"woocommerce_single":false,"woocommerce_gallery_thumbnail":false},"uagb_author_info":{"display_name":"Andreas","author_link":"https:\/\/dodo-inflatables.com\/lv\/author\/andreas\/"},"uagb_comment_info":0,"uagb_excerpt":"Likte\u0146d\u0101rzs L\u0113ceburg\u0101 (Liwwerung zu L\u00ebtzebuerg) Mir si frou, dat gew\u00ebnschte Bounebuerg zu L\u00ebtzebuerg ze liwweren. Als Privatpersoun w\u00e4ert Dir d\u00e4itsch TVA reproch\u00e9iert ginn. Dir k\u00ebnnt d&#8217;Bestellung regelm\u00e9isseg iwwer den Online Shop ausf\u00e9ieren. Bestellt Dir als Firma an hutt eng valabel Steiernummer (TVA)? Da k\u00ebnne mir Iech d&#8217;Wuer steierfr\u00e4i verkafen. Fir d\u00ebst, mellt \u00c4r Bestellung mat&hellip;","_links":{"self":[{"href":"https:\/\/dodo-inflatables.com\/lv\/wp-json\/wp\/v2\/pages\/12343","targetHints":{"allow":["GET"]}}],"collection":[{"href":"https:\/\/dodo-inflatables.com\/lv\/wp-json\/wp\/v2\/pages"}],"about":[{"href":"https:\/\/dodo-inflatables.com\/lv\/wp-json\/wp\/v2\/types\/page"}],"author":[{"embeddable":true,"href":"https:\/\/dodo-inflatables.com\/lv\/wp-json\/wp\/v2\/users\/1"}],"replies":[{"embeddable":true,"href":"https:\/\/dodo-inflatables.com\/lv\/wp-json\/wp\/v2\/comments?post=12343"}],"version-history":[{"count":2,"href":"https:\/\/dodo-inflatables.com\/lv\/wp-json\/wp\/v2\/pages\/12343\/revisions"}],"predecessor-version":[{"id":12347,"href":"https:\/\/dodo-inflatables.com\/lv\/wp-json\/wp\/v2\/pages\/12343\/revisions\/12347"}],"wp:attachment":[{"href":"https:\/\/dodo-inflatables.com\/lv\/wp-json\/wp\/v2\/media?parent=12343"}],"curies":[{"name":"wp","href":"https:\/\/api.w.org\/{rel}","templated":true}]}}