{"id":12426,"date":"2020-03-27T11:11:24","date_gmt":"2020-03-27T10:11:24","guid":{"rendered":"https:\/\/dodo-inflatables.com\/piegade-uz-sveici\/"},"modified":"2024-07-10T13:50:38","modified_gmt":"2024-07-10T11:50:38","slug":"piegade-uz-sveici","status":"publish","type":"page","link":"https:\/\/dodo-inflatables.com\/lv\/piegade-uz-sveici\/","title":{"rendered":"Pieg\u0101de uz \u0160veici"},"content":{"rendered":"\n<h3 class=\"wp-block-heading\" id=\"fur-unsere-schweizer-kunden\">M\u016bsu \u0160veices klientiem<\/h3>\n\n<p>Ja esat klients no valsts, kas nav ES dal\u012bbvalsts, varat pie mums iepirkties bez PVN. S\u0101kotn\u0113ji tie\u0161saistes veikal\u0101 nor\u0101d\u012btaj\u0101s cen\u0101s ir iek\u013cauts V\u0101cijas PVN (19%), kas p\u0113c tam tiks atskait\u012bts.<\/p>\n\n<p><br\/><\/p>\n\n<p>Nos\u016btot s\u016bt\u012bjumu uz \u0160veici, j\u016bs esat uzskat\u0101ms par &#8220;import\u0113t\u0101ju&#8221;. T\u0101p\u0113c jums tiks piem\u0113rots \u0160veices importa tirdzniec\u012bbas nodoklis un ievedmuitas nodoklis.<br\/>M\u016bsu s\u016bt\u012b\u0161anas izmaksas \u0160veic\u0113 ietver kravas p\u0101rvad\u0101\u0161anas cenu, muito\u0161anu un ABD sagatavo\u0161anu.<\/p>\n","protected":false},"excerpt":{"rendered":"<p>M\u016bsu \u0160veices klientiem Ja esat klients no valsts, kas nav ES dal\u012bbvalsts, varat pie mums iepirkties bez PVN. S\u0101kotn\u0113ji tie\u0161saistes veikal\u0101 nor\u0101d\u012btaj\u0101s cen\u0101s ir iek\u013cauts V\u0101cijas PVN (19%), kas p\u0113c tam tiks atskait\u012bts. Nos\u016btot s\u016bt\u012bjumu uz \u0160veici, j\u016bs esat uzskat\u0101ms par &#8220;import\u0113t\u0101ju&#8221;. T\u0101p\u0113c jums tiks piem\u0113rots \u0160veices importa tirdzniec\u012bbas nodoklis un ievedmuitas nodoklis.M\u016bsu s\u016bt\u012b\u0161anas izmaksas [&hellip;]<\/p>\n","protected":false},"author":1,"featured_media":0,"parent":0,"menu_order":0,"comment_status":"closed","ping_status":"closed","template":"","meta":{"_acf_changed":false,"_uag_custom_page_level_css":"","site-sidebar-layout":"default","site-content-layout":"content-boxed-container","ast-site-content-layout":"normal-width-container","site-content-style":"boxed","site-sidebar-style":"unboxed","ast-global-header-display":"","ast-banner-title-visibility":"","ast-main-header-display":"","ast-hfb-above-header-display":"","ast-hfb-below-header-display":"","ast-hfb-mobile-header-display":"","site-post-title":"disabled","ast-breadcrumbs-content":"disabled","ast-featured-img":"disabled","footer-sml-layout":"","ast-disable-related-posts":"","theme-transparent-header-meta":"","adv-header-id-meta":"4069","stick-header-meta":"","header-above-stick-meta":"","header-main-stick-meta":"","header-below-stick-meta":"","astra-migrate-meta-layouts":"default","ast-page-background-enabled":"default","ast-page-background-meta":{"desktop":{"background-color":"var(--ast-global-color-4)","background-image":"","background-repeat":"repeat","background-position":"center center","background-size":"auto","background-attachment":"scroll","background-type":"","background-media":"","overlay-type":"","overlay-color":"","overlay-opacity":"","overlay-gradient":""},"tablet":{"background-color":"","background-image":"","background-repeat":"repeat","background-position":"center center","background-size":"auto","background-attachment":"scroll","background-type":"","background-media":"","overlay-type":"","overlay-color":"","overlay-opacity":"","overlay-gradient":""},"mobile":{"background-color":"","background-image":"","background-repeat":"repeat","background-position":"center center","background-size":"auto","background-attachment":"scroll","background-type":"","background-media":"","overlay-type":"","overlay-color":"","overlay-opacity":"","overlay-gradient":""}},"ast-content-background-meta":{"desktop":{"background-color":"var(--ast-global-color-5)","background-image":"","background-repeat":"repeat","background-position":"center center","background-size":"auto","background-attachment":"scroll","background-type":"","background-media":"","overlay-type":"","overlay-color":"","overlay-opacity":"","overlay-gradient":""},"tablet":{"background-color":"var(--ast-global-color-5)","background-image":"","background-repeat":"repeat","background-position":"center center","background-size":"auto","background-attachment":"scroll","background-type":"","background-media":"","overlay-type":"","overlay-color":"","overlay-opacity":"","overlay-gradient":""},"mobile":{"background-color":"var(--ast-global-color-5)","background-image":"","background-repeat":"repeat","background-position":"center center","background-size":"auto","background-attachment":"scroll","background-type":"","background-media":"","overlay-type":"","overlay-color":"","overlay-opacity":"","overlay-gradient":""}},"footnotes":""},"class_list":["post-12426","page","type-page","status-publish","hentry"],"acf":[],"yoast_head":"<!-- This site is optimized with the Yoast SEO plugin v27.4 - https:\/\/yoast.com\/product\/yoast-seo-wordpress\/ -->\n<title>\u0100tra un dro\u0161a Bouncy Castle pieg\u0101de uz \u0160veici | Dodo Inflatables<\/title>\n<meta name=\"description\" content=\"Iepaz\u012bstieties ar m\u016bsu DIN EN 14960 sertific\u0113taj\u0101m lecamaukl\u0101m. Izbaudiet \u0101tru un dro\u0161u pieg\u0101di uz \u0160veici un m\u016bsu lielo izv\u0113li noliktav\u0101.\" \/>\n<meta name=\"robots\" content=\"index, follow, max-snippet:-1, max-image-preview:large, max-video-preview:-1\" \/>\n<link rel=\"canonical\" href=\"https:\/\/dodo-inflatables.com\/lv\/piegade-uz-sveici\/\" \/>\n<script type=\"application\/ld+json\" class=\"yoast-schema-graph\">{\"@context\":\"https:\\\/\\\/schema.org\",\"@graph\":[{\"@type\":\"WebPage\",\"@id\":\"https:\\\/\\\/dodo-inflatables.com\\\/lv\\\/piegade-uz-sveici\\\/\",\"url\":\"https:\\\/\\\/dodo-inflatables.com\\\/lv\\\/piegade-uz-sveici\\\/\",\"name\":\"\u0100tra un dro\u0161a Bouncy Castle pieg\u0101de uz \u0160veici | Dodo Inflatables\",\"isPartOf\":{\"@id\":\"https:\\\/\\\/dodo-inflatables.com\\\/lv\\\/#website\"},\"datePublished\":\"2020-03-27T10:11:24+00:00\",\"dateModified\":\"2024-07-10T11:50:38+00:00\",\"description\":\"Iepaz\u012bstieties ar m\u016bsu DIN EN 14960 sertific\u0113taj\u0101m lecamaukl\u0101m. Izbaudiet \u0101tru un dro\u0161u pieg\u0101di uz \u0160veici un m\u016bsu lielo izv\u0113li noliktav\u0101.\",\"breadcrumb\":{\"@id\":\"https:\\\/\\\/dodo-inflatables.com\\\/lv\\\/piegade-uz-sveici\\\/#breadcrumb\"},\"inLanguage\":\"lv-LV\",\"potentialAction\":[{\"@type\":\"ReadAction\",\"target\":[\"https:\\\/\\\/dodo-inflatables.com\\\/lv\\\/piegade-uz-sveici\\\/\"]}]},{\"@type\":\"BreadcrumbList\",\"@id\":\"https:\\\/\\\/dodo-inflatables.com\\\/lv\\\/piegade-uz-sveici\\\/#breadcrumb\",\"itemListElement\":[{\"@type\":\"ListItem\",\"position\":1,\"name\":\"Home\",\"item\":\"https:\\\/\\\/dodo-inflatables.com\\\/lv\\\/\"},{\"@type\":\"ListItem\",\"position\":2,\"name\":\"Pieg\u0101de uz \u0160veici\"}]},{\"@type\":\"WebSite\",\"@id\":\"https:\\\/\\\/dodo-inflatables.com\\\/lv\\\/#website\",\"url\":\"https:\\\/\\\/dodo-inflatables.com\\\/lv\\\/\",\"name\":\"dodo-inflatables.com\",\"description\":\"Ieg\u0101d\u0101jieties leco\u0161\u0101s pilis un atrakcijas m\u016bsu veikal\u0101.\",\"publisher\":{\"@id\":\"https:\\\/\\\/dodo-inflatables.com\\\/lv\\\/#organization\"},\"potentialAction\":[{\"@type\":\"SearchAction\",\"target\":{\"@type\":\"EntryPoint\",\"urlTemplate\":\"https:\\\/\\\/dodo-inflatables.com\\\/lv\\\/?s={search_term_string}\"},\"query-input\":{\"@type\":\"PropertyValueSpecification\",\"valueRequired\":true,\"valueName\":\"search_term_string\"}}],\"inLanguage\":\"lv-LV\"},{\"@type\":\"Organization\",\"@id\":\"https:\\\/\\\/dodo-inflatables.com\\\/lv\\\/#organization\",\"name\":\"dodo-inflatables.com\",\"url\":\"https:\\\/\\\/dodo-inflatables.com\\\/lv\\\/\",\"logo\":{\"@type\":\"ImageObject\",\"inLanguage\":\"lv-LV\",\"@id\":\"https:\\\/\\\/dodo-inflatables.com\\\/lv\\\/#\\\/schema\\\/logo\\\/image\\\/\",\"url\":\"https:\\\/\\\/dodo-inflatables.com\\\/wp-content\\\/uploads\\\/2023\\\/04\\\/cropped-cropped-cropped-Dodo-Logo.png\",\"contentUrl\":\"https:\\\/\\\/dodo-inflatables.com\\\/wp-content\\\/uploads\\\/2023\\\/04\\\/cropped-cropped-cropped-Dodo-Logo.png\",\"width\":2996,\"height\":1545,\"caption\":\"dodo-inflatables.com\"},\"image\":{\"@id\":\"https:\\\/\\\/dodo-inflatables.com\\\/lv\\\/#\\\/schema\\\/logo\\\/image\\\/\"}}]}<\/script>\n<!-- \/ Yoast SEO plugin. -->","yoast_head_json":{"title":"\u0100tra un dro\u0161a Bouncy Castle pieg\u0101de uz \u0160veici | Dodo Inflatables","description":"Iepaz\u012bstieties ar m\u016bsu DIN EN 14960 sertific\u0113taj\u0101m lecamaukl\u0101m. Izbaudiet \u0101tru un dro\u0161u pieg\u0101di uz \u0160veici un m\u016bsu lielo izv\u0113li noliktav\u0101.","robots":{"index":"index","follow":"follow","max-snippet":"max-snippet:-1","max-image-preview":"max-image-preview:large","max-video-preview":"max-video-preview:-1"},"canonical":"https:\/\/dodo-inflatables.com\/lv\/piegade-uz-sveici\/","schema":{"@context":"https:\/\/schema.org","@graph":[{"@type":"WebPage","@id":"https:\/\/dodo-inflatables.com\/lv\/piegade-uz-sveici\/","url":"https:\/\/dodo-inflatables.com\/lv\/piegade-uz-sveici\/","name":"\u0100tra un dro\u0161a Bouncy Castle pieg\u0101de uz \u0160veici | Dodo Inflatables","isPartOf":{"@id":"https:\/\/dodo-inflatables.com\/lv\/#website"},"datePublished":"2020-03-27T10:11:24+00:00","dateModified":"2024-07-10T11:50:38+00:00","description":"Iepaz\u012bstieties ar m\u016bsu DIN EN 14960 sertific\u0113taj\u0101m lecamaukl\u0101m. Izbaudiet \u0101tru un dro\u0161u pieg\u0101di uz \u0160veici un m\u016bsu lielo izv\u0113li noliktav\u0101.","breadcrumb":{"@id":"https:\/\/dodo-inflatables.com\/lv\/piegade-uz-sveici\/#breadcrumb"},"inLanguage":"lv-LV","potentialAction":[{"@type":"ReadAction","target":["https:\/\/dodo-inflatables.com\/lv\/piegade-uz-sveici\/"]}]},{"@type":"BreadcrumbList","@id":"https:\/\/dodo-inflatables.com\/lv\/piegade-uz-sveici\/#breadcrumb","itemListElement":[{"@type":"ListItem","position":1,"name":"Home","item":"https:\/\/dodo-inflatables.com\/lv\/"},{"@type":"ListItem","position":2,"name":"Pieg\u0101de uz \u0160veici"}]},{"@type":"WebSite","@id":"https:\/\/dodo-inflatables.com\/lv\/#website","url":"https:\/\/dodo-inflatables.com\/lv\/","name":"dodo-inflatables.com","description":"Ieg\u0101d\u0101jieties leco\u0161\u0101s pilis un atrakcijas m\u016bsu veikal\u0101.","publisher":{"@id":"https:\/\/dodo-inflatables.com\/lv\/#organization"},"potentialAction":[{"@type":"SearchAction","target":{"@type":"EntryPoint","urlTemplate":"https:\/\/dodo-inflatables.com\/lv\/?s={search_term_string}"},"query-input":{"@type":"PropertyValueSpecification","valueRequired":true,"valueName":"search_term_string"}}],"inLanguage":"lv-LV"},{"@type":"Organization","@id":"https:\/\/dodo-inflatables.com\/lv\/#organization","name":"dodo-inflatables.com","url":"https:\/\/dodo-inflatables.com\/lv\/","logo":{"@type":"ImageObject","inLanguage":"lv-LV","@id":"https:\/\/dodo-inflatables.com\/lv\/#\/schema\/logo\/image\/","url":"https:\/\/dodo-inflatables.com\/wp-content\/uploads\/2023\/04\/cropped-cropped-cropped-Dodo-Logo.png","contentUrl":"https:\/\/dodo-inflatables.com\/wp-content\/uploads\/2023\/04\/cropped-cropped-cropped-Dodo-Logo.png","width":2996,"height":1545,"caption":"dodo-inflatables.com"},"image":{"@id":"https:\/\/dodo-inflatables.com\/lv\/#\/schema\/logo\/image\/"}}]}},"uagb_featured_image_src":{"full":false,"thumbnail":false,"medium":false,"medium_large":false,"large":false,"1536x1536":false,"2048x2048":false,"woocommerce_thumbnail":false,"woocommerce_single":false,"woocommerce_gallery_thumbnail":false},"uagb_author_info":{"display_name":"Andreas","author_link":"https:\/\/dodo-inflatables.com\/lv\/author\/andreas\/"},"uagb_comment_info":0,"uagb_excerpt":"M\u016bsu \u0160veices klientiem Ja esat klients no valsts, kas nav ES dal\u012bbvalsts, varat pie mums iepirkties bez PVN. S\u0101kotn\u0113ji tie\u0161saistes veikal\u0101 nor\u0101d\u012btaj\u0101s cen\u0101s ir iek\u013cauts V\u0101cijas PVN (19%), kas p\u0113c tam tiks atskait\u012bts. Nos\u016btot s\u016bt\u012bjumu uz \u0160veici, j\u016bs esat uzskat\u0101ms par &#8220;import\u0113t\u0101ju&#8221;. T\u0101p\u0113c jums tiks piem\u0113rots \u0160veices importa tirdzniec\u012bbas nodoklis un ievedmuitas nodoklis.M\u016bsu s\u016bt\u012b\u0161anas izmaksas&hellip;","_links":{"self":[{"href":"https:\/\/dodo-inflatables.com\/lv\/wp-json\/wp\/v2\/pages\/12426","targetHints":{"allow":["GET"]}}],"collection":[{"href":"https:\/\/dodo-inflatables.com\/lv\/wp-json\/wp\/v2\/pages"}],"about":[{"href":"https:\/\/dodo-inflatables.com\/lv\/wp-json\/wp\/v2\/types\/page"}],"author":[{"embeddable":true,"href":"https:\/\/dodo-inflatables.com\/lv\/wp-json\/wp\/v2\/users\/1"}],"replies":[{"embeddable":true,"href":"https:\/\/dodo-inflatables.com\/lv\/wp-json\/wp\/v2\/comments?post=12426"}],"version-history":[{"count":2,"href":"https:\/\/dodo-inflatables.com\/lv\/wp-json\/wp\/v2\/pages\/12426\/revisions"}],"predecessor-version":[{"id":12429,"href":"https:\/\/dodo-inflatables.com\/lv\/wp-json\/wp\/v2\/pages\/12426\/revisions\/12429"}],"wp:attachment":[{"href":"https:\/\/dodo-inflatables.com\/lv\/wp-json\/wp\/v2\/media?parent=12426"}],"curies":[{"name":"wp","href":"https:\/\/api.w.org\/{rel}","templated":true}]}}