{"id":12435,"date":"2019-03-01T13:01:27","date_gmt":"2019-03-01T12:01:27","guid":{"rendered":"https:\/\/dodo-inflatables.com\/musu-kvalitate\/"},"modified":"2024-08-19T14:44:15","modified_gmt":"2024-08-19T12:44:15","slug":"musu-kvalitate","status":"publish","type":"page","link":"https:\/\/dodo-inflatables.com\/lv\/musu-kvalitate\/","title":{"rendered":"M\u016bsu kvalit\u0101te"},"content":{"rendered":"\n<figure class=\"wp-block-image alignfull size-large\"><a href=\"https:\/\/dodo-inflatables.com\/wp-content\/uploads\/2022\/01\/banner_dunkel-kleiner-1.jpg\"><img decoding=\"async\" src=\"https:\/\/dodo-inflatables.com\/wp-content\/uploads\/2022\/01\/banner_dunkel-kleiner-1-1024x397.jpg\" alt=\"\" class=\"wp-image-4055\"\/><\/a><\/figure>\n\n<h1 class=\"wp-block-heading has-text-align-center\" id=\"unsere-qualitat\"><strong>M\u016bsu kvalit\u0101te<\/strong><\/h1>\n\n<figure class=\"wp-block-image aligncenter size-large\"><a href=\"https:\/\/dodo-inflatables.com\/wp-content\/uploads\/2022\/01\/seperator-kleiner.png\"><img loading=\"lazy\" decoding=\"async\" width=\"1024\" height=\"102\" src=\"https:\/\/dodo-inflatables.com\/wp-content\/uploads\/2022\/01\/seperator-kleiner-1024x102.png\" alt=\"\" class=\"wp-image-4026\" srcset=\"https:\/\/dodo-inflatables.com\/wp-content\/uploads\/2022\/01\/seperator-kleiner-1024x102.png 1024w, https:\/\/dodo-inflatables.com\/wp-content\/uploads\/2022\/01\/seperator-kleiner-900x90.png 900w, https:\/\/dodo-inflatables.com\/wp-content\/uploads\/2022\/01\/seperator-kleiner-300x30.png 300w, https:\/\/dodo-inflatables.com\/wp-content\/uploads\/2022\/01\/seperator-kleiner-768x77.png 768w, https:\/\/dodo-inflatables.com\/wp-content\/uploads\/2022\/01\/seperator-kleiner-1536x154.png 1536w, https:\/\/dodo-inflatables.com\/wp-content\/uploads\/2022\/01\/seperator-kleiner-340x34.png 340w, https:\/\/dodo-inflatables.com\/wp-content\/uploads\/2022\/01\/seperator-kleiner.png 2000w\" sizes=\"auto, (max-width: 1024px) 100vw, 1024px\" \/><\/a><\/figure>\n\n<p>Ieinteres\u0113t\u0101s puses un potenci\u0101lie klienti mums jaut\u0101: &#8220;Vai j\u016bsu piep\u016b\u0161am\u0101s konstrukcijas ir kvalitat\u012bvas?&#8221;. M\u0113s varam tikai nep\u0101rprotami teikt: J\u0101!<\/p>\n\n<p>M\u016bsu piep\u016b\u0161am\u0101s laivas tiek ra\u017eotas un p\u0101rbaud\u012btas tikai saska\u0146\u0101 ar m\u016bsu stingraj\u0101m specifik\u0101cij\u0101m. M\u016bsu produktu kvalit\u0101ti raksturo \u0161\u0101das iez\u012bmes:<\/p>\n\n<ul class=\"wp-block-list\">\n<li>Sertific\u0113ts saska\u0146\u0101 ar DIN EN 14960<\/li>\n\n\n\n<li>0,55 PVC \/ 18oz vinila, paredz\u0113ts komerci\u0101lai iznom\u0101\u0161anai<\/li>\n\n\n\n<li>Dubult\u0101, tr\u012bsk\u0101r\u0161\u0101 un pat se\u0161k\u0101rt\u012bg\u0101 \u0161uve \u012bpa\u0161i saspringt\u0101s viet\u0101s.<\/li>\n\n\n\n<li>Unik\u0101li un detaliz\u0113ti dizaini<\/li>\n\n\n\n<li>Daudzas stiprin\u0101juma acti\u0146as ap uzp\u016b\u0161amo pili<\/li>\n<\/ul>\n\n<p>M\u0113s jau gadiem ilgi pa\u0161i esam iznom\u0101ju\u0161i da\u017eus no saviem piep\u016b\u0161amajiem stendiem un pa\u0161i esam var\u0113ju\u0161i p\u0101rliecin\u0101ties par to kvalit\u0101ti un iztur\u012bbu. Neatkar\u012bgi no t\u0101, vai tas ir tikai p\u0101ris reizes gad\u0101 izmantojams sporta klub\u0101, vai tas ir dom\u0101ts uzp\u016b\u0161amo pi\u013cu nomas uz\u0146\u0113mumiem vai izmanto\u0161anai iek\u0161telpu rota\u013cu parkos. M\u0113s varam bez ierun\u0101m ieteikt m\u016bsu lecamauklu!<\/p>\n\n<p>Vai joproj\u0101m esat skeptiski noska\u0146ots un pirms pirk\u0161anas v\u0113laties p\u0101rliecin\u0101ties par kvalit\u0101ti? Tad apmekl\u0113jiet m\u016bs p\u0113c iepriek\u0161\u0113ja pieraksta m\u016bsu noliktav\u0101 Minhen\u0113 un p\u0101rbaudiet kvalit\u0101ti uz m\u016bsu demonstr\u0101cijas mode\u013ca.<\/p>\n\n<div style=\"height:100px\" aria-hidden=\"true\" class=\"wp-block-spacer\"><\/div>\n","protected":false},"excerpt":{"rendered":"<p>M\u016bsu kvalit\u0101te Ieinteres\u0113t\u0101s puses un potenci\u0101lie klienti mums jaut\u0101: &#8220;Vai j\u016bsu piep\u016b\u0161am\u0101s konstrukcijas ir kvalitat\u012bvas?&#8221;. M\u0113s varam tikai nep\u0101rprotami teikt: J\u0101! M\u016bsu piep\u016b\u0161am\u0101s laivas tiek ra\u017eotas un p\u0101rbaud\u012btas tikai saska\u0146\u0101 ar m\u016bsu stingraj\u0101m specifik\u0101cij\u0101m. M\u016bsu produktu kvalit\u0101ti raksturo \u0161\u0101das iez\u012bmes: M\u0113s jau gadiem ilgi pa\u0161i esam iznom\u0101ju\u0161i da\u017eus no saviem piep\u016b\u0161amajiem stendiem un pa\u0161i esam [&hellip;]<\/p>\n","protected":false},"author":1,"featured_media":0,"parent":0,"menu_order":0,"comment_status":"closed","ping_status":"closed","template":"","meta":{"_acf_changed":false,"_uag_custom_page_level_css":"","site-sidebar-layout":"default","site-content-layout":"","ast-site-content-layout":"default","site-content-style":"default","site-sidebar-style":"default","ast-global-header-display":"","ast-banner-title-visibility":"","ast-main-header-display":"","ast-hfb-above-header-display":"","ast-hfb-below-header-display":"","ast-hfb-mobile-header-display":"","site-post-title":"disabled","ast-breadcrumbs-content":"","ast-featured-img":"","footer-sml-layout":"","ast-disable-related-posts":"","theme-transparent-header-meta":"","adv-header-id-meta":"7189","stick-header-meta":"","header-above-stick-meta":"","header-main-stick-meta":"","header-below-stick-meta":"","astra-migrate-meta-layouts":"default","ast-page-background-enabled":"default","ast-page-background-meta":{"desktop":{"background-color":"var(--ast-global-color-4)","background-image":"","background-repeat":"repeat","background-position":"center center","background-size":"auto","background-attachment":"scroll","background-type":"","background-media":"","overlay-type":"","overlay-color":"","overlay-opacity":"","overlay-gradient":""},"tablet":{"background-color":"","background-image":"","background-repeat":"repeat","background-position":"center center","background-size":"auto","background-attachment":"scroll","background-type":"","background-media":"","overlay-type":"","overlay-color":"","overlay-opacity":"","overlay-gradient":""},"mobile":{"background-color":"","background-image":"","background-repeat":"repeat","background-position":"center center","background-size":"auto","background-attachment":"scroll","background-type":"","background-media":"","overlay-type":"","overlay-color":"","overlay-opacity":"","overlay-gradient":""}},"ast-content-background-meta":{"desktop":{"background-color":"var(--ast-global-color-5)","background-image":"","background-repeat":"repeat","background-position":"center center","background-size":"auto","background-attachment":"scroll","background-type":"","background-media":"","overlay-type":"","overlay-color":"","overlay-opacity":"","overlay-gradient":""},"tablet":{"background-color":"var(--ast-global-color-5)","background-image":"","background-repeat":"repeat","background-position":"center center","background-size":"auto","background-attachment":"scroll","background-type":"","background-media":"","overlay-type":"","overlay-color":"","overlay-opacity":"","overlay-gradient":""},"mobile":{"background-color":"var(--ast-global-color-5)","background-image":"","background-repeat":"repeat","background-position":"center center","background-size":"auto","background-attachment":"scroll","background-type":"","background-media":"","overlay-type":"","overlay-color":"","overlay-opacity":"","overlay-gradient":""}},"footnotes":""},"class_list":["post-12435","page","type-page","status-publish","hentry"],"acf":[],"yoast_head":"<!-- This site is optimized with the Yoast SEO plugin v27.3 - https:\/\/yoast.com\/product\/yoast-seo-wordpress\/ -->\n<title>Dodo-Inflatables.com | Sertific\u0113tas augstas kvalit\u0101tes piep\u016b\u0161am\u0101s un uzp\u016b\u0161am\u0101s pilis<\/title>\n<meta name=\"description\" content=\"Pieredze izcil\u012bba ar Dodo Inflatables! M\u016bsu lecamauklas ir sertific\u0113tas saska\u0146\u0101 ar DIN EN 14960, kas nodro\u0161ina visaugst\u0101kos dro\u0161\u012bbas standartus j\u016bsu l\u0113k\u0161anas priekam.\" \/>\n<meta name=\"robots\" content=\"index, follow, max-snippet:-1, max-image-preview:large, max-video-preview:-1\" \/>\n<link rel=\"canonical\" href=\"https:\/\/dodo-inflatables.com\/lv\/musu-kvalitate\/\" \/>\n<meta name=\"twitter:label1\" content=\"Est. reading time\" \/>\n\t<meta name=\"twitter:data1\" content=\"1 minute\" \/>\n<script type=\"application\/ld+json\" class=\"yoast-schema-graph\">{\"@context\":\"https:\\\/\\\/schema.org\",\"@graph\":[{\"@type\":\"WebPage\",\"@id\":\"https:\\\/\\\/dodo-inflatables.com\\\/lv\\\/musu-kvalitate\\\/\",\"url\":\"https:\\\/\\\/dodo-inflatables.com\\\/lv\\\/musu-kvalitate\\\/\",\"name\":\"Dodo-Inflatables.com | Sertific\u0113tas augstas kvalit\u0101tes piep\u016b\u0161am\u0101s un uzp\u016b\u0161am\u0101s pilis\",\"isPartOf\":{\"@id\":\"https:\\\/\\\/dodo-inflatables.com\\\/lv\\\/#website\"},\"primaryImageOfPage\":{\"@id\":\"https:\\\/\\\/dodo-inflatables.com\\\/lv\\\/musu-kvalitate\\\/#primaryimage\"},\"image\":{\"@id\":\"https:\\\/\\\/dodo-inflatables.com\\\/lv\\\/musu-kvalitate\\\/#primaryimage\"},\"thumbnailUrl\":\"https:\\\/\\\/dodo-inflatables.com\\\/wp-content\\\/uploads\\\/2022\\\/01\\\/banner_dunkel-kleiner-1-1024x397.jpg\",\"datePublished\":\"2019-03-01T12:01:27+00:00\",\"dateModified\":\"2024-08-19T12:44:15+00:00\",\"description\":\"Pieredze izcil\u012bba ar Dodo Inflatables! M\u016bsu lecamauklas ir sertific\u0113tas saska\u0146\u0101 ar DIN EN 14960, kas nodro\u0161ina visaugst\u0101kos dro\u0161\u012bbas standartus j\u016bsu l\u0113k\u0161anas priekam.\",\"breadcrumb\":{\"@id\":\"https:\\\/\\\/dodo-inflatables.com\\\/lv\\\/musu-kvalitate\\\/#breadcrumb\"},\"inLanguage\":\"lv-LV\",\"potentialAction\":[{\"@type\":\"ReadAction\",\"target\":[\"https:\\\/\\\/dodo-inflatables.com\\\/lv\\\/musu-kvalitate\\\/\"]}]},{\"@type\":\"ImageObject\",\"inLanguage\":\"lv-LV\",\"@id\":\"https:\\\/\\\/dodo-inflatables.com\\\/lv\\\/musu-kvalitate\\\/#primaryimage\",\"url\":\"https:\\\/\\\/dodo-inflatables.com\\\/wp-content\\\/uploads\\\/2022\\\/01\\\/banner_dunkel-kleiner-1-1024x397.jpg\",\"contentUrl\":\"https:\\\/\\\/dodo-inflatables.com\\\/wp-content\\\/uploads\\\/2022\\\/01\\\/banner_dunkel-kleiner-1-1024x397.jpg\"},{\"@type\":\"BreadcrumbList\",\"@id\":\"https:\\\/\\\/dodo-inflatables.com\\\/lv\\\/musu-kvalitate\\\/#breadcrumb\",\"itemListElement\":[{\"@type\":\"ListItem\",\"position\":1,\"name\":\"Home\",\"item\":\"https:\\\/\\\/dodo-inflatables.com\\\/lv\\\/\"},{\"@type\":\"ListItem\",\"position\":2,\"name\":\"M\u016bsu kvalit\u0101te\"}]},{\"@type\":\"WebSite\",\"@id\":\"https:\\\/\\\/dodo-inflatables.com\\\/lv\\\/#website\",\"url\":\"https:\\\/\\\/dodo-inflatables.com\\\/lv\\\/\",\"name\":\"dodo-inflatables.com\",\"description\":\"Ieg\u0101d\u0101jieties leco\u0161\u0101s pilis un atrakcijas m\u016bsu veikal\u0101.\",\"publisher\":{\"@id\":\"https:\\\/\\\/dodo-inflatables.com\\\/lv\\\/#organization\"},\"potentialAction\":[{\"@type\":\"SearchAction\",\"target\":{\"@type\":\"EntryPoint\",\"urlTemplate\":\"https:\\\/\\\/dodo-inflatables.com\\\/lv\\\/?s={search_term_string}\"},\"query-input\":{\"@type\":\"PropertyValueSpecification\",\"valueRequired\":true,\"valueName\":\"search_term_string\"}}],\"inLanguage\":\"lv-LV\"},{\"@type\":\"Organization\",\"@id\":\"https:\\\/\\\/dodo-inflatables.com\\\/lv\\\/#organization\",\"name\":\"dodo-inflatables.com\",\"url\":\"https:\\\/\\\/dodo-inflatables.com\\\/lv\\\/\",\"logo\":{\"@type\":\"ImageObject\",\"inLanguage\":\"lv-LV\",\"@id\":\"https:\\\/\\\/dodo-inflatables.com\\\/lv\\\/#\\\/schema\\\/logo\\\/image\\\/\",\"url\":\"https:\\\/\\\/dodo-inflatables.com\\\/wp-content\\\/uploads\\\/2023\\\/04\\\/cropped-cropped-cropped-Dodo-Logo.png\",\"contentUrl\":\"https:\\\/\\\/dodo-inflatables.com\\\/wp-content\\\/uploads\\\/2023\\\/04\\\/cropped-cropped-cropped-Dodo-Logo.png\",\"width\":2996,\"height\":1545,\"caption\":\"dodo-inflatables.com\"},\"image\":{\"@id\":\"https:\\\/\\\/dodo-inflatables.com\\\/lv\\\/#\\\/schema\\\/logo\\\/image\\\/\"}}]}<\/script>\n<!-- \/ Yoast SEO plugin. -->","yoast_head_json":{"title":"Dodo-Inflatables.com | Sertific\u0113tas augstas kvalit\u0101tes piep\u016b\u0161am\u0101s un uzp\u016b\u0161am\u0101s pilis","description":"Pieredze izcil\u012bba ar Dodo Inflatables! M\u016bsu lecamauklas ir sertific\u0113tas saska\u0146\u0101 ar DIN EN 14960, kas nodro\u0161ina visaugst\u0101kos dro\u0161\u012bbas standartus j\u016bsu l\u0113k\u0161anas priekam.","robots":{"index":"index","follow":"follow","max-snippet":"max-snippet:-1","max-image-preview":"max-image-preview:large","max-video-preview":"max-video-preview:-1"},"canonical":"https:\/\/dodo-inflatables.com\/lv\/musu-kvalitate\/","twitter_misc":{"Est. reading time":"1 minute"},"schema":{"@context":"https:\/\/schema.org","@graph":[{"@type":"WebPage","@id":"https:\/\/dodo-inflatables.com\/lv\/musu-kvalitate\/","url":"https:\/\/dodo-inflatables.com\/lv\/musu-kvalitate\/","name":"Dodo-Inflatables.com | Sertific\u0113tas augstas kvalit\u0101tes piep\u016b\u0161am\u0101s un uzp\u016b\u0161am\u0101s pilis","isPartOf":{"@id":"https:\/\/dodo-inflatables.com\/lv\/#website"},"primaryImageOfPage":{"@id":"https:\/\/dodo-inflatables.com\/lv\/musu-kvalitate\/#primaryimage"},"image":{"@id":"https:\/\/dodo-inflatables.com\/lv\/musu-kvalitate\/#primaryimage"},"thumbnailUrl":"https:\/\/dodo-inflatables.com\/wp-content\/uploads\/2022\/01\/banner_dunkel-kleiner-1-1024x397.jpg","datePublished":"2019-03-01T12:01:27+00:00","dateModified":"2024-08-19T12:44:15+00:00","description":"Pieredze izcil\u012bba ar Dodo Inflatables! M\u016bsu lecamauklas ir sertific\u0113tas saska\u0146\u0101 ar DIN EN 14960, kas nodro\u0161ina visaugst\u0101kos dro\u0161\u012bbas standartus j\u016bsu l\u0113k\u0161anas priekam.","breadcrumb":{"@id":"https:\/\/dodo-inflatables.com\/lv\/musu-kvalitate\/#breadcrumb"},"inLanguage":"lv-LV","potentialAction":[{"@type":"ReadAction","target":["https:\/\/dodo-inflatables.com\/lv\/musu-kvalitate\/"]}]},{"@type":"ImageObject","inLanguage":"lv-LV","@id":"https:\/\/dodo-inflatables.com\/lv\/musu-kvalitate\/#primaryimage","url":"https:\/\/dodo-inflatables.com\/wp-content\/uploads\/2022\/01\/banner_dunkel-kleiner-1-1024x397.jpg","contentUrl":"https:\/\/dodo-inflatables.com\/wp-content\/uploads\/2022\/01\/banner_dunkel-kleiner-1-1024x397.jpg"},{"@type":"BreadcrumbList","@id":"https:\/\/dodo-inflatables.com\/lv\/musu-kvalitate\/#breadcrumb","itemListElement":[{"@type":"ListItem","position":1,"name":"Home","item":"https:\/\/dodo-inflatables.com\/lv\/"},{"@type":"ListItem","position":2,"name":"M\u016bsu kvalit\u0101te"}]},{"@type":"WebSite","@id":"https:\/\/dodo-inflatables.com\/lv\/#website","url":"https:\/\/dodo-inflatables.com\/lv\/","name":"dodo-inflatables.com","description":"Ieg\u0101d\u0101jieties leco\u0161\u0101s pilis un atrakcijas m\u016bsu veikal\u0101.","publisher":{"@id":"https:\/\/dodo-inflatables.com\/lv\/#organization"},"potentialAction":[{"@type":"SearchAction","target":{"@type":"EntryPoint","urlTemplate":"https:\/\/dodo-inflatables.com\/lv\/?s={search_term_string}"},"query-input":{"@type":"PropertyValueSpecification","valueRequired":true,"valueName":"search_term_string"}}],"inLanguage":"lv-LV"},{"@type":"Organization","@id":"https:\/\/dodo-inflatables.com\/lv\/#organization","name":"dodo-inflatables.com","url":"https:\/\/dodo-inflatables.com\/lv\/","logo":{"@type":"ImageObject","inLanguage":"lv-LV","@id":"https:\/\/dodo-inflatables.com\/lv\/#\/schema\/logo\/image\/","url":"https:\/\/dodo-inflatables.com\/wp-content\/uploads\/2023\/04\/cropped-cropped-cropped-Dodo-Logo.png","contentUrl":"https:\/\/dodo-inflatables.com\/wp-content\/uploads\/2023\/04\/cropped-cropped-cropped-Dodo-Logo.png","width":2996,"height":1545,"caption":"dodo-inflatables.com"},"image":{"@id":"https:\/\/dodo-inflatables.com\/lv\/#\/schema\/logo\/image\/"}}]}},"uagb_featured_image_src":{"full":false,"thumbnail":false,"medium":false,"medium_large":false,"large":false,"1536x1536":false,"2048x2048":false,"woocommerce_thumbnail":false,"woocommerce_single":false,"woocommerce_gallery_thumbnail":false},"uagb_author_info":{"display_name":"Andreas","author_link":"https:\/\/dodo-inflatables.com\/lv\/author\/andreas\/"},"uagb_comment_info":0,"uagb_excerpt":"M\u016bsu kvalit\u0101te Ieinteres\u0113t\u0101s puses un potenci\u0101lie klienti mums jaut\u0101: &#8220;Vai j\u016bsu piep\u016b\u0161am\u0101s konstrukcijas ir kvalitat\u012bvas?&#8221;. M\u0113s varam tikai nep\u0101rprotami teikt: J\u0101! M\u016bsu piep\u016b\u0161am\u0101s laivas tiek ra\u017eotas un p\u0101rbaud\u012btas tikai saska\u0146\u0101 ar m\u016bsu stingraj\u0101m specifik\u0101cij\u0101m. M\u016bsu produktu kvalit\u0101ti raksturo \u0161\u0101das iez\u012bmes: M\u0113s jau gadiem ilgi pa\u0161i esam iznom\u0101ju\u0161i da\u017eus no saviem piep\u016b\u0161amajiem stendiem un pa\u0161i esam&hellip;","_links":{"self":[{"href":"https:\/\/dodo-inflatables.com\/lv\/wp-json\/wp\/v2\/pages\/12435","targetHints":{"allow":["GET"]}}],"collection":[{"href":"https:\/\/dodo-inflatables.com\/lv\/wp-json\/wp\/v2\/pages"}],"about":[{"href":"https:\/\/dodo-inflatables.com\/lv\/wp-json\/wp\/v2\/types\/page"}],"author":[{"embeddable":true,"href":"https:\/\/dodo-inflatables.com\/lv\/wp-json\/wp\/v2\/users\/1"}],"replies":[{"embeddable":true,"href":"https:\/\/dodo-inflatables.com\/lv\/wp-json\/wp\/v2\/comments?post=12435"}],"version-history":[{"count":2,"href":"https:\/\/dodo-inflatables.com\/lv\/wp-json\/wp\/v2\/pages\/12435\/revisions"}],"predecessor-version":[{"id":12437,"href":"https:\/\/dodo-inflatables.com\/lv\/wp-json\/wp\/v2\/pages\/12435\/revisions\/12437"}],"wp:attachment":[{"href":"https:\/\/dodo-inflatables.com\/lv\/wp-json\/wp\/v2\/media?parent=12435"}],"curies":[{"name":"wp","href":"https:\/\/api.w.org\/{rel}","templated":true}]}}