{"id":13321,"date":"2024-03-07T19:24:11","date_gmt":"2024-03-07T18:24:11","guid":{"rendered":"https:\/\/dodo-inflatables.com\/perciet-piepusamos-slidkalninus-un-lecamauklas-uz-iriju\/"},"modified":"2024-07-10T13:57:39","modified_gmt":"2024-07-10T11:57:39","slug":"perciet-piepusamos-slidkalninus-un-lecamauklas-uz-iriju","status":"publish","type":"page","link":"https:\/\/dodo-inflatables.com\/lv\/perciet-piepusamos-slidkalninus-un-lecamauklas-uz-iriju\/","title":{"rendered":"P\u0113rciet piep\u016b\u0161amos slidkalni\u0146us un lecamauklas uz \u012ariju"},"content":{"rendered":"\n<h2 class=\"wp-block-heading has-text-align-center\"><strong>P\u0113rciet piep\u016b\u0161amos slidkalni\u0146us un lecamauklas uz \u012ariju<\/strong><\/h2>\n\n<figure class=\"wp-block-image aligncenter size-large\"><a href=\"https:\/\/dodo-inflatables.com\/wp-content\/uploads\/2022\/01\/seperator-kleiner.png\"><img fetchpriority=\"high\" decoding=\"async\" width=\"1024\" height=\"102\" src=\"https:\/\/dodo-inflatables.com\/wp-content\/uploads\/2022\/01\/seperator-kleiner-1024x102.png\" alt=\"\" class=\"wp-image-4026\" srcset=\"https:\/\/dodo-inflatables.com\/wp-content\/uploads\/2022\/01\/seperator-kleiner-1024x102.png 1024w, https:\/\/dodo-inflatables.com\/wp-content\/uploads\/2022\/01\/seperator-kleiner-900x90.png 900w, https:\/\/dodo-inflatables.com\/wp-content\/uploads\/2022\/01\/seperator-kleiner-300x30.png 300w, https:\/\/dodo-inflatables.com\/wp-content\/uploads\/2022\/01\/seperator-kleiner-768x77.png 768w, https:\/\/dodo-inflatables.com\/wp-content\/uploads\/2022\/01\/seperator-kleiner-1536x154.png 1536w, https:\/\/dodo-inflatables.com\/wp-content\/uploads\/2022\/01\/seperator-kleiner-340x34.png 340w, https:\/\/dodo-inflatables.com\/wp-content\/uploads\/2022\/01\/seperator-kleiner.png 2000w\" sizes=\"(max-width: 1024px) 100vw, 1024px\" \/><\/a><\/figure>\n\n<h3 class=\"wp-block-heading has-text-align-center\">Laipni l\u016bgti Dodo-Inflatables.com &#8211; m\u016bsu piep\u016b\u0161amo konstrukciju tie\u0161saistes veikal\u0101 Eirop\u0101!<\/h3>\n\n<p style=\"font-size:17px\">Iepaz\u012bstieties ar m\u016bsu pla\u0161o augstas kvalit\u0101tes piep\u016b\u0161amo atrakciju, <a href=\"https:\/\/dodo-inflatables.com\/lv\/product-category\/bouncy-castles-lv\/\">piep\u016b\u0161amo pi\u013cu<\/a> un <a href=\"https:\/\/dodo-inflatables.com\/lv\/product-category\/slides-lv\/\">slidkalni\u0146u<\/a> kl\u0101stu, kas jebkuram pas\u0101kumam pie\u0161\u0137irs v\u0113l mazliet vair\u0101k. Neatkar\u012bgi no t\u0101, vai mekl\u0113jat lielu piep\u016b\u0161amo pili korporat\u012bvam pas\u0101kumam, mazu piep\u016b\u0161amo pili b\u0113rnu dzim\u0161anas dienas svin\u012bb\u0101m vai lecamauklu ar slidkalni\u0146u vasaras ball\u012btei &#8211; \u0161eit noteikti atrad\u012bsiet kaut ko piem\u0113rotu!<\/p>\n\n<p style=\"font-size:17px\">M\u016bsu sortiment\u0101 ir ne tikai da\u017e\u0101das lecamauklas, bet ar\u012b pla\u0161s <a href=\"https:\/\/dodo-inflatables.com\/lv\/product-category\/piedavajumi\/\">piederumu<\/a> kl\u0101sts, tostarp <a href=\"https:\/\/dodo-inflatables.com\/lv\/product\/gibbons-putejs-fp5005-15ps\/\" data-type=\"product\" data-id=\"81\">Gibbons <\/a>un <a href=\"https:\/\/dodo-inflatables.com\/lv\/product\/huawei-putejs-reh-1-5e-15ps\/\" data-type=\"product\" data-id=\"2724\">Huawei<\/a> p\u016bt\u0113ji lecamaukl\u0101m.<\/p>\n\n<p style=\"font-size:17px\">S\u016bpo\u013cojo\u0161\u0101s pils un piederumu pieg\u0101de uz <strong>\u012ariju maks\u0101 329,00 \u20ac<\/strong>. Piep\u016b\u0161amo piederumu pakete maks\u0101 \u20ac29,00. Ja piep\u016b\u0161amais objekts ir noliktav\u0101, tas tiks jums nos\u016bt\u012bts uzreiz p\u0113c maks\u0101juma sa\u0146em\u0161anas. Pieg\u0101de uz \u012ariju ilgst aptuveni <strong>4 &#8211; 6 darba dienas<\/strong>. S\u016bpo\u0161o pili ir iesp\u0113jams sa\u0146emt no m\u016bsu noliktavas Minhen\u0113, V\u0101cij\u0101.<\/p>\n\n<p style=\"font-size:17px\">Visas m\u016bsu piep\u016b\u0161am\u0101s laivas atbilst stingrajiem <strong>DIN EN 14960<\/strong> dro\u0161\u012bbas standartiem un ir piem\u0113rotas gan priv\u0101tai, gan komerci\u0101lai lieto\u0161anai. You will receive a detailed guide and the corresponding certificate for your new inflatable once it has been dispatched.<\/p>\n\n<p style=\"font-size:17px\">PVN atbr\u012bvojums uz\u0146\u0113mumiem! Ja ieg\u0101d\u0101jaties k\u0101 uz\u0146\u0113mums, pie kases ievadiet savu PVN maks\u0101t\u0101ja numuru, lai veiktu pirkumus bez nodok\u013ciem.<\/p>\n\n<p style=\"font-size:17px\">Neatkar\u012bgi no t\u0101, vai esat priv\u0101tpersona, kas mekl\u0113 lecamauklu savai n\u0101kamajai \u0123imenes ball\u012btei, vai komerci\u0101ls nomas uz\u0146\u0113mums, kas v\u0113las papla\u0161in\u0101t savu pied\u0101v\u0101jumu, m\u016bsu lecamauklas ir piem\u0113rotas ikvienam. Paties\u012bb\u0101 liel\u0101k\u0101 da\u013ca m\u016bsu klientu vis\u0101 Eirop\u0101 ir uz\u0146\u0113mumi, kas nodarbojas ar lecamauklu nomu un nov\u0113rt\u0113 m\u016bsu produktus da\u017e\u0101da lieluma pas\u0101kumiem.<\/p>\n\n<p style=\"font-size:17px\">M\u0113s ceram, ka jums patiks p\u0101rl\u016bkot m\u016bsu interneta veikalu, un m\u0113s ar prieku atbild\u0113sim uz visiem j\u016bsu jaut\u0101jumiem <a href=\"mailto:contact@dodo-inflatables.com\">contact@dodo-inflatables.com<\/a>!<\/p>\n","protected":false},"excerpt":{"rendered":"<p>P\u0113rciet piep\u016b\u0161amos slidkalni\u0146us un lecamauklas uz \u012ariju Laipni l\u016bgti Dodo-Inflatables.com &#8211; m\u016bsu piep\u016b\u0161amo konstrukciju tie\u0161saistes veikal\u0101 Eirop\u0101! Iepaz\u012bstieties ar m\u016bsu pla\u0161o augstas kvalit\u0101tes piep\u016b\u0161amo atrakciju, piep\u016b\u0161amo pi\u013cu un slidkalni\u0146u kl\u0101stu, kas jebkuram pas\u0101kumam pie\u0161\u0137irs v\u0113l mazliet vair\u0101k. Neatkar\u012bgi no t\u0101, vai mekl\u0113jat lielu piep\u016b\u0161amo pili korporat\u012bvam pas\u0101kumam, mazu piep\u016b\u0161amo pili b\u0113rnu dzim\u0161anas dienas svin\u012bb\u0101m vai [&hellip;]<\/p>\n","protected":false},"author":1,"featured_media":0,"parent":0,"menu_order":0,"comment_status":"closed","ping_status":"closed","template":"","meta":{"_acf_changed":false,"_uag_custom_page_level_css":"","site-sidebar-layout":"default","site-content-layout":"","ast-site-content-layout":"normal-width-container","site-content-style":"boxed","site-sidebar-style":"default","ast-global-header-display":"","ast-banner-title-visibility":"","ast-main-header-display":"","ast-hfb-above-header-display":"","ast-hfb-below-header-display":"","ast-hfb-mobile-header-display":"","site-post-title":"","ast-breadcrumbs-content":"","ast-featured-img":"","footer-sml-layout":"","ast-disable-related-posts":"","theme-transparent-header-meta":"","adv-header-id-meta":"4069","stick-header-meta":"","header-above-stick-meta":"","header-main-stick-meta":"","header-below-stick-meta":"","astra-migrate-meta-layouts":"default","ast-page-background-enabled":"default","ast-page-background-meta":{"desktop":{"background-color":"var(--ast-global-color-4)","background-image":"","background-repeat":"repeat","background-position":"center center","background-size":"auto","background-attachment":"scroll","background-type":"","background-media":"","overlay-type":"","overlay-color":"","overlay-opacity":"","overlay-gradient":""},"tablet":{"background-color":"","background-image":"","background-repeat":"repeat","background-position":"center center","background-size":"auto","background-attachment":"scroll","background-type":"","background-media":"","overlay-type":"","overlay-color":"","overlay-opacity":"","overlay-gradient":""},"mobile":{"background-color":"","background-image":"","background-repeat":"repeat","background-position":"center center","background-size":"auto","background-attachment":"scroll","background-type":"","background-media":"","overlay-type":"","overlay-color":"","overlay-opacity":"","overlay-gradient":""}},"ast-content-background-meta":{"desktop":{"background-color":"var(--ast-global-color-5)","background-image":"","background-repeat":"repeat","background-position":"center center","background-size":"auto","background-attachment":"scroll","background-type":"","background-media":"","overlay-type":"","overlay-color":"","overlay-opacity":"","overlay-gradient":""},"tablet":{"background-color":"var(--ast-global-color-5)","background-image":"","background-repeat":"repeat","background-position":"center center","background-size":"auto","background-attachment":"scroll","background-type":"","background-media":"","overlay-type":"","overlay-color":"","overlay-opacity":"","overlay-gradient":""},"mobile":{"background-color":"var(--ast-global-color-5)","background-image":"","background-repeat":"repeat","background-position":"center center","background-size":"auto","background-attachment":"scroll","background-type":"","background-media":"","overlay-type":"","overlay-color":"","overlay-opacity":"","overlay-gradient":""}},"footnotes":""},"class_list":["post-13321","page","type-page","status-publish","hentry"],"acf":[],"yoast_head":"<!-- This site is optimized with the Yoast SEO plugin v27.5 - https:\/\/yoast.com\/product\/yoast-seo-wordpress\/ -->\n<title>P\u0113rciet piep\u016b\u0161amos slidkalni\u0146us un lecamauklas uz \u012ariju - dodo-inflatables.com<\/title>\n<meta name=\"robots\" content=\"index, follow, max-snippet:-1, max-image-preview:large, max-video-preview:-1\" \/>\n<link rel=\"canonical\" href=\"https:\/\/dodo-inflatables.com\/lv\/perciet-piepusamos-slidkalninus-un-lecamauklas-uz-iriju\/\" \/>\n<meta name=\"twitter:label1\" content=\"Est. reading time\" \/>\n\t<meta name=\"twitter:data1\" content=\"2 minutes\" \/>\n<script type=\"application\/ld+json\" class=\"yoast-schema-graph\">{\"@context\":\"https:\\\/\\\/schema.org\",\"@graph\":[{\"@type\":\"WebPage\",\"@id\":\"https:\\\/\\\/dodo-inflatables.com\\\/lv\\\/perciet-piepusamos-slidkalninus-un-lecamauklas-uz-iriju\\\/\",\"url\":\"https:\\\/\\\/dodo-inflatables.com\\\/lv\\\/perciet-piepusamos-slidkalninus-un-lecamauklas-uz-iriju\\\/\",\"name\":\"P\u0113rciet piep\u016b\u0161amos slidkalni\u0146us un lecamauklas uz \u012ariju - dodo-inflatables.com\",\"isPartOf\":{\"@id\":\"https:\\\/\\\/dodo-inflatables.com\\\/lv\\\/#website\"},\"primaryImageOfPage\":{\"@id\":\"https:\\\/\\\/dodo-inflatables.com\\\/lv\\\/perciet-piepusamos-slidkalninus-un-lecamauklas-uz-iriju\\\/#primaryimage\"},\"image\":{\"@id\":\"https:\\\/\\\/dodo-inflatables.com\\\/lv\\\/perciet-piepusamos-slidkalninus-un-lecamauklas-uz-iriju\\\/#primaryimage\"},\"thumbnailUrl\":\"https:\\\/\\\/dodo-inflatables.com\\\/wp-content\\\/uploads\\\/2022\\\/01\\\/seperator-kleiner-1024x102.png\",\"datePublished\":\"2024-03-07T18:24:11+00:00\",\"dateModified\":\"2024-07-10T11:57:39+00:00\",\"breadcrumb\":{\"@id\":\"https:\\\/\\\/dodo-inflatables.com\\\/lv\\\/perciet-piepusamos-slidkalninus-un-lecamauklas-uz-iriju\\\/#breadcrumb\"},\"inLanguage\":\"lv-LV\",\"potentialAction\":[{\"@type\":\"ReadAction\",\"target\":[\"https:\\\/\\\/dodo-inflatables.com\\\/lv\\\/perciet-piepusamos-slidkalninus-un-lecamauklas-uz-iriju\\\/\"]}]},{\"@type\":\"ImageObject\",\"inLanguage\":\"lv-LV\",\"@id\":\"https:\\\/\\\/dodo-inflatables.com\\\/lv\\\/perciet-piepusamos-slidkalninus-un-lecamauklas-uz-iriju\\\/#primaryimage\",\"url\":\"https:\\\/\\\/dodo-inflatables.com\\\/wp-content\\\/uploads\\\/2022\\\/01\\\/seperator-kleiner-1024x102.png\",\"contentUrl\":\"https:\\\/\\\/dodo-inflatables.com\\\/wp-content\\\/uploads\\\/2022\\\/01\\\/seperator-kleiner-1024x102.png\"},{\"@type\":\"BreadcrumbList\",\"@id\":\"https:\\\/\\\/dodo-inflatables.com\\\/lv\\\/perciet-piepusamos-slidkalninus-un-lecamauklas-uz-iriju\\\/#breadcrumb\",\"itemListElement\":[{\"@type\":\"ListItem\",\"position\":1,\"name\":\"Home\",\"item\":\"https:\\\/\\\/dodo-inflatables.com\\\/lv\\\/\"},{\"@type\":\"ListItem\",\"position\":2,\"name\":\"P\u0113rciet piep\u016b\u0161amos slidkalni\u0146us un lecamauklas uz \u012ariju\"}]},{\"@type\":\"WebSite\",\"@id\":\"https:\\\/\\\/dodo-inflatables.com\\\/lv\\\/#website\",\"url\":\"https:\\\/\\\/dodo-inflatables.com\\\/lv\\\/\",\"name\":\"dodo-inflatables.com\",\"description\":\"Ieg\u0101d\u0101jieties leco\u0161\u0101s pilis un atrakcijas m\u016bsu veikal\u0101.\",\"potentialAction\":[{\"@type\":\"SearchAction\",\"target\":{\"@type\":\"EntryPoint\",\"urlTemplate\":\"https:\\\/\\\/dodo-inflatables.com\\\/lv\\\/?s={search_term_string}\"},\"query-input\":{\"@type\":\"PropertyValueSpecification\",\"valueRequired\":true,\"valueName\":\"search_term_string\"}}],\"inLanguage\":\"lv-LV\"}]}<\/script>\n<!-- \/ Yoast SEO plugin. -->","yoast_head_json":{"title":"P\u0113rciet piep\u016b\u0161amos slidkalni\u0146us un lecamauklas uz \u012ariju - dodo-inflatables.com","robots":{"index":"index","follow":"follow","max-snippet":"max-snippet:-1","max-image-preview":"max-image-preview:large","max-video-preview":"max-video-preview:-1"},"canonical":"https:\/\/dodo-inflatables.com\/lv\/perciet-piepusamos-slidkalninus-un-lecamauklas-uz-iriju\/","twitter_misc":{"Est. reading time":"2 minutes"},"schema":{"@context":"https:\/\/schema.org","@graph":[{"@type":"WebPage","@id":"https:\/\/dodo-inflatables.com\/lv\/perciet-piepusamos-slidkalninus-un-lecamauklas-uz-iriju\/","url":"https:\/\/dodo-inflatables.com\/lv\/perciet-piepusamos-slidkalninus-un-lecamauklas-uz-iriju\/","name":"P\u0113rciet piep\u016b\u0161amos slidkalni\u0146us un lecamauklas uz \u012ariju - dodo-inflatables.com","isPartOf":{"@id":"https:\/\/dodo-inflatables.com\/lv\/#website"},"primaryImageOfPage":{"@id":"https:\/\/dodo-inflatables.com\/lv\/perciet-piepusamos-slidkalninus-un-lecamauklas-uz-iriju\/#primaryimage"},"image":{"@id":"https:\/\/dodo-inflatables.com\/lv\/perciet-piepusamos-slidkalninus-un-lecamauklas-uz-iriju\/#primaryimage"},"thumbnailUrl":"https:\/\/dodo-inflatables.com\/wp-content\/uploads\/2022\/01\/seperator-kleiner-1024x102.png","datePublished":"2024-03-07T18:24:11+00:00","dateModified":"2024-07-10T11:57:39+00:00","breadcrumb":{"@id":"https:\/\/dodo-inflatables.com\/lv\/perciet-piepusamos-slidkalninus-un-lecamauklas-uz-iriju\/#breadcrumb"},"inLanguage":"lv-LV","potentialAction":[{"@type":"ReadAction","target":["https:\/\/dodo-inflatables.com\/lv\/perciet-piepusamos-slidkalninus-un-lecamauklas-uz-iriju\/"]}]},{"@type":"ImageObject","inLanguage":"lv-LV","@id":"https:\/\/dodo-inflatables.com\/lv\/perciet-piepusamos-slidkalninus-un-lecamauklas-uz-iriju\/#primaryimage","url":"https:\/\/dodo-inflatables.com\/wp-content\/uploads\/2022\/01\/seperator-kleiner-1024x102.png","contentUrl":"https:\/\/dodo-inflatables.com\/wp-content\/uploads\/2022\/01\/seperator-kleiner-1024x102.png"},{"@type":"BreadcrumbList","@id":"https:\/\/dodo-inflatables.com\/lv\/perciet-piepusamos-slidkalninus-un-lecamauklas-uz-iriju\/#breadcrumb","itemListElement":[{"@type":"ListItem","position":1,"name":"Home","item":"https:\/\/dodo-inflatables.com\/lv\/"},{"@type":"ListItem","position":2,"name":"P\u0113rciet piep\u016b\u0161amos slidkalni\u0146us un lecamauklas uz \u012ariju"}]},{"@type":"WebSite","@id":"https:\/\/dodo-inflatables.com\/lv\/#website","url":"https:\/\/dodo-inflatables.com\/lv\/","name":"dodo-inflatables.com","description":"Ieg\u0101d\u0101jieties leco\u0161\u0101s pilis un atrakcijas m\u016bsu veikal\u0101.","potentialAction":[{"@type":"SearchAction","target":{"@type":"EntryPoint","urlTemplate":"https:\/\/dodo-inflatables.com\/lv\/?s={search_term_string}"},"query-input":{"@type":"PropertyValueSpecification","valueRequired":true,"valueName":"search_term_string"}}],"inLanguage":"lv-LV"}]}},"uagb_featured_image_src":{"full":false,"thumbnail":false,"medium":false,"medium_large":false,"large":false,"1536x1536":false,"2048x2048":false,"woocommerce_thumbnail":false,"woocommerce_single":false,"woocommerce_gallery_thumbnail":false},"uagb_author_info":{"display_name":"Andreas","author_link":"https:\/\/dodo-inflatables.com\/lv\/author\/andreas\/"},"uagb_comment_info":0,"uagb_excerpt":"P\u0113rciet piep\u016b\u0161amos slidkalni\u0146us un lecamauklas uz \u012ariju Laipni l\u016bgti Dodo-Inflatables.com &#8211; m\u016bsu piep\u016b\u0161amo konstrukciju tie\u0161saistes veikal\u0101 Eirop\u0101! Iepaz\u012bstieties ar m\u016bsu pla\u0161o augstas kvalit\u0101tes piep\u016b\u0161amo atrakciju, piep\u016b\u0161amo pi\u013cu un slidkalni\u0146u kl\u0101stu, kas jebkuram pas\u0101kumam pie\u0161\u0137irs v\u0113l mazliet vair\u0101k. Neatkar\u012bgi no t\u0101, vai mekl\u0113jat lielu piep\u016b\u0161amo pili korporat\u012bvam pas\u0101kumam, mazu piep\u016b\u0161amo pili b\u0113rnu dzim\u0161anas dienas svin\u012bb\u0101m vai&hellip;","_links":{"self":[{"href":"https:\/\/dodo-inflatables.com\/lv\/wp-json\/wp\/v2\/pages\/13321","targetHints":{"allow":["GET"]}}],"collection":[{"href":"https:\/\/dodo-inflatables.com\/lv\/wp-json\/wp\/v2\/pages"}],"about":[{"href":"https:\/\/dodo-inflatables.com\/lv\/wp-json\/wp\/v2\/types\/page"}],"author":[{"embeddable":true,"href":"https:\/\/dodo-inflatables.com\/lv\/wp-json\/wp\/v2\/users\/1"}],"replies":[{"embeddable":true,"href":"https:\/\/dodo-inflatables.com\/lv\/wp-json\/wp\/v2\/comments?post=13321"}],"version-history":[{"count":3,"href":"https:\/\/dodo-inflatables.com\/lv\/wp-json\/wp\/v2\/pages\/13321\/revisions"}],"predecessor-version":[{"id":16520,"href":"https:\/\/dodo-inflatables.com\/lv\/wp-json\/wp\/v2\/pages\/13321\/revisions\/16520"}],"wp:attachment":[{"href":"https:\/\/dodo-inflatables.com\/lv\/wp-json\/wp\/v2\/media?parent=13321"}],"curies":[{"name":"wp","href":"https:\/\/api.w.org\/{rel}","templated":true}]}}