{"id":13357,"date":"2024-03-07T19:12:41","date_gmt":"2024-03-07T18:12:41","guid":{"rendered":"https:\/\/dodo-inflatables.com\/pirkti-pripuciamas-ciuozyklas-un-sokdynes-uz-lietuvu\/"},"modified":"2024-07-10T13:57:12","modified_gmt":"2024-07-10T11:57:12","slug":"pirkti-pripuciamas-ciuozyklas-un-sokdynes-uz-lietuvu","status":"publish","type":"page","link":"https:\/\/dodo-inflatables.com\/lv\/pirkti-pripuciamas-ciuozyklas-un-sokdynes-uz-lietuvu\/","title":{"rendered":"Pirkti pripu\u010diamas \u010diuo\u017eyklas un \u0161okdynes uz Lietuvu"},"content":{"rendered":"\n<h2 class=\"wp-block-heading has-text-align-center\"><strong>Pirkti pripu\u010diamas \u010diuo\u017eyklas un \u0161okdynes uz Lietuvu<\/strong><\/h2>\n\n<figure class=\"wp-block-image aligncenter size-large\"><a href=\"https:\/\/dodo-inflatables.com\/wp-content\/uploads\/2022\/01\/seperator-kleiner.png\"><img loading=\"lazy\" decoding=\"async\" width=\"1024\" height=\"102\" src=\"https:\/\/dodo-inflatables.com\/wp-content\/uploads\/2022\/01\/seperator-kleiner-1024x102.png\" alt=\"\" class=\"wp-image-4026\" srcset=\"https:\/\/dodo-inflatables.com\/wp-content\/uploads\/2022\/01\/seperator-kleiner-1024x102.png 1024w, https:\/\/dodo-inflatables.com\/wp-content\/uploads\/2022\/01\/seperator-kleiner-900x90.png 900w, https:\/\/dodo-inflatables.com\/wp-content\/uploads\/2022\/01\/seperator-kleiner-300x30.png 300w, https:\/\/dodo-inflatables.com\/wp-content\/uploads\/2022\/01\/seperator-kleiner-768x77.png 768w, https:\/\/dodo-inflatables.com\/wp-content\/uploads\/2022\/01\/seperator-kleiner-1536x154.png 1536w, https:\/\/dodo-inflatables.com\/wp-content\/uploads\/2022\/01\/seperator-kleiner-340x34.png 340w, https:\/\/dodo-inflatables.com\/wp-content\/uploads\/2022\/01\/seperator-kleiner.png 2000w\" sizes=\"auto, (max-width: 1024px) 100vw, 1024px\" \/><\/a><\/figure>\n\n<h3 class=\"wp-block-heading has-text-align-center\"><strong>Sveiki atvyk\u0119 uz Dodo-Inflatables.com &#8211; m\u016bsu internetin\u0119 pripu\u010diam\u0173 skraidyk\u013cu parduotuv\u0117 Eirop\u0101!<\/strong><\/h3>\n\n<p style=\"font-size:17px;font-style:normal;font-weight:400\">Pasinerkite uz m\u016bsu plat\u0173 augstas kvalit\u0101tes piepu\u010diam\u0173 atrakcion\u0173, piepu\u010diam\u0173 pili\u0173 ir \u010diuo\u017eykl\u0173 pasirink\u0161anu, kur\u0161 bet kokiai progai suteiks nedaudz vair\u0101k d\u017eiaugsmo. Nesvarbu, ar ie\u0161kote didel\u0117s pripu\u010diamos pilies uz\u0146\u0113muma r\u012bkiniui, ma\u017eos pripu\u010diamos pilies b\u0113rnu gimtadienio vakar\u0117liui, ar \u0161okin\u0117jan\u010dios pilies su \u010diuo\u017eykla vasaros vakar\u0117liui &#8211; \u0161eit patie\u0161\u0101m rasite ko nors tinkamo!<\/p>\n\n<p style=\"font-size:17px;font-style:normal;font-weight:400\">M\u016bsu asortimente rasite ne tik da\u017e\u0101du antpu\u010diam\u0173j\u0173 pili\u0173, bet ir daudz labumu pried\u0173, ieskaitot &#8220;Gibbons&#8221; ir &#8220;Huawei&#8221; p\u016btiklius antpuoliams.<\/p>\n\n<p style=\"font-size:17px;font-style:normal;font-weight:400\">S\u016bpuokli\u0173 pilies ir pried\u0173 nos\u016bttimas uz <strong>Lietuvu maks\u0101 296,00 \u20ac <\/strong>. Pripu\u010diam\u0173 pried\u0173 pakuot\u0117 kainuoja 39,00 \u20ac. Jei pripu\u010diama skraidykl\u0117 ir sand\u0117lyje, ji bus i\u0161si\u0173sta jums i\u0161 karto p\u0113c mok\u0117jimo gavimo. Pristatymas uz Lietuvu trunka aptuveni <strong>4-6 darba dienas<\/strong>. Pripu\u010diam\u0105j\u0105 var atsiimt patiems no m\u016bsu sand\u0117lio Miunchene, Vokietijoje.<\/p>\n\n<p style=\"font-size:17px;font-style:normal;font-weight:400\">Visi m\u016bsu piepu\u010diami iek\u0101rtas atbilst grie\u017etus<strong> DIN EN 14960<\/strong> saugos standartus ir ir tinkami izmantot tiek priv\u0101ti, tiek komerciniais m\u0113r\u0137iem. I\u0161sam\u0173 vad\u012bbu ir attiec\u012bgu sertifik\u0101tu par nauj\u0105j\u012f piepu\u010diam\u0105j\u012f \u012frenginiu sa\u0146emsiet, kai tik vi\u0146\u0161 b\u016bs izsp\u0113l\u0113ts.<\/p>\n\n<p style=\"font-size:17px;font-style:normal;font-weight:400\">\u012emon\u0117ms taikoma PVN lengvata! Jei perkate k\u0101 uz\u0146\u0113mumu, kasoje \u012fveskite savu PVN mok\u0117tojo kodu, lai var\u0113tu ieg\u0101d\u0101ties be mokes\u010di\u0173.<\/p>\n\n<p style=\"font-size:17px;font-style:normal;font-weight:400\">Nesvarbu, ar esate priv\u0101ts cilv\u0113ks, mekl\u0113jot antpu\u010diamosios pilies kitam \u0123imenes vakar\u0117liui, ar komercin\u0117 nuomos \u012fmon\u0117, norinti i\u0161pl\u0117sti savu asortimentu, m\u016bsu antpu\u010diamosios pilys tinka visiem. Ties\u0105 sakant, liel\u0101k\u0101 da\u013ca m\u016bsu klientu vis\u0101 Eirop\u0101 ir \u0161okin\u0117jan\u010di\u0173 pili\u0173 nuomos uz\u0146\u0113mumu, kuras v\u0113rt\u0113 m\u016bsu gaminius \u012fvairaus dyd\u017eio renginiams.<\/p>\n\n<p style=\"font-size:17px;font-style:normal;font-weight:400\">Tikim\u0117s, ka jums patiks p\u0101rl\u016bkyti p\u0113c m\u016bsu internetin\u0119 veikalu, o \u012f visus jaut\u0101jumus mielai atbild\u0113sim uz <a href=\"mailto:contact@dodo-inflatables.com\">contact@dodo-inflatables.com!<\/a><\/p>\n\n<div style=\"height:100px\" aria-hidden=\"true\" class=\"wp-block-spacer\"><\/div>\n","protected":false},"excerpt":{"rendered":"<p>Pirkti pripu\u010diamas \u010diuo\u017eyklas un \u0161okdynes uz Lietuvu Sveiki atvyk\u0119 uz Dodo-Inflatables.com &#8211; m\u016bsu internetin\u0119 pripu\u010diam\u0173 skraidyk\u013cu parduotuv\u0117 Eirop\u0101! Pasinerkite uz m\u016bsu plat\u0173 augstas kvalit\u0101tes piepu\u010diam\u0173 atrakcion\u0173, piepu\u010diam\u0173 pili\u0173 ir \u010diuo\u017eykl\u0173 pasirink\u0161anu, kur\u0161 bet kokiai progai suteiks nedaudz vair\u0101k d\u017eiaugsmo. Nesvarbu, ar ie\u0161kote didel\u0117s pripu\u010diamos pilies uz\u0146\u0113muma r\u012bkiniui, ma\u017eos pripu\u010diamos pilies b\u0113rnu gimtadienio vakar\u0117liui, ar \u0161okin\u0117jan\u010dios [&hellip;]<\/p>\n","protected":false},"author":1,"featured_media":0,"parent":0,"menu_order":0,"comment_status":"closed","ping_status":"closed","template":"","meta":{"_acf_changed":false,"_uag_custom_page_level_css":"","site-sidebar-layout":"default","site-content-layout":"","ast-site-content-layout":"normal-width-container","site-content-style":"boxed","site-sidebar-style":"default","ast-global-header-display":"","ast-banner-title-visibility":"","ast-main-header-display":"","ast-hfb-above-header-display":"","ast-hfb-below-header-display":"","ast-hfb-mobile-header-display":"","site-post-title":"","ast-breadcrumbs-content":"","ast-featured-img":"","footer-sml-layout":"","ast-disable-related-posts":"","theme-transparent-header-meta":"","adv-header-id-meta":"4069","stick-header-meta":"","header-above-stick-meta":"","header-main-stick-meta":"","header-below-stick-meta":"","astra-migrate-meta-layouts":"default","ast-page-background-enabled":"default","ast-page-background-meta":{"desktop":{"background-color":"var(--ast-global-color-4)","background-image":"","background-repeat":"repeat","background-position":"center center","background-size":"auto","background-attachment":"scroll","background-type":"","background-media":"","overlay-type":"","overlay-color":"","overlay-opacity":"","overlay-gradient":""},"tablet":{"background-color":"","background-image":"","background-repeat":"repeat","background-position":"center center","background-size":"auto","background-attachment":"scroll","background-type":"","background-media":"","overlay-type":"","overlay-color":"","overlay-opacity":"","overlay-gradient":""},"mobile":{"background-color":"","background-image":"","background-repeat":"repeat","background-position":"center center","background-size":"auto","background-attachment":"scroll","background-type":"","background-media":"","overlay-type":"","overlay-color":"","overlay-opacity":"","overlay-gradient":""}},"ast-content-background-meta":{"desktop":{"background-color":"var(--ast-global-color-5)","background-image":"","background-repeat":"repeat","background-position":"center center","background-size":"auto","background-attachment":"scroll","background-type":"","background-media":"","overlay-type":"","overlay-color":"","overlay-opacity":"","overlay-gradient":""},"tablet":{"background-color":"var(--ast-global-color-5)","background-image":"","background-repeat":"repeat","background-position":"center center","background-size":"auto","background-attachment":"scroll","background-type":"","background-media":"","overlay-type":"","overlay-color":"","overlay-opacity":"","overlay-gradient":""},"mobile":{"background-color":"var(--ast-global-color-5)","background-image":"","background-repeat":"repeat","background-position":"center center","background-size":"auto","background-attachment":"scroll","background-type":"","background-media":"","overlay-type":"","overlay-color":"","overlay-opacity":"","overlay-gradient":""}},"footnotes":""},"class_list":["post-13357","page","type-page","status-publish","hentry"],"acf":[],"yoast_head":"<!-- This site is optimized with the Yoast SEO plugin v27.4 - https:\/\/yoast.com\/product\/yoast-seo-wordpress\/ -->\n<title>Pirkti pripu\u010diamas \u010diuo\u017eyklas un \u0161okdynes uz Lietuvu - dodo-inflatables.com<\/title>\n<meta name=\"robots\" content=\"index, follow, max-snippet:-1, max-image-preview:large, max-video-preview:-1\" \/>\n<link rel=\"canonical\" href=\"https:\/\/dodo-inflatables.com\/lv\/pirkti-pripuciamas-ciuozyklas-un-sokdynes-uz-lietuvu\/\" \/>\n<meta name=\"twitter:label1\" content=\"Est. reading time\" \/>\n\t<meta name=\"twitter:data1\" content=\"2 minutes\" \/>\n<script type=\"application\/ld+json\" class=\"yoast-schema-graph\">{\"@context\":\"https:\\\/\\\/schema.org\",\"@graph\":[{\"@type\":\"WebPage\",\"@id\":\"https:\\\/\\\/dodo-inflatables.com\\\/lv\\\/pirkti-pripuciamas-ciuozyklas-un-sokdynes-uz-lietuvu\\\/\",\"url\":\"https:\\\/\\\/dodo-inflatables.com\\\/lv\\\/pirkti-pripuciamas-ciuozyklas-un-sokdynes-uz-lietuvu\\\/\",\"name\":\"Pirkti pripu\u010diamas \u010diuo\u017eyklas un \u0161okdynes uz Lietuvu - dodo-inflatables.com\",\"isPartOf\":{\"@id\":\"https:\\\/\\\/dodo-inflatables.com\\\/lv\\\/#website\"},\"primaryImageOfPage\":{\"@id\":\"https:\\\/\\\/dodo-inflatables.com\\\/lv\\\/pirkti-pripuciamas-ciuozyklas-un-sokdynes-uz-lietuvu\\\/#primaryimage\"},\"image\":{\"@id\":\"https:\\\/\\\/dodo-inflatables.com\\\/lv\\\/pirkti-pripuciamas-ciuozyklas-un-sokdynes-uz-lietuvu\\\/#primaryimage\"},\"thumbnailUrl\":\"https:\\\/\\\/dodo-inflatables.com\\\/wp-content\\\/uploads\\\/2022\\\/01\\\/seperator-kleiner-1024x102.png\",\"datePublished\":\"2024-03-07T18:12:41+00:00\",\"dateModified\":\"2024-07-10T11:57:12+00:00\",\"breadcrumb\":{\"@id\":\"https:\\\/\\\/dodo-inflatables.com\\\/lv\\\/pirkti-pripuciamas-ciuozyklas-un-sokdynes-uz-lietuvu\\\/#breadcrumb\"},\"inLanguage\":\"lv-LV\",\"potentialAction\":[{\"@type\":\"ReadAction\",\"target\":[\"https:\\\/\\\/dodo-inflatables.com\\\/lv\\\/pirkti-pripuciamas-ciuozyklas-un-sokdynes-uz-lietuvu\\\/\"]}]},{\"@type\":\"ImageObject\",\"inLanguage\":\"lv-LV\",\"@id\":\"https:\\\/\\\/dodo-inflatables.com\\\/lv\\\/pirkti-pripuciamas-ciuozyklas-un-sokdynes-uz-lietuvu\\\/#primaryimage\",\"url\":\"https:\\\/\\\/dodo-inflatables.com\\\/wp-content\\\/uploads\\\/2022\\\/01\\\/seperator-kleiner-1024x102.png\",\"contentUrl\":\"https:\\\/\\\/dodo-inflatables.com\\\/wp-content\\\/uploads\\\/2022\\\/01\\\/seperator-kleiner-1024x102.png\"},{\"@type\":\"BreadcrumbList\",\"@id\":\"https:\\\/\\\/dodo-inflatables.com\\\/lv\\\/pirkti-pripuciamas-ciuozyklas-un-sokdynes-uz-lietuvu\\\/#breadcrumb\",\"itemListElement\":[{\"@type\":\"ListItem\",\"position\":1,\"name\":\"Home\",\"item\":\"https:\\\/\\\/dodo-inflatables.com\\\/lv\\\/\"},{\"@type\":\"ListItem\",\"position\":2,\"name\":\"Pirkti pripu\u010diamas \u010diuo\u017eyklas un \u0161okdynes uz Lietuvu\"}]},{\"@type\":\"WebSite\",\"@id\":\"https:\\\/\\\/dodo-inflatables.com\\\/lv\\\/#website\",\"url\":\"https:\\\/\\\/dodo-inflatables.com\\\/lv\\\/\",\"name\":\"dodo-inflatables.com\",\"description\":\"Ieg\u0101d\u0101jieties leco\u0161\u0101s pilis un atrakcijas m\u016bsu veikal\u0101.\",\"publisher\":{\"@id\":\"https:\\\/\\\/dodo-inflatables.com\\\/lv\\\/#organization\"},\"potentialAction\":[{\"@type\":\"SearchAction\",\"target\":{\"@type\":\"EntryPoint\",\"urlTemplate\":\"https:\\\/\\\/dodo-inflatables.com\\\/lv\\\/?s={search_term_string}\"},\"query-input\":{\"@type\":\"PropertyValueSpecification\",\"valueRequired\":true,\"valueName\":\"search_term_string\"}}],\"inLanguage\":\"lv-LV\"},{\"@type\":\"Organization\",\"@id\":\"https:\\\/\\\/dodo-inflatables.com\\\/lv\\\/#organization\",\"name\":\"dodo-inflatables.com\",\"url\":\"https:\\\/\\\/dodo-inflatables.com\\\/lv\\\/\",\"logo\":{\"@type\":\"ImageObject\",\"inLanguage\":\"lv-LV\",\"@id\":\"https:\\\/\\\/dodo-inflatables.com\\\/lv\\\/#\\\/schema\\\/logo\\\/image\\\/\",\"url\":\"https:\\\/\\\/dodo-inflatables.com\\\/wp-content\\\/uploads\\\/2023\\\/04\\\/cropped-cropped-cropped-Dodo-Logo.png\",\"contentUrl\":\"https:\\\/\\\/dodo-inflatables.com\\\/wp-content\\\/uploads\\\/2023\\\/04\\\/cropped-cropped-cropped-Dodo-Logo.png\",\"width\":2996,\"height\":1545,\"caption\":\"dodo-inflatables.com\"},\"image\":{\"@id\":\"https:\\\/\\\/dodo-inflatables.com\\\/lv\\\/#\\\/schema\\\/logo\\\/image\\\/\"}}]}<\/script>\n<!-- \/ Yoast SEO plugin. -->","yoast_head_json":{"title":"Pirkti pripu\u010diamas \u010diuo\u017eyklas un \u0161okdynes uz Lietuvu - dodo-inflatables.com","robots":{"index":"index","follow":"follow","max-snippet":"max-snippet:-1","max-image-preview":"max-image-preview:large","max-video-preview":"max-video-preview:-1"},"canonical":"https:\/\/dodo-inflatables.com\/lv\/pirkti-pripuciamas-ciuozyklas-un-sokdynes-uz-lietuvu\/","twitter_misc":{"Est. reading time":"2 minutes"},"schema":{"@context":"https:\/\/schema.org","@graph":[{"@type":"WebPage","@id":"https:\/\/dodo-inflatables.com\/lv\/pirkti-pripuciamas-ciuozyklas-un-sokdynes-uz-lietuvu\/","url":"https:\/\/dodo-inflatables.com\/lv\/pirkti-pripuciamas-ciuozyklas-un-sokdynes-uz-lietuvu\/","name":"Pirkti pripu\u010diamas \u010diuo\u017eyklas un \u0161okdynes uz Lietuvu - dodo-inflatables.com","isPartOf":{"@id":"https:\/\/dodo-inflatables.com\/lv\/#website"},"primaryImageOfPage":{"@id":"https:\/\/dodo-inflatables.com\/lv\/pirkti-pripuciamas-ciuozyklas-un-sokdynes-uz-lietuvu\/#primaryimage"},"image":{"@id":"https:\/\/dodo-inflatables.com\/lv\/pirkti-pripuciamas-ciuozyklas-un-sokdynes-uz-lietuvu\/#primaryimage"},"thumbnailUrl":"https:\/\/dodo-inflatables.com\/wp-content\/uploads\/2022\/01\/seperator-kleiner-1024x102.png","datePublished":"2024-03-07T18:12:41+00:00","dateModified":"2024-07-10T11:57:12+00:00","breadcrumb":{"@id":"https:\/\/dodo-inflatables.com\/lv\/pirkti-pripuciamas-ciuozyklas-un-sokdynes-uz-lietuvu\/#breadcrumb"},"inLanguage":"lv-LV","potentialAction":[{"@type":"ReadAction","target":["https:\/\/dodo-inflatables.com\/lv\/pirkti-pripuciamas-ciuozyklas-un-sokdynes-uz-lietuvu\/"]}]},{"@type":"ImageObject","inLanguage":"lv-LV","@id":"https:\/\/dodo-inflatables.com\/lv\/pirkti-pripuciamas-ciuozyklas-un-sokdynes-uz-lietuvu\/#primaryimage","url":"https:\/\/dodo-inflatables.com\/wp-content\/uploads\/2022\/01\/seperator-kleiner-1024x102.png","contentUrl":"https:\/\/dodo-inflatables.com\/wp-content\/uploads\/2022\/01\/seperator-kleiner-1024x102.png"},{"@type":"BreadcrumbList","@id":"https:\/\/dodo-inflatables.com\/lv\/pirkti-pripuciamas-ciuozyklas-un-sokdynes-uz-lietuvu\/#breadcrumb","itemListElement":[{"@type":"ListItem","position":1,"name":"Home","item":"https:\/\/dodo-inflatables.com\/lv\/"},{"@type":"ListItem","position":2,"name":"Pirkti pripu\u010diamas \u010diuo\u017eyklas un \u0161okdynes uz Lietuvu"}]},{"@type":"WebSite","@id":"https:\/\/dodo-inflatables.com\/lv\/#website","url":"https:\/\/dodo-inflatables.com\/lv\/","name":"dodo-inflatables.com","description":"Ieg\u0101d\u0101jieties leco\u0161\u0101s pilis un atrakcijas m\u016bsu veikal\u0101.","publisher":{"@id":"https:\/\/dodo-inflatables.com\/lv\/#organization"},"potentialAction":[{"@type":"SearchAction","target":{"@type":"EntryPoint","urlTemplate":"https:\/\/dodo-inflatables.com\/lv\/?s={search_term_string}"},"query-input":{"@type":"PropertyValueSpecification","valueRequired":true,"valueName":"search_term_string"}}],"inLanguage":"lv-LV"},{"@type":"Organization","@id":"https:\/\/dodo-inflatables.com\/lv\/#organization","name":"dodo-inflatables.com","url":"https:\/\/dodo-inflatables.com\/lv\/","logo":{"@type":"ImageObject","inLanguage":"lv-LV","@id":"https:\/\/dodo-inflatables.com\/lv\/#\/schema\/logo\/image\/","url":"https:\/\/dodo-inflatables.com\/wp-content\/uploads\/2023\/04\/cropped-cropped-cropped-Dodo-Logo.png","contentUrl":"https:\/\/dodo-inflatables.com\/wp-content\/uploads\/2023\/04\/cropped-cropped-cropped-Dodo-Logo.png","width":2996,"height":1545,"caption":"dodo-inflatables.com"},"image":{"@id":"https:\/\/dodo-inflatables.com\/lv\/#\/schema\/logo\/image\/"}}]}},"uagb_featured_image_src":{"full":false,"thumbnail":false,"medium":false,"medium_large":false,"large":false,"1536x1536":false,"2048x2048":false,"woocommerce_thumbnail":false,"woocommerce_single":false,"woocommerce_gallery_thumbnail":false},"uagb_author_info":{"display_name":"Andreas","author_link":"https:\/\/dodo-inflatables.com\/lv\/author\/andreas\/"},"uagb_comment_info":0,"uagb_excerpt":"Pirkti pripu\u010diamas \u010diuo\u017eyklas un \u0161okdynes uz Lietuvu Sveiki atvyk\u0119 uz Dodo-Inflatables.com &#8211; m\u016bsu internetin\u0119 pripu\u010diam\u0173 skraidyk\u013cu parduotuv\u0117 Eirop\u0101! Pasinerkite uz m\u016bsu plat\u0173 augstas kvalit\u0101tes piepu\u010diam\u0173 atrakcion\u0173, piepu\u010diam\u0173 pili\u0173 ir \u010diuo\u017eykl\u0173 pasirink\u0161anu, kur\u0161 bet kokiai progai suteiks nedaudz vair\u0101k d\u017eiaugsmo. Nesvarbu, ar ie\u0161kote didel\u0117s pripu\u010diamos pilies uz\u0146\u0113muma r\u012bkiniui, ma\u017eos pripu\u010diamos pilies b\u0113rnu gimtadienio vakar\u0117liui, ar \u0161okin\u0117jan\u010dios&hellip;","_links":{"self":[{"href":"https:\/\/dodo-inflatables.com\/lv\/wp-json\/wp\/v2\/pages\/13357","targetHints":{"allow":["GET"]}}],"collection":[{"href":"https:\/\/dodo-inflatables.com\/lv\/wp-json\/wp\/v2\/pages"}],"about":[{"href":"https:\/\/dodo-inflatables.com\/lv\/wp-json\/wp\/v2\/types\/page"}],"author":[{"embeddable":true,"href":"https:\/\/dodo-inflatables.com\/lv\/wp-json\/wp\/v2\/users\/1"}],"replies":[{"embeddable":true,"href":"https:\/\/dodo-inflatables.com\/lv\/wp-json\/wp\/v2\/comments?post=13357"}],"version-history":[{"count":2,"href":"https:\/\/dodo-inflatables.com\/lv\/wp-json\/wp\/v2\/pages\/13357\/revisions"}],"predecessor-version":[{"id":13361,"href":"https:\/\/dodo-inflatables.com\/lv\/wp-json\/wp\/v2\/pages\/13357\/revisions\/13361"}],"wp:attachment":[{"href":"https:\/\/dodo-inflatables.com\/lv\/wp-json\/wp\/v2\/media?parent=13357"}],"curies":[{"name":"wp","href":"https:\/\/api.w.org\/{rel}","templated":true}]}}