{"id":13398,"date":"2024-03-07T19:04:26","date_gmt":"2024-03-07T18:04:26","guid":{"rendered":"https:\/\/dodo-inflatables.com\/comprar-escorregas-insuflaveis-e-castelos-insuflaveis-para-portugal\/"},"modified":"2024-07-10T13:56:58","modified_gmt":"2024-07-10T11:56:58","slug":"comprar-escorregas-insuflaveis-e-castelos-insuflaveis-para-portugal","status":"publish","type":"page","link":"https:\/\/dodo-inflatables.com\/lv\/comprar-escorregas-insuflaveis-e-castelos-insuflaveis-para-portugal\/","title":{"rendered":"Comprar escorregas insufl\u00e1veis e castelos insufl\u00e1veis para Portugal"},"content":{"rendered":"\n<h2 class=\"wp-block-heading has-text-align-center\"><strong>Comprar escorregas insufl\u00e1veis e castelos insufl\u00e1veis para Portugal<\/strong><\/h2>\n\n<figure class=\"wp-block-image aligncenter size-large\"><a href=\"https:\/\/dodo-inflatables.com\/wp-content\/uploads\/2022\/01\/seperator-kleiner.png\"><img loading=\"lazy\" decoding=\"async\" width=\"1024\" height=\"102\" src=\"https:\/\/dodo-inflatables.com\/wp-content\/uploads\/2022\/01\/seperator-kleiner-1024x102.png\" alt=\"\" class=\"wp-image-4026\" srcset=\"https:\/\/dodo-inflatables.com\/wp-content\/uploads\/2022\/01\/seperator-kleiner-1024x102.png 1024w, https:\/\/dodo-inflatables.com\/wp-content\/uploads\/2022\/01\/seperator-kleiner-900x90.png 900w, https:\/\/dodo-inflatables.com\/wp-content\/uploads\/2022\/01\/seperator-kleiner-300x30.png 300w, https:\/\/dodo-inflatables.com\/wp-content\/uploads\/2022\/01\/seperator-kleiner-768x77.png 768w, https:\/\/dodo-inflatables.com\/wp-content\/uploads\/2022\/01\/seperator-kleiner-1536x154.png 1536w, https:\/\/dodo-inflatables.com\/wp-content\/uploads\/2022\/01\/seperator-kleiner-340x34.png 340w, https:\/\/dodo-inflatables.com\/wp-content\/uploads\/2022\/01\/seperator-kleiner.png 2000w\" sizes=\"auto, (max-width: 1024px) 100vw, 1024px\" \/><\/a><\/figure>\n\n<h3 class=\"wp-block-heading has-text-align-center\">Bem-vindo a Dodo-Inflatables.com &#8211; a nossa loja online de insuflaveis na Europa!<\/h3>\n\n<p style=\"font-size:17px\">Ieg\u016bstiet m\u016bsu pla\u0161o kvalitat\u012bvu almofadas insufl\u00e1veis, castelos insufl\u00e1veis un escorregas que dar\u00e3o um toque especial a qualquer ocasi\u00e3o izv\u0113li. Ja mekl\u0113jat lielisku lielizm\u0113ra almof\u0101du lielam uz\u0146\u0113muma pas\u0101kumam, mazu pili, kas b\u016btu piem\u0113rots b\u0113rnu dzim\u0161anas dienas svin\u012bb\u0101m, vai pili ar dekor\u0101cij\u0101m, kas b\u016btu piem\u0113rots sv\u0113tku svin\u012bb\u0101m &#8211; \u0161eit noteikti atrad\u012bsiet piem\u0113rotu lietu!<\/p>\n\n<p style=\"font-size:17px\">A nossa gama inclui n\u00e3o s\u00f3 uma variedade de castelos insufl\u00e1veis, mas tamb\u00e9m uma vasta gama de acess\u00f3rios, incluindo Gibbons e insufladores Huawei para castelos insufl\u00e1veis.<\/p>\n\n<p style=\"font-size:17px\">O envio de um insufl\u00e1vel e acess\u00f3rios para <strong>Portugal custa \u20ac219,00<\/strong>. Uma embalagem de acess\u00f3rios para insuflaveis custa 29,00 euros. Se o insufl\u00e1vel estiver em stock, ser\u00e1 enviado para si imediatamente ap\u00f3s a rece\u00e7\u00e3o do pagamento. A entrega em Portugal demora cerca de <strong>4 a 6 dias \u00fateis<\/strong>. \u00c9 poss\u00edvel recolher a almofada insuflavel no nosso armaz\u00e9m em Munique, Alemanha.<\/p>\n\n<p style=\"font-size:17px\">Todas as nossas almofadas insufl\u00e1veis cumprem as normas de seguran\u00e7a rigorosas da <strong>DIN EN 14960<\/strong> e s\u00e3o adequadas para uso privado e comercial. Ap\u00f3s o envio, receber\u00e1 um manual detalhado e o respetivo certificado da sua nova almofada insuflavel.<\/p>\n\n<p style=\"font-size:17px\">Isen\u00e7\u00e3o de IVA para empresas! Se comprar como empresa, introduza o seu n\u00famero de identifica\u00e7\u00e3o de IVA no checkout para efetuar compras isentas de impostos.<\/p>\n\n<p style=\"font-size:17px\">Ja j\u016bs mekl\u0113jat k\u0101du konkr\u0113tu cilv\u0113ku, kas v\u0113las ieg\u0101d\u0101ties savu tuv\u0101ko sv\u0113tku laik\u0101 vai ar\u012b uz\u0146\u0113mumu, kas v\u0113las papla\u0161in\u0101t savu pre\u010du kl\u0101stu, tad m\u0113s pied\u0101v\u0101jam saviem klientiem piem\u0113rotas polster\u0113\u0161anas sist\u0113mas. De facto, liel\u0101k\u0101 da\u013ca m\u016bsu klientu vis\u0101 Eirop\u0101 ir uz\u0146\u0113mumi, kas nodarbojas ar apdro\u0161in\u0101\u0161anu, un tie nov\u0113rt\u0113 m\u016bsu izstr\u0101d\u0101jumus da\u017e\u0101diem pas\u0101kumiem.<\/p>\n\n<p style=\"font-size:17px\">Esperamos que goste de navegar na nossa loja online e teremos todo o gosto em responder a quaisquer perguntas que possa ter em <a href=\"mailto:contact@dodo-inflatables.com\">contact@dodo-inflatables.com<\/a>!<\/p>\n\n<div style=\"height:100px\" aria-hidden=\"true\" class=\"wp-block-spacer\"><\/div>\n","protected":false},"excerpt":{"rendered":"<p>Comprar escorregas insufl\u00e1veis e castelos insufl\u00e1veis para Portugal Bem-vindo a Dodo-Inflatables.com &#8211; a nossa loja online de insuflaveis na Europa! Ieg\u016bstiet m\u016bsu pla\u0161o kvalitat\u012bvu almofadas insufl\u00e1veis, castelos insufl\u00e1veis un escorregas que dar\u00e3o um toque especial a qualquer ocasi\u00e3o izv\u0113li. Ja mekl\u0113jat lielisku lielizm\u0113ra almof\u0101du lielam uz\u0146\u0113muma pas\u0101kumam, mazu pili, kas b\u016btu piem\u0113rots b\u0113rnu dzim\u0161anas dienas [&hellip;]<\/p>\n","protected":false},"author":1,"featured_media":0,"parent":0,"menu_order":0,"comment_status":"closed","ping_status":"closed","template":"","meta":{"_acf_changed":false,"_uag_custom_page_level_css":"","site-sidebar-layout":"default","site-content-layout":"","ast-site-content-layout":"normal-width-container","site-content-style":"boxed","site-sidebar-style":"default","ast-global-header-display":"","ast-banner-title-visibility":"","ast-main-header-display":"","ast-hfb-above-header-display":"","ast-hfb-below-header-display":"","ast-hfb-mobile-header-display":"","site-post-title":"","ast-breadcrumbs-content":"","ast-featured-img":"","footer-sml-layout":"","ast-disable-related-posts":"","theme-transparent-header-meta":"","adv-header-id-meta":"4069","stick-header-meta":"","header-above-stick-meta":"","header-main-stick-meta":"","header-below-stick-meta":"","astra-migrate-meta-layouts":"default","ast-page-background-enabled":"default","ast-page-background-meta":{"desktop":{"background-color":"var(--ast-global-color-4)","background-image":"","background-repeat":"repeat","background-position":"center center","background-size":"auto","background-attachment":"scroll","background-type":"","background-media":"","overlay-type":"","overlay-color":"","overlay-opacity":"","overlay-gradient":""},"tablet":{"background-color":"","background-image":"","background-repeat":"repeat","background-position":"center center","background-size":"auto","background-attachment":"scroll","background-type":"","background-media":"","overlay-type":"","overlay-color":"","overlay-opacity":"","overlay-gradient":""},"mobile":{"background-color":"","background-image":"","background-repeat":"repeat","background-position":"center center","background-size":"auto","background-attachment":"scroll","background-type":"","background-media":"","overlay-type":"","overlay-color":"","overlay-opacity":"","overlay-gradient":""}},"ast-content-background-meta":{"desktop":{"background-color":"var(--ast-global-color-5)","background-image":"","background-repeat":"repeat","background-position":"center center","background-size":"auto","background-attachment":"scroll","background-type":"","background-media":"","overlay-type":"","overlay-color":"","overlay-opacity":"","overlay-gradient":""},"tablet":{"background-color":"var(--ast-global-color-5)","background-image":"","background-repeat":"repeat","background-position":"center center","background-size":"auto","background-attachment":"scroll","background-type":"","background-media":"","overlay-type":"","overlay-color":"","overlay-opacity":"","overlay-gradient":""},"mobile":{"background-color":"var(--ast-global-color-5)","background-image":"","background-repeat":"repeat","background-position":"center center","background-size":"auto","background-attachment":"scroll","background-type":"","background-media":"","overlay-type":"","overlay-color":"","overlay-opacity":"","overlay-gradient":""}},"footnotes":""},"class_list":["post-13398","page","type-page","status-publish","hentry"],"acf":[],"yoast_head":"<!-- This site is optimized with the Yoast SEO plugin v27.3 - https:\/\/yoast.com\/product\/yoast-seo-wordpress\/ -->\n<title>Comprar escorregas insufl\u00e1veis e castelos insufl\u00e1veis para Portugal - dodo-inflatables.com<\/title>\n<meta name=\"robots\" content=\"index, follow, max-snippet:-1, max-image-preview:large, max-video-preview:-1\" \/>\n<link rel=\"canonical\" href=\"https:\/\/dodo-inflatables.com\/lv\/comprar-escorregas-insuflaveis-e-castelos-insuflaveis-para-portugal\/\" \/>\n<meta name=\"twitter:label1\" content=\"Est. reading time\" \/>\n\t<meta name=\"twitter:data1\" content=\"2 minutes\" \/>\n<script type=\"application\/ld+json\" class=\"yoast-schema-graph\">{\"@context\":\"https:\\\/\\\/schema.org\",\"@graph\":[{\"@type\":\"WebPage\",\"@id\":\"https:\\\/\\\/dodo-inflatables.com\\\/lv\\\/comprar-escorregas-insuflaveis-e-castelos-insuflaveis-para-portugal\\\/\",\"url\":\"https:\\\/\\\/dodo-inflatables.com\\\/lv\\\/comprar-escorregas-insuflaveis-e-castelos-insuflaveis-para-portugal\\\/\",\"name\":\"Comprar escorregas insufl\u00e1veis e castelos insufl\u00e1veis para Portugal - dodo-inflatables.com\",\"isPartOf\":{\"@id\":\"https:\\\/\\\/dodo-inflatables.com\\\/lv\\\/#website\"},\"primaryImageOfPage\":{\"@id\":\"https:\\\/\\\/dodo-inflatables.com\\\/lv\\\/comprar-escorregas-insuflaveis-e-castelos-insuflaveis-para-portugal\\\/#primaryimage\"},\"image\":{\"@id\":\"https:\\\/\\\/dodo-inflatables.com\\\/lv\\\/comprar-escorregas-insuflaveis-e-castelos-insuflaveis-para-portugal\\\/#primaryimage\"},\"thumbnailUrl\":\"https:\\\/\\\/dodo-inflatables.com\\\/wp-content\\\/uploads\\\/2022\\\/01\\\/seperator-kleiner-1024x102.png\",\"datePublished\":\"2024-03-07T18:04:26+00:00\",\"dateModified\":\"2024-07-10T11:56:58+00:00\",\"breadcrumb\":{\"@id\":\"https:\\\/\\\/dodo-inflatables.com\\\/lv\\\/comprar-escorregas-insuflaveis-e-castelos-insuflaveis-para-portugal\\\/#breadcrumb\"},\"inLanguage\":\"lv-LV\",\"potentialAction\":[{\"@type\":\"ReadAction\",\"target\":[\"https:\\\/\\\/dodo-inflatables.com\\\/lv\\\/comprar-escorregas-insuflaveis-e-castelos-insuflaveis-para-portugal\\\/\"]}]},{\"@type\":\"ImageObject\",\"inLanguage\":\"lv-LV\",\"@id\":\"https:\\\/\\\/dodo-inflatables.com\\\/lv\\\/comprar-escorregas-insuflaveis-e-castelos-insuflaveis-para-portugal\\\/#primaryimage\",\"url\":\"https:\\\/\\\/dodo-inflatables.com\\\/wp-content\\\/uploads\\\/2022\\\/01\\\/seperator-kleiner-1024x102.png\",\"contentUrl\":\"https:\\\/\\\/dodo-inflatables.com\\\/wp-content\\\/uploads\\\/2022\\\/01\\\/seperator-kleiner-1024x102.png\"},{\"@type\":\"BreadcrumbList\",\"@id\":\"https:\\\/\\\/dodo-inflatables.com\\\/lv\\\/comprar-escorregas-insuflaveis-e-castelos-insuflaveis-para-portugal\\\/#breadcrumb\",\"itemListElement\":[{\"@type\":\"ListItem\",\"position\":1,\"name\":\"Home\",\"item\":\"https:\\\/\\\/dodo-inflatables.com\\\/lv\\\/\"},{\"@type\":\"ListItem\",\"position\":2,\"name\":\"Comprar escorregas insufl\u00e1veis e castelos insufl\u00e1veis para Portugal\"}]},{\"@type\":\"WebSite\",\"@id\":\"https:\\\/\\\/dodo-inflatables.com\\\/lv\\\/#website\",\"url\":\"https:\\\/\\\/dodo-inflatables.com\\\/lv\\\/\",\"name\":\"dodo-inflatables.com\",\"description\":\"Ieg\u0101d\u0101jieties leco\u0161\u0101s pilis un atrakcijas m\u016bsu veikal\u0101.\",\"publisher\":{\"@id\":\"https:\\\/\\\/dodo-inflatables.com\\\/lv\\\/#organization\"},\"potentialAction\":[{\"@type\":\"SearchAction\",\"target\":{\"@type\":\"EntryPoint\",\"urlTemplate\":\"https:\\\/\\\/dodo-inflatables.com\\\/lv\\\/?s={search_term_string}\"},\"query-input\":{\"@type\":\"PropertyValueSpecification\",\"valueRequired\":true,\"valueName\":\"search_term_string\"}}],\"inLanguage\":\"lv-LV\"},{\"@type\":\"Organization\",\"@id\":\"https:\\\/\\\/dodo-inflatables.com\\\/lv\\\/#organization\",\"name\":\"dodo-inflatables.com\",\"url\":\"https:\\\/\\\/dodo-inflatables.com\\\/lv\\\/\",\"logo\":{\"@type\":\"ImageObject\",\"inLanguage\":\"lv-LV\",\"@id\":\"https:\\\/\\\/dodo-inflatables.com\\\/lv\\\/#\\\/schema\\\/logo\\\/image\\\/\",\"url\":\"https:\\\/\\\/dodo-inflatables.com\\\/wp-content\\\/uploads\\\/2023\\\/04\\\/cropped-cropped-cropped-Dodo-Logo.png\",\"contentUrl\":\"https:\\\/\\\/dodo-inflatables.com\\\/wp-content\\\/uploads\\\/2023\\\/04\\\/cropped-cropped-cropped-Dodo-Logo.png\",\"width\":2996,\"height\":1545,\"caption\":\"dodo-inflatables.com\"},\"image\":{\"@id\":\"https:\\\/\\\/dodo-inflatables.com\\\/lv\\\/#\\\/schema\\\/logo\\\/image\\\/\"}}]}<\/script>\n<!-- \/ Yoast SEO plugin. -->","yoast_head_json":{"title":"Comprar escorregas insufl\u00e1veis e castelos insufl\u00e1veis para Portugal - dodo-inflatables.com","robots":{"index":"index","follow":"follow","max-snippet":"max-snippet:-1","max-image-preview":"max-image-preview:large","max-video-preview":"max-video-preview:-1"},"canonical":"https:\/\/dodo-inflatables.com\/lv\/comprar-escorregas-insuflaveis-e-castelos-insuflaveis-para-portugal\/","twitter_misc":{"Est. reading time":"2 minutes"},"schema":{"@context":"https:\/\/schema.org","@graph":[{"@type":"WebPage","@id":"https:\/\/dodo-inflatables.com\/lv\/comprar-escorregas-insuflaveis-e-castelos-insuflaveis-para-portugal\/","url":"https:\/\/dodo-inflatables.com\/lv\/comprar-escorregas-insuflaveis-e-castelos-insuflaveis-para-portugal\/","name":"Comprar escorregas insufl\u00e1veis e castelos insufl\u00e1veis para Portugal - dodo-inflatables.com","isPartOf":{"@id":"https:\/\/dodo-inflatables.com\/lv\/#website"},"primaryImageOfPage":{"@id":"https:\/\/dodo-inflatables.com\/lv\/comprar-escorregas-insuflaveis-e-castelos-insuflaveis-para-portugal\/#primaryimage"},"image":{"@id":"https:\/\/dodo-inflatables.com\/lv\/comprar-escorregas-insuflaveis-e-castelos-insuflaveis-para-portugal\/#primaryimage"},"thumbnailUrl":"https:\/\/dodo-inflatables.com\/wp-content\/uploads\/2022\/01\/seperator-kleiner-1024x102.png","datePublished":"2024-03-07T18:04:26+00:00","dateModified":"2024-07-10T11:56:58+00:00","breadcrumb":{"@id":"https:\/\/dodo-inflatables.com\/lv\/comprar-escorregas-insuflaveis-e-castelos-insuflaveis-para-portugal\/#breadcrumb"},"inLanguage":"lv-LV","potentialAction":[{"@type":"ReadAction","target":["https:\/\/dodo-inflatables.com\/lv\/comprar-escorregas-insuflaveis-e-castelos-insuflaveis-para-portugal\/"]}]},{"@type":"ImageObject","inLanguage":"lv-LV","@id":"https:\/\/dodo-inflatables.com\/lv\/comprar-escorregas-insuflaveis-e-castelos-insuflaveis-para-portugal\/#primaryimage","url":"https:\/\/dodo-inflatables.com\/wp-content\/uploads\/2022\/01\/seperator-kleiner-1024x102.png","contentUrl":"https:\/\/dodo-inflatables.com\/wp-content\/uploads\/2022\/01\/seperator-kleiner-1024x102.png"},{"@type":"BreadcrumbList","@id":"https:\/\/dodo-inflatables.com\/lv\/comprar-escorregas-insuflaveis-e-castelos-insuflaveis-para-portugal\/#breadcrumb","itemListElement":[{"@type":"ListItem","position":1,"name":"Home","item":"https:\/\/dodo-inflatables.com\/lv\/"},{"@type":"ListItem","position":2,"name":"Comprar escorregas insufl\u00e1veis e castelos insufl\u00e1veis para Portugal"}]},{"@type":"WebSite","@id":"https:\/\/dodo-inflatables.com\/lv\/#website","url":"https:\/\/dodo-inflatables.com\/lv\/","name":"dodo-inflatables.com","description":"Ieg\u0101d\u0101jieties leco\u0161\u0101s pilis un atrakcijas m\u016bsu veikal\u0101.","publisher":{"@id":"https:\/\/dodo-inflatables.com\/lv\/#organization"},"potentialAction":[{"@type":"SearchAction","target":{"@type":"EntryPoint","urlTemplate":"https:\/\/dodo-inflatables.com\/lv\/?s={search_term_string}"},"query-input":{"@type":"PropertyValueSpecification","valueRequired":true,"valueName":"search_term_string"}}],"inLanguage":"lv-LV"},{"@type":"Organization","@id":"https:\/\/dodo-inflatables.com\/lv\/#organization","name":"dodo-inflatables.com","url":"https:\/\/dodo-inflatables.com\/lv\/","logo":{"@type":"ImageObject","inLanguage":"lv-LV","@id":"https:\/\/dodo-inflatables.com\/lv\/#\/schema\/logo\/image\/","url":"https:\/\/dodo-inflatables.com\/wp-content\/uploads\/2023\/04\/cropped-cropped-cropped-Dodo-Logo.png","contentUrl":"https:\/\/dodo-inflatables.com\/wp-content\/uploads\/2023\/04\/cropped-cropped-cropped-Dodo-Logo.png","width":2996,"height":1545,"caption":"dodo-inflatables.com"},"image":{"@id":"https:\/\/dodo-inflatables.com\/lv\/#\/schema\/logo\/image\/"}}]}},"uagb_featured_image_src":{"full":false,"thumbnail":false,"medium":false,"medium_large":false,"large":false,"1536x1536":false,"2048x2048":false,"woocommerce_thumbnail":false,"woocommerce_single":false,"woocommerce_gallery_thumbnail":false},"uagb_author_info":{"display_name":"Andreas","author_link":"https:\/\/dodo-inflatables.com\/lv\/author\/andreas\/"},"uagb_comment_info":0,"uagb_excerpt":"Comprar escorregas insufl\u00e1veis e castelos insufl\u00e1veis para Portugal Bem-vindo a Dodo-Inflatables.com &#8211; a nossa loja online de insuflaveis na Europa! Ieg\u016bstiet m\u016bsu pla\u0161o kvalitat\u012bvu almofadas insufl\u00e1veis, castelos insufl\u00e1veis un escorregas que dar\u00e3o um toque especial a qualquer ocasi\u00e3o izv\u0113li. Ja mekl\u0113jat lielisku lielizm\u0113ra almof\u0101du lielam uz\u0146\u0113muma pas\u0101kumam, mazu pili, kas b\u016btu piem\u0113rots b\u0113rnu dzim\u0161anas dienas&hellip;","_links":{"self":[{"href":"https:\/\/dodo-inflatables.com\/lv\/wp-json\/wp\/v2\/pages\/13398","targetHints":{"allow":["GET"]}}],"collection":[{"href":"https:\/\/dodo-inflatables.com\/lv\/wp-json\/wp\/v2\/pages"}],"about":[{"href":"https:\/\/dodo-inflatables.com\/lv\/wp-json\/wp\/v2\/types\/page"}],"author":[{"embeddable":true,"href":"https:\/\/dodo-inflatables.com\/lv\/wp-json\/wp\/v2\/users\/1"}],"replies":[{"embeddable":true,"href":"https:\/\/dodo-inflatables.com\/lv\/wp-json\/wp\/v2\/comments?post=13398"}],"version-history":[{"count":2,"href":"https:\/\/dodo-inflatables.com\/lv\/wp-json\/wp\/v2\/pages\/13398\/revisions"}],"predecessor-version":[{"id":13402,"href":"https:\/\/dodo-inflatables.com\/lv\/wp-json\/wp\/v2\/pages\/13398\/revisions\/13402"}],"wp:attachment":[{"href":"https:\/\/dodo-inflatables.com\/lv\/wp-json\/wp\/v2\/media?parent=13398"}],"curies":[{"name":"wp","href":"https:\/\/api.w.org\/{rel}","templated":true}]}}