{"id":105558,"date":"2026-04-04T13:54:47","date_gmt":"2026-04-04T11:54:47","guid":{"rendered":"https:\/\/dodo-inflatables.com\/dodo-relaunch?product=mazie-piepusamo-pilu-drosibas-paklaji-120-x-120-x-5-cm"},"modified":"2026-04-04T13:54:47","modified_gmt":"2026-04-04T11:54:47","slug":"mazie-piepusamo-pilu-drosibas-paklaji-120-x-120-x-5-cm","status":"publish","type":"product","link":"https:\/\/dodo-inflatables.com\/lv\/product\/mazie-piepusamo-pilu-drosibas-paklaji-120-x-120-x-5-cm\/","title":{"rendered":"Mazie piep\u016b\u0161amo pilu dro\u0161\u012bbas pakl\u0101ji 120 x 120 x 5 cm"},"content":{"rendered":"<h2>Pirkt mazos dro\u0161\u012bbas pakl\u0101jus piep\u016b\u0161amaj\u0101m pil\u012bm<\/h2>\n<p class=\"p1\">M\u016bsu dro\u0161\u012bbas pakl\u0101ji ir ide\u0101ls papildin\u0101jums jebkurai piep\u016b\u0161amajai pilij un nodro\u0161ina maksim\u0101lu dro\u0161\u012bbu ieejas un izejas zon\u0101. \u012apa\u0161i nomas uz\u0146\u0113mumiem un operatoriem ar augstiem dro\u0161\u012bbas standartiem \u0161ie mazie pakl\u0101ji ir uzticams un ilgiztur\u012bgs risin\u0101jums.<\/p>\n<p class=\"p1\"><span class=\"s1\"><b>Optim\u0101la trieciena absorbcija:<\/b><\/span> Augst\u0101k\u0101s kvalit\u0101tes vieglais EPE putu materi\u0101ls uzticami absorb\u0113 triecienus un iev\u0113rojami samazina savainojumu risku, iek\u0101pjot piep\u016b\u0161amaj\u0101 pil\u012b un izk\u0101pjot no t\u0101s.<\/p>\n<p class=\"p1\"><span class=\"s1\"><b>Vietu taupo\u0161s un elast\u012bgs:<\/b><\/span> Salok\u0101mo dro\u0161\u012bbas pakl\u0101ju var saloc\u012bt tr\u012bs sekcij\u0101s, padarot to \u012bpa\u0161i kompaktu transport\u0113\u0161anai un uzglab\u0101\u0161anai \u2013 ide\u0101li piem\u0113rots mobilai lieto\u0161anai nomas darb\u012bb\u0101s.<\/p>\n<p class=\"p1\"><span class=\"s1\"><b>Uzlabota izgatavo\u0161ana:<\/b><\/span> \u0160uves ir novietotas iek\u0161pus\u0113 un vairs neatrodas uz \u0101r\u0113j\u0101s virsmas. Tas pal\u012bdz nov\u0113rst to berzi pret zemi un priek\u0161laic\u012bgu nodilumu.<\/p>\n<p class=\"p1\"><span class=\"s1\"><b>Maksim\u0101la dro\u0161\u012bba:<\/b><\/span> Apzin\u0101ti izgatavots bez neso\u0161ajiem rokturiem, lai izvair\u012btos no paklup\u0161anas riskiem un padar\u012btu lieto\u0161anu tie\u0161\u0101 piep\u016b\u0161am\u0101s pils tuvum\u0101 v\u0113l dro\u0161\u0101ku.<\/p>\n<p class=\"p1\"><span class=\"s1\"><b>Iztur\u012bgs p\u0101rkl\u0101jums:<\/b><\/span> Iztur\u012bgais PU brezenta audums ir ilgm\u016b\u017e\u012bgs, viegli kopjams un paredz\u0113ts regul\u0101rai lieto\u0161anai pas\u0101kumu un nomas nozar\u0113.<\/p>\n<p>&nbsp;<br \/>\n<strong>Maz\u0101 dro\u0161\u012bbas pakl\u0101ja deta\u013cas<\/strong><\/p>\n<ul>\n<li>Atv\u0113rtie izm\u0113ri: 120 x 120 x 5 cm<\/li>\n<li>Saloc\u012btie izm\u0113ri: 60 x 120 x 10 cm<\/li>\n<li>Putu materi\u0101ls: EPE RG 18<\/li>\n<li>P\u0101rkl\u0101juma materi\u0101ls: PU brezenta audums, biezums 0,6 mm<\/li>\n<li>Svars: 2,8 kg<\/li>\n<\/ul>\n","protected":false},"excerpt":{"rendered":"<ul>\n<li>Atv\u0113rtie izm\u0113ri: 120 x 120 x 5 cm<\/li>\n<li>Saloc\u012btie izm\u0113ri: 60 x 120 x 10 cm<\/li>\n<li>Putu materi\u0101ls: EPE RG 18<\/li>\n<li>P\u0101rkl\u0101juma materi\u0101ls: PU brezenta audums, biezums 0,6 mm<\/li>\n<li>Svars: 2,8 kg<\/li>\n<\/ul>\n","protected":false},"featured_media":105552,"comment_status":"open","ping_status":"closed","template":"","meta":{"_acf_changed":false,"_uag_custom_page_level_css":"","site-sidebar-layout":"default","site-content-layout":"boxed-container","ast-site-content-layout":"normal-width-container","site-content-style":"boxed","site-sidebar-style":"default","ast-global-header-display":"","ast-banner-title-visibility":"","ast-main-header-display":"","ast-hfb-above-header-display":"","ast-hfb-below-header-display":"","ast-hfb-mobile-header-display":"","site-post-title":"disabled","ast-breadcrumbs-content":"","ast-featured-img":"","footer-sml-layout":"","ast-disable-related-posts":"","theme-transparent-header-meta":"default","adv-header-id-meta":"","stick-header-meta":"default","header-above-stick-meta":"","header-main-stick-meta":"","header-below-stick-meta":"","astra-migrate-meta-layouts":"default","ast-page-background-enabled":"default","ast-page-background-meta":{"desktop":{"background-color":"var(--ast-global-color-4)","background-image":"","background-repeat":"repeat","background-position":"center center","background-size":"auto","background-attachment":"scroll","background-type":"","background-media":"","overlay-type":"","overlay-color":"","overlay-opacity":"","overlay-gradient":""},"tablet":{"background-color":"","background-image":"","background-repeat":"repeat","background-position":"center center","background-size":"auto","background-attachment":"scroll","background-type":"","background-media":"","overlay-type":"","overlay-color":"","overlay-opacity":"","overlay-gradient":""},"mobile":{"background-color":"","background-image":"","background-repeat":"repeat","background-position":"center center","background-size":"auto","background-attachment":"scroll","background-type":"","background-media":"","overlay-type":"","overlay-color":"","overlay-opacity":"","overlay-gradient":""}},"ast-content-background-meta":{"desktop":{"background-color":"var(--ast-global-color-5)","background-image":"","background-repeat":"repeat","background-position":"center center","background-size":"auto","background-attachment":"scroll","background-type":"","background-media":"","overlay-type":"","overlay-color":"","overlay-opacity":"","overlay-gradient":""},"tablet":{"background-color":"var(--ast-global-color-5)","background-image":"","background-repeat":"repeat","background-position":"center center","background-size":"auto","background-attachment":"scroll","background-type":"","background-media":"","overlay-type":"","overlay-color":"","overlay-opacity":"","overlay-gradient":""},"mobile":{"background-color":"var(--ast-global-color-5)","background-image":"","background-repeat":"repeat","background-position":"center center","background-size":"auto","background-attachment":"scroll","background-type":"","background-media":"","overlay-type":"","overlay-color":"","overlay-opacity":"","overlay-gradient":""}}},"product_brand":[],"product_cat":[1154],"product_tag":[],"class_list":{"0":"post-105558","1":"product","2":"type-product","3":"status-publish","4":"has-post-thumbnail","6":"product_cat-piedavajumi","7":"product_shipping_class-spedition-hupfburg-lv","8":"desktop-align-center","9":"tablet-align-center","10":"mobile-align-center","11":"ast-product-gallery-layout-horizontal","12":"ast-product-tabs-layout-horizontal","14":"first","15":"instock","16":"taxable","17":"shipping-taxable","18":"purchasable","19":"product-type-simple"},"acf":[],"yoast_head":"<!-- This site is optimized with the Yoast SEO plugin v27.5 - https:\/\/yoast.com\/product\/yoast-seo-wordpress\/ -->\n<title>Mazie piep\u016b\u0161amo pilu dro\u0161\u012bbas pakl\u0101ji 120 x 120 x 5 cm | Dodo Inflatables<\/title>\n<meta name=\"description\" content=\"Mazie piep\u016b\u0161amo pilu dro\u0161\u012bbas pakl\u0101ji \u2013 EPE putas, salok\u0101ms tr\u012bs sekcij\u0101s, PU brezenta auduma p\u0101rkl\u0101jums. Maksim\u0101la dro\u0161\u012bba ieejas un izejas zon\u0101, ide\u0101ls nomas uz\u0146\u0113mumiem.\" \/>\n<meta name=\"robots\" content=\"index, follow, max-snippet:-1, max-image-preview:large, max-video-preview:-1\" \/>\n<link rel=\"canonical\" href=\"https:\/\/dodo-inflatables.com\/lv\/product\/mazie-piepusamo-pilu-drosibas-paklaji-120-x-120-x-5-cm\/\" \/>\n<meta name=\"twitter:label1\" content=\"Est. reading time\" \/>\n\t<meta name=\"twitter:data1\" content=\"1 minute\" \/>\n<script type=\"application\/ld+json\" class=\"yoast-schema-graph\">{\"@context\":\"https:\\\/\\\/schema.org\",\"@graph\":[{\"@type\":\"WebPage\",\"@id\":\"https:\\\/\\\/dodo-inflatables.com\\\/lv\\\/product\\\/mazie-piepusamo-pilu-drosibas-paklaji-120-x-120-x-5-cm\\\/\",\"url\":\"https:\\\/\\\/dodo-inflatables.com\\\/lv\\\/product\\\/mazie-piepusamo-pilu-drosibas-paklaji-120-x-120-x-5-cm\\\/\",\"name\":\"Mazie piep\u016b\u0161amo pilu dro\u0161\u012bbas pakl\u0101ji 120 x 120 x 5 cm | Dodo Inflatables\",\"isPartOf\":{\"@id\":\"https:\\\/\\\/dodo-inflatables.com\\\/lv\\\/#website\"},\"primaryImageOfPage\":{\"@id\":\"https:\\\/\\\/dodo-inflatables.com\\\/lv\\\/product\\\/mazie-piepusamo-pilu-drosibas-paklaji-120-x-120-x-5-cm\\\/#primaryimage\"},\"image\":{\"@id\":\"https:\\\/\\\/dodo-inflatables.com\\\/lv\\\/product\\\/mazie-piepusamo-pilu-drosibas-paklaji-120-x-120-x-5-cm\\\/#primaryimage\"},\"thumbnailUrl\":\"https:\\\/\\\/dodo-inflatables.com\\\/wp-content\\\/uploads\\\/2026\\\/04\\\/Buy-small-fall-protection-mats-for-bouncy-castles-06.jpg\",\"datePublished\":\"2026-04-04T11:54:47+00:00\",\"description\":\"Mazie piep\u016b\u0161amo pilu dro\u0161\u012bbas pakl\u0101ji \u2013 EPE putas, salok\u0101ms tr\u012bs sekcij\u0101s, PU brezenta auduma p\u0101rkl\u0101jums. Maksim\u0101la dro\u0161\u012bba ieejas un izejas zon\u0101, ide\u0101ls nomas uz\u0146\u0113mumiem.\",\"breadcrumb\":{\"@id\":\"https:\\\/\\\/dodo-inflatables.com\\\/lv\\\/product\\\/mazie-piepusamo-pilu-drosibas-paklaji-120-x-120-x-5-cm\\\/#breadcrumb\"},\"inLanguage\":\"lv-LV\",\"potentialAction\":[{\"@type\":\"ReadAction\",\"target\":[\"https:\\\/\\\/dodo-inflatables.com\\\/lv\\\/product\\\/mazie-piepusamo-pilu-drosibas-paklaji-120-x-120-x-5-cm\\\/\"]}]},{\"@type\":\"ImageObject\",\"inLanguage\":\"lv-LV\",\"@id\":\"https:\\\/\\\/dodo-inflatables.com\\\/lv\\\/product\\\/mazie-piepusamo-pilu-drosibas-paklaji-120-x-120-x-5-cm\\\/#primaryimage\",\"url\":\"https:\\\/\\\/dodo-inflatables.com\\\/wp-content\\\/uploads\\\/2026\\\/04\\\/Buy-small-fall-protection-mats-for-bouncy-castles-06.jpg\",\"contentUrl\":\"https:\\\/\\\/dodo-inflatables.com\\\/wp-content\\\/uploads\\\/2026\\\/04\\\/Buy-small-fall-protection-mats-for-bouncy-castles-06.jpg\",\"width\":1000,\"height\":1000,\"caption\":\"Mazie piep\u016b\u0161amo pilu dro\u0161\u012bbas pakl\u0101ji 120 x 120 x 5 cm | Dodo Inflatables\"},{\"@type\":\"BreadcrumbList\",\"@id\":\"https:\\\/\\\/dodo-inflatables.com\\\/lv\\\/product\\\/mazie-piepusamo-pilu-drosibas-paklaji-120-x-120-x-5-cm\\\/#breadcrumb\",\"itemListElement\":[{\"@type\":\"ListItem\",\"position\":1,\"name\":\"Home\",\"item\":\"https:\\\/\\\/dodo-inflatables.com\\\/lv\\\/\"},{\"@type\":\"ListItem\",\"position\":2,\"name\":\"Veikals\",\"item\":\"https:\\\/\\\/dodo-inflatables.com\\\/lv\\\/veikals\\\/\"},{\"@type\":\"ListItem\",\"position\":3,\"name\":\"Mazie piep\u016b\u0161amo pilu dro\u0161\u012bbas pakl\u0101ji 120 x 120 x 5 cm\"}]},{\"@type\":\"WebSite\",\"@id\":\"https:\\\/\\\/dodo-inflatables.com\\\/lv\\\/#website\",\"url\":\"https:\\\/\\\/dodo-inflatables.com\\\/lv\\\/\",\"name\":\"dodo-inflatables.com\",\"description\":\"Ieg\u0101d\u0101jieties leco\u0161\u0101s pilis un atrakcijas m\u016bsu veikal\u0101.\",\"potentialAction\":[{\"@type\":\"SearchAction\",\"target\":{\"@type\":\"EntryPoint\",\"urlTemplate\":\"https:\\\/\\\/dodo-inflatables.com\\\/lv\\\/?s={search_term_string}\"},\"query-input\":{\"@type\":\"PropertyValueSpecification\",\"valueRequired\":true,\"valueName\":\"search_term_string\"}}],\"inLanguage\":\"lv-LV\"}]}<\/script>\n<!-- \/ Yoast SEO plugin. -->","yoast_head_json":{"title":"Mazie piep\u016b\u0161amo pilu dro\u0161\u012bbas pakl\u0101ji 120 x 120 x 5 cm | Dodo Inflatables","description":"Mazie piep\u016b\u0161amo pilu dro\u0161\u012bbas pakl\u0101ji \u2013 EPE putas, salok\u0101ms tr\u012bs sekcij\u0101s, PU brezenta auduma p\u0101rkl\u0101jums. Maksim\u0101la dro\u0161\u012bba ieejas un izejas zon\u0101, ide\u0101ls nomas uz\u0146\u0113mumiem.","robots":{"index":"index","follow":"follow","max-snippet":"max-snippet:-1","max-image-preview":"max-image-preview:large","max-video-preview":"max-video-preview:-1"},"canonical":"https:\/\/dodo-inflatables.com\/lv\/product\/mazie-piepusamo-pilu-drosibas-paklaji-120-x-120-x-5-cm\/","twitter_misc":{"Est. reading time":"1 minute"},"schema":{"@context":"https:\/\/schema.org","@graph":[{"@type":"WebPage","@id":"https:\/\/dodo-inflatables.com\/lv\/product\/mazie-piepusamo-pilu-drosibas-paklaji-120-x-120-x-5-cm\/","url":"https:\/\/dodo-inflatables.com\/lv\/product\/mazie-piepusamo-pilu-drosibas-paklaji-120-x-120-x-5-cm\/","name":"Mazie piep\u016b\u0161amo pilu dro\u0161\u012bbas pakl\u0101ji 120 x 120 x 5 cm | Dodo Inflatables","isPartOf":{"@id":"https:\/\/dodo-inflatables.com\/lv\/#website"},"primaryImageOfPage":{"@id":"https:\/\/dodo-inflatables.com\/lv\/product\/mazie-piepusamo-pilu-drosibas-paklaji-120-x-120-x-5-cm\/#primaryimage"},"image":{"@id":"https:\/\/dodo-inflatables.com\/lv\/product\/mazie-piepusamo-pilu-drosibas-paklaji-120-x-120-x-5-cm\/#primaryimage"},"thumbnailUrl":"https:\/\/dodo-inflatables.com\/wp-content\/uploads\/2026\/04\/Buy-small-fall-protection-mats-for-bouncy-castles-06.jpg","datePublished":"2026-04-04T11:54:47+00:00","description":"Mazie piep\u016b\u0161amo pilu dro\u0161\u012bbas pakl\u0101ji \u2013 EPE putas, salok\u0101ms tr\u012bs sekcij\u0101s, PU brezenta auduma p\u0101rkl\u0101jums. Maksim\u0101la dro\u0161\u012bba ieejas un izejas zon\u0101, ide\u0101ls nomas uz\u0146\u0113mumiem.","breadcrumb":{"@id":"https:\/\/dodo-inflatables.com\/lv\/product\/mazie-piepusamo-pilu-drosibas-paklaji-120-x-120-x-5-cm\/#breadcrumb"},"inLanguage":"lv-LV","potentialAction":[{"@type":"ReadAction","target":["https:\/\/dodo-inflatables.com\/lv\/product\/mazie-piepusamo-pilu-drosibas-paklaji-120-x-120-x-5-cm\/"]}]},{"@type":"ImageObject","inLanguage":"lv-LV","@id":"https:\/\/dodo-inflatables.com\/lv\/product\/mazie-piepusamo-pilu-drosibas-paklaji-120-x-120-x-5-cm\/#primaryimage","url":"https:\/\/dodo-inflatables.com\/wp-content\/uploads\/2026\/04\/Buy-small-fall-protection-mats-for-bouncy-castles-06.jpg","contentUrl":"https:\/\/dodo-inflatables.com\/wp-content\/uploads\/2026\/04\/Buy-small-fall-protection-mats-for-bouncy-castles-06.jpg","width":1000,"height":1000,"caption":"Mazie piep\u016b\u0161amo pilu dro\u0161\u012bbas pakl\u0101ji 120 x 120 x 5 cm | Dodo Inflatables"},{"@type":"BreadcrumbList","@id":"https:\/\/dodo-inflatables.com\/lv\/product\/mazie-piepusamo-pilu-drosibas-paklaji-120-x-120-x-5-cm\/#breadcrumb","itemListElement":[{"@type":"ListItem","position":1,"name":"Home","item":"https:\/\/dodo-inflatables.com\/lv\/"},{"@type":"ListItem","position":2,"name":"Veikals","item":"https:\/\/dodo-inflatables.com\/lv\/veikals\/"},{"@type":"ListItem","position":3,"name":"Mazie piep\u016b\u0161amo pilu dro\u0161\u012bbas pakl\u0101ji 120 x 120 x 5 cm"}]},{"@type":"WebSite","@id":"https:\/\/dodo-inflatables.com\/lv\/#website","url":"https:\/\/dodo-inflatables.com\/lv\/","name":"dodo-inflatables.com","description":"Ieg\u0101d\u0101jieties leco\u0161\u0101s pilis un atrakcijas m\u016bsu veikal\u0101.","potentialAction":[{"@type":"SearchAction","target":{"@type":"EntryPoint","urlTemplate":"https:\/\/dodo-inflatables.com\/lv\/?s={search_term_string}"},"query-input":{"@type":"PropertyValueSpecification","valueRequired":true,"valueName":"search_term_string"}}],"inLanguage":"lv-LV"}]}},"uagb_featured_image_src":{"full":["https:\/\/dodo-inflatables.com\/wp-content\/uploads\/2026\/04\/Buy-small-fall-protection-mats-for-bouncy-castles-06.jpg",1000,1000,false],"thumbnail":["https:\/\/dodo-inflatables.com\/wp-content\/uploads\/2026\/04\/Buy-small-fall-protection-mats-for-bouncy-castles-06-150x150.jpg",150,150,true],"medium":["https:\/\/dodo-inflatables.com\/wp-content\/uploads\/2026\/04\/Buy-small-fall-protection-mats-for-bouncy-castles-06-300x300.jpg",300,300,true],"medium_large":["https:\/\/dodo-inflatables.com\/wp-content\/uploads\/2026\/04\/Buy-small-fall-protection-mats-for-bouncy-castles-06-768x768.jpg",768,768,true],"large":["https:\/\/dodo-inflatables.com\/wp-content\/uploads\/2026\/04\/Buy-small-fall-protection-mats-for-bouncy-castles-06.jpg",1000,1000,false],"1536x1536":["https:\/\/dodo-inflatables.com\/wp-content\/uploads\/2026\/04\/Buy-small-fall-protection-mats-for-bouncy-castles-06.jpg",1000,1000,false],"2048x2048":["https:\/\/dodo-inflatables.com\/wp-content\/uploads\/2026\/04\/Buy-small-fall-protection-mats-for-bouncy-castles-06.jpg",1000,1000,false],"woocommerce_thumbnail":["https:\/\/dodo-inflatables.com\/wp-content\/uploads\/2026\/04\/Buy-small-fall-protection-mats-for-bouncy-castles-06-900x900.jpg",900,900,true],"woocommerce_single":["https:\/\/dodo-inflatables.com\/wp-content\/uploads\/2026\/04\/Buy-small-fall-protection-mats-for-bouncy-castles-06-900x900.jpg",900,900,true],"woocommerce_gallery_thumbnail":["https:\/\/dodo-inflatables.com\/wp-content\/uploads\/2026\/04\/Buy-small-fall-protection-mats-for-bouncy-castles-06-100x100.jpg",100,100,true]},"uagb_author_info":{"display_name":"Andreas","author_link":"https:\/\/dodo-inflatables.com\/lv\/author\/"},"uagb_comment_info":0,"uagb_excerpt":"Atv\u0113rtie izm\u0113ri: 120 x 120 x 5 cm Saloc\u012btie izm\u0113ri: 60 x 120 x 10 cm Putu materi\u0101ls: EPE RG 18 P\u0101rkl\u0101juma materi\u0101ls: PU brezenta audums, biezums 0,6 mm Svars: 2,8 kg","_links":{"self":[{"href":"https:\/\/dodo-inflatables.com\/lv\/wp-json\/wp\/v2\/product\/105558","targetHints":{"allow":["GET"]}}],"collection":[{"href":"https:\/\/dodo-inflatables.com\/lv\/wp-json\/wp\/v2\/product"}],"about":[{"href":"https:\/\/dodo-inflatables.com\/lv\/wp-json\/wp\/v2\/types\/product"}],"replies":[{"embeddable":true,"href":"https:\/\/dodo-inflatables.com\/lv\/wp-json\/wp\/v2\/comments?post=105558"}],"wp:featuredmedia":[{"embeddable":true,"href":"https:\/\/dodo-inflatables.com\/lv\/wp-json\/wp\/v2\/media\/105552"}],"wp:attachment":[{"href":"https:\/\/dodo-inflatables.com\/lv\/wp-json\/wp\/v2\/media?parent=105558"}],"wp:term":[{"taxonomy":"product_brand","embeddable":true,"href":"https:\/\/dodo-inflatables.com\/lv\/wp-json\/wp\/v2\/product_brand?post=105558"},{"taxonomy":"product_cat","embeddable":true,"href":"https:\/\/dodo-inflatables.com\/lv\/wp-json\/wp\/v2\/product_cat?post=105558"},{"taxonomy":"product_tag","embeddable":true,"href":"https:\/\/dodo-inflatables.com\/lv\/wp-json\/wp\/v2\/product_tag?post=105558"}],"curies":[{"name":"wp","href":"https:\/\/api.w.org\/{rel}","templated":true}]}}