{"id":105688,"date":"2026-04-04T13:54:46","date_gmt":"2026-04-04T11:54:46","guid":{"rendered":"https:\/\/dodo-inflatables.com\/dodo-relaunch?product=starter-set-liels-huawei-15-hp"},"modified":"2026-04-04T13:54:46","modified_gmt":"2026-04-04T11:54:46","slug":"starter-set-liels-huawei-15-hp","status":"publish","type":"product","link":"https:\/\/dodo-inflatables.com\/lv\/product\/starter-set-liels-huawei-15-hp\/","title":{"rendered":"Starter Set liels &#8211; Huawei 1,5 HP"},"content":{"rendered":"<h2>Starter Set liels &#8211; Huawei \u2013 Viss nepiecie\u0161amais piep\u016b\u0161am\u0101s pils perfektam s\u0101kumam!<\/h2>\n<p>&nbsp;<br \/>\nVai esat ieg\u0101d\u0101jies piep\u016b\u0161amo pili un v\u0113laties nekav\u0113joties s\u0101kt? Tad m\u016bsu Starter Set liels &#8211; Huawei ir tie\u0161i tas, kas jums nepiecie\u0161ams! Tas ietver visus b\u016btiskos piederumus, kas nepiecie\u0161ami dro\u0161ai un netrauc\u0113tai piep\u016b\u0161am\u0101s pils darb\u012bbai \u2013 un k\u0101 papildu bonuss dubultais deflators ir iek\u013cauts bez maksas!<br \/>\n<em><strong>\u0160aj\u0101 komplekt\u0101 iek\u013cauts:<\/strong><\/em><br \/>\n\u2705 <strong>Huawei p\u016bt\u0113js (1,5 HP) &#8211; <\/strong><br \/>\nSp\u0113c\u012bgs un uzticams p\u016bt\u0113js ir katras piep\u016b\u0161am\u0101s pils sirds. Huawei 1,5 HP p\u016bt\u0113js nodro\u0161ina \u0101tru un vienm\u0113r\u012bgu piep\u016b\u0161anu, t\u0101p\u0113c j\u016bsu piep\u016b\u0161am\u0101 pils ir gatava lieto\u0161anai \u012bs\u0101 laik\u0101. Tas darbojas efekt\u012bvi, ir izgatavots ilgm\u016b\u017e\u012bgam un ir ide\u0101li piem\u0113rots piep\u016b\u0161amo pilu pras\u012bb\u0101m.<br \/>\n\u2705 <strong>Zemes mieti dro\u0161ai nostiprin\u0101\u0161anai &#8211; <\/strong><br \/>\nLai j\u016bsu piep\u016b\u0161am\u0101 pils paliktu stabila un dro\u0161i sav\u0101 viet\u0101, komplekt\u0101 ir iek\u013cauti augst\u0101k\u0101s kvalit\u0101tes zemes mieti. Tie pal\u012bdz nodro\u0161in\u0101t, ka j\u016bsu piep\u016b\u0161am\u0101 konstrukcija paliek stingri novietota, pat intens\u012bvas lieto\u0161anas un ener\u0123iskas l\u0113k\u0101\u0161anas laik\u0101, k\u0101 ar\u012b sniedz papildu dro\u0161\u012bbu vieglos v\u0113ja apst\u0101k\u013cos. Vienk\u0101r\u0161a lieto\u0161ana, maksim\u0101la dro\u0161\u012bba!<br \/>\n\u2705 <strong>Apak\u0161kl\u0101jums (5 x 6 m) \u2013 Aizsardz\u012bba j\u016bsu piep\u016b\u0161amajai pilij &#8211; <\/strong><br \/>\nLabs apak\u0161kl\u0101jums ir b\u016btisks, lai aizsarg\u0101tu j\u016bsu piep\u016b\u0161amo pili no net\u012brumiem, maziem akme\u0146iem un nevienm\u0113r\u012bg\u0101m virsm\u0101m. Komplekt\u0101 iek\u013cautais 5 x 6 m apak\u0161kl\u0101jums nodro\u0161ina iztur\u012bgu aizsargk\u0101rtu un pal\u012bdz pagarin\u0101t j\u016bsu piep\u016b\u0161am\u0101s konstrukcijas kalpo\u0161anas laiku.<br \/>\n\u2705 <strong>Dro\u0161\u012bbas pakl\u0101ji papildu aizsardz\u012bbai<\/strong><br \/>\n1x liels dro\u0161\u012bbas pakl\u0101js \u2013 Ide\u0101li piem\u0113rots \u012bpa\u0161i jut\u012bg\u0101m zon\u0101m, piem\u0113ram, ieejai vai slidkalni\u0146a zonai.<br \/>\n2x mazi dro\u0161\u012bbas pakl\u0101ji \u2013 Papildu aizsardz\u012bba cit\u0101m ieejas un izejas zon\u0101m.<br \/>\n\ud83d\udca8 <strong>Iek\u013cauts bez maksas: Dubultais deflators \u2013 \u0101tr\u0101kai salik\u0161anai! &#8211; <\/strong><br \/>\nKad jautr\u012bba ir beigusies, piep\u016b\u0161am\u0101 pils ir j\u0101izp\u016b\u0161 un j\u0101saliek \u2013 un tie\u0161i \u0161eit n\u0101k deflators! \u0160is praktiskais piederums pal\u012bdz izvad\u012bt gaisu daudz \u0101tr\u0101k, padarot salik\u0161anu \u0101tru un vienk\u0101r\u0161u.<br \/>\n<strong>K\u0101p\u0113c izv\u0113l\u0113ties \u0161o starter setu?<\/strong><br \/>\n\u2714 <em>Lieliski piem\u0113roti piederumi<\/em> \u2013 Viss nepiecie\u0161amais s\u0101k\u0161anai vien\u0101 praktisk\u0101 komplekt\u0101.<br \/>\n\u2714 <em>Maksim\u0101la dro\u0161\u012bba<\/em> \u2013 Pateicoties dro\u0161\u012bbas pakl\u0101jiem ieejas un izejas zon\u0101s.<br \/>\n\u2714 <em>\u0100tra uzst\u0101d\u012b\u0161ana un dro\u0161a darb\u012bba<\/em> \u2013 Pateicoties jaud\u012bgajam p\u016bt\u0113jam un iztur\u012bgajiem zemes mietiem.<br \/>\n\u2714 <em>Ilg\u0101ks kalpo\u0161anas laiks j\u016bsu piep\u016b\u0161amajai pilij<\/em> \u2013 Ar aizsarg\u0101jo\u0161o apak\u0161kl\u0101jumu.<br \/>\n\u2714 <em>Vienk\u0101r\u0161\u0101ka salik\u0161ana<\/em> \u2013 Bezmaksas dubultais deflators ietaupa j\u016bsu laiku un p\u016bles!<br \/>\nAr Starter Set liels &#8211; Huawei esat piln\u012bb\u0101 apr\u012bkots un gatavs s\u0101kt nekav\u0113joties.<\/p>\n","protected":false},"excerpt":{"rendered":"<p>\u2714 <em>Lieliski piem\u0113roti piederumi<\/em> \u2013 Viss nepiecie\u0161amais s\u0101k\u0161anai vien\u0101 praktisk\u0101 komplekt\u0101.<br \/>\n\u2714 <em>Maksim\u0101la dro\u0161\u012bba<\/em> \u2013 Pateicoties dro\u0161\u012bbas pakl\u0101jiem ieejas un izejas zon\u0101s.<br \/>\n\u2714 <em>\u0100tra uzst\u0101d\u012b\u0161ana un dro\u0161a darb\u012bba<\/em> \u2013 Pateicoties jaud\u012bgajam p\u016bt\u0113jam un iztur\u012bgajiem zemes mietiem.<br \/>\n\u2714 <em>Ilg\u0101ks kalpo\u0161anas laiks j\u016bsu piep\u016b\u0161amajai pilij<\/em> \u2013 Ar aizsarg\u0101jo\u0161o apak\u0161kl\u0101jumu.<br \/>\n\u2714 <em>Vienk\u0101r\u0161\u0101ka salik\u0161ana<\/em> \u2013 Bezmaksas dubultais deflators ietaupa j\u016bsu laiku un p\u016bles!<\/p>\n","protected":false},"featured_media":105687,"comment_status":"open","ping_status":"closed","template":"","meta":{"_acf_changed":false,"_uag_custom_page_level_css":"","site-sidebar-layout":"default","site-content-layout":"boxed-container","ast-site-content-layout":"normal-width-container","site-content-style":"boxed","site-sidebar-style":"default","ast-global-header-display":"","ast-banner-title-visibility":"","ast-main-header-display":"","ast-hfb-above-header-display":"","ast-hfb-below-header-display":"","ast-hfb-mobile-header-display":"","site-post-title":"disabled","ast-breadcrumbs-content":"","ast-featured-img":"","footer-sml-layout":"","ast-disable-related-posts":"","theme-transparent-header-meta":"default","adv-header-id-meta":"","stick-header-meta":"default","header-above-stick-meta":"","header-main-stick-meta":"","header-below-stick-meta":"","astra-migrate-meta-layouts":"default","ast-page-background-enabled":"default","ast-page-background-meta":{"desktop":{"background-color":"var(--ast-global-color-4)","background-image":"","background-repeat":"repeat","background-position":"center center","background-size":"auto","background-attachment":"scroll","background-type":"","background-media":"","overlay-type":"","overlay-color":"","overlay-opacity":"","overlay-gradient":""},"tablet":{"background-color":"","background-image":"","background-repeat":"repeat","background-position":"center center","background-size":"auto","background-attachment":"scroll","background-type":"","background-media":"","overlay-type":"","overlay-color":"","overlay-opacity":"","overlay-gradient":""},"mobile":{"background-color":"","background-image":"","background-repeat":"repeat","background-position":"center center","background-size":"auto","background-attachment":"scroll","background-type":"","background-media":"","overlay-type":"","overlay-color":"","overlay-opacity":"","overlay-gradient":""}},"ast-content-background-meta":{"desktop":{"background-color":"var(--ast-global-color-5)","background-image":"","background-repeat":"repeat","background-position":"center center","background-size":"auto","background-attachment":"scroll","background-type":"","background-media":"","overlay-type":"","overlay-color":"","overlay-opacity":"","overlay-gradient":""},"tablet":{"background-color":"var(--ast-global-color-5)","background-image":"","background-repeat":"repeat","background-position":"center center","background-size":"auto","background-attachment":"scroll","background-type":"","background-media":"","overlay-type":"","overlay-color":"","overlay-opacity":"","overlay-gradient":""},"mobile":{"background-color":"var(--ast-global-color-5)","background-image":"","background-repeat":"repeat","background-position":"center center","background-size":"auto","background-attachment":"scroll","background-type":"","background-media":"","overlay-type":"","overlay-color":"","overlay-opacity":"","overlay-gradient":""}}},"product_brand":[],"product_cat":[1154],"product_tag":[],"class_list":{"0":"post-105688","1":"product","2":"type-product","3":"status-publish","4":"has-post-thumbnail","6":"product_cat-piedavajumi","7":"product_shipping_class-spedition-hupfburg-lv","8":"desktop-align-center","9":"tablet-align-center","10":"mobile-align-center","11":"ast-product-gallery-layout-horizontal","12":"ast-product-tabs-layout-horizontal","14":"first","15":"instock","16":"sale","17":"taxable","18":"shipping-taxable","19":"purchasable","20":"product-type-simple"},"acf":[],"yoast_head":"<!-- This site is optimized with the Yoast SEO plugin v27.5 - https:\/\/yoast.com\/product\/yoast-seo-wordpress\/ -->\n<title>Starter Set liels - Huawei 1,5 HP piep\u016b\u0161amaj\u0101m pil\u012bm | Dodo Inflatables<\/title>\n<meta name=\"description\" content=\"Starter Set liels - Huawei 1,5 HP \u2013 p\u016bt\u0113js, zemes mieti, apak\u0161kl\u0101jums 5 x 6 m, dro\u0161\u012bbas pakl\u0101ji un bezmaksas dubultais deflators. Viss piep\u016b\u0161am\u0101s pils perfektam s\u0101kumam.\" \/>\n<meta name=\"robots\" content=\"index, follow, max-snippet:-1, max-image-preview:large, max-video-preview:-1\" \/>\n<link rel=\"canonical\" href=\"https:\/\/dodo-inflatables.com\/lv\/product\/starter-set-liels-huawei-15-hp\/\" \/>\n<meta name=\"twitter:label1\" content=\"Est. reading time\" \/>\n\t<meta name=\"twitter:data1\" content=\"3 minutes\" \/>\n<script type=\"application\/ld+json\" class=\"yoast-schema-graph\">{\"@context\":\"https:\\\/\\\/schema.org\",\"@graph\":[{\"@type\":\"WebPage\",\"@id\":\"https:\\\/\\\/dodo-inflatables.com\\\/lv\\\/product\\\/starter-set-liels-huawei-15-hp\\\/\",\"url\":\"https:\\\/\\\/dodo-inflatables.com\\\/lv\\\/product\\\/starter-set-liels-huawei-15-hp\\\/\",\"name\":\"Starter Set liels - Huawei 1,5 HP piep\u016b\u0161amaj\u0101m pil\u012bm | Dodo Inflatables\",\"isPartOf\":{\"@id\":\"https:\\\/\\\/dodo-inflatables.com\\\/lv\\\/#website\"},\"primaryImageOfPage\":{\"@id\":\"https:\\\/\\\/dodo-inflatables.com\\\/lv\\\/product\\\/starter-set-liels-huawei-15-hp\\\/#primaryimage\"},\"image\":{\"@id\":\"https:\\\/\\\/dodo-inflatables.com\\\/lv\\\/product\\\/starter-set-liels-huawei-15-hp\\\/#primaryimage\"},\"thumbnailUrl\":\"https:\\\/\\\/dodo-inflatables.com\\\/wp-content\\\/uploads\\\/2026\\\/04\\\/Starterset-gross-huawei.png\",\"datePublished\":\"2026-04-04T11:54:46+00:00\",\"description\":\"Starter Set liels - Huawei 1,5 HP \u2013 p\u016bt\u0113js, zemes mieti, apak\u0161kl\u0101jums 5 x 6 m, dro\u0161\u012bbas pakl\u0101ji un bezmaksas dubultais deflators. Viss piep\u016b\u0161am\u0101s pils perfektam s\u0101kumam.\",\"breadcrumb\":{\"@id\":\"https:\\\/\\\/dodo-inflatables.com\\\/lv\\\/product\\\/starter-set-liels-huawei-15-hp\\\/#breadcrumb\"},\"inLanguage\":\"lv-LV\",\"potentialAction\":[{\"@type\":\"ReadAction\",\"target\":[\"https:\\\/\\\/dodo-inflatables.com\\\/lv\\\/product\\\/starter-set-liels-huawei-15-hp\\\/\"]}]},{\"@type\":\"ImageObject\",\"inLanguage\":\"lv-LV\",\"@id\":\"https:\\\/\\\/dodo-inflatables.com\\\/lv\\\/product\\\/starter-set-liels-huawei-15-hp\\\/#primaryimage\",\"url\":\"https:\\\/\\\/dodo-inflatables.com\\\/wp-content\\\/uploads\\\/2026\\\/04\\\/Starterset-gross-huawei.png\",\"contentUrl\":\"https:\\\/\\\/dodo-inflatables.com\\\/wp-content\\\/uploads\\\/2026\\\/04\\\/Starterset-gross-huawei.png\",\"width\":1000,\"height\":1000,\"caption\":\"Starter Set liels - Huawei 2 HP piep\u016b\u0161amaj\u0101m pil\u012bm | Dodo Inflatables\"},{\"@type\":\"BreadcrumbList\",\"@id\":\"https:\\\/\\\/dodo-inflatables.com\\\/lv\\\/product\\\/starter-set-liels-huawei-15-hp\\\/#breadcrumb\",\"itemListElement\":[{\"@type\":\"ListItem\",\"position\":1,\"name\":\"Home\",\"item\":\"https:\\\/\\\/dodo-inflatables.com\\\/lv\\\/\"},{\"@type\":\"ListItem\",\"position\":2,\"name\":\"Veikals\",\"item\":\"https:\\\/\\\/dodo-inflatables.com\\\/lv\\\/veikals\\\/\"},{\"@type\":\"ListItem\",\"position\":3,\"name\":\"Starter Set liels &#8211; Huawei 1,5 HP\"}]},{\"@type\":\"WebSite\",\"@id\":\"https:\\\/\\\/dodo-inflatables.com\\\/lv\\\/#website\",\"url\":\"https:\\\/\\\/dodo-inflatables.com\\\/lv\\\/\",\"name\":\"dodo-inflatables.com\",\"description\":\"Ieg\u0101d\u0101jieties leco\u0161\u0101s pilis un atrakcijas m\u016bsu veikal\u0101.\",\"potentialAction\":[{\"@type\":\"SearchAction\",\"target\":{\"@type\":\"EntryPoint\",\"urlTemplate\":\"https:\\\/\\\/dodo-inflatables.com\\\/lv\\\/?s={search_term_string}\"},\"query-input\":{\"@type\":\"PropertyValueSpecification\",\"valueRequired\":true,\"valueName\":\"search_term_string\"}}],\"inLanguage\":\"lv-LV\"}]}<\/script>\n<!-- \/ Yoast SEO plugin. -->","yoast_head_json":{"title":"Starter Set liels - Huawei 1,5 HP piep\u016b\u0161amaj\u0101m pil\u012bm | Dodo Inflatables","description":"Starter Set liels - Huawei 1,5 HP \u2013 p\u016bt\u0113js, zemes mieti, apak\u0161kl\u0101jums 5 x 6 m, dro\u0161\u012bbas pakl\u0101ji un bezmaksas dubultais deflators. Viss piep\u016b\u0161am\u0101s pils perfektam s\u0101kumam.","robots":{"index":"index","follow":"follow","max-snippet":"max-snippet:-1","max-image-preview":"max-image-preview:large","max-video-preview":"max-video-preview:-1"},"canonical":"https:\/\/dodo-inflatables.com\/lv\/product\/starter-set-liels-huawei-15-hp\/","twitter_misc":{"Est. reading time":"3 minutes"},"schema":{"@context":"https:\/\/schema.org","@graph":[{"@type":"WebPage","@id":"https:\/\/dodo-inflatables.com\/lv\/product\/starter-set-liels-huawei-15-hp\/","url":"https:\/\/dodo-inflatables.com\/lv\/product\/starter-set-liels-huawei-15-hp\/","name":"Starter Set liels - Huawei 1,5 HP piep\u016b\u0161amaj\u0101m pil\u012bm | Dodo Inflatables","isPartOf":{"@id":"https:\/\/dodo-inflatables.com\/lv\/#website"},"primaryImageOfPage":{"@id":"https:\/\/dodo-inflatables.com\/lv\/product\/starter-set-liels-huawei-15-hp\/#primaryimage"},"image":{"@id":"https:\/\/dodo-inflatables.com\/lv\/product\/starter-set-liels-huawei-15-hp\/#primaryimage"},"thumbnailUrl":"https:\/\/dodo-inflatables.com\/wp-content\/uploads\/2026\/04\/Starterset-gross-huawei.png","datePublished":"2026-04-04T11:54:46+00:00","description":"Starter Set liels - Huawei 1,5 HP \u2013 p\u016bt\u0113js, zemes mieti, apak\u0161kl\u0101jums 5 x 6 m, dro\u0161\u012bbas pakl\u0101ji un bezmaksas dubultais deflators. Viss piep\u016b\u0161am\u0101s pils perfektam s\u0101kumam.","breadcrumb":{"@id":"https:\/\/dodo-inflatables.com\/lv\/product\/starter-set-liels-huawei-15-hp\/#breadcrumb"},"inLanguage":"lv-LV","potentialAction":[{"@type":"ReadAction","target":["https:\/\/dodo-inflatables.com\/lv\/product\/starter-set-liels-huawei-15-hp\/"]}]},{"@type":"ImageObject","inLanguage":"lv-LV","@id":"https:\/\/dodo-inflatables.com\/lv\/product\/starter-set-liels-huawei-15-hp\/#primaryimage","url":"https:\/\/dodo-inflatables.com\/wp-content\/uploads\/2026\/04\/Starterset-gross-huawei.png","contentUrl":"https:\/\/dodo-inflatables.com\/wp-content\/uploads\/2026\/04\/Starterset-gross-huawei.png","width":1000,"height":1000,"caption":"Starter Set liels - Huawei 2 HP piep\u016b\u0161amaj\u0101m pil\u012bm | Dodo Inflatables"},{"@type":"BreadcrumbList","@id":"https:\/\/dodo-inflatables.com\/lv\/product\/starter-set-liels-huawei-15-hp\/#breadcrumb","itemListElement":[{"@type":"ListItem","position":1,"name":"Home","item":"https:\/\/dodo-inflatables.com\/lv\/"},{"@type":"ListItem","position":2,"name":"Veikals","item":"https:\/\/dodo-inflatables.com\/lv\/veikals\/"},{"@type":"ListItem","position":3,"name":"Starter Set liels &#8211; Huawei 1,5 HP"}]},{"@type":"WebSite","@id":"https:\/\/dodo-inflatables.com\/lv\/#website","url":"https:\/\/dodo-inflatables.com\/lv\/","name":"dodo-inflatables.com","description":"Ieg\u0101d\u0101jieties leco\u0161\u0101s pilis un atrakcijas m\u016bsu veikal\u0101.","potentialAction":[{"@type":"SearchAction","target":{"@type":"EntryPoint","urlTemplate":"https:\/\/dodo-inflatables.com\/lv\/?s={search_term_string}"},"query-input":{"@type":"PropertyValueSpecification","valueRequired":true,"valueName":"search_term_string"}}],"inLanguage":"lv-LV"}]}},"uagb_featured_image_src":{"full":["https:\/\/dodo-inflatables.com\/wp-content\/uploads\/2026\/04\/Starterset-gross-huawei.png",1000,1000,false],"thumbnail":["https:\/\/dodo-inflatables.com\/wp-content\/uploads\/2026\/04\/Starterset-gross-huawei-150x150.png",150,150,true],"medium":["https:\/\/dodo-inflatables.com\/wp-content\/uploads\/2026\/04\/Starterset-gross-huawei-300x300.png",300,300,true],"medium_large":["https:\/\/dodo-inflatables.com\/wp-content\/uploads\/2026\/04\/Starterset-gross-huawei-768x768.png",768,768,true],"large":["https:\/\/dodo-inflatables.com\/wp-content\/uploads\/2026\/04\/Starterset-gross-huawei.png",1000,1000,false],"1536x1536":["https:\/\/dodo-inflatables.com\/wp-content\/uploads\/2026\/04\/Starterset-gross-huawei.png",1000,1000,false],"2048x2048":["https:\/\/dodo-inflatables.com\/wp-content\/uploads\/2026\/04\/Starterset-gross-huawei.png",1000,1000,false],"woocommerce_thumbnail":["https:\/\/dodo-inflatables.com\/wp-content\/uploads\/2026\/04\/Starterset-gross-huawei-900x900.png",900,900,true],"woocommerce_single":["https:\/\/dodo-inflatables.com\/wp-content\/uploads\/2026\/04\/Starterset-gross-huawei-900x900.png",900,900,true],"woocommerce_gallery_thumbnail":["https:\/\/dodo-inflatables.com\/wp-content\/uploads\/2026\/04\/Starterset-gross-huawei-100x100.png",100,100,true]},"uagb_author_info":{"display_name":"Andreas","author_link":"https:\/\/dodo-inflatables.com\/lv\/author\/"},"uagb_comment_info":0,"uagb_excerpt":"\u2714 Lieliski piem\u0113roti piederumi \u2013 Viss nepiecie\u0161amais s\u0101k\u0161anai vien\u0101 praktisk\u0101 komplekt\u0101. \u2714 Maksim\u0101la dro\u0161\u012bba \u2013 Pateicoties dro\u0161\u012bbas pakl\u0101jiem ieejas un izejas zon\u0101s. \u2714 \u0100tra uzst\u0101d\u012b\u0161ana un dro\u0161a darb\u012bba \u2013 Pateicoties jaud\u012bgajam p\u016bt\u0113jam un iztur\u012bgajiem zemes mietiem. \u2714 Ilg\u0101ks kalpo\u0161anas laiks j\u016bsu piep\u016b\u0161amajai pilij \u2013 Ar aizsarg\u0101jo\u0161o apak\u0161kl\u0101jumu. \u2714 Vienk\u0101r\u0161\u0101ka salik\u0161ana \u2013 Bezmaksas dubultais deflators ietaupa&hellip;","_links":{"self":[{"href":"https:\/\/dodo-inflatables.com\/lv\/wp-json\/wp\/v2\/product\/105688","targetHints":{"allow":["GET"]}}],"collection":[{"href":"https:\/\/dodo-inflatables.com\/lv\/wp-json\/wp\/v2\/product"}],"about":[{"href":"https:\/\/dodo-inflatables.com\/lv\/wp-json\/wp\/v2\/types\/product"}],"replies":[{"embeddable":true,"href":"https:\/\/dodo-inflatables.com\/lv\/wp-json\/wp\/v2\/comments?post=105688"}],"wp:featuredmedia":[{"embeddable":true,"href":"https:\/\/dodo-inflatables.com\/lv\/wp-json\/wp\/v2\/media\/105687"}],"wp:attachment":[{"href":"https:\/\/dodo-inflatables.com\/lv\/wp-json\/wp\/v2\/media?parent=105688"}],"wp:term":[{"taxonomy":"product_brand","embeddable":true,"href":"https:\/\/dodo-inflatables.com\/lv\/wp-json\/wp\/v2\/product_brand?post=105688"},{"taxonomy":"product_cat","embeddable":true,"href":"https:\/\/dodo-inflatables.com\/lv\/wp-json\/wp\/v2\/product_cat?post=105688"},{"taxonomy":"product_tag","embeddable":true,"href":"https:\/\/dodo-inflatables.com\/lv\/wp-json\/wp\/v2\/product_tag?post=105688"}],"curies":[{"name":"wp","href":"https:\/\/api.w.org\/{rel}","templated":true}]}}