{"id":105756,"date":"2026-04-04T13:54:46","date_gmt":"2026-04-04T11:54:46","guid":{"rendered":"https:\/\/dodo-inflatables.com\/dodo-relaunch?product=16-pack-huawei-reh-1-5e-puteji-piepusamajam-pilim"},"modified":"2026-04-04T13:54:46","modified_gmt":"2026-04-04T11:54:46","slug":"16-pack-huawei-reh-1-5e-puteji-piepusamajam-pilim","status":"publish","type":"product","link":"https:\/\/dodo-inflatables.com\/lv\/product\/16-pack-huawei-reh-1-5e-puteji-piepusamajam-pilim\/","title":{"rendered":"16-Pack Huawei REH-1.5E p\u016bt\u0113ji piep\u016b\u0161amaj\u0101m pil\u012bm"},"content":{"rendered":"<h2>16-Pack Huawei REH-1.5E p\u016bt\u0113ji piep\u016b\u0161amaj\u0101m pil\u012bm \u2013 Tagad pieejams k\u0101 izdev\u012bgs komplekts!<\/h2>\n<p>Nomas uz\u0146\u0113mumiem, pas\u0101kumu organizatoriem vai klientiem ar liel\u0101ku piep\u016b\u0161amo pilu parku m\u016bsu 16-Pack Huawei REH-1.5E p\u016bt\u0113ji ir ide\u0101la izv\u0113le. Nodro\u0161iniet sev pilnu paleti ar 16 p\u016bt\u0113jiem un efekt\u012bvi apr\u012bkojiet savu invent\u0101ru ar \u0161o praktisko komplektu.<br \/>\n<strong>K\u0101p\u0113c izv\u0113l\u0113ties \u0161o setu?<\/strong><br \/>\n\u2705 <em>Jaud\u012bga gaisa pl\u016bsma<\/em> \u2013 Huawei 1,5 HP p\u016bt\u0113ji nodro\u0161ina \u0101tru piep\u016b\u0161anu un stabilu gaisa spiedienu, t\u0101p\u0113c j\u016bsu piep\u016b\u0161am\u0101s pilis vienm\u0113r ir gatavas lieto\u0161anai.<br \/>\n\u2705 <em>Ide\u0101li piem\u0113rots liel\u0101kiem invent\u0101riem<\/em> \u2013 Praktisks risin\u0101jums uz\u0146\u0113mumiem un operatoriem, kuriem nepiecie\u0161ami vair\u0101ki p\u016bt\u0113ji regul\u0101rai lieto\u0161anai.<br \/>\n\u2705 <em>Papla\u0161in\u0101ms v\u0113l liel\u0101kai efektivit\u0101tei<\/em> \u2013 P\u016bt\u0113ji ir sader\u012bgi ar:<br \/>\n&#8211; Deflatora un dubult\u0101 deflatora piederumiem \u0101tr\u0101kai gaisa izvad\u012b\u0161anai salik\u0161anas laik\u0101.<br \/>\n&#8211; Sild\u012b\u0161anas piederumiem mitro piep\u016b\u0161amo pilu \u017e\u0101v\u0113\u0161anai ar siltin\u0101tu gaisu (abi piederumi tiek p\u0101rdoti atsevi\u0161\u0137i).<br \/>\n<strong>Produkta deta\u013cas (par p\u016bt\u0113ju):<\/strong><br \/>\n&#8211; Materi\u0101ls: augst\u0101k\u0101s kvalit\u0101tes plastmasas korpuss<br \/>\n&#8211; Jauda: 1,35 kW (izeja), 1,8 kW (ieejas), 1,5 HP<br \/>\n&#8211; Savienojums: Schuko kontaktdak\u0161a<br \/>\n&#8211; Piltuves diametrs: 14,5 cm<br \/>\n&#8211; Izm\u0113ri: 49 x 38,5 x 49,5 cm<br \/>\n&#8211; Svars: 16,8 kg<br \/>\n&#8211; Trok\u0161\u0146a l\u012bmenis: 85 dB<br \/>\n&#8211; WEEE re\u0123istr\u0101cijas nr.: DE 82972723<br \/>\nIzmantojiet \u0161o praktisko komplektu, lai efekt\u012bvi papla\u0161in\u0101tu savu invent\u0101ru. Pas\u016btiet savu paleti ar 16 Huawei p\u016bt\u0113jiem tagad!<\/p>\n","protected":false},"excerpt":{"rendered":"<p><strong>Produkta deta\u013cas (par p\u016bt\u0113ju):<\/strong><br \/>\n&#8211; Materi\u0101ls: augst\u0101k\u0101s kvalit\u0101tes plastmasas korpuss<br \/>\n&#8211; Jauda: 1,35 kW (izeja), 1,8 kW (ieejas), 1,5 HP<br \/>\n&#8211; Savienojums: Schuko kontaktdak\u0161a<br \/>\n&#8211; Piltuves diametrs: 14,5 cm<br \/>\n&#8211; Izm\u0113ri: 49 x 38,5 x 49,5 cm<br \/>\n&#8211; Svars: 16,8 kg<br \/>\n&#8211; Trok\u0161\u0146a l\u012bmenis: 85 dB<br \/>\n&#8211; WEEE re\u0123istr\u0101cijas nr.: DE 82972723<\/p>\n","protected":false},"featured_media":105755,"comment_status":"open","ping_status":"closed","template":"","meta":{"_acf_changed":false,"_uag_custom_page_level_css":"","site-sidebar-layout":"default","site-content-layout":"boxed-container","ast-site-content-layout":"normal-width-container","site-content-style":"boxed","site-sidebar-style":"default","ast-global-header-display":"","ast-banner-title-visibility":"","ast-main-header-display":"","ast-hfb-above-header-display":"","ast-hfb-below-header-display":"","ast-hfb-mobile-header-display":"","site-post-title":"disabled","ast-breadcrumbs-content":"","ast-featured-img":"","footer-sml-layout":"","ast-disable-related-posts":"","theme-transparent-header-meta":"default","adv-header-id-meta":"","stick-header-meta":"default","header-above-stick-meta":"","header-main-stick-meta":"","header-below-stick-meta":"","astra-migrate-meta-layouts":"default","ast-page-background-enabled":"default","ast-page-background-meta":{"desktop":{"background-color":"var(--ast-global-color-4)","background-image":"","background-repeat":"repeat","background-position":"center center","background-size":"auto","background-attachment":"scroll","background-type":"","background-media":"","overlay-type":"","overlay-color":"","overlay-opacity":"","overlay-gradient":""},"tablet":{"background-color":"","background-image":"","background-repeat":"repeat","background-position":"center center","background-size":"auto","background-attachment":"scroll","background-type":"","background-media":"","overlay-type":"","overlay-color":"","overlay-opacity":"","overlay-gradient":""},"mobile":{"background-color":"","background-image":"","background-repeat":"repeat","background-position":"center center","background-size":"auto","background-attachment":"scroll","background-type":"","background-media":"","overlay-type":"","overlay-color":"","overlay-opacity":"","overlay-gradient":""}},"ast-content-background-meta":{"desktop":{"background-color":"var(--ast-global-color-5)","background-image":"","background-repeat":"repeat","background-position":"center center","background-size":"auto","background-attachment":"scroll","background-type":"","background-media":"","overlay-type":"","overlay-color":"","overlay-opacity":"","overlay-gradient":""},"tablet":{"background-color":"var(--ast-global-color-5)","background-image":"","background-repeat":"repeat","background-position":"center center","background-size":"auto","background-attachment":"scroll","background-type":"","background-media":"","overlay-type":"","overlay-color":"","overlay-opacity":"","overlay-gradient":""},"mobile":{"background-color":"var(--ast-global-color-5)","background-image":"","background-repeat":"repeat","background-position":"center center","background-size":"auto","background-attachment":"scroll","background-type":"","background-media":"","overlay-type":"","overlay-color":"","overlay-opacity":"","overlay-gradient":""}}},"product_brand":[],"product_cat":[1154],"product_tag":[],"class_list":{"0":"post-105756","1":"product","2":"type-product","3":"status-publish","4":"has-post-thumbnail","6":"product_cat-piedavajumi","7":"product_shipping_class-spedition-hupfburg-lv","8":"desktop-align-center","9":"tablet-align-center","10":"mobile-align-center","11":"ast-product-gallery-layout-horizontal","12":"ast-product-tabs-layout-horizontal","14":"first","15":"instock","16":"sale","17":"taxable","18":"shipping-taxable","19":"purchasable","20":"product-type-simple"},"acf":[],"yoast_head":"<!-- This site is optimized with the Yoast SEO plugin v27.5 - https:\/\/yoast.com\/product\/yoast-seo-wordpress\/ -->\n<title>16-Pack Huawei REH-1.5E p\u016bt\u0113ji piep\u016b\u0161amaj\u0101m pil\u012bm | Dodo Inflatables<\/title>\n<meta name=\"description\" content=\"16-Pack Huawei REH-1.5E p\u016bt\u0113ji piep\u016b\u0161amaj\u0101m pil\u012bm \u2013 1,5 HP, 85 dB, piltuves diametrs 14,5 cm. Ide\u0101ls izdev\u012bgs komplekts nomas uz\u0146\u0113mumiem ar liel\u0101ku piep\u016b\u0161amo pilu parku.\" \/>\n<meta name=\"robots\" content=\"index, follow, max-snippet:-1, max-image-preview:large, max-video-preview:-1\" \/>\n<link rel=\"canonical\" href=\"https:\/\/dodo-inflatables.com\/lv\/product\/16-pack-huawei-reh-1-5e-puteji-piepusamajam-pilim\/\" \/>\n<meta name=\"twitter:label1\" content=\"Est. reading time\" \/>\n\t<meta name=\"twitter:data1\" content=\"1 minute\" \/>\n<script type=\"application\/ld+json\" class=\"yoast-schema-graph\">{\"@context\":\"https:\\\/\\\/schema.org\",\"@graph\":[{\"@type\":\"WebPage\",\"@id\":\"https:\\\/\\\/dodo-inflatables.com\\\/lv\\\/product\\\/16-pack-huawei-reh-1-5e-puteji-piepusamajam-pilim\\\/\",\"url\":\"https:\\\/\\\/dodo-inflatables.com\\\/lv\\\/product\\\/16-pack-huawei-reh-1-5e-puteji-piepusamajam-pilim\\\/\",\"name\":\"16-Pack Huawei REH-1.5E p\u016bt\u0113ji piep\u016b\u0161amaj\u0101m pil\u012bm | Dodo Inflatables\",\"isPartOf\":{\"@id\":\"https:\\\/\\\/dodo-inflatables.com\\\/lv\\\/#website\"},\"primaryImageOfPage\":{\"@id\":\"https:\\\/\\\/dodo-inflatables.com\\\/lv\\\/product\\\/16-pack-huawei-reh-1-5e-puteji-piepusamajam-pilim\\\/#primaryimage\"},\"image\":{\"@id\":\"https:\\\/\\\/dodo-inflatables.com\\\/lv\\\/product\\\/16-pack-huawei-reh-1-5e-puteji-piepusamajam-pilim\\\/#primaryimage\"},\"thumbnailUrl\":\"https:\\\/\\\/dodo-inflatables.com\\\/wp-content\\\/uploads\\\/2026\\\/04\\\/huawei-huepfburg-geblaese-kaufen.jpg\",\"datePublished\":\"2026-04-04T11:54:46+00:00\",\"description\":\"16-Pack Huawei REH-1.5E p\u016bt\u0113ji piep\u016b\u0161amaj\u0101m pil\u012bm \u2013 1,5 HP, 85 dB, piltuves diametrs 14,5 cm. Ide\u0101ls izdev\u012bgs komplekts nomas uz\u0146\u0113mumiem ar liel\u0101ku piep\u016b\u0161amo pilu parku.\",\"breadcrumb\":{\"@id\":\"https:\\\/\\\/dodo-inflatables.com\\\/lv\\\/product\\\/16-pack-huawei-reh-1-5e-puteji-piepusamajam-pilim\\\/#breadcrumb\"},\"inLanguage\":\"lv-LV\",\"potentialAction\":[{\"@type\":\"ReadAction\",\"target\":[\"https:\\\/\\\/dodo-inflatables.com\\\/lv\\\/product\\\/16-pack-huawei-reh-1-5e-puteji-piepusamajam-pilim\\\/\"]}]},{\"@type\":\"ImageObject\",\"inLanguage\":\"lv-LV\",\"@id\":\"https:\\\/\\\/dodo-inflatables.com\\\/lv\\\/product\\\/16-pack-huawei-reh-1-5e-puteji-piepusamajam-pilim\\\/#primaryimage\",\"url\":\"https:\\\/\\\/dodo-inflatables.com\\\/wp-content\\\/uploads\\\/2026\\\/04\\\/huawei-huepfburg-geblaese-kaufen.jpg\",\"contentUrl\":\"https:\\\/\\\/dodo-inflatables.com\\\/wp-content\\\/uploads\\\/2026\\\/04\\\/huawei-huepfburg-geblaese-kaufen.jpg\",\"width\":1000,\"height\":1000,\"caption\":\"16-Pack Huawei REH-1.5E p\u016bt\u0113ji piep\u016b\u0161amaj\u0101m pil\u012bm | Dodo Inflatables\"},{\"@type\":\"BreadcrumbList\",\"@id\":\"https:\\\/\\\/dodo-inflatables.com\\\/lv\\\/product\\\/16-pack-huawei-reh-1-5e-puteji-piepusamajam-pilim\\\/#breadcrumb\",\"itemListElement\":[{\"@type\":\"ListItem\",\"position\":1,\"name\":\"Home\",\"item\":\"https:\\\/\\\/dodo-inflatables.com\\\/lv\\\/\"},{\"@type\":\"ListItem\",\"position\":2,\"name\":\"Veikals\",\"item\":\"https:\\\/\\\/dodo-inflatables.com\\\/lv\\\/veikals\\\/\"},{\"@type\":\"ListItem\",\"position\":3,\"name\":\"16-Pack Huawei REH-1.5E p\u016bt\u0113ji piep\u016b\u0161amaj\u0101m pil\u012bm\"}]},{\"@type\":\"WebSite\",\"@id\":\"https:\\\/\\\/dodo-inflatables.com\\\/lv\\\/#website\",\"url\":\"https:\\\/\\\/dodo-inflatables.com\\\/lv\\\/\",\"name\":\"dodo-inflatables.com\",\"description\":\"Ieg\u0101d\u0101jieties leco\u0161\u0101s pilis un atrakcijas m\u016bsu veikal\u0101.\",\"potentialAction\":[{\"@type\":\"SearchAction\",\"target\":{\"@type\":\"EntryPoint\",\"urlTemplate\":\"https:\\\/\\\/dodo-inflatables.com\\\/lv\\\/?s={search_term_string}\"},\"query-input\":{\"@type\":\"PropertyValueSpecification\",\"valueRequired\":true,\"valueName\":\"search_term_string\"}}],\"inLanguage\":\"lv-LV\"}]}<\/script>\n<!-- \/ Yoast SEO plugin. -->","yoast_head_json":{"title":"16-Pack Huawei REH-1.5E p\u016bt\u0113ji piep\u016b\u0161amaj\u0101m pil\u012bm | Dodo Inflatables","description":"16-Pack Huawei REH-1.5E p\u016bt\u0113ji piep\u016b\u0161amaj\u0101m pil\u012bm \u2013 1,5 HP, 85 dB, piltuves diametrs 14,5 cm. Ide\u0101ls izdev\u012bgs komplekts nomas uz\u0146\u0113mumiem ar liel\u0101ku piep\u016b\u0161amo pilu parku.","robots":{"index":"index","follow":"follow","max-snippet":"max-snippet:-1","max-image-preview":"max-image-preview:large","max-video-preview":"max-video-preview:-1"},"canonical":"https:\/\/dodo-inflatables.com\/lv\/product\/16-pack-huawei-reh-1-5e-puteji-piepusamajam-pilim\/","twitter_misc":{"Est. reading time":"1 minute"},"schema":{"@context":"https:\/\/schema.org","@graph":[{"@type":"WebPage","@id":"https:\/\/dodo-inflatables.com\/lv\/product\/16-pack-huawei-reh-1-5e-puteji-piepusamajam-pilim\/","url":"https:\/\/dodo-inflatables.com\/lv\/product\/16-pack-huawei-reh-1-5e-puteji-piepusamajam-pilim\/","name":"16-Pack Huawei REH-1.5E p\u016bt\u0113ji piep\u016b\u0161amaj\u0101m pil\u012bm | Dodo Inflatables","isPartOf":{"@id":"https:\/\/dodo-inflatables.com\/lv\/#website"},"primaryImageOfPage":{"@id":"https:\/\/dodo-inflatables.com\/lv\/product\/16-pack-huawei-reh-1-5e-puteji-piepusamajam-pilim\/#primaryimage"},"image":{"@id":"https:\/\/dodo-inflatables.com\/lv\/product\/16-pack-huawei-reh-1-5e-puteji-piepusamajam-pilim\/#primaryimage"},"thumbnailUrl":"https:\/\/dodo-inflatables.com\/wp-content\/uploads\/2026\/04\/huawei-huepfburg-geblaese-kaufen.jpg","datePublished":"2026-04-04T11:54:46+00:00","description":"16-Pack Huawei REH-1.5E p\u016bt\u0113ji piep\u016b\u0161amaj\u0101m pil\u012bm \u2013 1,5 HP, 85 dB, piltuves diametrs 14,5 cm. Ide\u0101ls izdev\u012bgs komplekts nomas uz\u0146\u0113mumiem ar liel\u0101ku piep\u016b\u0161amo pilu parku.","breadcrumb":{"@id":"https:\/\/dodo-inflatables.com\/lv\/product\/16-pack-huawei-reh-1-5e-puteji-piepusamajam-pilim\/#breadcrumb"},"inLanguage":"lv-LV","potentialAction":[{"@type":"ReadAction","target":["https:\/\/dodo-inflatables.com\/lv\/product\/16-pack-huawei-reh-1-5e-puteji-piepusamajam-pilim\/"]}]},{"@type":"ImageObject","inLanguage":"lv-LV","@id":"https:\/\/dodo-inflatables.com\/lv\/product\/16-pack-huawei-reh-1-5e-puteji-piepusamajam-pilim\/#primaryimage","url":"https:\/\/dodo-inflatables.com\/wp-content\/uploads\/2026\/04\/huawei-huepfburg-geblaese-kaufen.jpg","contentUrl":"https:\/\/dodo-inflatables.com\/wp-content\/uploads\/2026\/04\/huawei-huepfburg-geblaese-kaufen.jpg","width":1000,"height":1000,"caption":"16-Pack Huawei REH-1.5E p\u016bt\u0113ji piep\u016b\u0161amaj\u0101m pil\u012bm | Dodo Inflatables"},{"@type":"BreadcrumbList","@id":"https:\/\/dodo-inflatables.com\/lv\/product\/16-pack-huawei-reh-1-5e-puteji-piepusamajam-pilim\/#breadcrumb","itemListElement":[{"@type":"ListItem","position":1,"name":"Home","item":"https:\/\/dodo-inflatables.com\/lv\/"},{"@type":"ListItem","position":2,"name":"Veikals","item":"https:\/\/dodo-inflatables.com\/lv\/veikals\/"},{"@type":"ListItem","position":3,"name":"16-Pack Huawei REH-1.5E p\u016bt\u0113ji piep\u016b\u0161amaj\u0101m pil\u012bm"}]},{"@type":"WebSite","@id":"https:\/\/dodo-inflatables.com\/lv\/#website","url":"https:\/\/dodo-inflatables.com\/lv\/","name":"dodo-inflatables.com","description":"Ieg\u0101d\u0101jieties leco\u0161\u0101s pilis un atrakcijas m\u016bsu veikal\u0101.","potentialAction":[{"@type":"SearchAction","target":{"@type":"EntryPoint","urlTemplate":"https:\/\/dodo-inflatables.com\/lv\/?s={search_term_string}"},"query-input":{"@type":"PropertyValueSpecification","valueRequired":true,"valueName":"search_term_string"}}],"inLanguage":"lv-LV"}]}},"uagb_featured_image_src":{"full":["https:\/\/dodo-inflatables.com\/wp-content\/uploads\/2026\/04\/huawei-huepfburg-geblaese-kaufen.jpg",1000,1000,false],"thumbnail":["https:\/\/dodo-inflatables.com\/wp-content\/uploads\/2026\/04\/huawei-huepfburg-geblaese-kaufen-150x150.jpg",150,150,true],"medium":["https:\/\/dodo-inflatables.com\/wp-content\/uploads\/2026\/04\/huawei-huepfburg-geblaese-kaufen-300x300.jpg",300,300,true],"medium_large":["https:\/\/dodo-inflatables.com\/wp-content\/uploads\/2026\/04\/huawei-huepfburg-geblaese-kaufen-768x768.jpg",768,768,true],"large":["https:\/\/dodo-inflatables.com\/wp-content\/uploads\/2026\/04\/huawei-huepfburg-geblaese-kaufen.jpg",1000,1000,false],"1536x1536":["https:\/\/dodo-inflatables.com\/wp-content\/uploads\/2026\/04\/huawei-huepfburg-geblaese-kaufen.jpg",1000,1000,false],"2048x2048":["https:\/\/dodo-inflatables.com\/wp-content\/uploads\/2026\/04\/huawei-huepfburg-geblaese-kaufen.jpg",1000,1000,false],"woocommerce_thumbnail":["https:\/\/dodo-inflatables.com\/wp-content\/uploads\/2026\/04\/huawei-huepfburg-geblaese-kaufen-900x900.jpg",900,900,true],"woocommerce_single":["https:\/\/dodo-inflatables.com\/wp-content\/uploads\/2026\/04\/huawei-huepfburg-geblaese-kaufen-900x900.jpg",900,900,true],"woocommerce_gallery_thumbnail":["https:\/\/dodo-inflatables.com\/wp-content\/uploads\/2026\/04\/huawei-huepfburg-geblaese-kaufen-100x100.jpg",100,100,true]},"uagb_author_info":{"display_name":"Andreas","author_link":"https:\/\/dodo-inflatables.com\/lv\/author\/"},"uagb_comment_info":0,"uagb_excerpt":"Produkta deta\u013cas (par p\u016bt\u0113ju): - Materi\u0101ls: augst\u0101k\u0101s kvalit\u0101tes plastmasas korpuss - Jauda: 1,35 kW (izeja), 1,8 kW (ieejas), 1,5 HP - Savienojums: Schuko kontaktdak\u0161a - Piltuves diametrs: 14,5 cm - Izm\u0113ri: 49 x 38,5 x 49,5 cm - Svars: 16,8 kg - Trok\u0161\u0146a l\u012bmenis: 85 dB - WEEE re\u0123istr\u0101cijas nr.: DE 82972723","_links":{"self":[{"href":"https:\/\/dodo-inflatables.com\/lv\/wp-json\/wp\/v2\/product\/105756","targetHints":{"allow":["GET"]}}],"collection":[{"href":"https:\/\/dodo-inflatables.com\/lv\/wp-json\/wp\/v2\/product"}],"about":[{"href":"https:\/\/dodo-inflatables.com\/lv\/wp-json\/wp\/v2\/types\/product"}],"replies":[{"embeddable":true,"href":"https:\/\/dodo-inflatables.com\/lv\/wp-json\/wp\/v2\/comments?post=105756"}],"wp:featuredmedia":[{"embeddable":true,"href":"https:\/\/dodo-inflatables.com\/lv\/wp-json\/wp\/v2\/media\/105755"}],"wp:attachment":[{"href":"https:\/\/dodo-inflatables.com\/lv\/wp-json\/wp\/v2\/media?parent=105756"}],"wp:term":[{"taxonomy":"product_brand","embeddable":true,"href":"https:\/\/dodo-inflatables.com\/lv\/wp-json\/wp\/v2\/product_brand?post=105756"},{"taxonomy":"product_cat","embeddable":true,"href":"https:\/\/dodo-inflatables.com\/lv\/wp-json\/wp\/v2\/product_cat?post=105756"},{"taxonomy":"product_tag","embeddable":true,"href":"https:\/\/dodo-inflatables.com\/lv\/wp-json\/wp\/v2\/product_tag?post=105756"}],"curies":[{"name":"wp","href":"https:\/\/api.w.org\/{rel}","templated":true}]}}