{"id":105798,"date":"2026-04-04T13:54:46","date_gmt":"2026-04-04T11:54:46","guid":{"rendered":"https:\/\/dodo-inflatables.com\/dodo-relaunch?product=udens-maisi-piepusamo-pilu-balastesanai"},"modified":"2026-04-04T13:54:46","modified_gmt":"2026-04-04T11:54:46","slug":"udens-maisi-piepusamo-pilu-balastesanai","status":"publish","type":"product","link":"https:\/\/dodo-inflatables.com\/lv\/product\/udens-maisi-piepusamo-pilu-balastesanai\/","title":{"rendered":"\u016adens maisi piep\u016b\u0161amo pilu balast\u0113\u0161anai"},"content":{"rendered":"<h2 class=\"p1\"><b>Pirkt \u016bdens maisi piep\u016b\u0161amo pilu balast\u0113\u0161anai<\/b><\/h2>\n<p class=\"p1\">M\u016bsu \u016bdens maisi pied\u0101v\u0101 praktisku, mobilu un standartiem atbilsto\u0161u risin\u0101jumu piep\u016b\u0161am\u0101s pils nostiprin\u0101\u0161anai \u2013 \u012bpa\u0161i uzst\u0101dot uz asfalta, betona vai telp\u0101s. Tie ir ide\u0101ls veids, k\u0101 dro\u0161i un atbilsto\u0161i attiec\u012bgajam standartam balast\u0113t piep\u016b\u0161am\u0101s pilis, bez nepiecie\u0161am\u012bbas transport\u0113t smagus papildu atsvarus.<\/p>\n<p><strong>Vienk\u0101r\u0161a apstr\u0101de:<\/strong><br \/>\nBalasta maisus var viegli piepild\u012bt ar l\u012bdz 40 litriem \u016bdens. Divi v\u0101rsti (viens aug\u0161pus\u0113 pild\u012b\u0161anai un viens apak\u0161pus\u0113 iztuk\u0161o\u0161anai) padara tos \u012bpa\u0161i praktiskus lieto\u0161an\u0101 un \u013cauj \u0101tri notecin\u0101t \u016bdeni p\u0113c lieto\u0161anas.<br \/>\n<strong>Standartiem atbilsto\u0161a nostiprin\u0101\u0161ana saska\u0146\u0101 ar DIN EN 14960:<\/strong><br \/>\nJa katr\u0101 nostiprin\u0101\u0161anas punkt\u0101 tiek izmantoti \u010detri \u016bdens maisi, tas nodro\u0161ina balasta svaru 160 kg \u2013 tie\u0161i tik, cik nepiecie\u0161ams saska\u0146\u0101 ar DIN EN 14960. Tas padara tos ide\u0101lus uzst\u0101d\u012bjumiem, kur nevar izmantot zemes mietus.<br \/>\n<strong>Elast\u012bga piestiprin\u0101\u0161ana:<\/strong><br \/>\nPateicoties \u010detr\u0101m iztur\u012bg\u0101m cilp\u0101m, maisus var viegli piestiprin\u0101t piep\u016b\u0161amajai pilij ar siksnas pal\u012bdz\u012bbu.<br \/>\n<strong>\u0112rta transport\u0113\u0161ana:<\/strong><br \/>\nDivi s\u0101nu neso\u0161ie rokturi atvieglo piepild\u012bto \u016bdens maisu p\u0101rvieto\u0161anu un novieto\u0161anu. Iztur\u012bgais PVC materi\u0101ls nodro\u0161ina ilgu kalpo\u0161anas laiku, pat bie\u017ei lietojot.<br \/>\n&nbsp;<\/p>\n<h3><strong>\u016adens maisu deta\u013cas<\/strong><\/h3>\n<ul>\n<li>Ietilp\u012bba: 40 litri \u016bdens vienam maisam<\/li>\n<li>Piepild\u012bts svars: aptuveni 40 kg<\/li>\n<li>Izm\u0113rs: aptuveni 40 x 40 cm<\/li>\n<li>2 v\u0101rsti (aug\u0161\u0101 un apak\u0161\u0101)<\/li>\n<li>4 cilpas piestiprin\u0101\u0161anai<\/li>\n<li>2 neso\u0161ie rokturi<\/li>\n<li>Materi\u0101ls: iztur\u012bgs PVC<\/li>\n<\/ul>\n<p>&nbsp;<\/p>\n","protected":false},"excerpt":{"rendered":"<ul>\n<li>Ietilp\u012bba: 40 litri \u016bdens vienam maisam<\/li>\n<li>Piepild\u012bts svars: aptuveni 40 kg<\/li>\n<li>Izm\u0113rs: aptuveni 40 x 40 cm<\/li>\n<li>2 v\u0101rsti (aug\u0161\u0101 un apak\u0161\u0101)<\/li>\n<li>4 cilpas piestiprin\u0101\u0161anai<\/li>\n<li>2 neso\u0161ie rokturi<\/li>\n<li>Materi\u0101ls: iztur\u012bgs PVC<\/li>\n<\/ul>\n","protected":false},"featured_media":105796,"comment_status":"open","ping_status":"closed","template":"","meta":{"_acf_changed":false,"_uag_custom_page_level_css":"","site-sidebar-layout":"default","site-content-layout":"boxed-container","ast-site-content-layout":"normal-width-container","site-content-style":"boxed","site-sidebar-style":"default","ast-global-header-display":"","ast-banner-title-visibility":"","ast-main-header-display":"","ast-hfb-above-header-display":"","ast-hfb-below-header-display":"","ast-hfb-mobile-header-display":"","site-post-title":"disabled","ast-breadcrumbs-content":"","ast-featured-img":"","footer-sml-layout":"","ast-disable-related-posts":"","theme-transparent-header-meta":"default","adv-header-id-meta":"","stick-header-meta":"default","header-above-stick-meta":"","header-main-stick-meta":"","header-below-stick-meta":"","astra-migrate-meta-layouts":"default","ast-page-background-enabled":"default","ast-page-background-meta":{"desktop":{"background-color":"var(--ast-global-color-4)","background-image":"","background-repeat":"repeat","background-position":"center center","background-size":"auto","background-attachment":"scroll","background-type":"","background-media":"","overlay-type":"","overlay-color":"","overlay-opacity":"","overlay-gradient":""},"tablet":{"background-color":"","background-image":"","background-repeat":"repeat","background-position":"center center","background-size":"auto","background-attachment":"scroll","background-type":"","background-media":"","overlay-type":"","overlay-color":"","overlay-opacity":"","overlay-gradient":""},"mobile":{"background-color":"","background-image":"","background-repeat":"repeat","background-position":"center center","background-size":"auto","background-attachment":"scroll","background-type":"","background-media":"","overlay-type":"","overlay-color":"","overlay-opacity":"","overlay-gradient":""}},"ast-content-background-meta":{"desktop":{"background-color":"var(--ast-global-color-5)","background-image":"","background-repeat":"repeat","background-position":"center center","background-size":"auto","background-attachment":"scroll","background-type":"","background-media":"","overlay-type":"","overlay-color":"","overlay-opacity":"","overlay-gradient":""},"tablet":{"background-color":"var(--ast-global-color-5)","background-image":"","background-repeat":"repeat","background-position":"center center","background-size":"auto","background-attachment":"scroll","background-type":"","background-media":"","overlay-type":"","overlay-color":"","overlay-opacity":"","overlay-gradient":""},"mobile":{"background-color":"var(--ast-global-color-5)","background-image":"","background-repeat":"repeat","background-position":"center center","background-size":"auto","background-attachment":"scroll","background-type":"","background-media":"","overlay-type":"","overlay-color":"","overlay-opacity":"","overlay-gradient":""}}},"product_brand":[],"product_cat":[1154],"product_tag":[],"class_list":{"0":"post-105798","1":"product","2":"type-product","3":"status-publish","4":"has-post-thumbnail","6":"product_cat-piedavajumi","7":"product_shipping_class-zubehor-lv","8":"desktop-align-center","9":"tablet-align-center","10":"mobile-align-center","11":"ast-product-gallery-layout-horizontal","12":"ast-product-tabs-layout-horizontal","14":"first","15":"instock","16":"taxable","17":"shipping-taxable","18":"purchasable","19":"product-type-simple"},"acf":[],"yoast_head":"<!-- This site is optimized with the Yoast SEO plugin v27.5 - https:\/\/yoast.com\/product\/yoast-seo-wordpress\/ -->\n<title>\u016adens maisi piep\u016b\u0161amo pilu balast\u0113\u0161anai | Dodo Inflatables<\/title>\n<meta name=\"description\" content=\"\u016adens maisi piep\u016b\u0161amo pilu balast\u0113\u0161anai \u2013 ietilp\u012bba 40 litri, aptuveni 40 kg piepild\u012bts svars, atbilst DIN EN 14960. Ide\u0101li uzst\u0101d\u012bjumiem uz asfalta, betona vai telp\u0101s.\" \/>\n<meta name=\"robots\" content=\"index, follow, max-snippet:-1, max-image-preview:large, max-video-preview:-1\" \/>\n<link rel=\"canonical\" href=\"https:\/\/dodo-inflatables.com\/lv\/product\/udens-maisi-piepusamo-pilu-balastesanai\/\" \/>\n<meta name=\"twitter:label1\" content=\"Est. reading time\" \/>\n\t<meta name=\"twitter:data1\" content=\"1 minute\" \/>\n<script type=\"application\/ld+json\" class=\"yoast-schema-graph\">{\"@context\":\"https:\\\/\\\/schema.org\",\"@graph\":[{\"@type\":\"WebPage\",\"@id\":\"https:\\\/\\\/dodo-inflatables.com\\\/lv\\\/product\\\/udens-maisi-piepusamo-pilu-balastesanai\\\/\",\"url\":\"https:\\\/\\\/dodo-inflatables.com\\\/lv\\\/product\\\/udens-maisi-piepusamo-pilu-balastesanai\\\/\",\"name\":\"\u016adens maisi piep\u016b\u0161amo pilu balast\u0113\u0161anai | Dodo Inflatables\",\"isPartOf\":{\"@id\":\"https:\\\/\\\/dodo-inflatables.com\\\/lv\\\/#website\"},\"primaryImageOfPage\":{\"@id\":\"https:\\\/\\\/dodo-inflatables.com\\\/lv\\\/product\\\/udens-maisi-piepusamo-pilu-balastesanai\\\/#primaryimage\"},\"image\":{\"@id\":\"https:\\\/\\\/dodo-inflatables.com\\\/lv\\\/product\\\/udens-maisi-piepusamo-pilu-balastesanai\\\/#primaryimage\"},\"thumbnailUrl\":\"https:\\\/\\\/dodo-inflatables.com\\\/wp-content\\\/uploads\\\/2026\\\/04\\\/neu-179dodo.jpg\",\"datePublished\":\"2026-04-04T11:54:46+00:00\",\"description\":\"\u016adens maisi piep\u016b\u0161amo pilu balast\u0113\u0161anai \u2013 ietilp\u012bba 40 litri, aptuveni 40 kg piepild\u012bts svars, atbilst DIN EN 14960. Ide\u0101li uzst\u0101d\u012bjumiem uz asfalta, betona vai telp\u0101s.\",\"breadcrumb\":{\"@id\":\"https:\\\/\\\/dodo-inflatables.com\\\/lv\\\/product\\\/udens-maisi-piepusamo-pilu-balastesanai\\\/#breadcrumb\"},\"inLanguage\":\"lv-LV\",\"potentialAction\":[{\"@type\":\"ReadAction\",\"target\":[\"https:\\\/\\\/dodo-inflatables.com\\\/lv\\\/product\\\/udens-maisi-piepusamo-pilu-balastesanai\\\/\"]}]},{\"@type\":\"ImageObject\",\"inLanguage\":\"lv-LV\",\"@id\":\"https:\\\/\\\/dodo-inflatables.com\\\/lv\\\/product\\\/udens-maisi-piepusamo-pilu-balastesanai\\\/#primaryimage\",\"url\":\"https:\\\/\\\/dodo-inflatables.com\\\/wp-content\\\/uploads\\\/2026\\\/04\\\/neu-179dodo.jpg\",\"contentUrl\":\"https:\\\/\\\/dodo-inflatables.com\\\/wp-content\\\/uploads\\\/2026\\\/04\\\/neu-179dodo.jpg\",\"width\":1000,\"height\":1000,\"caption\":\"\u016adens maisi piep\u016b\u0161amo pilu balast\u0113\u0161anai | Dodo Inflatables\"},{\"@type\":\"BreadcrumbList\",\"@id\":\"https:\\\/\\\/dodo-inflatables.com\\\/lv\\\/product\\\/udens-maisi-piepusamo-pilu-balastesanai\\\/#breadcrumb\",\"itemListElement\":[{\"@type\":\"ListItem\",\"position\":1,\"name\":\"Home\",\"item\":\"https:\\\/\\\/dodo-inflatables.com\\\/lv\\\/\"},{\"@type\":\"ListItem\",\"position\":2,\"name\":\"Veikals\",\"item\":\"https:\\\/\\\/dodo-inflatables.com\\\/lv\\\/veikals\\\/\"},{\"@type\":\"ListItem\",\"position\":3,\"name\":\"\u016adens maisi piep\u016b\u0161amo pilu balast\u0113\u0161anai\"}]},{\"@type\":\"WebSite\",\"@id\":\"https:\\\/\\\/dodo-inflatables.com\\\/lv\\\/#website\",\"url\":\"https:\\\/\\\/dodo-inflatables.com\\\/lv\\\/\",\"name\":\"dodo-inflatables.com\",\"description\":\"Ieg\u0101d\u0101jieties leco\u0161\u0101s pilis un atrakcijas m\u016bsu veikal\u0101.\",\"potentialAction\":[{\"@type\":\"SearchAction\",\"target\":{\"@type\":\"EntryPoint\",\"urlTemplate\":\"https:\\\/\\\/dodo-inflatables.com\\\/lv\\\/?s={search_term_string}\"},\"query-input\":{\"@type\":\"PropertyValueSpecification\",\"valueRequired\":true,\"valueName\":\"search_term_string\"}}],\"inLanguage\":\"lv-LV\"}]}<\/script>\n<!-- \/ Yoast SEO plugin. -->","yoast_head_json":{"title":"\u016adens maisi piep\u016b\u0161amo pilu balast\u0113\u0161anai | Dodo Inflatables","description":"\u016adens maisi piep\u016b\u0161amo pilu balast\u0113\u0161anai \u2013 ietilp\u012bba 40 litri, aptuveni 40 kg piepild\u012bts svars, atbilst DIN EN 14960. Ide\u0101li uzst\u0101d\u012bjumiem uz asfalta, betona vai telp\u0101s.","robots":{"index":"index","follow":"follow","max-snippet":"max-snippet:-1","max-image-preview":"max-image-preview:large","max-video-preview":"max-video-preview:-1"},"canonical":"https:\/\/dodo-inflatables.com\/lv\/product\/udens-maisi-piepusamo-pilu-balastesanai\/","twitter_misc":{"Est. reading time":"1 minute"},"schema":{"@context":"https:\/\/schema.org","@graph":[{"@type":"WebPage","@id":"https:\/\/dodo-inflatables.com\/lv\/product\/udens-maisi-piepusamo-pilu-balastesanai\/","url":"https:\/\/dodo-inflatables.com\/lv\/product\/udens-maisi-piepusamo-pilu-balastesanai\/","name":"\u016adens maisi piep\u016b\u0161amo pilu balast\u0113\u0161anai | Dodo Inflatables","isPartOf":{"@id":"https:\/\/dodo-inflatables.com\/lv\/#website"},"primaryImageOfPage":{"@id":"https:\/\/dodo-inflatables.com\/lv\/product\/udens-maisi-piepusamo-pilu-balastesanai\/#primaryimage"},"image":{"@id":"https:\/\/dodo-inflatables.com\/lv\/product\/udens-maisi-piepusamo-pilu-balastesanai\/#primaryimage"},"thumbnailUrl":"https:\/\/dodo-inflatables.com\/wp-content\/uploads\/2026\/04\/neu-179dodo.jpg","datePublished":"2026-04-04T11:54:46+00:00","description":"\u016adens maisi piep\u016b\u0161amo pilu balast\u0113\u0161anai \u2013 ietilp\u012bba 40 litri, aptuveni 40 kg piepild\u012bts svars, atbilst DIN EN 14960. Ide\u0101li uzst\u0101d\u012bjumiem uz asfalta, betona vai telp\u0101s.","breadcrumb":{"@id":"https:\/\/dodo-inflatables.com\/lv\/product\/udens-maisi-piepusamo-pilu-balastesanai\/#breadcrumb"},"inLanguage":"lv-LV","potentialAction":[{"@type":"ReadAction","target":["https:\/\/dodo-inflatables.com\/lv\/product\/udens-maisi-piepusamo-pilu-balastesanai\/"]}]},{"@type":"ImageObject","inLanguage":"lv-LV","@id":"https:\/\/dodo-inflatables.com\/lv\/product\/udens-maisi-piepusamo-pilu-balastesanai\/#primaryimage","url":"https:\/\/dodo-inflatables.com\/wp-content\/uploads\/2026\/04\/neu-179dodo.jpg","contentUrl":"https:\/\/dodo-inflatables.com\/wp-content\/uploads\/2026\/04\/neu-179dodo.jpg","width":1000,"height":1000,"caption":"\u016adens maisi piep\u016b\u0161amo pilu balast\u0113\u0161anai | Dodo Inflatables"},{"@type":"BreadcrumbList","@id":"https:\/\/dodo-inflatables.com\/lv\/product\/udens-maisi-piepusamo-pilu-balastesanai\/#breadcrumb","itemListElement":[{"@type":"ListItem","position":1,"name":"Home","item":"https:\/\/dodo-inflatables.com\/lv\/"},{"@type":"ListItem","position":2,"name":"Veikals","item":"https:\/\/dodo-inflatables.com\/lv\/veikals\/"},{"@type":"ListItem","position":3,"name":"\u016adens maisi piep\u016b\u0161amo pilu balast\u0113\u0161anai"}]},{"@type":"WebSite","@id":"https:\/\/dodo-inflatables.com\/lv\/#website","url":"https:\/\/dodo-inflatables.com\/lv\/","name":"dodo-inflatables.com","description":"Ieg\u0101d\u0101jieties leco\u0161\u0101s pilis un atrakcijas m\u016bsu veikal\u0101.","potentialAction":[{"@type":"SearchAction","target":{"@type":"EntryPoint","urlTemplate":"https:\/\/dodo-inflatables.com\/lv\/?s={search_term_string}"},"query-input":{"@type":"PropertyValueSpecification","valueRequired":true,"valueName":"search_term_string"}}],"inLanguage":"lv-LV"}]}},"uagb_featured_image_src":{"full":["https:\/\/dodo-inflatables.com\/wp-content\/uploads\/2026\/04\/neu-179dodo.jpg",1000,1000,false],"thumbnail":["https:\/\/dodo-inflatables.com\/wp-content\/uploads\/2026\/04\/neu-179dodo-150x150.jpg",150,150,true],"medium":["https:\/\/dodo-inflatables.com\/wp-content\/uploads\/2026\/04\/neu-179dodo-300x300.jpg",300,300,true],"medium_large":["https:\/\/dodo-inflatables.com\/wp-content\/uploads\/2026\/04\/neu-179dodo-768x768.jpg",768,768,true],"large":["https:\/\/dodo-inflatables.com\/wp-content\/uploads\/2026\/04\/neu-179dodo.jpg",1000,1000,false],"1536x1536":["https:\/\/dodo-inflatables.com\/wp-content\/uploads\/2026\/04\/neu-179dodo.jpg",1000,1000,false],"2048x2048":["https:\/\/dodo-inflatables.com\/wp-content\/uploads\/2026\/04\/neu-179dodo.jpg",1000,1000,false],"woocommerce_thumbnail":["https:\/\/dodo-inflatables.com\/wp-content\/uploads\/2026\/04\/neu-179dodo-900x900.jpg",900,900,true],"woocommerce_single":["https:\/\/dodo-inflatables.com\/wp-content\/uploads\/2026\/04\/neu-179dodo-900x900.jpg",900,900,true],"woocommerce_gallery_thumbnail":["https:\/\/dodo-inflatables.com\/wp-content\/uploads\/2026\/04\/neu-179dodo-100x100.jpg",100,100,true]},"uagb_author_info":{"display_name":"Andreas","author_link":"https:\/\/dodo-inflatables.com\/lv\/author\/"},"uagb_comment_info":0,"uagb_excerpt":"Ietilp\u012bba: 40 litri \u016bdens vienam maisam Piepild\u012bts svars: aptuveni 40 kg Izm\u0113rs: aptuveni 40 x 40 cm 2 v\u0101rsti (aug\u0161\u0101 un apak\u0161\u0101) 4 cilpas piestiprin\u0101\u0161anai 2 neso\u0161ie rokturi Materi\u0101ls: iztur\u012bgs PVC","_links":{"self":[{"href":"https:\/\/dodo-inflatables.com\/lv\/wp-json\/wp\/v2\/product\/105798","targetHints":{"allow":["GET"]}}],"collection":[{"href":"https:\/\/dodo-inflatables.com\/lv\/wp-json\/wp\/v2\/product"}],"about":[{"href":"https:\/\/dodo-inflatables.com\/lv\/wp-json\/wp\/v2\/types\/product"}],"replies":[{"embeddable":true,"href":"https:\/\/dodo-inflatables.com\/lv\/wp-json\/wp\/v2\/comments?post=105798"}],"wp:featuredmedia":[{"embeddable":true,"href":"https:\/\/dodo-inflatables.com\/lv\/wp-json\/wp\/v2\/media\/105796"}],"wp:attachment":[{"href":"https:\/\/dodo-inflatables.com\/lv\/wp-json\/wp\/v2\/media?parent=105798"}],"wp:term":[{"taxonomy":"product_brand","embeddable":true,"href":"https:\/\/dodo-inflatables.com\/lv\/wp-json\/wp\/v2\/product_brand?post=105798"},{"taxonomy":"product_cat","embeddable":true,"href":"https:\/\/dodo-inflatables.com\/lv\/wp-json\/wp\/v2\/product_cat?post=105798"},{"taxonomy":"product_tag","embeddable":true,"href":"https:\/\/dodo-inflatables.com\/lv\/wp-json\/wp\/v2\/product_tag?post=105798"}],"curies":[{"name":"wp","href":"https:\/\/api.w.org\/{rel}","templated":true}]}}