{"id":105907,"date":"2026-04-04T13:54:45","date_gmt":"2026-04-04T11:54:45","guid":{"rendered":"https:\/\/dodo-inflatables.com\/dodo-relaunch?product=troksna-slapetajs-puteja-parsegs-piepusamo-pilu-putejiem"},"modified":"2026-04-04T13:54:45","modified_gmt":"2026-04-04T11:54:45","slug":"troksna-slapetajs-puteja-parsegs-piepusamo-pilu-putejiem","status":"publish","type":"product","link":"https:\/\/dodo-inflatables.com\/lv\/product\/troksna-slapetajs-puteja-parsegs-piepusamo-pilu-putejiem\/","title":{"rendered":"Trok\u0161\u0146a sl\u0101p\u0113t\u0101js \/ p\u016bt\u0113ja p\u0101rsegs piep\u016b\u0161amo pilu p\u016bt\u0113jiem"},"content":{"rendered":"<h1>Pirkt trok\u0161\u0146a sl\u0101p\u0113t\u0101ju \/ p\u016bt\u0113ja p\u0101rsegu piep\u016b\u0161amo pilu p\u016bt\u0113jiem<\/h1>\n<p>Huawei p\u016bt\u0113ja p\u0101rsegs ir praktisks risin\u0101jums trok\u0161\u0146a samazin\u0101\u0161anai un piep\u016b\u0161amo pilu p\u016bt\u0113ju dro\u0161ai aizsardz\u012bbai. Tas ir speci\u0101li izstr\u0101d\u0101ts profesion\u0101lai lieto\u0161anai un atbilst DIN EN 14960-1:2019 pras\u012bb\u0101m.<br \/>\nPapildus darb\u012bbas trok\u0161\u0146a samazin\u0101\u0161anai p\u016bt\u0113ja p\u0101rsegs galvenok\u0101rt nodro\u0161ina skaidru nodal\u012bjumu starp rota\u013cu zonu un tehnisko zonu, t\u0101d\u0113j\u0101di palielinot dro\u0161\u012bbu uzst\u0101d\u012bjumiem publisk\u0101 un komerci\u0101l\u0101 vid\u0113.<br \/>\n<strong>Liel\u0101ka dro\u0161\u012bba darb\u012bbas laik\u0101:<\/strong><br \/>\nP\u016bt\u0113ja p\u0101rsegs fiziski ierobe\u017eo tie\u0161u piek\u013cuvi p\u016bt\u0113jam. Kust\u012bg\u0101s da\u013cas ir aizsarg\u0101tas un b\u0113rniem nepieejamas, kas ir svar\u012bgs faktors dro\u0161\u012bbas p\u0101rbaud\u0113s un atbilst\u012bbas p\u0101rbaud\u0113s.<br \/>\n<strong>Trok\u0161\u0146a samazin\u0101\u0161ana:<\/strong><br \/>\nPateicoties polster\u0113tam, sl\u0113gtam dizainam, p\u016bt\u0113ja darb\u012bbas troksnis tiek iev\u0113rojami samazin\u0101ts. Ide\u0101li piem\u0113rots lieto\u0161anai dz\u012bvojamos rajonos, pils\u0113tu centros vai cit\u0101 trok\u0161\u0146a zi\u0146\u0101 jut\u012bg\u0101 vid\u0113.<br \/>\n<strong>Atbilst\u012bba EN 14960 standartam:<\/strong><br \/>\nP\u016bt\u0113ja p\u0101rsegs atbilst Eiropas standarta EN 14960-1:2019 galvenaj\u0101m pras\u012bb\u0101m, tostarp: p\u016bt\u0113ju uztur\u0113\u0161ana b\u0113rniem nepieejamus, kust\u012bgo da\u013cu aizsardz\u012bba un skaidra nodal\u012bjuma nodro\u0161in\u0101\u0161ana starp rota\u013cu zonu un tehnisko zonu.<br \/>\n<strong>Iztur\u012bgs un laika apst\u0101k\u013ciem iztur\u012bgs:<\/strong><br \/>\nP\u0101rsegs ir ugunsdro\u0161s un \u016bdensnecaurlaid\u012bgs un ir paredz\u0113ts intens\u012bvai profesion\u0101lai lieto\u0161anai. Tas ar\u012b nodro\u0161ina papildu aizsardz\u012bbu p\u016bt\u0113jam pret \u0101r\u0113j\u0101m ietekm\u0113m.<br \/>\n<strong>Vienk\u0101r\u0161a uzst\u0101d\u012b\u0161ana:<\/strong><br \/>\nP\u016bt\u0113ja p\u0101rsegu var \u0101tri uzlikt un no\u0146emt. Tas atvieglo apkopi, vizu\u0101l\u0101s p\u0101rbaudes un inspekcijas.<\/p>\n<h3>Trok\u0161\u0146a sl\u0101p\u0113t\u0101ja \/ p\u016bt\u0113ja p\u0101rsega deta\u013cas<\/h3>\n<ul>\n<li class=\"p1\">Izm\u0113ri (G \u00d7 Pl \u00d7 A): aptuveni 50 \u00d7 63 \u00d7 54 cm<\/li>\n<li class=\"p1\">Svars: aptuveni 2,4 kg<\/li>\n<li class=\"p1\">Iepakotie izm\u0113ri: aptuveni 50 \u00d7 100 \u00d7 15 cm<\/li>\n<\/ul>\n","protected":false},"excerpt":{"rendered":"<ul>\n<li class=\"p1\">Izm\u0113ri (G \u00d7 Pl \u00d7 A): aptuveni 50 \u00d7 63 \u00d7 54 cm<\/li>\n<li class=\"p1\">Svars: aptuveni 2,4 kg<\/li>\n<li class=\"p1\">Iepakotie izm\u0113ri: aptuveni 50 \u00d7 100 \u00d7 15 cm<\/li>\n<\/ul>\n","protected":false},"featured_media":105902,"comment_status":"open","ping_status":"closed","template":"","meta":{"_acf_changed":false,"_uag_custom_page_level_css":"","site-sidebar-layout":"default","site-content-layout":"boxed-container","ast-site-content-layout":"normal-width-container","site-content-style":"boxed","site-sidebar-style":"default","ast-global-header-display":"","ast-banner-title-visibility":"","ast-main-header-display":"","ast-hfb-above-header-display":"","ast-hfb-below-header-display":"","ast-hfb-mobile-header-display":"","site-post-title":"disabled","ast-breadcrumbs-content":"","ast-featured-img":"","footer-sml-layout":"","ast-disable-related-posts":"","theme-transparent-header-meta":"default","adv-header-id-meta":"","stick-header-meta":"default","header-above-stick-meta":"","header-main-stick-meta":"","header-below-stick-meta":"","astra-migrate-meta-layouts":"default","ast-page-background-enabled":"default","ast-page-background-meta":{"desktop":{"background-color":"var(--ast-global-color-4)","background-image":"","background-repeat":"repeat","background-position":"center center","background-size":"auto","background-attachment":"scroll","background-type":"","background-media":"","overlay-type":"","overlay-color":"","overlay-opacity":"","overlay-gradient":""},"tablet":{"background-color":"","background-image":"","background-repeat":"repeat","background-position":"center center","background-size":"auto","background-attachment":"scroll","background-type":"","background-media":"","overlay-type":"","overlay-color":"","overlay-opacity":"","overlay-gradient":""},"mobile":{"background-color":"","background-image":"","background-repeat":"repeat","background-position":"center center","background-size":"auto","background-attachment":"scroll","background-type":"","background-media":"","overlay-type":"","overlay-color":"","overlay-opacity":"","overlay-gradient":""}},"ast-content-background-meta":{"desktop":{"background-color":"var(--ast-global-color-5)","background-image":"","background-repeat":"repeat","background-position":"center center","background-size":"auto","background-attachment":"scroll","background-type":"","background-media":"","overlay-type":"","overlay-color":"","overlay-opacity":"","overlay-gradient":""},"tablet":{"background-color":"var(--ast-global-color-5)","background-image":"","background-repeat":"repeat","background-position":"center center","background-size":"auto","background-attachment":"scroll","background-type":"","background-media":"","overlay-type":"","overlay-color":"","overlay-opacity":"","overlay-gradient":""},"mobile":{"background-color":"var(--ast-global-color-5)","background-image":"","background-repeat":"repeat","background-position":"center center","background-size":"auto","background-attachment":"scroll","background-type":"","background-media":"","overlay-type":"","overlay-color":"","overlay-opacity":"","overlay-gradient":""}}},"product_brand":[],"product_cat":[1154],"product_tag":[],"class_list":{"0":"post-105907","1":"product","2":"type-product","3":"status-publish","4":"has-post-thumbnail","6":"product_cat-piedavajumi","7":"product_shipping_class-zubehor-lv","8":"desktop-align-center","9":"tablet-align-center","10":"mobile-align-center","11":"ast-product-gallery-layout-horizontal","12":"ast-product-tabs-layout-horizontal","14":"first","15":"instock","16":"taxable","17":"shipping-taxable","18":"purchasable","19":"product-type-simple"},"acf":[],"yoast_head":"<!-- This site is optimized with the Yoast SEO plugin v27.5 - https:\/\/yoast.com\/product\/yoast-seo-wordpress\/ -->\n<title>Trok\u0161\u0146a sl\u0101p\u0113t\u0101js \/ p\u016bt\u0113ja p\u0101rsegs piep\u016b\u0161amo pilu p\u016bt\u0113jiem | Dodo Inflatables<\/title>\n<meta name=\"description\" content=\"Trok\u0161\u0146a sl\u0101p\u0113t\u0101js \/ p\u016bt\u0113ja p\u0101rsegs piep\u016b\u0161amo pilu p\u016bt\u0113jiem \u2013 atbilst EN 14960-1:2019, ugunsdro\u0161s un \u016bdensnecaurlaid\u012bgs, samazina troksni. Izm\u0113ri aptuveni 50 \u00d7 63 \u00d7 54 cm, svars aptuveni 2,4 kg.\" \/>\n<meta name=\"robots\" content=\"index, follow, max-snippet:-1, max-image-preview:large, max-video-preview:-1\" \/>\n<link rel=\"canonical\" href=\"https:\/\/dodo-inflatables.com\/lv\/product\/troksna-slapetajs-puteja-parsegs-piepusamo-pilu-putejiem\/\" \/>\n<meta name=\"twitter:label1\" content=\"Est. reading time\" \/>\n\t<meta name=\"twitter:data1\" content=\"2 minutes\" \/>\n<script type=\"application\/ld+json\" class=\"yoast-schema-graph\">{\"@context\":\"https:\\\/\\\/schema.org\",\"@graph\":[{\"@type\":\"WebPage\",\"@id\":\"https:\\\/\\\/dodo-inflatables.com\\\/lv\\\/product\\\/troksna-slapetajs-puteja-parsegs-piepusamo-pilu-putejiem\\\/\",\"url\":\"https:\\\/\\\/dodo-inflatables.com\\\/lv\\\/product\\\/troksna-slapetajs-puteja-parsegs-piepusamo-pilu-putejiem\\\/\",\"name\":\"Trok\u0161\u0146a sl\u0101p\u0113t\u0101js \\\/ p\u016bt\u0113ja p\u0101rsegs piep\u016b\u0161amo pilu p\u016bt\u0113jiem | Dodo Inflatables\",\"isPartOf\":{\"@id\":\"https:\\\/\\\/dodo-inflatables.com\\\/lv\\\/#website\"},\"primaryImageOfPage\":{\"@id\":\"https:\\\/\\\/dodo-inflatables.com\\\/lv\\\/product\\\/troksna-slapetajs-puteja-parsegs-piepusamo-pilu-putejiem\\\/#primaryimage\"},\"image\":{\"@id\":\"https:\\\/\\\/dodo-inflatables.com\\\/lv\\\/product\\\/troksna-slapetajs-puteja-parsegs-piepusamo-pilu-putejiem\\\/#primaryimage\"},\"thumbnailUrl\":\"https:\\\/\\\/dodo-inflatables.com\\\/wp-content\\\/uploads\\\/2026\\\/04\\\/Huawei-Schalldaemper-Blower-Cover-Huepfburgen-Geblaese-1.jpg\",\"datePublished\":\"2026-04-04T11:54:45+00:00\",\"description\":\"Trok\u0161\u0146a sl\u0101p\u0113t\u0101js \\\/ p\u016bt\u0113ja p\u0101rsegs piep\u016b\u0161amo pilu p\u016bt\u0113jiem \u2013 atbilst EN 14960-1:2019, ugunsdro\u0161s un \u016bdensnecaurlaid\u012bgs, samazina troksni. Izm\u0113ri aptuveni 50 \u00d7 63 \u00d7 54 cm, svars aptuveni 2,4 kg.\",\"breadcrumb\":{\"@id\":\"https:\\\/\\\/dodo-inflatables.com\\\/lv\\\/product\\\/troksna-slapetajs-puteja-parsegs-piepusamo-pilu-putejiem\\\/#breadcrumb\"},\"inLanguage\":\"lv-LV\",\"potentialAction\":[{\"@type\":\"ReadAction\",\"target\":[\"https:\\\/\\\/dodo-inflatables.com\\\/lv\\\/product\\\/troksna-slapetajs-puteja-parsegs-piepusamo-pilu-putejiem\\\/\"]}]},{\"@type\":\"ImageObject\",\"inLanguage\":\"lv-LV\",\"@id\":\"https:\\\/\\\/dodo-inflatables.com\\\/lv\\\/product\\\/troksna-slapetajs-puteja-parsegs-piepusamo-pilu-putejiem\\\/#primaryimage\",\"url\":\"https:\\\/\\\/dodo-inflatables.com\\\/wp-content\\\/uploads\\\/2026\\\/04\\\/Huawei-Schalldaemper-Blower-Cover-Huepfburgen-Geblaese-1.jpg\",\"contentUrl\":\"https:\\\/\\\/dodo-inflatables.com\\\/wp-content\\\/uploads\\\/2026\\\/04\\\/Huawei-Schalldaemper-Blower-Cover-Huepfburgen-Geblaese-1.jpg\",\"width\":700,\"height\":700,\"caption\":\"Trok\u0161\u0146a sl\u0101p\u0113t\u0101js \\\/ p\u016bt\u0113ja p\u0101rsegs piep\u016b\u0161amo pilu p\u016bt\u0113jiem | Dodo Inflatables\"},{\"@type\":\"BreadcrumbList\",\"@id\":\"https:\\\/\\\/dodo-inflatables.com\\\/lv\\\/product\\\/troksna-slapetajs-puteja-parsegs-piepusamo-pilu-putejiem\\\/#breadcrumb\",\"itemListElement\":[{\"@type\":\"ListItem\",\"position\":1,\"name\":\"Home\",\"item\":\"https:\\\/\\\/dodo-inflatables.com\\\/lv\\\/\"},{\"@type\":\"ListItem\",\"position\":2,\"name\":\"Veikals\",\"item\":\"https:\\\/\\\/dodo-inflatables.com\\\/lv\\\/veikals\\\/\"},{\"@type\":\"ListItem\",\"position\":3,\"name\":\"Trok\u0161\u0146a sl\u0101p\u0113t\u0101js \\\/ p\u016bt\u0113ja p\u0101rsegs piep\u016b\u0161amo pilu p\u016bt\u0113jiem\"}]},{\"@type\":\"WebSite\",\"@id\":\"https:\\\/\\\/dodo-inflatables.com\\\/lv\\\/#website\",\"url\":\"https:\\\/\\\/dodo-inflatables.com\\\/lv\\\/\",\"name\":\"dodo-inflatables.com\",\"description\":\"Ieg\u0101d\u0101jieties leco\u0161\u0101s pilis un atrakcijas m\u016bsu veikal\u0101.\",\"potentialAction\":[{\"@type\":\"SearchAction\",\"target\":{\"@type\":\"EntryPoint\",\"urlTemplate\":\"https:\\\/\\\/dodo-inflatables.com\\\/lv\\\/?s={search_term_string}\"},\"query-input\":{\"@type\":\"PropertyValueSpecification\",\"valueRequired\":true,\"valueName\":\"search_term_string\"}}],\"inLanguage\":\"lv-LV\"}]}<\/script>\n<!-- \/ Yoast SEO plugin. -->","yoast_head_json":{"title":"Trok\u0161\u0146a sl\u0101p\u0113t\u0101js \/ p\u016bt\u0113ja p\u0101rsegs piep\u016b\u0161amo pilu p\u016bt\u0113jiem | Dodo Inflatables","description":"Trok\u0161\u0146a sl\u0101p\u0113t\u0101js \/ p\u016bt\u0113ja p\u0101rsegs piep\u016b\u0161amo pilu p\u016bt\u0113jiem \u2013 atbilst EN 14960-1:2019, ugunsdro\u0161s un \u016bdensnecaurlaid\u012bgs, samazina troksni. Izm\u0113ri aptuveni 50 \u00d7 63 \u00d7 54 cm, svars aptuveni 2,4 kg.","robots":{"index":"index","follow":"follow","max-snippet":"max-snippet:-1","max-image-preview":"max-image-preview:large","max-video-preview":"max-video-preview:-1"},"canonical":"https:\/\/dodo-inflatables.com\/lv\/product\/troksna-slapetajs-puteja-parsegs-piepusamo-pilu-putejiem\/","twitter_misc":{"Est. reading time":"2 minutes"},"schema":{"@context":"https:\/\/schema.org","@graph":[{"@type":"WebPage","@id":"https:\/\/dodo-inflatables.com\/lv\/product\/troksna-slapetajs-puteja-parsegs-piepusamo-pilu-putejiem\/","url":"https:\/\/dodo-inflatables.com\/lv\/product\/troksna-slapetajs-puteja-parsegs-piepusamo-pilu-putejiem\/","name":"Trok\u0161\u0146a sl\u0101p\u0113t\u0101js \/ p\u016bt\u0113ja p\u0101rsegs piep\u016b\u0161amo pilu p\u016bt\u0113jiem | Dodo Inflatables","isPartOf":{"@id":"https:\/\/dodo-inflatables.com\/lv\/#website"},"primaryImageOfPage":{"@id":"https:\/\/dodo-inflatables.com\/lv\/product\/troksna-slapetajs-puteja-parsegs-piepusamo-pilu-putejiem\/#primaryimage"},"image":{"@id":"https:\/\/dodo-inflatables.com\/lv\/product\/troksna-slapetajs-puteja-parsegs-piepusamo-pilu-putejiem\/#primaryimage"},"thumbnailUrl":"https:\/\/dodo-inflatables.com\/wp-content\/uploads\/2026\/04\/Huawei-Schalldaemper-Blower-Cover-Huepfburgen-Geblaese-1.jpg","datePublished":"2026-04-04T11:54:45+00:00","description":"Trok\u0161\u0146a sl\u0101p\u0113t\u0101js \/ p\u016bt\u0113ja p\u0101rsegs piep\u016b\u0161amo pilu p\u016bt\u0113jiem \u2013 atbilst EN 14960-1:2019, ugunsdro\u0161s un \u016bdensnecaurlaid\u012bgs, samazina troksni. Izm\u0113ri aptuveni 50 \u00d7 63 \u00d7 54 cm, svars aptuveni 2,4 kg.","breadcrumb":{"@id":"https:\/\/dodo-inflatables.com\/lv\/product\/troksna-slapetajs-puteja-parsegs-piepusamo-pilu-putejiem\/#breadcrumb"},"inLanguage":"lv-LV","potentialAction":[{"@type":"ReadAction","target":["https:\/\/dodo-inflatables.com\/lv\/product\/troksna-slapetajs-puteja-parsegs-piepusamo-pilu-putejiem\/"]}]},{"@type":"ImageObject","inLanguage":"lv-LV","@id":"https:\/\/dodo-inflatables.com\/lv\/product\/troksna-slapetajs-puteja-parsegs-piepusamo-pilu-putejiem\/#primaryimage","url":"https:\/\/dodo-inflatables.com\/wp-content\/uploads\/2026\/04\/Huawei-Schalldaemper-Blower-Cover-Huepfburgen-Geblaese-1.jpg","contentUrl":"https:\/\/dodo-inflatables.com\/wp-content\/uploads\/2026\/04\/Huawei-Schalldaemper-Blower-Cover-Huepfburgen-Geblaese-1.jpg","width":700,"height":700,"caption":"Trok\u0161\u0146a sl\u0101p\u0113t\u0101js \/ p\u016bt\u0113ja p\u0101rsegs piep\u016b\u0161amo pilu p\u016bt\u0113jiem | Dodo Inflatables"},{"@type":"BreadcrumbList","@id":"https:\/\/dodo-inflatables.com\/lv\/product\/troksna-slapetajs-puteja-parsegs-piepusamo-pilu-putejiem\/#breadcrumb","itemListElement":[{"@type":"ListItem","position":1,"name":"Home","item":"https:\/\/dodo-inflatables.com\/lv\/"},{"@type":"ListItem","position":2,"name":"Veikals","item":"https:\/\/dodo-inflatables.com\/lv\/veikals\/"},{"@type":"ListItem","position":3,"name":"Trok\u0161\u0146a sl\u0101p\u0113t\u0101js \/ p\u016bt\u0113ja p\u0101rsegs piep\u016b\u0161amo pilu p\u016bt\u0113jiem"}]},{"@type":"WebSite","@id":"https:\/\/dodo-inflatables.com\/lv\/#website","url":"https:\/\/dodo-inflatables.com\/lv\/","name":"dodo-inflatables.com","description":"Ieg\u0101d\u0101jieties leco\u0161\u0101s pilis un atrakcijas m\u016bsu veikal\u0101.","potentialAction":[{"@type":"SearchAction","target":{"@type":"EntryPoint","urlTemplate":"https:\/\/dodo-inflatables.com\/lv\/?s={search_term_string}"},"query-input":{"@type":"PropertyValueSpecification","valueRequired":true,"valueName":"search_term_string"}}],"inLanguage":"lv-LV"}]}},"uagb_featured_image_src":{"full":["https:\/\/dodo-inflatables.com\/wp-content\/uploads\/2026\/04\/Huawei-Schalldaemper-Blower-Cover-Huepfburgen-Geblaese-1.jpg",700,700,false],"thumbnail":["https:\/\/dodo-inflatables.com\/wp-content\/uploads\/2026\/04\/Huawei-Schalldaemper-Blower-Cover-Huepfburgen-Geblaese-1-150x150.jpg",150,150,true],"medium":["https:\/\/dodo-inflatables.com\/wp-content\/uploads\/2026\/04\/Huawei-Schalldaemper-Blower-Cover-Huepfburgen-Geblaese-1-300x300.jpg",300,300,true],"medium_large":["https:\/\/dodo-inflatables.com\/wp-content\/uploads\/2026\/04\/Huawei-Schalldaemper-Blower-Cover-Huepfburgen-Geblaese-1.jpg",700,700,false],"large":["https:\/\/dodo-inflatables.com\/wp-content\/uploads\/2026\/04\/Huawei-Schalldaemper-Blower-Cover-Huepfburgen-Geblaese-1.jpg",700,700,false],"1536x1536":["https:\/\/dodo-inflatables.com\/wp-content\/uploads\/2026\/04\/Huawei-Schalldaemper-Blower-Cover-Huepfburgen-Geblaese-1.jpg",700,700,false],"2048x2048":["https:\/\/dodo-inflatables.com\/wp-content\/uploads\/2026\/04\/Huawei-Schalldaemper-Blower-Cover-Huepfburgen-Geblaese-1.jpg",700,700,false],"woocommerce_thumbnail":["https:\/\/dodo-inflatables.com\/wp-content\/uploads\/2026\/04\/Huawei-Schalldaemper-Blower-Cover-Huepfburgen-Geblaese-1.jpg",700,700,false],"woocommerce_single":["https:\/\/dodo-inflatables.com\/wp-content\/uploads\/2026\/04\/Huawei-Schalldaemper-Blower-Cover-Huepfburgen-Geblaese-1.jpg",700,700,false],"woocommerce_gallery_thumbnail":["https:\/\/dodo-inflatables.com\/wp-content\/uploads\/2026\/04\/Huawei-Schalldaemper-Blower-Cover-Huepfburgen-Geblaese-1-100x100.jpg",100,100,true]},"uagb_author_info":{"display_name":"Andreas","author_link":"https:\/\/dodo-inflatables.com\/lv\/author\/"},"uagb_comment_info":0,"uagb_excerpt":"Izm\u0113ri (G \u00d7 Pl \u00d7 A): aptuveni 50 \u00d7 63 \u00d7 54 cm Svars: aptuveni 2,4 kg Iepakotie izm\u0113ri: aptuveni 50 \u00d7 100 \u00d7 15 cm","_links":{"self":[{"href":"https:\/\/dodo-inflatables.com\/lv\/wp-json\/wp\/v2\/product\/105907","targetHints":{"allow":["GET"]}}],"collection":[{"href":"https:\/\/dodo-inflatables.com\/lv\/wp-json\/wp\/v2\/product"}],"about":[{"href":"https:\/\/dodo-inflatables.com\/lv\/wp-json\/wp\/v2\/types\/product"}],"replies":[{"embeddable":true,"href":"https:\/\/dodo-inflatables.com\/lv\/wp-json\/wp\/v2\/comments?post=105907"}],"wp:featuredmedia":[{"embeddable":true,"href":"https:\/\/dodo-inflatables.com\/lv\/wp-json\/wp\/v2\/media\/105902"}],"wp:attachment":[{"href":"https:\/\/dodo-inflatables.com\/lv\/wp-json\/wp\/v2\/media?parent=105907"}],"wp:term":[{"taxonomy":"product_brand","embeddable":true,"href":"https:\/\/dodo-inflatables.com\/lv\/wp-json\/wp\/v2\/product_brand?post=105907"},{"taxonomy":"product_cat","embeddable":true,"href":"https:\/\/dodo-inflatables.com\/lv\/wp-json\/wp\/v2\/product_cat?post=105907"},{"taxonomy":"product_tag","embeddable":true,"href":"https:\/\/dodo-inflatables.com\/lv\/wp-json\/wp\/v2\/product_tag?post=105907"}],"curies":[{"name":"wp","href":"https:\/\/api.w.org\/{rel}","templated":true}]}}