{"id":106011,"date":"2026-04-04T13:54:45","date_gmt":"2026-04-04T11:54:45","guid":{"rendered":"https:\/\/dodo-inflatables.com\/dodo-relaunch?product=sprieguma-monitors-sprieguma-kontrolieris-piepusamajam-pilim-huawei-se-s02"},"modified":"2026-04-04T13:54:45","modified_gmt":"2026-04-04T11:54:45","slug":"sprieguma-monitors-sprieguma-kontrolieris-piepusamajam-pilim-huawei-se-s02","status":"publish","type":"product","link":"https:\/\/dodo-inflatables.com\/lv\/product\/sprieguma-monitors-sprieguma-kontrolieris-piepusamajam-pilim-huawei-se-s02\/","title":{"rendered":"Sprieguma monitors \/ sprieguma kontrolieris piep\u016b\u0161amaj\u0101m pil\u012bm \u2013 Huawei SE-S02"},"content":{"rendered":"<h1><b>Pirkt sprieguma monitoru \/ sprieguma kontrolieri piep\u016b\u0161amaj\u0101m pil\u012bm \u2013 Huawei SE-S02<\/b><\/h1>\n<p>Huawei SE-S02 Smart Monitoring sprieguma kontrolieris ir paredz\u0113ts piep\u016b\u0161amo pilu un piep\u016b\u0161amo rota\u013cu ier\u012b\u010du baro\u0161anas avota uzraudz\u012bbai.<br \/>\nTas nep\u0101rtraukti p\u0101rbauda ien\u0101ko\u0161o spriegumu un sniedz vizu\u0101lus un akustiskus br\u012bdin\u0101jumus, ja rodas sprieguma sv\u0101rst\u012bbas, kas var\u0113tu ietekm\u0113t dro\u0161u darb\u012bbu.<br \/>\n\u0160is sprieguma monitors pal\u012bdz nodro\u0161in\u0101t stabilu un uzticamu p\u016bt\u0113ja darb\u012bbu un ir \u012bpa\u0161i piem\u0113rots profesion\u0101lai lieto\u0161anai nomas un pas\u0101kumu sektor\u0101.<br \/>\n<strong>T\u012bkla sprieguma uzraudz\u012bba:<\/strong><br \/>\nSE-S02 m\u0113ra ien\u0101ko\u0161o spriegumu diapazon\u0101 150\u2013275 V un skaidri par\u0101da to digit\u0101laj\u0101 ekr\u0101n\u0101.<br \/>\n<strong>Vizu\u0101lais un akustiskais br\u012bdin\u0101jums:<\/strong><br \/>\nJa rodas sprieguma neregularit\u0101tes, nekav\u0113joties tiek aktiviz\u0113ts br\u012bdin\u0101jums, izmantojot LED displeju un dzirdamu sign\u0101lu, \u013caujot \u0101tri r\u012bkoties.<br \/>\n<strong>Divas kontaktligzdas p\u016bt\u0113jiem:<\/strong><br \/>\nSprieguma kontrolierim ir divi izejas punkti un tas \u013cauj piesl\u0113gt vienu vai divus p\u016bt\u0113jus ar kop\u0113jo jaudu l\u012bdz 3200 W.<br \/>\n<strong>Iztur\u012bgs un laika apst\u0101k\u013ciem iztur\u012bgs dizains:<\/strong><br \/>\nKorpuss ir ugunsdro\u0161s un \u016bdensnecaurlaid\u012bgs un ir paredz\u0113ts lieto\u0161anai tipisk\u0101 piep\u016b\u0161amo pilu vid\u0113, gan iek\u0161telp\u0101s, gan \u0101r\u0101.<br \/>\n<strong>Kompakts un viegli uzst\u0101d\u0101ms:<\/strong><br \/>\nPateicoties kompaktajiem izm\u0113riem un skaidrajam displejam, sprieguma monitoru var \u0101tri integr\u0113t un \u0113rti izmantot.<\/p>\n<h3>Sprieguma monitora deta\u013cas<\/h3>\n<ul>\n<li>Izm\u0113ri (Pl \u00d7 D \u00d7 A): aptuveni 155 \u00d7 113 \u00d7 85 mm<\/li>\n<li class=\"p1\">Sprieguma diapazons: 150\u2013275 V<\/li>\n<li class=\"p1\">Kontaktligzdas jauda (atsevi\u0161\u0137a): 2200 W<\/li>\n<li class=\"p1\">Kop\u0113j\u0101 kontaktligzdas jauda: 3200 W<\/li>\n<\/ul>\n","protected":false},"excerpt":{"rendered":"<ul>\n<li>Izm\u0113ri (Pl \u00d7 D \u00d7 A): aptuveni 155 \u00d7 113 \u00d7 85 mm<\/li>\n<li class=\"p1\">Sprieguma diapazons: 150\u2013275 V<\/li>\n<li class=\"p1\">Kontaktligzdas jauda (atsevi\u0161\u0137a): 2200 W<\/li>\n<li class=\"p1\">Kop\u0113j\u0101 kontaktligzdas jauda: 3200 W<\/li>\n<\/ul>\n","protected":false},"featured_media":106010,"comment_status":"open","ping_status":"closed","template":"","meta":{"_acf_changed":false,"_uag_custom_page_level_css":"","site-sidebar-layout":"default","site-content-layout":"boxed-container","ast-site-content-layout":"normal-width-container","site-content-style":"boxed","site-sidebar-style":"default","ast-global-header-display":"","ast-banner-title-visibility":"","ast-main-header-display":"","ast-hfb-above-header-display":"","ast-hfb-below-header-display":"","ast-hfb-mobile-header-display":"","site-post-title":"disabled","ast-breadcrumbs-content":"","ast-featured-img":"","footer-sml-layout":"","ast-disable-related-posts":"","theme-transparent-header-meta":"default","adv-header-id-meta":"","stick-header-meta":"default","header-above-stick-meta":"","header-main-stick-meta":"","header-below-stick-meta":"","astra-migrate-meta-layouts":"default","ast-page-background-enabled":"default","ast-page-background-meta":{"desktop":{"background-color":"var(--ast-global-color-4)","background-image":"","background-repeat":"repeat","background-position":"center center","background-size":"auto","background-attachment":"scroll","background-type":"","background-media":"","overlay-type":"","overlay-color":"","overlay-opacity":"","overlay-gradient":""},"tablet":{"background-color":"","background-image":"","background-repeat":"repeat","background-position":"center center","background-size":"auto","background-attachment":"scroll","background-type":"","background-media":"","overlay-type":"","overlay-color":"","overlay-opacity":"","overlay-gradient":""},"mobile":{"background-color":"","background-image":"","background-repeat":"repeat","background-position":"center center","background-size":"auto","background-attachment":"scroll","background-type":"","background-media":"","overlay-type":"","overlay-color":"","overlay-opacity":"","overlay-gradient":""}},"ast-content-background-meta":{"desktop":{"background-color":"var(--ast-global-color-5)","background-image":"","background-repeat":"repeat","background-position":"center center","background-size":"auto","background-attachment":"scroll","background-type":"","background-media":"","overlay-type":"","overlay-color":"","overlay-opacity":"","overlay-gradient":""},"tablet":{"background-color":"var(--ast-global-color-5)","background-image":"","background-repeat":"repeat","background-position":"center center","background-size":"auto","background-attachment":"scroll","background-type":"","background-media":"","overlay-type":"","overlay-color":"","overlay-opacity":"","overlay-gradient":""},"mobile":{"background-color":"var(--ast-global-color-5)","background-image":"","background-repeat":"repeat","background-position":"center center","background-size":"auto","background-attachment":"scroll","background-type":"","background-media":"","overlay-type":"","overlay-color":"","overlay-opacity":"","overlay-gradient":""}}},"product_brand":[],"product_cat":[1154],"product_tag":[],"class_list":{"0":"post-106011","1":"product","2":"type-product","3":"status-publish","4":"has-post-thumbnail","6":"product_cat-piedavajumi","7":"product_shipping_class-zubehor-lv","8":"desktop-align-center","9":"tablet-align-center","10":"mobile-align-center","11":"ast-product-gallery-layout-horizontal","12":"ast-product-gallery-with-no-image","13":"ast-product-tabs-layout-horizontal","15":"first","16":"instock","17":"taxable","18":"shipping-taxable","19":"purchasable","20":"product-type-simple"},"acf":[],"yoast_head":"<!-- This site is optimized with the Yoast SEO plugin v27.5 - https:\/\/yoast.com\/product\/yoast-seo-wordpress\/ -->\n<title>Sprieguma monitors \/ sprieguma kontrolieris piep\u016b\u0161amaj\u0101m pil\u012bm \u2013 Huawei SE-S02 | Dodo Inflatables<\/title>\n<meta name=\"description\" content=\"Huawei SE-S02 sprieguma monitors piep\u016b\u0161amaj\u0101m pil\u012bm \u2013 sprieguma diapazons 150\u2013275 V, divas kontaktligzdas l\u012bdz 3200 W kop\u0113jai jaudai, vizu\u0101lie un akustiskie br\u012bdin\u0101jumi, ugunsdro\u0161s un \u016bdensnecaurlaid\u012bgs.\" \/>\n<meta name=\"robots\" content=\"index, follow, max-snippet:-1, max-image-preview:large, max-video-preview:-1\" \/>\n<link rel=\"canonical\" href=\"https:\/\/dodo-inflatables.com\/lv\/product\/sprieguma-monitors-sprieguma-kontrolieris-piepusamajam-pilim-huawei-se-s02\/\" \/>\n<meta name=\"twitter:label1\" content=\"Est. reading time\" \/>\n\t<meta name=\"twitter:data1\" content=\"1 minute\" \/>\n<script type=\"application\/ld+json\" class=\"yoast-schema-graph\">{\"@context\":\"https:\\\/\\\/schema.org\",\"@graph\":[{\"@type\":\"WebPage\",\"@id\":\"https:\\\/\\\/dodo-inflatables.com\\\/lv\\\/product\\\/sprieguma-monitors-sprieguma-kontrolieris-piepusamajam-pilim-huawei-se-s02\\\/\",\"url\":\"https:\\\/\\\/dodo-inflatables.com\\\/lv\\\/product\\\/sprieguma-monitors-sprieguma-kontrolieris-piepusamajam-pilim-huawei-se-s02\\\/\",\"name\":\"Sprieguma monitors \\\/ sprieguma kontrolieris piep\u016b\u0161amaj\u0101m pil\u012bm \u2013 Huawei SE-S02 | Dodo Inflatables\",\"isPartOf\":{\"@id\":\"https:\\\/\\\/dodo-inflatables.com\\\/lv\\\/#website\"},\"primaryImageOfPage\":{\"@id\":\"https:\\\/\\\/dodo-inflatables.com\\\/lv\\\/product\\\/sprieguma-monitors-sprieguma-kontrolieris-piepusamajam-pilim-huawei-se-s02\\\/#primaryimage\"},\"image\":{\"@id\":\"https:\\\/\\\/dodo-inflatables.com\\\/lv\\\/product\\\/sprieguma-monitors-sprieguma-kontrolieris-piepusamajam-pilim-huawei-se-s02\\\/#primaryimage\"},\"thumbnailUrl\":\"https:\\\/\\\/dodo-inflatables.com\\\/wp-content\\\/uploads\\\/2026\\\/04\\\/Spannungswaechter-fur-Huepfburgen-Geblaese.jpg\",\"datePublished\":\"2026-04-04T11:54:45+00:00\",\"description\":\"Huawei SE-S02 sprieguma monitors piep\u016b\u0161amaj\u0101m pil\u012bm \u2013 sprieguma diapazons 150\u2013275 V, divas kontaktligzdas l\u012bdz 3200 W kop\u0113jai jaudai, vizu\u0101lie un akustiskie br\u012bdin\u0101jumi, ugunsdro\u0161s un \u016bdensnecaurlaid\u012bgs.\",\"breadcrumb\":{\"@id\":\"https:\\\/\\\/dodo-inflatables.com\\\/lv\\\/product\\\/sprieguma-monitors-sprieguma-kontrolieris-piepusamajam-pilim-huawei-se-s02\\\/#breadcrumb\"},\"inLanguage\":\"lv-LV\",\"potentialAction\":[{\"@type\":\"ReadAction\",\"target\":[\"https:\\\/\\\/dodo-inflatables.com\\\/lv\\\/product\\\/sprieguma-monitors-sprieguma-kontrolieris-piepusamajam-pilim-huawei-se-s02\\\/\"]}]},{\"@type\":\"ImageObject\",\"inLanguage\":\"lv-LV\",\"@id\":\"https:\\\/\\\/dodo-inflatables.com\\\/lv\\\/product\\\/sprieguma-monitors-sprieguma-kontrolieris-piepusamajam-pilim-huawei-se-s02\\\/#primaryimage\",\"url\":\"https:\\\/\\\/dodo-inflatables.com\\\/wp-content\\\/uploads\\\/2026\\\/04\\\/Spannungswaechter-fur-Huepfburgen-Geblaese.jpg\",\"contentUrl\":\"https:\\\/\\\/dodo-inflatables.com\\\/wp-content\\\/uploads\\\/2026\\\/04\\\/Spannungswaechter-fur-Huepfburgen-Geblaese.jpg\",\"width\":700,\"height\":700,\"caption\":\"Sprieguma monitors \\\/ sprieguma kontrolieris piep\u016b\u0161amaj\u0101m pil\u012bm \u2013 Huawei SE-S02 | Dodo Inflatables\"},{\"@type\":\"BreadcrumbList\",\"@id\":\"https:\\\/\\\/dodo-inflatables.com\\\/lv\\\/product\\\/sprieguma-monitors-sprieguma-kontrolieris-piepusamajam-pilim-huawei-se-s02\\\/#breadcrumb\",\"itemListElement\":[{\"@type\":\"ListItem\",\"position\":1,\"name\":\"Home\",\"item\":\"https:\\\/\\\/dodo-inflatables.com\\\/lv\\\/\"},{\"@type\":\"ListItem\",\"position\":2,\"name\":\"Veikals\",\"item\":\"https:\\\/\\\/dodo-inflatables.com\\\/lv\\\/veikals\\\/\"},{\"@type\":\"ListItem\",\"position\":3,\"name\":\"Sprieguma monitors \\\/ sprieguma kontrolieris piep\u016b\u0161amaj\u0101m pil\u012bm \u2013 Huawei SE-S02\"}]},{\"@type\":\"WebSite\",\"@id\":\"https:\\\/\\\/dodo-inflatables.com\\\/lv\\\/#website\",\"url\":\"https:\\\/\\\/dodo-inflatables.com\\\/lv\\\/\",\"name\":\"dodo-inflatables.com\",\"description\":\"Ieg\u0101d\u0101jieties leco\u0161\u0101s pilis un atrakcijas m\u016bsu veikal\u0101.\",\"potentialAction\":[{\"@type\":\"SearchAction\",\"target\":{\"@type\":\"EntryPoint\",\"urlTemplate\":\"https:\\\/\\\/dodo-inflatables.com\\\/lv\\\/?s={search_term_string}\"},\"query-input\":{\"@type\":\"PropertyValueSpecification\",\"valueRequired\":true,\"valueName\":\"search_term_string\"}}],\"inLanguage\":\"lv-LV\"}]}<\/script>\n<!-- \/ Yoast SEO plugin. -->","yoast_head_json":{"title":"Sprieguma monitors \/ sprieguma kontrolieris piep\u016b\u0161amaj\u0101m pil\u012bm \u2013 Huawei SE-S02 | Dodo Inflatables","description":"Huawei SE-S02 sprieguma monitors piep\u016b\u0161amaj\u0101m pil\u012bm \u2013 sprieguma diapazons 150\u2013275 V, divas kontaktligzdas l\u012bdz 3200 W kop\u0113jai jaudai, vizu\u0101lie un akustiskie br\u012bdin\u0101jumi, ugunsdro\u0161s un \u016bdensnecaurlaid\u012bgs.","robots":{"index":"index","follow":"follow","max-snippet":"max-snippet:-1","max-image-preview":"max-image-preview:large","max-video-preview":"max-video-preview:-1"},"canonical":"https:\/\/dodo-inflatables.com\/lv\/product\/sprieguma-monitors-sprieguma-kontrolieris-piepusamajam-pilim-huawei-se-s02\/","twitter_misc":{"Est. reading time":"1 minute"},"schema":{"@context":"https:\/\/schema.org","@graph":[{"@type":"WebPage","@id":"https:\/\/dodo-inflatables.com\/lv\/product\/sprieguma-monitors-sprieguma-kontrolieris-piepusamajam-pilim-huawei-se-s02\/","url":"https:\/\/dodo-inflatables.com\/lv\/product\/sprieguma-monitors-sprieguma-kontrolieris-piepusamajam-pilim-huawei-se-s02\/","name":"Sprieguma monitors \/ sprieguma kontrolieris piep\u016b\u0161amaj\u0101m pil\u012bm \u2013 Huawei SE-S02 | Dodo Inflatables","isPartOf":{"@id":"https:\/\/dodo-inflatables.com\/lv\/#website"},"primaryImageOfPage":{"@id":"https:\/\/dodo-inflatables.com\/lv\/product\/sprieguma-monitors-sprieguma-kontrolieris-piepusamajam-pilim-huawei-se-s02\/#primaryimage"},"image":{"@id":"https:\/\/dodo-inflatables.com\/lv\/product\/sprieguma-monitors-sprieguma-kontrolieris-piepusamajam-pilim-huawei-se-s02\/#primaryimage"},"thumbnailUrl":"https:\/\/dodo-inflatables.com\/wp-content\/uploads\/2026\/04\/Spannungswaechter-fur-Huepfburgen-Geblaese.jpg","datePublished":"2026-04-04T11:54:45+00:00","description":"Huawei SE-S02 sprieguma monitors piep\u016b\u0161amaj\u0101m pil\u012bm \u2013 sprieguma diapazons 150\u2013275 V, divas kontaktligzdas l\u012bdz 3200 W kop\u0113jai jaudai, vizu\u0101lie un akustiskie br\u012bdin\u0101jumi, ugunsdro\u0161s un \u016bdensnecaurlaid\u012bgs.","breadcrumb":{"@id":"https:\/\/dodo-inflatables.com\/lv\/product\/sprieguma-monitors-sprieguma-kontrolieris-piepusamajam-pilim-huawei-se-s02\/#breadcrumb"},"inLanguage":"lv-LV","potentialAction":[{"@type":"ReadAction","target":["https:\/\/dodo-inflatables.com\/lv\/product\/sprieguma-monitors-sprieguma-kontrolieris-piepusamajam-pilim-huawei-se-s02\/"]}]},{"@type":"ImageObject","inLanguage":"lv-LV","@id":"https:\/\/dodo-inflatables.com\/lv\/product\/sprieguma-monitors-sprieguma-kontrolieris-piepusamajam-pilim-huawei-se-s02\/#primaryimage","url":"https:\/\/dodo-inflatables.com\/wp-content\/uploads\/2026\/04\/Spannungswaechter-fur-Huepfburgen-Geblaese.jpg","contentUrl":"https:\/\/dodo-inflatables.com\/wp-content\/uploads\/2026\/04\/Spannungswaechter-fur-Huepfburgen-Geblaese.jpg","width":700,"height":700,"caption":"Sprieguma monitors \/ sprieguma kontrolieris piep\u016b\u0161amaj\u0101m pil\u012bm \u2013 Huawei SE-S02 | Dodo Inflatables"},{"@type":"BreadcrumbList","@id":"https:\/\/dodo-inflatables.com\/lv\/product\/sprieguma-monitors-sprieguma-kontrolieris-piepusamajam-pilim-huawei-se-s02\/#breadcrumb","itemListElement":[{"@type":"ListItem","position":1,"name":"Home","item":"https:\/\/dodo-inflatables.com\/lv\/"},{"@type":"ListItem","position":2,"name":"Veikals","item":"https:\/\/dodo-inflatables.com\/lv\/veikals\/"},{"@type":"ListItem","position":3,"name":"Sprieguma monitors \/ sprieguma kontrolieris piep\u016b\u0161amaj\u0101m pil\u012bm \u2013 Huawei SE-S02"}]},{"@type":"WebSite","@id":"https:\/\/dodo-inflatables.com\/lv\/#website","url":"https:\/\/dodo-inflatables.com\/lv\/","name":"dodo-inflatables.com","description":"Ieg\u0101d\u0101jieties leco\u0161\u0101s pilis un atrakcijas m\u016bsu veikal\u0101.","potentialAction":[{"@type":"SearchAction","target":{"@type":"EntryPoint","urlTemplate":"https:\/\/dodo-inflatables.com\/lv\/?s={search_term_string}"},"query-input":{"@type":"PropertyValueSpecification","valueRequired":true,"valueName":"search_term_string"}}],"inLanguage":"lv-LV"}]}},"uagb_featured_image_src":{"full":["https:\/\/dodo-inflatables.com\/wp-content\/uploads\/2026\/04\/Spannungswaechter-fur-Huepfburgen-Geblaese.jpg",700,700,false],"thumbnail":["https:\/\/dodo-inflatables.com\/wp-content\/uploads\/2026\/04\/Spannungswaechter-fur-Huepfburgen-Geblaese-150x150.jpg",150,150,true],"medium":["https:\/\/dodo-inflatables.com\/wp-content\/uploads\/2026\/04\/Spannungswaechter-fur-Huepfburgen-Geblaese-300x300.jpg",300,300,true],"medium_large":["https:\/\/dodo-inflatables.com\/wp-content\/uploads\/2026\/04\/Spannungswaechter-fur-Huepfburgen-Geblaese.jpg",700,700,false],"large":["https:\/\/dodo-inflatables.com\/wp-content\/uploads\/2026\/04\/Spannungswaechter-fur-Huepfburgen-Geblaese.jpg",700,700,false],"1536x1536":["https:\/\/dodo-inflatables.com\/wp-content\/uploads\/2026\/04\/Spannungswaechter-fur-Huepfburgen-Geblaese.jpg",700,700,false],"2048x2048":["https:\/\/dodo-inflatables.com\/wp-content\/uploads\/2026\/04\/Spannungswaechter-fur-Huepfburgen-Geblaese.jpg",700,700,false],"woocommerce_thumbnail":["https:\/\/dodo-inflatables.com\/wp-content\/uploads\/2026\/04\/Spannungswaechter-fur-Huepfburgen-Geblaese.jpg",700,700,false],"woocommerce_single":["https:\/\/dodo-inflatables.com\/wp-content\/uploads\/2026\/04\/Spannungswaechter-fur-Huepfburgen-Geblaese.jpg",700,700,false],"woocommerce_gallery_thumbnail":["https:\/\/dodo-inflatables.com\/wp-content\/uploads\/2026\/04\/Spannungswaechter-fur-Huepfburgen-Geblaese-100x100.jpg",100,100,true]},"uagb_author_info":{"display_name":"Andreas","author_link":"https:\/\/dodo-inflatables.com\/lv\/author\/"},"uagb_comment_info":0,"uagb_excerpt":"Izm\u0113ri (Pl \u00d7 D \u00d7 A): aptuveni 155 \u00d7 113 \u00d7 85 mm Sprieguma diapazons: 150\u2013275 V Kontaktligzdas jauda (atsevi\u0161\u0137a): 2200 W Kop\u0113j\u0101 kontaktligzdas jauda: 3200 W","_links":{"self":[{"href":"https:\/\/dodo-inflatables.com\/lv\/wp-json\/wp\/v2\/product\/106011","targetHints":{"allow":["GET"]}}],"collection":[{"href":"https:\/\/dodo-inflatables.com\/lv\/wp-json\/wp\/v2\/product"}],"about":[{"href":"https:\/\/dodo-inflatables.com\/lv\/wp-json\/wp\/v2\/types\/product"}],"replies":[{"embeddable":true,"href":"https:\/\/dodo-inflatables.com\/lv\/wp-json\/wp\/v2\/comments?post=106011"}],"wp:featuredmedia":[{"embeddable":true,"href":"https:\/\/dodo-inflatables.com\/lv\/wp-json\/wp\/v2\/media\/106010"}],"wp:attachment":[{"href":"https:\/\/dodo-inflatables.com\/lv\/wp-json\/wp\/v2\/media?parent=106011"}],"wp:term":[{"taxonomy":"product_brand","embeddable":true,"href":"https:\/\/dodo-inflatables.com\/lv\/wp-json\/wp\/v2\/product_brand?post=106011"},{"taxonomy":"product_cat","embeddable":true,"href":"https:\/\/dodo-inflatables.com\/lv\/wp-json\/wp\/v2\/product_cat?post=106011"},{"taxonomy":"product_tag","embeddable":true,"href":"https:\/\/dodo-inflatables.com\/lv\/wp-json\/wp\/v2\/product_tag?post=106011"}],"curies":[{"name":"wp","href":"https:\/\/api.w.org\/{rel}","templated":true}]}}