{"id":12778,"date":"2018-05-11T14:38:49","date_gmt":"2018-05-11T12:38:49","guid":{"rendered":"https:\/\/dodo-inflatables.com\/product\/zemes-tapas-piepusamo-iericu-stiprinasanai\/"},"modified":"2024-06-01T18:25:20","modified_gmt":"2024-06-01T16:25:20","slug":"zemes-tapas-piepusamo-iericu-stiprinasanai","status":"publish","type":"product","link":"https:\/\/dodo-inflatables.com\/lv\/product\/zemes-tapas-piepusamo-iericu-stiprinasanai\/","title":{"rendered":"Zemes tapas piep\u016b\u0161amo ier\u012b\u010du stiprin\u0101\u0161anai"},"content":{"rendered":"<h1>Ieg\u0101d\u0101jieties zemes naglas, lai piestiprin\u0101tu uzskr\u0113jiena pilis pie zemes.<\/h1>\n<p>Ar m\u016bsu 4 naglu komplektu j\u016bs b\u016bsiet lieliski sagatavoti v\u0113ja un laikapst\u0101k\u013cu ietekmei. Vienk\u0101r\u0161i katr\u0101 piep\u016b\u0161am\u0101s piep\u016b\u0161am\u0101s piekares st\u016br\u012b iedzeniet z\u0101li, un piep\u016b\u0161am\u0101 piekare vai citi piep\u016b\u0161amie pas\u0101kumu modu\u013ci b\u016bs dro\u0161i nostiprin\u0101ti un pasarg\u0101ti no apg\u0101\u0161an\u0101s. Pateicoties raupjajai virsmai, tapas stingri turas zem\u0113 un neatbr\u012bvojas pat tad, kad piep\u016b\u0161am\u0101 piep\u016b\u0161am\u0101 piekare akt\u012bvi lec.<br \/>\nKolbas ir piem\u0113rotas ar\u012b citu piep\u016b\u0161amo pas\u0101kumu modu\u013cu, piem\u0113ram, m\u016bsu <a href=\"https:\/\/dodo-inflatables.com\/product\/fussball-dart\/\">futbola \u0161autri\u0146u<\/a>, piestiprin\u0101\u0161anai pie zemes.<\/p>\n<h3>S\u012bk\u0101ka inform\u0101cija par 4 tapu komplektu<\/h3>\n<ul>\n<li>T\u0113rauds<\/li>\n<li>Aptuvenais garums. 38 cm<\/li>\n<li>Diametrs apm. 16 mm (saska\u0146\u0101 ar DIN EN 14960)<\/li>\n<li>Svars vienam gabalam apm. 280g<\/li>\n<\/ul>\n<p>&nbsp;<\/p>\n","protected":false},"excerpt":{"rendered":"<ul>\n<li>Cietas t\u0113rauda naglas<\/li>\n<li>Aptuvenais garums. 38 cm<\/li>\n<li>Piep\u016b\u0161amo pi\u013cu un piep\u016b\u0161amo pas\u0101kumu modu\u013cu piestiprin\u0101\u0161anai<\/li>\n<\/ul>\n","protected":false},"featured_media":55343,"comment_status":"open","ping_status":"closed","template":"","meta":{"_acf_changed":false,"_uag_custom_page_level_css":"","site-sidebar-layout":"default","site-content-layout":"boxed-container","ast-site-content-layout":"normal-width-container","site-content-style":"boxed","site-sidebar-style":"boxed","ast-global-header-display":"","ast-banner-title-visibility":"","ast-main-header-display":"","ast-hfb-above-header-display":"","ast-hfb-below-header-display":"","ast-hfb-mobile-header-display":"","site-post-title":"disabled","ast-breadcrumbs-content":"","ast-featured-img":"","footer-sml-layout":"","ast-disable-related-posts":"","theme-transparent-header-meta":"default","adv-header-id-meta":"","stick-header-meta":"default","header-above-stick-meta":"","header-main-stick-meta":"","header-below-stick-meta":"","astra-migrate-meta-layouts":"default","ast-page-background-enabled":"default","ast-page-background-meta":{"desktop":{"background-color":"var(--ast-global-color-4)","background-image":"","background-repeat":"repeat","background-position":"center center","background-size":"auto","background-attachment":"scroll","background-type":"","background-media":"","overlay-type":"","overlay-color":"","overlay-opacity":"","overlay-gradient":""},"tablet":{"background-color":"","background-image":"","background-repeat":"repeat","background-position":"center center","background-size":"auto","background-attachment":"scroll","background-type":"","background-media":"","overlay-type":"","overlay-color":"","overlay-opacity":"","overlay-gradient":""},"mobile":{"background-color":"","background-image":"","background-repeat":"repeat","background-position":"center center","background-size":"auto","background-attachment":"scroll","background-type":"","background-media":"","overlay-type":"","overlay-color":"","overlay-opacity":"","overlay-gradient":""}},"ast-content-background-meta":{"desktop":{"background-color":"var(--ast-global-color-5)","background-image":"","background-repeat":"repeat","background-position":"center center","background-size":"auto","background-attachment":"scroll","background-type":"","background-media":"","overlay-type":"","overlay-color":"","overlay-opacity":"","overlay-gradient":""},"tablet":{"background-color":"var(--ast-global-color-5)","background-image":"","background-repeat":"repeat","background-position":"center center","background-size":"auto","background-attachment":"scroll","background-type":"","background-media":"","overlay-type":"","overlay-color":"","overlay-opacity":"","overlay-gradient":""},"mobile":{"background-color":"var(--ast-global-color-5)","background-image":"","background-repeat":"repeat","background-position":"center center","background-size":"auto","background-attachment":"scroll","background-type":"","background-media":"","overlay-type":"","overlay-color":"","overlay-opacity":"","overlay-gradient":""}}},"product_brand":[],"product_cat":[1154],"product_tag":[],"class_list":{"0":"post-12778","1":"product","2":"type-product","3":"status-publish","4":"has-post-thumbnail","6":"product_cat-piedavajumi","7":"product_shipping_class-zubehor-lv","8":"desktop-align-center","9":"tablet-align-center","10":"mobile-align-center","11":"ast-product-gallery-layout-horizontal","12":"ast-product-tabs-layout-horizontal","14":"first","15":"instock","16":"taxable","17":"shipping-taxable","18":"purchasable","19":"product-type-simple"},"acf":[],"yoast_head":"<!-- This site is optimized with the Yoast SEO plugin v27.4 - https:\/\/yoast.com\/product\/yoast-seo-wordpress\/ -->\n<title>Nopirkt piep\u016b\u0161amo piep\u016b\u0161amo piep\u016b\u0161amo konstrukciju stiprin\u0101juma tapas uz zemes | Dodo-Inflatables.com<\/title>\n<meta name=\"description\" content=\"Nopirkt piep\u016b\u0161amo piep\u016b\u0161amo konstrukciju piestiprin\u0101\u0161anai pie zemes pie Dodo-Inflatables.com! | God\u012bgas cenas | Lieli daudzumi noliktav\u0101 | \u0100tra nos\u016bt\u012b\u0161ana!\" \/>\n<meta name=\"robots\" content=\"index, follow, max-snippet:-1, max-image-preview:large, max-video-preview:-1\" \/>\n<link rel=\"canonical\" href=\"https:\/\/dodo-inflatables.com\/lv\/product\/zemes-tapas-piepusamo-iericu-stiprinasanai\/\" \/>\n<meta name=\"twitter:label1\" content=\"Est. reading time\" \/>\n\t<meta name=\"twitter:data1\" content=\"1 minute\" \/>\n<script type=\"application\/ld+json\" class=\"yoast-schema-graph\">{\"@context\":\"https:\\\/\\\/schema.org\",\"@graph\":[{\"@type\":\"WebPage\",\"@id\":\"https:\\\/\\\/dodo-inflatables.com\\\/lv\\\/product\\\/zemes-tapas-piepusamo-iericu-stiprinasanai\\\/\",\"url\":\"https:\\\/\\\/dodo-inflatables.com\\\/lv\\\/product\\\/zemes-tapas-piepusamo-iericu-stiprinasanai\\\/\",\"name\":\"Nopirkt piep\u016b\u0161amo piep\u016b\u0161amo piep\u016b\u0161amo konstrukciju stiprin\u0101juma tapas uz zemes | Dodo-Inflatables.com\",\"isPartOf\":{\"@id\":\"https:\\\/\\\/dodo-inflatables.com\\\/lv\\\/#website\"},\"primaryImageOfPage\":{\"@id\":\"https:\\\/\\\/dodo-inflatables.com\\\/lv\\\/product\\\/zemes-tapas-piepusamo-iericu-stiprinasanai\\\/#primaryimage\"},\"image\":{\"@id\":\"https:\\\/\\\/dodo-inflatables.com\\\/lv\\\/product\\\/zemes-tapas-piepusamo-iericu-stiprinasanai\\\/#primaryimage\"},\"thumbnailUrl\":\"https:\\\/\\\/dodo-inflatables.com\\\/wp-content\\\/uploads\\\/2018\\\/05\\\/Buy-Ground-Pegs-for-Inflatablesnew.jpg\",\"datePublished\":\"2018-05-11T12:38:49+00:00\",\"dateModified\":\"2024-06-01T16:25:20+00:00\",\"description\":\"Nopirkt piep\u016b\u0161amo piep\u016b\u0161amo konstrukciju piestiprin\u0101\u0161anai pie zemes pie Dodo-Inflatables.com! | God\u012bgas cenas | Lieli daudzumi noliktav\u0101 | \u0100tra nos\u016bt\u012b\u0161ana!\",\"breadcrumb\":{\"@id\":\"https:\\\/\\\/dodo-inflatables.com\\\/lv\\\/product\\\/zemes-tapas-piepusamo-iericu-stiprinasanai\\\/#breadcrumb\"},\"inLanguage\":\"lv-LV\",\"potentialAction\":[{\"@type\":\"ReadAction\",\"target\":[\"https:\\\/\\\/dodo-inflatables.com\\\/lv\\\/product\\\/zemes-tapas-piepusamo-iericu-stiprinasanai\\\/\"]}]},{\"@type\":\"ImageObject\",\"inLanguage\":\"lv-LV\",\"@id\":\"https:\\\/\\\/dodo-inflatables.com\\\/lv\\\/product\\\/zemes-tapas-piepusamo-iericu-stiprinasanai\\\/#primaryimage\",\"url\":\"https:\\\/\\\/dodo-inflatables.com\\\/wp-content\\\/uploads\\\/2018\\\/05\\\/Buy-Ground-Pegs-for-Inflatablesnew.jpg\",\"contentUrl\":\"https:\\\/\\\/dodo-inflatables.com\\\/wp-content\\\/uploads\\\/2018\\\/05\\\/Buy-Ground-Pegs-for-Inflatablesnew.jpg\",\"width\":1000,\"height\":1000},{\"@type\":\"BreadcrumbList\",\"@id\":\"https:\\\/\\\/dodo-inflatables.com\\\/lv\\\/product\\\/zemes-tapas-piepusamo-iericu-stiprinasanai\\\/#breadcrumb\",\"itemListElement\":[{\"@type\":\"ListItem\",\"position\":1,\"name\":\"Home\",\"item\":\"https:\\\/\\\/dodo-inflatables.com\\\/lv\\\/\"},{\"@type\":\"ListItem\",\"position\":2,\"name\":\"Veikals\",\"item\":\"https:\\\/\\\/dodo-inflatables.com\\\/lv\\\/veikals\\\/\"},{\"@type\":\"ListItem\",\"position\":3,\"name\":\"Zemes tapas piep\u016b\u0161amo ier\u012b\u010du stiprin\u0101\u0161anai\"}]},{\"@type\":\"WebSite\",\"@id\":\"https:\\\/\\\/dodo-inflatables.com\\\/lv\\\/#website\",\"url\":\"https:\\\/\\\/dodo-inflatables.com\\\/lv\\\/\",\"name\":\"dodo-inflatables.com\",\"description\":\"Ieg\u0101d\u0101jieties leco\u0161\u0101s pilis un atrakcijas m\u016bsu veikal\u0101.\",\"publisher\":{\"@id\":\"https:\\\/\\\/dodo-inflatables.com\\\/lv\\\/#organization\"},\"potentialAction\":[{\"@type\":\"SearchAction\",\"target\":{\"@type\":\"EntryPoint\",\"urlTemplate\":\"https:\\\/\\\/dodo-inflatables.com\\\/lv\\\/?s={search_term_string}\"},\"query-input\":{\"@type\":\"PropertyValueSpecification\",\"valueRequired\":true,\"valueName\":\"search_term_string\"}}],\"inLanguage\":\"lv-LV\"},{\"@type\":\"Organization\",\"@id\":\"https:\\\/\\\/dodo-inflatables.com\\\/lv\\\/#organization\",\"name\":\"dodo-inflatables.com\",\"url\":\"https:\\\/\\\/dodo-inflatables.com\\\/lv\\\/\",\"logo\":{\"@type\":\"ImageObject\",\"inLanguage\":\"lv-LV\",\"@id\":\"https:\\\/\\\/dodo-inflatables.com\\\/lv\\\/#\\\/schema\\\/logo\\\/image\\\/\",\"url\":\"https:\\\/\\\/dodo-inflatables.com\\\/wp-content\\\/uploads\\\/2023\\\/04\\\/cropped-cropped-cropped-Dodo-Logo.png\",\"contentUrl\":\"https:\\\/\\\/dodo-inflatables.com\\\/wp-content\\\/uploads\\\/2023\\\/04\\\/cropped-cropped-cropped-Dodo-Logo.png\",\"width\":2996,\"height\":1545,\"caption\":\"dodo-inflatables.com\"},\"image\":{\"@id\":\"https:\\\/\\\/dodo-inflatables.com\\\/lv\\\/#\\\/schema\\\/logo\\\/image\\\/\"}}]}<\/script>\n<!-- \/ Yoast SEO plugin. -->","yoast_head_json":{"title":"Nopirkt piep\u016b\u0161amo piep\u016b\u0161amo piep\u016b\u0161amo konstrukciju stiprin\u0101juma tapas uz zemes | Dodo-Inflatables.com","description":"Nopirkt piep\u016b\u0161amo piep\u016b\u0161amo konstrukciju piestiprin\u0101\u0161anai pie zemes pie Dodo-Inflatables.com! | God\u012bgas cenas | Lieli daudzumi noliktav\u0101 | \u0100tra nos\u016bt\u012b\u0161ana!","robots":{"index":"index","follow":"follow","max-snippet":"max-snippet:-1","max-image-preview":"max-image-preview:large","max-video-preview":"max-video-preview:-1"},"canonical":"https:\/\/dodo-inflatables.com\/lv\/product\/zemes-tapas-piepusamo-iericu-stiprinasanai\/","twitter_misc":{"Est. reading time":"1 minute"},"schema":{"@context":"https:\/\/schema.org","@graph":[{"@type":"WebPage","@id":"https:\/\/dodo-inflatables.com\/lv\/product\/zemes-tapas-piepusamo-iericu-stiprinasanai\/","url":"https:\/\/dodo-inflatables.com\/lv\/product\/zemes-tapas-piepusamo-iericu-stiprinasanai\/","name":"Nopirkt piep\u016b\u0161amo piep\u016b\u0161amo piep\u016b\u0161amo konstrukciju stiprin\u0101juma tapas uz zemes | Dodo-Inflatables.com","isPartOf":{"@id":"https:\/\/dodo-inflatables.com\/lv\/#website"},"primaryImageOfPage":{"@id":"https:\/\/dodo-inflatables.com\/lv\/product\/zemes-tapas-piepusamo-iericu-stiprinasanai\/#primaryimage"},"image":{"@id":"https:\/\/dodo-inflatables.com\/lv\/product\/zemes-tapas-piepusamo-iericu-stiprinasanai\/#primaryimage"},"thumbnailUrl":"https:\/\/dodo-inflatables.com\/wp-content\/uploads\/2018\/05\/Buy-Ground-Pegs-for-Inflatablesnew.jpg","datePublished":"2018-05-11T12:38:49+00:00","dateModified":"2024-06-01T16:25:20+00:00","description":"Nopirkt piep\u016b\u0161amo piep\u016b\u0161amo konstrukciju piestiprin\u0101\u0161anai pie zemes pie Dodo-Inflatables.com! | God\u012bgas cenas | Lieli daudzumi noliktav\u0101 | \u0100tra nos\u016bt\u012b\u0161ana!","breadcrumb":{"@id":"https:\/\/dodo-inflatables.com\/lv\/product\/zemes-tapas-piepusamo-iericu-stiprinasanai\/#breadcrumb"},"inLanguage":"lv-LV","potentialAction":[{"@type":"ReadAction","target":["https:\/\/dodo-inflatables.com\/lv\/product\/zemes-tapas-piepusamo-iericu-stiprinasanai\/"]}]},{"@type":"ImageObject","inLanguage":"lv-LV","@id":"https:\/\/dodo-inflatables.com\/lv\/product\/zemes-tapas-piepusamo-iericu-stiprinasanai\/#primaryimage","url":"https:\/\/dodo-inflatables.com\/wp-content\/uploads\/2018\/05\/Buy-Ground-Pegs-for-Inflatablesnew.jpg","contentUrl":"https:\/\/dodo-inflatables.com\/wp-content\/uploads\/2018\/05\/Buy-Ground-Pegs-for-Inflatablesnew.jpg","width":1000,"height":1000},{"@type":"BreadcrumbList","@id":"https:\/\/dodo-inflatables.com\/lv\/product\/zemes-tapas-piepusamo-iericu-stiprinasanai\/#breadcrumb","itemListElement":[{"@type":"ListItem","position":1,"name":"Home","item":"https:\/\/dodo-inflatables.com\/lv\/"},{"@type":"ListItem","position":2,"name":"Veikals","item":"https:\/\/dodo-inflatables.com\/lv\/veikals\/"},{"@type":"ListItem","position":3,"name":"Zemes tapas piep\u016b\u0161amo ier\u012b\u010du stiprin\u0101\u0161anai"}]},{"@type":"WebSite","@id":"https:\/\/dodo-inflatables.com\/lv\/#website","url":"https:\/\/dodo-inflatables.com\/lv\/","name":"dodo-inflatables.com","description":"Ieg\u0101d\u0101jieties leco\u0161\u0101s pilis un atrakcijas m\u016bsu veikal\u0101.","publisher":{"@id":"https:\/\/dodo-inflatables.com\/lv\/#organization"},"potentialAction":[{"@type":"SearchAction","target":{"@type":"EntryPoint","urlTemplate":"https:\/\/dodo-inflatables.com\/lv\/?s={search_term_string}"},"query-input":{"@type":"PropertyValueSpecification","valueRequired":true,"valueName":"search_term_string"}}],"inLanguage":"lv-LV"},{"@type":"Organization","@id":"https:\/\/dodo-inflatables.com\/lv\/#organization","name":"dodo-inflatables.com","url":"https:\/\/dodo-inflatables.com\/lv\/","logo":{"@type":"ImageObject","inLanguage":"lv-LV","@id":"https:\/\/dodo-inflatables.com\/lv\/#\/schema\/logo\/image\/","url":"https:\/\/dodo-inflatables.com\/wp-content\/uploads\/2023\/04\/cropped-cropped-cropped-Dodo-Logo.png","contentUrl":"https:\/\/dodo-inflatables.com\/wp-content\/uploads\/2023\/04\/cropped-cropped-cropped-Dodo-Logo.png","width":2996,"height":1545,"caption":"dodo-inflatables.com"},"image":{"@id":"https:\/\/dodo-inflatables.com\/lv\/#\/schema\/logo\/image\/"}}]}},"uagb_featured_image_src":{"full":["https:\/\/dodo-inflatables.com\/wp-content\/uploads\/2018\/05\/Buy-Ground-Pegs-for-Inflatablesnew.jpg",1000,1000,false],"thumbnail":["https:\/\/dodo-inflatables.com\/wp-content\/uploads\/2018\/05\/Buy-Ground-Pegs-for-Inflatablesnew-150x150.jpg",150,150,true],"medium":["https:\/\/dodo-inflatables.com\/wp-content\/uploads\/2018\/05\/Buy-Ground-Pegs-for-Inflatablesnew-300x300.jpg",300,300,true],"medium_large":["https:\/\/dodo-inflatables.com\/wp-content\/uploads\/2018\/05\/Buy-Ground-Pegs-for-Inflatablesnew-768x768.jpg",768,768,true],"large":["https:\/\/dodo-inflatables.com\/wp-content\/uploads\/2018\/05\/Buy-Ground-Pegs-for-Inflatablesnew.jpg",1000,1000,false],"1536x1536":["https:\/\/dodo-inflatables.com\/wp-content\/uploads\/2018\/05\/Buy-Ground-Pegs-for-Inflatablesnew.jpg",1000,1000,false],"2048x2048":["https:\/\/dodo-inflatables.com\/wp-content\/uploads\/2018\/05\/Buy-Ground-Pegs-for-Inflatablesnew.jpg",1000,1000,false],"woocommerce_thumbnail":["https:\/\/dodo-inflatables.com\/wp-content\/uploads\/2018\/05\/Buy-Ground-Pegs-for-Inflatablesnew-900x900.jpg",900,900,true],"woocommerce_single":["https:\/\/dodo-inflatables.com\/wp-content\/uploads\/2018\/05\/Buy-Ground-Pegs-for-Inflatablesnew-900x900.jpg",900,900,true],"woocommerce_gallery_thumbnail":["https:\/\/dodo-inflatables.com\/wp-content\/uploads\/2018\/05\/Buy-Ground-Pegs-for-Inflatablesnew-100x100.jpg",100,100,true]},"uagb_author_info":{"display_name":"Andreas","author_link":"https:\/\/dodo-inflatables.com\/lv\/author\/"},"uagb_comment_info":0,"uagb_excerpt":"Cietas t\u0113rauda naglas Aptuvenais garums. 38 cm Piep\u016b\u0161amo pi\u013cu un piep\u016b\u0161amo pas\u0101kumu modu\u013cu piestiprin\u0101\u0161anai","_links":{"self":[{"href":"https:\/\/dodo-inflatables.com\/lv\/wp-json\/wp\/v2\/product\/12778","targetHints":{"allow":["GET"]}}],"collection":[{"href":"https:\/\/dodo-inflatables.com\/lv\/wp-json\/wp\/v2\/product"}],"about":[{"href":"https:\/\/dodo-inflatables.com\/lv\/wp-json\/wp\/v2\/types\/product"}],"replies":[{"embeddable":true,"href":"https:\/\/dodo-inflatables.com\/lv\/wp-json\/wp\/v2\/comments?post=12778"}],"wp:featuredmedia":[{"embeddable":true,"href":"https:\/\/dodo-inflatables.com\/lv\/wp-json\/wp\/v2\/media\/55343"}],"wp:attachment":[{"href":"https:\/\/dodo-inflatables.com\/lv\/wp-json\/wp\/v2\/media?parent=12778"}],"wp:term":[{"taxonomy":"product_brand","embeddable":true,"href":"https:\/\/dodo-inflatables.com\/lv\/wp-json\/wp\/v2\/product_brand?post=12778"},{"taxonomy":"product_cat","embeddable":true,"href":"https:\/\/dodo-inflatables.com\/lv\/wp-json\/wp\/v2\/product_cat?post=12778"},{"taxonomy":"product_tag","embeddable":true,"href":"https:\/\/dodo-inflatables.com\/lv\/wp-json\/wp\/v2\/product_tag?post=12778"}],"curies":[{"name":"wp","href":"https:\/\/api.w.org\/{rel}","templated":true}]}}