{"id":12922,"date":"2018-01-19T15:47:49","date_gmt":"2018-01-19T14:47:49","guid":{"rendered":"https:\/\/dodo-inflatables.com\/product\/futbola-sautrinas\/"},"modified":"2026-02-04T15:43:26","modified_gmt":"2026-02-04T14:43:26","slug":"futbola-sautrinas","status":"publish","type":"product","link":"https:\/\/dodo-inflatables.com\/lv\/product\/futbola-sautrinas\/","title":{"rendered":"Futbola \u0161autri\u0146as"},"content":{"rendered":"<h2>Nopirkt piep\u016b\u0161amo futbola \u0161autri\u0146u<\/h2>\n<p>Futbola \u0161autri\u0146as ir jaun\u0101k\u0101 tendence Anglijas pas\u0101kumos. Futbola \u0161autri\u0146as, kas paz\u012bstamas ar\u012b k\u0101 futbola \u0161autri\u0146as vai k\u0101ju \u0161autri\u0146as, apvieno ierast\u0101s futbola un \u0161autri\u0146u sp\u0113les prasmes, un taj\u0101s tiek \u0161autas Velcro futbola bumbas pret milz\u012bgu piep\u016b\u0161amo \u0161autri\u0146u d\u0113li.<\/p>\n<p>M\u016bsu liel\u0101 piep\u016b\u0161am\u0101 futbola \u0161autri\u0146u sp\u0113le ir 4,5 metrus augsta, t\u0101p\u0113c t\u0101 ir lielisks izskats jebkur\u0101 futbola pas\u0101kum\u0101. \u013baujiet draugiem, viesiem, klientiem, kol\u0113\u0123iem vai \u0123imenes locek\u013ciem sacensties sav\u0101 starp\u0101 futbola \u0161autri\u0146u sp\u0113l\u0113 un noskaidrojiet, kur\u0161 no jums ir lab\u0101kais \u0161\u0101v\u0113js. Sp\u0113l\u0113t\u0101jiem parasti ir tr\u012bs m\u0113\u0123in\u0101jumi, lai vai nu novietotu bumbu p\u0113c iesp\u0113jas tuv\u0101k &#8220;bullseye&#8221;, vai ar\u012b &#8220;no\u0161autu&#8221; noteiktu punktu skaitu. Tevi atbalst\u012bs ne tikai komandas biedri, bet ar\u012b skat\u012bt\u0101ji, kas ar aizraut\u012bbu v\u0113ros.<\/p>\n<p>Futbola \u0161autri\u0146as var sp\u0113l\u0113t uz jebkuras virsmas, uz kuras parasti sp\u0113l\u0113 futbolu. Nepiecie\u0161am\u0101s Velcro futbola bumbas tiek pieg\u0101d\u0101tas, lai atbilstu. Tie ir izgatavoti no \u012bpa\u0161a Velcro, kas \u012bpa\u0161i labi piegu\u013c pie piep\u016b\u0161am\u0101 \u0161autri\u0146u d\u0113\u013ca Velcro. \u0160\u012bs \u012bpa\u0161\u0101s <a href=\"https:\/\/dodo-inflatables.com\/product\/velcro-football-for-football-darts\/\">Velcro futbola bumbas<\/a> ir pieejamas ar\u012b atsevi\u0161\u0137i <a href=\"https:\/\/dodo-inflatables.com\/product-category\/accessories\/\">piederumu<\/a> kategorij\u0101.<\/p>\n<p>&nbsp;<\/p>\n<h4>Piep\u016b\u0161am\u0101s futbola \u0161autri\u0146as deta\u013cas<\/h4>\n<ul>\n<li>Izm\u0113ri (garums x platums x augstums): 4,50 m x 6,20 m x 4,50 m *<\/li>\n<li>Svars: apm. 95 kg *<\/li>\n<li>Iepakojuma izm\u0113rs: 100 x 70 x 70 cm *<\/li>\n<li>Mont\u0101\u017eas laiks: 10 min\u016btes<\/li>\n<li>Materi\u0101ls: 0,55 mm PVC un Velcro<\/li>\n<li>Nomain\u0101ms Velcro \u0161autri\u0146u d\u0113lis<\/li>\n<li>Zip ar Velcro v\u0101ku, pastiprin\u0101ti st\u016bri, augstas kvalit\u0101tes Velcro<\/li>\n<li>Virve bumbi\u0146u no\u0146em\u0161anai<\/li>\n<\/ul>\n<p>Komplekt\u0101cij\u0101 ietilpst: Futbola \u0161autri\u0146as un tr\u012bs futbola bumbas ar augstas kvalit\u0101tes Velcro v\u0101ku.<\/p>\n<p>Ventilators un sniega loksne nav iek\u013cauta komplekt\u0101cij\u0101. Tos var atrast piederumu kategorij\u0101.<\/p>\n<p>Visas m\u016bsu lecamauklas un piep\u016b\u0161am\u0101s atrakcijas ir profesion\u0101li modu\u013ci, kas piem\u0113roti profesion\u0101liem nomas uz\u0146\u0113mumiem un izmanto\u0161anai atp\u016btas parkos, iek\u0161telpu rota\u013cu laukumos un taml\u012bdz\u012bgi.<\/p>\n<p><strong>Svar\u012bgi lieto\u0161anas nor\u0101d\u012bjumi<\/strong><\/p>\n<p>Lieto\u0161anas laik\u0101 ventilatoram (nav iek\u013cauts komplekt\u0101) j\u0101str\u0101d\u0101 nep\u0101rtraukti.<br \/>\nNeliela gaisa nopl\u016bde caur \u0161uvju caurumiem ir norm\u0101la par\u0101d\u012bba.<\/p>\n<p>* Svars un izm\u0113ri ir aptuveni un var nedaudz at\u0161\u0137irties.<\/p>\n","protected":false},"excerpt":{"rendered":"<p><i class=\"fa fa-arrows-alt\"><\/i>  Izm\u0113ri (garums x platums x augstums): 4,50 m x 6,20 m x 4,50 m *<br \/>\n<i class=\"fa fa-plus\"><\/i>  Komplekt\u0101 ietilpst tr\u012bs futbola bumbas ar Velcro v\u0101ci\u0146u, nomain\u0101ms Velcro \u0161autri\u0146u d\u0113lis<i class=\"fa fa-check\"><\/i> Profesion\u0101ls modulis &#8211; piem\u0113rots komerci\u0101lai un priv\u0101tai lieto\u0161anai.<\/p>\n<p><i class=\"fa fa-square\"><\/i>  PVC (0,55 mm \/ 621,3 g\/m2) un Velcro.<br \/>\n<i class=\"fa fa-align-justify\"><\/i>  2 &#8211; 4 reizes sa\u0161\u016bti (atkar\u012bb\u0101 no slodzes)<br \/>\n<i class=\"fa fa-fire\"><\/i>  Ugunsdro\u0161s<br \/>\n<i class=\"fas fa-edit\"><\/i>  Ietveriet ar\u012b. individu\u0101lais s\u0113rijas numurs<\/p>\n","protected":false},"featured_media":12929,"comment_status":"open","ping_status":"closed","template":"","meta":{"_acf_changed":false,"_uag_custom_page_level_css":"","site-sidebar-layout":"default","site-content-layout":"boxed-container","ast-site-content-layout":"normal-width-container","site-content-style":"boxed","site-sidebar-style":"boxed","ast-global-header-display":"","ast-banner-title-visibility":"","ast-main-header-display":"","ast-hfb-above-header-display":"","ast-hfb-below-header-display":"","ast-hfb-mobile-header-display":"","site-post-title":"disabled","ast-breadcrumbs-content":"","ast-featured-img":"","footer-sml-layout":"","ast-disable-related-posts":"","theme-transparent-header-meta":"default","adv-header-id-meta":"","stick-header-meta":"default","header-above-stick-meta":"","header-main-stick-meta":"","header-below-stick-meta":"","astra-migrate-meta-layouts":"default","ast-page-background-enabled":"default","ast-page-background-meta":{"desktop":{"background-color":"var(--ast-global-color-4)","background-image":"","background-repeat":"repeat","background-position":"center center","background-size":"auto","background-attachment":"scroll","background-type":"","background-media":"","overlay-type":"","overlay-color":"","overlay-opacity":"","overlay-gradient":""},"tablet":{"background-color":"","background-image":"","background-repeat":"repeat","background-position":"center center","background-size":"auto","background-attachment":"scroll","background-type":"","background-media":"","overlay-type":"","overlay-color":"","overlay-opacity":"","overlay-gradient":""},"mobile":{"background-color":"","background-image":"","background-repeat":"repeat","background-position":"center center","background-size":"auto","background-attachment":"scroll","background-type":"","background-media":"","overlay-type":"","overlay-color":"","overlay-opacity":"","overlay-gradient":""}},"ast-content-background-meta":{"desktop":{"background-color":"var(--ast-global-color-5)","background-image":"","background-repeat":"repeat","background-position":"center center","background-size":"auto","background-attachment":"scroll","background-type":"","background-media":"","overlay-type":"","overlay-color":"","overlay-opacity":"","overlay-gradient":""},"tablet":{"background-color":"var(--ast-global-color-5)","background-image":"","background-repeat":"repeat","background-position":"center center","background-size":"auto","background-attachment":"scroll","background-type":"","background-media":"","overlay-type":"","overlay-color":"","overlay-opacity":"","overlay-gradient":""},"mobile":{"background-color":"var(--ast-global-color-5)","background-image":"","background-repeat":"repeat","background-position":"center center","background-size":"auto","background-attachment":"scroll","background-type":"","background-media":"","overlay-type":"","overlay-color":"","overlay-opacity":"","overlay-gradient":""}}},"product_brand":[],"product_cat":[1287],"product_tag":[],"class_list":{"0":"post-12922","1":"product","2":"type-product","3":"status-publish","4":"has-post-thumbnail","6":"product_cat-atrakcijas","7":"product_shipping_class-spedition-hupfburg-lv","8":"pa_gtin-0669145336841-lv","9":"desktop-align-center","10":"tablet-align-center","11":"mobile-align-center","12":"ast-product-gallery-layout-horizontal","13":"ast-product-tabs-layout-horizontal","15":"first","16":"instock","17":"taxable","18":"shipping-taxable","19":"purchasable","20":"product-type-simple"},"acf":[],"yoast_head":"<!-- This site is optimized with the Yoast SEO plugin v27.4 - https:\/\/yoast.com\/product\/yoast-seo-wordpress\/ -->\n<title>Pirkt piep\u016b\u0161am\u0101s futbola \u0161autri\u0146as | Dodo-Inflatables.com<\/title>\n<meta name=\"description\" content=\"Nopirkt Piep\u016b\u0161am\u0101s futbola Soccerdart pie dodo-inflatables.com! | God\u012bgas cenas | Vienm\u0113r noliktav\u0101 | \u0100tra nos\u016bt\u012b\u0161ana!\" \/>\n<meta name=\"robots\" content=\"index, follow, max-snippet:-1, max-image-preview:large, max-video-preview:-1\" \/>\n<link rel=\"canonical\" href=\"https:\/\/dodo-inflatables.com\/lv\/product\/futbola-sautrinas\/\" \/>\n<meta name=\"twitter:label1\" content=\"Est. reading time\" \/>\n\t<meta name=\"twitter:data1\" content=\"2 minutes\" \/>\n<script type=\"application\/ld+json\" class=\"yoast-schema-graph\">{\"@context\":\"https:\\\/\\\/schema.org\",\"@graph\":[{\"@type\":\"WebPage\",\"@id\":\"https:\\\/\\\/dodo-inflatables.com\\\/lv\\\/product\\\/futbola-sautrinas\\\/\",\"url\":\"https:\\\/\\\/dodo-inflatables.com\\\/lv\\\/product\\\/futbola-sautrinas\\\/\",\"name\":\"Pirkt piep\u016b\u0161am\u0101s futbola \u0161autri\u0146as | Dodo-Inflatables.com\",\"isPartOf\":{\"@id\":\"https:\\\/\\\/dodo-inflatables.com\\\/lv\\\/#website\"},\"primaryImageOfPage\":{\"@id\":\"https:\\\/\\\/dodo-inflatables.com\\\/lv\\\/product\\\/futbola-sautrinas\\\/#primaryimage\"},\"image\":{\"@id\":\"https:\\\/\\\/dodo-inflatables.com\\\/lv\\\/product\\\/futbola-sautrinas\\\/#primaryimage\"},\"thumbnailUrl\":\"https:\\\/\\\/dodo-inflatables.com\\\/wp-content\\\/uploads\\\/2018\\\/01\\\/fussball-dart-neu-kaufen-1.png\",\"datePublished\":\"2018-01-19T14:47:49+00:00\",\"dateModified\":\"2026-02-04T14:43:26+00:00\",\"description\":\"Nopirkt Piep\u016b\u0161am\u0101s futbola Soccerdart pie dodo-inflatables.com! | God\u012bgas cenas | Vienm\u0113r noliktav\u0101 | \u0100tra nos\u016bt\u012b\u0161ana!\",\"breadcrumb\":{\"@id\":\"https:\\\/\\\/dodo-inflatables.com\\\/lv\\\/product\\\/futbola-sautrinas\\\/#breadcrumb\"},\"inLanguage\":\"lv-LV\",\"potentialAction\":[{\"@type\":\"ReadAction\",\"target\":[\"https:\\\/\\\/dodo-inflatables.com\\\/lv\\\/product\\\/futbola-sautrinas\\\/\"]}]},{\"@type\":\"ImageObject\",\"inLanguage\":\"lv-LV\",\"@id\":\"https:\\\/\\\/dodo-inflatables.com\\\/lv\\\/product\\\/futbola-sautrinas\\\/#primaryimage\",\"url\":\"https:\\\/\\\/dodo-inflatables.com\\\/wp-content\\\/uploads\\\/2018\\\/01\\\/fussball-dart-neu-kaufen-1.png\",\"contentUrl\":\"https:\\\/\\\/dodo-inflatables.com\\\/wp-content\\\/uploads\\\/2018\\\/01\\\/fussball-dart-neu-kaufen-1.png\",\"width\":500,\"height\":500},{\"@type\":\"BreadcrumbList\",\"@id\":\"https:\\\/\\\/dodo-inflatables.com\\\/lv\\\/product\\\/futbola-sautrinas\\\/#breadcrumb\",\"itemListElement\":[{\"@type\":\"ListItem\",\"position\":1,\"name\":\"Home\",\"item\":\"https:\\\/\\\/dodo-inflatables.com\\\/lv\\\/\"},{\"@type\":\"ListItem\",\"position\":2,\"name\":\"Veikals\",\"item\":\"https:\\\/\\\/dodo-inflatables.com\\\/lv\\\/veikals\\\/\"},{\"@type\":\"ListItem\",\"position\":3,\"name\":\"Futbola \u0161autri\u0146as\"}]},{\"@type\":\"WebSite\",\"@id\":\"https:\\\/\\\/dodo-inflatables.com\\\/lv\\\/#website\",\"url\":\"https:\\\/\\\/dodo-inflatables.com\\\/lv\\\/\",\"name\":\"dodo-inflatables.com\",\"description\":\"Ieg\u0101d\u0101jieties leco\u0161\u0101s pilis un atrakcijas m\u016bsu veikal\u0101.\",\"publisher\":{\"@id\":\"https:\\\/\\\/dodo-inflatables.com\\\/lv\\\/#organization\"},\"potentialAction\":[{\"@type\":\"SearchAction\",\"target\":{\"@type\":\"EntryPoint\",\"urlTemplate\":\"https:\\\/\\\/dodo-inflatables.com\\\/lv\\\/?s={search_term_string}\"},\"query-input\":{\"@type\":\"PropertyValueSpecification\",\"valueRequired\":true,\"valueName\":\"search_term_string\"}}],\"inLanguage\":\"lv-LV\"},{\"@type\":\"Organization\",\"@id\":\"https:\\\/\\\/dodo-inflatables.com\\\/lv\\\/#organization\",\"name\":\"dodo-inflatables.com\",\"url\":\"https:\\\/\\\/dodo-inflatables.com\\\/lv\\\/\",\"logo\":{\"@type\":\"ImageObject\",\"inLanguage\":\"lv-LV\",\"@id\":\"https:\\\/\\\/dodo-inflatables.com\\\/lv\\\/#\\\/schema\\\/logo\\\/image\\\/\",\"url\":\"https:\\\/\\\/dodo-inflatables.com\\\/wp-content\\\/uploads\\\/2023\\\/04\\\/cropped-cropped-cropped-Dodo-Logo.png\",\"contentUrl\":\"https:\\\/\\\/dodo-inflatables.com\\\/wp-content\\\/uploads\\\/2023\\\/04\\\/cropped-cropped-cropped-Dodo-Logo.png\",\"width\":2996,\"height\":1545,\"caption\":\"dodo-inflatables.com\"},\"image\":{\"@id\":\"https:\\\/\\\/dodo-inflatables.com\\\/lv\\\/#\\\/schema\\\/logo\\\/image\\\/\"}}]}<\/script>\n<!-- \/ Yoast SEO plugin. -->","yoast_head_json":{"title":"Pirkt piep\u016b\u0161am\u0101s futbola \u0161autri\u0146as | Dodo-Inflatables.com","description":"Nopirkt Piep\u016b\u0161am\u0101s futbola Soccerdart pie dodo-inflatables.com! | God\u012bgas cenas | Vienm\u0113r noliktav\u0101 | \u0100tra nos\u016bt\u012b\u0161ana!","robots":{"index":"index","follow":"follow","max-snippet":"max-snippet:-1","max-image-preview":"max-image-preview:large","max-video-preview":"max-video-preview:-1"},"canonical":"https:\/\/dodo-inflatables.com\/lv\/product\/futbola-sautrinas\/","twitter_misc":{"Est. reading time":"2 minutes"},"schema":{"@context":"https:\/\/schema.org","@graph":[{"@type":"WebPage","@id":"https:\/\/dodo-inflatables.com\/lv\/product\/futbola-sautrinas\/","url":"https:\/\/dodo-inflatables.com\/lv\/product\/futbola-sautrinas\/","name":"Pirkt piep\u016b\u0161am\u0101s futbola \u0161autri\u0146as | Dodo-Inflatables.com","isPartOf":{"@id":"https:\/\/dodo-inflatables.com\/lv\/#website"},"primaryImageOfPage":{"@id":"https:\/\/dodo-inflatables.com\/lv\/product\/futbola-sautrinas\/#primaryimage"},"image":{"@id":"https:\/\/dodo-inflatables.com\/lv\/product\/futbola-sautrinas\/#primaryimage"},"thumbnailUrl":"https:\/\/dodo-inflatables.com\/wp-content\/uploads\/2018\/01\/fussball-dart-neu-kaufen-1.png","datePublished":"2018-01-19T14:47:49+00:00","dateModified":"2026-02-04T14:43:26+00:00","description":"Nopirkt Piep\u016b\u0161am\u0101s futbola Soccerdart pie dodo-inflatables.com! | God\u012bgas cenas | Vienm\u0113r noliktav\u0101 | \u0100tra nos\u016bt\u012b\u0161ana!","breadcrumb":{"@id":"https:\/\/dodo-inflatables.com\/lv\/product\/futbola-sautrinas\/#breadcrumb"},"inLanguage":"lv-LV","potentialAction":[{"@type":"ReadAction","target":["https:\/\/dodo-inflatables.com\/lv\/product\/futbola-sautrinas\/"]}]},{"@type":"ImageObject","inLanguage":"lv-LV","@id":"https:\/\/dodo-inflatables.com\/lv\/product\/futbola-sautrinas\/#primaryimage","url":"https:\/\/dodo-inflatables.com\/wp-content\/uploads\/2018\/01\/fussball-dart-neu-kaufen-1.png","contentUrl":"https:\/\/dodo-inflatables.com\/wp-content\/uploads\/2018\/01\/fussball-dart-neu-kaufen-1.png","width":500,"height":500},{"@type":"BreadcrumbList","@id":"https:\/\/dodo-inflatables.com\/lv\/product\/futbola-sautrinas\/#breadcrumb","itemListElement":[{"@type":"ListItem","position":1,"name":"Home","item":"https:\/\/dodo-inflatables.com\/lv\/"},{"@type":"ListItem","position":2,"name":"Veikals","item":"https:\/\/dodo-inflatables.com\/lv\/veikals\/"},{"@type":"ListItem","position":3,"name":"Futbola \u0161autri\u0146as"}]},{"@type":"WebSite","@id":"https:\/\/dodo-inflatables.com\/lv\/#website","url":"https:\/\/dodo-inflatables.com\/lv\/","name":"dodo-inflatables.com","description":"Ieg\u0101d\u0101jieties leco\u0161\u0101s pilis un atrakcijas m\u016bsu veikal\u0101.","publisher":{"@id":"https:\/\/dodo-inflatables.com\/lv\/#organization"},"potentialAction":[{"@type":"SearchAction","target":{"@type":"EntryPoint","urlTemplate":"https:\/\/dodo-inflatables.com\/lv\/?s={search_term_string}"},"query-input":{"@type":"PropertyValueSpecification","valueRequired":true,"valueName":"search_term_string"}}],"inLanguage":"lv-LV"},{"@type":"Organization","@id":"https:\/\/dodo-inflatables.com\/lv\/#organization","name":"dodo-inflatables.com","url":"https:\/\/dodo-inflatables.com\/lv\/","logo":{"@type":"ImageObject","inLanguage":"lv-LV","@id":"https:\/\/dodo-inflatables.com\/lv\/#\/schema\/logo\/image\/","url":"https:\/\/dodo-inflatables.com\/wp-content\/uploads\/2023\/04\/cropped-cropped-cropped-Dodo-Logo.png","contentUrl":"https:\/\/dodo-inflatables.com\/wp-content\/uploads\/2023\/04\/cropped-cropped-cropped-Dodo-Logo.png","width":2996,"height":1545,"caption":"dodo-inflatables.com"},"image":{"@id":"https:\/\/dodo-inflatables.com\/lv\/#\/schema\/logo\/image\/"}}]}},"uagb_featured_image_src":{"full":["https:\/\/dodo-inflatables.com\/wp-content\/uploads\/2018\/01\/fussball-dart-neu-kaufen-1.png",500,500,false],"thumbnail":["https:\/\/dodo-inflatables.com\/wp-content\/uploads\/2018\/01\/fussball-dart-neu-kaufen-1-150x150.png",150,150,true],"medium":["https:\/\/dodo-inflatables.com\/wp-content\/uploads\/2018\/01\/fussball-dart-neu-kaufen-1-300x300.png",300,300,true],"medium_large":["https:\/\/dodo-inflatables.com\/wp-content\/uploads\/2018\/01\/fussball-dart-neu-kaufen-1.png",500,500,false],"large":["https:\/\/dodo-inflatables.com\/wp-content\/uploads\/2018\/01\/fussball-dart-neu-kaufen-1.png",500,500,false],"1536x1536":["https:\/\/dodo-inflatables.com\/wp-content\/uploads\/2018\/01\/fussball-dart-neu-kaufen-1.png",500,500,false],"2048x2048":["https:\/\/dodo-inflatables.com\/wp-content\/uploads\/2018\/01\/fussball-dart-neu-kaufen-1.png",500,500,false],"woocommerce_thumbnail":["https:\/\/dodo-inflatables.com\/wp-content\/uploads\/2018\/01\/fussball-dart-neu-kaufen-1.png",500,500,false],"woocommerce_single":["https:\/\/dodo-inflatables.com\/wp-content\/uploads\/2018\/01\/fussball-dart-neu-kaufen-1.png",500,500,false],"woocommerce_gallery_thumbnail":["https:\/\/dodo-inflatables.com\/wp-content\/uploads\/2018\/01\/fussball-dart-neu-kaufen-1-100x100.png",100,100,true]},"uagb_author_info":{"display_name":"Andreas","author_link":"https:\/\/dodo-inflatables.com\/lv\/author\/"},"uagb_comment_info":0,"uagb_excerpt":"Izm\u0113ri (garums x platums x augstums): 4,50 m x 6,20 m x 4,50 m * Komplekt\u0101 ietilpst tr\u012bs futbola bumbas ar Velcro v\u0101ci\u0146u, nomain\u0101ms Velcro \u0161autri\u0146u d\u0113lis Profesion\u0101ls modulis - piem\u0113rots komerci\u0101lai un priv\u0101tai lieto\u0161anai. PVC (0,55 mm \/ 621,3 g\/m2) un Velcro. 2 - 4 reizes sa\u0161\u016bti (atkar\u012bb\u0101 no slodzes) Ugunsdro\u0161s Ietveriet ar\u012b. individu\u0101lais&hellip;","_links":{"self":[{"href":"https:\/\/dodo-inflatables.com\/lv\/wp-json\/wp\/v2\/product\/12922","targetHints":{"allow":["GET"]}}],"collection":[{"href":"https:\/\/dodo-inflatables.com\/lv\/wp-json\/wp\/v2\/product"}],"about":[{"href":"https:\/\/dodo-inflatables.com\/lv\/wp-json\/wp\/v2\/types\/product"}],"replies":[{"embeddable":true,"href":"https:\/\/dodo-inflatables.com\/lv\/wp-json\/wp\/v2\/comments?post=12922"}],"wp:featuredmedia":[{"embeddable":true,"href":"https:\/\/dodo-inflatables.com\/lv\/wp-json\/wp\/v2\/media\/12929"}],"wp:attachment":[{"href":"https:\/\/dodo-inflatables.com\/lv\/wp-json\/wp\/v2\/media?parent=12922"}],"wp:term":[{"taxonomy":"product_brand","embeddable":true,"href":"https:\/\/dodo-inflatables.com\/lv\/wp-json\/wp\/v2\/product_brand?post=12922"},{"taxonomy":"product_cat","embeddable":true,"href":"https:\/\/dodo-inflatables.com\/lv\/wp-json\/wp\/v2\/product_cat?post=12922"},{"taxonomy":"product_tag","embeddable":true,"href":"https:\/\/dodo-inflatables.com\/lv\/wp-json\/wp\/v2\/product_tag?post=12922"}],"curies":[{"name":"wp","href":"https:\/\/api.w.org\/{rel}","templated":true}]}}