{"id":12928,"date":"2017-01-06T21:05:34","date_gmt":"2017-01-06T20:05:34","guid":{"rendered":"https:\/\/dodo-inflatables.com\/product\/bouncy-pils-delfins-ar-slidkalninu\/"},"modified":"2026-04-17T10:56:43","modified_gmt":"2026-04-17T08:56:43","slug":"bouncy-pils-delfins-ar-slidkalninu","status":"publish","type":"product","link":"https:\/\/dodo-inflatables.com\/lv\/product\/bouncy-pils-delfins-ar-slidkalninu\/","title":{"rendered":"Bouncy pils Delf\u012bns ar sl\u012bdkalni\u0146u"},"content":{"rendered":"<h2>Nopirkt Delf\u012bns Bouncy pils ar slaidu<\/h2>\n<p>  M\u016bsu delf\u012bnu lecamaukla pils ar slidkalni\u0146u aizved mazus un lielus zem\u016bdens pasaul\u0113. Pateicoties piln\u012bgajam ietvaram, uzskr\u0113jamais pilis ir \u012bpa\u0161i dro\u0161s pat maz\u0101kiem b\u0113rniem. S\u0101nu sl\u012bdkalni\u0146\u0161 nodro\u0161ina v\u0113l liel\u0101ku jautr\u012bbu un aicina b\u0113rnus skriet apk\u0101rt un slidin\u0101ties. Ar att\u0113lotajiem smiekl\u012bgajiem j\u016bras rad\u012bbi\u0146iem un jautro kr\u0101su noform\u0113jumu lecamaukla delf\u012bns ir absol\u016bti pievilc\u012bgs. Delf\u012bnu uzp\u016b\u0161amajai pilij ar slidkalni\u0146u ir piem\u0113rota transport\u0113\u0161anas soma, un to var viegli uzst\u0101d\u012bt aptuveni 10 min\u016bt\u0113s. Iepakojum\u0101 ietilpst uzp\u016b\u0161am\u0101 pils, transport\u0113\u0161anas soma un remonta komplekts. L\u016bdzu, \u0146emiet v\u0113r\u0101, ka p\u016bt\u0113js un pamatnes p\u0101rkl\u0101js nav iek\u013cauts komplekt\u0101cij\u0101. Tos var atrast m\u016bsu <a href=\"https:\/\/dodo-inflatables.com\/product-category\/accessories\/\">piederumu kategorij\u0101<\/a>. Abi pied\u0101v\u0101tie p\u016bt\u0113ji<a href=\"https:\/\/dodo-inflatables.com\/product\/huawei-blower\/\">(Huawei<\/a> un <a href=\"https:\/\/dodo-inflatables.com\/product\/gibbons-blower\/\">Gibbons<\/a>) ir piem\u0113roti lecamauklai. Izgatavota no iztur\u012bga PVC brezenta (0,55 mm \/ 621,3 g\/kv.m) un sertific\u0113ta saska\u0146\u0101 ar DIN EN 14960, Dolphin Bouncy Castle ar slidkalni\u0146u ir kvalitat\u012bvs produkts, kas atbilst visaugst\u0101kajiem dro\u0161\u012bbas standartiem. L\u016bdzu, izmantojiet \u0161\u016bpu\u013cd\u0101rzu tikai uz piem\u0113rotas <a href=\"https:\/\/dodo-inflatables.com\/product\/ground-sheet-5-x-6-m\/\">pamatnes,<\/a> lai pasarg\u0101tu to no asiem priek\u0161metiem uz zemes un nodiluma. Lai nodro\u0161in\u0101tu maksim\u0101lu dro\u0161\u012bbu, iesak\u0101m uzst\u0101d\u012bt uzp\u016b\u0161amo pili uz z\u0101liena un nostiprin\u0101t to ar m\u016bsu <a href=\"https:\/\/dodo-inflatables.com\/product\/ground-pegs-bouncy-castle\/\">zemes enkuriem<\/a>. P\u0113c katras lieto\u0161anas reizes lecamauklu j\u0101iz\u017e\u0101v\u0113 un pien\u0101c\u012bgi j\u0101iepako, lai pasarg\u0101tu to no \u0101r\u0113j\u0101s ietekmes un transporta boj\u0101jumiem.  <\/p>\n<h3><strong>S\u012bk\u0101ka inform\u0101cija par delf\u012bnu uzp\u016b\u0161amo pili ar sl\u012bdkalni\u0146u<\/strong><\/h3>\n<ul>\n<li>Izm\u0113ri (garums x platums x augstums): 4,40 m x 5,50 m x 3,40 m *<\/li>\n<li>Sl\u0113po\u0161anas laukums (garums x platums): 2,90 x 2,90 m *<\/li>\n<li>Svars: apm. 95 kg *<\/li>\n<li>Iepakojuma izm\u0113rs: 80 x 80 x 110 cm *<\/li>\n<li>Uzst\u0101d\u012b\u0161anas laiks: 10 min\u016btes<\/li>\n<li>Materi\u0101ls: PVC (0,55 mm \/ 621,3 g\/m2)<\/li>\n<li>2-4 reizes \u0161\u016btas (atkar\u012bb\u0101 no lieto\u0161anas veida)<\/li>\n<li>Ugunsdro\u0161s<\/li>\n<li>Atbilst\u012bbas sertifik\u0101ts saska\u0146\u0101 ar EN 14960<\/li>\n<li>Atsperama virsma ar aizsargjosl\u0101m, r\u0101v\u0113jsl\u0113dz\u0113js ar velcro aizdari, pastiprin\u0101ti st\u016bri.<\/li>\n<\/ul>\n<p>  Komplekt\u0101 ietilpst: lecamaukla, transport\u0113\u0161anas soma un remonta komplekts Dolphin lecamaukla pils ar slidkalni\u0146u ir profesion\u0101ls modulis, kas ir ra\u017eots un p\u0101rbaud\u012bts saska\u0146\u0101 ar stingraj\u0101m DIN EN 14960 vadl\u012bnij\u0101m, kas noz\u012bm\u0113, ka tas ir dro\u0161s un uzticams. T\u0101p\u0113c delf\u012bnu uzp\u016b\u0161am\u0101 pils ar slidkalni\u0146u ir ide\u0101li piem\u0113rota profesion\u0101lai nomai. L\u016bdzu, \u0146emiet v\u0113r\u0101, ka lecamaukl\u0101 dr\u012bkst atrasties tikai b\u0113rni, bet ne pieaugu\u0161ie! L\u016bdzu, \u0146emiet v\u0113r\u0101, ka lieto\u0161anas laik\u0101 ventilatoram (nav iek\u013cauts komplekt\u0101) ir j\u0101darbojas nep\u0101rtraukti, un, lai nepie\u013cautu uzp\u016b\u0161am\u0101s pils pl\u012bsumu, caur caurumiem ir nepiecie\u0161ama neliela gaisa izpl\u016bde. Ieg\u0101d\u0101jieties delf\u012bnu uzp\u016b\u0161amo pili ar slidkalni\u0146u jau tagad un piedz\u012bvojiet neaizmirstamus mirk\u013cus, kas pilni jautr\u012bbas un piedz\u012bvojumu! * Svars un izm\u0113ri ir aptuveni un var nedaudz at\u0161\u0137irties.<\/p>\n","protected":false},"excerpt":{"rendered":"<p><i class=\"fa fa-arrows-alt\"><\/i>  Izm\u0113ri (garums x platums x augstums): 4,40 m x 5,50 m x 3,40 m* <i class=\"fa fa-child\"><\/i> Piem\u0113rots aptuveni 10 b\u0113rniem (atkar\u012bb\u0101 no vecuma un izm\u0113ra) <i class=\"fa fa-check\"><\/i> Profesion\u0101ls modulis &#8211; piem\u0113rots komerci\u0101lai un priv\u0101tai lieto\u0161anai <i class=\"fa fa-square\"><\/i> PVC (0,55 mm \/ 621,3 g\/m2) <i class=\"fa fa-align-justify\"><\/i> 2-4 loc\u012bjuma \u0161uves (atkar\u012bb\u0101 no slodzes) <i class=\"fa fa-fire\"><\/i> Ugunsdro\u0161s <i class=\"fa fa-certificate\"><\/i> Atbilst\u012bbas sertifik\u0101ts EN 14960 <i class=\"fas fa-edit\"><\/i> Ietver individu\u0101lu s\u0113rijas numuru<\/p>\n","protected":false},"featured_media":69987,"comment_status":"open","ping_status":"closed","template":"","meta":{"_acf_changed":false,"_uag_custom_page_level_css":"","site-sidebar-layout":"default","site-content-layout":"boxed-container","ast-site-content-layout":"normal-width-container","site-content-style":"boxed","site-sidebar-style":"boxed","ast-global-header-display":"","ast-banner-title-visibility":"","ast-main-header-display":"","ast-hfb-above-header-display":"","ast-hfb-below-header-display":"","ast-hfb-mobile-header-display":"","site-post-title":"disabled","ast-breadcrumbs-content":"","ast-featured-img":"","footer-sml-layout":"","ast-disable-related-posts":"","theme-transparent-header-meta":"default","adv-header-id-meta":"","stick-header-meta":"default","header-above-stick-meta":"","header-main-stick-meta":"","header-below-stick-meta":"","astra-migrate-meta-layouts":"default","ast-page-background-enabled":"default","ast-page-background-meta":{"desktop":{"background-color":"var(--ast-global-color-4)","background-image":"","background-repeat":"repeat","background-position":"center center","background-size":"auto","background-attachment":"scroll","background-type":"","background-media":"","overlay-type":"","overlay-color":"","overlay-opacity":"","overlay-gradient":""},"tablet":{"background-color":"","background-image":"","background-repeat":"repeat","background-position":"center center","background-size":"auto","background-attachment":"scroll","background-type":"","background-media":"","overlay-type":"","overlay-color":"","overlay-opacity":"","overlay-gradient":""},"mobile":{"background-color":"","background-image":"","background-repeat":"repeat","background-position":"center center","background-size":"auto","background-attachment":"scroll","background-type":"","background-media":"","overlay-type":"","overlay-color":"","overlay-opacity":"","overlay-gradient":""}},"ast-content-background-meta":{"desktop":{"background-color":"var(--ast-global-color-5)","background-image":"","background-repeat":"repeat","background-position":"center center","background-size":"auto","background-attachment":"scroll","background-type":"","background-media":"","overlay-type":"","overlay-color":"","overlay-opacity":"","overlay-gradient":""},"tablet":{"background-color":"var(--ast-global-color-5)","background-image":"","background-repeat":"repeat","background-position":"center center","background-size":"auto","background-attachment":"scroll","background-type":"","background-media":"","overlay-type":"","overlay-color":"","overlay-opacity":"","overlay-gradient":""},"mobile":{"background-color":"var(--ast-global-color-5)","background-image":"","background-repeat":"repeat","background-position":"center center","background-size":"auto","background-attachment":"scroll","background-type":"","background-media":"","overlay-type":"","overlay-color":"","overlay-opacity":"","overlay-gradient":""}}},"product_brand":[],"product_cat":[1165,1174],"product_tag":[1177],"class_list":{"0":"post-12928","1":"product","2":"type-product","3":"status-publish","4":"has-post-thumbnail","6":"product_cat-bouncy-castles-lv","7":"product_cat-piepusamas-slidkalnini","8":"product_tag-ar-slaidu","9":"product_shipping_class-spedition-hupfburg-lv","10":"desktop-align-center","11":"tablet-align-center","12":"mobile-align-center","13":"ast-product-gallery-layout-horizontal","14":"ast-product-tabs-layout-horizontal","16":"first","17":"instock","18":"taxable","19":"shipping-taxable","20":"purchasable","21":"product-type-simple"},"acf":[],"yoast_head":"<!-- This site is optimized with the Yoast SEO plugin v27.5 - https:\/\/yoast.com\/product\/yoast-seo-wordpress\/ -->\n<title>Delf\u012bnu uzp\u016b\u0161am\u0101 pils ar slidkalni\u0146u | Dodo-Inflatables.com<\/title>\n<meta name=\"description\" content=\"Ieg\u0101d\u0101jieties m\u016bsu gudro delf\u012bnu lecamauklu ar slidkalni\u0146u tie\u0161saist\u0113 vietn\u0113 dodo-inflatables | Pla\u0161s pied\u0101v\u0101jums noliktav\u0101 | Sertific\u0113ts saska\u0146\u0101 ar EN14960 | God\u012bgas cenas\" \/>\n<meta name=\"robots\" content=\"index, follow, max-snippet:-1, max-image-preview:large, max-video-preview:-1\" \/>\n<link rel=\"canonical\" href=\"https:\/\/dodo-inflatables.com\/lv\/product\/bouncy-pils-delfins-ar-slidkalninu\/\" \/>\n<meta name=\"twitter:label1\" content=\"Est. reading time\" \/>\n\t<meta name=\"twitter:data1\" content=\"3 minutes\" \/>\n<script type=\"application\/ld+json\" class=\"yoast-schema-graph\">{\"@context\":\"https:\\\/\\\/schema.org\",\"@graph\":[{\"@type\":\"WebPage\",\"@id\":\"https:\\\/\\\/dodo-inflatables.com\\\/lv\\\/product\\\/bouncy-pils-delfins-ar-slidkalninu\\\/\",\"url\":\"https:\\\/\\\/dodo-inflatables.com\\\/lv\\\/product\\\/bouncy-pils-delfins-ar-slidkalninu\\\/\",\"name\":\"Delf\u012bnu uzp\u016b\u0161am\u0101 pils ar slidkalni\u0146u | Dodo-Inflatables.com\",\"isPartOf\":{\"@id\":\"https:\\\/\\\/dodo-inflatables.com\\\/lv\\\/#website\"},\"primaryImageOfPage\":{\"@id\":\"https:\\\/\\\/dodo-inflatables.com\\\/lv\\\/product\\\/bouncy-pils-delfins-ar-slidkalninu\\\/#primaryimage\"},\"image\":{\"@id\":\"https:\\\/\\\/dodo-inflatables.com\\\/lv\\\/product\\\/bouncy-pils-delfins-ar-slidkalninu\\\/#primaryimage\"},\"thumbnailUrl\":\"https:\\\/\\\/dodo-inflatables.com\\\/wp-content\\\/uploads\\\/2017\\\/01\\\/Bouncy-Castle-Dolphin-with-Slide6.jpg\",\"datePublished\":\"2017-01-06T20:05:34+00:00\",\"dateModified\":\"2026-04-17T08:56:43+00:00\",\"description\":\"Ieg\u0101d\u0101jieties m\u016bsu gudro delf\u012bnu lecamauklu ar slidkalni\u0146u tie\u0161saist\u0113 vietn\u0113 dodo-inflatables | Pla\u0161s pied\u0101v\u0101jums noliktav\u0101 | Sertific\u0113ts saska\u0146\u0101 ar EN14960 | God\u012bgas cenas\",\"breadcrumb\":{\"@id\":\"https:\\\/\\\/dodo-inflatables.com\\\/lv\\\/product\\\/bouncy-pils-delfins-ar-slidkalninu\\\/#breadcrumb\"},\"inLanguage\":\"lv-LV\",\"potentialAction\":[{\"@type\":\"ReadAction\",\"target\":[\"https:\\\/\\\/dodo-inflatables.com\\\/lv\\\/product\\\/bouncy-pils-delfins-ar-slidkalninu\\\/\"]}]},{\"@type\":\"ImageObject\",\"inLanguage\":\"lv-LV\",\"@id\":\"https:\\\/\\\/dodo-inflatables.com\\\/lv\\\/product\\\/bouncy-pils-delfins-ar-slidkalninu\\\/#primaryimage\",\"url\":\"https:\\\/\\\/dodo-inflatables.com\\\/wp-content\\\/uploads\\\/2017\\\/01\\\/Bouncy-Castle-Dolphin-with-Slide6.jpg\",\"contentUrl\":\"https:\\\/\\\/dodo-inflatables.com\\\/wp-content\\\/uploads\\\/2017\\\/01\\\/Bouncy-Castle-Dolphin-with-Slide6.jpg\",\"width\":1000,\"height\":1000},{\"@type\":\"BreadcrumbList\",\"@id\":\"https:\\\/\\\/dodo-inflatables.com\\\/lv\\\/product\\\/bouncy-pils-delfins-ar-slidkalninu\\\/#breadcrumb\",\"itemListElement\":[{\"@type\":\"ListItem\",\"position\":1,\"name\":\"Home\",\"item\":\"https:\\\/\\\/dodo-inflatables.com\\\/lv\\\/\"},{\"@type\":\"ListItem\",\"position\":2,\"name\":\"Veikals\",\"item\":\"https:\\\/\\\/dodo-inflatables.com\\\/lv\\\/veikals\\\/\"},{\"@type\":\"ListItem\",\"position\":3,\"name\":\"Bouncy pils Delf\u012bns ar sl\u012bdkalni\u0146u\"}]},{\"@type\":\"WebSite\",\"@id\":\"https:\\\/\\\/dodo-inflatables.com\\\/lv\\\/#website\",\"url\":\"https:\\\/\\\/dodo-inflatables.com\\\/lv\\\/\",\"name\":\"dodo-inflatables.com\",\"description\":\"Ieg\u0101d\u0101jieties leco\u0161\u0101s pilis un atrakcijas m\u016bsu veikal\u0101.\",\"potentialAction\":[{\"@type\":\"SearchAction\",\"target\":{\"@type\":\"EntryPoint\",\"urlTemplate\":\"https:\\\/\\\/dodo-inflatables.com\\\/lv\\\/?s={search_term_string}\"},\"query-input\":{\"@type\":\"PropertyValueSpecification\",\"valueRequired\":true,\"valueName\":\"search_term_string\"}}],\"inLanguage\":\"lv-LV\"}]}<\/script>\n<!-- \/ Yoast SEO plugin. -->","yoast_head_json":{"title":"Delf\u012bnu uzp\u016b\u0161am\u0101 pils ar slidkalni\u0146u | Dodo-Inflatables.com","description":"Ieg\u0101d\u0101jieties m\u016bsu gudro delf\u012bnu lecamauklu ar slidkalni\u0146u tie\u0161saist\u0113 vietn\u0113 dodo-inflatables | Pla\u0161s pied\u0101v\u0101jums noliktav\u0101 | Sertific\u0113ts saska\u0146\u0101 ar EN14960 | God\u012bgas cenas","robots":{"index":"index","follow":"follow","max-snippet":"max-snippet:-1","max-image-preview":"max-image-preview:large","max-video-preview":"max-video-preview:-1"},"canonical":"https:\/\/dodo-inflatables.com\/lv\/product\/bouncy-pils-delfins-ar-slidkalninu\/","twitter_misc":{"Est. reading time":"3 minutes"},"schema":{"@context":"https:\/\/schema.org","@graph":[{"@type":"WebPage","@id":"https:\/\/dodo-inflatables.com\/lv\/product\/bouncy-pils-delfins-ar-slidkalninu\/","url":"https:\/\/dodo-inflatables.com\/lv\/product\/bouncy-pils-delfins-ar-slidkalninu\/","name":"Delf\u012bnu uzp\u016b\u0161am\u0101 pils ar slidkalni\u0146u | Dodo-Inflatables.com","isPartOf":{"@id":"https:\/\/dodo-inflatables.com\/lv\/#website"},"primaryImageOfPage":{"@id":"https:\/\/dodo-inflatables.com\/lv\/product\/bouncy-pils-delfins-ar-slidkalninu\/#primaryimage"},"image":{"@id":"https:\/\/dodo-inflatables.com\/lv\/product\/bouncy-pils-delfins-ar-slidkalninu\/#primaryimage"},"thumbnailUrl":"https:\/\/dodo-inflatables.com\/wp-content\/uploads\/2017\/01\/Bouncy-Castle-Dolphin-with-Slide6.jpg","datePublished":"2017-01-06T20:05:34+00:00","dateModified":"2026-04-17T08:56:43+00:00","description":"Ieg\u0101d\u0101jieties m\u016bsu gudro delf\u012bnu lecamauklu ar slidkalni\u0146u tie\u0161saist\u0113 vietn\u0113 dodo-inflatables | Pla\u0161s pied\u0101v\u0101jums noliktav\u0101 | Sertific\u0113ts saska\u0146\u0101 ar EN14960 | God\u012bgas cenas","breadcrumb":{"@id":"https:\/\/dodo-inflatables.com\/lv\/product\/bouncy-pils-delfins-ar-slidkalninu\/#breadcrumb"},"inLanguage":"lv-LV","potentialAction":[{"@type":"ReadAction","target":["https:\/\/dodo-inflatables.com\/lv\/product\/bouncy-pils-delfins-ar-slidkalninu\/"]}]},{"@type":"ImageObject","inLanguage":"lv-LV","@id":"https:\/\/dodo-inflatables.com\/lv\/product\/bouncy-pils-delfins-ar-slidkalninu\/#primaryimage","url":"https:\/\/dodo-inflatables.com\/wp-content\/uploads\/2017\/01\/Bouncy-Castle-Dolphin-with-Slide6.jpg","contentUrl":"https:\/\/dodo-inflatables.com\/wp-content\/uploads\/2017\/01\/Bouncy-Castle-Dolphin-with-Slide6.jpg","width":1000,"height":1000},{"@type":"BreadcrumbList","@id":"https:\/\/dodo-inflatables.com\/lv\/product\/bouncy-pils-delfins-ar-slidkalninu\/#breadcrumb","itemListElement":[{"@type":"ListItem","position":1,"name":"Home","item":"https:\/\/dodo-inflatables.com\/lv\/"},{"@type":"ListItem","position":2,"name":"Veikals","item":"https:\/\/dodo-inflatables.com\/lv\/veikals\/"},{"@type":"ListItem","position":3,"name":"Bouncy pils Delf\u012bns ar sl\u012bdkalni\u0146u"}]},{"@type":"WebSite","@id":"https:\/\/dodo-inflatables.com\/lv\/#website","url":"https:\/\/dodo-inflatables.com\/lv\/","name":"dodo-inflatables.com","description":"Ieg\u0101d\u0101jieties leco\u0161\u0101s pilis un atrakcijas m\u016bsu veikal\u0101.","potentialAction":[{"@type":"SearchAction","target":{"@type":"EntryPoint","urlTemplate":"https:\/\/dodo-inflatables.com\/lv\/?s={search_term_string}"},"query-input":{"@type":"PropertyValueSpecification","valueRequired":true,"valueName":"search_term_string"}}],"inLanguage":"lv-LV"}]}},"uagb_featured_image_src":{"full":["https:\/\/dodo-inflatables.com\/wp-content\/uploads\/2017\/01\/Bouncy-Castle-Dolphin-with-Slide6.jpg",1000,1000,false],"thumbnail":["https:\/\/dodo-inflatables.com\/wp-content\/uploads\/2017\/01\/Bouncy-Castle-Dolphin-with-Slide6-150x150.jpg",150,150,true],"medium":["https:\/\/dodo-inflatables.com\/wp-content\/uploads\/2017\/01\/Bouncy-Castle-Dolphin-with-Slide6-300x300.jpg",300,300,true],"medium_large":["https:\/\/dodo-inflatables.com\/wp-content\/uploads\/2017\/01\/Bouncy-Castle-Dolphin-with-Slide6-768x768.jpg",768,768,true],"large":["https:\/\/dodo-inflatables.com\/wp-content\/uploads\/2017\/01\/Bouncy-Castle-Dolphin-with-Slide6.jpg",1000,1000,false],"1536x1536":["https:\/\/dodo-inflatables.com\/wp-content\/uploads\/2017\/01\/Bouncy-Castle-Dolphin-with-Slide6.jpg",1000,1000,false],"2048x2048":["https:\/\/dodo-inflatables.com\/wp-content\/uploads\/2017\/01\/Bouncy-Castle-Dolphin-with-Slide6.jpg",1000,1000,false],"woocommerce_thumbnail":["https:\/\/dodo-inflatables.com\/wp-content\/uploads\/2017\/01\/Bouncy-Castle-Dolphin-with-Slide6-900x900.jpg",900,900,true],"woocommerce_single":["https:\/\/dodo-inflatables.com\/wp-content\/uploads\/2017\/01\/Bouncy-Castle-Dolphin-with-Slide6-900x900.jpg",900,900,true],"woocommerce_gallery_thumbnail":["https:\/\/dodo-inflatables.com\/wp-content\/uploads\/2017\/01\/Bouncy-Castle-Dolphin-with-Slide6-100x100.jpg",100,100,true]},"uagb_author_info":{"display_name":"Andreas","author_link":"https:\/\/dodo-inflatables.com\/lv\/author\/"},"uagb_comment_info":0,"uagb_excerpt":"Izm\u0113ri (garums x platums x augstums): 4,40 m x 5,50 m x 3,40 m* Piem\u0113rots aptuveni 10 b\u0113rniem (atkar\u012bb\u0101 no vecuma un izm\u0113ra) Profesion\u0101ls modulis - piem\u0113rots komerci\u0101lai un priv\u0101tai lieto\u0161anai PVC (0,55 mm \/ 621,3 g\/m2) 2-4 loc\u012bjuma \u0161uves (atkar\u012bb\u0101 no slodzes) Ugunsdro\u0161s Atbilst\u012bbas sertifik\u0101ts EN 14960 Ietver individu\u0101lu s\u0113rijas numuru","_links":{"self":[{"href":"https:\/\/dodo-inflatables.com\/lv\/wp-json\/wp\/v2\/product\/12928","targetHints":{"allow":["GET"]}}],"collection":[{"href":"https:\/\/dodo-inflatables.com\/lv\/wp-json\/wp\/v2\/product"}],"about":[{"href":"https:\/\/dodo-inflatables.com\/lv\/wp-json\/wp\/v2\/types\/product"}],"replies":[{"embeddable":true,"href":"https:\/\/dodo-inflatables.com\/lv\/wp-json\/wp\/v2\/comments?post=12928"}],"wp:featuredmedia":[{"embeddable":true,"href":"https:\/\/dodo-inflatables.com\/lv\/wp-json\/wp\/v2\/media\/69987"}],"wp:attachment":[{"href":"https:\/\/dodo-inflatables.com\/lv\/wp-json\/wp\/v2\/media?parent=12928"}],"wp:term":[{"taxonomy":"product_brand","embeddable":true,"href":"https:\/\/dodo-inflatables.com\/lv\/wp-json\/wp\/v2\/product_brand?post=12928"},{"taxonomy":"product_cat","embeddable":true,"href":"https:\/\/dodo-inflatables.com\/lv\/wp-json\/wp\/v2\/product_cat?post=12928"},{"taxonomy":"product_tag","embeddable":true,"href":"https:\/\/dodo-inflatables.com\/lv\/wp-json\/wp\/v2\/product_tag?post=12928"}],"curies":[{"name":"wp","href":"https:\/\/api.w.org\/{rel}","templated":true}]}}