{"id":13052,"date":"2017-01-06T20:46:21","date_gmt":"2017-01-06T19:46:21","guid":{"rendered":"https:\/\/dodo-inflatables.com\/product\/zemes-loksne-4-x-5-metri\/"},"modified":"2026-04-25T19:02:09","modified_gmt":"2026-04-25T17:02:09","slug":"zemes-loksne-4-x-5-metri","status":"publish","type":"product","link":"https:\/\/dodo-inflatables.com\/lv\/product\/zemes-loksne-4-x-5-metri\/","title":{"rendered":"Apak\u0161kl\u0101jums 4 x 5 m"},"content":{"rendered":"<h2>Pirkt apak\u0161kl\u0101jumu piep\u016b\u0161amaj\u0101m pil\u012bm<\/h2>\n<p>Piem\u0113rota apak\u0161kl\u0101juma izmanto\u0161ana ir viens no lab\u0101kajiem veidiem, k\u0101 pal\u012bdz\u0113t pagarin\u0101t j\u016bsu piep\u016b\u0161am\u0101s pils kalpo\u0161anas laiku.<br \/>\nNeatkar\u012bgi no t\u0101, vai piep\u016b\u0161am\u0101 pils ir uzst\u0101d\u012bta uz z\u0101liena, asfalta, bru\u0123a vai telp\u0101s, apak\u0161kl\u0101jums uzticami aizsarg\u0101 piep\u016b\u0161am\u0101s konstrukcijas apak\u0161u no nodiluma, mitruma un boj\u0101jumiem.<br \/>\n<strong>Uzticama aizsardz\u012bba:<\/strong><br \/>\nApak\u0161kl\u0101jums nov\u0113r\u0161 tie\u0161u kontaktu starp piep\u016b\u0161amo pili un zem\u0101k eso\u0161o virsmu, pal\u012bdzot to aizsarg\u0101t pret as\u0101m mal\u0101m, akme\u0146iem, net\u012brumiem un mitrumu.<br \/>\n<strong>Daudzpus\u012bga lieto\u0161ana:<\/strong><br \/>\nPiem\u0113rots piep\u016b\u0161amaj\u0101m pil\u012bm un citiem piep\u016b\u0161amajiem pas\u0101kumu modu\u013ciem, gan priv\u0101tai lieto\u0161anai, gan profesion\u0101liem nomas uz\u0146\u0113mumiem.<br \/>\n<strong>Dro\u0161a pozicion\u0113\u0161ana:<\/strong><br \/>\nPateicoties stiprin\u0101juma ausi\u0146\u0101m, kas izvietotas visapk\u0101rt kl\u0101jumam, to var nostiprin\u0101t p\u0113c vajadz\u012bbas, un tas dro\u0161i paliek sav\u0101 viet\u0101 pat tad, kad piep\u016b\u0161am\u0101 pils lieto\u0161anas laik\u0101 kustas.<br \/>\n<strong>Iztur\u012bgs un ilgm\u016b\u017e\u012bgs:<\/strong><br \/>\nIztur\u012bgais PE materi\u0101ls ir \u016bdensnecaurlaid\u012bgs, iztur\u012bgs pret laika apst\u0101k\u013ciem un pl\u012b\u0161anu, padarot to ide\u0101lu regul\u0101rai lieto\u0161anai telp\u0101s un \u0101r\u0101.<br \/>\n<strong>Apak\u0161kl\u0101juma deta\u013cas<\/strong><\/p>\n<ul>\n<li>Izm\u0113ri (G x P): ap 4,00 m x 5,00 m<\/li>\n<li>Stiprin\u0101juma ausi\u0146as ap 50 cm interv\u0101los<\/li>\n<li>PE 260 g\/m\u00b2<\/li>\n<li>\u016adensnecaurlaid\u012bgs, iztur\u012bgs pret laika apst\u0101k\u013ciem un pl\u012b\u0161anu<\/li>\n<\/ul>\n","protected":false},"excerpt":{"rendered":"<ul>\n<li>Izm\u0113ri (G x P): ap 4,00 m x 5,00 m<\/li>\n<li>Stiprin\u0101juma ausi\u0146as ap 50 cm interv\u0101los<\/li>\n<li>PE 260 g\/m\u00b2<\/li>\n<li>\u016adensnecaurlaid\u012bgs, iztur\u012bgs pret laika apst\u0101k\u013ciem un pl\u012b\u0161anu<\/li>\n<\/ul>\n","protected":false},"featured_media":13053,"comment_status":"open","ping_status":"closed","template":"","meta":{"_acf_changed":false,"_uag_custom_page_level_css":"","site-sidebar-layout":"default","site-content-layout":"boxed-container","ast-site-content-layout":"normal-width-container","site-content-style":"boxed","site-sidebar-style":"boxed","ast-global-header-display":"","ast-banner-title-visibility":"","ast-main-header-display":"","ast-hfb-above-header-display":"","ast-hfb-below-header-display":"","ast-hfb-mobile-header-display":"","site-post-title":"disabled","ast-breadcrumbs-content":"","ast-featured-img":"","footer-sml-layout":"","ast-disable-related-posts":"","theme-transparent-header-meta":"default","adv-header-id-meta":"","stick-header-meta":"default","header-above-stick-meta":"","header-main-stick-meta":"","header-below-stick-meta":"","astra-migrate-meta-layouts":"default","ast-page-background-enabled":"default","ast-page-background-meta":{"desktop":{"background-color":"var(--ast-global-color-4)","background-image":"","background-repeat":"repeat","background-position":"center center","background-size":"auto","background-attachment":"scroll","background-type":"","background-media":"","overlay-type":"","overlay-color":"","overlay-opacity":"","overlay-gradient":""},"tablet":{"background-color":"","background-image":"","background-repeat":"repeat","background-position":"center center","background-size":"auto","background-attachment":"scroll","background-type":"","background-media":"","overlay-type":"","overlay-color":"","overlay-opacity":"","overlay-gradient":""},"mobile":{"background-color":"","background-image":"","background-repeat":"repeat","background-position":"center center","background-size":"auto","background-attachment":"scroll","background-type":"","background-media":"","overlay-type":"","overlay-color":"","overlay-opacity":"","overlay-gradient":""}},"ast-content-background-meta":{"desktop":{"background-color":"var(--ast-global-color-5)","background-image":"","background-repeat":"repeat","background-position":"center center","background-size":"auto","background-attachment":"scroll","background-type":"","background-media":"","overlay-type":"","overlay-color":"","overlay-opacity":"","overlay-gradient":""},"tablet":{"background-color":"var(--ast-global-color-5)","background-image":"","background-repeat":"repeat","background-position":"center center","background-size":"auto","background-attachment":"scroll","background-type":"","background-media":"","overlay-type":"","overlay-color":"","overlay-opacity":"","overlay-gradient":""},"mobile":{"background-color":"var(--ast-global-color-5)","background-image":"","background-repeat":"repeat","background-position":"center center","background-size":"auto","background-attachment":"scroll","background-type":"","background-media":"","overlay-type":"","overlay-color":"","overlay-opacity":"","overlay-gradient":""}}},"product_brand":[],"product_cat":[1154],"product_tag":[],"class_list":{"0":"post-13052","1":"product","2":"type-product","3":"status-publish","4":"has-post-thumbnail","6":"product_cat-piedavajumi","7":"product_shipping_class-zubehor-lv","8":"desktop-align-center","9":"tablet-align-center","10":"mobile-align-center","11":"ast-product-gallery-layout-horizontal","12":"ast-product-gallery-with-no-image","13":"ast-product-tabs-layout-horizontal","15":"first","16":"instock","17":"taxable","18":"shipping-taxable","19":"purchasable","20":"product-type-simple"},"acf":[],"yoast_head":"<!-- This site is optimized with the Yoast SEO plugin v27.5 - https:\/\/yoast.com\/product\/yoast-seo-wordpress\/ -->\n<title>Piep\u016b\u0161amo pl\u0101k\u0161\u0146u zemes p\u0101rkl\u0101ju ieg\u0101de | Dodo-Inflatables.com<\/title>\n<meta name=\"description\" content=\"Ieg\u0101d\u0101jieties atbilsto\u0161us piederumus, piem\u0113ram, stabilas piep\u016b\u0161amo konstrukciju pamatnes, tie\u0161i tie\u0161saist\u0113 Dodo-Inflatables.com | Sertific\u0113ts saska\u0146\u0101 ar EN14960 | \u0100tra pieg\u0101de!\" \/>\n<meta name=\"robots\" content=\"index, follow, max-snippet:-1, max-image-preview:large, max-video-preview:-1\" \/>\n<link rel=\"canonical\" href=\"https:\/\/dodo-inflatables.com\/lv\/product\/zemes-loksne-4-x-5-metri\/\" \/>\n<meta name=\"twitter:label1\" content=\"Est. reading time\" \/>\n\t<meta name=\"twitter:data1\" content=\"1 minute\" \/>\n<script type=\"application\/ld+json\" class=\"yoast-schema-graph\">{\"@context\":\"https:\\\/\\\/schema.org\",\"@graph\":[{\"@type\":\"WebPage\",\"@id\":\"https:\\\/\\\/dodo-inflatables.com\\\/lv\\\/product\\\/zemes-loksne-4-x-5-metri\\\/\",\"url\":\"https:\\\/\\\/dodo-inflatables.com\\\/lv\\\/product\\\/zemes-loksne-4-x-5-metri\\\/\",\"name\":\"Piep\u016b\u0161amo pl\u0101k\u0161\u0146u zemes p\u0101rkl\u0101ju ieg\u0101de | Dodo-Inflatables.com\",\"isPartOf\":{\"@id\":\"https:\\\/\\\/dodo-inflatables.com\\\/lv\\\/#website\"},\"primaryImageOfPage\":{\"@id\":\"https:\\\/\\\/dodo-inflatables.com\\\/lv\\\/product\\\/zemes-loksne-4-x-5-metri\\\/#primaryimage\"},\"image\":{\"@id\":\"https:\\\/\\\/dodo-inflatables.com\\\/lv\\\/product\\\/zemes-loksne-4-x-5-metri\\\/#primaryimage\"},\"thumbnailUrl\":\"https:\\\/\\\/dodo-inflatables.com\\\/wp-content\\\/uploads\\\/2021\\\/03\\\/Ground-Sheet-Bouncy-Castle.png\",\"datePublished\":\"2017-01-06T19:46:21+00:00\",\"dateModified\":\"2026-04-25T17:02:09+00:00\",\"description\":\"Ieg\u0101d\u0101jieties atbilsto\u0161us piederumus, piem\u0113ram, stabilas piep\u016b\u0161amo konstrukciju pamatnes, tie\u0161i tie\u0161saist\u0113 Dodo-Inflatables.com | Sertific\u0113ts saska\u0146\u0101 ar EN14960 | \u0100tra pieg\u0101de!\",\"breadcrumb\":{\"@id\":\"https:\\\/\\\/dodo-inflatables.com\\\/lv\\\/product\\\/zemes-loksne-4-x-5-metri\\\/#breadcrumb\"},\"inLanguage\":\"lv-LV\",\"potentialAction\":[{\"@type\":\"ReadAction\",\"target\":[\"https:\\\/\\\/dodo-inflatables.com\\\/lv\\\/product\\\/zemes-loksne-4-x-5-metri\\\/\"]}]},{\"@type\":\"ImageObject\",\"inLanguage\":\"lv-LV\",\"@id\":\"https:\\\/\\\/dodo-inflatables.com\\\/lv\\\/product\\\/zemes-loksne-4-x-5-metri\\\/#primaryimage\",\"url\":\"https:\\\/\\\/dodo-inflatables.com\\\/wp-content\\\/uploads\\\/2021\\\/03\\\/Ground-Sheet-Bouncy-Castle.png\",\"contentUrl\":\"https:\\\/\\\/dodo-inflatables.com\\\/wp-content\\\/uploads\\\/2021\\\/03\\\/Ground-Sheet-Bouncy-Castle.png\",\"width\":500,\"height\":500,\"caption\":\"Apak\u0161kl\u0101jums 8 x 4 m piep\u016b\u0161amajai pilij | Dodo Inflatables\"},{\"@type\":\"BreadcrumbList\",\"@id\":\"https:\\\/\\\/dodo-inflatables.com\\\/lv\\\/product\\\/zemes-loksne-4-x-5-metri\\\/#breadcrumb\",\"itemListElement\":[{\"@type\":\"ListItem\",\"position\":1,\"name\":\"Home\",\"item\":\"https:\\\/\\\/dodo-inflatables.com\\\/lv\\\/\"},{\"@type\":\"ListItem\",\"position\":2,\"name\":\"Veikals\",\"item\":\"https:\\\/\\\/dodo-inflatables.com\\\/lv\\\/veikals\\\/\"},{\"@type\":\"ListItem\",\"position\":3,\"name\":\"Zemes loksne 4 x 5 metri\"}]},{\"@type\":\"WebSite\",\"@id\":\"https:\\\/\\\/dodo-inflatables.com\\\/lv\\\/#website\",\"url\":\"https:\\\/\\\/dodo-inflatables.com\\\/lv\\\/\",\"name\":\"dodo-inflatables.com\",\"description\":\"Ieg\u0101d\u0101jieties leco\u0161\u0101s pilis un atrakcijas m\u016bsu veikal\u0101.\",\"potentialAction\":[{\"@type\":\"SearchAction\",\"target\":{\"@type\":\"EntryPoint\",\"urlTemplate\":\"https:\\\/\\\/dodo-inflatables.com\\\/lv\\\/?s={search_term_string}\"},\"query-input\":{\"@type\":\"PropertyValueSpecification\",\"valueRequired\":true,\"valueName\":\"search_term_string\"}}],\"inLanguage\":\"lv-LV\"}]}<\/script>\n<!-- \/ Yoast SEO plugin. -->","yoast_head_json":{"title":"Piep\u016b\u0161amo pl\u0101k\u0161\u0146u zemes p\u0101rkl\u0101ju ieg\u0101de | Dodo-Inflatables.com","description":"Ieg\u0101d\u0101jieties atbilsto\u0161us piederumus, piem\u0113ram, stabilas piep\u016b\u0161amo konstrukciju pamatnes, tie\u0161i tie\u0161saist\u0113 Dodo-Inflatables.com | Sertific\u0113ts saska\u0146\u0101 ar EN14960 | \u0100tra pieg\u0101de!","robots":{"index":"index","follow":"follow","max-snippet":"max-snippet:-1","max-image-preview":"max-image-preview:large","max-video-preview":"max-video-preview:-1"},"canonical":"https:\/\/dodo-inflatables.com\/lv\/product\/zemes-loksne-4-x-5-metri\/","twitter_misc":{"Est. reading time":"1 minute"},"schema":{"@context":"https:\/\/schema.org","@graph":[{"@type":"WebPage","@id":"https:\/\/dodo-inflatables.com\/lv\/product\/zemes-loksne-4-x-5-metri\/","url":"https:\/\/dodo-inflatables.com\/lv\/product\/zemes-loksne-4-x-5-metri\/","name":"Piep\u016b\u0161amo pl\u0101k\u0161\u0146u zemes p\u0101rkl\u0101ju ieg\u0101de | Dodo-Inflatables.com","isPartOf":{"@id":"https:\/\/dodo-inflatables.com\/lv\/#website"},"primaryImageOfPage":{"@id":"https:\/\/dodo-inflatables.com\/lv\/product\/zemes-loksne-4-x-5-metri\/#primaryimage"},"image":{"@id":"https:\/\/dodo-inflatables.com\/lv\/product\/zemes-loksne-4-x-5-metri\/#primaryimage"},"thumbnailUrl":"https:\/\/dodo-inflatables.com\/wp-content\/uploads\/2021\/03\/Ground-Sheet-Bouncy-Castle.png","datePublished":"2017-01-06T19:46:21+00:00","dateModified":"2026-04-25T17:02:09+00:00","description":"Ieg\u0101d\u0101jieties atbilsto\u0161us piederumus, piem\u0113ram, stabilas piep\u016b\u0161amo konstrukciju pamatnes, tie\u0161i tie\u0161saist\u0113 Dodo-Inflatables.com | Sertific\u0113ts saska\u0146\u0101 ar EN14960 | \u0100tra pieg\u0101de!","breadcrumb":{"@id":"https:\/\/dodo-inflatables.com\/lv\/product\/zemes-loksne-4-x-5-metri\/#breadcrumb"},"inLanguage":"lv-LV","potentialAction":[{"@type":"ReadAction","target":["https:\/\/dodo-inflatables.com\/lv\/product\/zemes-loksne-4-x-5-metri\/"]}]},{"@type":"ImageObject","inLanguage":"lv-LV","@id":"https:\/\/dodo-inflatables.com\/lv\/product\/zemes-loksne-4-x-5-metri\/#primaryimage","url":"https:\/\/dodo-inflatables.com\/wp-content\/uploads\/2021\/03\/Ground-Sheet-Bouncy-Castle.png","contentUrl":"https:\/\/dodo-inflatables.com\/wp-content\/uploads\/2021\/03\/Ground-Sheet-Bouncy-Castle.png","width":500,"height":500,"caption":"Apak\u0161kl\u0101jums 8 x 4 m piep\u016b\u0161amajai pilij | Dodo Inflatables"},{"@type":"BreadcrumbList","@id":"https:\/\/dodo-inflatables.com\/lv\/product\/zemes-loksne-4-x-5-metri\/#breadcrumb","itemListElement":[{"@type":"ListItem","position":1,"name":"Home","item":"https:\/\/dodo-inflatables.com\/lv\/"},{"@type":"ListItem","position":2,"name":"Veikals","item":"https:\/\/dodo-inflatables.com\/lv\/veikals\/"},{"@type":"ListItem","position":3,"name":"Zemes loksne 4 x 5 metri"}]},{"@type":"WebSite","@id":"https:\/\/dodo-inflatables.com\/lv\/#website","url":"https:\/\/dodo-inflatables.com\/lv\/","name":"dodo-inflatables.com","description":"Ieg\u0101d\u0101jieties leco\u0161\u0101s pilis un atrakcijas m\u016bsu veikal\u0101.","potentialAction":[{"@type":"SearchAction","target":{"@type":"EntryPoint","urlTemplate":"https:\/\/dodo-inflatables.com\/lv\/?s={search_term_string}"},"query-input":{"@type":"PropertyValueSpecification","valueRequired":true,"valueName":"search_term_string"}}],"inLanguage":"lv-LV"}]}},"uagb_featured_image_src":{"full":["https:\/\/dodo-inflatables.com\/wp-content\/uploads\/2021\/03\/Ground-Sheet-Bouncy-Castle.png",500,500,false],"thumbnail":["https:\/\/dodo-inflatables.com\/wp-content\/uploads\/2021\/03\/Ground-Sheet-Bouncy-Castle-150x150.png",150,150,true],"medium":["https:\/\/dodo-inflatables.com\/wp-content\/uploads\/2021\/03\/Ground-Sheet-Bouncy-Castle-300x300.png",300,300,true],"medium_large":["https:\/\/dodo-inflatables.com\/wp-content\/uploads\/2021\/03\/Ground-Sheet-Bouncy-Castle.png",500,500,false],"large":["https:\/\/dodo-inflatables.com\/wp-content\/uploads\/2021\/03\/Ground-Sheet-Bouncy-Castle.png",500,500,false],"1536x1536":["https:\/\/dodo-inflatables.com\/wp-content\/uploads\/2021\/03\/Ground-Sheet-Bouncy-Castle.png",500,500,false],"2048x2048":["https:\/\/dodo-inflatables.com\/wp-content\/uploads\/2021\/03\/Ground-Sheet-Bouncy-Castle.png",500,500,false],"woocommerce_thumbnail":["https:\/\/dodo-inflatables.com\/wp-content\/uploads\/2021\/03\/Ground-Sheet-Bouncy-Castle.png",500,500,false],"woocommerce_single":["https:\/\/dodo-inflatables.com\/wp-content\/uploads\/2021\/03\/Ground-Sheet-Bouncy-Castle.png",500,500,false],"woocommerce_gallery_thumbnail":["https:\/\/dodo-inflatables.com\/wp-content\/uploads\/2021\/03\/Ground-Sheet-Bouncy-Castle-100x100.png",100,100,true]},"uagb_author_info":{"display_name":"Andreas","author_link":"https:\/\/dodo-inflatables.com\/lv\/author\/"},"uagb_comment_info":0,"uagb_excerpt":"Izm\u0113ri (G x P): ap 4,00 m x 5,00 m Stiprin\u0101juma ausi\u0146as ap 50 cm interv\u0101los PE 260 g\/m\u00b2 \u016adensnecaurlaid\u012bgs, iztur\u012bgs pret laika apst\u0101k\u013ciem un pl\u012b\u0161anu","_links":{"self":[{"href":"https:\/\/dodo-inflatables.com\/lv\/wp-json\/wp\/v2\/product\/13052","targetHints":{"allow":["GET"]}}],"collection":[{"href":"https:\/\/dodo-inflatables.com\/lv\/wp-json\/wp\/v2\/product"}],"about":[{"href":"https:\/\/dodo-inflatables.com\/lv\/wp-json\/wp\/v2\/types\/product"}],"replies":[{"embeddable":true,"href":"https:\/\/dodo-inflatables.com\/lv\/wp-json\/wp\/v2\/comments?post=13052"}],"wp:featuredmedia":[{"embeddable":true,"href":"https:\/\/dodo-inflatables.com\/lv\/wp-json\/wp\/v2\/media\/13053"}],"wp:attachment":[{"href":"https:\/\/dodo-inflatables.com\/lv\/wp-json\/wp\/v2\/media?parent=13052"}],"wp:term":[{"taxonomy":"product_brand","embeddable":true,"href":"https:\/\/dodo-inflatables.com\/lv\/wp-json\/wp\/v2\/product_brand?post=13052"},{"taxonomy":"product_cat","embeddable":true,"href":"https:\/\/dodo-inflatables.com\/lv\/wp-json\/wp\/v2\/product_cat?post=13052"},{"taxonomy":"product_tag","embeddable":true,"href":"https:\/\/dodo-inflatables.com\/lv\/wp-json\/wp\/v2\/product_tag?post=13052"}],"curies":[{"name":"wp","href":"https:\/\/api.w.org\/{rel}","templated":true}]}}