{"id":13636,"date":"2021-08-02T14:58:21","date_gmt":"2021-08-02T12:58:21","guid":{"rendered":"https:\/\/dodo-inflatables.com\/product\/bouncy-pils-udenslidnis-piratu-ballite\/"},"modified":"2026-04-17T10:57:23","modified_gmt":"2026-04-17T08:57:23","slug":"bouncy-pils-udenslidnis-piratu-ballite","status":"publish","type":"product","link":"https:\/\/dodo-inflatables.com\/lv\/product\/bouncy-pils-udenslidnis-piratu-ballite\/","title":{"rendered":"Bouncy pils \u016adensl\u012bdnis Pir\u0101tu ball\u012bte"},"content":{"rendered":"<h2>Nopirkt Piep\u016b\u0161am\u0101s Pir\u0101tu puse \u016adensl\u012bdnis Bouncy pils<\/h2>\n<p>M\u016bsu piep\u016b\u0161amais \u016bdens slidkalni\u0146\u0161 Pir\u0101tu ball\u012bte ir ide\u0101ls modulis mazajiem pir\u0101tiem. Kr\u0101sainais dizains ar pir\u0101tu karogiem un mot\u012bviem rada unik\u0101lu atmosf\u0113ru un veicina piedz\u012bvojumu saj\u016btu. Ar ieb\u016bv\u0113to \u016bdens slidkalni\u0146u un baseinu tas k\u013c\u016bst par katras vasaras ball\u012btes galveno notikumu un nodro\u0161ina atsvaidzino\u0161u atv\u0113sin\u0101jumu karst\u0101s dien\u0101s.<\/p>\n<p>Pir\u0101tu ball\u012btes \u016bdens sl\u012bdkalni\u0146\u0161 Bouncy Castle ir komplekt\u0101 ar piem\u0113rotu transport\u0113\u0161anas maisu, un to var viegli uzst\u0101d\u012bt aptuveni 10 min\u016bt\u0113s. Iepakojum\u0101 ietilpst uzp\u016b\u0161am\u0101 pils, transport\u0113\u0161anas soma un remonta komplekts. L\u016bdzu, \u0146emiet v\u0113r\u0101, ka p\u016bt\u0113js un pamatnes p\u0101rkl\u0101js nav iek\u013cauts komplekt\u0101cij\u0101. Tos var atrast m\u016bsu <a href=\"https:\/\/dodo-inflatables.com\/lv\/product-category\/piedavajumi\/\">piederumu kategorij\u0101<\/a>. Abi pied\u0101v\u0101tie p\u016bt\u0113ji<a href=\"https:\/\/dodo-inflatables.com\/lv\/product\/huawei-putejs-reh-1-5e-15ps\/\">(Huawei<\/a> un <a href=\"https:\/\/dodo-inflatables.com\/lv\/product\/gibbons-putejs-fp5005-15ps\/\">Gibbons<\/a>) ir piem\u0113roti lecamauklai.<\/p>\n<p>Izgatavota no iztur\u012bga PVC brezenta (0,55 mm \/ 621,3 g\/kv.m) un sertific\u0113ta saska\u0146\u0101 ar DIN EN 14960, Pir\u0101tu ball\u012btes \u016bdensslidkalni\u0146\u0161 Bouncy Castle ir kvalitat\u012bvs produkts, kas atbilst augst\u0101kajiem dro\u0161\u012bbas standartiem.<\/p>\n<p>L\u016bdzu, izmantojiet \u0161\u016bpu\u013cd\u0101rzu tikai uz piem\u0113rotas <a href=\"https:\/\/dodo-inflatables.com\/lv\/product\/zemes-loksne-5-x-6-metri\/\">pamatnes,<\/a> lai pasarg\u0101tu to no asiem priek\u0161metiem uz zemes un nodiluma. Lai nodro\u0161in\u0101tu maksim\u0101lu dro\u0161\u012bbu, iesak\u0101m uzst\u0101d\u012bt uzp\u016b\u0161amo pili uz z\u0101liena un nostiprin\u0101t to ar m\u016bsu <a href=\"https:\/\/dodo-inflatables.com\/lv\/product\/zemes-tapas-piepusamo-iericu-stiprinasanai\/\">zemes enkuriem<\/a>. P\u0113c katras lieto\u0161anas reizes lecamauklu vajadz\u0113tu iz\u017e\u0101v\u0113t un pien\u0101c\u012bgi iepakot, lai pasarg\u0101tu to no \u0101r\u0113j\u0101s ietekmes un transporta boj\u0101jumiem.<\/p>\n<h3><strong>Inform\u0101cija par Pir\u0101tu ball\u012bte \u016adensslidkalni\u0146\u0161 Bouncy Castle<\/strong><\/h3>\n<ul>\n<li>Izm\u0113ri (garums x platums x augstums): 4,20 m x 6,00 m x 4,60 m *<\/li>\n<li>Slaida augstums: 1,50 m plus 60 cm gr\u012bdas augstums *<\/li>\n<li>Svars: apm. 130 kg *<\/li>\n<li>Iepakojuma izm\u0113rs: 100 x 100 x 120 cm *<\/li>\n<li>Uzst\u0101d\u012b\u0161anas laiks: 10 min\u016btes<\/li>\n<li>Materi\u0101ls: PVC (0,55 mm \/ 621,3 g\/m2)<\/li>\n<li>2-4 reizes \u0161\u016btas (atkar\u012bb\u0101 no lieto\u0161anas veida)<\/li>\n<li>Ugunsdro\u0161s<\/li>\n<li>Atbilst\u012bbas sertifik\u0101ts saska\u0146\u0101 ar EN 14960<\/li>\n<li>Atsperama virsma ar aizsargjosl\u0101m, r\u0101v\u0113jsl\u0113dz\u0113js ar velcro aizdari, pastiprin\u0101ti st\u016bri.<\/li>\n<\/ul>\n<p>Komplekt\u0101 ietilpst: uzp\u016b\u0161am\u0101 pils, transport\u0113\u0161anas soma un remonta komplekts.<\/p>\n<p>Pir\u0101tu ball\u012btes \u016bdens\u0161\u013c\u016bk\u0161anas pils ir profesion\u0101ls modulis, kas ir ra\u017eots un test\u0113ts saska\u0146\u0101 ar stingraj\u0101m DIN EN 14960 vadl\u012bnij\u0101m, kas noz\u012bm\u0113, ka tas ir dro\u0161s un uzticams. T\u0101p\u0113c Pir\u0101tu ball\u012btes \u016bdens\u0161\u013c\u016bk\u0161anas sl\u012bdkalni\u0146\u0161 Bouncy Castle ir ide\u0101li piem\u0113rots profesion\u0101lai iznom\u0101\u0161anai. L\u016bdzu, \u0146emiet v\u0113r\u0101, ka lecamaukl\u0101 dr\u012bkst atrasties tikai b\u0113rni, bet ne pieaugu\u0161ie!<\/p>\n<p>L\u016bdzu, \u0146emiet v\u0113r\u0101, ka lieto\u0161anas laik\u0101 ventilatoram (nav iek\u013cauts komplekt\u0101) ir j\u0101darbojas nep\u0101rtraukti, un, lai nepie\u013cautu uzp\u016b\u0161am\u0101s pils pl\u012bsumu, caur caurumiem ir nepiecie\u0161ama neliela gaisa izpl\u016bde.<\/p>\n<p>Ieg\u0101d\u0101jieties Pir\u0101tu ball\u012btes \u016bdenssl\u012bde Bouncy Castle jau tagad un piedz\u012bvojiet neaizmirstamus mirk\u013cus, kas pilni jautr\u012bbas un piedz\u012bvojumu!<\/p>\n<p>* Svars un izm\u0113ri ir aptuveni un var nedaudz at\u0161\u0137irties.<\/p>\n","protected":false},"excerpt":{"rendered":"<p><i class=\"fa fa-arrows-alt\"><\/i>  Izm\u0113ri (garums x platums x augstums): 4,20 m x 6,00 m x 4,60 m *<br \/>\n<i class=\"fa fa-child\"><\/i>  Piem\u0113rots aptuveni. 12 b\u0113rni (atkar\u012bb\u0101 no vecuma un lieluma)<br \/>\n<i class=\"fa fa-check\"><\/i>  Profesion\u0101ls modulis &#8211; piem\u0113rots komerci\u0101lai un priv\u0101tai lieto\u0161anai<\/p>\n<p><i class=\"fa fa-square\"><\/i>  PVC (0,55 mm \/ 621,3 g\/m2)<br \/>\n<i class=\"fa fa-align-justify\"><\/i>  2-4 reizes saloc\u012bts (atkar\u012bb\u0101 no slodzes)<br \/>\n<i class=\"fa fa-fire\"><\/i>  Ugunsdro\u0161s<br \/>\n<i class=\"fa fa-certificate\"><\/i>  Sertifik\u0101cija saska\u0146\u0101 ar EN 14960<br \/>\n<i class=\"fas fa-edit\"><\/i>  Tostarp individu\u0101lais s\u0113rijas numurs<\/p>\n","protected":false},"featured_media":50650,"comment_status":"open","ping_status":"closed","template":"","meta":{"_acf_changed":false,"_uag_custom_page_level_css":"","site-sidebar-layout":"default","site-content-layout":"boxed-container","ast-site-content-layout":"normal-width-container","site-content-style":"boxed","site-sidebar-style":"boxed","ast-global-header-display":"","ast-banner-title-visibility":"","ast-main-header-display":"","ast-hfb-above-header-display":"","ast-hfb-below-header-display":"","ast-hfb-mobile-header-display":"","site-post-title":"disabled","ast-breadcrumbs-content":"","ast-featured-img":"","footer-sml-layout":"","ast-disable-related-posts":"","theme-transparent-header-meta":"default","adv-header-id-meta":"","stick-header-meta":"default","header-above-stick-meta":"","header-main-stick-meta":"","header-below-stick-meta":"","astra-migrate-meta-layouts":"default","ast-page-background-enabled":"default","ast-page-background-meta":{"desktop":{"background-color":"var(--ast-global-color-4)","background-image":"","background-repeat":"repeat","background-position":"center center","background-size":"auto","background-attachment":"scroll","background-type":"","background-media":"","overlay-type":"","overlay-color":"","overlay-opacity":"","overlay-gradient":""},"tablet":{"background-color":"","background-image":"","background-repeat":"repeat","background-position":"center center","background-size":"auto","background-attachment":"scroll","background-type":"","background-media":"","overlay-type":"","overlay-color":"","overlay-opacity":"","overlay-gradient":""},"mobile":{"background-color":"","background-image":"","background-repeat":"repeat","background-position":"center center","background-size":"auto","background-attachment":"scroll","background-type":"","background-media":"","overlay-type":"","overlay-color":"","overlay-opacity":"","overlay-gradient":""}},"ast-content-background-meta":{"desktop":{"background-color":"var(--ast-global-color-5)","background-image":"","background-repeat":"repeat","background-position":"center center","background-size":"auto","background-attachment":"scroll","background-type":"","background-media":"","overlay-type":"","overlay-color":"","overlay-opacity":"","overlay-gradient":""},"tablet":{"background-color":"var(--ast-global-color-5)","background-image":"","background-repeat":"repeat","background-position":"center center","background-size":"auto","background-attachment":"scroll","background-type":"","background-media":"","overlay-type":"","overlay-color":"","overlay-opacity":"","overlay-gradient":""},"mobile":{"background-color":"var(--ast-global-color-5)","background-image":"","background-repeat":"repeat","background-position":"center center","background-size":"auto","background-attachment":"scroll","background-type":"","background-media":"","overlay-type":"","overlay-color":"","overlay-opacity":"","overlay-gradient":""}}},"product_brand":[],"product_cat":[6877,6979],"product_tag":[7156],"class_list":{"0":"post-13636","1":"product","2":"type-product","3":"status-publish","4":"has-post-thumbnail","6":"product_cat-visas-piepusamas-pilis","7":"product_cat-piepusamas-pilis-ar-slidkalninu-2","8":"product_tag-geblase-1-5ps","9":"product_shipping_class-spedition-hupfburg-lv","10":"pa_gtin-0664965405937-lv","11":"pa_height-460-m-500-m-3-lv","12":"pa_height-of-the-slide-110-m-150-m-lv","13":"pa_length-410-m-450-m-lv","14":"pa_width-560-m-600-m-lv","15":"desktop-align-center","16":"tablet-align-center","17":"mobile-align-center","18":"ast-product-gallery-layout-horizontal","19":"ast-product-tabs-layout-horizontal","21":"first","22":"onbackorder","23":"taxable","24":"shipping-taxable","25":"purchasable","26":"product-type-simple"},"acf":[],"yoast_head":"<!-- This site is optimized with the Yoast SEO plugin v27.5 - https:\/\/yoast.com\/product\/yoast-seo-wordpress\/ -->\n<title>Piep\u016b\u0161am\u0101 pir\u0101tu ball\u012bte \u016adensslidkalni\u0146\u0161 Bouncy Castle | Dodo-Inflatables.com<\/title>\n<meta name=\"description\" content=\"Pirkt m\u016bsu Pir\u0101tu ball\u012bte \u016adensslidkalni\u0146\u0161 Bouncy Castle tie\u0161saist\u0113 dodo-inflatables.com | Pla\u0161a izv\u0113le noliktav\u0101 | Sertific\u0113ts saska\u0146\u0101 ar EN14960 | \u0100tra pieg\u0101de\" \/>\n<meta name=\"robots\" content=\"index, follow, max-snippet:-1, max-image-preview:large, max-video-preview:-1\" \/>\n<link rel=\"canonical\" href=\"https:\/\/dodo-inflatables.com\/lv\/product\/bouncy-pils-udenslidnis-piratu-ballite\/\" \/>\n<meta name=\"twitter:label1\" content=\"Est. reading time\" \/>\n\t<meta name=\"twitter:data1\" content=\"3 minutes\" \/>\n<script type=\"application\/ld+json\" class=\"yoast-schema-graph\">{\"@context\":\"https:\\\/\\\/schema.org\",\"@graph\":[{\"@type\":\"WebPage\",\"@id\":\"https:\\\/\\\/dodo-inflatables.com\\\/lv\\\/product\\\/bouncy-pils-udenslidnis-piratu-ballite\\\/\",\"url\":\"https:\\\/\\\/dodo-inflatables.com\\\/lv\\\/product\\\/bouncy-pils-udenslidnis-piratu-ballite\\\/\",\"name\":\"Piep\u016b\u0161am\u0101 pir\u0101tu ball\u012bte \u016adensslidkalni\u0146\u0161 Bouncy Castle | Dodo-Inflatables.com\",\"isPartOf\":{\"@id\":\"https:\\\/\\\/dodo-inflatables.com\\\/lv\\\/#website\"},\"primaryImageOfPage\":{\"@id\":\"https:\\\/\\\/dodo-inflatables.com\\\/lv\\\/product\\\/bouncy-pils-udenslidnis-piratu-ballite\\\/#primaryimage\"},\"image\":{\"@id\":\"https:\\\/\\\/dodo-inflatables.com\\\/lv\\\/product\\\/bouncy-pils-udenslidnis-piratu-ballite\\\/#primaryimage\"},\"thumbnailUrl\":\"https:\\\/\\\/dodo-inflatables.com\\\/wp-content\\\/uploads\\\/2021\\\/08\\\/Buy-Inflatable-Bouncy-Castle-Water-Slide-Pirate-Party-1new.jpg\",\"datePublished\":\"2021-08-02T12:58:21+00:00\",\"dateModified\":\"2026-04-17T08:57:23+00:00\",\"description\":\"Pirkt m\u016bsu Pir\u0101tu ball\u012bte \u016adensslidkalni\u0146\u0161 Bouncy Castle tie\u0161saist\u0113 dodo-inflatables.com | Pla\u0161a izv\u0113le noliktav\u0101 | Sertific\u0113ts saska\u0146\u0101 ar EN14960 | \u0100tra pieg\u0101de\",\"breadcrumb\":{\"@id\":\"https:\\\/\\\/dodo-inflatables.com\\\/lv\\\/product\\\/bouncy-pils-udenslidnis-piratu-ballite\\\/#breadcrumb\"},\"inLanguage\":\"lv-LV\",\"potentialAction\":[{\"@type\":\"ReadAction\",\"target\":[\"https:\\\/\\\/dodo-inflatables.com\\\/lv\\\/product\\\/bouncy-pils-udenslidnis-piratu-ballite\\\/\"]}]},{\"@type\":\"ImageObject\",\"inLanguage\":\"lv-LV\",\"@id\":\"https:\\\/\\\/dodo-inflatables.com\\\/lv\\\/product\\\/bouncy-pils-udenslidnis-piratu-ballite\\\/#primaryimage\",\"url\":\"https:\\\/\\\/dodo-inflatables.com\\\/wp-content\\\/uploads\\\/2021\\\/08\\\/Buy-Inflatable-Bouncy-Castle-Water-Slide-Pirate-Party-1new.jpg\",\"contentUrl\":\"https:\\\/\\\/dodo-inflatables.com\\\/wp-content\\\/uploads\\\/2021\\\/08\\\/Buy-Inflatable-Bouncy-Castle-Water-Slide-Pirate-Party-1new.jpg\",\"width\":800,\"height\":800},{\"@type\":\"BreadcrumbList\",\"@id\":\"https:\\\/\\\/dodo-inflatables.com\\\/lv\\\/product\\\/bouncy-pils-udenslidnis-piratu-ballite\\\/#breadcrumb\",\"itemListElement\":[{\"@type\":\"ListItem\",\"position\":1,\"name\":\"Home\",\"item\":\"https:\\\/\\\/dodo-inflatables.com\\\/lv\\\/\"},{\"@type\":\"ListItem\",\"position\":2,\"name\":\"Veikals\",\"item\":\"https:\\\/\\\/dodo-inflatables.com\\\/lv\\\/veikals\\\/\"},{\"@type\":\"ListItem\",\"position\":3,\"name\":\"Bouncy pils \u016adensl\u012bdnis Pir\u0101tu ball\u012bte\"}]},{\"@type\":\"WebSite\",\"@id\":\"https:\\\/\\\/dodo-inflatables.com\\\/lv\\\/#website\",\"url\":\"https:\\\/\\\/dodo-inflatables.com\\\/lv\\\/\",\"name\":\"dodo-inflatables.com\",\"description\":\"Ieg\u0101d\u0101jieties leco\u0161\u0101s pilis un atrakcijas m\u016bsu veikal\u0101.\",\"potentialAction\":[{\"@type\":\"SearchAction\",\"target\":{\"@type\":\"EntryPoint\",\"urlTemplate\":\"https:\\\/\\\/dodo-inflatables.com\\\/lv\\\/?s={search_term_string}\"},\"query-input\":{\"@type\":\"PropertyValueSpecification\",\"valueRequired\":true,\"valueName\":\"search_term_string\"}}],\"inLanguage\":\"lv-LV\"}]}<\/script>\n<!-- \/ Yoast SEO plugin. -->","yoast_head_json":{"title":"Piep\u016b\u0161am\u0101 pir\u0101tu ball\u012bte \u016adensslidkalni\u0146\u0161 Bouncy Castle | Dodo-Inflatables.com","description":"Pirkt m\u016bsu Pir\u0101tu ball\u012bte \u016adensslidkalni\u0146\u0161 Bouncy Castle tie\u0161saist\u0113 dodo-inflatables.com | Pla\u0161a izv\u0113le noliktav\u0101 | Sertific\u0113ts saska\u0146\u0101 ar EN14960 | \u0100tra pieg\u0101de","robots":{"index":"index","follow":"follow","max-snippet":"max-snippet:-1","max-image-preview":"max-image-preview:large","max-video-preview":"max-video-preview:-1"},"canonical":"https:\/\/dodo-inflatables.com\/lv\/product\/bouncy-pils-udenslidnis-piratu-ballite\/","twitter_misc":{"Est. reading time":"3 minutes"},"schema":{"@context":"https:\/\/schema.org","@graph":[{"@type":"WebPage","@id":"https:\/\/dodo-inflatables.com\/lv\/product\/bouncy-pils-udenslidnis-piratu-ballite\/","url":"https:\/\/dodo-inflatables.com\/lv\/product\/bouncy-pils-udenslidnis-piratu-ballite\/","name":"Piep\u016b\u0161am\u0101 pir\u0101tu ball\u012bte \u016adensslidkalni\u0146\u0161 Bouncy Castle | Dodo-Inflatables.com","isPartOf":{"@id":"https:\/\/dodo-inflatables.com\/lv\/#website"},"primaryImageOfPage":{"@id":"https:\/\/dodo-inflatables.com\/lv\/product\/bouncy-pils-udenslidnis-piratu-ballite\/#primaryimage"},"image":{"@id":"https:\/\/dodo-inflatables.com\/lv\/product\/bouncy-pils-udenslidnis-piratu-ballite\/#primaryimage"},"thumbnailUrl":"https:\/\/dodo-inflatables.com\/wp-content\/uploads\/2021\/08\/Buy-Inflatable-Bouncy-Castle-Water-Slide-Pirate-Party-1new.jpg","datePublished":"2021-08-02T12:58:21+00:00","dateModified":"2026-04-17T08:57:23+00:00","description":"Pirkt m\u016bsu Pir\u0101tu ball\u012bte \u016adensslidkalni\u0146\u0161 Bouncy Castle tie\u0161saist\u0113 dodo-inflatables.com | Pla\u0161a izv\u0113le noliktav\u0101 | Sertific\u0113ts saska\u0146\u0101 ar EN14960 | \u0100tra pieg\u0101de","breadcrumb":{"@id":"https:\/\/dodo-inflatables.com\/lv\/product\/bouncy-pils-udenslidnis-piratu-ballite\/#breadcrumb"},"inLanguage":"lv-LV","potentialAction":[{"@type":"ReadAction","target":["https:\/\/dodo-inflatables.com\/lv\/product\/bouncy-pils-udenslidnis-piratu-ballite\/"]}]},{"@type":"ImageObject","inLanguage":"lv-LV","@id":"https:\/\/dodo-inflatables.com\/lv\/product\/bouncy-pils-udenslidnis-piratu-ballite\/#primaryimage","url":"https:\/\/dodo-inflatables.com\/wp-content\/uploads\/2021\/08\/Buy-Inflatable-Bouncy-Castle-Water-Slide-Pirate-Party-1new.jpg","contentUrl":"https:\/\/dodo-inflatables.com\/wp-content\/uploads\/2021\/08\/Buy-Inflatable-Bouncy-Castle-Water-Slide-Pirate-Party-1new.jpg","width":800,"height":800},{"@type":"BreadcrumbList","@id":"https:\/\/dodo-inflatables.com\/lv\/product\/bouncy-pils-udenslidnis-piratu-ballite\/#breadcrumb","itemListElement":[{"@type":"ListItem","position":1,"name":"Home","item":"https:\/\/dodo-inflatables.com\/lv\/"},{"@type":"ListItem","position":2,"name":"Veikals","item":"https:\/\/dodo-inflatables.com\/lv\/veikals\/"},{"@type":"ListItem","position":3,"name":"Bouncy pils \u016adensl\u012bdnis Pir\u0101tu ball\u012bte"}]},{"@type":"WebSite","@id":"https:\/\/dodo-inflatables.com\/lv\/#website","url":"https:\/\/dodo-inflatables.com\/lv\/","name":"dodo-inflatables.com","description":"Ieg\u0101d\u0101jieties leco\u0161\u0101s pilis un atrakcijas m\u016bsu veikal\u0101.","potentialAction":[{"@type":"SearchAction","target":{"@type":"EntryPoint","urlTemplate":"https:\/\/dodo-inflatables.com\/lv\/?s={search_term_string}"},"query-input":{"@type":"PropertyValueSpecification","valueRequired":true,"valueName":"search_term_string"}}],"inLanguage":"lv-LV"}]}},"uagb_featured_image_src":{"full":["https:\/\/dodo-inflatables.com\/wp-content\/uploads\/2021\/08\/Buy-Inflatable-Bouncy-Castle-Water-Slide-Pirate-Party-1new.jpg",800,800,false],"thumbnail":["https:\/\/dodo-inflatables.com\/wp-content\/uploads\/2021\/08\/Buy-Inflatable-Bouncy-Castle-Water-Slide-Pirate-Party-1new-150x150.jpg",150,150,true],"medium":["https:\/\/dodo-inflatables.com\/wp-content\/uploads\/2021\/08\/Buy-Inflatable-Bouncy-Castle-Water-Slide-Pirate-Party-1new-300x300.jpg",300,300,true],"medium_large":["https:\/\/dodo-inflatables.com\/wp-content\/uploads\/2021\/08\/Buy-Inflatable-Bouncy-Castle-Water-Slide-Pirate-Party-1new-768x768.jpg",768,768,true],"large":["https:\/\/dodo-inflatables.com\/wp-content\/uploads\/2021\/08\/Buy-Inflatable-Bouncy-Castle-Water-Slide-Pirate-Party-1new.jpg",800,800,false],"1536x1536":["https:\/\/dodo-inflatables.com\/wp-content\/uploads\/2021\/08\/Buy-Inflatable-Bouncy-Castle-Water-Slide-Pirate-Party-1new.jpg",800,800,false],"2048x2048":["https:\/\/dodo-inflatables.com\/wp-content\/uploads\/2021\/08\/Buy-Inflatable-Bouncy-Castle-Water-Slide-Pirate-Party-1new.jpg",800,800,false],"woocommerce_thumbnail":["https:\/\/dodo-inflatables.com\/wp-content\/uploads\/2021\/08\/Buy-Inflatable-Bouncy-Castle-Water-Slide-Pirate-Party-1new.jpg",800,800,false],"woocommerce_single":["https:\/\/dodo-inflatables.com\/wp-content\/uploads\/2021\/08\/Buy-Inflatable-Bouncy-Castle-Water-Slide-Pirate-Party-1new.jpg",800,800,false],"woocommerce_gallery_thumbnail":["https:\/\/dodo-inflatables.com\/wp-content\/uploads\/2021\/08\/Buy-Inflatable-Bouncy-Castle-Water-Slide-Pirate-Party-1new-100x100.jpg",100,100,true]},"uagb_author_info":{"display_name":"Andreas","author_link":"https:\/\/dodo-inflatables.com\/lv\/author\/"},"uagb_comment_info":0,"uagb_excerpt":"Izm\u0113ri (garums x platums x augstums): 4,20 m x 6,00 m x 4,60 m * Piem\u0113rots aptuveni. 12 b\u0113rni (atkar\u012bb\u0101 no vecuma un lieluma) Profesion\u0101ls modulis - piem\u0113rots komerci\u0101lai un priv\u0101tai lieto\u0161anai PVC (0,55 mm \/ 621,3 g\/m2) 2-4 reizes saloc\u012bts (atkar\u012bb\u0101 no slodzes) Ugunsdro\u0161s Sertifik\u0101cija saska\u0146\u0101 ar EN 14960 Tostarp individu\u0101lais s\u0113rijas numurs","_links":{"self":[{"href":"https:\/\/dodo-inflatables.com\/lv\/wp-json\/wp\/v2\/product\/13636","targetHints":{"allow":["GET"]}}],"collection":[{"href":"https:\/\/dodo-inflatables.com\/lv\/wp-json\/wp\/v2\/product"}],"about":[{"href":"https:\/\/dodo-inflatables.com\/lv\/wp-json\/wp\/v2\/types\/product"}],"replies":[{"embeddable":true,"href":"https:\/\/dodo-inflatables.com\/lv\/wp-json\/wp\/v2\/comments?post=13636"}],"wp:featuredmedia":[{"embeddable":true,"href":"https:\/\/dodo-inflatables.com\/lv\/wp-json\/wp\/v2\/media\/50650"}],"wp:attachment":[{"href":"https:\/\/dodo-inflatables.com\/lv\/wp-json\/wp\/v2\/media?parent=13636"}],"wp:term":[{"taxonomy":"product_brand","embeddable":true,"href":"https:\/\/dodo-inflatables.com\/lv\/wp-json\/wp\/v2\/product_brand?post=13636"},{"taxonomy":"product_cat","embeddable":true,"href":"https:\/\/dodo-inflatables.com\/lv\/wp-json\/wp\/v2\/product_cat?post=13636"},{"taxonomy":"product_tag","embeddable":true,"href":"https:\/\/dodo-inflatables.com\/lv\/wp-json\/wp\/v2\/product_tag?post=13636"}],"curies":[{"name":"wp","href":"https:\/\/api.w.org\/{rel}","templated":true}]}}