{"id":13677,"date":"2021-01-18T12:17:14","date_gmt":"2021-01-18T11:17:14","guid":{"rendered":"https:\/\/dodo-inflatables.com\/product\/piepusama-alpu-majina\/"},"modified":"2024-06-01T18:29:46","modified_gmt":"2024-06-01T16:29:46","slug":"piepusama-alpu-majina","status":"publish","type":"product","link":"https:\/\/dodo-inflatables.com\/lv\/product\/piepusama-alpu-majina\/","title":{"rendered":"Piep\u016b\u0161am\u0101 Alpu m\u0101ji\u0146a"},"content":{"rendered":"<h1>Nopirkt piep\u016b\u0161amo kalnu m\u0101ji\u0146u &#8211; telts \u012bpa\u0161iem gad\u012bjumiem<\/h1>\n<p>\u0160eit mums ir \u013coti \u012bpa\u0161a piep\u016b\u0161am\u0101 telts koka kalnu b\u016bdas dizain\u0101. \u0160\u012b piep\u016b\u0161am\u0101 koka b\u016bda ir ide\u0101li piem\u0113rota pas\u0101kumiem un rekl\u0101mas aktivit\u0101t\u0113m. Piep\u016b\u0161am\u0101 telts tiek past\u0101v\u012bgi apg\u0101d\u0101ta ar gaisu, izmantojot gaisa p\u016bt\u0113ju, t\u0101p\u0113c t\u0101 ir \u013coti stabila. Protams, piep\u016b\u0161amajai teltij ir vair\u0101kas cilpas, lai to p\u0113c iesp\u0113jas lab\u0101k nostiprin\u0101tu pret v\u0113ju. Alpu m\u0101ji\u0146as deta\u013cas ir \u013coti labi p\u0101rdom\u0101tas, piem\u0113ram, durvis var atv\u0113rt un aizv\u0113rt ar r\u0101v\u0113jsl\u0113dz\u0113ju. Jumta jumta skaidas izskat\u0101s pasakaini \u012bstas, un logiem ir no\u0146emami mosk\u012btu t\u012bkli, lai vakaros var\u0113tu atp\u016bsties m\u0101ji\u0146\u0101. Nojumei ir ar\u012b 2 cilpas aug\u0161\u0113j\u0101 zelme\u0146a da\u013c\u0101, kas ir lieliski piem\u0113rotas banera ar v\u0113lamo uzrakstu, logotipu vai dizainu piestiprin\u0101\u0161anai. \u012asta daudzfunkcion\u0101la m\u0101ji\u0146a ar da\u017e\u0101d\u0101m izmanto\u0161anas iesp\u0113j\u0101m! \u0160\u012b piep\u016b\u0161am\u0101 kalnu m\u0101ji\u0146a noteikti piesaist\u012bs j\u016bsu uzman\u012bbu k\u0101 b\u0101ra telts, pas\u0101kumu b\u0101rs, rekl\u0101mas telts vai vienk\u0101r\u0161i k\u0101 pievilc\u012bgs izskats.<\/p>\n<p>Vai v\u0113laties, lai b\u016bda b\u016btu citu izm\u0113ru vai dizaina, piem\u0113ram, k\u0101 \u012bru krogs? Nek\u0101du probl\u0113mu, m\u0113s ar prieku pied\u0101v\u0101sim jums visas iesp\u0113jas.<\/p>\n<p>M\u0113s iesak\u0101m izmantot piep\u016b\u0161amo alp\u012bnisma m\u0101ji\u0146u tikai uz piem\u0113rotiem apak\u0161\u0113jiem brezenta segumiem. Tos var atrast ar\u012b m\u016bsu piederumu kategorij\u0101. M\u0113s parasti iesak\u0101m uzst\u0101d\u012bt piep\u016b\u0161amo svin\u012bbu nami\u0146u uz z\u0101liena. Ar\u012b m\u016bsu zem\u0113juma tapas ir lieliski piem\u0113rotas t\u0101s nostiprin\u0101\u0161anai.<\/p>\n<p>Piep\u016b\u0161am\u0101 koka m\u0101ji\u0146a tiek pieg\u0101d\u0101ta piem\u0113rot\u0101 transport\u0113\u0161anas som\u0101. Lai pasarg\u0101tu piep\u016b\u0161amo m\u0101ji\u0146u no \u0101r\u0113j\u0101m ietekm\u0113m un transport\u0113\u0161anas boj\u0101jumiem, p\u0113c katras lieto\u0161anas reizes m\u0101ji\u0146a ir pareizi j\u0101p\u0101rpako. K\u0101 nomas uz\u0146\u0113mumam jums ir ar\u012b j\u0101pieprasa, lai klients pareizi p\u0101rpako piep\u016b\u0161amo m\u0101ji\u0146u.<\/p>\n<h3>Piep\u016b\u0161am\u0101s alp\u012bnisma m\u0101ji\u0146as deta\u013cas<\/h3>\n<ul>\n<li>Izm\u0113ri (garums x platums x augstums): 6,00 m x 4,00 m x 6,20 m *<\/li>\n<li>Svars: apm. 80 kg *<\/li>\n<li>Iepakojuma izm\u0113rs: 80 x 80 x 110 cm *<\/li>\n<li>Mont\u0101\u017eas laiks: 10 min\u016btes<\/li>\n<li>Materi\u0101ls: PVC (0,55 mm \/ 621,3 g\/m2)<\/li>\n<li>2 &#8211; 4 \u0161uves (atkar\u012bb\u0101 no lieto\u0161anas veida)<\/li>\n<li>Ugunsdro\u0161s<\/li>\n<li>Apstiprin\u0101juma sertifik\u0101ts saska\u0146\u0101 ar EN 14960<\/li>\n<li>Zip ar Velcro v\u0101ku, pastiprin\u0101ti st\u016bri<\/li>\n<\/ul>\n<p>Pieg\u0101des komplekt\u0101cij\u0101 ietilpst: piep\u016b\u0161am\u0101 kalnu m\u0101ji\u0146a, transport\u0113\u0161anas soma un remonta komplekts.<\/p>\n<p>P\u016bt\u0113js un pamatne nav iek\u013cauti komplekt\u0101cij\u0101. Tos var atrast piederumu kategorij\u0101.<\/p>\n<p>Piep\u016b\u0161am\u0101 kalnu m\u0101ji\u0146a ir kvalitat\u012bvs produkts, kas ir ra\u017eots saska\u0146\u0101 ar stingr\u0101m vadl\u012bnij\u0101m atbilsto\u0161i EN 14960. Visas m\u016bsu lecamauklas un piep\u016b\u0161am\u0101s atrakcijas ir profesion\u0101li modu\u013ci, kas piem\u0113roti profesion\u0101lai nomai un izmanto\u0161anai atrakciju parkos, iek\u0161telpu rota\u013cu laukumos un taml\u012bdz\u012bg\u0101s viet\u0101s.<\/p>\n<p>Svar\u012bgi lieto\u0161anas nor\u0101d\u012bjumi<\/p>\n<p>Lieto\u0161anas laik\u0101 ventilatoram (nav iek\u013cauts komplekt\u0101) j\u0101str\u0101d\u0101 nep\u0101rtraukti.<br \/>\nNeliela gaisa nopl\u016bde caur \u0161uvju caurumiem ir norm\u0101la par\u0101d\u012bba.<\/p>\n<p>* Svars un izm\u0113ri ir aptuveni un var nedaudz at\u0161\u0137irties.<\/p>\n","protected":false},"excerpt":{"rendered":"<p><i class=\"fa fa-arrows-alt\"><\/i>  Izm\u0113ri (garums x platums x augstums): 6,00 m x 4,00 m x 6,20 m *<br \/>\n<i class=\"fa fa-check\"><\/i>  Profesion\u0101ls modulis &#8211; piem\u0113rots komerci\u0101lai un priv\u0101tai lieto\u0161anai<\/p>\n<p><i class=\"fa fa-square\"><\/i>  PVC (0,55 mm \/ 621,3 g\/m2)<br \/>\n<i class=\"fa fa-align-justify\"><\/i>  2 &#8211; 4 reizes sa\u0161\u016bti (atkar\u012bb\u0101 no slodzes)<br \/>\n<i class=\"fa fa-fire\"><\/i>  Ugunsdro\u0161s<\/p>\n","protected":false},"featured_media":13681,"comment_status":"open","ping_status":"closed","template":"","meta":{"_acf_changed":false,"_uag_custom_page_level_css":"","site-sidebar-layout":"default","site-content-layout":"boxed-container","ast-site-content-layout":"normal-width-container","site-content-style":"boxed","site-sidebar-style":"boxed","ast-global-header-display":"","ast-banner-title-visibility":"","ast-main-header-display":"","ast-hfb-above-header-display":"","ast-hfb-below-header-display":"","ast-hfb-mobile-header-display":"","site-post-title":"disabled","ast-breadcrumbs-content":"","ast-featured-img":"","footer-sml-layout":"","ast-disable-related-posts":"","theme-transparent-header-meta":"default","adv-header-id-meta":"","stick-header-meta":"default","header-above-stick-meta":"","header-main-stick-meta":"","header-below-stick-meta":"","astra-migrate-meta-layouts":"default","ast-page-background-enabled":"default","ast-page-background-meta":{"desktop":{"background-color":"var(--ast-global-color-4)","background-image":"","background-repeat":"repeat","background-position":"center center","background-size":"auto","background-attachment":"scroll","background-type":"","background-media":"","overlay-type":"","overlay-color":"","overlay-opacity":"","overlay-gradient":""},"tablet":{"background-color":"","background-image":"","background-repeat":"repeat","background-position":"center center","background-size":"auto","background-attachment":"scroll","background-type":"","background-media":"","overlay-type":"","overlay-color":"","overlay-opacity":"","overlay-gradient":""},"mobile":{"background-color":"","background-image":"","background-repeat":"repeat","background-position":"center center","background-size":"auto","background-attachment":"scroll","background-type":"","background-media":"","overlay-type":"","overlay-color":"","overlay-opacity":"","overlay-gradient":""}},"ast-content-background-meta":{"desktop":{"background-color":"var(--ast-global-color-5)","background-image":"","background-repeat":"repeat","background-position":"center center","background-size":"auto","background-attachment":"scroll","background-type":"","background-media":"","overlay-type":"","overlay-color":"","overlay-opacity":"","overlay-gradient":""},"tablet":{"background-color":"var(--ast-global-color-5)","background-image":"","background-repeat":"repeat","background-position":"center center","background-size":"auto","background-attachment":"scroll","background-type":"","background-media":"","overlay-type":"","overlay-color":"","overlay-opacity":"","overlay-gradient":""},"mobile":{"background-color":"var(--ast-global-color-5)","background-image":"","background-repeat":"repeat","background-position":"center center","background-size":"auto","background-attachment":"scroll","background-type":"","background-media":"","overlay-type":"","overlay-color":"","overlay-opacity":"","overlay-gradient":""}}},"product_brand":[],"product_cat":[1287],"product_tag":[],"class_list":{"0":"post-13677","1":"product","2":"type-product","3":"status-publish","4":"has-post-thumbnail","6":"product_cat-atrakcijas","7":"product_shipping_class-spedition-hupfburg-lv","8":"pa_gtin-0669145336636-lv","9":"desktop-align-center","10":"tablet-align-center","11":"mobile-align-center","12":"ast-product-gallery-layout-horizontal","13":"ast-product-tabs-layout-horizontal","15":"first","16":"onbackorder","17":"taxable","18":"shipping-taxable","19":"purchasable","20":"product-type-simple"},"acf":[],"yoast_head":"<!-- This site is optimized with the Yoast SEO plugin v27.5 - https:\/\/yoast.com\/product\/yoast-seo-wordpress\/ -->\n<title>P\u0113rciet piep\u016b\u0161am\u0101s alp\u012bnisma m\u0101ji\u0146as un koka m\u0101ji\u0146as | Dodo-Inflatables.com<\/title>\n<meta name=\"description\" content=\"Ieg\u0101d\u0101jieties m\u016bsu piep\u016b\u0161amo koka nami\u0146u k\u0101 ball\u012b\u0161u telti tie\u0161i tie\u0161saist\u0113 Dodo-Inflatables.com | Daudz mode\u013cu noliktav\u0101 | \u0100tra pieg\u0101de | Lab\u0101k\u0101 kvalit\u0101te\" \/>\n<meta name=\"robots\" content=\"index, follow, max-snippet:-1, max-image-preview:large, max-video-preview:-1\" \/>\n<link rel=\"canonical\" href=\"https:\/\/dodo-inflatables.com\/lv\/product\/piepusama-alpu-majina\/\" \/>\n<meta name=\"twitter:label1\" content=\"Est. reading time\" \/>\n\t<meta name=\"twitter:data1\" content=\"3 minutes\" \/>\n<script type=\"application\/ld+json\" class=\"yoast-schema-graph\">{\"@context\":\"https:\\\/\\\/schema.org\",\"@graph\":[{\"@type\":\"WebPage\",\"@id\":\"https:\\\/\\\/dodo-inflatables.com\\\/lv\\\/product\\\/piepusama-alpu-majina\\\/\",\"url\":\"https:\\\/\\\/dodo-inflatables.com\\\/lv\\\/product\\\/piepusama-alpu-majina\\\/\",\"name\":\"P\u0113rciet piep\u016b\u0161am\u0101s alp\u012bnisma m\u0101ji\u0146as un koka m\u0101ji\u0146as | Dodo-Inflatables.com\",\"isPartOf\":{\"@id\":\"https:\\\/\\\/dodo-inflatables.com\\\/lv\\\/#website\"},\"primaryImageOfPage\":{\"@id\":\"https:\\\/\\\/dodo-inflatables.com\\\/lv\\\/product\\\/piepusama-alpu-majina\\\/#primaryimage\"},\"image\":{\"@id\":\"https:\\\/\\\/dodo-inflatables.com\\\/lv\\\/product\\\/piepusama-alpu-majina\\\/#primaryimage\"},\"thumbnailUrl\":\"https:\\\/\\\/dodo-inflatables.com\\\/wp-content\\\/uploads\\\/2021\\\/01\\\/Aufblasbare-Almhuette-Partyzelt-kaufen_0006_Ebene-3.jpg\",\"datePublished\":\"2021-01-18T11:17:14+00:00\",\"dateModified\":\"2024-06-01T16:29:46+00:00\",\"description\":\"Ieg\u0101d\u0101jieties m\u016bsu piep\u016b\u0161amo koka nami\u0146u k\u0101 ball\u012b\u0161u telti tie\u0161i tie\u0161saist\u0113 Dodo-Inflatables.com | Daudz mode\u013cu noliktav\u0101 | \u0100tra pieg\u0101de | Lab\u0101k\u0101 kvalit\u0101te\",\"breadcrumb\":{\"@id\":\"https:\\\/\\\/dodo-inflatables.com\\\/lv\\\/product\\\/piepusama-alpu-majina\\\/#breadcrumb\"},\"inLanguage\":\"lv-LV\",\"potentialAction\":[{\"@type\":\"ReadAction\",\"target\":[\"https:\\\/\\\/dodo-inflatables.com\\\/lv\\\/product\\\/piepusama-alpu-majina\\\/\"]}]},{\"@type\":\"ImageObject\",\"inLanguage\":\"lv-LV\",\"@id\":\"https:\\\/\\\/dodo-inflatables.com\\\/lv\\\/product\\\/piepusama-alpu-majina\\\/#primaryimage\",\"url\":\"https:\\\/\\\/dodo-inflatables.com\\\/wp-content\\\/uploads\\\/2021\\\/01\\\/Aufblasbare-Almhuette-Partyzelt-kaufen_0006_Ebene-3.jpg\",\"contentUrl\":\"https:\\\/\\\/dodo-inflatables.com\\\/wp-content\\\/uploads\\\/2021\\\/01\\\/Aufblasbare-Almhuette-Partyzelt-kaufen_0006_Ebene-3.jpg\",\"width\":500,\"height\":500},{\"@type\":\"BreadcrumbList\",\"@id\":\"https:\\\/\\\/dodo-inflatables.com\\\/lv\\\/product\\\/piepusama-alpu-majina\\\/#breadcrumb\",\"itemListElement\":[{\"@type\":\"ListItem\",\"position\":1,\"name\":\"Home\",\"item\":\"https:\\\/\\\/dodo-inflatables.com\\\/lv\\\/\"},{\"@type\":\"ListItem\",\"position\":2,\"name\":\"Veikals\",\"item\":\"https:\\\/\\\/dodo-inflatables.com\\\/lv\\\/veikals\\\/\"},{\"@type\":\"ListItem\",\"position\":3,\"name\":\"Piep\u016b\u0161am\u0101 Alpu m\u0101ji\u0146a\"}]},{\"@type\":\"WebSite\",\"@id\":\"https:\\\/\\\/dodo-inflatables.com\\\/lv\\\/#website\",\"url\":\"https:\\\/\\\/dodo-inflatables.com\\\/lv\\\/\",\"name\":\"dodo-inflatables.com\",\"description\":\"Ieg\u0101d\u0101jieties leco\u0161\u0101s pilis un atrakcijas m\u016bsu veikal\u0101.\",\"potentialAction\":[{\"@type\":\"SearchAction\",\"target\":{\"@type\":\"EntryPoint\",\"urlTemplate\":\"https:\\\/\\\/dodo-inflatables.com\\\/lv\\\/?s={search_term_string}\"},\"query-input\":{\"@type\":\"PropertyValueSpecification\",\"valueRequired\":true,\"valueName\":\"search_term_string\"}}],\"inLanguage\":\"lv-LV\"}]}<\/script>\n<!-- \/ Yoast SEO plugin. -->","yoast_head_json":{"title":"P\u0113rciet piep\u016b\u0161am\u0101s alp\u012bnisma m\u0101ji\u0146as un koka m\u0101ji\u0146as | Dodo-Inflatables.com","description":"Ieg\u0101d\u0101jieties m\u016bsu piep\u016b\u0161amo koka nami\u0146u k\u0101 ball\u012b\u0161u telti tie\u0161i tie\u0161saist\u0113 Dodo-Inflatables.com | Daudz mode\u013cu noliktav\u0101 | \u0100tra pieg\u0101de | Lab\u0101k\u0101 kvalit\u0101te","robots":{"index":"index","follow":"follow","max-snippet":"max-snippet:-1","max-image-preview":"max-image-preview:large","max-video-preview":"max-video-preview:-1"},"canonical":"https:\/\/dodo-inflatables.com\/lv\/product\/piepusama-alpu-majina\/","twitter_misc":{"Est. reading time":"3 minutes"},"schema":{"@context":"https:\/\/schema.org","@graph":[{"@type":"WebPage","@id":"https:\/\/dodo-inflatables.com\/lv\/product\/piepusama-alpu-majina\/","url":"https:\/\/dodo-inflatables.com\/lv\/product\/piepusama-alpu-majina\/","name":"P\u0113rciet piep\u016b\u0161am\u0101s alp\u012bnisma m\u0101ji\u0146as un koka m\u0101ji\u0146as | Dodo-Inflatables.com","isPartOf":{"@id":"https:\/\/dodo-inflatables.com\/lv\/#website"},"primaryImageOfPage":{"@id":"https:\/\/dodo-inflatables.com\/lv\/product\/piepusama-alpu-majina\/#primaryimage"},"image":{"@id":"https:\/\/dodo-inflatables.com\/lv\/product\/piepusama-alpu-majina\/#primaryimage"},"thumbnailUrl":"https:\/\/dodo-inflatables.com\/wp-content\/uploads\/2021\/01\/Aufblasbare-Almhuette-Partyzelt-kaufen_0006_Ebene-3.jpg","datePublished":"2021-01-18T11:17:14+00:00","dateModified":"2024-06-01T16:29:46+00:00","description":"Ieg\u0101d\u0101jieties m\u016bsu piep\u016b\u0161amo koka nami\u0146u k\u0101 ball\u012b\u0161u telti tie\u0161i tie\u0161saist\u0113 Dodo-Inflatables.com | Daudz mode\u013cu noliktav\u0101 | \u0100tra pieg\u0101de | Lab\u0101k\u0101 kvalit\u0101te","breadcrumb":{"@id":"https:\/\/dodo-inflatables.com\/lv\/product\/piepusama-alpu-majina\/#breadcrumb"},"inLanguage":"lv-LV","potentialAction":[{"@type":"ReadAction","target":["https:\/\/dodo-inflatables.com\/lv\/product\/piepusama-alpu-majina\/"]}]},{"@type":"ImageObject","inLanguage":"lv-LV","@id":"https:\/\/dodo-inflatables.com\/lv\/product\/piepusama-alpu-majina\/#primaryimage","url":"https:\/\/dodo-inflatables.com\/wp-content\/uploads\/2021\/01\/Aufblasbare-Almhuette-Partyzelt-kaufen_0006_Ebene-3.jpg","contentUrl":"https:\/\/dodo-inflatables.com\/wp-content\/uploads\/2021\/01\/Aufblasbare-Almhuette-Partyzelt-kaufen_0006_Ebene-3.jpg","width":500,"height":500},{"@type":"BreadcrumbList","@id":"https:\/\/dodo-inflatables.com\/lv\/product\/piepusama-alpu-majina\/#breadcrumb","itemListElement":[{"@type":"ListItem","position":1,"name":"Home","item":"https:\/\/dodo-inflatables.com\/lv\/"},{"@type":"ListItem","position":2,"name":"Veikals","item":"https:\/\/dodo-inflatables.com\/lv\/veikals\/"},{"@type":"ListItem","position":3,"name":"Piep\u016b\u0161am\u0101 Alpu m\u0101ji\u0146a"}]},{"@type":"WebSite","@id":"https:\/\/dodo-inflatables.com\/lv\/#website","url":"https:\/\/dodo-inflatables.com\/lv\/","name":"dodo-inflatables.com","description":"Ieg\u0101d\u0101jieties leco\u0161\u0101s pilis un atrakcijas m\u016bsu veikal\u0101.","potentialAction":[{"@type":"SearchAction","target":{"@type":"EntryPoint","urlTemplate":"https:\/\/dodo-inflatables.com\/lv\/?s={search_term_string}"},"query-input":{"@type":"PropertyValueSpecification","valueRequired":true,"valueName":"search_term_string"}}],"inLanguage":"lv-LV"}]}},"uagb_featured_image_src":{"full":["https:\/\/dodo-inflatables.com\/wp-content\/uploads\/2021\/01\/Aufblasbare-Almhuette-Partyzelt-kaufen_0006_Ebene-3.jpg",500,500,false],"thumbnail":["https:\/\/dodo-inflatables.com\/wp-content\/uploads\/2021\/01\/Aufblasbare-Almhuette-Partyzelt-kaufen_0006_Ebene-3-150x150.jpg",150,150,true],"medium":["https:\/\/dodo-inflatables.com\/wp-content\/uploads\/2021\/01\/Aufblasbare-Almhuette-Partyzelt-kaufen_0006_Ebene-3-300x300.jpg",300,300,true],"medium_large":["https:\/\/dodo-inflatables.com\/wp-content\/uploads\/2021\/01\/Aufblasbare-Almhuette-Partyzelt-kaufen_0006_Ebene-3.jpg",500,500,false],"large":["https:\/\/dodo-inflatables.com\/wp-content\/uploads\/2021\/01\/Aufblasbare-Almhuette-Partyzelt-kaufen_0006_Ebene-3.jpg",500,500,false],"1536x1536":["https:\/\/dodo-inflatables.com\/wp-content\/uploads\/2021\/01\/Aufblasbare-Almhuette-Partyzelt-kaufen_0006_Ebene-3.jpg",500,500,false],"2048x2048":["https:\/\/dodo-inflatables.com\/wp-content\/uploads\/2021\/01\/Aufblasbare-Almhuette-Partyzelt-kaufen_0006_Ebene-3.jpg",500,500,false],"woocommerce_thumbnail":["https:\/\/dodo-inflatables.com\/wp-content\/uploads\/2021\/01\/Aufblasbare-Almhuette-Partyzelt-kaufen_0006_Ebene-3.jpg",500,500,false],"woocommerce_single":["https:\/\/dodo-inflatables.com\/wp-content\/uploads\/2021\/01\/Aufblasbare-Almhuette-Partyzelt-kaufen_0006_Ebene-3.jpg",500,500,false],"woocommerce_gallery_thumbnail":["https:\/\/dodo-inflatables.com\/wp-content\/uploads\/2021\/01\/Aufblasbare-Almhuette-Partyzelt-kaufen_0006_Ebene-3-100x100.jpg",100,100,true]},"uagb_author_info":{"display_name":"Andreas","author_link":"https:\/\/dodo-inflatables.com\/lv\/author\/"},"uagb_comment_info":0,"uagb_excerpt":"Izm\u0113ri (garums x platums x augstums): 6,00 m x 4,00 m x 6,20 m * Profesion\u0101ls modulis - piem\u0113rots komerci\u0101lai un priv\u0101tai lieto\u0161anai PVC (0,55 mm \/ 621,3 g\/m2) 2 - 4 reizes sa\u0161\u016bti (atkar\u012bb\u0101 no slodzes) Ugunsdro\u0161s","_links":{"self":[{"href":"https:\/\/dodo-inflatables.com\/lv\/wp-json\/wp\/v2\/product\/13677","targetHints":{"allow":["GET"]}}],"collection":[{"href":"https:\/\/dodo-inflatables.com\/lv\/wp-json\/wp\/v2\/product"}],"about":[{"href":"https:\/\/dodo-inflatables.com\/lv\/wp-json\/wp\/v2\/types\/product"}],"replies":[{"embeddable":true,"href":"https:\/\/dodo-inflatables.com\/lv\/wp-json\/wp\/v2\/comments?post=13677"}],"wp:featuredmedia":[{"embeddable":true,"href":"https:\/\/dodo-inflatables.com\/lv\/wp-json\/wp\/v2\/media\/13681"}],"wp:attachment":[{"href":"https:\/\/dodo-inflatables.com\/lv\/wp-json\/wp\/v2\/media?parent=13677"}],"wp:term":[{"taxonomy":"product_brand","embeddable":true,"href":"https:\/\/dodo-inflatables.com\/lv\/wp-json\/wp\/v2\/product_brand?post=13677"},{"taxonomy":"product_cat","embeddable":true,"href":"https:\/\/dodo-inflatables.com\/lv\/wp-json\/wp\/v2\/product_cat?post=13677"},{"taxonomy":"product_tag","embeddable":true,"href":"https:\/\/dodo-inflatables.com\/lv\/wp-json\/wp\/v2\/product_tag?post=13677"}],"curies":[{"name":"wp","href":"https:\/\/api.w.org\/{rel}","templated":true}]}}