{"id":13728,"date":"2020-12-29T14:57:32","date_gmt":"2020-12-29T13:57:32","guid":{"rendered":"https:\/\/dodo-inflatables.com\/product\/huawei-deflatora-stiprinajums-dubultais\/"},"modified":"2026-04-25T18:33:18","modified_gmt":"2026-04-25T16:33:18","slug":"huawei-deflatora-stiprinajums-dubultais","status":"publish","type":"product","link":"https:\/\/dodo-inflatables.com\/lv\/product\/huawei-deflatora-stiprinajums-dubultais\/","title":{"rendered":"Dubultais deflatora piederums Huawei p\u016bt\u0113jiem"},"content":{"rendered":"<h2>Pirkt dubulto deflatora piederumu Huawei p\u016bt\u0113jiem piep\u016b\u0161amaj\u0101m pil\u012bm<\/h2>\n<p>Dubultais deflatora piederums Huawei p\u016bt\u0113jiem piep\u016b\u0161amaj\u0101m pil\u012bm ir ide\u0101ls papildin\u0101jums nomas uz\u0146\u0113mumiem un operatoriem ar vair\u0101k\u0101m piep\u016b\u0161amaj\u0101m pil\u012bm sav\u0101 invent\u0101r\u0101. Deflators akt\u012bvi izvada gaisu no piep\u016b\u0161am\u0101s pils, padarot salik\u0161anu daudz viegl\u0101ku un \u0101tr\u0101ku.<br \/>\n<strong>\u0100tr\u0101ka salik\u0161ana:<\/strong><br \/>\nDeflators pal\u012bdz izvad\u012bt gaisu no piep\u016b\u0161am\u0101s pils, atst\u0101jot maz\u0101k atliku\u0161\u0101 gaisa iek\u0161pus\u0113. Tas atvieglo piep\u016b\u0161am\u0101s konstrukcijas saloc\u012b\u0161anu kompakt\u0101k\u0101 izm\u0113r\u0101 un \u0101tr\u0101ku sagatavo\u0161anu transport\u0113\u0161anai.<br \/>\n<strong>Praktisks atbalsts nomas uz\u0146\u0113mumiem:<\/strong><br \/>\nPat izmantojot deflatoru, salik\u0161ana nav piln\u012bb\u0101 autom\u0101tiska un piep\u016b\u0161am\u0101s pils loc\u012b\u0161ana joproj\u0101m j\u0101veic ar rok\u0101m. Tom\u0113r, \u012bpa\u0161i str\u0101d\u0101jot ar vair\u0101k\u0101m piep\u016b\u0161amaj\u0101m konstrukcij\u0101m, deflators iev\u0113rojami ietaupa laiku un p\u016bles.<br \/>\n<strong>Pieejamas divas versijas:<\/strong><br \/>\nDeflatora piederums ir pieejams gan \u012bs\u0101, gan gar\u0101 versij\u0101. Kura versija ir lab\u0101ka izv\u0113le, atkar\u012bgs no person\u012bgaj\u0101m v\u0113lm\u0113m un individu\u0101l\u0101 lietot\u0101ja apstr\u0101des vajadz\u012bb\u0101m.<br \/>\n<strong>Viegla lieto\u0161ana:<\/strong><br \/>\nIde\u0101l\u0101 gad\u012bjum\u0101 deflators j\u0101ievieto piep\u016b\u0161am\u0101s pils s\u0101nu atver\u0113. Vis\u0101m p\u0101r\u0113j\u0101m gaisa izej\u0101m lieto\u0161anas laik\u0101 j\u0101paliek sl\u0113gt\u0101m, lai minimiz\u0113tu \u0101r\u0113j\u0101 gaisa iepl\u016b\u0161anu un uzlabotu efektivit\u0101ti.<\/p>\n","protected":false},"excerpt":{"rendered":"<ul>\n<li>Piem\u0113rots Huawei p\u016bt\u0113jam REH-1.5E &#8211; 1.5 HP un Huawei p\u016bt\u0113jam REH-2E &#8211; 2 HP<\/li>\n<li>Piem\u0113rots vis\u0101m pied\u0101v\u0101jum\u0101 eso\u0161aj\u0101m piep\u016b\u0161amaj\u0101m pil\u012bm un pas\u0101kumu modu\u013ciem<\/li>\n<li>Viegla lieto\u0161ana \u2013 ide\u0101li gaisa izvad\u012b\u0161anai<\/li>\n<\/ul>\n","protected":false},"featured_media":13729,"comment_status":"open","ping_status":"closed","template":"","meta":{"_acf_changed":false,"_uag_custom_page_level_css":"","site-sidebar-layout":"default","site-content-layout":"boxed-container","ast-site-content-layout":"normal-width-container","site-content-style":"boxed","site-sidebar-style":"boxed","ast-global-header-display":"","ast-banner-title-visibility":"","ast-main-header-display":"","ast-hfb-above-header-display":"","ast-hfb-below-header-display":"","ast-hfb-mobile-header-display":"","site-post-title":"disabled","ast-breadcrumbs-content":"","ast-featured-img":"","footer-sml-layout":"","ast-disable-related-posts":"","theme-transparent-header-meta":"default","adv-header-id-meta":"","stick-header-meta":"default","header-above-stick-meta":"","header-main-stick-meta":"","header-below-stick-meta":"","astra-migrate-meta-layouts":"default","ast-page-background-enabled":"default","ast-page-background-meta":{"desktop":{"background-color":"var(--ast-global-color-4)","background-image":"","background-repeat":"repeat","background-position":"center center","background-size":"auto","background-attachment":"scroll","background-type":"","background-media":"","overlay-type":"","overlay-color":"","overlay-opacity":"","overlay-gradient":""},"tablet":{"background-color":"","background-image":"","background-repeat":"repeat","background-position":"center center","background-size":"auto","background-attachment":"scroll","background-type":"","background-media":"","overlay-type":"","overlay-color":"","overlay-opacity":"","overlay-gradient":""},"mobile":{"background-color":"","background-image":"","background-repeat":"repeat","background-position":"center center","background-size":"auto","background-attachment":"scroll","background-type":"","background-media":"","overlay-type":"","overlay-color":"","overlay-opacity":"","overlay-gradient":""}},"ast-content-background-meta":{"desktop":{"background-color":"var(--ast-global-color-5)","background-image":"","background-repeat":"repeat","background-position":"center center","background-size":"auto","background-attachment":"scroll","background-type":"","background-media":"","overlay-type":"","overlay-color":"","overlay-opacity":"","overlay-gradient":""},"tablet":{"background-color":"var(--ast-global-color-5)","background-image":"","background-repeat":"repeat","background-position":"center center","background-size":"auto","background-attachment":"scroll","background-type":"","background-media":"","overlay-type":"","overlay-color":"","overlay-opacity":"","overlay-gradient":""},"mobile":{"background-color":"var(--ast-global-color-5)","background-image":"","background-repeat":"repeat","background-position":"center center","background-size":"auto","background-attachment":"scroll","background-type":"","background-media":"","overlay-type":"","overlay-color":"","overlay-opacity":"","overlay-gradient":""}}},"product_brand":[],"product_cat":[1154],"product_tag":[],"class_list":{"0":"post-13728","1":"product","2":"type-product","3":"status-publish","4":"has-post-thumbnail","6":"product_cat-piedavajumi","7":"product_shipping_class-zubehor-lv","8":"pa_gtin-0669145333994-lv","9":"desktop-align-center","10":"tablet-align-center","11":"mobile-align-center","12":"ast-product-gallery-layout-horizontal","13":"ast-product-tabs-layout-horizontal","15":"first","16":"instock","17":"taxable","18":"shipping-taxable","19":"purchasable","20":"product-type-simple"},"acf":[],"yoast_head":"<!-- This site is optimized with the Yoast SEO plugin v27.4 - https:\/\/yoast.com\/product\/yoast-seo-wordpress\/ -->\n<title>Pirkt deflatoru Huawei p\u016bt\u0113jiem | Dodo-Inflatables.com<\/title>\n<meta name=\"description\" content=\"Nopirkt deflatoru Huawei piep\u016b\u0161amajiem p\u016bt\u0113jiem REH-1.5E - 1.5HP at Dodo-Inflatables.com | God\u012bgas cenas | Vienm\u0113r noliktav\u0101 | \u0100tra pieg\u0101de!\" \/>\n<meta name=\"robots\" content=\"index, follow, max-snippet:-1, max-image-preview:large, max-video-preview:-1\" \/>\n<link rel=\"canonical\" href=\"https:\/\/dodo-inflatables.com\/lv\/product\/huawei-deflatora-stiprinajums-dubultais\/\" \/>\n<meta name=\"twitter:label1\" content=\"Est. reading time\" \/>\n\t<meta name=\"twitter:data1\" content=\"1 minute\" \/>\n<script type=\"application\/ld+json\" class=\"yoast-schema-graph\">{\"@context\":\"https:\\\/\\\/schema.org\",\"@graph\":[{\"@type\":\"WebPage\",\"@id\":\"https:\\\/\\\/dodo-inflatables.com\\\/lv\\\/product\\\/huawei-deflatora-stiprinajums-dubultais\\\/\",\"url\":\"https:\\\/\\\/dodo-inflatables.com\\\/lv\\\/product\\\/huawei-deflatora-stiprinajums-dubultais\\\/\",\"name\":\"Pirkt deflatoru Huawei p\u016bt\u0113jiem | Dodo-Inflatables.com\",\"isPartOf\":{\"@id\":\"https:\\\/\\\/dodo-inflatables.com\\\/lv\\\/#website\"},\"primaryImageOfPage\":{\"@id\":\"https:\\\/\\\/dodo-inflatables.com\\\/lv\\\/product\\\/huawei-deflatora-stiprinajums-dubultais\\\/#primaryimage\"},\"image\":{\"@id\":\"https:\\\/\\\/dodo-inflatables.com\\\/lv\\\/product\\\/huawei-deflatora-stiprinajums-dubultais\\\/#primaryimage\"},\"thumbnailUrl\":\"https:\\\/\\\/dodo-inflatables.com\\\/wp-content\\\/uploads\\\/2020\\\/12\\\/Hupfburg-Geblase-Huawei-kaufen_0001_Long-Deflator-B1.jpg\",\"datePublished\":\"2020-12-29T13:57:32+00:00\",\"dateModified\":\"2026-04-25T16:33:18+00:00\",\"description\":\"Nopirkt deflatoru Huawei piep\u016b\u0161amajiem p\u016bt\u0113jiem REH-1.5E - 1.5HP at Dodo-Inflatables.com | God\u012bgas cenas | Vienm\u0113r noliktav\u0101 | \u0100tra pieg\u0101de!\",\"breadcrumb\":{\"@id\":\"https:\\\/\\\/dodo-inflatables.com\\\/lv\\\/product\\\/huawei-deflatora-stiprinajums-dubultais\\\/#breadcrumb\"},\"inLanguage\":\"lv-LV\",\"potentialAction\":[{\"@type\":\"ReadAction\",\"target\":[\"https:\\\/\\\/dodo-inflatables.com\\\/lv\\\/product\\\/huawei-deflatora-stiprinajums-dubultais\\\/\"]}]},{\"@type\":\"ImageObject\",\"inLanguage\":\"lv-LV\",\"@id\":\"https:\\\/\\\/dodo-inflatables.com\\\/lv\\\/product\\\/huawei-deflatora-stiprinajums-dubultais\\\/#primaryimage\",\"url\":\"https:\\\/\\\/dodo-inflatables.com\\\/wp-content\\\/uploads\\\/2020\\\/12\\\/Hupfburg-Geblase-Huawei-kaufen_0001_Long-Deflator-B1.jpg\",\"contentUrl\":\"https:\\\/\\\/dodo-inflatables.com\\\/wp-content\\\/uploads\\\/2020\\\/12\\\/Hupfburg-Geblase-Huawei-kaufen_0001_Long-Deflator-B1.jpg\",\"width\":500,\"height\":500,\"caption\":\"Dubultais deflatora piederums Huawei p\u016bt\u0113jiem | Dodo Inflatables\"},{\"@type\":\"BreadcrumbList\",\"@id\":\"https:\\\/\\\/dodo-inflatables.com\\\/lv\\\/product\\\/huawei-deflatora-stiprinajums-dubultais\\\/#breadcrumb\",\"itemListElement\":[{\"@type\":\"ListItem\",\"position\":1,\"name\":\"Home\",\"item\":\"https:\\\/\\\/dodo-inflatables.com\\\/lv\\\/\"},{\"@type\":\"ListItem\",\"position\":2,\"name\":\"Veikals\",\"item\":\"https:\\\/\\\/dodo-inflatables.com\\\/lv\\\/veikals\\\/\"},{\"@type\":\"ListItem\",\"position\":3,\"name\":\"Huawei deflatora stiprin\u0101jums &#8211; dubultais\"}]},{\"@type\":\"WebSite\",\"@id\":\"https:\\\/\\\/dodo-inflatables.com\\\/lv\\\/#website\",\"url\":\"https:\\\/\\\/dodo-inflatables.com\\\/lv\\\/\",\"name\":\"dodo-inflatables.com\",\"description\":\"Ieg\u0101d\u0101jieties leco\u0161\u0101s pilis un atrakcijas m\u016bsu veikal\u0101.\",\"potentialAction\":[{\"@type\":\"SearchAction\",\"target\":{\"@type\":\"EntryPoint\",\"urlTemplate\":\"https:\\\/\\\/dodo-inflatables.com\\\/lv\\\/?s={search_term_string}\"},\"query-input\":{\"@type\":\"PropertyValueSpecification\",\"valueRequired\":true,\"valueName\":\"search_term_string\"}}],\"inLanguage\":\"lv-LV\"}]}<\/script>\n<!-- \/ Yoast SEO plugin. -->","yoast_head_json":{"title":"Pirkt deflatoru Huawei p\u016bt\u0113jiem | Dodo-Inflatables.com","description":"Nopirkt deflatoru Huawei piep\u016b\u0161amajiem p\u016bt\u0113jiem REH-1.5E - 1.5HP at Dodo-Inflatables.com | God\u012bgas cenas | Vienm\u0113r noliktav\u0101 | \u0100tra pieg\u0101de!","robots":{"index":"index","follow":"follow","max-snippet":"max-snippet:-1","max-image-preview":"max-image-preview:large","max-video-preview":"max-video-preview:-1"},"canonical":"https:\/\/dodo-inflatables.com\/lv\/product\/huawei-deflatora-stiprinajums-dubultais\/","twitter_misc":{"Est. reading time":"1 minute"},"schema":{"@context":"https:\/\/schema.org","@graph":[{"@type":"WebPage","@id":"https:\/\/dodo-inflatables.com\/lv\/product\/huawei-deflatora-stiprinajums-dubultais\/","url":"https:\/\/dodo-inflatables.com\/lv\/product\/huawei-deflatora-stiprinajums-dubultais\/","name":"Pirkt deflatoru Huawei p\u016bt\u0113jiem | Dodo-Inflatables.com","isPartOf":{"@id":"https:\/\/dodo-inflatables.com\/lv\/#website"},"primaryImageOfPage":{"@id":"https:\/\/dodo-inflatables.com\/lv\/product\/huawei-deflatora-stiprinajums-dubultais\/#primaryimage"},"image":{"@id":"https:\/\/dodo-inflatables.com\/lv\/product\/huawei-deflatora-stiprinajums-dubultais\/#primaryimage"},"thumbnailUrl":"https:\/\/dodo-inflatables.com\/wp-content\/uploads\/2020\/12\/Hupfburg-Geblase-Huawei-kaufen_0001_Long-Deflator-B1.jpg","datePublished":"2020-12-29T13:57:32+00:00","dateModified":"2026-04-25T16:33:18+00:00","description":"Nopirkt deflatoru Huawei piep\u016b\u0161amajiem p\u016bt\u0113jiem REH-1.5E - 1.5HP at Dodo-Inflatables.com | God\u012bgas cenas | Vienm\u0113r noliktav\u0101 | \u0100tra pieg\u0101de!","breadcrumb":{"@id":"https:\/\/dodo-inflatables.com\/lv\/product\/huawei-deflatora-stiprinajums-dubultais\/#breadcrumb"},"inLanguage":"lv-LV","potentialAction":[{"@type":"ReadAction","target":["https:\/\/dodo-inflatables.com\/lv\/product\/huawei-deflatora-stiprinajums-dubultais\/"]}]},{"@type":"ImageObject","inLanguage":"lv-LV","@id":"https:\/\/dodo-inflatables.com\/lv\/product\/huawei-deflatora-stiprinajums-dubultais\/#primaryimage","url":"https:\/\/dodo-inflatables.com\/wp-content\/uploads\/2020\/12\/Hupfburg-Geblase-Huawei-kaufen_0001_Long-Deflator-B1.jpg","contentUrl":"https:\/\/dodo-inflatables.com\/wp-content\/uploads\/2020\/12\/Hupfburg-Geblase-Huawei-kaufen_0001_Long-Deflator-B1.jpg","width":500,"height":500,"caption":"Dubultais deflatora piederums Huawei p\u016bt\u0113jiem | Dodo Inflatables"},{"@type":"BreadcrumbList","@id":"https:\/\/dodo-inflatables.com\/lv\/product\/huawei-deflatora-stiprinajums-dubultais\/#breadcrumb","itemListElement":[{"@type":"ListItem","position":1,"name":"Home","item":"https:\/\/dodo-inflatables.com\/lv\/"},{"@type":"ListItem","position":2,"name":"Veikals","item":"https:\/\/dodo-inflatables.com\/lv\/veikals\/"},{"@type":"ListItem","position":3,"name":"Huawei deflatora stiprin\u0101jums &#8211; dubultais"}]},{"@type":"WebSite","@id":"https:\/\/dodo-inflatables.com\/lv\/#website","url":"https:\/\/dodo-inflatables.com\/lv\/","name":"dodo-inflatables.com","description":"Ieg\u0101d\u0101jieties leco\u0161\u0101s pilis un atrakcijas m\u016bsu veikal\u0101.","potentialAction":[{"@type":"SearchAction","target":{"@type":"EntryPoint","urlTemplate":"https:\/\/dodo-inflatables.com\/lv\/?s={search_term_string}"},"query-input":{"@type":"PropertyValueSpecification","valueRequired":true,"valueName":"search_term_string"}}],"inLanguage":"lv-LV"}]}},"uagb_featured_image_src":{"full":["https:\/\/dodo-inflatables.com\/wp-content\/uploads\/2020\/12\/Hupfburg-Geblase-Huawei-kaufen_0001_Long-Deflator-B1.jpg",500,500,false],"thumbnail":["https:\/\/dodo-inflatables.com\/wp-content\/uploads\/2020\/12\/Hupfburg-Geblase-Huawei-kaufen_0001_Long-Deflator-B1-150x150.jpg",150,150,true],"medium":["https:\/\/dodo-inflatables.com\/wp-content\/uploads\/2020\/12\/Hupfburg-Geblase-Huawei-kaufen_0001_Long-Deflator-B1-300x300.jpg",300,300,true],"medium_large":["https:\/\/dodo-inflatables.com\/wp-content\/uploads\/2020\/12\/Hupfburg-Geblase-Huawei-kaufen_0001_Long-Deflator-B1.jpg",500,500,false],"large":["https:\/\/dodo-inflatables.com\/wp-content\/uploads\/2020\/12\/Hupfburg-Geblase-Huawei-kaufen_0001_Long-Deflator-B1.jpg",500,500,false],"1536x1536":["https:\/\/dodo-inflatables.com\/wp-content\/uploads\/2020\/12\/Hupfburg-Geblase-Huawei-kaufen_0001_Long-Deflator-B1.jpg",500,500,false],"2048x2048":["https:\/\/dodo-inflatables.com\/wp-content\/uploads\/2020\/12\/Hupfburg-Geblase-Huawei-kaufen_0001_Long-Deflator-B1.jpg",500,500,false],"woocommerce_thumbnail":["https:\/\/dodo-inflatables.com\/wp-content\/uploads\/2020\/12\/Hupfburg-Geblase-Huawei-kaufen_0001_Long-Deflator-B1.jpg",500,500,false],"woocommerce_single":["https:\/\/dodo-inflatables.com\/wp-content\/uploads\/2020\/12\/Hupfburg-Geblase-Huawei-kaufen_0001_Long-Deflator-B1.jpg",500,500,false],"woocommerce_gallery_thumbnail":["https:\/\/dodo-inflatables.com\/wp-content\/uploads\/2020\/12\/Hupfburg-Geblase-Huawei-kaufen_0001_Long-Deflator-B1-100x100.jpg",100,100,true]},"uagb_author_info":{"display_name":"Andreas","author_link":"https:\/\/dodo-inflatables.com\/lv\/author\/"},"uagb_comment_info":0,"uagb_excerpt":"Piem\u0113rots Huawei p\u016bt\u0113jam REH-1.5E - 1.5 HP un Huawei p\u016bt\u0113jam REH-2E - 2 HP Piem\u0113rots vis\u0101m pied\u0101v\u0101jum\u0101 eso\u0161aj\u0101m piep\u016b\u0161amaj\u0101m pil\u012bm un pas\u0101kumu modu\u013ciem Viegla lieto\u0161ana \u2013 ide\u0101li gaisa izvad\u012b\u0161anai","_links":{"self":[{"href":"https:\/\/dodo-inflatables.com\/lv\/wp-json\/wp\/v2\/product\/13728","targetHints":{"allow":["GET"]}}],"collection":[{"href":"https:\/\/dodo-inflatables.com\/lv\/wp-json\/wp\/v2\/product"}],"about":[{"href":"https:\/\/dodo-inflatables.com\/lv\/wp-json\/wp\/v2\/types\/product"}],"replies":[{"embeddable":true,"href":"https:\/\/dodo-inflatables.com\/lv\/wp-json\/wp\/v2\/comments?post=13728"}],"wp:featuredmedia":[{"embeddable":true,"href":"https:\/\/dodo-inflatables.com\/lv\/wp-json\/wp\/v2\/media\/13729"}],"wp:attachment":[{"href":"https:\/\/dodo-inflatables.com\/lv\/wp-json\/wp\/v2\/media?parent=13728"}],"wp:term":[{"taxonomy":"product_brand","embeddable":true,"href":"https:\/\/dodo-inflatables.com\/lv\/wp-json\/wp\/v2\/product_brand?post=13728"},{"taxonomy":"product_cat","embeddable":true,"href":"https:\/\/dodo-inflatables.com\/lv\/wp-json\/wp\/v2\/product_cat?post=13728"},{"taxonomy":"product_tag","embeddable":true,"href":"https:\/\/dodo-inflatables.com\/lv\/wp-json\/wp\/v2\/product_tag?post=13728"}],"curies":[{"name":"wp","href":"https:\/\/api.w.org\/{rel}","templated":true}]}}